{"id":213976,"date":"2026-04-08T23:38:57","date_gmt":"2026-04-09T05:38:57","guid":{"rendered":"https:\/\/compuviper.mx\/tienda\/producto\/tripp-lite-m102-01m-wh-cable-usb-cable-de-sincronizacin-y-carga-usb-c-a-lightning-m-m-certificado-mfi-blanco-1-m-3-3-pies\/"},"modified":"2026-04-08T23:38:57","modified_gmt":"2026-04-09T05:38:57","slug":"tripp-lite-m102-01m-wh-cable-usb-cable-de-sincronizacin-y-carga-usb-c-a-lightning-m-m-certificado-mfi-blanco-1-m-3-3-pies","status":"publish","type":"product","link":"https:\/\/compuviper.mx\/tienda\/producto\/tripp-lite-m102-01m-wh-cable-usb-cable-de-sincronizacin-y-carga-usb-c-a-lightning-m-m-certificado-mfi-blanco-1-m-3-3-pies\/","title":{"rendered":"Tripp-lite M102-01m-wh Cable Usb   Cable De Sincronizaci?n Y Carga Usb C A Lightning (m\/m), Certificado Mfi, Blanco, 1 M [3.3 Pies]"},"content":{"rendered":"<table class=\"descripcion\">\n<tr>\n<td>Cable usb tripp-lite lightning \/ usb conecta su iphone, ipad o ipod apple al puerto usb c en su macbook, chromebook o cargador de pared o coche.<\/td>\n<\/tr>\n<tr>\n<td>    certificado mfi para amplia compatibilidad con su iphone, ipad o ipod apple<\/td>\n<\/tr>\n<tr>\n<td>    soporta velocidades usb 2.0 de hasta 480 mbps para garantizar transferencias confiables de datos<\/td>\n<\/tr>\n<tr>\n<td>    conector lightning c94 compatible con el adaptador de corriente usb c de apple de 18w<\/td>\n<\/tr>\n<tr>\n<td>    la liberaci\u00f3n integral de la tensi\u00f3n ayuda al cable a moverse libremente sin tensi\u00f3n o agrietamiento<\/td>\n<\/tr>\n<tr>\n<td>    las clavijas reversibles se conectan en cualquier direcci\u00f3n para su uso inmediato sin complicaciones<\/td>\n<\/tr>\n<tr>\n<td>    garant\u00eda limitada por 2 a\u00f1os<\/td>\n<\/tr>\n<\/table>\n","protected":false},"excerpt":{"rendered":"<p>El cable usb c carga y sincroniza su iphone, ipad y ipod de \u00faltima generaci\u00f3n. Este cable usb c de sincronizaci\u00f3n y carga (m\/m) conecta su iphone, ipad o ipod al puerto usb c en una computadora, macbook, chromebook, ultrabook, cargador de autom\u00f3vil o cargador de pared. Le permite cargar y alimentar su dispositivo apple, mientras sincroniza y transfiere fotos, mp3 y otros archivos importantes simult\u00e1neamente a velocidades de transferencia de datos de usb 2.0 hasta 480 mbps. Este cable es compatible con las generaciones anteriores de usb, lo que permite utilizarlo con equipos m\u00e1s antiguos.   Garant\u00eda limitada por 2 a\u00f1os<\/p>\n","protected":false},"featured_media":213977,"comment_status":"open","ping_status":"open","template":"","meta":[],"product_cat":[1605,1549],"product_tag":[1510],"acf":[],"yoast_head":"<!-- This site is optimized with the Yoast SEO plugin v21.7 - https:\/\/yoast.com\/wordpress\/plugins\/seo\/ -->\n<title>[ Tripp-lite ] &#129351; M102-01m-wh Cable Usb Cable De Sincronizaci\u00f3n Y Carga Usb C A Lightning (m\/m), Certificado Mfi, Blanco, 1 M [3.3 Pies]<\/title>\n<meta name=\"description\" content=\"Compra M102-01m-wh Cable Usb Cable De Sincronizaci\u00f3n Y Carga Usb C A Lightning (m\/m), Certificado Mfi, Blanco, 1 M [3.3 Pies] + Env\u00edo a domicilio + Pago seguro + Garant\u00eda\" \/>\n<meta name=\"robots\" content=\"index, follow, max-snippet:-1, max-image-preview:large, max-video-preview:-1\" \/>\n<link rel=\"canonical\" href=\"https:\/\/compuviper.mx\/tienda\/producto\/tripp-lite-m102-01m-wh-cable-usb-cable-de-sincronizacin-y-carga-usb-c-a-lightning-m-m-certificado-mfi-blanco-1-m-3-3-pies\/\" \/>\n<meta property=\"og:locale\" content=\"es_MX\" \/>\n<meta property=\"og:type\" content=\"article\" \/>\n<meta property=\"og:title\" content=\"[ Tripp-lite ] &#129351; M102-01m-wh Cable Usb Cable De Sincronizaci\u00f3n Y Carga Usb C A Lightning (m\/m), Certificado Mfi, Blanco, 1 M [3.3 Pies]\" \/>\n<meta property=\"og:description\" content=\"Compra M102-01m-wh Cable Usb Cable De Sincronizaci\u00f3n Y Carga Usb C A Lightning (m\/m), Certificado Mfi, Blanco, 1 M [3.3 Pies] + Env\u00edo a domicilio + Pago seguro + Garant\u00eda\" \/>\n<meta property=\"og:url\" content=\"https:\/\/compuviper.mx\/tienda\/producto\/tripp-lite-m102-01m-wh-cable-usb-cable-de-sincronizacin-y-carga-usb-c-a-lightning-m-m-certificado-mfi-blanco-1-m-3-3-pies\/\" \/>\n<meta property=\"og:site_name\" content=\"Compuviper\" \/>\n<meta property=\"article:publisher\" content=\"https:\/\/www.facebook.com\/compuviper\" \/>\n<meta property=\"og:image\" content=\"https:\/\/compuviper.mx\/tienda\/wp-content\/uploads\/2023\/12\/Cable-usb-tripp-lite-m102-01m-wh-cable-de-sincronizacion-y-carga-usb-c-a-lightning-mm-certificado-mfi-blanco-1-m-3.3-pies.jpg\" \/>\n\t<meta property=\"og:image:width\" content=\"200\" \/>\n\t<meta property=\"og:image:height\" content=\"200\" \/>\n\t<meta property=\"og:image:type\" content=\"image\/jpeg\" \/>\n<meta name=\"twitter:card\" content=\"summary_large_image\" \/>\n<meta name=\"twitter:label1\" content=\"Precio\" \/>\n\t<meta name=\"twitter:data1\" content=\"&#36;278 con IVA\" \/>\n\t<meta name=\"twitter:label2\" content=\"Availability\" \/>\n\t<meta name=\"twitter:data2\" content=\"On backorder\" \/>\n<script type=\"application\/ld+json\" class=\"yoast-schema-graph\">{\"@context\":\"https:\/\/schema.org\",\"@graph\":[{\"@type\":\"WebPage\",\"@id\":\"https:\/\/compuviper.mx\/tienda\/producto\/tripp-lite-m102-01m-wh-cable-usb-cable-de-sincronizacin-y-carga-usb-c-a-lightning-m-m-certificado-mfi-blanco-1-m-3-3-pies\/\",\"url\":\"https:\/\/compuviper.mx\/tienda\/producto\/tripp-lite-m102-01m-wh-cable-usb-cable-de-sincronizacin-y-carga-usb-c-a-lightning-m-m-certificado-mfi-blanco-1-m-3-3-pies\/\",\"name\":\"[ Tripp-lite ] &#129351; M102-01m-wh Cable Usb Cable De Sincronizaci\u00f3n Y Carga Usb C A Lightning (m\/m), Certificado Mfi, Blanco, 1 M [3.3 Pies]\",\"isPartOf\":{\"@id\":\"https:\/\/compuviper.mx\/tienda\/#website\"},\"datePublished\":\"2026-04-09T05:38:57+00:00\",\"dateModified\":\"2026-04-09T05:38:57+00:00\",\"description\":\"Compra M102-01m-wh Cable Usb Cable De Sincronizaci\u00f3n Y Carga Usb C A Lightning (m\/m), Certificado Mfi, Blanco, 1 M [3.3 Pies] + Env\u00edo a domicilio + Pago seguro + Garant\u00eda\",\"breadcrumb\":{\"@id\":\"https:\/\/compuviper.mx\/tienda\/producto\/tripp-lite-m102-01m-wh-cable-usb-cable-de-sincronizacin-y-carga-usb-c-a-lightning-m-m-certificado-mfi-blanco-1-m-3-3-pies\/#breadcrumb\"},\"inLanguage\":\"es-MX\",\"potentialAction\":[{\"@type\":\"ReadAction\",\"target\":[\"https:\/\/compuviper.mx\/tienda\/producto\/tripp-lite-m102-01m-wh-cable-usb-cable-de-sincronizacin-y-carga-usb-c-a-lightning-m-m-certificado-mfi-blanco-1-m-3-3-pies\/\"]}]},{\"@type\":\"BreadcrumbList\",\"@id\":\"https:\/\/compuviper.mx\/tienda\/producto\/tripp-lite-m102-01m-wh-cable-usb-cable-de-sincronizacin-y-carga-usb-c-a-lightning-m-m-certificado-mfi-blanco-1-m-3-3-pies\/#breadcrumb\",\"itemListElement\":[{\"@type\":\"ListItem\",\"position\":1,\"name\":\"Inicio\",\"item\":\"https:\/\/compuviper.mx\/tienda\/\"},{\"@type\":\"ListItem\",\"position\":2,\"name\":\"Productos\",\"item\":\"https:\/\/compuviper.mx\/tienda\/productos\/\"},{\"@type\":\"ListItem\",\"position\":3,\"name\":\"Cables\",\"item\":\"https:\/\/compuviper.mx\/tienda\/categoria-producto\/cables\/\"},{\"@type\":\"ListItem\",\"position\":4,\"name\":\"Cable Usb\",\"item\":\"https:\/\/compuviper.mx\/tienda\/categoria-producto\/cables\/cable-usb\/\"},{\"@type\":\"ListItem\",\"position\":5,\"name\":\"Tripp-lite M102-01m-wh Cable Usb Cable De Sincronizaci?n Y Carga Usb C A Lightning (m\/m), Certificado Mfi, Blanco, 1 M [3.3 Pies]\"}]},{\"@type\":\"WebSite\",\"@id\":\"https:\/\/compuviper.mx\/tienda\/#website\",\"url\":\"https:\/\/compuviper.mx\/tienda\/\",\"name\":\"Compuviper\",\"description\":\"Proveedor de Computadoras, Laptops, Servidores, Monitores, Puntos de Venta, Teclados,   Impresoras, T\u00f3ner, C\u00e1maras de Seguridad y m\u00e1s en tu tienda en l\u00ednea\",\"publisher\":{\"@id\":\"https:\/\/compuviper.mx\/tienda\/#organization\"},\"potentialAction\":[{\"@type\":\"SearchAction\",\"target\":{\"@type\":\"EntryPoint\",\"urlTemplate\":\"https:\/\/compuviper.mx\/tienda\/?s={search_term_string}\"},\"query-input\":\"required name=search_term_string\"}],\"inLanguage\":\"es-MX\"},{\"@type\":\"Organization\",\"@id\":\"https:\/\/compuviper.mx\/tienda\/#organization\",\"name\":\"Compuviper\",\"url\":\"https:\/\/compuviper.mx\/tienda\/\",\"logo\":{\"@type\":\"ImageObject\",\"inLanguage\":\"es-MX\",\"@id\":\"https:\/\/compuviper.mx\/tienda\/#\/schema\/logo\/image\/\",\"url\":\"https:\/\/compuviper.mx\/tienda\/wp-content\/uploads\/2021\/08\/Logo-Compuviper-10.png\",\"contentUrl\":\"https:\/\/compuviper.mx\/tienda\/wp-content\/uploads\/2021\/08\/Logo-Compuviper-10.png\",\"width\":1000,\"height\":500,\"caption\":\"Compuviper\"},\"image\":{\"@id\":\"https:\/\/compuviper.mx\/tienda\/#\/schema\/logo\/image\/\"},\"sameAs\":[\"https:\/\/www.facebook.com\/compuviper\",\"https:\/\/www.youtube.com\/channel\/UCf73dERp9Y3cfOq7q8BhLjA?view_as=subscriber\"]}]}<\/script>\n<meta property=\"product:brand\" content=\"TRIPP-LITE\" \/>\n<meta property=\"product:price:amount\" content=\"278\" \/>\n<meta property=\"product:price:currency\" content=\"MXN\" \/>\n<meta property=\"og:availability\" content=\"backorder\" \/>\n<meta property=\"product:availability\" content=\"available for order\" \/>\n<meta property=\"product:retailer_item_id\" content=\"M102-01M-WH\" \/>\n<meta property=\"product:condition\" content=\"new\" \/>\n<!-- \/ Yoast SEO plugin. -->","yoast_head_json":{"title":"[ Tripp-lite ] &#129351; M102-01m-wh Cable Usb Cable De Sincronizaci\u00f3n Y Carga Usb C A Lightning (m\/m), Certificado Mfi, Blanco, 1 M [3.3 Pies]","description":"Compra M102-01m-wh Cable Usb Cable De Sincronizaci\u00f3n Y Carga Usb C A Lightning (m\/m), Certificado Mfi, Blanco, 1 M [3.3 Pies] + Env\u00edo a domicilio + Pago seguro + Garant\u00eda","robots":{"index":"index","follow":"follow","max-snippet":"max-snippet:-1","max-image-preview":"max-image-preview:large","max-video-preview":"max-video-preview:-1"},"canonical":"https:\/\/compuviper.mx\/tienda\/producto\/tripp-lite-m102-01m-wh-cable-usb-cable-de-sincronizacin-y-carga-usb-c-a-lightning-m-m-certificado-mfi-blanco-1-m-3-3-pies\/","og_locale":"es_MX","og_type":"article","og_title":"[ Tripp-lite ] &#129351; M102-01m-wh Cable Usb Cable De Sincronizaci\u00f3n Y Carga Usb C A Lightning (m\/m), Certificado Mfi, Blanco, 1 M [3.3 Pies]","og_description":"Compra M102-01m-wh Cable Usb Cable De Sincronizaci\u00f3n Y Carga Usb C A Lightning (m\/m), Certificado Mfi, Blanco, 1 M [3.3 Pies] + Env\u00edo a domicilio + Pago seguro + Garant\u00eda","og_url":"https:\/\/compuviper.mx\/tienda\/producto\/tripp-lite-m102-01m-wh-cable-usb-cable-de-sincronizacin-y-carga-usb-c-a-lightning-m-m-certificado-mfi-blanco-1-m-3-3-pies\/","og_site_name":"Compuviper","article_publisher":"https:\/\/www.facebook.com\/compuviper","og_image":[{"width":200,"height":200,"url":"https:\/\/compuviper.mx\/tienda\/wp-content\/uploads\/2023\/12\/Cable-usb-tripp-lite-m102-01m-wh-cable-de-sincronizacion-y-carga-usb-c-a-lightning-mm-certificado-mfi-blanco-1-m-3.3-pies.jpg","type":"image\/jpeg"}],"twitter_card":"summary_large_image","twitter_misc":{"Precio":"&#36;278 con IVA","Availability":"On backorder"},"schema":{"@context":"https:\/\/schema.org","@graph":[{"@type":"WebPage","@id":"https:\/\/compuviper.mx\/tienda\/producto\/tripp-lite-m102-01m-wh-cable-usb-cable-de-sincronizacin-y-carga-usb-c-a-lightning-m-m-certificado-mfi-blanco-1-m-3-3-pies\/","url":"https:\/\/compuviper.mx\/tienda\/producto\/tripp-lite-m102-01m-wh-cable-usb-cable-de-sincronizacin-y-carga-usb-c-a-lightning-m-m-certificado-mfi-blanco-1-m-3-3-pies\/","name":"[ Tripp-lite ] &#129351; M102-01m-wh Cable Usb Cable De Sincronizaci\u00f3n Y Carga Usb C A Lightning (m\/m), Certificado Mfi, Blanco, 1 M [3.3 Pies]","isPartOf":{"@id":"https:\/\/compuviper.mx\/tienda\/#website"},"datePublished":"2026-04-09T05:38:57+00:00","dateModified":"2026-04-09T05:38:57+00:00","description":"Compra M102-01m-wh Cable Usb Cable De Sincronizaci\u00f3n Y Carga Usb C A Lightning (m\/m), Certificado Mfi, Blanco, 1 M [3.3 Pies] + Env\u00edo a domicilio + Pago seguro + Garant\u00eda","breadcrumb":{"@id":"https:\/\/compuviper.mx\/tienda\/producto\/tripp-lite-m102-01m-wh-cable-usb-cable-de-sincronizacin-y-carga-usb-c-a-lightning-m-m-certificado-mfi-blanco-1-m-3-3-pies\/#breadcrumb"},"inLanguage":"es-MX","potentialAction":[{"@type":"ReadAction","target":["https:\/\/compuviper.mx\/tienda\/producto\/tripp-lite-m102-01m-wh-cable-usb-cable-de-sincronizacin-y-carga-usb-c-a-lightning-m-m-certificado-mfi-blanco-1-m-3-3-pies\/"]}]},{"@type":"BreadcrumbList","@id":"https:\/\/compuviper.mx\/tienda\/producto\/tripp-lite-m102-01m-wh-cable-usb-cable-de-sincronizacin-y-carga-usb-c-a-lightning-m-m-certificado-mfi-blanco-1-m-3-3-pies\/#breadcrumb","itemListElement":[{"@type":"ListItem","position":1,"name":"Inicio","item":"https:\/\/compuviper.mx\/tienda\/"},{"@type":"ListItem","position":2,"name":"Productos","item":"https:\/\/compuviper.mx\/tienda\/productos\/"},{"@type":"ListItem","position":3,"name":"Cables","item":"https:\/\/compuviper.mx\/tienda\/categoria-producto\/cables\/"},{"@type":"ListItem","position":4,"name":"Cable Usb","item":"https:\/\/compuviper.mx\/tienda\/categoria-producto\/cables\/cable-usb\/"},{"@type":"ListItem","position":5,"name":"Tripp-lite M102-01m-wh Cable Usb Cable De Sincronizaci?n Y Carga Usb C A Lightning (m\/m), Certificado Mfi, Blanco, 1 M [3.3 Pies]"}]},{"@type":"WebSite","@id":"https:\/\/compuviper.mx\/tienda\/#website","url":"https:\/\/compuviper.mx\/tienda\/","name":"Compuviper","description":"Proveedor de Computadoras, Laptops, Servidores, Monitores, Puntos de Venta, Teclados,   Impresoras, T\u00f3ner, C\u00e1maras de Seguridad y m\u00e1s en tu tienda en l\u00ednea","publisher":{"@id":"https:\/\/compuviper.mx\/tienda\/#organization"},"potentialAction":[{"@type":"SearchAction","target":{"@type":"EntryPoint","urlTemplate":"https:\/\/compuviper.mx\/tienda\/?s={search_term_string}"},"query-input":"required name=search_term_string"}],"inLanguage":"es-MX"},{"@type":"Organization","@id":"https:\/\/compuviper.mx\/tienda\/#organization","name":"Compuviper","url":"https:\/\/compuviper.mx\/tienda\/","logo":{"@type":"ImageObject","inLanguage":"es-MX","@id":"https:\/\/compuviper.mx\/tienda\/#\/schema\/logo\/image\/","url":"https:\/\/compuviper.mx\/tienda\/wp-content\/uploads\/2021\/08\/Logo-Compuviper-10.png","contentUrl":"https:\/\/compuviper.mx\/tienda\/wp-content\/uploads\/2021\/08\/Logo-Compuviper-10.png","width":1000,"height":500,"caption":"Compuviper"},"image":{"@id":"https:\/\/compuviper.mx\/tienda\/#\/schema\/logo\/image\/"},"sameAs":["https:\/\/www.facebook.com\/compuviper","https:\/\/www.youtube.com\/channel\/UCf73dERp9Y3cfOq7q8BhLjA?view_as=subscriber"]}]},"product_brand":"TRIPP-LITE","product_price_amount":"278","product_price_currency":"MXN","og_availability":"backorder","product_availability":"available for order","product_retailer_item_id":"M102-01M-WH","product_condition":"new"},"_links":{"self":[{"href":"https:\/\/compuviper.mx\/tienda\/wp-json\/wp\/v2\/product\/213976"}],"collection":[{"href":"https:\/\/compuviper.mx\/tienda\/wp-json\/wp\/v2\/product"}],"about":[{"href":"https:\/\/compuviper.mx\/tienda\/wp-json\/wp\/v2\/types\/product"}],"replies":[{"embeddable":true,"href":"https:\/\/compuviper.mx\/tienda\/wp-json\/wp\/v2\/comments?post=213976"}],"wp:featuredmedia":[{"embeddable":true,"href":"https:\/\/compuviper.mx\/tienda\/wp-json\/wp\/v2\/media\/213977"}],"wp:attachment":[{"href":"https:\/\/compuviper.mx\/tienda\/wp-json\/wp\/v2\/media?parent=213976"}],"wp:term":[{"taxonomy":"product_cat","embeddable":true,"href":"https:\/\/compuviper.mx\/tienda\/wp-json\/wp\/v2\/product_cat?post=213976"},{"taxonomy":"product_tag","embeddable":true,"href":"https:\/\/compuviper.mx\/tienda\/wp-json\/wp\/v2\/product_tag?post=213976"}],"curies":[{"name":"wp","href":"https:\/\/api.w.org\/{rel}","templated":true}]}}