{"id":213962,"date":"2026-04-01T23:42:34","date_gmt":"2026-04-02T05:42:34","guid":{"rendered":"https:\/\/compuviper.mx\/tienda\/producto\/tripp-lite-m100-006-hd-cable-usb-cable-de-sincronizacin-y-carga-usb-a-a-lightning-para-servicio-pesado-certificado-mfi-m-m-usb-2-0-1-83-m-6-pies\/"},"modified":"2026-04-01T23:42:35","modified_gmt":"2026-04-02T05:42:35","slug":"tripp-lite-m100-006-hd-cable-usb-cable-de-sincronizacin-y-carga-usb-a-a-lightning-para-servicio-pesado-certificado-mfi-m-m-usb-2-0-1-83-m-6-pies","status":"publish","type":"product","link":"https:\/\/compuviper.mx\/tienda\/producto\/tripp-lite-m100-006-hd-cable-usb-cable-de-sincronizacin-y-carga-usb-a-a-lightning-para-servicio-pesado-certificado-mfi-m-m-usb-2-0-1-83-m-6-pies\/","title":{"rendered":"Tripp-lite M100-006-hd Cable Usb   Cable De Sincronizaci?n Y Carga Usb A A Lightning Para Servicio Pesado, Certificado Mfi &#8211; M\/m, Usb 2.0, 1.83 M [6 Pies]"},"content":{"rendered":"<table class=\"descripcion\">\n<tr>\n<td>Cable usb type a a lightning conecta su dispositivo iphone, ipad o ipod al puerto usb en su computadora o cargador de pared y autom\u00f3vil.<\/td>\n<\/tr>\n<tr>\n<td>    cuenta con una clavija lightning reversible de 8 pines y una clavija usb-a<\/td>\n<\/tr>\n<tr>\n<td>    trabaja con cualquier computadora<\/td>\n<\/tr>\n<tr>\n<td>    certificado mfi para amplia compatibilidad con su iphone, ipad o ipod apple<\/td>\n<\/tr>\n<tr>\n<td>    compatible con todos los dispositivos con conectores de 30 pines<\/td>\n<\/tr>\n<tr>\n<td>    se enchufa en un dispositivo apple en cualquier direcci\u00f3n<\/td>\n<\/tr>\n<tr>\n<td>    garant\u00eda limitada por 2 a\u00f1os<\/td>\n<\/tr>\n<\/table>\n","protected":false},"excerpt":{"rendered":"<p>Cable usb tripp-lite m100-006-bk \u0096 cable usb de sincronizaci\u00f3n y carga m100-006-bk de tripp lite negro, de 1.83 m [6 pies] con conector lightning permite carga y descarga de datos, mientras que al mismo tiempo carga los dispositivos. Transferencia de datos 480 mbps. Garant\u00eda limitada por 2 a\u00f1os.<\/p>\n","protected":false},"featured_media":213963,"comment_status":"open","ping_status":"open","template":"","meta":[],"product_cat":[1549,1605],"product_tag":[1510],"acf":[],"yoast_head":"<!-- This site is optimized with the Yoast SEO plugin v21.7 - https:\/\/yoast.com\/wordpress\/plugins\/seo\/ -->\n<title>[ Tripp-lite ] &#129351; M100-006-hd Cable Usb Cable De Sincronizaci\u00f3n Y Carga Usb A A Lightning Para Servicio Pesado, Certificado Mfi - M\/m, Usb 2.0, 1.83 M [6 Pies]<\/title>\n<meta name=\"description\" content=\"Compra M100-006-hd Cable Usb Cable De Sincronizaci\u00f3n Y Carga Usb A A Lightning Para Servicio Pesado, Certificado Mfi - M\/m, Usb 2.0, 1.83 M [6 Pies] + Env\u00edo a domicilio + Pago seguro + Garant\u00eda\" \/>\n<meta name=\"robots\" content=\"index, follow, max-snippet:-1, max-image-preview:large, max-video-preview:-1\" \/>\n<link rel=\"canonical\" href=\"https:\/\/compuviper.mx\/tienda\/producto\/tripp-lite-m100-006-hd-cable-usb-cable-de-sincronizacin-y-carga-usb-a-a-lightning-para-servicio-pesado-certificado-mfi-m-m-usb-2-0-1-83-m-6-pies\/\" \/>\n<meta property=\"og:locale\" content=\"es_MX\" \/>\n<meta property=\"og:type\" content=\"article\" \/>\n<meta property=\"og:title\" content=\"[ Tripp-lite ] &#129351; M100-006-hd Cable Usb Cable De Sincronizaci\u00f3n Y Carga Usb A A Lightning Para Servicio Pesado, Certificado Mfi - M\/m, Usb 2.0, 1.83 M [6 Pies]\" \/>\n<meta property=\"og:description\" content=\"Compra M100-006-hd Cable Usb Cable De Sincronizaci\u00f3n Y Carga Usb A A Lightning Para Servicio Pesado, Certificado Mfi - M\/m, Usb 2.0, 1.83 M [6 Pies] + Env\u00edo a domicilio + Pago seguro + Garant\u00eda\" \/>\n<meta property=\"og:url\" content=\"https:\/\/compuviper.mx\/tienda\/producto\/tripp-lite-m100-006-hd-cable-usb-cable-de-sincronizacin-y-carga-usb-a-a-lightning-para-servicio-pesado-certificado-mfi-m-m-usb-2-0-1-83-m-6-pies\/\" \/>\n<meta property=\"og:site_name\" content=\"Compuviper\" \/>\n<meta property=\"article:publisher\" content=\"https:\/\/www.facebook.com\/compuviper\" \/>\n<meta property=\"article:modified_time\" content=\"2026-04-02T05:42:35+00:00\" \/>\n<meta property=\"og:image\" content=\"https:\/\/compuviper.mx\/tienda\/wp-content\/uploads\/2023\/12\/Cable-usb-tripp-lite-m100-006-hd-cable-de-sincronizacion-y-carga-usb-a-a-lightning-para-servicio-pesado-certificado-mfi-mm-usb-2.0-1.83-m-6-pies.jpg\" \/>\n\t<meta property=\"og:image:width\" content=\"200\" \/>\n\t<meta property=\"og:image:height\" content=\"200\" \/>\n\t<meta property=\"og:image:type\" content=\"image\/jpeg\" \/>\n<meta name=\"twitter:card\" content=\"summary_large_image\" \/>\n<meta name=\"twitter:label1\" content=\"Precio\" \/>\n\t<meta name=\"twitter:data1\" content=\"&#36;383 con IVA\" \/>\n\t<meta name=\"twitter:label2\" content=\"Availability\" \/>\n\t<meta name=\"twitter:data2\" content=\"Out of stock\" \/>\n<script type=\"application\/ld+json\" class=\"yoast-schema-graph\">{\"@context\":\"https:\/\/schema.org\",\"@graph\":[{\"@type\":\"WebPage\",\"@id\":\"https:\/\/compuviper.mx\/tienda\/producto\/tripp-lite-m100-006-hd-cable-usb-cable-de-sincronizacin-y-carga-usb-a-a-lightning-para-servicio-pesado-certificado-mfi-m-m-usb-2-0-1-83-m-6-pies\/\",\"url\":\"https:\/\/compuviper.mx\/tienda\/producto\/tripp-lite-m100-006-hd-cable-usb-cable-de-sincronizacin-y-carga-usb-a-a-lightning-para-servicio-pesado-certificado-mfi-m-m-usb-2-0-1-83-m-6-pies\/\",\"name\":\"[ Tripp-lite ] &#129351; M100-006-hd Cable Usb Cable De Sincronizaci\u00f3n Y Carga Usb A A Lightning Para Servicio Pesado, Certificado Mfi - M\/m, Usb 2.0, 1.83 M [6 Pies]\",\"isPartOf\":{\"@id\":\"https:\/\/compuviper.mx\/tienda\/#website\"},\"datePublished\":\"2026-04-02T05:42:34+00:00\",\"dateModified\":\"2026-04-02T05:42:35+00:00\",\"description\":\"Compra M100-006-hd Cable Usb Cable De Sincronizaci\u00f3n Y Carga Usb A A Lightning Para Servicio Pesado, Certificado Mfi - M\/m, Usb 2.0, 1.83 M [6 Pies] + Env\u00edo a domicilio + Pago seguro + Garant\u00eda\",\"breadcrumb\":{\"@id\":\"https:\/\/compuviper.mx\/tienda\/producto\/tripp-lite-m100-006-hd-cable-usb-cable-de-sincronizacin-y-carga-usb-a-a-lightning-para-servicio-pesado-certificado-mfi-m-m-usb-2-0-1-83-m-6-pies\/#breadcrumb\"},\"inLanguage\":\"es-MX\",\"potentialAction\":[{\"@type\":\"ReadAction\",\"target\":[\"https:\/\/compuviper.mx\/tienda\/producto\/tripp-lite-m100-006-hd-cable-usb-cable-de-sincronizacin-y-carga-usb-a-a-lightning-para-servicio-pesado-certificado-mfi-m-m-usb-2-0-1-83-m-6-pies\/\"]}]},{\"@type\":\"BreadcrumbList\",\"@id\":\"https:\/\/compuviper.mx\/tienda\/producto\/tripp-lite-m100-006-hd-cable-usb-cable-de-sincronizacin-y-carga-usb-a-a-lightning-para-servicio-pesado-certificado-mfi-m-m-usb-2-0-1-83-m-6-pies\/#breadcrumb\",\"itemListElement\":[{\"@type\":\"ListItem\",\"position\":1,\"name\":\"Inicio\",\"item\":\"https:\/\/compuviper.mx\/tienda\/\"},{\"@type\":\"ListItem\",\"position\":2,\"name\":\"Productos\",\"item\":\"https:\/\/compuviper.mx\/tienda\/productos\/\"},{\"@type\":\"ListItem\",\"position\":3,\"name\":\"Cables\",\"item\":\"https:\/\/compuviper.mx\/tienda\/categoria-producto\/cables\/\"},{\"@type\":\"ListItem\",\"position\":4,\"name\":\"Cable Usb\",\"item\":\"https:\/\/compuviper.mx\/tienda\/categoria-producto\/cables\/cable-usb\/\"},{\"@type\":\"ListItem\",\"position\":5,\"name\":\"Tripp-lite M100-006-hd Cable Usb Cable De Sincronizaci?n Y Carga Usb A A Lightning Para Servicio Pesado, Certificado Mfi &#8211; M\/m, Usb 2.0, 1.83 M [6 Pies]\"}]},{\"@type\":\"WebSite\",\"@id\":\"https:\/\/compuviper.mx\/tienda\/#website\",\"url\":\"https:\/\/compuviper.mx\/tienda\/\",\"name\":\"Compuviper\",\"description\":\"Proveedor de Computadoras, Laptops, Servidores, Monitores, Puntos de Venta, Teclados,   Impresoras, T\u00f3ner, C\u00e1maras de Seguridad y m\u00e1s en tu tienda en l\u00ednea\",\"publisher\":{\"@id\":\"https:\/\/compuviper.mx\/tienda\/#organization\"},\"potentialAction\":[{\"@type\":\"SearchAction\",\"target\":{\"@type\":\"EntryPoint\",\"urlTemplate\":\"https:\/\/compuviper.mx\/tienda\/?s={search_term_string}\"},\"query-input\":\"required name=search_term_string\"}],\"inLanguage\":\"es-MX\"},{\"@type\":\"Organization\",\"@id\":\"https:\/\/compuviper.mx\/tienda\/#organization\",\"name\":\"Compuviper\",\"url\":\"https:\/\/compuviper.mx\/tienda\/\",\"logo\":{\"@type\":\"ImageObject\",\"inLanguage\":\"es-MX\",\"@id\":\"https:\/\/compuviper.mx\/tienda\/#\/schema\/logo\/image\/\",\"url\":\"https:\/\/compuviper.mx\/tienda\/wp-content\/uploads\/2021\/08\/Logo-Compuviper-10.png\",\"contentUrl\":\"https:\/\/compuviper.mx\/tienda\/wp-content\/uploads\/2021\/08\/Logo-Compuviper-10.png\",\"width\":1000,\"height\":500,\"caption\":\"Compuviper\"},\"image\":{\"@id\":\"https:\/\/compuviper.mx\/tienda\/#\/schema\/logo\/image\/\"},\"sameAs\":[\"https:\/\/www.facebook.com\/compuviper\",\"https:\/\/www.youtube.com\/channel\/UCf73dERp9Y3cfOq7q8BhLjA?view_as=subscriber\"]}]}<\/script>\n<meta property=\"product:brand\" content=\"TRIPP-LITE\" \/>\n<meta property=\"product:price:amount\" content=\"383\" \/>\n<meta property=\"product:price:currency\" content=\"MXN\" \/>\n<meta property=\"og:availability\" content=\"out of stock\" \/>\n<meta property=\"product:availability\" content=\"out of stock\" \/>\n<meta property=\"product:retailer_item_id\" content=\"M100-006-HD\" \/>\n<meta property=\"product:condition\" content=\"new\" \/>\n<!-- \/ Yoast SEO plugin. -->","yoast_head_json":{"title":"[ Tripp-lite ] &#129351; M100-006-hd Cable Usb Cable De Sincronizaci\u00f3n Y Carga Usb A A Lightning Para Servicio Pesado, Certificado Mfi - M\/m, Usb 2.0, 1.83 M [6 Pies]","description":"Compra M100-006-hd Cable Usb Cable De Sincronizaci\u00f3n Y Carga Usb A A Lightning Para Servicio Pesado, Certificado Mfi - M\/m, Usb 2.0, 1.83 M [6 Pies] + Env\u00edo a domicilio + Pago seguro + Garant\u00eda","robots":{"index":"index","follow":"follow","max-snippet":"max-snippet:-1","max-image-preview":"max-image-preview:large","max-video-preview":"max-video-preview:-1"},"canonical":"https:\/\/compuviper.mx\/tienda\/producto\/tripp-lite-m100-006-hd-cable-usb-cable-de-sincronizacin-y-carga-usb-a-a-lightning-para-servicio-pesado-certificado-mfi-m-m-usb-2-0-1-83-m-6-pies\/","og_locale":"es_MX","og_type":"article","og_title":"[ Tripp-lite ] &#129351; M100-006-hd Cable Usb Cable De Sincronizaci\u00f3n Y Carga Usb A A Lightning Para Servicio Pesado, Certificado Mfi - M\/m, Usb 2.0, 1.83 M [6 Pies]","og_description":"Compra M100-006-hd Cable Usb Cable De Sincronizaci\u00f3n Y Carga Usb A A Lightning Para Servicio Pesado, Certificado Mfi - M\/m, Usb 2.0, 1.83 M [6 Pies] + Env\u00edo a domicilio + Pago seguro + Garant\u00eda","og_url":"https:\/\/compuviper.mx\/tienda\/producto\/tripp-lite-m100-006-hd-cable-usb-cable-de-sincronizacin-y-carga-usb-a-a-lightning-para-servicio-pesado-certificado-mfi-m-m-usb-2-0-1-83-m-6-pies\/","og_site_name":"Compuviper","article_publisher":"https:\/\/www.facebook.com\/compuviper","article_modified_time":"2026-04-02T05:42:35+00:00","og_image":[{"width":200,"height":200,"url":"https:\/\/compuviper.mx\/tienda\/wp-content\/uploads\/2023\/12\/Cable-usb-tripp-lite-m100-006-hd-cable-de-sincronizacion-y-carga-usb-a-a-lightning-para-servicio-pesado-certificado-mfi-mm-usb-2.0-1.83-m-6-pies.jpg","type":"image\/jpeg"}],"twitter_card":"summary_large_image","twitter_misc":{"Precio":"&#36;383 con IVA","Availability":"Out of stock"},"schema":{"@context":"https:\/\/schema.org","@graph":[{"@type":"WebPage","@id":"https:\/\/compuviper.mx\/tienda\/producto\/tripp-lite-m100-006-hd-cable-usb-cable-de-sincronizacin-y-carga-usb-a-a-lightning-para-servicio-pesado-certificado-mfi-m-m-usb-2-0-1-83-m-6-pies\/","url":"https:\/\/compuviper.mx\/tienda\/producto\/tripp-lite-m100-006-hd-cable-usb-cable-de-sincronizacin-y-carga-usb-a-a-lightning-para-servicio-pesado-certificado-mfi-m-m-usb-2-0-1-83-m-6-pies\/","name":"[ Tripp-lite ] &#129351; M100-006-hd Cable Usb Cable De Sincronizaci\u00f3n Y Carga Usb A A Lightning Para Servicio Pesado, Certificado Mfi - M\/m, Usb 2.0, 1.83 M [6 Pies]","isPartOf":{"@id":"https:\/\/compuviper.mx\/tienda\/#website"},"datePublished":"2026-04-02T05:42:34+00:00","dateModified":"2026-04-02T05:42:35+00:00","description":"Compra M100-006-hd Cable Usb Cable De Sincronizaci\u00f3n Y Carga Usb A A Lightning Para Servicio Pesado, Certificado Mfi - M\/m, Usb 2.0, 1.83 M [6 Pies] + Env\u00edo a domicilio + Pago seguro + Garant\u00eda","breadcrumb":{"@id":"https:\/\/compuviper.mx\/tienda\/producto\/tripp-lite-m100-006-hd-cable-usb-cable-de-sincronizacin-y-carga-usb-a-a-lightning-para-servicio-pesado-certificado-mfi-m-m-usb-2-0-1-83-m-6-pies\/#breadcrumb"},"inLanguage":"es-MX","potentialAction":[{"@type":"ReadAction","target":["https:\/\/compuviper.mx\/tienda\/producto\/tripp-lite-m100-006-hd-cable-usb-cable-de-sincronizacin-y-carga-usb-a-a-lightning-para-servicio-pesado-certificado-mfi-m-m-usb-2-0-1-83-m-6-pies\/"]}]},{"@type":"BreadcrumbList","@id":"https:\/\/compuviper.mx\/tienda\/producto\/tripp-lite-m100-006-hd-cable-usb-cable-de-sincronizacin-y-carga-usb-a-a-lightning-para-servicio-pesado-certificado-mfi-m-m-usb-2-0-1-83-m-6-pies\/#breadcrumb","itemListElement":[{"@type":"ListItem","position":1,"name":"Inicio","item":"https:\/\/compuviper.mx\/tienda\/"},{"@type":"ListItem","position":2,"name":"Productos","item":"https:\/\/compuviper.mx\/tienda\/productos\/"},{"@type":"ListItem","position":3,"name":"Cables","item":"https:\/\/compuviper.mx\/tienda\/categoria-producto\/cables\/"},{"@type":"ListItem","position":4,"name":"Cable Usb","item":"https:\/\/compuviper.mx\/tienda\/categoria-producto\/cables\/cable-usb\/"},{"@type":"ListItem","position":5,"name":"Tripp-lite M100-006-hd Cable Usb Cable De Sincronizaci?n Y Carga Usb A A Lightning Para Servicio Pesado, Certificado Mfi &#8211; M\/m, Usb 2.0, 1.83 M [6 Pies]"}]},{"@type":"WebSite","@id":"https:\/\/compuviper.mx\/tienda\/#website","url":"https:\/\/compuviper.mx\/tienda\/","name":"Compuviper","description":"Proveedor de Computadoras, Laptops, Servidores, Monitores, Puntos de Venta, Teclados,   Impresoras, T\u00f3ner, C\u00e1maras de Seguridad y m\u00e1s en tu tienda en l\u00ednea","publisher":{"@id":"https:\/\/compuviper.mx\/tienda\/#organization"},"potentialAction":[{"@type":"SearchAction","target":{"@type":"EntryPoint","urlTemplate":"https:\/\/compuviper.mx\/tienda\/?s={search_term_string}"},"query-input":"required name=search_term_string"}],"inLanguage":"es-MX"},{"@type":"Organization","@id":"https:\/\/compuviper.mx\/tienda\/#organization","name":"Compuviper","url":"https:\/\/compuviper.mx\/tienda\/","logo":{"@type":"ImageObject","inLanguage":"es-MX","@id":"https:\/\/compuviper.mx\/tienda\/#\/schema\/logo\/image\/","url":"https:\/\/compuviper.mx\/tienda\/wp-content\/uploads\/2021\/08\/Logo-Compuviper-10.png","contentUrl":"https:\/\/compuviper.mx\/tienda\/wp-content\/uploads\/2021\/08\/Logo-Compuviper-10.png","width":1000,"height":500,"caption":"Compuviper"},"image":{"@id":"https:\/\/compuviper.mx\/tienda\/#\/schema\/logo\/image\/"},"sameAs":["https:\/\/www.facebook.com\/compuviper","https:\/\/www.youtube.com\/channel\/UCf73dERp9Y3cfOq7q8BhLjA?view_as=subscriber"]}]},"product_brand":"TRIPP-LITE","product_price_amount":"383","product_price_currency":"MXN","og_availability":"out of stock","product_availability":"out of stock","product_retailer_item_id":"M100-006-HD","product_condition":"new"},"_links":{"self":[{"href":"https:\/\/compuviper.mx\/tienda\/wp-json\/wp\/v2\/product\/213962"}],"collection":[{"href":"https:\/\/compuviper.mx\/tienda\/wp-json\/wp\/v2\/product"}],"about":[{"href":"https:\/\/compuviper.mx\/tienda\/wp-json\/wp\/v2\/types\/product"}],"replies":[{"embeddable":true,"href":"https:\/\/compuviper.mx\/tienda\/wp-json\/wp\/v2\/comments?post=213962"}],"wp:featuredmedia":[{"embeddable":true,"href":"https:\/\/compuviper.mx\/tienda\/wp-json\/wp\/v2\/media\/213963"}],"wp:attachment":[{"href":"https:\/\/compuviper.mx\/tienda\/wp-json\/wp\/v2\/media?parent=213962"}],"wp:term":[{"taxonomy":"product_cat","embeddable":true,"href":"https:\/\/compuviper.mx\/tienda\/wp-json\/wp\/v2\/product_cat?post=213962"},{"taxonomy":"product_tag","embeddable":true,"href":"https:\/\/compuviper.mx\/tienda\/wp-json\/wp\/v2\/product_tag?post=213962"}],"curies":[{"name":"wp","href":"https:\/\/api.w.org\/{rel}","templated":true}]}}