{"id":213952,"date":"2026-04-17T23:46:23","date_gmt":"2026-04-18T05:46:23","guid":{"rendered":"https:\/\/compuviper.mx\/tienda\/producto\/startech-com-usbab2mr-cable-adaptador-usb-de-2m-para-impresora-acodado-1x-usb-a-macho-1x-usb-b-macho-en-angulo-derecho-mod\/"},"modified":"2026-04-17T23:46:24","modified_gmt":"2026-04-18T05:46:24","slug":"startech-com-usbab2mr-cable-adaptador-usb-de-2m-para-impresora-acodado-1x-usb-a-macho-1x-usb-b-macho-en-angulo-derecho-mod","status":"publish","type":"product","link":"https:\/\/compuviper.mx\/tienda\/producto\/startech-com-usbab2mr-cable-adaptador-usb-de-2m-para-impresora-acodado-1x-usb-a-macho-1x-usb-b-macho-en-angulo-derecho-mod\/","title":{"rendered":"Startech.com Usbab2mr Cable Adaptador Usb De 2m Para Impresora Acodado &#8211; 1x Usb A Macho &#8211; 1x Usb B Macho En Angulo Derecho &#8211;  Mod."},"content":{"rendered":"<table class=\"descripcion\">\n<tr>\n<td>Revestimiento del conector: niquel<\/td>\n<\/tr>\n<tr>\n<td>Color: negro<\/td>\n<\/tr>\n<tr>\n<td>Tipo de cable blindado: lamina de aluminio mylar con malla trenzada<\/td>\n<\/tr>\n<tr>\n<td>Cable tipo jacket: pvc &#8211; polyvinyl chloride<\/td>\n<\/tr>\n<tr>\n<td>Estilo de conector: recto con orientacion hacia la derecha<\/td>\n<\/tr>\n<tr>\n<td>Longitud del cable: 2000 mm<\/td>\n<\/tr>\n<tr>\n<td>Peso del producto: 60.600 g<\/td>\n<\/tr>\n<tr>\n<td>Longitud del producto: 2000.000 mm<\/td>\n<\/tr>\n<tr>\n<td>Calibre del conductor: 24\/28 awg<\/td>\n<\/tr>\n<tr>\n<td>Ancho del producto: 15.400 mm<\/td>\n<\/tr>\n<tr>\n<td>Altura del producto: 10.000 mm<\/td>\n<\/tr>\n<tr>\n<td>Conector a: 1 usb type-a (4 pines) usb 2.0<\/td>\n<\/tr>\n<tr>\n<td>Conector b: 1 usb b (4 pines)<\/td>\n<\/tr>\n<\/table>\n","protected":false},"excerpt":{"rendered":"<p>El cable de impresora usb de 2\u00a0metros modelo usbab2mr, incluye un conector macho usb a y un conector macho usb b con angulo derecho, \u00a0posibilitando una conexion de alta calidad con perifericos usb 2.0. El conector usb \u0091b\u0092 con angulo derecho permite la conexion de dispositivos usb 2.0 como impresoras, escaneres, discos duros externos, etc.,\u00a0 que esten situados en areas de dificil acceso, asi como la instalacion en espacios estrechos. Fabricado en su totalidad con materiales de alta calidad y disenado para un rendimiento y confiabilidad optimos.<\/p>\n","protected":false},"featured_media":213953,"comment_status":"open","ping_status":"open","template":"","meta":[],"product_cat":[1605,1549],"product_tag":[1590],"acf":[],"yoast_head":"<!-- This site is optimized with the Yoast SEO plugin v21.7 - https:\/\/yoast.com\/wordpress\/plugins\/seo\/ -->\n<title>[ Startech.com ] &#129351; Usbab2mr Cable Adaptador Usb De 2m Para Impresora Acodado - 1x Usb A Macho - 1x Usb B Macho En Angulo Derecho - Mod.<\/title>\n<meta name=\"description\" content=\"Compra Usbab2mr Cable Adaptador Usb De 2m Para Impresora Acodado - 1x Usb A Macho - 1x Usb B Macho En Angulo Derecho - Mod. + Env\u00edo a domicilio + Pago seguro + Garant\u00eda\" \/>\n<meta name=\"robots\" content=\"index, follow, max-snippet:-1, max-image-preview:large, max-video-preview:-1\" \/>\n<link rel=\"canonical\" href=\"https:\/\/compuviper.mx\/tienda\/producto\/startech-com-usbab2mr-cable-adaptador-usb-de-2m-para-impresora-acodado-1x-usb-a-macho-1x-usb-b-macho-en-angulo-derecho-mod\/\" \/>\n<meta property=\"og:locale\" content=\"es_MX\" \/>\n<meta property=\"og:type\" content=\"article\" \/>\n<meta property=\"og:title\" content=\"[ Startech.com ] &#129351; Usbab2mr Cable Adaptador Usb De 2m Para Impresora Acodado - 1x Usb A Macho - 1x Usb B Macho En Angulo Derecho - Mod.\" \/>\n<meta property=\"og:description\" content=\"Compra Usbab2mr Cable Adaptador Usb De 2m Para Impresora Acodado - 1x Usb A Macho - 1x Usb B Macho En Angulo Derecho - Mod. + Env\u00edo a domicilio + Pago seguro + Garant\u00eda\" \/>\n<meta property=\"og:url\" content=\"https:\/\/compuviper.mx\/tienda\/producto\/startech-com-usbab2mr-cable-adaptador-usb-de-2m-para-impresora-acodado-1x-usb-a-macho-1x-usb-b-macho-en-angulo-derecho-mod\/\" \/>\n<meta property=\"og:site_name\" content=\"Compuviper\" \/>\n<meta property=\"article:publisher\" content=\"https:\/\/www.facebook.com\/compuviper\" \/>\n<meta property=\"article:modified_time\" content=\"2026-04-18T05:46:24+00:00\" \/>\n<meta property=\"og:image\" content=\"https:\/\/compuviper.mx\/tienda\/wp-content\/uploads\/2023\/12\/Cable-adaptador-usb-de-2m-para-impresora-acodado-1x-usb-a-macho-1x-usb-b-macho-en-angulo-derecho-startech.com-mod.-usbab2mr.jpg\" \/>\n\t<meta property=\"og:image:width\" content=\"200\" \/>\n\t<meta property=\"og:image:height\" content=\"200\" \/>\n\t<meta property=\"og:image:type\" content=\"image\/jpeg\" \/>\n<meta name=\"twitter:card\" content=\"summary_large_image\" \/>\n<meta name=\"twitter:label1\" content=\"Precio\" \/>\n\t<meta name=\"twitter:data1\" content=\"&#36;137 con IVA\" \/>\n\t<meta name=\"twitter:label2\" content=\"Availability\" \/>\n\t<meta name=\"twitter:data2\" content=\"Out of stock\" \/>\n<script type=\"application\/ld+json\" class=\"yoast-schema-graph\">{\"@context\":\"https:\/\/schema.org\",\"@graph\":[{\"@type\":\"WebPage\",\"@id\":\"https:\/\/compuviper.mx\/tienda\/producto\/startech-com-usbab2mr-cable-adaptador-usb-de-2m-para-impresora-acodado-1x-usb-a-macho-1x-usb-b-macho-en-angulo-derecho-mod\/\",\"url\":\"https:\/\/compuviper.mx\/tienda\/producto\/startech-com-usbab2mr-cable-adaptador-usb-de-2m-para-impresora-acodado-1x-usb-a-macho-1x-usb-b-macho-en-angulo-derecho-mod\/\",\"name\":\"[ Startech.com ] &#129351; Usbab2mr Cable Adaptador Usb De 2m Para Impresora Acodado - 1x Usb A Macho - 1x Usb B Macho En Angulo Derecho - Mod.\",\"isPartOf\":{\"@id\":\"https:\/\/compuviper.mx\/tienda\/#website\"},\"datePublished\":\"2026-04-18T05:46:23+00:00\",\"dateModified\":\"2026-04-18T05:46:24+00:00\",\"description\":\"Compra Usbab2mr Cable Adaptador Usb De 2m Para Impresora Acodado - 1x Usb A Macho - 1x Usb B Macho En Angulo Derecho - Mod. + Env\u00edo a domicilio + Pago seguro + Garant\u00eda\",\"breadcrumb\":{\"@id\":\"https:\/\/compuviper.mx\/tienda\/producto\/startech-com-usbab2mr-cable-adaptador-usb-de-2m-para-impresora-acodado-1x-usb-a-macho-1x-usb-b-macho-en-angulo-derecho-mod\/#breadcrumb\"},\"inLanguage\":\"es-MX\",\"potentialAction\":[{\"@type\":\"ReadAction\",\"target\":[\"https:\/\/compuviper.mx\/tienda\/producto\/startech-com-usbab2mr-cable-adaptador-usb-de-2m-para-impresora-acodado-1x-usb-a-macho-1x-usb-b-macho-en-angulo-derecho-mod\/\"]}]},{\"@type\":\"BreadcrumbList\",\"@id\":\"https:\/\/compuviper.mx\/tienda\/producto\/startech-com-usbab2mr-cable-adaptador-usb-de-2m-para-impresora-acodado-1x-usb-a-macho-1x-usb-b-macho-en-angulo-derecho-mod\/#breadcrumb\",\"itemListElement\":[{\"@type\":\"ListItem\",\"position\":1,\"name\":\"Inicio\",\"item\":\"https:\/\/compuviper.mx\/tienda\/\"},{\"@type\":\"ListItem\",\"position\":2,\"name\":\"Productos\",\"item\":\"https:\/\/compuviper.mx\/tienda\/productos\/\"},{\"@type\":\"ListItem\",\"position\":3,\"name\":\"Cables\",\"item\":\"https:\/\/compuviper.mx\/tienda\/categoria-producto\/cables\/\"},{\"@type\":\"ListItem\",\"position\":4,\"name\":\"Cable Usb\",\"item\":\"https:\/\/compuviper.mx\/tienda\/categoria-producto\/cables\/cable-usb\/\"},{\"@type\":\"ListItem\",\"position\":5,\"name\":\"Startech.com Usbab2mr Cable Adaptador Usb De 2m Para Impresora Acodado &#8211; 1x Usb A Macho &#8211; 1x Usb B Macho En Angulo Derecho &#8211; Mod.\"}]},{\"@type\":\"WebSite\",\"@id\":\"https:\/\/compuviper.mx\/tienda\/#website\",\"url\":\"https:\/\/compuviper.mx\/tienda\/\",\"name\":\"Compuviper\",\"description\":\"Proveedor de Computadoras, Laptops, Servidores, Monitores, Puntos de Venta, Teclados,   Impresoras, T\u00f3ner, C\u00e1maras de Seguridad y m\u00e1s en tu tienda en l\u00ednea\",\"publisher\":{\"@id\":\"https:\/\/compuviper.mx\/tienda\/#organization\"},\"potentialAction\":[{\"@type\":\"SearchAction\",\"target\":{\"@type\":\"EntryPoint\",\"urlTemplate\":\"https:\/\/compuviper.mx\/tienda\/?s={search_term_string}\"},\"query-input\":\"required name=search_term_string\"}],\"inLanguage\":\"es-MX\"},{\"@type\":\"Organization\",\"@id\":\"https:\/\/compuviper.mx\/tienda\/#organization\",\"name\":\"Compuviper\",\"url\":\"https:\/\/compuviper.mx\/tienda\/\",\"logo\":{\"@type\":\"ImageObject\",\"inLanguage\":\"es-MX\",\"@id\":\"https:\/\/compuviper.mx\/tienda\/#\/schema\/logo\/image\/\",\"url\":\"https:\/\/compuviper.mx\/tienda\/wp-content\/uploads\/2021\/08\/Logo-Compuviper-10.png\",\"contentUrl\":\"https:\/\/compuviper.mx\/tienda\/wp-content\/uploads\/2021\/08\/Logo-Compuviper-10.png\",\"width\":1000,\"height\":500,\"caption\":\"Compuviper\"},\"image\":{\"@id\":\"https:\/\/compuviper.mx\/tienda\/#\/schema\/logo\/image\/\"},\"sameAs\":[\"https:\/\/www.facebook.com\/compuviper\",\"https:\/\/www.youtube.com\/channel\/UCf73dERp9Y3cfOq7q8BhLjA?view_as=subscriber\"]}]}<\/script>\n<meta property=\"product:brand\" content=\"STARTECH.COM\" \/>\n<meta property=\"product:price:amount\" content=\"137\" \/>\n<meta property=\"product:price:currency\" content=\"MXN\" \/>\n<meta property=\"og:availability\" content=\"out of stock\" \/>\n<meta property=\"product:availability\" content=\"out of stock\" \/>\n<meta property=\"product:retailer_item_id\" content=\"USBAB2MR\" \/>\n<meta property=\"product:condition\" content=\"new\" \/>\n<!-- \/ Yoast SEO plugin. -->","yoast_head_json":{"title":"[ Startech.com ] &#129351; Usbab2mr Cable Adaptador Usb De 2m Para Impresora Acodado - 1x Usb A Macho - 1x Usb B Macho En Angulo Derecho - Mod.","description":"Compra Usbab2mr Cable Adaptador Usb De 2m Para Impresora Acodado - 1x Usb A Macho - 1x Usb B Macho En Angulo Derecho - Mod. + Env\u00edo a domicilio + Pago seguro + Garant\u00eda","robots":{"index":"index","follow":"follow","max-snippet":"max-snippet:-1","max-image-preview":"max-image-preview:large","max-video-preview":"max-video-preview:-1"},"canonical":"https:\/\/compuviper.mx\/tienda\/producto\/startech-com-usbab2mr-cable-adaptador-usb-de-2m-para-impresora-acodado-1x-usb-a-macho-1x-usb-b-macho-en-angulo-derecho-mod\/","og_locale":"es_MX","og_type":"article","og_title":"[ Startech.com ] &#129351; Usbab2mr Cable Adaptador Usb De 2m Para Impresora Acodado - 1x Usb A Macho - 1x Usb B Macho En Angulo Derecho - Mod.","og_description":"Compra Usbab2mr Cable Adaptador Usb De 2m Para Impresora Acodado - 1x Usb A Macho - 1x Usb B Macho En Angulo Derecho - Mod. + Env\u00edo a domicilio + Pago seguro + Garant\u00eda","og_url":"https:\/\/compuviper.mx\/tienda\/producto\/startech-com-usbab2mr-cable-adaptador-usb-de-2m-para-impresora-acodado-1x-usb-a-macho-1x-usb-b-macho-en-angulo-derecho-mod\/","og_site_name":"Compuviper","article_publisher":"https:\/\/www.facebook.com\/compuviper","article_modified_time":"2026-04-18T05:46:24+00:00","og_image":[{"width":200,"height":200,"url":"https:\/\/compuviper.mx\/tienda\/wp-content\/uploads\/2023\/12\/Cable-adaptador-usb-de-2m-para-impresora-acodado-1x-usb-a-macho-1x-usb-b-macho-en-angulo-derecho-startech.com-mod.-usbab2mr.jpg","type":"image\/jpeg"}],"twitter_card":"summary_large_image","twitter_misc":{"Precio":"&#36;137 con IVA","Availability":"Out of stock"},"schema":{"@context":"https:\/\/schema.org","@graph":[{"@type":"WebPage","@id":"https:\/\/compuviper.mx\/tienda\/producto\/startech-com-usbab2mr-cable-adaptador-usb-de-2m-para-impresora-acodado-1x-usb-a-macho-1x-usb-b-macho-en-angulo-derecho-mod\/","url":"https:\/\/compuviper.mx\/tienda\/producto\/startech-com-usbab2mr-cable-adaptador-usb-de-2m-para-impresora-acodado-1x-usb-a-macho-1x-usb-b-macho-en-angulo-derecho-mod\/","name":"[ Startech.com ] &#129351; Usbab2mr Cable Adaptador Usb De 2m Para Impresora Acodado - 1x Usb A Macho - 1x Usb B Macho En Angulo Derecho - Mod.","isPartOf":{"@id":"https:\/\/compuviper.mx\/tienda\/#website"},"datePublished":"2026-04-18T05:46:23+00:00","dateModified":"2026-04-18T05:46:24+00:00","description":"Compra Usbab2mr Cable Adaptador Usb De 2m Para Impresora Acodado - 1x Usb A Macho - 1x Usb B Macho En Angulo Derecho - Mod. + Env\u00edo a domicilio + Pago seguro + Garant\u00eda","breadcrumb":{"@id":"https:\/\/compuviper.mx\/tienda\/producto\/startech-com-usbab2mr-cable-adaptador-usb-de-2m-para-impresora-acodado-1x-usb-a-macho-1x-usb-b-macho-en-angulo-derecho-mod\/#breadcrumb"},"inLanguage":"es-MX","potentialAction":[{"@type":"ReadAction","target":["https:\/\/compuviper.mx\/tienda\/producto\/startech-com-usbab2mr-cable-adaptador-usb-de-2m-para-impresora-acodado-1x-usb-a-macho-1x-usb-b-macho-en-angulo-derecho-mod\/"]}]},{"@type":"BreadcrumbList","@id":"https:\/\/compuviper.mx\/tienda\/producto\/startech-com-usbab2mr-cable-adaptador-usb-de-2m-para-impresora-acodado-1x-usb-a-macho-1x-usb-b-macho-en-angulo-derecho-mod\/#breadcrumb","itemListElement":[{"@type":"ListItem","position":1,"name":"Inicio","item":"https:\/\/compuviper.mx\/tienda\/"},{"@type":"ListItem","position":2,"name":"Productos","item":"https:\/\/compuviper.mx\/tienda\/productos\/"},{"@type":"ListItem","position":3,"name":"Cables","item":"https:\/\/compuviper.mx\/tienda\/categoria-producto\/cables\/"},{"@type":"ListItem","position":4,"name":"Cable Usb","item":"https:\/\/compuviper.mx\/tienda\/categoria-producto\/cables\/cable-usb\/"},{"@type":"ListItem","position":5,"name":"Startech.com Usbab2mr Cable Adaptador Usb De 2m Para Impresora Acodado &#8211; 1x Usb A Macho &#8211; 1x Usb B Macho En Angulo Derecho &#8211; Mod."}]},{"@type":"WebSite","@id":"https:\/\/compuviper.mx\/tienda\/#website","url":"https:\/\/compuviper.mx\/tienda\/","name":"Compuviper","description":"Proveedor de Computadoras, Laptops, Servidores, Monitores, Puntos de Venta, Teclados,   Impresoras, T\u00f3ner, C\u00e1maras de Seguridad y m\u00e1s en tu tienda en l\u00ednea","publisher":{"@id":"https:\/\/compuviper.mx\/tienda\/#organization"},"potentialAction":[{"@type":"SearchAction","target":{"@type":"EntryPoint","urlTemplate":"https:\/\/compuviper.mx\/tienda\/?s={search_term_string}"},"query-input":"required name=search_term_string"}],"inLanguage":"es-MX"},{"@type":"Organization","@id":"https:\/\/compuviper.mx\/tienda\/#organization","name":"Compuviper","url":"https:\/\/compuviper.mx\/tienda\/","logo":{"@type":"ImageObject","inLanguage":"es-MX","@id":"https:\/\/compuviper.mx\/tienda\/#\/schema\/logo\/image\/","url":"https:\/\/compuviper.mx\/tienda\/wp-content\/uploads\/2021\/08\/Logo-Compuviper-10.png","contentUrl":"https:\/\/compuviper.mx\/tienda\/wp-content\/uploads\/2021\/08\/Logo-Compuviper-10.png","width":1000,"height":500,"caption":"Compuviper"},"image":{"@id":"https:\/\/compuviper.mx\/tienda\/#\/schema\/logo\/image\/"},"sameAs":["https:\/\/www.facebook.com\/compuviper","https:\/\/www.youtube.com\/channel\/UCf73dERp9Y3cfOq7q8BhLjA?view_as=subscriber"]}]},"product_brand":"STARTECH.COM","product_price_amount":"137","product_price_currency":"MXN","og_availability":"out of stock","product_availability":"out of stock","product_retailer_item_id":"USBAB2MR","product_condition":"new"},"_links":{"self":[{"href":"https:\/\/compuviper.mx\/tienda\/wp-json\/wp\/v2\/product\/213952"}],"collection":[{"href":"https:\/\/compuviper.mx\/tienda\/wp-json\/wp\/v2\/product"}],"about":[{"href":"https:\/\/compuviper.mx\/tienda\/wp-json\/wp\/v2\/types\/product"}],"replies":[{"embeddable":true,"href":"https:\/\/compuviper.mx\/tienda\/wp-json\/wp\/v2\/comments?post=213952"}],"wp:featuredmedia":[{"embeddable":true,"href":"https:\/\/compuviper.mx\/tienda\/wp-json\/wp\/v2\/media\/213953"}],"wp:attachment":[{"href":"https:\/\/compuviper.mx\/tienda\/wp-json\/wp\/v2\/media?parent=213952"}],"wp:term":[{"taxonomy":"product_cat","embeddable":true,"href":"https:\/\/compuviper.mx\/tienda\/wp-json\/wp\/v2\/product_cat?post=213952"},{"taxonomy":"product_tag","embeddable":true,"href":"https:\/\/compuviper.mx\/tienda\/wp-json\/wp\/v2\/product_tag?post=213952"}],"curies":[{"name":"wp","href":"https:\/\/api.w.org\/{rel}","templated":true}]}}