{"id":213930,"date":"2026-04-17T23:46:20","date_gmt":"2026-04-18T05:46:20","guid":{"rendered":"https:\/\/compuviper.mx\/tienda\/producto\/startech-com-rtpac10110-cable-de-corriente-de-3m-de-extension-cable-de-alimentacion-rotativo-plano-de-360-nema-5-15p-a-nema-5-15r-16awg-15a-125v-negro-3-puntas-ul-mod\/"},"modified":"2026-04-17T23:46:20","modified_gmt":"2026-04-18T05:46:20","slug":"startech-com-rtpac10110-cable-de-corriente-de-3m-de-extension-cable-de-alimentacion-rotativo-plano-de-360-nema-5-15p-a-nema-5-15r-16awg-15a-125v-negro-3-puntas-ul-mod","status":"publish","type":"product","link":"https:\/\/compuviper.mx\/tienda\/producto\/startech-com-rtpac10110-cable-de-corriente-de-3m-de-extension-cable-de-alimentacion-rotativo-plano-de-360-nema-5-15p-a-nema-5-15r-16awg-15a-125v-negro-3-puntas-ul-mod\/","title":{"rendered":"Startech.com Rtpac10110 Cable De Corriente De 3m De Extension &#8211; Cable De Alimentacion Rotativo Plano De 360 &#8211; Nema 5-15p A Nema 5-15r &#8211; 16awg &#8211; 15a 125v &#8211; Negro &#8211; 3 Puntas &#8211; Ul &#8211;  Mod."},"content":{"rendered":"<table class=\"descripcion\">\n<tr>\n<td>Caracter\u00edsticas f\u00edsicas<\/td>\n<\/tr>\n<tr>\n<td>Altura del producto: 4.0 cm<\/td>\n<\/tr>\n<tr>\n<td>Longitud del producto: 3.1 m<\/td>\n<\/tr>\n<tr>\n<td>Peso del producto: 394.0 g<\/td>\n<\/tr>\n<tr>\n<td>Ancho del producto: 3.8 cm<\/td>\n<\/tr>\n<tr>\n<td>Color: negro<\/td>\n<\/tr>\n<tr>\n<td>Estilo de conector: recto<\/td>\n<\/tr>\n<tr>\n<td>Calibre del conductor: 16 awg<\/td>\n<\/tr>\n<tr>\n<td>Longitud del cable: 3.0 m<\/td>\n<\/tr>\n<tr>\n<td>Conector(es)<\/td>\n<\/tr>\n<tr>\n<td>Conector a: 1 &#8211; alimentaci\u00f3n nema 5-15 (norteam\u00e9rica)<\/td>\n<\/tr>\n<tr>\n<td>Conector b: 1 &#8211; alimentaci\u00f3n nema 5-15 (norteam\u00e9rica)<\/td>\n<\/tr>\n<tr>\n<td>Hardware<\/td>\n<\/tr>\n<tr>\n<td>Cantidad de conductores: 3<\/td>\n<\/tr>\n<tr>\n<td>Cable tipo jacket: pvc &#8211; polyvinyl chloride<\/td>\n<\/tr>\n<tr>\n<td>Tipo de cable: sjt<\/td>\n<\/tr>\n<tr>\n<td>Requisitos de energ\u00eda<\/td>\n<\/tr>\n<tr>\n<td>Tensi\u00f3n de entrada: 125 ac<\/td>\n<\/tr>\n<tr>\n<td>Corriente de entrada: 15 a<\/td>\n<\/tr>\n<\/table>\n","protected":false},"excerpt":{"rendered":"<p>Este cable de extensi\u00f3n de alimentaci\u00f3n de 3m, cuenta con conectores giratorios nema 5-15p a nema 5-15r, maximizando el espacio disponible en su regleta, protector de sobretensi\u00f3n o toma de corriente. Con un enchufe plano que gira 360 and deg, este extensor de cable de alimentaci\u00f3n le permite conectar f\u00e1cilmente sus dispositivos sin da\u00f1ar el cable. El dise\u00f1o de la clavija plana proporciona una soluci\u00f3n conveniente cuando conecta sus dispositivos en espacios reducidos. La longitud adicional que proporciona este cable de tres metros permite una gesti\u00f3n m\u00e1s limpia de los cables al conectar los dispositivos alimentados. Construido con materiales de alta calidad, el cable de alimentaci\u00f3n nema est\u00e1 construido con un cable de 16 awg adecuado para conexiones de alta potencia.<\/p>\n","protected":false},"featured_media":213931,"comment_status":"open","ping_status":"open","template":"","meta":[],"product_cat":[1607,1549],"product_tag":[1590],"acf":[],"yoast_head":"<!-- This site is optimized with the Yoast SEO plugin v21.7 - https:\/\/yoast.com\/wordpress\/plugins\/seo\/ -->\n<title>[ Startech.com ] &#129351; Rtpac10110 Cable De Corriente De 3m De Extension - Cable De Alimentacion Rotativo Plano De 360 - Nema 5-15p A Nema 5-15r - 16awg - 15a 125v - Negro - 3 Puntas - Ul - Mod.<\/title>\n<meta name=\"description\" content=\"Compra Rtpac10110 Cable De Corriente De 3m De Extension - Cable De Alimentacion Rotativo Plano De 360 - Nema 5-15p A Nema 5-15r - 16awg - 15a 125v - Negro - 3 Puntas - Ul - Mod. + Env\u00edo a domicilio + Pago seguro + Garant\u00eda\" \/>\n<meta name=\"robots\" content=\"index, follow, max-snippet:-1, max-image-preview:large, max-video-preview:-1\" \/>\n<link rel=\"canonical\" href=\"https:\/\/compuviper.mx\/tienda\/producto\/startech-com-rtpac10110-cable-de-corriente-de-3m-de-extension-cable-de-alimentacion-rotativo-plano-de-360-nema-5-15p-a-nema-5-15r-16awg-15a-125v-negro-3-puntas-ul-mod\/\" \/>\n<meta property=\"og:locale\" content=\"es_MX\" \/>\n<meta property=\"og:type\" content=\"article\" \/>\n<meta property=\"og:title\" content=\"[ Startech.com ] &#129351; Rtpac10110 Cable De Corriente De 3m De Extension - Cable De Alimentacion Rotativo Plano De 360 - Nema 5-15p A Nema 5-15r - 16awg - 15a 125v - Negro - 3 Puntas - Ul - Mod.\" \/>\n<meta property=\"og:description\" content=\"Compra Rtpac10110 Cable De Corriente De 3m De Extension - Cable De Alimentacion Rotativo Plano De 360 - Nema 5-15p A Nema 5-15r - 16awg - 15a 125v - Negro - 3 Puntas - Ul - Mod. + Env\u00edo a domicilio + Pago seguro + Garant\u00eda\" \/>\n<meta property=\"og:url\" content=\"https:\/\/compuviper.mx\/tienda\/producto\/startech-com-rtpac10110-cable-de-corriente-de-3m-de-extension-cable-de-alimentacion-rotativo-plano-de-360-nema-5-15p-a-nema-5-15r-16awg-15a-125v-negro-3-puntas-ul-mod\/\" \/>\n<meta property=\"og:site_name\" content=\"Compuviper\" \/>\n<meta property=\"article:publisher\" content=\"https:\/\/www.facebook.com\/compuviper\" \/>\n<meta property=\"og:image\" content=\"https:\/\/compuviper.mx\/tienda\/wp-content\/uploads\/2023\/12\/Cable-de-corriente-de-3m-de-extension-cable-de-alimentacion-rotativo-plano-de-360\u00b0-nema-5-15p-a-nema-5-15r-16awg-15a-125v-negro-3-puntas-ul-startech.com-mod.-rtpac10110.jpg\" \/>\n\t<meta property=\"og:image:width\" content=\"200\" \/>\n\t<meta property=\"og:image:height\" content=\"200\" \/>\n\t<meta property=\"og:image:type\" content=\"image\/jpeg\" \/>\n<meta name=\"twitter:card\" content=\"summary_large_image\" \/>\n<meta name=\"twitter:label1\" content=\"Precio\" \/>\n\t<meta name=\"twitter:data1\" content=\"&#36;300 con IVA\" \/>\n\t<meta name=\"twitter:label2\" content=\"Availability\" \/>\n\t<meta name=\"twitter:data2\" content=\"Out of stock\" \/>\n<script type=\"application\/ld+json\" class=\"yoast-schema-graph\">{\"@context\":\"https:\/\/schema.org\",\"@graph\":[{\"@type\":\"WebPage\",\"@id\":\"https:\/\/compuviper.mx\/tienda\/producto\/startech-com-rtpac10110-cable-de-corriente-de-3m-de-extension-cable-de-alimentacion-rotativo-plano-de-360-nema-5-15p-a-nema-5-15r-16awg-15a-125v-negro-3-puntas-ul-mod\/\",\"url\":\"https:\/\/compuviper.mx\/tienda\/producto\/startech-com-rtpac10110-cable-de-corriente-de-3m-de-extension-cable-de-alimentacion-rotativo-plano-de-360-nema-5-15p-a-nema-5-15r-16awg-15a-125v-negro-3-puntas-ul-mod\/\",\"name\":\"[ Startech.com ] &#129351; Rtpac10110 Cable De Corriente De 3m De Extension - Cable De Alimentacion Rotativo Plano De 360 - Nema 5-15p A Nema 5-15r - 16awg - 15a 125v - Negro - 3 Puntas - Ul - Mod.\",\"isPartOf\":{\"@id\":\"https:\/\/compuviper.mx\/tienda\/#website\"},\"datePublished\":\"2026-04-18T05:46:20+00:00\",\"dateModified\":\"2026-04-18T05:46:20+00:00\",\"description\":\"Compra Rtpac10110 Cable De Corriente De 3m De Extension - Cable De Alimentacion Rotativo Plano De 360 - Nema 5-15p A Nema 5-15r - 16awg - 15a 125v - Negro - 3 Puntas - Ul - Mod. + Env\u00edo a domicilio + Pago seguro + Garant\u00eda\",\"breadcrumb\":{\"@id\":\"https:\/\/compuviper.mx\/tienda\/producto\/startech-com-rtpac10110-cable-de-corriente-de-3m-de-extension-cable-de-alimentacion-rotativo-plano-de-360-nema-5-15p-a-nema-5-15r-16awg-15a-125v-negro-3-puntas-ul-mod\/#breadcrumb\"},\"inLanguage\":\"es-MX\",\"potentialAction\":[{\"@type\":\"ReadAction\",\"target\":[\"https:\/\/compuviper.mx\/tienda\/producto\/startech-com-rtpac10110-cable-de-corriente-de-3m-de-extension-cable-de-alimentacion-rotativo-plano-de-360-nema-5-15p-a-nema-5-15r-16awg-15a-125v-negro-3-puntas-ul-mod\/\"]}]},{\"@type\":\"BreadcrumbList\",\"@id\":\"https:\/\/compuviper.mx\/tienda\/producto\/startech-com-rtpac10110-cable-de-corriente-de-3m-de-extension-cable-de-alimentacion-rotativo-plano-de-360-nema-5-15p-a-nema-5-15r-16awg-15a-125v-negro-3-puntas-ul-mod\/#breadcrumb\",\"itemListElement\":[{\"@type\":\"ListItem\",\"position\":1,\"name\":\"Inicio\",\"item\":\"https:\/\/compuviper.mx\/tienda\/\"},{\"@type\":\"ListItem\",\"position\":2,\"name\":\"Productos\",\"item\":\"https:\/\/compuviper.mx\/tienda\/productos\/\"},{\"@type\":\"ListItem\",\"position\":3,\"name\":\"Cables\",\"item\":\"https:\/\/compuviper.mx\/tienda\/categoria-producto\/cables\/\"},{\"@type\":\"ListItem\",\"position\":4,\"name\":\"Cable De Corriente\",\"item\":\"https:\/\/compuviper.mx\/tienda\/categoria-producto\/cables\/cable-de-corriente\/\"},{\"@type\":\"ListItem\",\"position\":5,\"name\":\"Startech.com Rtpac10110 Cable De Corriente De 3m De Extension &#8211; Cable De Alimentacion Rotativo Plano De 360 &#8211; Nema 5-15p A Nema 5-15r &#8211; 16awg &#8211; 15a 125v &#8211; Negro &#8211; 3 Puntas &#8211; Ul &#8211; Mod.\"}]},{\"@type\":\"WebSite\",\"@id\":\"https:\/\/compuviper.mx\/tienda\/#website\",\"url\":\"https:\/\/compuviper.mx\/tienda\/\",\"name\":\"Compuviper\",\"description\":\"Proveedor de Computadoras, Laptops, Servidores, Monitores, Puntos de Venta, Teclados,   Impresoras, T\u00f3ner, C\u00e1maras de Seguridad y m\u00e1s en tu tienda en l\u00ednea\",\"publisher\":{\"@id\":\"https:\/\/compuviper.mx\/tienda\/#organization\"},\"potentialAction\":[{\"@type\":\"SearchAction\",\"target\":{\"@type\":\"EntryPoint\",\"urlTemplate\":\"https:\/\/compuviper.mx\/tienda\/?s={search_term_string}\"},\"query-input\":\"required name=search_term_string\"}],\"inLanguage\":\"es-MX\"},{\"@type\":\"Organization\",\"@id\":\"https:\/\/compuviper.mx\/tienda\/#organization\",\"name\":\"Compuviper\",\"url\":\"https:\/\/compuviper.mx\/tienda\/\",\"logo\":{\"@type\":\"ImageObject\",\"inLanguage\":\"es-MX\",\"@id\":\"https:\/\/compuviper.mx\/tienda\/#\/schema\/logo\/image\/\",\"url\":\"https:\/\/compuviper.mx\/tienda\/wp-content\/uploads\/2021\/08\/Logo-Compuviper-10.png\",\"contentUrl\":\"https:\/\/compuviper.mx\/tienda\/wp-content\/uploads\/2021\/08\/Logo-Compuviper-10.png\",\"width\":1000,\"height\":500,\"caption\":\"Compuviper\"},\"image\":{\"@id\":\"https:\/\/compuviper.mx\/tienda\/#\/schema\/logo\/image\/\"},\"sameAs\":[\"https:\/\/www.facebook.com\/compuviper\",\"https:\/\/www.youtube.com\/channel\/UCf73dERp9Y3cfOq7q8BhLjA?view_as=subscriber\"]}]}<\/script>\n<meta property=\"product:brand\" content=\"STARTECH.COM\" \/>\n<meta property=\"product:price:amount\" content=\"300\" \/>\n<meta property=\"product:price:currency\" content=\"MXN\" \/>\n<meta property=\"og:availability\" content=\"out of stock\" \/>\n<meta property=\"product:availability\" content=\"out of stock\" \/>\n<meta property=\"product:retailer_item_id\" content=\"RTPAC10110\" \/>\n<meta property=\"product:condition\" content=\"new\" \/>\n<!-- \/ Yoast SEO plugin. -->","yoast_head_json":{"title":"[ Startech.com ] &#129351; Rtpac10110 Cable De Corriente De 3m De Extension - Cable De Alimentacion Rotativo Plano De 360 - Nema 5-15p A Nema 5-15r - 16awg - 15a 125v - Negro - 3 Puntas - Ul - Mod.","description":"Compra Rtpac10110 Cable De Corriente De 3m De Extension - Cable De Alimentacion Rotativo Plano De 360 - Nema 5-15p A Nema 5-15r - 16awg - 15a 125v - Negro - 3 Puntas - Ul - Mod. + Env\u00edo a domicilio + Pago seguro + Garant\u00eda","robots":{"index":"index","follow":"follow","max-snippet":"max-snippet:-1","max-image-preview":"max-image-preview:large","max-video-preview":"max-video-preview:-1"},"canonical":"https:\/\/compuviper.mx\/tienda\/producto\/startech-com-rtpac10110-cable-de-corriente-de-3m-de-extension-cable-de-alimentacion-rotativo-plano-de-360-nema-5-15p-a-nema-5-15r-16awg-15a-125v-negro-3-puntas-ul-mod\/","og_locale":"es_MX","og_type":"article","og_title":"[ Startech.com ] &#129351; Rtpac10110 Cable De Corriente De 3m De Extension - Cable De Alimentacion Rotativo Plano De 360 - Nema 5-15p A Nema 5-15r - 16awg - 15a 125v - Negro - 3 Puntas - Ul - Mod.","og_description":"Compra Rtpac10110 Cable De Corriente De 3m De Extension - Cable De Alimentacion Rotativo Plano De 360 - Nema 5-15p A Nema 5-15r - 16awg - 15a 125v - Negro - 3 Puntas - Ul - Mod. + Env\u00edo a domicilio + Pago seguro + Garant\u00eda","og_url":"https:\/\/compuviper.mx\/tienda\/producto\/startech-com-rtpac10110-cable-de-corriente-de-3m-de-extension-cable-de-alimentacion-rotativo-plano-de-360-nema-5-15p-a-nema-5-15r-16awg-15a-125v-negro-3-puntas-ul-mod\/","og_site_name":"Compuviper","article_publisher":"https:\/\/www.facebook.com\/compuviper","og_image":[{"width":200,"height":200,"url":"https:\/\/compuviper.mx\/tienda\/wp-content\/uploads\/2023\/12\/Cable-de-corriente-de-3m-de-extension-cable-de-alimentacion-rotativo-plano-de-360\u00b0-nema-5-15p-a-nema-5-15r-16awg-15a-125v-negro-3-puntas-ul-startech.com-mod.-rtpac10110.jpg","type":"image\/jpeg"}],"twitter_card":"summary_large_image","twitter_misc":{"Precio":"&#36;300 con IVA","Availability":"Out of stock"},"schema":{"@context":"https:\/\/schema.org","@graph":[{"@type":"WebPage","@id":"https:\/\/compuviper.mx\/tienda\/producto\/startech-com-rtpac10110-cable-de-corriente-de-3m-de-extension-cable-de-alimentacion-rotativo-plano-de-360-nema-5-15p-a-nema-5-15r-16awg-15a-125v-negro-3-puntas-ul-mod\/","url":"https:\/\/compuviper.mx\/tienda\/producto\/startech-com-rtpac10110-cable-de-corriente-de-3m-de-extension-cable-de-alimentacion-rotativo-plano-de-360-nema-5-15p-a-nema-5-15r-16awg-15a-125v-negro-3-puntas-ul-mod\/","name":"[ Startech.com ] &#129351; Rtpac10110 Cable De Corriente De 3m De Extension - Cable De Alimentacion Rotativo Plano De 360 - Nema 5-15p A Nema 5-15r - 16awg - 15a 125v - Negro - 3 Puntas - Ul - Mod.","isPartOf":{"@id":"https:\/\/compuviper.mx\/tienda\/#website"},"datePublished":"2026-04-18T05:46:20+00:00","dateModified":"2026-04-18T05:46:20+00:00","description":"Compra Rtpac10110 Cable De Corriente De 3m De Extension - Cable De Alimentacion Rotativo Plano De 360 - Nema 5-15p A Nema 5-15r - 16awg - 15a 125v - Negro - 3 Puntas - Ul - Mod. + Env\u00edo a domicilio + Pago seguro + Garant\u00eda","breadcrumb":{"@id":"https:\/\/compuviper.mx\/tienda\/producto\/startech-com-rtpac10110-cable-de-corriente-de-3m-de-extension-cable-de-alimentacion-rotativo-plano-de-360-nema-5-15p-a-nema-5-15r-16awg-15a-125v-negro-3-puntas-ul-mod\/#breadcrumb"},"inLanguage":"es-MX","potentialAction":[{"@type":"ReadAction","target":["https:\/\/compuviper.mx\/tienda\/producto\/startech-com-rtpac10110-cable-de-corriente-de-3m-de-extension-cable-de-alimentacion-rotativo-plano-de-360-nema-5-15p-a-nema-5-15r-16awg-15a-125v-negro-3-puntas-ul-mod\/"]}]},{"@type":"BreadcrumbList","@id":"https:\/\/compuviper.mx\/tienda\/producto\/startech-com-rtpac10110-cable-de-corriente-de-3m-de-extension-cable-de-alimentacion-rotativo-plano-de-360-nema-5-15p-a-nema-5-15r-16awg-15a-125v-negro-3-puntas-ul-mod\/#breadcrumb","itemListElement":[{"@type":"ListItem","position":1,"name":"Inicio","item":"https:\/\/compuviper.mx\/tienda\/"},{"@type":"ListItem","position":2,"name":"Productos","item":"https:\/\/compuviper.mx\/tienda\/productos\/"},{"@type":"ListItem","position":3,"name":"Cables","item":"https:\/\/compuviper.mx\/tienda\/categoria-producto\/cables\/"},{"@type":"ListItem","position":4,"name":"Cable De Corriente","item":"https:\/\/compuviper.mx\/tienda\/categoria-producto\/cables\/cable-de-corriente\/"},{"@type":"ListItem","position":5,"name":"Startech.com Rtpac10110 Cable De Corriente De 3m De Extension &#8211; Cable De Alimentacion Rotativo Plano De 360 &#8211; Nema 5-15p A Nema 5-15r &#8211; 16awg &#8211; 15a 125v &#8211; Negro &#8211; 3 Puntas &#8211; Ul &#8211; Mod."}]},{"@type":"WebSite","@id":"https:\/\/compuviper.mx\/tienda\/#website","url":"https:\/\/compuviper.mx\/tienda\/","name":"Compuviper","description":"Proveedor de Computadoras, Laptops, Servidores, Monitores, Puntos de Venta, Teclados,   Impresoras, T\u00f3ner, C\u00e1maras de Seguridad y m\u00e1s en tu tienda en l\u00ednea","publisher":{"@id":"https:\/\/compuviper.mx\/tienda\/#organization"},"potentialAction":[{"@type":"SearchAction","target":{"@type":"EntryPoint","urlTemplate":"https:\/\/compuviper.mx\/tienda\/?s={search_term_string}"},"query-input":"required name=search_term_string"}],"inLanguage":"es-MX"},{"@type":"Organization","@id":"https:\/\/compuviper.mx\/tienda\/#organization","name":"Compuviper","url":"https:\/\/compuviper.mx\/tienda\/","logo":{"@type":"ImageObject","inLanguage":"es-MX","@id":"https:\/\/compuviper.mx\/tienda\/#\/schema\/logo\/image\/","url":"https:\/\/compuviper.mx\/tienda\/wp-content\/uploads\/2021\/08\/Logo-Compuviper-10.png","contentUrl":"https:\/\/compuviper.mx\/tienda\/wp-content\/uploads\/2021\/08\/Logo-Compuviper-10.png","width":1000,"height":500,"caption":"Compuviper"},"image":{"@id":"https:\/\/compuviper.mx\/tienda\/#\/schema\/logo\/image\/"},"sameAs":["https:\/\/www.facebook.com\/compuviper","https:\/\/www.youtube.com\/channel\/UCf73dERp9Y3cfOq7q8BhLjA?view_as=subscriber"]}]},"product_brand":"STARTECH.COM","product_price_amount":"300","product_price_currency":"MXN","og_availability":"out of stock","product_availability":"out of stock","product_retailer_item_id":"RTPAC10110","product_condition":"new"},"_links":{"self":[{"href":"https:\/\/compuviper.mx\/tienda\/wp-json\/wp\/v2\/product\/213930"}],"collection":[{"href":"https:\/\/compuviper.mx\/tienda\/wp-json\/wp\/v2\/product"}],"about":[{"href":"https:\/\/compuviper.mx\/tienda\/wp-json\/wp\/v2\/types\/product"}],"replies":[{"embeddable":true,"href":"https:\/\/compuviper.mx\/tienda\/wp-json\/wp\/v2\/comments?post=213930"}],"wp:featuredmedia":[{"embeddable":true,"href":"https:\/\/compuviper.mx\/tienda\/wp-json\/wp\/v2\/media\/213931"}],"wp:attachment":[{"href":"https:\/\/compuviper.mx\/tienda\/wp-json\/wp\/v2\/media?parent=213930"}],"wp:term":[{"taxonomy":"product_cat","embeddable":true,"href":"https:\/\/compuviper.mx\/tienda\/wp-json\/wp\/v2\/product_cat?post=213930"},{"taxonomy":"product_tag","embeddable":true,"href":"https:\/\/compuviper.mx\/tienda\/wp-json\/wp\/v2\/product_tag?post=213930"}],"curies":[{"name":"wp","href":"https:\/\/api.w.org\/{rel}","templated":true}]}}