{"id":213918,"date":"2026-04-17T23:46:16","date_gmt":"2026-04-18T05:46:16","guid":{"rendered":"https:\/\/compuviper.mx\/tienda\/producto\/manhattan-355568-cable-displayport-v1-4-m-m-1-0m-negro-8k60hz\/"},"modified":"2026-04-17T23:46:17","modified_gmt":"2026-04-18T05:46:17","slug":"manhattan-355568-cable-displayport-v1-4-m-m-1-0m-negro-8k60hz","status":"publish","type":"product","link":"https:\/\/compuviper.mx\/tienda\/producto\/manhattan-355568-cable-displayport-v1-4-m-m-1-0m-negro-8k60hz\/","title":{"rendered":"Manhattan 355568 Cable Displayport,,, V1.4 M-m, 1.0m Negro 8k60hz"},"content":{"rendered":"<table class=\"descripcion\">\n<tr>\n<td>El cable de video displayport de manhattan te prepara para los retos gr\u00e1ficos<\/td>\n<\/tr>\n<tr>\n<td>M\u00e1s exigentes en juegos, se\u00f1alizaci\u00f3n digital y otras aplicaciones av de gama<\/td>\n<\/tr>\n<tr>\n<td>Alta. su est\u00e1ndar superior displayport 1.4 ofrece im\u00e1genes brillantes en 8k<\/td>\n<\/tr>\n<tr>\n<td>(7680 x 4320) a 60 hz o 4k uhd a 144 hz con hdr para un contraste y colores<\/td>\n<\/tr>\n<tr>\n<td>Perfectos. el triple apantallamiento y los contactos chapados en oro<\/td>\n<\/tr>\n<tr>\n<td>Proporcionan una conductividad m\u00e1xima, as\u00ed como transmisiones de se\u00f1ales<\/td>\n<\/tr>\n<tr>\n<td>Claras y n\u00edtidas con cero interferencias emi<\/td>\n<\/tr>\n<\/table>\n","protected":false},"excerpt":{"rendered":"<p>Features. Displayport macho de 20 pines a displayport macho de 20 pines con. Seguros de sujeci\u00f3n en el conector. Displayport 1.4 con funciones de vanguardia preparadas para el futuro. De aplicaciones av y juegos de gama alta. Admite resoluciones 8k @ 60hz, 4k @ 144hz, 1440p @ 144hz. (uwqhd), 1440p @ 165hz (wqhd) y 1080p @ 240hz. Hdr para un contraste superior y colores brillantes. Soporta dolby vision\u0099 y dolby atmos\u00ae. Ancho de banda de hasta 32.4 gbps. Contactos chapados en oro para conexiones libres de corrosi\u00f3n. Triple blindaje para reducir emi y otras fuentes de interferencia. Pin 20 sin conductor para evitar cortocircuitos. Admite transporte de transmisi\u00f3n m\u00faltiple (mst) para conectar en. Cadena m\u00faltiples pantallas. Audio de 32 canales sin comprimir. Compatible con displayport high bit rate 3 (hbr3. Display stream compression 1.2 (dsc) para una salida de m\u00e1xima. Resoluci\u00f3n. Compatible con hdcp 2.2. 3 a\u00f1os de garant\u00eda* (*consulte el tiempo de garant\u00eda en su pa\u00eds.. Especificaciones. Est\u00e1ndares y certificaciones. \u0095 displayport v1.4. \u0095 ce. \u0095 rohs. \u0095 hdcp 2.2. Conectores. \u0095 dos displayport macho de 20 pines con seguros. \u0095 19 contactos. \u0095 contactos chapados en oro. \u0095 carcasa abs. Cable. \u0095 cable de 28 awg. \u0095 tensi\u00f3n de resistencia: 300 v dc. \u0095 voltaje de ruptura: 300 v dc. \u0095 resistencia de aislamiento: 5 mohms. \u0095 cobertura de tejido trenzado. \u0095 cubierta de pvc. \u0095 longitud: 1 m (3 pies. \u0095 peso: 69 g (2.43 oz.)<\/p>\n","protected":false},"featured_media":213919,"comment_status":"open","ping_status":"open","template":"","meta":[],"product_cat":[1549,1550],"product_tag":[1487],"acf":[],"yoast_head":"<!-- This site is optimized with the Yoast SEO plugin v21.7 - https:\/\/yoast.com\/wordpress\/plugins\/seo\/ -->\n<title>[ Manhattan ] &#129351; 355568 Cable Displayport,,, V1.4 M-m, 1.0m Negro 8k60hz<\/title>\n<meta name=\"description\" content=\"Compra 355568 Cable Displayport,,, V1.4 M-m, 1.0m Negro 8k60hz + Env\u00edo a domicilio + Pago seguro + Garant\u00eda\" \/>\n<meta name=\"robots\" content=\"index, follow, max-snippet:-1, max-image-preview:large, max-video-preview:-1\" \/>\n<link rel=\"canonical\" href=\"https:\/\/compuviper.mx\/tienda\/producto\/manhattan-355568-cable-displayport-v1-4-m-m-1-0m-negro-8k60hz\/\" \/>\n<meta property=\"og:locale\" content=\"es_MX\" \/>\n<meta property=\"og:type\" content=\"article\" \/>\n<meta property=\"og:title\" content=\"[ Manhattan ] &#129351; 355568 Cable Displayport,,, V1.4 M-m, 1.0m Negro 8k60hz\" \/>\n<meta property=\"og:description\" content=\"Compra 355568 Cable Displayport,,, V1.4 M-m, 1.0m Negro 8k60hz + Env\u00edo a domicilio + Pago seguro + Garant\u00eda\" \/>\n<meta property=\"og:url\" content=\"https:\/\/compuviper.mx\/tienda\/producto\/manhattan-355568-cable-displayport-v1-4-m-m-1-0m-negro-8k60hz\/\" \/>\n<meta property=\"og:site_name\" content=\"Compuviper\" \/>\n<meta property=\"article:publisher\" content=\"https:\/\/www.facebook.com\/compuviper\" \/>\n<meta property=\"article:modified_time\" content=\"2026-04-18T05:46:17+00:00\" \/>\n<meta property=\"og:image\" content=\"https:\/\/compuviper.mx\/tienda\/wp-content\/uploads\/2023\/12\/Cable-displayportmanhattan355568-v1.4-m-m-1.0m-negro-8k60hz.jpg\" \/>\n\t<meta property=\"og:image:width\" content=\"200\" \/>\n\t<meta property=\"og:image:height\" content=\"200\" \/>\n\t<meta property=\"og:image:type\" content=\"image\/jpeg\" \/>\n<meta name=\"twitter:card\" content=\"summary_large_image\" \/>\n<meta name=\"twitter:label1\" content=\"Precio\" \/>\n\t<meta name=\"twitter:data1\" content=\"&#36;92 con IVA\" \/>\n\t<meta name=\"twitter:label2\" content=\"Availability\" \/>\n\t<meta name=\"twitter:data2\" content=\"In stock\" \/>\n<script type=\"application\/ld+json\" class=\"yoast-schema-graph\">{\"@context\":\"https:\/\/schema.org\",\"@graph\":[{\"@type\":\"WebPage\",\"@id\":\"https:\/\/compuviper.mx\/tienda\/producto\/manhattan-355568-cable-displayport-v1-4-m-m-1-0m-negro-8k60hz\/\",\"url\":\"https:\/\/compuviper.mx\/tienda\/producto\/manhattan-355568-cable-displayport-v1-4-m-m-1-0m-negro-8k60hz\/\",\"name\":\"[ Manhattan ] &#129351; 355568 Cable Displayport,,, V1.4 M-m, 1.0m Negro 8k60hz\",\"isPartOf\":{\"@id\":\"https:\/\/compuviper.mx\/tienda\/#website\"},\"datePublished\":\"2026-04-18T05:46:16+00:00\",\"dateModified\":\"2026-04-18T05:46:17+00:00\",\"description\":\"Compra 355568 Cable Displayport,,, V1.4 M-m, 1.0m Negro 8k60hz + Env\u00edo a domicilio + Pago seguro + Garant\u00eda\",\"breadcrumb\":{\"@id\":\"https:\/\/compuviper.mx\/tienda\/producto\/manhattan-355568-cable-displayport-v1-4-m-m-1-0m-negro-8k60hz\/#breadcrumb\"},\"inLanguage\":\"es-MX\",\"potentialAction\":[{\"@type\":\"ReadAction\",\"target\":[\"https:\/\/compuviper.mx\/tienda\/producto\/manhattan-355568-cable-displayport-v1-4-m-m-1-0m-negro-8k60hz\/\"]}]},{\"@type\":\"BreadcrumbList\",\"@id\":\"https:\/\/compuviper.mx\/tienda\/producto\/manhattan-355568-cable-displayport-v1-4-m-m-1-0m-negro-8k60hz\/#breadcrumb\",\"itemListElement\":[{\"@type\":\"ListItem\",\"position\":1,\"name\":\"Inicio\",\"item\":\"https:\/\/compuviper.mx\/tienda\/\"},{\"@type\":\"ListItem\",\"position\":2,\"name\":\"Productos\",\"item\":\"https:\/\/compuviper.mx\/tienda\/productos\/\"},{\"@type\":\"ListItem\",\"position\":3,\"name\":\"Cables\",\"item\":\"https:\/\/compuviper.mx\/tienda\/categoria-producto\/cables\/\"},{\"@type\":\"ListItem\",\"position\":4,\"name\":\"Cable De Video\",\"item\":\"https:\/\/compuviper.mx\/tienda\/categoria-producto\/cables\/cable-de-video\/\"},{\"@type\":\"ListItem\",\"position\":5,\"name\":\"Manhattan 355568 Cable Displayport,,, V1.4 M-m, 1.0m Negro 8k60hz\"}]},{\"@type\":\"WebSite\",\"@id\":\"https:\/\/compuviper.mx\/tienda\/#website\",\"url\":\"https:\/\/compuviper.mx\/tienda\/\",\"name\":\"Compuviper\",\"description\":\"Proveedor de Computadoras, Laptops, Servidores, Monitores, Puntos de Venta, Teclados,   Impresoras, T\u00f3ner, C\u00e1maras de Seguridad y m\u00e1s en tu tienda en l\u00ednea\",\"publisher\":{\"@id\":\"https:\/\/compuviper.mx\/tienda\/#organization\"},\"potentialAction\":[{\"@type\":\"SearchAction\",\"target\":{\"@type\":\"EntryPoint\",\"urlTemplate\":\"https:\/\/compuviper.mx\/tienda\/?s={search_term_string}\"},\"query-input\":\"required name=search_term_string\"}],\"inLanguage\":\"es-MX\"},{\"@type\":\"Organization\",\"@id\":\"https:\/\/compuviper.mx\/tienda\/#organization\",\"name\":\"Compuviper\",\"url\":\"https:\/\/compuviper.mx\/tienda\/\",\"logo\":{\"@type\":\"ImageObject\",\"inLanguage\":\"es-MX\",\"@id\":\"https:\/\/compuviper.mx\/tienda\/#\/schema\/logo\/image\/\",\"url\":\"https:\/\/compuviper.mx\/tienda\/wp-content\/uploads\/2021\/08\/Logo-Compuviper-10.png\",\"contentUrl\":\"https:\/\/compuviper.mx\/tienda\/wp-content\/uploads\/2021\/08\/Logo-Compuviper-10.png\",\"width\":1000,\"height\":500,\"caption\":\"Compuviper\"},\"image\":{\"@id\":\"https:\/\/compuviper.mx\/tienda\/#\/schema\/logo\/image\/\"},\"sameAs\":[\"https:\/\/www.facebook.com\/compuviper\",\"https:\/\/www.youtube.com\/channel\/UCf73dERp9Y3cfOq7q8BhLjA?view_as=subscriber\"]}]}<\/script>\n<meta property=\"product:brand\" content=\"MANHATTAN\" \/>\n<meta property=\"product:price:amount\" content=\"92\" \/>\n<meta property=\"product:price:currency\" content=\"MXN\" \/>\n<meta property=\"og:availability\" content=\"instock\" \/>\n<meta property=\"product:availability\" content=\"instock\" \/>\n<meta property=\"product:retailer_item_id\" content=\"355568\" \/>\n<meta property=\"product:condition\" content=\"new\" \/>\n<!-- \/ Yoast SEO plugin. -->","yoast_head_json":{"title":"[ Manhattan ] &#129351; 355568 Cable Displayport,,, V1.4 M-m, 1.0m Negro 8k60hz","description":"Compra 355568 Cable Displayport,,, V1.4 M-m, 1.0m Negro 8k60hz + Env\u00edo a domicilio + Pago seguro + Garant\u00eda","robots":{"index":"index","follow":"follow","max-snippet":"max-snippet:-1","max-image-preview":"max-image-preview:large","max-video-preview":"max-video-preview:-1"},"canonical":"https:\/\/compuviper.mx\/tienda\/producto\/manhattan-355568-cable-displayport-v1-4-m-m-1-0m-negro-8k60hz\/","og_locale":"es_MX","og_type":"article","og_title":"[ Manhattan ] &#129351; 355568 Cable Displayport,,, V1.4 M-m, 1.0m Negro 8k60hz","og_description":"Compra 355568 Cable Displayport,,, V1.4 M-m, 1.0m Negro 8k60hz + Env\u00edo a domicilio + Pago seguro + Garant\u00eda","og_url":"https:\/\/compuviper.mx\/tienda\/producto\/manhattan-355568-cable-displayport-v1-4-m-m-1-0m-negro-8k60hz\/","og_site_name":"Compuviper","article_publisher":"https:\/\/www.facebook.com\/compuviper","article_modified_time":"2026-04-18T05:46:17+00:00","og_image":[{"width":200,"height":200,"url":"https:\/\/compuviper.mx\/tienda\/wp-content\/uploads\/2023\/12\/Cable-displayportmanhattan355568-v1.4-m-m-1.0m-negro-8k60hz.jpg","type":"image\/jpeg"}],"twitter_card":"summary_large_image","twitter_misc":{"Precio":"&#36;92 con IVA","Availability":"In stock"},"schema":{"@context":"https:\/\/schema.org","@graph":[{"@type":"WebPage","@id":"https:\/\/compuviper.mx\/tienda\/producto\/manhattan-355568-cable-displayport-v1-4-m-m-1-0m-negro-8k60hz\/","url":"https:\/\/compuviper.mx\/tienda\/producto\/manhattan-355568-cable-displayport-v1-4-m-m-1-0m-negro-8k60hz\/","name":"[ Manhattan ] &#129351; 355568 Cable Displayport,,, V1.4 M-m, 1.0m Negro 8k60hz","isPartOf":{"@id":"https:\/\/compuviper.mx\/tienda\/#website"},"datePublished":"2026-04-18T05:46:16+00:00","dateModified":"2026-04-18T05:46:17+00:00","description":"Compra 355568 Cable Displayport,,, V1.4 M-m, 1.0m Negro 8k60hz + Env\u00edo a domicilio + Pago seguro + Garant\u00eda","breadcrumb":{"@id":"https:\/\/compuviper.mx\/tienda\/producto\/manhattan-355568-cable-displayport-v1-4-m-m-1-0m-negro-8k60hz\/#breadcrumb"},"inLanguage":"es-MX","potentialAction":[{"@type":"ReadAction","target":["https:\/\/compuviper.mx\/tienda\/producto\/manhattan-355568-cable-displayport-v1-4-m-m-1-0m-negro-8k60hz\/"]}]},{"@type":"BreadcrumbList","@id":"https:\/\/compuviper.mx\/tienda\/producto\/manhattan-355568-cable-displayport-v1-4-m-m-1-0m-negro-8k60hz\/#breadcrumb","itemListElement":[{"@type":"ListItem","position":1,"name":"Inicio","item":"https:\/\/compuviper.mx\/tienda\/"},{"@type":"ListItem","position":2,"name":"Productos","item":"https:\/\/compuviper.mx\/tienda\/productos\/"},{"@type":"ListItem","position":3,"name":"Cables","item":"https:\/\/compuviper.mx\/tienda\/categoria-producto\/cables\/"},{"@type":"ListItem","position":4,"name":"Cable De Video","item":"https:\/\/compuviper.mx\/tienda\/categoria-producto\/cables\/cable-de-video\/"},{"@type":"ListItem","position":5,"name":"Manhattan 355568 Cable Displayport,,, V1.4 M-m, 1.0m Negro 8k60hz"}]},{"@type":"WebSite","@id":"https:\/\/compuviper.mx\/tienda\/#website","url":"https:\/\/compuviper.mx\/tienda\/","name":"Compuviper","description":"Proveedor de Computadoras, Laptops, Servidores, Monitores, Puntos de Venta, Teclados,   Impresoras, T\u00f3ner, C\u00e1maras de Seguridad y m\u00e1s en tu tienda en l\u00ednea","publisher":{"@id":"https:\/\/compuviper.mx\/tienda\/#organization"},"potentialAction":[{"@type":"SearchAction","target":{"@type":"EntryPoint","urlTemplate":"https:\/\/compuviper.mx\/tienda\/?s={search_term_string}"},"query-input":"required name=search_term_string"}],"inLanguage":"es-MX"},{"@type":"Organization","@id":"https:\/\/compuviper.mx\/tienda\/#organization","name":"Compuviper","url":"https:\/\/compuviper.mx\/tienda\/","logo":{"@type":"ImageObject","inLanguage":"es-MX","@id":"https:\/\/compuviper.mx\/tienda\/#\/schema\/logo\/image\/","url":"https:\/\/compuviper.mx\/tienda\/wp-content\/uploads\/2021\/08\/Logo-Compuviper-10.png","contentUrl":"https:\/\/compuviper.mx\/tienda\/wp-content\/uploads\/2021\/08\/Logo-Compuviper-10.png","width":1000,"height":500,"caption":"Compuviper"},"image":{"@id":"https:\/\/compuviper.mx\/tienda\/#\/schema\/logo\/image\/"},"sameAs":["https:\/\/www.facebook.com\/compuviper","https:\/\/www.youtube.com\/channel\/UCf73dERp9Y3cfOq7q8BhLjA?view_as=subscriber"]}]},"product_brand":"MANHATTAN","product_price_amount":"92","product_price_currency":"MXN","og_availability":"instock","product_availability":"instock","product_retailer_item_id":"355568","product_condition":"new"},"_links":{"self":[{"href":"https:\/\/compuviper.mx\/tienda\/wp-json\/wp\/v2\/product\/213918"}],"collection":[{"href":"https:\/\/compuviper.mx\/tienda\/wp-json\/wp\/v2\/product"}],"about":[{"href":"https:\/\/compuviper.mx\/tienda\/wp-json\/wp\/v2\/types\/product"}],"replies":[{"embeddable":true,"href":"https:\/\/compuviper.mx\/tienda\/wp-json\/wp\/v2\/comments?post=213918"}],"wp:featuredmedia":[{"embeddable":true,"href":"https:\/\/compuviper.mx\/tienda\/wp-json\/wp\/v2\/media\/213919"}],"wp:attachment":[{"href":"https:\/\/compuviper.mx\/tienda\/wp-json\/wp\/v2\/media?parent=213918"}],"wp:term":[{"taxonomy":"product_cat","embeddable":true,"href":"https:\/\/compuviper.mx\/tienda\/wp-json\/wp\/v2\/product_cat?post=213918"},{"taxonomy":"product_tag","embeddable":true,"href":"https:\/\/compuviper.mx\/tienda\/wp-json\/wp\/v2\/product_tag?post=213918"}],"curies":[{"name":"wp","href":"https:\/\/api.w.org\/{rel}","templated":true}]}}