{"id":213906,"date":"2026-04-10T23:41:11","date_gmt":"2026-04-11T05:41:11","guid":{"rendered":"https:\/\/compuviper.mx\/tienda\/producto\/startech-com-hd2vgamm10-cable-adaptador-de-3m-convertidor-activo-hdmi-a-vga-adaptador-1920x1200-1080p-mod\/"},"modified":"2026-04-10T23:41:11","modified_gmt":"2026-04-11T05:41:11","slug":"startech-com-hd2vgamm10-cable-adaptador-de-3m-convertidor-activo-hdmi-a-vga-adaptador-1920x1200-1080p-mod","status":"publish","type":"product","link":"https:\/\/compuviper.mx\/tienda\/producto\/startech-com-hd2vgamm10-cable-adaptador-de-3m-convertidor-activo-hdmi-a-vga-adaptador-1920x1200-1080p-mod\/","title":{"rendered":"Startech.com Hd2vgamm10 Cable Adaptador De 3m Convertidor Activo Hdmi A Vga &#8211; Adaptador 1920&#215;1200 1080p &#8211;  Mod."},"content":{"rendered":"<table class=\"descripcion\">\n<tr>\n<td>Hardware<\/td>\n<\/tr>\n<tr>\n<td>Soporte de audio: no<\/td>\n<\/tr>\n<tr>\n<td>Salida a\/v: vga<\/td>\n<\/tr>\n<tr>\n<td>Id del conjunto de chips: chrontel &#8211; 7101a<\/td>\n<\/tr>\n<tr>\n<td>Entrada a\/v: hdmi<\/td>\n<\/tr>\n<tr>\n<td>Active or passive adapter: activo<\/td>\n<\/tr>\n<tr>\n<td>Rendimiento<\/td>\n<\/tr>\n<tr>\n<td>Longitud m\u00e1xima del cable: 3000 mm [118.1 in]<\/td>\n<\/tr>\n<tr>\n<td>Mtbf: 1,381,510 horas<\/td>\n<\/tr>\n<tr>\n<td>Resoluci\u00f3n anal\u00f3gica m\u00e1xima: 1920 x 1200<\/td>\n<\/tr>\n<tr>\n<td>Resoluci\u00f3n digital m\u00e1xima: pc resolutions up to 1920 x 1200 @ 60 hz<\/td>\n<\/tr>\n<tr>\n<td>Requisitos de energ\u00eda<\/td>\n<\/tr>\n<tr>\n<td>Adaptador de corriente incluido: alimentado por usb<\/td>\n<\/tr>\n<tr>\n<td>Conector(es)<\/td>\n<\/tr>\n<tr>\n<td>Tipo(s) de conector(es): usb micro b (5 pines)<\/td>\n<\/tr>\n<tr>\n<td>Conector b: vga (15 pines, d-sub de alta densidad)<\/td>\n<\/tr>\n<tr>\n<td>Conector a: hdmi (19 pines)<\/td>\n<\/tr>\n<tr>\n<td>Caracter\u00edsticas f\u00edsicas<\/td>\n<\/tr>\n<tr>\n<td>Peso del producto: 171.8 g<\/td>\n<\/tr>\n<tr>\n<td>Longitud del producto: 3 m<\/td>\n<\/tr>\n<tr>\n<td>Longitud del cable: 3 m<\/td>\n<\/tr>\n<tr>\n<td>Color: negro<\/td>\n<\/tr>\n<tr>\n<td>Ancho del producto: 40 mm<\/td>\n<\/tr>\n<tr>\n<td>Altura del producto: 1.5 cm<\/td>\n<\/tr>\n<\/table>\n","protected":false},"excerpt":{"rendered":"<p>El cable convertidor\u00a0hdmi\u00ae a vga, modelo hd2vgamm10, de 3 metros, le permite conectar un chromebook\u0099, o una laptop\u00a0o computadora de escritorio\u00a0equipada\u00a0con hdmi, a un monitor o proyector vga, sin que se requieran adaptadores o cables adicionales. El cable convertidor\u00a0evita las molestias de combinar un adaptador hdmi a vga con un voluminoso cable vga, ya que ofrece una soluci\u00f3n integral para la conexi\u00f3n de una computadora\u00a0equipada\u00a0con hdmi digital a un monitor o proyector vga. A diferencia de la mayor\u00eda de adaptadores hdmi a vga que requieren un tomacorriente para convertir la se\u00f1al de video, el convertidor\u00a0no requiere alimentaci\u00f3n externa en la mayor\u00eda de las instalaciones. Para funcionar\u00a0con equipos mac, con los cuales\u00a0requiere\u00a0de alimentaci\u00f3n externa, el convertidor\u00a0incluye la opci\u00f3n de fuente integrada usb (cable usb no incluido), lo cual facilita mucho m\u00e1s la conexi\u00f3n de una pantalla a una pc de escritorio\u00a0o a una estaci\u00f3n de trabajo, sin necesidad de alimentaci\u00f3n adicional.<\/p>\n","protected":false},"featured_media":213907,"comment_status":"open","ping_status":"open","template":"","meta":[],"product_cat":[1550,1549],"product_tag":[1590],"acf":[],"yoast_head":"<!-- This site is optimized with the Yoast SEO plugin v21.7 - https:\/\/yoast.com\/wordpress\/plugins\/seo\/ -->\n<title>[ Startech.com ] &#129351; Hd2vgamm10 Cable Adaptador De 3m Convertidor Activo Hdmi A Vga - Adaptador 1920x1200 1080p - Mod.<\/title>\n<meta name=\"description\" content=\"Compra Hd2vgamm10 Cable Adaptador De 3m Convertidor Activo Hdmi A Vga - Adaptador 1920x1200 1080p - Mod. + Env\u00edo a domicilio + Pago seguro + Garant\u00eda\" \/>\n<meta name=\"robots\" content=\"index, follow, max-snippet:-1, max-image-preview:large, max-video-preview:-1\" \/>\n<link rel=\"canonical\" href=\"https:\/\/compuviper.mx\/tienda\/producto\/startech-com-hd2vgamm10-cable-adaptador-de-3m-convertidor-activo-hdmi-a-vga-adaptador-1920x1200-1080p-mod\/\" \/>\n<meta property=\"og:locale\" content=\"es_MX\" \/>\n<meta property=\"og:type\" content=\"article\" \/>\n<meta property=\"og:title\" content=\"[ Startech.com ] &#129351; Hd2vgamm10 Cable Adaptador De 3m Convertidor Activo Hdmi A Vga - Adaptador 1920x1200 1080p - Mod.\" \/>\n<meta property=\"og:description\" content=\"Compra Hd2vgamm10 Cable Adaptador De 3m Convertidor Activo Hdmi A Vga - Adaptador 1920x1200 1080p - Mod. + Env\u00edo a domicilio + Pago seguro + Garant\u00eda\" \/>\n<meta property=\"og:url\" content=\"https:\/\/compuviper.mx\/tienda\/producto\/startech-com-hd2vgamm10-cable-adaptador-de-3m-convertidor-activo-hdmi-a-vga-adaptador-1920x1200-1080p-mod\/\" \/>\n<meta property=\"og:site_name\" content=\"Compuviper\" \/>\n<meta property=\"article:publisher\" content=\"https:\/\/www.facebook.com\/compuviper\" \/>\n<meta property=\"og:image\" content=\"https:\/\/compuviper.mx\/tienda\/wp-content\/uploads\/2023\/12\/Cable-adaptador-de-3m-convertidor-activo-hdmi-a-vga-adaptador-1920x1200-1080p-startech.com-mod.-hd2vgamm10.jpg\" \/>\n\t<meta property=\"og:image:width\" content=\"200\" \/>\n\t<meta property=\"og:image:height\" content=\"200\" \/>\n\t<meta property=\"og:image:type\" content=\"image\/jpeg\" \/>\n<meta name=\"twitter:card\" content=\"summary_large_image\" \/>\n<meta name=\"twitter:label1\" content=\"Precio\" \/>\n\t<meta name=\"twitter:data1\" content=\"&#36;791 con IVA\" \/>\n\t<meta name=\"twitter:label2\" content=\"Availability\" \/>\n\t<meta name=\"twitter:data2\" content=\"Out of stock\" \/>\n<script type=\"application\/ld+json\" class=\"yoast-schema-graph\">{\"@context\":\"https:\/\/schema.org\",\"@graph\":[{\"@type\":\"WebPage\",\"@id\":\"https:\/\/compuviper.mx\/tienda\/producto\/startech-com-hd2vgamm10-cable-adaptador-de-3m-convertidor-activo-hdmi-a-vga-adaptador-1920x1200-1080p-mod\/\",\"url\":\"https:\/\/compuviper.mx\/tienda\/producto\/startech-com-hd2vgamm10-cable-adaptador-de-3m-convertidor-activo-hdmi-a-vga-adaptador-1920x1200-1080p-mod\/\",\"name\":\"[ Startech.com ] &#129351; Hd2vgamm10 Cable Adaptador De 3m Convertidor Activo Hdmi A Vga - Adaptador 1920x1200 1080p - Mod.\",\"isPartOf\":{\"@id\":\"https:\/\/compuviper.mx\/tienda\/#website\"},\"datePublished\":\"2026-04-11T05:41:11+00:00\",\"dateModified\":\"2026-04-11T05:41:11+00:00\",\"description\":\"Compra Hd2vgamm10 Cable Adaptador De 3m Convertidor Activo Hdmi A Vga - Adaptador 1920x1200 1080p - Mod. + Env\u00edo a domicilio + Pago seguro + Garant\u00eda\",\"breadcrumb\":{\"@id\":\"https:\/\/compuviper.mx\/tienda\/producto\/startech-com-hd2vgamm10-cable-adaptador-de-3m-convertidor-activo-hdmi-a-vga-adaptador-1920x1200-1080p-mod\/#breadcrumb\"},\"inLanguage\":\"es-MX\",\"potentialAction\":[{\"@type\":\"ReadAction\",\"target\":[\"https:\/\/compuviper.mx\/tienda\/producto\/startech-com-hd2vgamm10-cable-adaptador-de-3m-convertidor-activo-hdmi-a-vga-adaptador-1920x1200-1080p-mod\/\"]}]},{\"@type\":\"BreadcrumbList\",\"@id\":\"https:\/\/compuviper.mx\/tienda\/producto\/startech-com-hd2vgamm10-cable-adaptador-de-3m-convertidor-activo-hdmi-a-vga-adaptador-1920x1200-1080p-mod\/#breadcrumb\",\"itemListElement\":[{\"@type\":\"ListItem\",\"position\":1,\"name\":\"Inicio\",\"item\":\"https:\/\/compuviper.mx\/tienda\/\"},{\"@type\":\"ListItem\",\"position\":2,\"name\":\"Productos\",\"item\":\"https:\/\/compuviper.mx\/tienda\/productos\/\"},{\"@type\":\"ListItem\",\"position\":3,\"name\":\"Cables\",\"item\":\"https:\/\/compuviper.mx\/tienda\/categoria-producto\/cables\/\"},{\"@type\":\"ListItem\",\"position\":4,\"name\":\"Cable De Video\",\"item\":\"https:\/\/compuviper.mx\/tienda\/categoria-producto\/cables\/cable-de-video\/\"},{\"@type\":\"ListItem\",\"position\":5,\"name\":\"Startech.com Hd2vgamm10 Cable Adaptador De 3m Convertidor Activo Hdmi A Vga &#8211; Adaptador 1920&#215;1200 1080p &#8211; Mod.\"}]},{\"@type\":\"WebSite\",\"@id\":\"https:\/\/compuviper.mx\/tienda\/#website\",\"url\":\"https:\/\/compuviper.mx\/tienda\/\",\"name\":\"Compuviper\",\"description\":\"Proveedor de Computadoras, Laptops, Servidores, Monitores, Puntos de Venta, Teclados,   Impresoras, T\u00f3ner, C\u00e1maras de Seguridad y m\u00e1s en tu tienda en l\u00ednea\",\"publisher\":{\"@id\":\"https:\/\/compuviper.mx\/tienda\/#organization\"},\"potentialAction\":[{\"@type\":\"SearchAction\",\"target\":{\"@type\":\"EntryPoint\",\"urlTemplate\":\"https:\/\/compuviper.mx\/tienda\/?s={search_term_string}\"},\"query-input\":\"required name=search_term_string\"}],\"inLanguage\":\"es-MX\"},{\"@type\":\"Organization\",\"@id\":\"https:\/\/compuviper.mx\/tienda\/#organization\",\"name\":\"Compuviper\",\"url\":\"https:\/\/compuviper.mx\/tienda\/\",\"logo\":{\"@type\":\"ImageObject\",\"inLanguage\":\"es-MX\",\"@id\":\"https:\/\/compuviper.mx\/tienda\/#\/schema\/logo\/image\/\",\"url\":\"https:\/\/compuviper.mx\/tienda\/wp-content\/uploads\/2021\/08\/Logo-Compuviper-10.png\",\"contentUrl\":\"https:\/\/compuviper.mx\/tienda\/wp-content\/uploads\/2021\/08\/Logo-Compuviper-10.png\",\"width\":1000,\"height\":500,\"caption\":\"Compuviper\"},\"image\":{\"@id\":\"https:\/\/compuviper.mx\/tienda\/#\/schema\/logo\/image\/\"},\"sameAs\":[\"https:\/\/www.facebook.com\/compuviper\",\"https:\/\/www.youtube.com\/channel\/UCf73dERp9Y3cfOq7q8BhLjA?view_as=subscriber\"]}]}<\/script>\n<meta property=\"product:brand\" content=\"STARTECH.COM\" \/>\n<meta property=\"product:price:amount\" content=\"791\" \/>\n<meta property=\"product:price:currency\" content=\"MXN\" \/>\n<meta property=\"og:availability\" content=\"out of stock\" \/>\n<meta property=\"product:availability\" content=\"out of stock\" \/>\n<meta property=\"product:retailer_item_id\" content=\"HD2VGAMM10\" \/>\n<meta property=\"product:condition\" content=\"new\" \/>\n<!-- \/ Yoast SEO plugin. -->","yoast_head_json":{"title":"[ Startech.com ] &#129351; Hd2vgamm10 Cable Adaptador De 3m Convertidor Activo Hdmi A Vga - Adaptador 1920x1200 1080p - Mod.","description":"Compra Hd2vgamm10 Cable Adaptador De 3m Convertidor Activo Hdmi A Vga - Adaptador 1920x1200 1080p - Mod. + Env\u00edo a domicilio + Pago seguro + Garant\u00eda","robots":{"index":"index","follow":"follow","max-snippet":"max-snippet:-1","max-image-preview":"max-image-preview:large","max-video-preview":"max-video-preview:-1"},"canonical":"https:\/\/compuviper.mx\/tienda\/producto\/startech-com-hd2vgamm10-cable-adaptador-de-3m-convertidor-activo-hdmi-a-vga-adaptador-1920x1200-1080p-mod\/","og_locale":"es_MX","og_type":"article","og_title":"[ Startech.com ] &#129351; Hd2vgamm10 Cable Adaptador De 3m Convertidor Activo Hdmi A Vga - Adaptador 1920x1200 1080p - Mod.","og_description":"Compra Hd2vgamm10 Cable Adaptador De 3m Convertidor Activo Hdmi A Vga - Adaptador 1920x1200 1080p - Mod. + Env\u00edo a domicilio + Pago seguro + Garant\u00eda","og_url":"https:\/\/compuviper.mx\/tienda\/producto\/startech-com-hd2vgamm10-cable-adaptador-de-3m-convertidor-activo-hdmi-a-vga-adaptador-1920x1200-1080p-mod\/","og_site_name":"Compuviper","article_publisher":"https:\/\/www.facebook.com\/compuviper","og_image":[{"width":200,"height":200,"url":"https:\/\/compuviper.mx\/tienda\/wp-content\/uploads\/2023\/12\/Cable-adaptador-de-3m-convertidor-activo-hdmi-a-vga-adaptador-1920x1200-1080p-startech.com-mod.-hd2vgamm10.jpg","type":"image\/jpeg"}],"twitter_card":"summary_large_image","twitter_misc":{"Precio":"&#36;791 con IVA","Availability":"Out of stock"},"schema":{"@context":"https:\/\/schema.org","@graph":[{"@type":"WebPage","@id":"https:\/\/compuviper.mx\/tienda\/producto\/startech-com-hd2vgamm10-cable-adaptador-de-3m-convertidor-activo-hdmi-a-vga-adaptador-1920x1200-1080p-mod\/","url":"https:\/\/compuviper.mx\/tienda\/producto\/startech-com-hd2vgamm10-cable-adaptador-de-3m-convertidor-activo-hdmi-a-vga-adaptador-1920x1200-1080p-mod\/","name":"[ Startech.com ] &#129351; Hd2vgamm10 Cable Adaptador De 3m Convertidor Activo Hdmi A Vga - Adaptador 1920x1200 1080p - Mod.","isPartOf":{"@id":"https:\/\/compuviper.mx\/tienda\/#website"},"datePublished":"2026-04-11T05:41:11+00:00","dateModified":"2026-04-11T05:41:11+00:00","description":"Compra Hd2vgamm10 Cable Adaptador De 3m Convertidor Activo Hdmi A Vga - Adaptador 1920x1200 1080p - Mod. + Env\u00edo a domicilio + Pago seguro + Garant\u00eda","breadcrumb":{"@id":"https:\/\/compuviper.mx\/tienda\/producto\/startech-com-hd2vgamm10-cable-adaptador-de-3m-convertidor-activo-hdmi-a-vga-adaptador-1920x1200-1080p-mod\/#breadcrumb"},"inLanguage":"es-MX","potentialAction":[{"@type":"ReadAction","target":["https:\/\/compuviper.mx\/tienda\/producto\/startech-com-hd2vgamm10-cable-adaptador-de-3m-convertidor-activo-hdmi-a-vga-adaptador-1920x1200-1080p-mod\/"]}]},{"@type":"BreadcrumbList","@id":"https:\/\/compuviper.mx\/tienda\/producto\/startech-com-hd2vgamm10-cable-adaptador-de-3m-convertidor-activo-hdmi-a-vga-adaptador-1920x1200-1080p-mod\/#breadcrumb","itemListElement":[{"@type":"ListItem","position":1,"name":"Inicio","item":"https:\/\/compuviper.mx\/tienda\/"},{"@type":"ListItem","position":2,"name":"Productos","item":"https:\/\/compuviper.mx\/tienda\/productos\/"},{"@type":"ListItem","position":3,"name":"Cables","item":"https:\/\/compuviper.mx\/tienda\/categoria-producto\/cables\/"},{"@type":"ListItem","position":4,"name":"Cable De Video","item":"https:\/\/compuviper.mx\/tienda\/categoria-producto\/cables\/cable-de-video\/"},{"@type":"ListItem","position":5,"name":"Startech.com Hd2vgamm10 Cable Adaptador De 3m Convertidor Activo Hdmi A Vga &#8211; Adaptador 1920&#215;1200 1080p &#8211; Mod."}]},{"@type":"WebSite","@id":"https:\/\/compuviper.mx\/tienda\/#website","url":"https:\/\/compuviper.mx\/tienda\/","name":"Compuviper","description":"Proveedor de Computadoras, Laptops, Servidores, Monitores, Puntos de Venta, Teclados,   Impresoras, T\u00f3ner, C\u00e1maras de Seguridad y m\u00e1s en tu tienda en l\u00ednea","publisher":{"@id":"https:\/\/compuviper.mx\/tienda\/#organization"},"potentialAction":[{"@type":"SearchAction","target":{"@type":"EntryPoint","urlTemplate":"https:\/\/compuviper.mx\/tienda\/?s={search_term_string}"},"query-input":"required name=search_term_string"}],"inLanguage":"es-MX"},{"@type":"Organization","@id":"https:\/\/compuviper.mx\/tienda\/#organization","name":"Compuviper","url":"https:\/\/compuviper.mx\/tienda\/","logo":{"@type":"ImageObject","inLanguage":"es-MX","@id":"https:\/\/compuviper.mx\/tienda\/#\/schema\/logo\/image\/","url":"https:\/\/compuviper.mx\/tienda\/wp-content\/uploads\/2021\/08\/Logo-Compuviper-10.png","contentUrl":"https:\/\/compuviper.mx\/tienda\/wp-content\/uploads\/2021\/08\/Logo-Compuviper-10.png","width":1000,"height":500,"caption":"Compuviper"},"image":{"@id":"https:\/\/compuviper.mx\/tienda\/#\/schema\/logo\/image\/"},"sameAs":["https:\/\/www.facebook.com\/compuviper","https:\/\/www.youtube.com\/channel\/UCf73dERp9Y3cfOq7q8BhLjA?view_as=subscriber"]}]},"product_brand":"STARTECH.COM","product_price_amount":"791","product_price_currency":"MXN","og_availability":"out of stock","product_availability":"out of stock","product_retailer_item_id":"HD2VGAMM10","product_condition":"new"},"_links":{"self":[{"href":"https:\/\/compuviper.mx\/tienda\/wp-json\/wp\/v2\/product\/213906"}],"collection":[{"href":"https:\/\/compuviper.mx\/tienda\/wp-json\/wp\/v2\/product"}],"about":[{"href":"https:\/\/compuviper.mx\/tienda\/wp-json\/wp\/v2\/types\/product"}],"replies":[{"embeddable":true,"href":"https:\/\/compuviper.mx\/tienda\/wp-json\/wp\/v2\/comments?post=213906"}],"wp:featuredmedia":[{"embeddable":true,"href":"https:\/\/compuviper.mx\/tienda\/wp-json\/wp\/v2\/media\/213907"}],"wp:attachment":[{"href":"https:\/\/compuviper.mx\/tienda\/wp-json\/wp\/v2\/media?parent=213906"}],"wp:term":[{"taxonomy":"product_cat","embeddable":true,"href":"https:\/\/compuviper.mx\/tienda\/wp-json\/wp\/v2\/product_cat?post=213906"},{"taxonomy":"product_tag","embeddable":true,"href":"https:\/\/compuviper.mx\/tienda\/wp-json\/wp\/v2\/product_tag?post=213906"}],"curies":[{"name":"wp","href":"https:\/\/api.w.org\/{rel}","templated":true}]}}