{"id":213904,"date":"2026-04-10T23:41:10","date_gmt":"2026-04-11T05:41:10","guid":{"rendered":"https:\/\/compuviper.mx\/tienda\/producto\/startech-com-n6patc15mrd-cable-de-15m-de-red-gigabit-ethernet-utp-patch-cat6-cat-6-rj45-snagless-sin-enganches-rojo-mod\/"},"modified":"2026-04-10T23:41:10","modified_gmt":"2026-04-11T05:41:10","slug":"startech-com-n6patc15mrd-cable-de-15m-de-red-gigabit-ethernet-utp-patch-cat6-cat-6-rj45-snagless-sin-enganches-rojo-mod","status":"publish","type":"product","link":"https:\/\/compuviper.mx\/tienda\/producto\/startech-com-n6patc15mrd-cable-de-15m-de-red-gigabit-ethernet-utp-patch-cat6-cat-6-rj45-snagless-sin-enganches-rojo-mod\/","title":{"rendered":"Startech.com N6patc15mrd Cable De 15m De Red Gigabit Ethernet Utp Patch Cat6 Cat 6 Rj45 Snagless Sin Enganches &#8211; Rojo &#8211;  Mod."},"content":{"rendered":"<table class=\"descripcion\">\n<tr>\n<td>Hardware<\/td>\n<\/tr>\n<tr>\n<td>Tipo de cable: libre de enganches<\/td>\n<\/tr>\n<tr>\n<td>Rendimiento<\/td>\n<\/tr>\n<tr>\n<td>Clasificaci\u00f3n de cables: cat6 &#8211; 650 mhz<\/td>\n<\/tr>\n<tr>\n<td>Hardware<\/td>\n<\/tr>\n<tr>\n<td>Revestimiento del conector : oro<\/td>\n<\/tr>\n<tr>\n<td>Grado de inflamabilidad: clasificaci\u00f3n cmg (uso general)<\/td>\n<\/tr>\n<tr>\n<td>Est\u00e1ndar de cableado: tia\/eia-568-b.1-2001 t568b<\/td>\n<\/tr>\n<tr>\n<td>Cantidad de conductores: 4 pair utp<\/td>\n<\/tr>\n<tr>\n<td>Cable tipo jacket: pvc &#8211; polyvinyl chloride<\/td>\n<\/tr>\n<tr>\n<td>Conector(es)<\/td>\n<\/tr>\n<tr>\n<td>Conector b: rj-45<\/td>\n<\/tr>\n<tr>\n<td>Conector a: rj-45<\/td>\n<\/tr>\n<tr>\n<td>Caracter\u00edsticas f\u00edsicas<\/td>\n<\/tr>\n<tr>\n<td>Tipo de conductor: cobre trenzado<\/td>\n<\/tr>\n<tr>\n<td>Peso del producto: 578 g<\/td>\n<\/tr>\n<tr>\n<td>Longitud del producto: 15 m<\/td>\n<\/tr>\n<tr>\n<td>Longitud del cable: 15 m<\/td>\n<\/tr>\n<tr>\n<td>Color: rojo<\/td>\n<\/tr>\n<tr>\n<td>Calibre del conductor: 24 awg<\/td>\n<\/tr>\n<\/table>\n","protected":false},"excerpt":{"rendered":"<p>Este cable\u00a0cat6 ofrece conexiones confiables de redes gigabit, lo cual garantiza una capacidad de alto rendimiento para sus aplicaciones ethernet exigentes. Este cable de red rojo de 15 metros, resulta perfecto en tramos y conductos de redes. El cable est\u00e1 dise\u00f1ado para instalaciones a distancias m\u00e1s largas, como sobre un poste o a trav\u00e9s del espacio de una oficina, desde un concentrador a un toma. Para instalaciones de red m\u00e1s sencillas, nuestros cables de red\u00a0cat6 est\u00e1n disponibles en una amplia gama de longitudes y colores. Esto garantiza que puede contar con el tama\u00f1o de cable adecuado cuando lo necesite, adem\u00e1s de permitirle una mejor organizaci\u00f3n de sus conexiones mediante distintos c\u00f3digos de color. Para facilitar la instalaci\u00f3n de estos cables duraderos, sus conectores a prueba de enganche (snagless) protegen los clips rj45 durante la instalaci\u00f3n, lo cual evita enganches o da\u00f1os.<\/p>\n","protected":false},"featured_media":213905,"comment_status":"open","ping_status":"open","template":"","meta":[],"product_cat":[1549,1602],"product_tag":[1590],"acf":[],"yoast_head":"<!-- This site is optimized with the Yoast SEO plugin v21.7 - https:\/\/yoast.com\/wordpress\/plugins\/seo\/ -->\n<title>[ Startech.com ] &#129351; N6patc15mrd Cable De 15m De Red Gigabit Ethernet Utp Patch Cat6 Cat 6 Rj45 Snagless Sin Enganches - Rojo - Mod.<\/title>\n<meta name=\"description\" content=\"Compra N6patc15mrd Cable De 15m De Red Gigabit Ethernet Utp Patch Cat6 Cat 6 Rj45 Snagless Sin Enganches - Rojo - Mod. + Env\u00edo a domicilio + Pago seguro + Garant\u00eda\" \/>\n<meta name=\"robots\" content=\"index, follow, max-snippet:-1, max-image-preview:large, max-video-preview:-1\" \/>\n<link rel=\"canonical\" href=\"https:\/\/compuviper.mx\/tienda\/producto\/startech-com-n6patc15mrd-cable-de-15m-de-red-gigabit-ethernet-utp-patch-cat6-cat-6-rj45-snagless-sin-enganches-rojo-mod\/\" \/>\n<meta property=\"og:locale\" content=\"es_MX\" \/>\n<meta property=\"og:type\" content=\"article\" \/>\n<meta property=\"og:title\" content=\"[ Startech.com ] &#129351; N6patc15mrd Cable De 15m De Red Gigabit Ethernet Utp Patch Cat6 Cat 6 Rj45 Snagless Sin Enganches - Rojo - Mod.\" \/>\n<meta property=\"og:description\" content=\"Compra N6patc15mrd Cable De 15m De Red Gigabit Ethernet Utp Patch Cat6 Cat 6 Rj45 Snagless Sin Enganches - Rojo - Mod. + Env\u00edo a domicilio + Pago seguro + Garant\u00eda\" \/>\n<meta property=\"og:url\" content=\"https:\/\/compuviper.mx\/tienda\/producto\/startech-com-n6patc15mrd-cable-de-15m-de-red-gigabit-ethernet-utp-patch-cat6-cat-6-rj45-snagless-sin-enganches-rojo-mod\/\" \/>\n<meta property=\"og:site_name\" content=\"Compuviper\" \/>\n<meta property=\"article:publisher\" content=\"https:\/\/www.facebook.com\/compuviper\" \/>\n<meta property=\"og:image\" content=\"https:\/\/compuviper.mx\/tienda\/wp-content\/uploads\/2023\/12\/Cable-de-15m-de-red-gigabit-ethernet-utp-patch-cat6-cat-6-rj45-snagless-sin-enganches-rojo-startech.com-mod.-n6patc15mrd.jpg\" \/>\n\t<meta property=\"og:image:width\" content=\"200\" \/>\n\t<meta property=\"og:image:height\" content=\"200\" \/>\n\t<meta property=\"og:image:type\" content=\"image\/jpeg\" \/>\n<meta name=\"twitter:card\" content=\"summary_large_image\" \/>\n<meta name=\"twitter:label1\" content=\"Precio\" \/>\n\t<meta name=\"twitter:data1\" content=\"&#36;388 con IVA\" \/>\n\t<meta name=\"twitter:label2\" content=\"Availability\" \/>\n\t<meta name=\"twitter:data2\" content=\"In stock\" \/>\n<script type=\"application\/ld+json\" class=\"yoast-schema-graph\">{\"@context\":\"https:\/\/schema.org\",\"@graph\":[{\"@type\":\"WebPage\",\"@id\":\"https:\/\/compuviper.mx\/tienda\/producto\/startech-com-n6patc15mrd-cable-de-15m-de-red-gigabit-ethernet-utp-patch-cat6-cat-6-rj45-snagless-sin-enganches-rojo-mod\/\",\"url\":\"https:\/\/compuviper.mx\/tienda\/producto\/startech-com-n6patc15mrd-cable-de-15m-de-red-gigabit-ethernet-utp-patch-cat6-cat-6-rj45-snagless-sin-enganches-rojo-mod\/\",\"name\":\"[ Startech.com ] &#129351; N6patc15mrd Cable De 15m De Red Gigabit Ethernet Utp Patch Cat6 Cat 6 Rj45 Snagless Sin Enganches - Rojo - Mod.\",\"isPartOf\":{\"@id\":\"https:\/\/compuviper.mx\/tienda\/#website\"},\"datePublished\":\"2026-04-11T05:41:10+00:00\",\"dateModified\":\"2026-04-11T05:41:10+00:00\",\"description\":\"Compra N6patc15mrd Cable De 15m De Red Gigabit Ethernet Utp Patch Cat6 Cat 6 Rj45 Snagless Sin Enganches - Rojo - Mod. + Env\u00edo a domicilio + Pago seguro + Garant\u00eda\",\"breadcrumb\":{\"@id\":\"https:\/\/compuviper.mx\/tienda\/producto\/startech-com-n6patc15mrd-cable-de-15m-de-red-gigabit-ethernet-utp-patch-cat6-cat-6-rj45-snagless-sin-enganches-rojo-mod\/#breadcrumb\"},\"inLanguage\":\"es-MX\",\"potentialAction\":[{\"@type\":\"ReadAction\",\"target\":[\"https:\/\/compuviper.mx\/tienda\/producto\/startech-com-n6patc15mrd-cable-de-15m-de-red-gigabit-ethernet-utp-patch-cat6-cat-6-rj45-snagless-sin-enganches-rojo-mod\/\"]}]},{\"@type\":\"BreadcrumbList\",\"@id\":\"https:\/\/compuviper.mx\/tienda\/producto\/startech-com-n6patc15mrd-cable-de-15m-de-red-gigabit-ethernet-utp-patch-cat6-cat-6-rj45-snagless-sin-enganches-rojo-mod\/#breadcrumb\",\"itemListElement\":[{\"@type\":\"ListItem\",\"position\":1,\"name\":\"Inicio\",\"item\":\"https:\/\/compuviper.mx\/tienda\/\"},{\"@type\":\"ListItem\",\"position\":2,\"name\":\"Productos\",\"item\":\"https:\/\/compuviper.mx\/tienda\/productos\/\"},{\"@type\":\"ListItem\",\"position\":3,\"name\":\"Cables\",\"item\":\"https:\/\/compuviper.mx\/tienda\/categoria-producto\/cables\/\"},{\"@type\":\"ListItem\",\"position\":4,\"name\":\"Cable De Red\",\"item\":\"https:\/\/compuviper.mx\/tienda\/categoria-producto\/cables\/cable-de-red\/\"},{\"@type\":\"ListItem\",\"position\":5,\"name\":\"Startech.com N6patc15mrd Cable De 15m De Red Gigabit Ethernet Utp Patch Cat6 Cat 6 Rj45 Snagless Sin Enganches &#8211; Rojo &#8211; Mod.\"}]},{\"@type\":\"WebSite\",\"@id\":\"https:\/\/compuviper.mx\/tienda\/#website\",\"url\":\"https:\/\/compuviper.mx\/tienda\/\",\"name\":\"Compuviper\",\"description\":\"Proveedor de Computadoras, Laptops, Servidores, Monitores, Puntos de Venta, Teclados,   Impresoras, T\u00f3ner, C\u00e1maras de Seguridad y m\u00e1s en tu tienda en l\u00ednea\",\"publisher\":{\"@id\":\"https:\/\/compuviper.mx\/tienda\/#organization\"},\"potentialAction\":[{\"@type\":\"SearchAction\",\"target\":{\"@type\":\"EntryPoint\",\"urlTemplate\":\"https:\/\/compuviper.mx\/tienda\/?s={search_term_string}\"},\"query-input\":\"required name=search_term_string\"}],\"inLanguage\":\"es-MX\"},{\"@type\":\"Organization\",\"@id\":\"https:\/\/compuviper.mx\/tienda\/#organization\",\"name\":\"Compuviper\",\"url\":\"https:\/\/compuviper.mx\/tienda\/\",\"logo\":{\"@type\":\"ImageObject\",\"inLanguage\":\"es-MX\",\"@id\":\"https:\/\/compuviper.mx\/tienda\/#\/schema\/logo\/image\/\",\"url\":\"https:\/\/compuviper.mx\/tienda\/wp-content\/uploads\/2021\/08\/Logo-Compuviper-10.png\",\"contentUrl\":\"https:\/\/compuviper.mx\/tienda\/wp-content\/uploads\/2021\/08\/Logo-Compuviper-10.png\",\"width\":1000,\"height\":500,\"caption\":\"Compuviper\"},\"image\":{\"@id\":\"https:\/\/compuviper.mx\/tienda\/#\/schema\/logo\/image\/\"},\"sameAs\":[\"https:\/\/www.facebook.com\/compuviper\",\"https:\/\/www.youtube.com\/channel\/UCf73dERp9Y3cfOq7q8BhLjA?view_as=subscriber\"]}]}<\/script>\n<meta property=\"product:brand\" content=\"STARTECH.COM\" \/>\n<meta property=\"product:price:amount\" content=\"388\" \/>\n<meta property=\"product:price:currency\" content=\"MXN\" \/>\n<meta property=\"og:availability\" content=\"instock\" \/>\n<meta property=\"product:availability\" content=\"instock\" \/>\n<meta property=\"product:retailer_item_id\" content=\"N6PATC15MRD\" \/>\n<meta property=\"product:condition\" content=\"new\" \/>\n<!-- \/ Yoast SEO plugin. -->","yoast_head_json":{"title":"[ Startech.com ] &#129351; N6patc15mrd Cable De 15m De Red Gigabit Ethernet Utp Patch Cat6 Cat 6 Rj45 Snagless Sin Enganches - Rojo - Mod.","description":"Compra N6patc15mrd Cable De 15m De Red Gigabit Ethernet Utp Patch Cat6 Cat 6 Rj45 Snagless Sin Enganches - Rojo - Mod. + Env\u00edo a domicilio + Pago seguro + Garant\u00eda","robots":{"index":"index","follow":"follow","max-snippet":"max-snippet:-1","max-image-preview":"max-image-preview:large","max-video-preview":"max-video-preview:-1"},"canonical":"https:\/\/compuviper.mx\/tienda\/producto\/startech-com-n6patc15mrd-cable-de-15m-de-red-gigabit-ethernet-utp-patch-cat6-cat-6-rj45-snagless-sin-enganches-rojo-mod\/","og_locale":"es_MX","og_type":"article","og_title":"[ Startech.com ] &#129351; N6patc15mrd Cable De 15m De Red Gigabit Ethernet Utp Patch Cat6 Cat 6 Rj45 Snagless Sin Enganches - Rojo - Mod.","og_description":"Compra N6patc15mrd Cable De 15m De Red Gigabit Ethernet Utp Patch Cat6 Cat 6 Rj45 Snagless Sin Enganches - Rojo - Mod. + Env\u00edo a domicilio + Pago seguro + Garant\u00eda","og_url":"https:\/\/compuviper.mx\/tienda\/producto\/startech-com-n6patc15mrd-cable-de-15m-de-red-gigabit-ethernet-utp-patch-cat6-cat-6-rj45-snagless-sin-enganches-rojo-mod\/","og_site_name":"Compuviper","article_publisher":"https:\/\/www.facebook.com\/compuviper","og_image":[{"width":200,"height":200,"url":"https:\/\/compuviper.mx\/tienda\/wp-content\/uploads\/2023\/12\/Cable-de-15m-de-red-gigabit-ethernet-utp-patch-cat6-cat-6-rj45-snagless-sin-enganches-rojo-startech.com-mod.-n6patc15mrd.jpg","type":"image\/jpeg"}],"twitter_card":"summary_large_image","twitter_misc":{"Precio":"&#36;388 con IVA","Availability":"In stock"},"schema":{"@context":"https:\/\/schema.org","@graph":[{"@type":"WebPage","@id":"https:\/\/compuviper.mx\/tienda\/producto\/startech-com-n6patc15mrd-cable-de-15m-de-red-gigabit-ethernet-utp-patch-cat6-cat-6-rj45-snagless-sin-enganches-rojo-mod\/","url":"https:\/\/compuviper.mx\/tienda\/producto\/startech-com-n6patc15mrd-cable-de-15m-de-red-gigabit-ethernet-utp-patch-cat6-cat-6-rj45-snagless-sin-enganches-rojo-mod\/","name":"[ Startech.com ] &#129351; N6patc15mrd Cable De 15m De Red Gigabit Ethernet Utp Patch Cat6 Cat 6 Rj45 Snagless Sin Enganches - Rojo - Mod.","isPartOf":{"@id":"https:\/\/compuviper.mx\/tienda\/#website"},"datePublished":"2026-04-11T05:41:10+00:00","dateModified":"2026-04-11T05:41:10+00:00","description":"Compra N6patc15mrd Cable De 15m De Red Gigabit Ethernet Utp Patch Cat6 Cat 6 Rj45 Snagless Sin Enganches - Rojo - Mod. + Env\u00edo a domicilio + Pago seguro + Garant\u00eda","breadcrumb":{"@id":"https:\/\/compuviper.mx\/tienda\/producto\/startech-com-n6patc15mrd-cable-de-15m-de-red-gigabit-ethernet-utp-patch-cat6-cat-6-rj45-snagless-sin-enganches-rojo-mod\/#breadcrumb"},"inLanguage":"es-MX","potentialAction":[{"@type":"ReadAction","target":["https:\/\/compuviper.mx\/tienda\/producto\/startech-com-n6patc15mrd-cable-de-15m-de-red-gigabit-ethernet-utp-patch-cat6-cat-6-rj45-snagless-sin-enganches-rojo-mod\/"]}]},{"@type":"BreadcrumbList","@id":"https:\/\/compuviper.mx\/tienda\/producto\/startech-com-n6patc15mrd-cable-de-15m-de-red-gigabit-ethernet-utp-patch-cat6-cat-6-rj45-snagless-sin-enganches-rojo-mod\/#breadcrumb","itemListElement":[{"@type":"ListItem","position":1,"name":"Inicio","item":"https:\/\/compuviper.mx\/tienda\/"},{"@type":"ListItem","position":2,"name":"Productos","item":"https:\/\/compuviper.mx\/tienda\/productos\/"},{"@type":"ListItem","position":3,"name":"Cables","item":"https:\/\/compuviper.mx\/tienda\/categoria-producto\/cables\/"},{"@type":"ListItem","position":4,"name":"Cable De Red","item":"https:\/\/compuviper.mx\/tienda\/categoria-producto\/cables\/cable-de-red\/"},{"@type":"ListItem","position":5,"name":"Startech.com N6patc15mrd Cable De 15m De Red Gigabit Ethernet Utp Patch Cat6 Cat 6 Rj45 Snagless Sin Enganches &#8211; Rojo &#8211; Mod."}]},{"@type":"WebSite","@id":"https:\/\/compuviper.mx\/tienda\/#website","url":"https:\/\/compuviper.mx\/tienda\/","name":"Compuviper","description":"Proveedor de Computadoras, Laptops, Servidores, Monitores, Puntos de Venta, Teclados,   Impresoras, T\u00f3ner, C\u00e1maras de Seguridad y m\u00e1s en tu tienda en l\u00ednea","publisher":{"@id":"https:\/\/compuviper.mx\/tienda\/#organization"},"potentialAction":[{"@type":"SearchAction","target":{"@type":"EntryPoint","urlTemplate":"https:\/\/compuviper.mx\/tienda\/?s={search_term_string}"},"query-input":"required name=search_term_string"}],"inLanguage":"es-MX"},{"@type":"Organization","@id":"https:\/\/compuviper.mx\/tienda\/#organization","name":"Compuviper","url":"https:\/\/compuviper.mx\/tienda\/","logo":{"@type":"ImageObject","inLanguage":"es-MX","@id":"https:\/\/compuviper.mx\/tienda\/#\/schema\/logo\/image\/","url":"https:\/\/compuviper.mx\/tienda\/wp-content\/uploads\/2021\/08\/Logo-Compuviper-10.png","contentUrl":"https:\/\/compuviper.mx\/tienda\/wp-content\/uploads\/2021\/08\/Logo-Compuviper-10.png","width":1000,"height":500,"caption":"Compuviper"},"image":{"@id":"https:\/\/compuviper.mx\/tienda\/#\/schema\/logo\/image\/"},"sameAs":["https:\/\/www.facebook.com\/compuviper","https:\/\/www.youtube.com\/channel\/UCf73dERp9Y3cfOq7q8BhLjA?view_as=subscriber"]}]},"product_brand":"STARTECH.COM","product_price_amount":"388","product_price_currency":"MXN","og_availability":"instock","product_availability":"instock","product_retailer_item_id":"N6PATC15MRD","product_condition":"new"},"_links":{"self":[{"href":"https:\/\/compuviper.mx\/tienda\/wp-json\/wp\/v2\/product\/213904"}],"collection":[{"href":"https:\/\/compuviper.mx\/tienda\/wp-json\/wp\/v2\/product"}],"about":[{"href":"https:\/\/compuviper.mx\/tienda\/wp-json\/wp\/v2\/types\/product"}],"replies":[{"embeddable":true,"href":"https:\/\/compuviper.mx\/tienda\/wp-json\/wp\/v2\/comments?post=213904"}],"wp:featuredmedia":[{"embeddable":true,"href":"https:\/\/compuviper.mx\/tienda\/wp-json\/wp\/v2\/media\/213905"}],"wp:attachment":[{"href":"https:\/\/compuviper.mx\/tienda\/wp-json\/wp\/v2\/media?parent=213904"}],"wp:term":[{"taxonomy":"product_cat","embeddable":true,"href":"https:\/\/compuviper.mx\/tienda\/wp-json\/wp\/v2\/product_cat?post=213904"},{"taxonomy":"product_tag","embeddable":true,"href":"https:\/\/compuviper.mx\/tienda\/wp-json\/wp\/v2\/product_tag?post=213904"}],"curies":[{"name":"wp","href":"https:\/\/api.w.org\/{rel}","templated":true}]}}