{"id":213898,"date":"2026-04-11T23:09:40","date_gmt":"2026-04-12T05:09:40","guid":{"rendered":"https:\/\/compuviper.mx\/tienda\/producto\/startech-com-vga2hdmm2m-cable-adaptador-de-vga-a-hdmi-de-2m-con-audio-1920-x-1080-convertidor-activo-vga-a-hdmi-macho-a-macho-mod\/"},"modified":"2026-04-11T23:09:40","modified_gmt":"2026-04-12T05:09:40","slug":"startech-com-vga2hdmm2m-cable-adaptador-de-vga-a-hdmi-de-2m-con-audio-1920-x-1080-convertidor-activo-vga-a-hdmi-macho-a-macho-mod","status":"publish","type":"product","link":"https:\/\/compuviper.mx\/tienda\/producto\/startech-com-vga2hdmm2m-cable-adaptador-de-vga-a-hdmi-de-2m-con-audio-1920-x-1080-convertidor-activo-vga-a-hdmi-macho-a-macho-mod\/","title":{"rendered":"Startech.com Vga2hdmm2m Cable Adaptador De Vga A Hdmi De 2m Con Audio &#8211; 1920 X 1080 &#8211; Convertidor Activo Vga A Hdmi &#8211; Macho A Macho &#8211;  Mod."},"content":{"rendered":"<table class=\"descripcion\">\n<tr>\n<td>Hardware<\/td>\n<\/tr>\n<tr>\n<td>Soporte de audio: s\u00ed<\/td>\n<\/tr>\n<tr>\n<td>Salida a\/v: hdmi<\/td>\n<\/tr>\n<tr>\n<td>Id del conjunto de chips: micro silicon &#8211; ms9282<\/td>\n<\/tr>\n<tr>\n<td>Entrada a\/v: vga<\/td>\n<\/tr>\n<tr>\n<td>Active or passive adapter: activo<\/td>\n<\/tr>\n<tr>\n<td>Rendimiento<\/td>\n<\/tr>\n<tr>\n<td>Especificaciones de audio: hdmi &#8211; 2 channel audio<\/td>\n<\/tr>\n<tr>\n<td>Pantalla plana soportada: s\u00ed<\/td>\n<\/tr>\n<tr>\n<td>Resoluciones  admitidas: hdmi: 1920&#215;1080 (1080p) \/ 60hz<\/td>\n<\/tr>\n<tr>\n<td>Additional resolutions and refresh rates may be supported<\/td>\n<\/tr>\n<tr>\n<td>Video revision: hdmi 1.4<\/td>\n<\/tr>\n<tr>\n<td>Requisitos de energ\u00eda<\/td>\n<\/tr>\n<tr>\n<td>Adaptador de corriente incluido: alimentado por usb<\/td>\n<\/tr>\n<tr>\n<td>Conector(es)<\/td>\n<\/tr>\n<tr>\n<td>Conector b: hdmi (19 pines)<\/td>\n<\/tr>\n<tr>\n<td>Conector a: vga (15 pines, d-sub de alta densidad)<\/td>\n<\/tr>\n<tr>\n<td>Conector a: usb type-a (4 pines) usb 2.0<\/td>\n<\/tr>\n<tr>\n<td>Caracter\u00edsticas f\u00edsicas<\/td>\n<\/tr>\n<tr>\n<td>Tipo de gabinete: pl\u00e1stico<\/td>\n<\/tr>\n<tr>\n<td>Peso del producto: 134 g<\/td>\n<\/tr>\n<tr>\n<td>Longitud del producto: 2000 mm<\/td>\n<\/tr>\n<tr>\n<td>Color: negro<\/td>\n<\/tr>\n<tr>\n<td>Ancho del producto: 37 mm<\/td>\n<\/tr>\n<tr>\n<td>Altura del producto: 13 mm<\/td>\n<\/tr>\n<\/table>\n","protected":false},"excerpt":{"rendered":"<p>Este cable adaptador vga a hdmi\u00a0(2 metros) le permite\u00a0conectar\u00a0la salida vga\u00a0de su\u00a0laptop o de sobremesa\u00a0directamente\u00a0a\u00a0una entrada\u00a0hdmi\u00a0de un monitor, tv o proyector, sin necesidad de cables adicionales. Este conversor vga a hdmi activo le permite adaptar la salida de video vga, a fin de aumentar el n\u00famero de pantallas y proyectores compatibles solo con hdmi.\u00a0no todos los conversores vga son iguales. Este cable conversor\u00a0vga\u00a0a\u00a0hdmi\u00a0le garantiza\u00a0aprovechar al m\u00e1ximo la calidad de video de su salida vga, con compatibilidad con resoluciones de hasta 1920&#215;1080 (1080p).\u00a0para una configuraci\u00f3n sencilla, el cable de video vga (macho) a hdmi (macho) ejecuta el modo plug-and-play de instalaci\u00f3n. Adem\u00e1s, el dispositivo incluye un cable integrado de alimentaci\u00f3n por medio del puerto usb de su ordenador. El adaptador vga a hdmi funciona con cualquier sistema de computo, pero, en el caso de windows\u00ae, el adaptador es compatible con audio usb nativo.<\/p>\n","protected":false},"featured_media":213899,"comment_status":"open","ping_status":"open","template":"","meta":[],"product_cat":[1549,1550],"product_tag":[1590],"acf":[],"yoast_head":"<!-- This site is optimized with the Yoast SEO plugin v21.7 - https:\/\/yoast.com\/wordpress\/plugins\/seo\/ -->\n<title>[ Startech.com ] &#129351; Vga2hdmm2m Cable Adaptador De Vga A Hdmi De 2m Con Audio - 1920 X 1080 - Convertidor Activo Vga A Hdmi - Macho A Macho - Mod.<\/title>\n<meta name=\"description\" content=\"Compra Vga2hdmm2m Cable Adaptador De Vga A Hdmi De 2m Con Audio - 1920 X 1080 - Convertidor Activo Vga A Hdmi - Macho A Macho - Mod. + Env\u00edo a domicilio + Pago seguro + Garant\u00eda\" \/>\n<meta name=\"robots\" content=\"index, follow, max-snippet:-1, max-image-preview:large, max-video-preview:-1\" \/>\n<link rel=\"canonical\" href=\"https:\/\/compuviper.mx\/tienda\/producto\/startech-com-vga2hdmm2m-cable-adaptador-de-vga-a-hdmi-de-2m-con-audio-1920-x-1080-convertidor-activo-vga-a-hdmi-macho-a-macho-mod\/\" \/>\n<meta property=\"og:locale\" content=\"es_MX\" \/>\n<meta property=\"og:type\" content=\"article\" \/>\n<meta property=\"og:title\" content=\"[ Startech.com ] &#129351; Vga2hdmm2m Cable Adaptador De Vga A Hdmi De 2m Con Audio - 1920 X 1080 - Convertidor Activo Vga A Hdmi - Macho A Macho - Mod.\" \/>\n<meta property=\"og:description\" content=\"Compra Vga2hdmm2m Cable Adaptador De Vga A Hdmi De 2m Con Audio - 1920 X 1080 - Convertidor Activo Vga A Hdmi - Macho A Macho - Mod. + Env\u00edo a domicilio + Pago seguro + Garant\u00eda\" \/>\n<meta property=\"og:url\" content=\"https:\/\/compuviper.mx\/tienda\/producto\/startech-com-vga2hdmm2m-cable-adaptador-de-vga-a-hdmi-de-2m-con-audio-1920-x-1080-convertidor-activo-vga-a-hdmi-macho-a-macho-mod\/\" \/>\n<meta property=\"og:site_name\" content=\"Compuviper\" \/>\n<meta property=\"article:publisher\" content=\"https:\/\/www.facebook.com\/compuviper\" \/>\n<meta property=\"og:image\" content=\"https:\/\/compuviper.mx\/tienda\/wp-content\/uploads\/2023\/12\/Cable-adaptador-de-vga-a-hdmi-de-2m-con-audio-1920-x-1080-convertidor-activo-vga-a-hdmi-macho-a-macho-startech.com-mod.-vga2hdmm2m.jpg\" \/>\n\t<meta property=\"og:image:width\" content=\"200\" \/>\n\t<meta property=\"og:image:height\" content=\"200\" \/>\n\t<meta property=\"og:image:type\" content=\"image\/jpeg\" \/>\n<meta name=\"twitter:card\" content=\"summary_large_image\" \/>\n<meta name=\"twitter:label1\" content=\"Precio\" \/>\n\t<meta name=\"twitter:data1\" content=\"&#36;1,049 con IVA\" \/>\n\t<meta name=\"twitter:label2\" content=\"Availability\" \/>\n\t<meta name=\"twitter:data2\" content=\"Out of stock\" \/>\n<script type=\"application\/ld+json\" class=\"yoast-schema-graph\">{\"@context\":\"https:\/\/schema.org\",\"@graph\":[{\"@type\":\"WebPage\",\"@id\":\"https:\/\/compuviper.mx\/tienda\/producto\/startech-com-vga2hdmm2m-cable-adaptador-de-vga-a-hdmi-de-2m-con-audio-1920-x-1080-convertidor-activo-vga-a-hdmi-macho-a-macho-mod\/\",\"url\":\"https:\/\/compuviper.mx\/tienda\/producto\/startech-com-vga2hdmm2m-cable-adaptador-de-vga-a-hdmi-de-2m-con-audio-1920-x-1080-convertidor-activo-vga-a-hdmi-macho-a-macho-mod\/\",\"name\":\"[ Startech.com ] &#129351; Vga2hdmm2m Cable Adaptador De Vga A Hdmi De 2m Con Audio - 1920 X 1080 - Convertidor Activo Vga A Hdmi - Macho A Macho - Mod.\",\"isPartOf\":{\"@id\":\"https:\/\/compuviper.mx\/tienda\/#website\"},\"datePublished\":\"2026-04-12T05:09:40+00:00\",\"dateModified\":\"2026-04-12T05:09:40+00:00\",\"description\":\"Compra Vga2hdmm2m Cable Adaptador De Vga A Hdmi De 2m Con Audio - 1920 X 1080 - Convertidor Activo Vga A Hdmi - Macho A Macho - Mod. + Env\u00edo a domicilio + Pago seguro + Garant\u00eda\",\"breadcrumb\":{\"@id\":\"https:\/\/compuviper.mx\/tienda\/producto\/startech-com-vga2hdmm2m-cable-adaptador-de-vga-a-hdmi-de-2m-con-audio-1920-x-1080-convertidor-activo-vga-a-hdmi-macho-a-macho-mod\/#breadcrumb\"},\"inLanguage\":\"es-MX\",\"potentialAction\":[{\"@type\":\"ReadAction\",\"target\":[\"https:\/\/compuviper.mx\/tienda\/producto\/startech-com-vga2hdmm2m-cable-adaptador-de-vga-a-hdmi-de-2m-con-audio-1920-x-1080-convertidor-activo-vga-a-hdmi-macho-a-macho-mod\/\"]}]},{\"@type\":\"BreadcrumbList\",\"@id\":\"https:\/\/compuviper.mx\/tienda\/producto\/startech-com-vga2hdmm2m-cable-adaptador-de-vga-a-hdmi-de-2m-con-audio-1920-x-1080-convertidor-activo-vga-a-hdmi-macho-a-macho-mod\/#breadcrumb\",\"itemListElement\":[{\"@type\":\"ListItem\",\"position\":1,\"name\":\"Inicio\",\"item\":\"https:\/\/compuviper.mx\/tienda\/\"},{\"@type\":\"ListItem\",\"position\":2,\"name\":\"Productos\",\"item\":\"https:\/\/compuviper.mx\/tienda\/productos\/\"},{\"@type\":\"ListItem\",\"position\":3,\"name\":\"Cables\",\"item\":\"https:\/\/compuviper.mx\/tienda\/categoria-producto\/cables\/\"},{\"@type\":\"ListItem\",\"position\":4,\"name\":\"Cable De Video\",\"item\":\"https:\/\/compuviper.mx\/tienda\/categoria-producto\/cables\/cable-de-video\/\"},{\"@type\":\"ListItem\",\"position\":5,\"name\":\"Startech.com Vga2hdmm2m Cable Adaptador De Vga A Hdmi De 2m Con Audio &#8211; 1920 X 1080 &#8211; Convertidor Activo Vga A Hdmi &#8211; Macho A Macho &#8211; Mod.\"}]},{\"@type\":\"WebSite\",\"@id\":\"https:\/\/compuviper.mx\/tienda\/#website\",\"url\":\"https:\/\/compuviper.mx\/tienda\/\",\"name\":\"Compuviper\",\"description\":\"Proveedor de Computadoras, Laptops, Servidores, Monitores, Puntos de Venta, Teclados,   Impresoras, T\u00f3ner, C\u00e1maras de Seguridad y m\u00e1s en tu tienda en l\u00ednea\",\"publisher\":{\"@id\":\"https:\/\/compuviper.mx\/tienda\/#organization\"},\"potentialAction\":[{\"@type\":\"SearchAction\",\"target\":{\"@type\":\"EntryPoint\",\"urlTemplate\":\"https:\/\/compuviper.mx\/tienda\/?s={search_term_string}\"},\"query-input\":\"required name=search_term_string\"}],\"inLanguage\":\"es-MX\"},{\"@type\":\"Organization\",\"@id\":\"https:\/\/compuviper.mx\/tienda\/#organization\",\"name\":\"Compuviper\",\"url\":\"https:\/\/compuviper.mx\/tienda\/\",\"logo\":{\"@type\":\"ImageObject\",\"inLanguage\":\"es-MX\",\"@id\":\"https:\/\/compuviper.mx\/tienda\/#\/schema\/logo\/image\/\",\"url\":\"https:\/\/compuviper.mx\/tienda\/wp-content\/uploads\/2021\/08\/Logo-Compuviper-10.png\",\"contentUrl\":\"https:\/\/compuviper.mx\/tienda\/wp-content\/uploads\/2021\/08\/Logo-Compuviper-10.png\",\"width\":1000,\"height\":500,\"caption\":\"Compuviper\"},\"image\":{\"@id\":\"https:\/\/compuviper.mx\/tienda\/#\/schema\/logo\/image\/\"},\"sameAs\":[\"https:\/\/www.facebook.com\/compuviper\",\"https:\/\/www.youtube.com\/channel\/UCf73dERp9Y3cfOq7q8BhLjA?view_as=subscriber\"]}]}<\/script>\n<meta property=\"product:brand\" content=\"STARTECH.COM\" \/>\n<meta property=\"product:price:amount\" content=\"1049\" \/>\n<meta property=\"product:price:currency\" content=\"MXN\" \/>\n<meta property=\"og:availability\" content=\"out of stock\" \/>\n<meta property=\"product:availability\" content=\"out of stock\" \/>\n<meta property=\"product:retailer_item_id\" content=\"VGA2HDMM2M\" \/>\n<meta property=\"product:condition\" content=\"new\" \/>\n<!-- \/ Yoast SEO plugin. -->","yoast_head_json":{"title":"[ Startech.com ] &#129351; Vga2hdmm2m Cable Adaptador De Vga A Hdmi De 2m Con Audio - 1920 X 1080 - Convertidor Activo Vga A Hdmi - Macho A Macho - Mod.","description":"Compra Vga2hdmm2m Cable Adaptador De Vga A Hdmi De 2m Con Audio - 1920 X 1080 - Convertidor Activo Vga A Hdmi - Macho A Macho - Mod. + Env\u00edo a domicilio + Pago seguro + Garant\u00eda","robots":{"index":"index","follow":"follow","max-snippet":"max-snippet:-1","max-image-preview":"max-image-preview:large","max-video-preview":"max-video-preview:-1"},"canonical":"https:\/\/compuviper.mx\/tienda\/producto\/startech-com-vga2hdmm2m-cable-adaptador-de-vga-a-hdmi-de-2m-con-audio-1920-x-1080-convertidor-activo-vga-a-hdmi-macho-a-macho-mod\/","og_locale":"es_MX","og_type":"article","og_title":"[ Startech.com ] &#129351; Vga2hdmm2m Cable Adaptador De Vga A Hdmi De 2m Con Audio - 1920 X 1080 - Convertidor Activo Vga A Hdmi - Macho A Macho - Mod.","og_description":"Compra Vga2hdmm2m Cable Adaptador De Vga A Hdmi De 2m Con Audio - 1920 X 1080 - Convertidor Activo Vga A Hdmi - Macho A Macho - Mod. + Env\u00edo a domicilio + Pago seguro + Garant\u00eda","og_url":"https:\/\/compuviper.mx\/tienda\/producto\/startech-com-vga2hdmm2m-cable-adaptador-de-vga-a-hdmi-de-2m-con-audio-1920-x-1080-convertidor-activo-vga-a-hdmi-macho-a-macho-mod\/","og_site_name":"Compuviper","article_publisher":"https:\/\/www.facebook.com\/compuviper","og_image":[{"width":200,"height":200,"url":"https:\/\/compuviper.mx\/tienda\/wp-content\/uploads\/2023\/12\/Cable-adaptador-de-vga-a-hdmi-de-2m-con-audio-1920-x-1080-convertidor-activo-vga-a-hdmi-macho-a-macho-startech.com-mod.-vga2hdmm2m.jpg","type":"image\/jpeg"}],"twitter_card":"summary_large_image","twitter_misc":{"Precio":"&#36;1,049 con IVA","Availability":"Out of stock"},"schema":{"@context":"https:\/\/schema.org","@graph":[{"@type":"WebPage","@id":"https:\/\/compuviper.mx\/tienda\/producto\/startech-com-vga2hdmm2m-cable-adaptador-de-vga-a-hdmi-de-2m-con-audio-1920-x-1080-convertidor-activo-vga-a-hdmi-macho-a-macho-mod\/","url":"https:\/\/compuviper.mx\/tienda\/producto\/startech-com-vga2hdmm2m-cable-adaptador-de-vga-a-hdmi-de-2m-con-audio-1920-x-1080-convertidor-activo-vga-a-hdmi-macho-a-macho-mod\/","name":"[ Startech.com ] &#129351; Vga2hdmm2m Cable Adaptador De Vga A Hdmi De 2m Con Audio - 1920 X 1080 - Convertidor Activo Vga A Hdmi - Macho A Macho - Mod.","isPartOf":{"@id":"https:\/\/compuviper.mx\/tienda\/#website"},"datePublished":"2026-04-12T05:09:40+00:00","dateModified":"2026-04-12T05:09:40+00:00","description":"Compra Vga2hdmm2m Cable Adaptador De Vga A Hdmi De 2m Con Audio - 1920 X 1080 - Convertidor Activo Vga A Hdmi - Macho A Macho - Mod. + Env\u00edo a domicilio + Pago seguro + Garant\u00eda","breadcrumb":{"@id":"https:\/\/compuviper.mx\/tienda\/producto\/startech-com-vga2hdmm2m-cable-adaptador-de-vga-a-hdmi-de-2m-con-audio-1920-x-1080-convertidor-activo-vga-a-hdmi-macho-a-macho-mod\/#breadcrumb"},"inLanguage":"es-MX","potentialAction":[{"@type":"ReadAction","target":["https:\/\/compuviper.mx\/tienda\/producto\/startech-com-vga2hdmm2m-cable-adaptador-de-vga-a-hdmi-de-2m-con-audio-1920-x-1080-convertidor-activo-vga-a-hdmi-macho-a-macho-mod\/"]}]},{"@type":"BreadcrumbList","@id":"https:\/\/compuviper.mx\/tienda\/producto\/startech-com-vga2hdmm2m-cable-adaptador-de-vga-a-hdmi-de-2m-con-audio-1920-x-1080-convertidor-activo-vga-a-hdmi-macho-a-macho-mod\/#breadcrumb","itemListElement":[{"@type":"ListItem","position":1,"name":"Inicio","item":"https:\/\/compuviper.mx\/tienda\/"},{"@type":"ListItem","position":2,"name":"Productos","item":"https:\/\/compuviper.mx\/tienda\/productos\/"},{"@type":"ListItem","position":3,"name":"Cables","item":"https:\/\/compuviper.mx\/tienda\/categoria-producto\/cables\/"},{"@type":"ListItem","position":4,"name":"Cable De Video","item":"https:\/\/compuviper.mx\/tienda\/categoria-producto\/cables\/cable-de-video\/"},{"@type":"ListItem","position":5,"name":"Startech.com Vga2hdmm2m Cable Adaptador De Vga A Hdmi De 2m Con Audio &#8211; 1920 X 1080 &#8211; Convertidor Activo Vga A Hdmi &#8211; Macho A Macho &#8211; Mod."}]},{"@type":"WebSite","@id":"https:\/\/compuviper.mx\/tienda\/#website","url":"https:\/\/compuviper.mx\/tienda\/","name":"Compuviper","description":"Proveedor de Computadoras, Laptops, Servidores, Monitores, Puntos de Venta, Teclados,   Impresoras, T\u00f3ner, C\u00e1maras de Seguridad y m\u00e1s en tu tienda en l\u00ednea","publisher":{"@id":"https:\/\/compuviper.mx\/tienda\/#organization"},"potentialAction":[{"@type":"SearchAction","target":{"@type":"EntryPoint","urlTemplate":"https:\/\/compuviper.mx\/tienda\/?s={search_term_string}"},"query-input":"required name=search_term_string"}],"inLanguage":"es-MX"},{"@type":"Organization","@id":"https:\/\/compuviper.mx\/tienda\/#organization","name":"Compuviper","url":"https:\/\/compuviper.mx\/tienda\/","logo":{"@type":"ImageObject","inLanguage":"es-MX","@id":"https:\/\/compuviper.mx\/tienda\/#\/schema\/logo\/image\/","url":"https:\/\/compuviper.mx\/tienda\/wp-content\/uploads\/2021\/08\/Logo-Compuviper-10.png","contentUrl":"https:\/\/compuviper.mx\/tienda\/wp-content\/uploads\/2021\/08\/Logo-Compuviper-10.png","width":1000,"height":500,"caption":"Compuviper"},"image":{"@id":"https:\/\/compuviper.mx\/tienda\/#\/schema\/logo\/image\/"},"sameAs":["https:\/\/www.facebook.com\/compuviper","https:\/\/www.youtube.com\/channel\/UCf73dERp9Y3cfOq7q8BhLjA?view_as=subscriber"]}]},"product_brand":"STARTECH.COM","product_price_amount":"1049","product_price_currency":"MXN","og_availability":"out of stock","product_availability":"out of stock","product_retailer_item_id":"VGA2HDMM2M","product_condition":"new"},"_links":{"self":[{"href":"https:\/\/compuviper.mx\/tienda\/wp-json\/wp\/v2\/product\/213898"}],"collection":[{"href":"https:\/\/compuviper.mx\/tienda\/wp-json\/wp\/v2\/product"}],"about":[{"href":"https:\/\/compuviper.mx\/tienda\/wp-json\/wp\/v2\/types\/product"}],"replies":[{"embeddable":true,"href":"https:\/\/compuviper.mx\/tienda\/wp-json\/wp\/v2\/comments?post=213898"}],"wp:featuredmedia":[{"embeddable":true,"href":"https:\/\/compuviper.mx\/tienda\/wp-json\/wp\/v2\/media\/213899"}],"wp:attachment":[{"href":"https:\/\/compuviper.mx\/tienda\/wp-json\/wp\/v2\/media?parent=213898"}],"wp:term":[{"taxonomy":"product_cat","embeddable":true,"href":"https:\/\/compuviper.mx\/tienda\/wp-json\/wp\/v2\/product_cat?post=213898"},{"taxonomy":"product_tag","embeddable":true,"href":"https:\/\/compuviper.mx\/tienda\/wp-json\/wp\/v2\/product_tag?post=213898"}],"curies":[{"name":"wp","href":"https:\/\/api.w.org\/{rel}","templated":true}]}}