{"id":213896,"date":"2026-05-08T23:41:52","date_gmt":"2026-05-09T05:41:52","guid":{"rendered":"https:\/\/compuviper.mx\/tienda\/producto\/startech-com-hdmmv2m-cable-hdmi-de-2m-2-0-certificado-premium-cable-hdmi-con-ethernet-de-alta-velocidad-ultra-hd-4k-60hz-hdr10-arc-cable-de-video-hdmi-uhd-para-monitores-uhd-m-m-mod\/"},"modified":"2026-05-08T23:41:52","modified_gmt":"2026-05-09T05:41:52","slug":"startech-com-hdmmv2m-cable-hdmi-de-2m-2-0-certificado-premium-cable-hdmi-con-ethernet-de-alta-velocidad-ultra-hd-4k-60hz-hdr10-arc-cable-de-video-hdmi-uhd-para-monitores-uhd-m-m-mod","status":"publish","type":"product","link":"https:\/\/compuviper.mx\/tienda\/producto\/startech-com-hdmmv2m-cable-hdmi-de-2m-2-0-certificado-premium-cable-hdmi-con-ethernet-de-alta-velocidad-ultra-hd-4k-60hz-hdr10-arc-cable-de-video-hdmi-uhd-para-monitores-uhd-m-m-mod\/","title":{"rendered":"Startech.com Hdmmv2m Cable Hdmi De 2m &#8211; 2.0 Certificado Premium &#8211; Cable Hdmi Con Ethernet De Alta Velocidad Ultra Hd 4k 60hz &#8211; Hdr10, Arc &#8211; Cable De Video Hdmi Uhd &#8211; Para Monitores Uhd &#8211; M\/m &#8211;  Mod."},"content":{"rendered":"<table class=\"descripcion\">\n<tr>\n<td>Hardware<\/td>\n<\/tr>\n<tr>\n<td>Cantidad de conductores: 19<\/td>\n<\/tr>\n<tr>\n<td>Pair shield structure: aluminium-mylar foil<\/td>\n<\/tr>\n<tr>\n<td>Revestimiento del conector : oro<\/td>\n<\/tr>\n<tr>\n<td>Tipo de cable blindado: l\u00e1mina de aluminio mylar con malla trenzada<\/td>\n<\/tr>\n<tr>\n<td>Rendimiento<\/td>\n<\/tr>\n<tr>\n<td>Especificaciones de audio: hdmi &#8211; 32 channel audio<\/td>\n<\/tr>\n<tr>\n<td>Especificaciones de audio: hdmi &#8211; 5.1 channel audio<\/td>\n<\/tr>\n<tr>\n<td>Especificaciones de audio: hdmi &#8211; 7.1 channel audio<\/td>\n<\/tr>\n<tr>\n<td>Longitud m\u00e1xima del cable: 2 m [6.6 ft]<\/td>\n<\/tr>\n<tr>\n<td>Resoluci\u00f3n digital m\u00e1xima: 4k 60hz 3840&#215;2160<\/td>\n<\/tr>\n<tr>\n<td>Tasa de transferencia de datos m\u00e1xima: 18gbps<\/td>\n<\/tr>\n<tr>\n<td>Video revision: hdmi 2.0b<\/td>\n<\/tr>\n<tr>\n<td>Hardware<\/td>\n<\/tr>\n<tr>\n<td>Cable tipo jacket: tpe &#8211; thermoplastic elastomers<\/td>\n<\/tr>\n<tr>\n<td>Cable shield overlap: aluminium-mylar foil<\/td>\n<\/tr>\n<tr>\n<td>Active or passive adapter: pasivo<\/td>\n<\/tr>\n<tr>\n<td>Conector(es)<\/td>\n<\/tr>\n<tr>\n<td>Conector b: hdmi (19 pines)<\/td>\n<\/tr>\n<tr>\n<td>Conector a: hdmi (19 pines)<\/td>\n<\/tr>\n<tr>\n<td>Caracter\u00edsticas f\u00edsicas<\/td>\n<\/tr>\n<tr>\n<td>Peso del producto: 0 g<\/td>\n<\/tr>\n<tr>\n<td>Longitud del producto: 2 m<\/td>\n<\/tr>\n<tr>\n<td>Longitud del cable: 2 m<\/td>\n<\/tr>\n<tr>\n<td>Color: gray and black<\/td>\n<\/tr>\n<tr>\n<td>Calibre del conductor: 30 awg<\/td>\n<\/tr>\n<tr>\n<td>Cable od: 6 mm<\/td>\n<\/tr>\n<tr>\n<td>Ancho del producto: 20 mm<\/td>\n<\/tr>\n<tr>\n<td>Altura del producto: 11 mm<\/td>\n<\/tr>\n<\/table>\n","protected":false},"excerpt":{"rendered":"<p>Este cable de 2m con certificaci\u00f3n hdmi 2.0 de alta velocidad soporta las exigencias diarias de la conexi\u00f3n de sus dispositivos hdmi. Probado para soportar el desgaste m\u00e1s intenso, este cable durable es imprescindible para las aplicaciones empresariales y de consumo. Este cable 4k de alto rendimiento admite resoluciones de hasta 4k a 60hz (3840x2160p) y anchos de banda de hasta 18gbps. Tambi\u00e9n es compatible con hdr10 (alto rango din\u00e1mico) y dolby vision para una mayor relaci\u00f3n de contraste y colores vivos. Adem\u00e1s, el arc (canal de retorno de audio) cuenta con hasta 32 canales de audio digital 5.1 y 7.1 sin comprimir para soportar dts-hd master audio\u0099, dts:x\u00ae, dolby\u00ae truehd, dolby atmos\u00ae para un sonido de alta calidad. Con altas resoluciones, mayores velocidades, im\u00e1genes m\u00e1s n\u00edtidas y un audio cristalino, puede esperar una experiencia de video mejorada. El cable est\u00e1 garantizado para proporcionar el mejor rendimiento hdmi 4k disponible en la actualidad.<\/p>\n","protected":false},"featured_media":213897,"comment_status":"open","ping_status":"open","template":"","meta":[],"product_cat":[1549,1550],"product_tag":[1590],"acf":[],"yoast_head":"<!-- This site is optimized with the Yoast SEO plugin v21.7 - https:\/\/yoast.com\/wordpress\/plugins\/seo\/ -->\n<title>[ Startech.com ] &#129351; Hdmmv2m Cable Hdmi De 2m - 2.0 Certificado Premium - Cable Hdmi Con Ethernet De Alta Velocidad Ultra Hd 4k 60hz - Hdr10, Arc - Cable De Video Hdmi Uhd - Para Monitores Uhd - M\/m - Mod.<\/title>\n<meta name=\"description\" content=\"Compra Hdmmv2m Cable Hdmi De 2m - 2.0 Certificado Premium - Cable Hdmi Con Ethernet De Alta Velocidad Ultra Hd 4k 60hz - Hdr10, Arc - Cable De Video Hdmi Uhd - Para Monitores Uhd - M\/m - Mod. + Env\u00edo a domicilio + Pago seguro + Garant\u00eda\" \/>\n<meta name=\"robots\" content=\"index, follow, max-snippet:-1, max-image-preview:large, max-video-preview:-1\" \/>\n<link rel=\"canonical\" href=\"https:\/\/compuviper.mx\/tienda\/producto\/startech-com-hdmmv2m-cable-hdmi-de-2m-2-0-certificado-premium-cable-hdmi-con-ethernet-de-alta-velocidad-ultra-hd-4k-60hz-hdr10-arc-cable-de-video-hdmi-uhd-para-monitores-uhd-m-m-mod\/\" \/>\n<meta property=\"og:locale\" content=\"es_MX\" \/>\n<meta property=\"og:type\" content=\"article\" \/>\n<meta property=\"og:title\" content=\"[ Startech.com ] &#129351; Hdmmv2m Cable Hdmi De 2m - 2.0 Certificado Premium - Cable Hdmi Con Ethernet De Alta Velocidad Ultra Hd 4k 60hz - Hdr10, Arc - Cable De Video Hdmi Uhd - Para Monitores Uhd - M\/m - Mod.\" \/>\n<meta property=\"og:description\" content=\"Compra Hdmmv2m Cable Hdmi De 2m - 2.0 Certificado Premium - Cable Hdmi Con Ethernet De Alta Velocidad Ultra Hd 4k 60hz - Hdr10, Arc - Cable De Video Hdmi Uhd - Para Monitores Uhd - M\/m - Mod. + Env\u00edo a domicilio + Pago seguro + Garant\u00eda\" \/>\n<meta property=\"og:url\" content=\"https:\/\/compuviper.mx\/tienda\/producto\/startech-com-hdmmv2m-cable-hdmi-de-2m-2-0-certificado-premium-cable-hdmi-con-ethernet-de-alta-velocidad-ultra-hd-4k-60hz-hdr10-arc-cable-de-video-hdmi-uhd-para-monitores-uhd-m-m-mod\/\" \/>\n<meta property=\"og:site_name\" content=\"Compuviper\" \/>\n<meta property=\"article:publisher\" content=\"https:\/\/www.facebook.com\/compuviper\" \/>\n<meta property=\"og:image\" content=\"https:\/\/compuviper.mx\/tienda\/wp-content\/uploads\/2023\/12\/Cable-hdmi-de-2m-2.0-certificado-premium-cable-hdmi-con-ethernet-de-alta-velocidad-ultra-hd-4k-60hz-hdr10-arc-cable-de-video-hdmi-uhd-para-monitores-uhd-mm-startech.com-mod.-hdmmv2m.jpg\" \/>\n\t<meta property=\"og:image:width\" content=\"200\" \/>\n\t<meta property=\"og:image:height\" content=\"200\" \/>\n\t<meta property=\"og:image:type\" content=\"image\/jpeg\" \/>\n<meta name=\"twitter:card\" content=\"summary_large_image\" \/>\n<meta name=\"twitter:label1\" content=\"Precio\" \/>\n\t<meta name=\"twitter:data1\" content=\"&#36;355 con IVA\" \/>\n\t<meta name=\"twitter:label2\" content=\"Availability\" \/>\n\t<meta name=\"twitter:data2\" content=\"Out of stock\" \/>\n<script type=\"application\/ld+json\" class=\"yoast-schema-graph\">{\"@context\":\"https:\/\/schema.org\",\"@graph\":[{\"@type\":\"WebPage\",\"@id\":\"https:\/\/compuviper.mx\/tienda\/producto\/startech-com-hdmmv2m-cable-hdmi-de-2m-2-0-certificado-premium-cable-hdmi-con-ethernet-de-alta-velocidad-ultra-hd-4k-60hz-hdr10-arc-cable-de-video-hdmi-uhd-para-monitores-uhd-m-m-mod\/\",\"url\":\"https:\/\/compuviper.mx\/tienda\/producto\/startech-com-hdmmv2m-cable-hdmi-de-2m-2-0-certificado-premium-cable-hdmi-con-ethernet-de-alta-velocidad-ultra-hd-4k-60hz-hdr10-arc-cable-de-video-hdmi-uhd-para-monitores-uhd-m-m-mod\/\",\"name\":\"[ Startech.com ] &#129351; Hdmmv2m Cable Hdmi De 2m - 2.0 Certificado Premium - Cable Hdmi Con Ethernet De Alta Velocidad Ultra Hd 4k 60hz - Hdr10, Arc - Cable De Video Hdmi Uhd - Para Monitores Uhd - M\/m - Mod.\",\"isPartOf\":{\"@id\":\"https:\/\/compuviper.mx\/tienda\/#website\"},\"datePublished\":\"2026-05-09T05:41:52+00:00\",\"dateModified\":\"2026-05-09T05:41:52+00:00\",\"description\":\"Compra Hdmmv2m Cable Hdmi De 2m - 2.0 Certificado Premium - Cable Hdmi Con Ethernet De Alta Velocidad Ultra Hd 4k 60hz - Hdr10, Arc - Cable De Video Hdmi Uhd - Para Monitores Uhd - M\/m - Mod. + Env\u00edo a domicilio + Pago seguro + Garant\u00eda\",\"breadcrumb\":{\"@id\":\"https:\/\/compuviper.mx\/tienda\/producto\/startech-com-hdmmv2m-cable-hdmi-de-2m-2-0-certificado-premium-cable-hdmi-con-ethernet-de-alta-velocidad-ultra-hd-4k-60hz-hdr10-arc-cable-de-video-hdmi-uhd-para-monitores-uhd-m-m-mod\/#breadcrumb\"},\"inLanguage\":\"es-MX\",\"potentialAction\":[{\"@type\":\"ReadAction\",\"target\":[\"https:\/\/compuviper.mx\/tienda\/producto\/startech-com-hdmmv2m-cable-hdmi-de-2m-2-0-certificado-premium-cable-hdmi-con-ethernet-de-alta-velocidad-ultra-hd-4k-60hz-hdr10-arc-cable-de-video-hdmi-uhd-para-monitores-uhd-m-m-mod\/\"]}]},{\"@type\":\"BreadcrumbList\",\"@id\":\"https:\/\/compuviper.mx\/tienda\/producto\/startech-com-hdmmv2m-cable-hdmi-de-2m-2-0-certificado-premium-cable-hdmi-con-ethernet-de-alta-velocidad-ultra-hd-4k-60hz-hdr10-arc-cable-de-video-hdmi-uhd-para-monitores-uhd-m-m-mod\/#breadcrumb\",\"itemListElement\":[{\"@type\":\"ListItem\",\"position\":1,\"name\":\"Inicio\",\"item\":\"https:\/\/compuviper.mx\/tienda\/\"},{\"@type\":\"ListItem\",\"position\":2,\"name\":\"Productos\",\"item\":\"https:\/\/compuviper.mx\/tienda\/productos\/\"},{\"@type\":\"ListItem\",\"position\":3,\"name\":\"Cables\",\"item\":\"https:\/\/compuviper.mx\/tienda\/categoria-producto\/cables\/\"},{\"@type\":\"ListItem\",\"position\":4,\"name\":\"Cable De Video\",\"item\":\"https:\/\/compuviper.mx\/tienda\/categoria-producto\/cables\/cable-de-video\/\"},{\"@type\":\"ListItem\",\"position\":5,\"name\":\"Startech.com Hdmmv2m Cable Hdmi De 2m &#8211; 2.0 Certificado Premium &#8211; Cable Hdmi Con Ethernet De Alta Velocidad Ultra Hd 4k 60hz &#8211; Hdr10, Arc &#8211; Cable De Video Hdmi Uhd &#8211; Para Monitores Uhd &#8211; M\/m &#8211; Mod.\"}]},{\"@type\":\"WebSite\",\"@id\":\"https:\/\/compuviper.mx\/tienda\/#website\",\"url\":\"https:\/\/compuviper.mx\/tienda\/\",\"name\":\"Compuviper\",\"description\":\"Proveedor de Computadoras, Laptops, Servidores, Monitores, Puntos de Venta, Teclados,   Impresoras, T\u00f3ner, C\u00e1maras de Seguridad y m\u00e1s en tu tienda en l\u00ednea\",\"publisher\":{\"@id\":\"https:\/\/compuviper.mx\/tienda\/#organization\"},\"potentialAction\":[{\"@type\":\"SearchAction\",\"target\":{\"@type\":\"EntryPoint\",\"urlTemplate\":\"https:\/\/compuviper.mx\/tienda\/?s={search_term_string}\"},\"query-input\":\"required name=search_term_string\"}],\"inLanguage\":\"es-MX\"},{\"@type\":\"Organization\",\"@id\":\"https:\/\/compuviper.mx\/tienda\/#organization\",\"name\":\"Compuviper\",\"url\":\"https:\/\/compuviper.mx\/tienda\/\",\"logo\":{\"@type\":\"ImageObject\",\"inLanguage\":\"es-MX\",\"@id\":\"https:\/\/compuviper.mx\/tienda\/#\/schema\/logo\/image\/\",\"url\":\"https:\/\/compuviper.mx\/tienda\/wp-content\/uploads\/2021\/08\/Logo-Compuviper-10.png\",\"contentUrl\":\"https:\/\/compuviper.mx\/tienda\/wp-content\/uploads\/2021\/08\/Logo-Compuviper-10.png\",\"width\":1000,\"height\":500,\"caption\":\"Compuviper\"},\"image\":{\"@id\":\"https:\/\/compuviper.mx\/tienda\/#\/schema\/logo\/image\/\"},\"sameAs\":[\"https:\/\/www.facebook.com\/compuviper\",\"https:\/\/www.youtube.com\/channel\/UCf73dERp9Y3cfOq7q8BhLjA?view_as=subscriber\"]}]}<\/script>\n<meta property=\"product:brand\" content=\"STARTECH.COM\" \/>\n<meta property=\"product:price:amount\" content=\"355\" \/>\n<meta property=\"product:price:currency\" content=\"MXN\" \/>\n<meta property=\"og:availability\" content=\"out of stock\" \/>\n<meta property=\"product:availability\" content=\"out of stock\" \/>\n<meta property=\"product:retailer_item_id\" content=\"HDMMV2M\" \/>\n<meta property=\"product:condition\" content=\"new\" \/>\n<!-- \/ Yoast SEO plugin. -->","yoast_head_json":{"title":"[ Startech.com ] &#129351; Hdmmv2m Cable Hdmi De 2m - 2.0 Certificado Premium - Cable Hdmi Con Ethernet De Alta Velocidad Ultra Hd 4k 60hz - Hdr10, Arc - Cable De Video Hdmi Uhd - Para Monitores Uhd - M\/m - Mod.","description":"Compra Hdmmv2m Cable Hdmi De 2m - 2.0 Certificado Premium - Cable Hdmi Con Ethernet De Alta Velocidad Ultra Hd 4k 60hz - Hdr10, Arc - Cable De Video Hdmi Uhd - Para Monitores Uhd - M\/m - Mod. + Env\u00edo a domicilio + Pago seguro + Garant\u00eda","robots":{"index":"index","follow":"follow","max-snippet":"max-snippet:-1","max-image-preview":"max-image-preview:large","max-video-preview":"max-video-preview:-1"},"canonical":"https:\/\/compuviper.mx\/tienda\/producto\/startech-com-hdmmv2m-cable-hdmi-de-2m-2-0-certificado-premium-cable-hdmi-con-ethernet-de-alta-velocidad-ultra-hd-4k-60hz-hdr10-arc-cable-de-video-hdmi-uhd-para-monitores-uhd-m-m-mod\/","og_locale":"es_MX","og_type":"article","og_title":"[ Startech.com ] &#129351; Hdmmv2m Cable Hdmi De 2m - 2.0 Certificado Premium - Cable Hdmi Con Ethernet De Alta Velocidad Ultra Hd 4k 60hz - Hdr10, Arc - Cable De Video Hdmi Uhd - Para Monitores Uhd - M\/m - Mod.","og_description":"Compra Hdmmv2m Cable Hdmi De 2m - 2.0 Certificado Premium - Cable Hdmi Con Ethernet De Alta Velocidad Ultra Hd 4k 60hz - Hdr10, Arc - Cable De Video Hdmi Uhd - Para Monitores Uhd - M\/m - Mod. + Env\u00edo a domicilio + Pago seguro + Garant\u00eda","og_url":"https:\/\/compuviper.mx\/tienda\/producto\/startech-com-hdmmv2m-cable-hdmi-de-2m-2-0-certificado-premium-cable-hdmi-con-ethernet-de-alta-velocidad-ultra-hd-4k-60hz-hdr10-arc-cable-de-video-hdmi-uhd-para-monitores-uhd-m-m-mod\/","og_site_name":"Compuviper","article_publisher":"https:\/\/www.facebook.com\/compuviper","og_image":[{"width":200,"height":200,"url":"https:\/\/compuviper.mx\/tienda\/wp-content\/uploads\/2023\/12\/Cable-hdmi-de-2m-2.0-certificado-premium-cable-hdmi-con-ethernet-de-alta-velocidad-ultra-hd-4k-60hz-hdr10-arc-cable-de-video-hdmi-uhd-para-monitores-uhd-mm-startech.com-mod.-hdmmv2m.jpg","type":"image\/jpeg"}],"twitter_card":"summary_large_image","twitter_misc":{"Precio":"&#36;355 con IVA","Availability":"Out of stock"},"schema":{"@context":"https:\/\/schema.org","@graph":[{"@type":"WebPage","@id":"https:\/\/compuviper.mx\/tienda\/producto\/startech-com-hdmmv2m-cable-hdmi-de-2m-2-0-certificado-premium-cable-hdmi-con-ethernet-de-alta-velocidad-ultra-hd-4k-60hz-hdr10-arc-cable-de-video-hdmi-uhd-para-monitores-uhd-m-m-mod\/","url":"https:\/\/compuviper.mx\/tienda\/producto\/startech-com-hdmmv2m-cable-hdmi-de-2m-2-0-certificado-premium-cable-hdmi-con-ethernet-de-alta-velocidad-ultra-hd-4k-60hz-hdr10-arc-cable-de-video-hdmi-uhd-para-monitores-uhd-m-m-mod\/","name":"[ Startech.com ] &#129351; Hdmmv2m Cable Hdmi De 2m - 2.0 Certificado Premium - Cable Hdmi Con Ethernet De Alta Velocidad Ultra Hd 4k 60hz - Hdr10, Arc - Cable De Video Hdmi Uhd - Para Monitores Uhd - M\/m - Mod.","isPartOf":{"@id":"https:\/\/compuviper.mx\/tienda\/#website"},"datePublished":"2026-05-09T05:41:52+00:00","dateModified":"2026-05-09T05:41:52+00:00","description":"Compra Hdmmv2m Cable Hdmi De 2m - 2.0 Certificado Premium - Cable Hdmi Con Ethernet De Alta Velocidad Ultra Hd 4k 60hz - Hdr10, Arc - Cable De Video Hdmi Uhd - Para Monitores Uhd - M\/m - Mod. + Env\u00edo a domicilio + Pago seguro + Garant\u00eda","breadcrumb":{"@id":"https:\/\/compuviper.mx\/tienda\/producto\/startech-com-hdmmv2m-cable-hdmi-de-2m-2-0-certificado-premium-cable-hdmi-con-ethernet-de-alta-velocidad-ultra-hd-4k-60hz-hdr10-arc-cable-de-video-hdmi-uhd-para-monitores-uhd-m-m-mod\/#breadcrumb"},"inLanguage":"es-MX","potentialAction":[{"@type":"ReadAction","target":["https:\/\/compuviper.mx\/tienda\/producto\/startech-com-hdmmv2m-cable-hdmi-de-2m-2-0-certificado-premium-cable-hdmi-con-ethernet-de-alta-velocidad-ultra-hd-4k-60hz-hdr10-arc-cable-de-video-hdmi-uhd-para-monitores-uhd-m-m-mod\/"]}]},{"@type":"BreadcrumbList","@id":"https:\/\/compuviper.mx\/tienda\/producto\/startech-com-hdmmv2m-cable-hdmi-de-2m-2-0-certificado-premium-cable-hdmi-con-ethernet-de-alta-velocidad-ultra-hd-4k-60hz-hdr10-arc-cable-de-video-hdmi-uhd-para-monitores-uhd-m-m-mod\/#breadcrumb","itemListElement":[{"@type":"ListItem","position":1,"name":"Inicio","item":"https:\/\/compuviper.mx\/tienda\/"},{"@type":"ListItem","position":2,"name":"Productos","item":"https:\/\/compuviper.mx\/tienda\/productos\/"},{"@type":"ListItem","position":3,"name":"Cables","item":"https:\/\/compuviper.mx\/tienda\/categoria-producto\/cables\/"},{"@type":"ListItem","position":4,"name":"Cable De Video","item":"https:\/\/compuviper.mx\/tienda\/categoria-producto\/cables\/cable-de-video\/"},{"@type":"ListItem","position":5,"name":"Startech.com Hdmmv2m Cable Hdmi De 2m &#8211; 2.0 Certificado Premium &#8211; Cable Hdmi Con Ethernet De Alta Velocidad Ultra Hd 4k 60hz &#8211; Hdr10, Arc &#8211; Cable De Video Hdmi Uhd &#8211; Para Monitores Uhd &#8211; M\/m &#8211; Mod."}]},{"@type":"WebSite","@id":"https:\/\/compuviper.mx\/tienda\/#website","url":"https:\/\/compuviper.mx\/tienda\/","name":"Compuviper","description":"Proveedor de Computadoras, Laptops, Servidores, Monitores, Puntos de Venta, Teclados,   Impresoras, T\u00f3ner, C\u00e1maras de Seguridad y m\u00e1s en tu tienda en l\u00ednea","publisher":{"@id":"https:\/\/compuviper.mx\/tienda\/#organization"},"potentialAction":[{"@type":"SearchAction","target":{"@type":"EntryPoint","urlTemplate":"https:\/\/compuviper.mx\/tienda\/?s={search_term_string}"},"query-input":"required name=search_term_string"}],"inLanguage":"es-MX"},{"@type":"Organization","@id":"https:\/\/compuviper.mx\/tienda\/#organization","name":"Compuviper","url":"https:\/\/compuviper.mx\/tienda\/","logo":{"@type":"ImageObject","inLanguage":"es-MX","@id":"https:\/\/compuviper.mx\/tienda\/#\/schema\/logo\/image\/","url":"https:\/\/compuviper.mx\/tienda\/wp-content\/uploads\/2021\/08\/Logo-Compuviper-10.png","contentUrl":"https:\/\/compuviper.mx\/tienda\/wp-content\/uploads\/2021\/08\/Logo-Compuviper-10.png","width":1000,"height":500,"caption":"Compuviper"},"image":{"@id":"https:\/\/compuviper.mx\/tienda\/#\/schema\/logo\/image\/"},"sameAs":["https:\/\/www.facebook.com\/compuviper","https:\/\/www.youtube.com\/channel\/UCf73dERp9Y3cfOq7q8BhLjA?view_as=subscriber"]}]},"product_brand":"STARTECH.COM","product_price_amount":"355","product_price_currency":"MXN","og_availability":"out of stock","product_availability":"out of stock","product_retailer_item_id":"HDMMV2M","product_condition":"new"},"_links":{"self":[{"href":"https:\/\/compuviper.mx\/tienda\/wp-json\/wp\/v2\/product\/213896"}],"collection":[{"href":"https:\/\/compuviper.mx\/tienda\/wp-json\/wp\/v2\/product"}],"about":[{"href":"https:\/\/compuviper.mx\/tienda\/wp-json\/wp\/v2\/types\/product"}],"replies":[{"embeddable":true,"href":"https:\/\/compuviper.mx\/tienda\/wp-json\/wp\/v2\/comments?post=213896"}],"wp:featuredmedia":[{"embeddable":true,"href":"https:\/\/compuviper.mx\/tienda\/wp-json\/wp\/v2\/media\/213897"}],"wp:attachment":[{"href":"https:\/\/compuviper.mx\/tienda\/wp-json\/wp\/v2\/media?parent=213896"}],"wp:term":[{"taxonomy":"product_cat","embeddable":true,"href":"https:\/\/compuviper.mx\/tienda\/wp-json\/wp\/v2\/product_cat?post=213896"},{"taxonomy":"product_tag","embeddable":true,"href":"https:\/\/compuviper.mx\/tienda\/wp-json\/wp\/v2\/product_tag?post=213896"}],"curies":[{"name":"wp","href":"https:\/\/api.w.org\/{rel}","templated":true}]}}