{"id":213890,"date":"2026-04-10T23:41:06","date_gmt":"2026-04-11T05:41:06","guid":{"rendered":"https:\/\/compuviper.mx\/tienda\/producto\/startech-com-tblt3mm2m-cable-thunderbolt-de-2m-thunderbolt-3-usb-c-20gbps-compatible-con-thunderbolt-displayport-y-usb-4k-a-60hz-hasta-100w-mod\/"},"modified":"2026-04-10T23:41:06","modified_gmt":"2026-04-11T05:41:06","slug":"startech-com-tblt3mm2m-cable-thunderbolt-de-2m-thunderbolt-3-usb-c-20gbps-compatible-con-thunderbolt-displayport-y-usb-4k-a-60hz-hasta-100w-mod","status":"publish","type":"product","link":"https:\/\/compuviper.mx\/tienda\/producto\/startech-com-tblt3mm2m-cable-thunderbolt-de-2m-thunderbolt-3-usb-c-20gbps-compatible-con-thunderbolt-displayport-y-usb-4k-a-60hz-hasta-100w-mod\/","title":{"rendered":"Startech.com Tblt3mm2m Cable Thunderbolt De 2m &#8211; Thunderbolt 3 Usb-c 20gbps &#8211; Compatible Con Thunderbolt, Displayport Y Usb &#8211; 4k A 60hz &#8211; Hasta 100w &#8211;  Mod."},"content":{"rendered":"<table class=\"descripcion\">\n<tr>\n<td>Rendimiento<\/td>\n<\/tr>\n<tr>\n<td>Tipo y velocidad: thunderbolt 3 &#8211; 20 gbit\/s<\/td>\n<\/tr>\n<tr>\n<td>Requisitos de energ\u00eda<\/td>\n<\/tr>\n<tr>\n<td>Alimentaci\u00f3n de salida: 5 a<\/td>\n<\/tr>\n<tr>\n<td>Power delivery: 100w<\/td>\n<\/tr>\n<tr>\n<td>Hardware<\/td>\n<\/tr>\n<tr>\n<td>Tipo de cable blindado: l\u00e1mina de aluminio mylar con malla trenzada<\/td>\n<\/tr>\n<tr>\n<td>Revestimiento del conector : n\u00edquel<\/td>\n<\/tr>\n<tr>\n<td>Cable tipo jacket: pvc &#8211; polyvinyl chloride<\/td>\n<\/tr>\n<tr>\n<td>Conector(es)<\/td>\n<\/tr>\n<tr>\n<td>Conector b: thunderbolt\u0099 3 usb-c (24-pin) (20gbps)<\/td>\n<\/tr>\n<tr>\n<td>Conector a: thunderbolt\u0099 3 usb-c (24-pin) (20gbps)<\/td>\n<\/tr>\n<tr>\n<td>Caracter\u00edsticas f\u00edsicas<\/td>\n<\/tr>\n<tr>\n<td>Peso del producto: 85 g<\/td>\n<\/tr>\n<tr>\n<td>Longitud del producto: 2 m<\/td>\n<\/tr>\n<tr>\n<td>Longitud del cable: 2 m<\/td>\n<\/tr>\n<tr>\n<td>Color: negro<\/td>\n<\/tr>\n<tr>\n<td>Ancho del producto: 12.3 mm<\/td>\n<\/tr>\n<tr>\n<td>Altura del producto: 0.7 cm<\/td>\n<\/tr>\n<\/table>\n","protected":false},"excerpt":{"rendered":"<p>Este cable thunderbolt\u0099 3 (20 gbps) le permite conectar con cualquier puerto thunderbolt 3 (usb-c\u0099)\u00a0para transmitir v\u00eddeo y datos a sus dispositivos thunderbolt, usb y displayport. Adem\u00e1s, el cable puede proporcionar alimentaci\u00f3n para la carga de sus dispositivos y puede vincular hasta seis dispositivos thunderbolt 3 como parte de una conexi\u00f3n en serie. Este cable permite tasas de transferencia de datos de 20 gbps en caso de conexi\u00f3n con un dispositivo equipado con thunderbolt 3, lo cual permite la transferencia de archivos\u00a0de fotos y videos a dos veces la velocidad de un cable\u00a0usb 3.1 gen 2 (10 gbps). Por ejemplo, puede transferir una pel\u00edcula 4k en menos de un minuto. Este cable permite tasas de transferencia de datos de 10 gbps en caso de conexi\u00f3n con un dispositivo equipado con usb 3.1. El cable thunderbolt 3 es totalmente compatible con todos sus dispositivos usb 3.1 (5gbps)\u00a0y se puede utilizar para la carga y sincronizaci\u00f3n de sus dispositivos m\u00f3viles.<\/p>\n","protected":false},"featured_media":213891,"comment_status":"open","ping_status":"open","template":"","meta":[],"product_cat":[1549,1606],"product_tag":[1590],"acf":[],"yoast_head":"<!-- This site is optimized with the Yoast SEO plugin v21.7 - https:\/\/yoast.com\/wordpress\/plugins\/seo\/ -->\n<title>[ Startech.com ] &#129351; Tblt3mm2m Cable Thunderbolt De 2m - Thunderbolt 3 Usb-c 20gbps - Compatible Con Thunderbolt, Displayport Y Usb - 4k A 60hz - Hasta 100w - Mod.<\/title>\n<meta name=\"description\" content=\"Compra Tblt3mm2m Cable Thunderbolt De 2m - Thunderbolt 3 Usb-c 20gbps - Compatible Con Thunderbolt, Displayport Y Usb - 4k A 60hz - Hasta 100w - Mod. + Env\u00edo a domicilio + Pago seguro + Garant\u00eda\" \/>\n<meta name=\"robots\" content=\"index, follow, max-snippet:-1, max-image-preview:large, max-video-preview:-1\" \/>\n<link rel=\"canonical\" href=\"https:\/\/compuviper.mx\/tienda\/producto\/startech-com-tblt3mm2m-cable-thunderbolt-de-2m-thunderbolt-3-usb-c-20gbps-compatible-con-thunderbolt-displayport-y-usb-4k-a-60hz-hasta-100w-mod\/\" \/>\n<meta property=\"og:locale\" content=\"es_MX\" \/>\n<meta property=\"og:type\" content=\"article\" \/>\n<meta property=\"og:title\" content=\"[ Startech.com ] &#129351; Tblt3mm2m Cable Thunderbolt De 2m - Thunderbolt 3 Usb-c 20gbps - Compatible Con Thunderbolt, Displayport Y Usb - 4k A 60hz - Hasta 100w - Mod.\" \/>\n<meta property=\"og:description\" content=\"Compra Tblt3mm2m Cable Thunderbolt De 2m - Thunderbolt 3 Usb-c 20gbps - Compatible Con Thunderbolt, Displayport Y Usb - 4k A 60hz - Hasta 100w - Mod. + Env\u00edo a domicilio + Pago seguro + Garant\u00eda\" \/>\n<meta property=\"og:url\" content=\"https:\/\/compuviper.mx\/tienda\/producto\/startech-com-tblt3mm2m-cable-thunderbolt-de-2m-thunderbolt-3-usb-c-20gbps-compatible-con-thunderbolt-displayport-y-usb-4k-a-60hz-hasta-100w-mod\/\" \/>\n<meta property=\"og:site_name\" content=\"Compuviper\" \/>\n<meta property=\"article:publisher\" content=\"https:\/\/www.facebook.com\/compuviper\" \/>\n<meta property=\"og:image\" content=\"https:\/\/compuviper.mx\/tienda\/wp-content\/uploads\/2023\/12\/Cable-thunderbolt-de-2m-thunderbolt-3-usb-c-20gbps-compatible-con-thunderbolt-displayport-y-usb-4k-a-60hz-hasta-100w-startech.com-mod.-tblt3mm2m.jpg\" \/>\n\t<meta property=\"og:image:width\" content=\"200\" \/>\n\t<meta property=\"og:image:height\" content=\"200\" \/>\n\t<meta property=\"og:image:type\" content=\"image\/jpeg\" \/>\n<meta name=\"twitter:card\" content=\"summary_large_image\" \/>\n<meta name=\"twitter:label1\" content=\"Precio\" \/>\n\t<meta name=\"twitter:data1\" content=\"&#36;982 con IVA\" \/>\n\t<meta name=\"twitter:label2\" content=\"Availability\" \/>\n\t<meta name=\"twitter:data2\" content=\"In stock\" \/>\n<script type=\"application\/ld+json\" class=\"yoast-schema-graph\">{\"@context\":\"https:\/\/schema.org\",\"@graph\":[{\"@type\":\"WebPage\",\"@id\":\"https:\/\/compuviper.mx\/tienda\/producto\/startech-com-tblt3mm2m-cable-thunderbolt-de-2m-thunderbolt-3-usb-c-20gbps-compatible-con-thunderbolt-displayport-y-usb-4k-a-60hz-hasta-100w-mod\/\",\"url\":\"https:\/\/compuviper.mx\/tienda\/producto\/startech-com-tblt3mm2m-cable-thunderbolt-de-2m-thunderbolt-3-usb-c-20gbps-compatible-con-thunderbolt-displayport-y-usb-4k-a-60hz-hasta-100w-mod\/\",\"name\":\"[ Startech.com ] &#129351; Tblt3mm2m Cable Thunderbolt De 2m - Thunderbolt 3 Usb-c 20gbps - Compatible Con Thunderbolt, Displayport Y Usb - 4k A 60hz - Hasta 100w - Mod.\",\"isPartOf\":{\"@id\":\"https:\/\/compuviper.mx\/tienda\/#website\"},\"datePublished\":\"2026-04-11T05:41:06+00:00\",\"dateModified\":\"2026-04-11T05:41:06+00:00\",\"description\":\"Compra Tblt3mm2m Cable Thunderbolt De 2m - Thunderbolt 3 Usb-c 20gbps - Compatible Con Thunderbolt, Displayport Y Usb - 4k A 60hz - Hasta 100w - Mod. + Env\u00edo a domicilio + Pago seguro + Garant\u00eda\",\"breadcrumb\":{\"@id\":\"https:\/\/compuviper.mx\/tienda\/producto\/startech-com-tblt3mm2m-cable-thunderbolt-de-2m-thunderbolt-3-usb-c-20gbps-compatible-con-thunderbolt-displayport-y-usb-4k-a-60hz-hasta-100w-mod\/#breadcrumb\"},\"inLanguage\":\"es-MX\",\"potentialAction\":[{\"@type\":\"ReadAction\",\"target\":[\"https:\/\/compuviper.mx\/tienda\/producto\/startech-com-tblt3mm2m-cable-thunderbolt-de-2m-thunderbolt-3-usb-c-20gbps-compatible-con-thunderbolt-displayport-y-usb-4k-a-60hz-hasta-100w-mod\/\"]}]},{\"@type\":\"BreadcrumbList\",\"@id\":\"https:\/\/compuviper.mx\/tienda\/producto\/startech-com-tblt3mm2m-cable-thunderbolt-de-2m-thunderbolt-3-usb-c-20gbps-compatible-con-thunderbolt-displayport-y-usb-4k-a-60hz-hasta-100w-mod\/#breadcrumb\",\"itemListElement\":[{\"@type\":\"ListItem\",\"position\":1,\"name\":\"Inicio\",\"item\":\"https:\/\/compuviper.mx\/tienda\/\"},{\"@type\":\"ListItem\",\"position\":2,\"name\":\"Productos\",\"item\":\"https:\/\/compuviper.mx\/tienda\/productos\/\"},{\"@type\":\"ListItem\",\"position\":3,\"name\":\"Cables\",\"item\":\"https:\/\/compuviper.mx\/tienda\/categoria-producto\/cables\/\"},{\"@type\":\"ListItem\",\"position\":4,\"name\":\"Cable Tipo C\",\"item\":\"https:\/\/compuviper.mx\/tienda\/categoria-producto\/cables\/cable-tipo-c\/\"},{\"@type\":\"ListItem\",\"position\":5,\"name\":\"Startech.com Tblt3mm2m Cable Thunderbolt De 2m &#8211; Thunderbolt 3 Usb-c 20gbps &#8211; Compatible Con Thunderbolt, Displayport Y Usb &#8211; 4k A 60hz &#8211; Hasta 100w &#8211; Mod.\"}]},{\"@type\":\"WebSite\",\"@id\":\"https:\/\/compuviper.mx\/tienda\/#website\",\"url\":\"https:\/\/compuviper.mx\/tienda\/\",\"name\":\"Compuviper\",\"description\":\"Proveedor de Computadoras, Laptops, Servidores, Monitores, Puntos de Venta, Teclados,   Impresoras, T\u00f3ner, C\u00e1maras de Seguridad y m\u00e1s en tu tienda en l\u00ednea\",\"publisher\":{\"@id\":\"https:\/\/compuviper.mx\/tienda\/#organization\"},\"potentialAction\":[{\"@type\":\"SearchAction\",\"target\":{\"@type\":\"EntryPoint\",\"urlTemplate\":\"https:\/\/compuviper.mx\/tienda\/?s={search_term_string}\"},\"query-input\":\"required name=search_term_string\"}],\"inLanguage\":\"es-MX\"},{\"@type\":\"Organization\",\"@id\":\"https:\/\/compuviper.mx\/tienda\/#organization\",\"name\":\"Compuviper\",\"url\":\"https:\/\/compuviper.mx\/tienda\/\",\"logo\":{\"@type\":\"ImageObject\",\"inLanguage\":\"es-MX\",\"@id\":\"https:\/\/compuviper.mx\/tienda\/#\/schema\/logo\/image\/\",\"url\":\"https:\/\/compuviper.mx\/tienda\/wp-content\/uploads\/2021\/08\/Logo-Compuviper-10.png\",\"contentUrl\":\"https:\/\/compuviper.mx\/tienda\/wp-content\/uploads\/2021\/08\/Logo-Compuviper-10.png\",\"width\":1000,\"height\":500,\"caption\":\"Compuviper\"},\"image\":{\"@id\":\"https:\/\/compuviper.mx\/tienda\/#\/schema\/logo\/image\/\"},\"sameAs\":[\"https:\/\/www.facebook.com\/compuviper\",\"https:\/\/www.youtube.com\/channel\/UCf73dERp9Y3cfOq7q8BhLjA?view_as=subscriber\"]}]}<\/script>\n<meta property=\"product:brand\" content=\"STARTECH.COM\" \/>\n<meta property=\"product:price:amount\" content=\"982\" \/>\n<meta property=\"product:price:currency\" content=\"MXN\" \/>\n<meta property=\"og:availability\" content=\"instock\" \/>\n<meta property=\"product:availability\" content=\"instock\" \/>\n<meta property=\"product:retailer_item_id\" content=\"TBLT3MM2M\" \/>\n<meta property=\"product:condition\" content=\"new\" \/>\n<!-- \/ Yoast SEO plugin. -->","yoast_head_json":{"title":"[ Startech.com ] &#129351; Tblt3mm2m Cable Thunderbolt De 2m - Thunderbolt 3 Usb-c 20gbps - Compatible Con Thunderbolt, Displayport Y Usb - 4k A 60hz - Hasta 100w - Mod.","description":"Compra Tblt3mm2m Cable Thunderbolt De 2m - Thunderbolt 3 Usb-c 20gbps - Compatible Con Thunderbolt, Displayport Y Usb - 4k A 60hz - Hasta 100w - Mod. + Env\u00edo a domicilio + Pago seguro + Garant\u00eda","robots":{"index":"index","follow":"follow","max-snippet":"max-snippet:-1","max-image-preview":"max-image-preview:large","max-video-preview":"max-video-preview:-1"},"canonical":"https:\/\/compuviper.mx\/tienda\/producto\/startech-com-tblt3mm2m-cable-thunderbolt-de-2m-thunderbolt-3-usb-c-20gbps-compatible-con-thunderbolt-displayport-y-usb-4k-a-60hz-hasta-100w-mod\/","og_locale":"es_MX","og_type":"article","og_title":"[ Startech.com ] &#129351; Tblt3mm2m Cable Thunderbolt De 2m - Thunderbolt 3 Usb-c 20gbps - Compatible Con Thunderbolt, Displayport Y Usb - 4k A 60hz - Hasta 100w - Mod.","og_description":"Compra Tblt3mm2m Cable Thunderbolt De 2m - Thunderbolt 3 Usb-c 20gbps - Compatible Con Thunderbolt, Displayport Y Usb - 4k A 60hz - Hasta 100w - Mod. + Env\u00edo a domicilio + Pago seguro + Garant\u00eda","og_url":"https:\/\/compuviper.mx\/tienda\/producto\/startech-com-tblt3mm2m-cable-thunderbolt-de-2m-thunderbolt-3-usb-c-20gbps-compatible-con-thunderbolt-displayport-y-usb-4k-a-60hz-hasta-100w-mod\/","og_site_name":"Compuviper","article_publisher":"https:\/\/www.facebook.com\/compuviper","og_image":[{"width":200,"height":200,"url":"https:\/\/compuviper.mx\/tienda\/wp-content\/uploads\/2023\/12\/Cable-thunderbolt-de-2m-thunderbolt-3-usb-c-20gbps-compatible-con-thunderbolt-displayport-y-usb-4k-a-60hz-hasta-100w-startech.com-mod.-tblt3mm2m.jpg","type":"image\/jpeg"}],"twitter_card":"summary_large_image","twitter_misc":{"Precio":"&#36;982 con IVA","Availability":"In stock"},"schema":{"@context":"https:\/\/schema.org","@graph":[{"@type":"WebPage","@id":"https:\/\/compuviper.mx\/tienda\/producto\/startech-com-tblt3mm2m-cable-thunderbolt-de-2m-thunderbolt-3-usb-c-20gbps-compatible-con-thunderbolt-displayport-y-usb-4k-a-60hz-hasta-100w-mod\/","url":"https:\/\/compuviper.mx\/tienda\/producto\/startech-com-tblt3mm2m-cable-thunderbolt-de-2m-thunderbolt-3-usb-c-20gbps-compatible-con-thunderbolt-displayport-y-usb-4k-a-60hz-hasta-100w-mod\/","name":"[ Startech.com ] &#129351; Tblt3mm2m Cable Thunderbolt De 2m - Thunderbolt 3 Usb-c 20gbps - Compatible Con Thunderbolt, Displayport Y Usb - 4k A 60hz - Hasta 100w - Mod.","isPartOf":{"@id":"https:\/\/compuviper.mx\/tienda\/#website"},"datePublished":"2026-04-11T05:41:06+00:00","dateModified":"2026-04-11T05:41:06+00:00","description":"Compra Tblt3mm2m Cable Thunderbolt De 2m - Thunderbolt 3 Usb-c 20gbps - Compatible Con Thunderbolt, Displayport Y Usb - 4k A 60hz - Hasta 100w - Mod. + Env\u00edo a domicilio + Pago seguro + Garant\u00eda","breadcrumb":{"@id":"https:\/\/compuviper.mx\/tienda\/producto\/startech-com-tblt3mm2m-cable-thunderbolt-de-2m-thunderbolt-3-usb-c-20gbps-compatible-con-thunderbolt-displayport-y-usb-4k-a-60hz-hasta-100w-mod\/#breadcrumb"},"inLanguage":"es-MX","potentialAction":[{"@type":"ReadAction","target":["https:\/\/compuviper.mx\/tienda\/producto\/startech-com-tblt3mm2m-cable-thunderbolt-de-2m-thunderbolt-3-usb-c-20gbps-compatible-con-thunderbolt-displayport-y-usb-4k-a-60hz-hasta-100w-mod\/"]}]},{"@type":"BreadcrumbList","@id":"https:\/\/compuviper.mx\/tienda\/producto\/startech-com-tblt3mm2m-cable-thunderbolt-de-2m-thunderbolt-3-usb-c-20gbps-compatible-con-thunderbolt-displayport-y-usb-4k-a-60hz-hasta-100w-mod\/#breadcrumb","itemListElement":[{"@type":"ListItem","position":1,"name":"Inicio","item":"https:\/\/compuviper.mx\/tienda\/"},{"@type":"ListItem","position":2,"name":"Productos","item":"https:\/\/compuviper.mx\/tienda\/productos\/"},{"@type":"ListItem","position":3,"name":"Cables","item":"https:\/\/compuviper.mx\/tienda\/categoria-producto\/cables\/"},{"@type":"ListItem","position":4,"name":"Cable Tipo C","item":"https:\/\/compuviper.mx\/tienda\/categoria-producto\/cables\/cable-tipo-c\/"},{"@type":"ListItem","position":5,"name":"Startech.com Tblt3mm2m Cable Thunderbolt De 2m &#8211; Thunderbolt 3 Usb-c 20gbps &#8211; Compatible Con Thunderbolt, Displayport Y Usb &#8211; 4k A 60hz &#8211; Hasta 100w &#8211; Mod."}]},{"@type":"WebSite","@id":"https:\/\/compuviper.mx\/tienda\/#website","url":"https:\/\/compuviper.mx\/tienda\/","name":"Compuviper","description":"Proveedor de Computadoras, Laptops, Servidores, Monitores, Puntos de Venta, Teclados,   Impresoras, T\u00f3ner, C\u00e1maras de Seguridad y m\u00e1s en tu tienda en l\u00ednea","publisher":{"@id":"https:\/\/compuviper.mx\/tienda\/#organization"},"potentialAction":[{"@type":"SearchAction","target":{"@type":"EntryPoint","urlTemplate":"https:\/\/compuviper.mx\/tienda\/?s={search_term_string}"},"query-input":"required name=search_term_string"}],"inLanguage":"es-MX"},{"@type":"Organization","@id":"https:\/\/compuviper.mx\/tienda\/#organization","name":"Compuviper","url":"https:\/\/compuviper.mx\/tienda\/","logo":{"@type":"ImageObject","inLanguage":"es-MX","@id":"https:\/\/compuviper.mx\/tienda\/#\/schema\/logo\/image\/","url":"https:\/\/compuviper.mx\/tienda\/wp-content\/uploads\/2021\/08\/Logo-Compuviper-10.png","contentUrl":"https:\/\/compuviper.mx\/tienda\/wp-content\/uploads\/2021\/08\/Logo-Compuviper-10.png","width":1000,"height":500,"caption":"Compuviper"},"image":{"@id":"https:\/\/compuviper.mx\/tienda\/#\/schema\/logo\/image\/"},"sameAs":["https:\/\/www.facebook.com\/compuviper","https:\/\/www.youtube.com\/channel\/UCf73dERp9Y3cfOq7q8BhLjA?view_as=subscriber"]}]},"product_brand":"STARTECH.COM","product_price_amount":"982","product_price_currency":"MXN","og_availability":"instock","product_availability":"instock","product_retailer_item_id":"TBLT3MM2M","product_condition":"new"},"_links":{"self":[{"href":"https:\/\/compuviper.mx\/tienda\/wp-json\/wp\/v2\/product\/213890"}],"collection":[{"href":"https:\/\/compuviper.mx\/tienda\/wp-json\/wp\/v2\/product"}],"about":[{"href":"https:\/\/compuviper.mx\/tienda\/wp-json\/wp\/v2\/types\/product"}],"replies":[{"embeddable":true,"href":"https:\/\/compuviper.mx\/tienda\/wp-json\/wp\/v2\/comments?post=213890"}],"wp:featuredmedia":[{"embeddable":true,"href":"https:\/\/compuviper.mx\/tienda\/wp-json\/wp\/v2\/media\/213891"}],"wp:attachment":[{"href":"https:\/\/compuviper.mx\/tienda\/wp-json\/wp\/v2\/media?parent=213890"}],"wp:term":[{"taxonomy":"product_cat","embeddable":true,"href":"https:\/\/compuviper.mx\/tienda\/wp-json\/wp\/v2\/product_cat?post=213890"},{"taxonomy":"product_tag","embeddable":true,"href":"https:\/\/compuviper.mx\/tienda\/wp-json\/wp\/v2\/product_tag?post=213890"}],"curies":[{"name":"wp","href":"https:\/\/api.w.org\/{rel}","templated":true}]}}