{"id":213870,"date":"2026-04-07T23:43:33","date_gmt":"2026-04-08T05:43:33","guid":{"rendered":"https:\/\/compuviper.mx\/tienda\/producto\/startech-com-lsata18-cable-sata-serial-ata-45cm-con-seguro-cierre-de-seguridad-bloqueo-con-pestillo-latching-mod\/"},"modified":"2026-04-07T23:43:33","modified_gmt":"2026-04-08T05:43:33","slug":"startech-com-lsata18-cable-sata-serial-ata-45cm-con-seguro-cierre-de-seguridad-bloqueo-con-pestillo-latching-mod","status":"publish","type":"product","link":"https:\/\/compuviper.mx\/tienda\/producto\/startech-com-lsata18-cable-sata-serial-ata-45cm-con-seguro-cierre-de-seguridad-bloqueo-con-pestillo-latching-mod\/","title":{"rendered":"Startech.com Lsata18 Cable Sata Serial Ata 45cm Con Seguro Cierre De Seguridad  Bloqueo Con Pestillo Latching &#8211;  Mod."},"content":{"rendered":"<table class=\"descripcion\">\n<tr>\n<td>Caracteristicas fisicas<\/td>\n<\/tr>\n<tr>\n<td>Color: rojo<\/td>\n<\/tr>\n<tr>\n<td>Estilo de conector: mecanismo de bloqueo<\/td>\n<\/tr>\n<tr>\n<td>Longitud del cable: 457.2 mm<\/td>\n<\/tr>\n<tr>\n<td>Longitud del producto: 457.2 mm<\/td>\n<\/tr>\n<tr>\n<td>Peso del producto: 14 g<\/td>\n<\/tr>\n<tr>\n<td>Conectores<\/td>\n<\/tr>\n<tr>\n<td>Conector a: sata 7 pines, datos<\/td>\n<\/tr>\n<tr>\n<td>Conector b: sata 7 pines, datos<\/td>\n<\/tr>\n<tr>\n<td>Rendimiento<\/td>\n<\/tr>\n<tr>\n<td>Tipo y velocidad: sata iii 6 gbps<\/td>\n<\/tr>\n<\/table>\n","protected":false},"excerpt":{"rendered":"<p>El cable sata lsata18 incluye dos tomas para datos, de 7 pines, y soporta completamente el ancho de banda sata 3.0 de hasta 6 gpbs cuando se utiliza con unidades sata 3.0 compatibles. Los conectores con cierre se bloquean al conectarlos a un puerto sata compatible que permita el cierre con bloqueo, lo cual garantiza una conexion segura de los datos en todo momento, evitandose asi desconexiones accidentales. Con una fabricacion para bajo perfil y, sin embargo, duradera, el diseno flexible mejora el flujo de aire y reduce el desorden dentro de la caja del computador, lo cual ayuda a mantenerla limpia y ventilada. Fabricado con materiales solo de alta calidad y disenado para un rendimiento y confiabilidad optimos.<\/p>\n","protected":false},"featured_media":213871,"comment_status":"open","ping_status":"open","template":"","meta":[],"product_cat":[1549,1858],"product_tag":[1590],"acf":[],"yoast_head":"<!-- This site is optimized with the Yoast SEO plugin v21.7 - https:\/\/yoast.com\/wordpress\/plugins\/seo\/ -->\n<title>[ Startech.com ] &#129351; Lsata18 Cable Sata Serial Ata 45cm Con Seguro Cierre De Seguridad Bloqueo Con Pestillo Latching - Mod.<\/title>\n<meta name=\"description\" content=\"Compra Lsata18 Cable Sata Serial Ata 45cm Con Seguro Cierre De Seguridad Bloqueo Con Pestillo Latching - Mod. + Env\u00edo a domicilio + Pago seguro + Garant\u00eda\" \/>\n<meta name=\"robots\" content=\"index, follow, max-snippet:-1, max-image-preview:large, max-video-preview:-1\" \/>\n<link rel=\"canonical\" href=\"https:\/\/compuviper.mx\/tienda\/producto\/startech-com-lsata18-cable-sata-serial-ata-45cm-con-seguro-cierre-de-seguridad-bloqueo-con-pestillo-latching-mod\/\" \/>\n<meta property=\"og:locale\" content=\"es_MX\" \/>\n<meta property=\"og:type\" content=\"article\" \/>\n<meta property=\"og:title\" content=\"[ Startech.com ] &#129351; Lsata18 Cable Sata Serial Ata 45cm Con Seguro Cierre De Seguridad Bloqueo Con Pestillo Latching - Mod.\" \/>\n<meta property=\"og:description\" content=\"Compra Lsata18 Cable Sata Serial Ata 45cm Con Seguro Cierre De Seguridad Bloqueo Con Pestillo Latching - Mod. + Env\u00edo a domicilio + Pago seguro + Garant\u00eda\" \/>\n<meta property=\"og:url\" content=\"https:\/\/compuviper.mx\/tienda\/producto\/startech-com-lsata18-cable-sata-serial-ata-45cm-con-seguro-cierre-de-seguridad-bloqueo-con-pestillo-latching-mod\/\" \/>\n<meta property=\"og:site_name\" content=\"Compuviper\" \/>\n<meta property=\"article:publisher\" content=\"https:\/\/www.facebook.com\/compuviper\" \/>\n<meta property=\"og:image\" content=\"https:\/\/compuviper.mx\/tienda\/wp-content\/uploads\/2023\/12\/Cable-sata-serial-ata-45cm-con-seguro-cierre-de-seguridad-bloqueo-con-pestillo-latching-startech.com-mod.-lsata18.jpg\" \/>\n\t<meta property=\"og:image:width\" content=\"200\" \/>\n\t<meta property=\"og:image:height\" content=\"200\" \/>\n\t<meta property=\"og:image:type\" content=\"image\/jpeg\" \/>\n<meta name=\"twitter:card\" content=\"summary_large_image\" \/>\n<meta name=\"twitter:label1\" content=\"Precio\" \/>\n\t<meta name=\"twitter:data1\" content=\"&#36;68 con IVA\" \/>\n\t<meta name=\"twitter:label2\" content=\"Availability\" \/>\n\t<meta name=\"twitter:data2\" content=\"Out of stock\" \/>\n<script type=\"application\/ld+json\" class=\"yoast-schema-graph\">{\"@context\":\"https:\/\/schema.org\",\"@graph\":[{\"@type\":\"WebPage\",\"@id\":\"https:\/\/compuviper.mx\/tienda\/producto\/startech-com-lsata18-cable-sata-serial-ata-45cm-con-seguro-cierre-de-seguridad-bloqueo-con-pestillo-latching-mod\/\",\"url\":\"https:\/\/compuviper.mx\/tienda\/producto\/startech-com-lsata18-cable-sata-serial-ata-45cm-con-seguro-cierre-de-seguridad-bloqueo-con-pestillo-latching-mod\/\",\"name\":\"[ Startech.com ] &#129351; Lsata18 Cable Sata Serial Ata 45cm Con Seguro Cierre De Seguridad Bloqueo Con Pestillo Latching - Mod.\",\"isPartOf\":{\"@id\":\"https:\/\/compuviper.mx\/tienda\/#website\"},\"datePublished\":\"2026-04-08T05:43:33+00:00\",\"dateModified\":\"2026-04-08T05:43:33+00:00\",\"description\":\"Compra Lsata18 Cable Sata Serial Ata 45cm Con Seguro Cierre De Seguridad Bloqueo Con Pestillo Latching - Mod. + Env\u00edo a domicilio + Pago seguro + Garant\u00eda\",\"breadcrumb\":{\"@id\":\"https:\/\/compuviper.mx\/tienda\/producto\/startech-com-lsata18-cable-sata-serial-ata-45cm-con-seguro-cierre-de-seguridad-bloqueo-con-pestillo-latching-mod\/#breadcrumb\"},\"inLanguage\":\"es-MX\",\"potentialAction\":[{\"@type\":\"ReadAction\",\"target\":[\"https:\/\/compuviper.mx\/tienda\/producto\/startech-com-lsata18-cable-sata-serial-ata-45cm-con-seguro-cierre-de-seguridad-bloqueo-con-pestillo-latching-mod\/\"]}]},{\"@type\":\"BreadcrumbList\",\"@id\":\"https:\/\/compuviper.mx\/tienda\/producto\/startech-com-lsata18-cable-sata-serial-ata-45cm-con-seguro-cierre-de-seguridad-bloqueo-con-pestillo-latching-mod\/#breadcrumb\",\"itemListElement\":[{\"@type\":\"ListItem\",\"position\":1,\"name\":\"Inicio\",\"item\":\"https:\/\/compuviper.mx\/tienda\/\"},{\"@type\":\"ListItem\",\"position\":2,\"name\":\"Productos\",\"item\":\"https:\/\/compuviper.mx\/tienda\/productos\/\"},{\"@type\":\"ListItem\",\"position\":3,\"name\":\"Cables\",\"item\":\"https:\/\/compuviper.mx\/tienda\/categoria-producto\/cables\/\"},{\"@type\":\"ListItem\",\"position\":4,\"name\":\"Cable Serial\",\"item\":\"https:\/\/compuviper.mx\/tienda\/categoria-producto\/cables\/cable-serial\/\"},{\"@type\":\"ListItem\",\"position\":5,\"name\":\"Startech.com Lsata18 Cable Sata Serial Ata 45cm Con Seguro Cierre De Seguridad Bloqueo Con Pestillo Latching &#8211; Mod.\"}]},{\"@type\":\"WebSite\",\"@id\":\"https:\/\/compuviper.mx\/tienda\/#website\",\"url\":\"https:\/\/compuviper.mx\/tienda\/\",\"name\":\"Compuviper\",\"description\":\"Proveedor de Computadoras, Laptops, Servidores, Monitores, Puntos de Venta, Teclados,   Impresoras, T\u00f3ner, C\u00e1maras de Seguridad y m\u00e1s en tu tienda en l\u00ednea\",\"publisher\":{\"@id\":\"https:\/\/compuviper.mx\/tienda\/#organization\"},\"potentialAction\":[{\"@type\":\"SearchAction\",\"target\":{\"@type\":\"EntryPoint\",\"urlTemplate\":\"https:\/\/compuviper.mx\/tienda\/?s={search_term_string}\"},\"query-input\":\"required name=search_term_string\"}],\"inLanguage\":\"es-MX\"},{\"@type\":\"Organization\",\"@id\":\"https:\/\/compuviper.mx\/tienda\/#organization\",\"name\":\"Compuviper\",\"url\":\"https:\/\/compuviper.mx\/tienda\/\",\"logo\":{\"@type\":\"ImageObject\",\"inLanguage\":\"es-MX\",\"@id\":\"https:\/\/compuviper.mx\/tienda\/#\/schema\/logo\/image\/\",\"url\":\"https:\/\/compuviper.mx\/tienda\/wp-content\/uploads\/2021\/08\/Logo-Compuviper-10.png\",\"contentUrl\":\"https:\/\/compuviper.mx\/tienda\/wp-content\/uploads\/2021\/08\/Logo-Compuviper-10.png\",\"width\":1000,\"height\":500,\"caption\":\"Compuviper\"},\"image\":{\"@id\":\"https:\/\/compuviper.mx\/tienda\/#\/schema\/logo\/image\/\"},\"sameAs\":[\"https:\/\/www.facebook.com\/compuviper\",\"https:\/\/www.youtube.com\/channel\/UCf73dERp9Y3cfOq7q8BhLjA?view_as=subscriber\"]}]}<\/script>\n<meta property=\"product:brand\" content=\"STARTECH.COM\" \/>\n<meta property=\"product:price:amount\" content=\"68\" \/>\n<meta property=\"product:price:currency\" content=\"MXN\" \/>\n<meta property=\"og:availability\" content=\"out of stock\" \/>\n<meta property=\"product:availability\" content=\"out of stock\" \/>\n<meta property=\"product:retailer_item_id\" content=\"LSATA18\" \/>\n<meta property=\"product:condition\" content=\"new\" \/>\n<!-- \/ Yoast SEO plugin. -->","yoast_head_json":{"title":"[ Startech.com ] &#129351; Lsata18 Cable Sata Serial Ata 45cm Con Seguro Cierre De Seguridad Bloqueo Con Pestillo Latching - Mod.","description":"Compra Lsata18 Cable Sata Serial Ata 45cm Con Seguro Cierre De Seguridad Bloqueo Con Pestillo Latching - Mod. + Env\u00edo a domicilio + Pago seguro + Garant\u00eda","robots":{"index":"index","follow":"follow","max-snippet":"max-snippet:-1","max-image-preview":"max-image-preview:large","max-video-preview":"max-video-preview:-1"},"canonical":"https:\/\/compuviper.mx\/tienda\/producto\/startech-com-lsata18-cable-sata-serial-ata-45cm-con-seguro-cierre-de-seguridad-bloqueo-con-pestillo-latching-mod\/","og_locale":"es_MX","og_type":"article","og_title":"[ Startech.com ] &#129351; Lsata18 Cable Sata Serial Ata 45cm Con Seguro Cierre De Seguridad Bloqueo Con Pestillo Latching - Mod.","og_description":"Compra Lsata18 Cable Sata Serial Ata 45cm Con Seguro Cierre De Seguridad Bloqueo Con Pestillo Latching - Mod. + Env\u00edo a domicilio + Pago seguro + Garant\u00eda","og_url":"https:\/\/compuviper.mx\/tienda\/producto\/startech-com-lsata18-cable-sata-serial-ata-45cm-con-seguro-cierre-de-seguridad-bloqueo-con-pestillo-latching-mod\/","og_site_name":"Compuviper","article_publisher":"https:\/\/www.facebook.com\/compuviper","og_image":[{"width":200,"height":200,"url":"https:\/\/compuviper.mx\/tienda\/wp-content\/uploads\/2023\/12\/Cable-sata-serial-ata-45cm-con-seguro-cierre-de-seguridad-bloqueo-con-pestillo-latching-startech.com-mod.-lsata18.jpg","type":"image\/jpeg"}],"twitter_card":"summary_large_image","twitter_misc":{"Precio":"&#36;68 con IVA","Availability":"Out of stock"},"schema":{"@context":"https:\/\/schema.org","@graph":[{"@type":"WebPage","@id":"https:\/\/compuviper.mx\/tienda\/producto\/startech-com-lsata18-cable-sata-serial-ata-45cm-con-seguro-cierre-de-seguridad-bloqueo-con-pestillo-latching-mod\/","url":"https:\/\/compuviper.mx\/tienda\/producto\/startech-com-lsata18-cable-sata-serial-ata-45cm-con-seguro-cierre-de-seguridad-bloqueo-con-pestillo-latching-mod\/","name":"[ Startech.com ] &#129351; Lsata18 Cable Sata Serial Ata 45cm Con Seguro Cierre De Seguridad Bloqueo Con Pestillo Latching - Mod.","isPartOf":{"@id":"https:\/\/compuviper.mx\/tienda\/#website"},"datePublished":"2026-04-08T05:43:33+00:00","dateModified":"2026-04-08T05:43:33+00:00","description":"Compra Lsata18 Cable Sata Serial Ata 45cm Con Seguro Cierre De Seguridad Bloqueo Con Pestillo Latching - Mod. + Env\u00edo a domicilio + Pago seguro + Garant\u00eda","breadcrumb":{"@id":"https:\/\/compuviper.mx\/tienda\/producto\/startech-com-lsata18-cable-sata-serial-ata-45cm-con-seguro-cierre-de-seguridad-bloqueo-con-pestillo-latching-mod\/#breadcrumb"},"inLanguage":"es-MX","potentialAction":[{"@type":"ReadAction","target":["https:\/\/compuviper.mx\/tienda\/producto\/startech-com-lsata18-cable-sata-serial-ata-45cm-con-seguro-cierre-de-seguridad-bloqueo-con-pestillo-latching-mod\/"]}]},{"@type":"BreadcrumbList","@id":"https:\/\/compuviper.mx\/tienda\/producto\/startech-com-lsata18-cable-sata-serial-ata-45cm-con-seguro-cierre-de-seguridad-bloqueo-con-pestillo-latching-mod\/#breadcrumb","itemListElement":[{"@type":"ListItem","position":1,"name":"Inicio","item":"https:\/\/compuviper.mx\/tienda\/"},{"@type":"ListItem","position":2,"name":"Productos","item":"https:\/\/compuviper.mx\/tienda\/productos\/"},{"@type":"ListItem","position":3,"name":"Cables","item":"https:\/\/compuviper.mx\/tienda\/categoria-producto\/cables\/"},{"@type":"ListItem","position":4,"name":"Cable Serial","item":"https:\/\/compuviper.mx\/tienda\/categoria-producto\/cables\/cable-serial\/"},{"@type":"ListItem","position":5,"name":"Startech.com Lsata18 Cable Sata Serial Ata 45cm Con Seguro Cierre De Seguridad Bloqueo Con Pestillo Latching &#8211; Mod."}]},{"@type":"WebSite","@id":"https:\/\/compuviper.mx\/tienda\/#website","url":"https:\/\/compuviper.mx\/tienda\/","name":"Compuviper","description":"Proveedor de Computadoras, Laptops, Servidores, Monitores, Puntos de Venta, Teclados,   Impresoras, T\u00f3ner, C\u00e1maras de Seguridad y m\u00e1s en tu tienda en l\u00ednea","publisher":{"@id":"https:\/\/compuviper.mx\/tienda\/#organization"},"potentialAction":[{"@type":"SearchAction","target":{"@type":"EntryPoint","urlTemplate":"https:\/\/compuviper.mx\/tienda\/?s={search_term_string}"},"query-input":"required name=search_term_string"}],"inLanguage":"es-MX"},{"@type":"Organization","@id":"https:\/\/compuviper.mx\/tienda\/#organization","name":"Compuviper","url":"https:\/\/compuviper.mx\/tienda\/","logo":{"@type":"ImageObject","inLanguage":"es-MX","@id":"https:\/\/compuviper.mx\/tienda\/#\/schema\/logo\/image\/","url":"https:\/\/compuviper.mx\/tienda\/wp-content\/uploads\/2021\/08\/Logo-Compuviper-10.png","contentUrl":"https:\/\/compuviper.mx\/tienda\/wp-content\/uploads\/2021\/08\/Logo-Compuviper-10.png","width":1000,"height":500,"caption":"Compuviper"},"image":{"@id":"https:\/\/compuviper.mx\/tienda\/#\/schema\/logo\/image\/"},"sameAs":["https:\/\/www.facebook.com\/compuviper","https:\/\/www.youtube.com\/channel\/UCf73dERp9Y3cfOq7q8BhLjA?view_as=subscriber"]}]},"product_brand":"STARTECH.COM","product_price_amount":"68","product_price_currency":"MXN","og_availability":"out of stock","product_availability":"out of stock","product_retailer_item_id":"LSATA18","product_condition":"new"},"_links":{"self":[{"href":"https:\/\/compuviper.mx\/tienda\/wp-json\/wp\/v2\/product\/213870"}],"collection":[{"href":"https:\/\/compuviper.mx\/tienda\/wp-json\/wp\/v2\/product"}],"about":[{"href":"https:\/\/compuviper.mx\/tienda\/wp-json\/wp\/v2\/types\/product"}],"replies":[{"embeddable":true,"href":"https:\/\/compuviper.mx\/tienda\/wp-json\/wp\/v2\/comments?post=213870"}],"wp:featuredmedia":[{"embeddable":true,"href":"https:\/\/compuviper.mx\/tienda\/wp-json\/wp\/v2\/media\/213871"}],"wp:attachment":[{"href":"https:\/\/compuviper.mx\/tienda\/wp-json\/wp\/v2\/media?parent=213870"}],"wp:term":[{"taxonomy":"product_cat","embeddable":true,"href":"https:\/\/compuviper.mx\/tienda\/wp-json\/wp\/v2\/product_cat?post=213870"},{"taxonomy":"product_tag","embeddable":true,"href":"https:\/\/compuviper.mx\/tienda\/wp-json\/wp\/v2\/product_tag?post=213870"}],"curies":[{"name":"wp","href":"https:\/\/api.w.org\/{rel}","templated":true}]}}