{"id":213852,"date":"2026-04-10T23:40:58","date_gmt":"2026-04-11T05:40:58","guid":{"rendered":"https:\/\/compuviper.mx\/tienda\/producto\/startech-com-usb3aaext10m-cable-extensor-de-10-metros-usb-3-0-superspeed-activo-permite-conexion-en-cascada-de-hasta-2-niveles-usb-a-macho-a-hembra-negro-mod\/"},"modified":"2026-04-10T23:40:59","modified_gmt":"2026-04-11T05:40:59","slug":"startech-com-usb3aaext10m-cable-extensor-de-10-metros-usb-3-0-superspeed-activo-permite-conexion-en-cascada-de-hasta-2-niveles-usb-a-macho-a-hembra-negro-mod","status":"publish","type":"product","link":"https:\/\/compuviper.mx\/tienda\/producto\/startech-com-usb3aaext10m-cable-extensor-de-10-metros-usb-3-0-superspeed-activo-permite-conexion-en-cascada-de-hasta-2-niveles-usb-a-macho-a-hembra-negro-mod\/","title":{"rendered":"Startech.com Usb3aaext10m Cable Extensor De 10 Metros Usb 3.0 Superspeed Activo &#8211; Permite Conexion En Cascada De Hasta 2 Niveles &#8211; Usb A Macho A Hembra &#8211; Negro &#8211;  Mod."},"content":{"rendered":"<table class=\"descripcion\">\n<tr>\n<td>Hardware<\/td>\n<\/tr>\n<tr>\n<td>Cable tipo jacket: pvc &#8211; polyvinyl chloride<\/td>\n<\/tr>\n<tr>\n<td>Revestimiento del conector : n\u00edquel<\/td>\n<\/tr>\n<tr>\n<td>Observaciones \/ requisitos<\/td>\n<\/tr>\n<tr>\n<td>Nota: conecte hasta 2 dispositivos usb3aaext10m en cascada para una mayor extensi\u00f3n<\/td>\n<\/tr>\n<tr>\n<td>Requisitos de energ\u00eda<\/td>\n<\/tr>\n<tr>\n<td>Adaptador de corriente incluido : adaptador de alimentaci\u00f3n de ca incluido<\/td>\n<\/tr>\n<tr>\n<td>Alimentaci\u00f3n de salida: 2a<\/td>\n<\/tr>\n<tr>\n<td>Consumo de energ\u00eda: 10<\/td>\n<\/tr>\n<tr>\n<td>Corriente de entrada: 0.35 a<\/td>\n<\/tr>\n<tr>\n<td>Polaridad central: positivo<\/td>\n<\/tr>\n<tr>\n<td>Tensi\u00f3n de entrad : 100 &#8211; 240 ac<\/td>\n<\/tr>\n<tr>\n<td>Tensi\u00f3n de salida: 5 dc<\/td>\n<\/tr>\n<tr>\n<td>Tipo de enchufe: h<\/td>\n<\/tr>\n<tr>\n<td>Conector(es)<\/td>\n<\/tr>\n<tr>\n<td>Conector b : usb type-a (9 pines) usb 3.0<\/td>\n<\/tr>\n<tr>\n<td>Conector a : usb type-a (9 pines) usb 3.0<\/td>\n<\/tr>\n<tr>\n<td>Caracter\u00edsticas f\u00edsicas<\/td>\n<\/tr>\n<tr>\n<td>Peso del producto: 491 g<\/td>\n<\/tr>\n<tr>\n<td>Longitud del producto: 10 m<\/td>\n<\/tr>\n<tr>\n<td>Longitud del cable: 10 m<\/td>\n<\/tr>\n<tr>\n<td>Color: negro<\/td>\n<\/tr>\n<tr>\n<td>Ancho del producto: 20 mm<\/td>\n<\/tr>\n<tr>\n<td>Altura del producto: 1 cm<\/td>\n<\/tr>\n<\/table>\n","protected":false},"excerpt":{"rendered":"<p>El cable de extensi\u00f3n activo usb 3.0 de 10m, usb3aaext10m dispone de un conector usb tipo a (macho) y un conector usb tipo a (hembra) que proporcionan una extensi\u00f3n activa de dispositivos usb 3.0 de hasta 10 metros. Un cable todo en uno para superar las restricciones de distancia, as\u00ed como las limitaciones de las fuentes de alimentaci\u00f3n; el cable de extensi\u00f3n usb 3.0 incorpora un circuito activo por bus que garantiza un rendimiento m\u00e1s all\u00e1 de los l\u00edmites de longitud establecidos para los cables usb est\u00e1ndar. Es posible conectar en cadena hasta 2 de estos cables, lo que se traduce en una extensi\u00f3n de conexi\u00f3n de 20 metros. Si es necesario, el dispositivo usb puede ser alimentado desde un tomacorriente de pared mediante el adaptador universal de ac suministrado con el cable. El cable de extensi\u00f3n (extensor usb), usb3aaext10m admite velocidades de transferencia usb 3.0 de hasta 5gbps.<\/p>\n","protected":false},"featured_media":213853,"comment_status":"open","ping_status":"open","template":"","meta":[],"product_cat":[1605,1549],"product_tag":[1590],"acf":[],"yoast_head":"<!-- This site is optimized with the Yoast SEO plugin v21.7 - https:\/\/yoast.com\/wordpress\/plugins\/seo\/ -->\n<title>[ Startech.com ] &#129351; Usb3aaext10m Cable Extensor De 10 Metros Usb 3.0 Superspeed Activo - Permite Conexion En Cascada De Hasta 2 Niveles - Usb A Macho A Hembra - Negro - Mod.<\/title>\n<meta name=\"description\" content=\"Compra Usb3aaext10m Cable Extensor De 10 Metros Usb 3.0 Superspeed Activo - Permite Conexion En Cascada De Hasta 2 Niveles - Usb A Macho A Hembra - Negro - Mod. + Env\u00edo a domicilio + Pago seguro + Garant\u00eda\" \/>\n<meta name=\"robots\" content=\"index, follow, max-snippet:-1, max-image-preview:large, max-video-preview:-1\" \/>\n<link rel=\"canonical\" href=\"https:\/\/compuviper.mx\/tienda\/producto\/startech-com-usb3aaext10m-cable-extensor-de-10-metros-usb-3-0-superspeed-activo-permite-conexion-en-cascada-de-hasta-2-niveles-usb-a-macho-a-hembra-negro-mod\/\" \/>\n<meta property=\"og:locale\" content=\"es_MX\" \/>\n<meta property=\"og:type\" content=\"article\" \/>\n<meta property=\"og:title\" content=\"[ Startech.com ] &#129351; Usb3aaext10m Cable Extensor De 10 Metros Usb 3.0 Superspeed Activo - Permite Conexion En Cascada De Hasta 2 Niveles - Usb A Macho A Hembra - Negro - Mod.\" \/>\n<meta property=\"og:description\" content=\"Compra Usb3aaext10m Cable Extensor De 10 Metros Usb 3.0 Superspeed Activo - Permite Conexion En Cascada De Hasta 2 Niveles - Usb A Macho A Hembra - Negro - Mod. + Env\u00edo a domicilio + Pago seguro + Garant\u00eda\" \/>\n<meta property=\"og:url\" content=\"https:\/\/compuviper.mx\/tienda\/producto\/startech-com-usb3aaext10m-cable-extensor-de-10-metros-usb-3-0-superspeed-activo-permite-conexion-en-cascada-de-hasta-2-niveles-usb-a-macho-a-hembra-negro-mod\/\" \/>\n<meta property=\"og:site_name\" content=\"Compuviper\" \/>\n<meta property=\"article:publisher\" content=\"https:\/\/www.facebook.com\/compuviper\" \/>\n<meta property=\"article:modified_time\" content=\"2026-04-11T05:40:59+00:00\" \/>\n<meta property=\"og:image\" content=\"https:\/\/compuviper.mx\/tienda\/wp-content\/uploads\/2023\/12\/Cable-extensor-de-10-metros-usb-3.0-superspeed-activo-permite-conexion-en-cascada-de-hasta-2-niveles-usb-a-macho-a-hembra-negro-startech.com-mod.-usb3aaext10m.jpg\" \/>\n\t<meta property=\"og:image:width\" content=\"200\" \/>\n\t<meta property=\"og:image:height\" content=\"200\" \/>\n\t<meta property=\"og:image:type\" content=\"image\/jpeg\" \/>\n<meta name=\"twitter:card\" content=\"summary_large_image\" \/>\n<meta name=\"twitter:label1\" content=\"Precio\" \/>\n\t<meta name=\"twitter:data1\" content=\"&#36;2,556 con IVA\" \/>\n\t<meta name=\"twitter:label2\" content=\"Availability\" \/>\n\t<meta name=\"twitter:data2\" content=\"Out of stock\" \/>\n<script type=\"application\/ld+json\" class=\"yoast-schema-graph\">{\"@context\":\"https:\/\/schema.org\",\"@graph\":[{\"@type\":\"WebPage\",\"@id\":\"https:\/\/compuviper.mx\/tienda\/producto\/startech-com-usb3aaext10m-cable-extensor-de-10-metros-usb-3-0-superspeed-activo-permite-conexion-en-cascada-de-hasta-2-niveles-usb-a-macho-a-hembra-negro-mod\/\",\"url\":\"https:\/\/compuviper.mx\/tienda\/producto\/startech-com-usb3aaext10m-cable-extensor-de-10-metros-usb-3-0-superspeed-activo-permite-conexion-en-cascada-de-hasta-2-niveles-usb-a-macho-a-hembra-negro-mod\/\",\"name\":\"[ Startech.com ] &#129351; Usb3aaext10m Cable Extensor De 10 Metros Usb 3.0 Superspeed Activo - Permite Conexion En Cascada De Hasta 2 Niveles - Usb A Macho A Hembra - Negro - Mod.\",\"isPartOf\":{\"@id\":\"https:\/\/compuviper.mx\/tienda\/#website\"},\"datePublished\":\"2026-04-11T05:40:58+00:00\",\"dateModified\":\"2026-04-11T05:40:59+00:00\",\"description\":\"Compra Usb3aaext10m Cable Extensor De 10 Metros Usb 3.0 Superspeed Activo - Permite Conexion En Cascada De Hasta 2 Niveles - Usb A Macho A Hembra - Negro - Mod. + Env\u00edo a domicilio + Pago seguro + Garant\u00eda\",\"breadcrumb\":{\"@id\":\"https:\/\/compuviper.mx\/tienda\/producto\/startech-com-usb3aaext10m-cable-extensor-de-10-metros-usb-3-0-superspeed-activo-permite-conexion-en-cascada-de-hasta-2-niveles-usb-a-macho-a-hembra-negro-mod\/#breadcrumb\"},\"inLanguage\":\"es-MX\",\"potentialAction\":[{\"@type\":\"ReadAction\",\"target\":[\"https:\/\/compuviper.mx\/tienda\/producto\/startech-com-usb3aaext10m-cable-extensor-de-10-metros-usb-3-0-superspeed-activo-permite-conexion-en-cascada-de-hasta-2-niveles-usb-a-macho-a-hembra-negro-mod\/\"]}]},{\"@type\":\"BreadcrumbList\",\"@id\":\"https:\/\/compuviper.mx\/tienda\/producto\/startech-com-usb3aaext10m-cable-extensor-de-10-metros-usb-3-0-superspeed-activo-permite-conexion-en-cascada-de-hasta-2-niveles-usb-a-macho-a-hembra-negro-mod\/#breadcrumb\",\"itemListElement\":[{\"@type\":\"ListItem\",\"position\":1,\"name\":\"Inicio\",\"item\":\"https:\/\/compuviper.mx\/tienda\/\"},{\"@type\":\"ListItem\",\"position\":2,\"name\":\"Productos\",\"item\":\"https:\/\/compuviper.mx\/tienda\/productos\/\"},{\"@type\":\"ListItem\",\"position\":3,\"name\":\"Cables\",\"item\":\"https:\/\/compuviper.mx\/tienda\/categoria-producto\/cables\/\"},{\"@type\":\"ListItem\",\"position\":4,\"name\":\"Cable Usb\",\"item\":\"https:\/\/compuviper.mx\/tienda\/categoria-producto\/cables\/cable-usb\/\"},{\"@type\":\"ListItem\",\"position\":5,\"name\":\"Startech.com Usb3aaext10m Cable Extensor De 10 Metros Usb 3.0 Superspeed Activo &#8211; Permite Conexion En Cascada De Hasta 2 Niveles &#8211; Usb A Macho A Hembra &#8211; Negro &#8211; Mod.\"}]},{\"@type\":\"WebSite\",\"@id\":\"https:\/\/compuviper.mx\/tienda\/#website\",\"url\":\"https:\/\/compuviper.mx\/tienda\/\",\"name\":\"Compuviper\",\"description\":\"Proveedor de Computadoras, Laptops, Servidores, Monitores, Puntos de Venta, Teclados,   Impresoras, T\u00f3ner, C\u00e1maras de Seguridad y m\u00e1s en tu tienda en l\u00ednea\",\"publisher\":{\"@id\":\"https:\/\/compuviper.mx\/tienda\/#organization\"},\"potentialAction\":[{\"@type\":\"SearchAction\",\"target\":{\"@type\":\"EntryPoint\",\"urlTemplate\":\"https:\/\/compuviper.mx\/tienda\/?s={search_term_string}\"},\"query-input\":\"required name=search_term_string\"}],\"inLanguage\":\"es-MX\"},{\"@type\":\"Organization\",\"@id\":\"https:\/\/compuviper.mx\/tienda\/#organization\",\"name\":\"Compuviper\",\"url\":\"https:\/\/compuviper.mx\/tienda\/\",\"logo\":{\"@type\":\"ImageObject\",\"inLanguage\":\"es-MX\",\"@id\":\"https:\/\/compuviper.mx\/tienda\/#\/schema\/logo\/image\/\",\"url\":\"https:\/\/compuviper.mx\/tienda\/wp-content\/uploads\/2021\/08\/Logo-Compuviper-10.png\",\"contentUrl\":\"https:\/\/compuviper.mx\/tienda\/wp-content\/uploads\/2021\/08\/Logo-Compuviper-10.png\",\"width\":1000,\"height\":500,\"caption\":\"Compuviper\"},\"image\":{\"@id\":\"https:\/\/compuviper.mx\/tienda\/#\/schema\/logo\/image\/\"},\"sameAs\":[\"https:\/\/www.facebook.com\/compuviper\",\"https:\/\/www.youtube.com\/channel\/UCf73dERp9Y3cfOq7q8BhLjA?view_as=subscriber\"]}]}<\/script>\n<meta property=\"product:brand\" content=\"STARTECH.COM\" \/>\n<meta property=\"product:price:amount\" content=\"2556\" \/>\n<meta property=\"product:price:currency\" content=\"MXN\" \/>\n<meta property=\"og:availability\" content=\"out of stock\" \/>\n<meta property=\"product:availability\" content=\"out of stock\" \/>\n<meta property=\"product:retailer_item_id\" content=\"USB3AAEXT10M\" \/>\n<meta property=\"product:condition\" content=\"new\" \/>\n<!-- \/ Yoast SEO plugin. -->","yoast_head_json":{"title":"[ Startech.com ] &#129351; Usb3aaext10m Cable Extensor De 10 Metros Usb 3.0 Superspeed Activo - Permite Conexion En Cascada De Hasta 2 Niveles - Usb A Macho A Hembra - Negro - Mod.","description":"Compra Usb3aaext10m Cable Extensor De 10 Metros Usb 3.0 Superspeed Activo - Permite Conexion En Cascada De Hasta 2 Niveles - Usb A Macho A Hembra - Negro - Mod. + Env\u00edo a domicilio + Pago seguro + Garant\u00eda","robots":{"index":"index","follow":"follow","max-snippet":"max-snippet:-1","max-image-preview":"max-image-preview:large","max-video-preview":"max-video-preview:-1"},"canonical":"https:\/\/compuviper.mx\/tienda\/producto\/startech-com-usb3aaext10m-cable-extensor-de-10-metros-usb-3-0-superspeed-activo-permite-conexion-en-cascada-de-hasta-2-niveles-usb-a-macho-a-hembra-negro-mod\/","og_locale":"es_MX","og_type":"article","og_title":"[ Startech.com ] &#129351; Usb3aaext10m Cable Extensor De 10 Metros Usb 3.0 Superspeed Activo - Permite Conexion En Cascada De Hasta 2 Niveles - Usb A Macho A Hembra - Negro - Mod.","og_description":"Compra Usb3aaext10m Cable Extensor De 10 Metros Usb 3.0 Superspeed Activo - Permite Conexion En Cascada De Hasta 2 Niveles - Usb A Macho A Hembra - Negro - Mod. + Env\u00edo a domicilio + Pago seguro + Garant\u00eda","og_url":"https:\/\/compuviper.mx\/tienda\/producto\/startech-com-usb3aaext10m-cable-extensor-de-10-metros-usb-3-0-superspeed-activo-permite-conexion-en-cascada-de-hasta-2-niveles-usb-a-macho-a-hembra-negro-mod\/","og_site_name":"Compuviper","article_publisher":"https:\/\/www.facebook.com\/compuviper","article_modified_time":"2026-04-11T05:40:59+00:00","og_image":[{"width":200,"height":200,"url":"https:\/\/compuviper.mx\/tienda\/wp-content\/uploads\/2023\/12\/Cable-extensor-de-10-metros-usb-3.0-superspeed-activo-permite-conexion-en-cascada-de-hasta-2-niveles-usb-a-macho-a-hembra-negro-startech.com-mod.-usb3aaext10m.jpg","type":"image\/jpeg"}],"twitter_card":"summary_large_image","twitter_misc":{"Precio":"&#36;2,556 con IVA","Availability":"Out of stock"},"schema":{"@context":"https:\/\/schema.org","@graph":[{"@type":"WebPage","@id":"https:\/\/compuviper.mx\/tienda\/producto\/startech-com-usb3aaext10m-cable-extensor-de-10-metros-usb-3-0-superspeed-activo-permite-conexion-en-cascada-de-hasta-2-niveles-usb-a-macho-a-hembra-negro-mod\/","url":"https:\/\/compuviper.mx\/tienda\/producto\/startech-com-usb3aaext10m-cable-extensor-de-10-metros-usb-3-0-superspeed-activo-permite-conexion-en-cascada-de-hasta-2-niveles-usb-a-macho-a-hembra-negro-mod\/","name":"[ Startech.com ] &#129351; Usb3aaext10m Cable Extensor De 10 Metros Usb 3.0 Superspeed Activo - Permite Conexion En Cascada De Hasta 2 Niveles - Usb A Macho A Hembra - Negro - Mod.","isPartOf":{"@id":"https:\/\/compuviper.mx\/tienda\/#website"},"datePublished":"2026-04-11T05:40:58+00:00","dateModified":"2026-04-11T05:40:59+00:00","description":"Compra Usb3aaext10m Cable Extensor De 10 Metros Usb 3.0 Superspeed Activo - Permite Conexion En Cascada De Hasta 2 Niveles - Usb A Macho A Hembra - Negro - Mod. + Env\u00edo a domicilio + Pago seguro + Garant\u00eda","breadcrumb":{"@id":"https:\/\/compuviper.mx\/tienda\/producto\/startech-com-usb3aaext10m-cable-extensor-de-10-metros-usb-3-0-superspeed-activo-permite-conexion-en-cascada-de-hasta-2-niveles-usb-a-macho-a-hembra-negro-mod\/#breadcrumb"},"inLanguage":"es-MX","potentialAction":[{"@type":"ReadAction","target":["https:\/\/compuviper.mx\/tienda\/producto\/startech-com-usb3aaext10m-cable-extensor-de-10-metros-usb-3-0-superspeed-activo-permite-conexion-en-cascada-de-hasta-2-niveles-usb-a-macho-a-hembra-negro-mod\/"]}]},{"@type":"BreadcrumbList","@id":"https:\/\/compuviper.mx\/tienda\/producto\/startech-com-usb3aaext10m-cable-extensor-de-10-metros-usb-3-0-superspeed-activo-permite-conexion-en-cascada-de-hasta-2-niveles-usb-a-macho-a-hembra-negro-mod\/#breadcrumb","itemListElement":[{"@type":"ListItem","position":1,"name":"Inicio","item":"https:\/\/compuviper.mx\/tienda\/"},{"@type":"ListItem","position":2,"name":"Productos","item":"https:\/\/compuviper.mx\/tienda\/productos\/"},{"@type":"ListItem","position":3,"name":"Cables","item":"https:\/\/compuviper.mx\/tienda\/categoria-producto\/cables\/"},{"@type":"ListItem","position":4,"name":"Cable Usb","item":"https:\/\/compuviper.mx\/tienda\/categoria-producto\/cables\/cable-usb\/"},{"@type":"ListItem","position":5,"name":"Startech.com Usb3aaext10m Cable Extensor De 10 Metros Usb 3.0 Superspeed Activo &#8211; Permite Conexion En Cascada De Hasta 2 Niveles &#8211; Usb A Macho A Hembra &#8211; Negro &#8211; Mod."}]},{"@type":"WebSite","@id":"https:\/\/compuviper.mx\/tienda\/#website","url":"https:\/\/compuviper.mx\/tienda\/","name":"Compuviper","description":"Proveedor de Computadoras, Laptops, Servidores, Monitores, Puntos de Venta, Teclados,   Impresoras, T\u00f3ner, C\u00e1maras de Seguridad y m\u00e1s en tu tienda en l\u00ednea","publisher":{"@id":"https:\/\/compuviper.mx\/tienda\/#organization"},"potentialAction":[{"@type":"SearchAction","target":{"@type":"EntryPoint","urlTemplate":"https:\/\/compuviper.mx\/tienda\/?s={search_term_string}"},"query-input":"required name=search_term_string"}],"inLanguage":"es-MX"},{"@type":"Organization","@id":"https:\/\/compuviper.mx\/tienda\/#organization","name":"Compuviper","url":"https:\/\/compuviper.mx\/tienda\/","logo":{"@type":"ImageObject","inLanguage":"es-MX","@id":"https:\/\/compuviper.mx\/tienda\/#\/schema\/logo\/image\/","url":"https:\/\/compuviper.mx\/tienda\/wp-content\/uploads\/2021\/08\/Logo-Compuviper-10.png","contentUrl":"https:\/\/compuviper.mx\/tienda\/wp-content\/uploads\/2021\/08\/Logo-Compuviper-10.png","width":1000,"height":500,"caption":"Compuviper"},"image":{"@id":"https:\/\/compuviper.mx\/tienda\/#\/schema\/logo\/image\/"},"sameAs":["https:\/\/www.facebook.com\/compuviper","https:\/\/www.youtube.com\/channel\/UCf73dERp9Y3cfOq7q8BhLjA?view_as=subscriber"]}]},"product_brand":"STARTECH.COM","product_price_amount":"2556","product_price_currency":"MXN","og_availability":"out of stock","product_availability":"out of stock","product_retailer_item_id":"USB3AAEXT10M","product_condition":"new"},"_links":{"self":[{"href":"https:\/\/compuviper.mx\/tienda\/wp-json\/wp\/v2\/product\/213852"}],"collection":[{"href":"https:\/\/compuviper.mx\/tienda\/wp-json\/wp\/v2\/product"}],"about":[{"href":"https:\/\/compuviper.mx\/tienda\/wp-json\/wp\/v2\/types\/product"}],"replies":[{"embeddable":true,"href":"https:\/\/compuviper.mx\/tienda\/wp-json\/wp\/v2\/comments?post=213852"}],"wp:featuredmedia":[{"embeddable":true,"href":"https:\/\/compuviper.mx\/tienda\/wp-json\/wp\/v2\/media\/213853"}],"wp:attachment":[{"href":"https:\/\/compuviper.mx\/tienda\/wp-json\/wp\/v2\/media?parent=213852"}],"wp:term":[{"taxonomy":"product_cat","embeddable":true,"href":"https:\/\/compuviper.mx\/tienda\/wp-json\/wp\/v2\/product_cat?post=213852"},{"taxonomy":"product_tag","embeddable":true,"href":"https:\/\/compuviper.mx\/tienda\/wp-json\/wp\/v2\/product_tag?post=213852"}],"curies":[{"name":"wp","href":"https:\/\/api.w.org\/{rel}","templated":true}]}}