{"id":213816,"date":"2026-04-17T23:43:51","date_gmt":"2026-04-18T05:43:51","guid":{"rendered":"https:\/\/compuviper.mx\/tienda\/producto\/manhattan-354080-cable-hdmi-2-1-8k-m-m-2-0m\/"},"modified":"2026-04-17T23:43:52","modified_gmt":"2026-04-18T05:43:52","slug":"manhattan-354080-cable-hdmi-2-1-8k-m-m-2-0m","status":"publish","type":"product","link":"https:\/\/compuviper.mx\/tienda\/producto\/manhattan-354080-cable-hdmi-2-1-8k-m-m-2-0m\/","title":{"rendered":"Manhattan 354080 Cable Hdmi,,, 2.1 8k M-m 2.0m"},"content":{"rendered":"<table class=\"descripcion\">\n<tr>\n<td>Est\u00e1ndares y certificaciones<\/td>\n<\/tr>\n<tr>\n<td>Iso 9001<\/td>\n<\/tr>\n<tr>\n<td>Ce<\/td>\n<\/tr>\n<tr>\n<td>Rohs<\/td>\n<\/tr>\n<tr>\n<td>General<\/td>\n<\/tr>\n<tr>\n<td>Ancho de banda: 48 gbps<\/td>\n<\/tr>\n<tr>\n<td>Soporta hec<\/td>\n<\/tr>\n<tr>\n<td>Hdr din\u00e1mico<\/td>\n<\/tr>\n<tr>\n<td>Canal de retorno de audio mejorado (earc)<\/td>\n<\/tr>\n<tr>\n<td>Frecuencia mejorada de actualizaci\u00f3n (variable refresh rate: vrr),<\/td>\n<\/tr>\n<tr>\n<td>Cambio r\u00e1pido de medios (quick media switching: qms)<\/td>\n<\/tr>\n<tr>\n<td>Quick frame transport (qft)<\/td>\n<\/tr>\n<tr>\n<td>Modo de latencia baja autom\u00e1tica (allm)<\/td>\n<\/tr>\n<tr>\n<td>Cumple o excede con los est\u00e1ndares actuales de hdmi<\/td>\n<\/tr>\n<tr>\n<td>Longitud: 2 m (6 ft.)<\/td>\n<\/tr>\n<tr>\n<td>Conectores:<\/td>\n<\/tr>\n<tr>\n<td>2 hdmi de 19 pines, macho<\/td>\n<\/tr>\n<tr>\n<td>Contactos con ba\u00f1o de oro<\/td>\n<\/tr>\n<tr>\n<td>Terminales moldeadas en pvc<\/td>\n<\/tr>\n<tr>\n<td>Alivio de tensi\u00f3n integrado<\/td>\n<\/tr>\n<tr>\n<td>Cable:<\/td>\n<\/tr>\n<tr>\n<td>Calibre 28 awg<\/td>\n<\/tr>\n<tr>\n<td>Doble blindaje<\/td>\n<\/tr>\n<tr>\n<td>Corriente promedio: 0.5 a dc<\/td>\n<\/tr>\n<tr>\n<td>Voltaje de ruptura: 300 v dc<\/td>\n<\/tr>\n<tr>\n<td>Resistencia de aislamiento: 5 mohms<\/td>\n<\/tr>\n<tr>\n<td>Resistencia de conductividad: 5 ohms<\/td>\n<\/tr>\n<tr>\n<td>Forro de pl\u00e1stico t\u00e9rmico<\/td>\n<\/tr>\n<tr>\n<td>Ambiente de operaci\u00f3n<\/td>\n<\/tr>\n<tr>\n<td>Temperatura de operaci\u00f3n: 0 &#8211; 40\u00b0<\/td>\n<\/tr>\n<tr>\n<td>Temperatura de almacenamiento: -10 \u00bf 60\u00b0c<\/td>\n<\/tr>\n<tr>\n<td>Humedad (sin condensaci\u00f3n): 0 &#8211; 96%<\/td>\n<\/tr>\n<tr>\n<td>Contenido del paquete<\/td>\n<\/tr>\n<tr>\n<td>Cable hdmi de ultra alta velocidad<\/td>\n<\/tr>\n<\/table>\n","protected":false},"excerpt":{"rendered":"<p>Disfruta de la mejor experiencia audiovisual. El est\u00e1ndar de hdmi de ultra alta velocidad ofrece calidad de \u00faltima generaci\u00f3n para medios digitales, al transmitir se\u00f1ales de audio y video de la m\u00e1s alta calidad a trav\u00e9s de un solo cable. Dise\u00f1ado cuidadosamente para satisfacer las necesidades cambiantes del mercado de alta definici\u00f3n, el cable hdmi de ultra alta velocidad de manhattan ofrece la resoluci\u00f3n m\u00e1s alta en el mercado hoy (8k @ 60hz y 4k @ 120hz), manejando f\u00e1cilmente los requisitos de datos pesados del est\u00e1ndar con un ancho de banda de 48 gigabits por segundo. Su tecnolog\u00eda avanzada de alto rango din\u00e1mico (hdr) proporciona brillo, contraste, color, caracter\u00edsticas de rendimiento mejoradas y mayor precisi\u00f3n. Su dise\u00f1o evita al enredo y permite un control y manejo m\u00e1s f\u00e1cil; resistente a cortes y rasgu\u00f1os. Soporta 4k hdr (dolby vision y hdr 10) pantallas de 8k@60hz y 4k@120 hz. Soporta canal ethernel hdmi (hec), canal de retorno de audio mejorado (earc), frecuencia de actualizaci\u00f3n mejorada y modo de latencia baja autom\u00e1tica (allm. Funciones mejoradas de frecuencia de actualizaci\u00f3n variable refresh rate (vrr), quick media switching (qms) y quick frame transport (qft. Earc admite los formatos de audio m\u00e1s avanzados y la m\u00e1s alta calidad de audio (compatibilidad total solo con los pr\u00f3ximos productos hdmi 2.1. Soporta ethernet de alta velocidad, redes bidireccionales de hasta 100 mbps. Proporciona ancho de banda de hasta 48 gbps. Cumple con las especificaciones de hdmi de ultra alta velocidad. Completamente blindado para reducir fuentes de interferencia tales como emi. Compatilbe con cuaquier dispositivo hdmi<\/p>\n","protected":false},"featured_media":213817,"comment_status":"open","ping_status":"open","template":"","meta":[],"product_cat":[1549,1550],"product_tag":[1487],"acf":[],"yoast_head":"<!-- This site is optimized with the Yoast SEO plugin v21.7 - https:\/\/yoast.com\/wordpress\/plugins\/seo\/ -->\n<title>[ Manhattan ] &#129351; 354080 Cable Hdmi,,, 2.1 8k M-m 2.0m<\/title>\n<meta name=\"description\" content=\"Compra 354080 Cable Hdmi,,, 2.1 8k M-m 2.0m + Env\u00edo a domicilio + Pago seguro + Garant\u00eda\" \/>\n<meta name=\"robots\" content=\"index, follow, max-snippet:-1, max-image-preview:large, max-video-preview:-1\" \/>\n<link rel=\"canonical\" href=\"https:\/\/compuviper.mx\/tienda\/producto\/manhattan-354080-cable-hdmi-2-1-8k-m-m-2-0m\/\" \/>\n<meta property=\"og:locale\" content=\"es_MX\" \/>\n<meta property=\"og:type\" content=\"article\" \/>\n<meta property=\"og:title\" content=\"[ Manhattan ] &#129351; 354080 Cable Hdmi,,, 2.1 8k M-m 2.0m\" \/>\n<meta property=\"og:description\" content=\"Compra 354080 Cable Hdmi,,, 2.1 8k M-m 2.0m + Env\u00edo a domicilio + Pago seguro + Garant\u00eda\" \/>\n<meta property=\"og:url\" content=\"https:\/\/compuviper.mx\/tienda\/producto\/manhattan-354080-cable-hdmi-2-1-8k-m-m-2-0m\/\" \/>\n<meta property=\"og:site_name\" content=\"Compuviper\" \/>\n<meta property=\"article:publisher\" content=\"https:\/\/www.facebook.com\/compuviper\" \/>\n<meta property=\"article:modified_time\" content=\"2026-04-18T05:43:52+00:00\" \/>\n<meta property=\"og:image\" content=\"https:\/\/compuviper.mx\/tienda\/wp-content\/uploads\/2023\/12\/Cable-hdmimanhattan354080-2.1-8k-m-m-2.0m.jpg\" \/>\n\t<meta property=\"og:image:width\" content=\"200\" \/>\n\t<meta property=\"og:image:height\" content=\"200\" \/>\n\t<meta property=\"og:image:type\" content=\"image\/jpeg\" \/>\n<meta name=\"twitter:card\" content=\"summary_large_image\" \/>\n<meta name=\"twitter:label1\" content=\"Precio\" \/>\n\t<meta name=\"twitter:data1\" content=\"&#36;158 con IVA\" \/>\n\t<meta name=\"twitter:label2\" content=\"Availability\" \/>\n\t<meta name=\"twitter:data2\" content=\"In stock\" \/>\n<script type=\"application\/ld+json\" class=\"yoast-schema-graph\">{\"@context\":\"https:\/\/schema.org\",\"@graph\":[{\"@type\":\"WebPage\",\"@id\":\"https:\/\/compuviper.mx\/tienda\/producto\/manhattan-354080-cable-hdmi-2-1-8k-m-m-2-0m\/\",\"url\":\"https:\/\/compuviper.mx\/tienda\/producto\/manhattan-354080-cable-hdmi-2-1-8k-m-m-2-0m\/\",\"name\":\"[ Manhattan ] &#129351; 354080 Cable Hdmi,,, 2.1 8k M-m 2.0m\",\"isPartOf\":{\"@id\":\"https:\/\/compuviper.mx\/tienda\/#website\"},\"datePublished\":\"2026-04-18T05:43:51+00:00\",\"dateModified\":\"2026-04-18T05:43:52+00:00\",\"description\":\"Compra 354080 Cable Hdmi,,, 2.1 8k M-m 2.0m + Env\u00edo a domicilio + Pago seguro + Garant\u00eda\",\"breadcrumb\":{\"@id\":\"https:\/\/compuviper.mx\/tienda\/producto\/manhattan-354080-cable-hdmi-2-1-8k-m-m-2-0m\/#breadcrumb\"},\"inLanguage\":\"es-MX\",\"potentialAction\":[{\"@type\":\"ReadAction\",\"target\":[\"https:\/\/compuviper.mx\/tienda\/producto\/manhattan-354080-cable-hdmi-2-1-8k-m-m-2-0m\/\"]}]},{\"@type\":\"BreadcrumbList\",\"@id\":\"https:\/\/compuviper.mx\/tienda\/producto\/manhattan-354080-cable-hdmi-2-1-8k-m-m-2-0m\/#breadcrumb\",\"itemListElement\":[{\"@type\":\"ListItem\",\"position\":1,\"name\":\"Inicio\",\"item\":\"https:\/\/compuviper.mx\/tienda\/\"},{\"@type\":\"ListItem\",\"position\":2,\"name\":\"Productos\",\"item\":\"https:\/\/compuviper.mx\/tienda\/productos\/\"},{\"@type\":\"ListItem\",\"position\":3,\"name\":\"Cables\",\"item\":\"https:\/\/compuviper.mx\/tienda\/categoria-producto\/cables\/\"},{\"@type\":\"ListItem\",\"position\":4,\"name\":\"Cable De Video\",\"item\":\"https:\/\/compuviper.mx\/tienda\/categoria-producto\/cables\/cable-de-video\/\"},{\"@type\":\"ListItem\",\"position\":5,\"name\":\"Manhattan 354080 Cable Hdmi,,, 2.1 8k M-m 2.0m\"}]},{\"@type\":\"WebSite\",\"@id\":\"https:\/\/compuviper.mx\/tienda\/#website\",\"url\":\"https:\/\/compuviper.mx\/tienda\/\",\"name\":\"Compuviper\",\"description\":\"Proveedor de Computadoras, Laptops, Servidores, Monitores, Puntos de Venta, Teclados,   Impresoras, T\u00f3ner, C\u00e1maras de Seguridad y m\u00e1s en tu tienda en l\u00ednea\",\"publisher\":{\"@id\":\"https:\/\/compuviper.mx\/tienda\/#organization\"},\"potentialAction\":[{\"@type\":\"SearchAction\",\"target\":{\"@type\":\"EntryPoint\",\"urlTemplate\":\"https:\/\/compuviper.mx\/tienda\/?s={search_term_string}\"},\"query-input\":\"required name=search_term_string\"}],\"inLanguage\":\"es-MX\"},{\"@type\":\"Organization\",\"@id\":\"https:\/\/compuviper.mx\/tienda\/#organization\",\"name\":\"Compuviper\",\"url\":\"https:\/\/compuviper.mx\/tienda\/\",\"logo\":{\"@type\":\"ImageObject\",\"inLanguage\":\"es-MX\",\"@id\":\"https:\/\/compuviper.mx\/tienda\/#\/schema\/logo\/image\/\",\"url\":\"https:\/\/compuviper.mx\/tienda\/wp-content\/uploads\/2021\/08\/Logo-Compuviper-10.png\",\"contentUrl\":\"https:\/\/compuviper.mx\/tienda\/wp-content\/uploads\/2021\/08\/Logo-Compuviper-10.png\",\"width\":1000,\"height\":500,\"caption\":\"Compuviper\"},\"image\":{\"@id\":\"https:\/\/compuviper.mx\/tienda\/#\/schema\/logo\/image\/\"},\"sameAs\":[\"https:\/\/www.facebook.com\/compuviper\",\"https:\/\/www.youtube.com\/channel\/UCf73dERp9Y3cfOq7q8BhLjA?view_as=subscriber\"]}]}<\/script>\n<meta property=\"product:brand\" content=\"MANHATTAN\" \/>\n<meta property=\"product:price:amount\" content=\"158\" \/>\n<meta property=\"product:price:currency\" content=\"MXN\" \/>\n<meta property=\"og:availability\" content=\"instock\" \/>\n<meta property=\"product:availability\" content=\"instock\" \/>\n<meta property=\"product:retailer_item_id\" content=\"354080\" \/>\n<meta property=\"product:condition\" content=\"new\" \/>\n<!-- \/ Yoast SEO plugin. -->","yoast_head_json":{"title":"[ Manhattan ] &#129351; 354080 Cable Hdmi,,, 2.1 8k M-m 2.0m","description":"Compra 354080 Cable Hdmi,,, 2.1 8k M-m 2.0m + Env\u00edo a domicilio + Pago seguro + Garant\u00eda","robots":{"index":"index","follow":"follow","max-snippet":"max-snippet:-1","max-image-preview":"max-image-preview:large","max-video-preview":"max-video-preview:-1"},"canonical":"https:\/\/compuviper.mx\/tienda\/producto\/manhattan-354080-cable-hdmi-2-1-8k-m-m-2-0m\/","og_locale":"es_MX","og_type":"article","og_title":"[ Manhattan ] &#129351; 354080 Cable Hdmi,,, 2.1 8k M-m 2.0m","og_description":"Compra 354080 Cable Hdmi,,, 2.1 8k M-m 2.0m + Env\u00edo a domicilio + Pago seguro + Garant\u00eda","og_url":"https:\/\/compuviper.mx\/tienda\/producto\/manhattan-354080-cable-hdmi-2-1-8k-m-m-2-0m\/","og_site_name":"Compuviper","article_publisher":"https:\/\/www.facebook.com\/compuviper","article_modified_time":"2026-04-18T05:43:52+00:00","og_image":[{"width":200,"height":200,"url":"https:\/\/compuviper.mx\/tienda\/wp-content\/uploads\/2023\/12\/Cable-hdmimanhattan354080-2.1-8k-m-m-2.0m.jpg","type":"image\/jpeg"}],"twitter_card":"summary_large_image","twitter_misc":{"Precio":"&#36;158 con IVA","Availability":"In stock"},"schema":{"@context":"https:\/\/schema.org","@graph":[{"@type":"WebPage","@id":"https:\/\/compuviper.mx\/tienda\/producto\/manhattan-354080-cable-hdmi-2-1-8k-m-m-2-0m\/","url":"https:\/\/compuviper.mx\/tienda\/producto\/manhattan-354080-cable-hdmi-2-1-8k-m-m-2-0m\/","name":"[ Manhattan ] &#129351; 354080 Cable Hdmi,,, 2.1 8k M-m 2.0m","isPartOf":{"@id":"https:\/\/compuviper.mx\/tienda\/#website"},"datePublished":"2026-04-18T05:43:51+00:00","dateModified":"2026-04-18T05:43:52+00:00","description":"Compra 354080 Cable Hdmi,,, 2.1 8k M-m 2.0m + Env\u00edo a domicilio + Pago seguro + Garant\u00eda","breadcrumb":{"@id":"https:\/\/compuviper.mx\/tienda\/producto\/manhattan-354080-cable-hdmi-2-1-8k-m-m-2-0m\/#breadcrumb"},"inLanguage":"es-MX","potentialAction":[{"@type":"ReadAction","target":["https:\/\/compuviper.mx\/tienda\/producto\/manhattan-354080-cable-hdmi-2-1-8k-m-m-2-0m\/"]}]},{"@type":"BreadcrumbList","@id":"https:\/\/compuviper.mx\/tienda\/producto\/manhattan-354080-cable-hdmi-2-1-8k-m-m-2-0m\/#breadcrumb","itemListElement":[{"@type":"ListItem","position":1,"name":"Inicio","item":"https:\/\/compuviper.mx\/tienda\/"},{"@type":"ListItem","position":2,"name":"Productos","item":"https:\/\/compuviper.mx\/tienda\/productos\/"},{"@type":"ListItem","position":3,"name":"Cables","item":"https:\/\/compuviper.mx\/tienda\/categoria-producto\/cables\/"},{"@type":"ListItem","position":4,"name":"Cable De Video","item":"https:\/\/compuviper.mx\/tienda\/categoria-producto\/cables\/cable-de-video\/"},{"@type":"ListItem","position":5,"name":"Manhattan 354080 Cable Hdmi,,, 2.1 8k M-m 2.0m"}]},{"@type":"WebSite","@id":"https:\/\/compuviper.mx\/tienda\/#website","url":"https:\/\/compuviper.mx\/tienda\/","name":"Compuviper","description":"Proveedor de Computadoras, Laptops, Servidores, Monitores, Puntos de Venta, Teclados,   Impresoras, T\u00f3ner, C\u00e1maras de Seguridad y m\u00e1s en tu tienda en l\u00ednea","publisher":{"@id":"https:\/\/compuviper.mx\/tienda\/#organization"},"potentialAction":[{"@type":"SearchAction","target":{"@type":"EntryPoint","urlTemplate":"https:\/\/compuviper.mx\/tienda\/?s={search_term_string}"},"query-input":"required name=search_term_string"}],"inLanguage":"es-MX"},{"@type":"Organization","@id":"https:\/\/compuviper.mx\/tienda\/#organization","name":"Compuviper","url":"https:\/\/compuviper.mx\/tienda\/","logo":{"@type":"ImageObject","inLanguage":"es-MX","@id":"https:\/\/compuviper.mx\/tienda\/#\/schema\/logo\/image\/","url":"https:\/\/compuviper.mx\/tienda\/wp-content\/uploads\/2021\/08\/Logo-Compuviper-10.png","contentUrl":"https:\/\/compuviper.mx\/tienda\/wp-content\/uploads\/2021\/08\/Logo-Compuviper-10.png","width":1000,"height":500,"caption":"Compuviper"},"image":{"@id":"https:\/\/compuviper.mx\/tienda\/#\/schema\/logo\/image\/"},"sameAs":["https:\/\/www.facebook.com\/compuviper","https:\/\/www.youtube.com\/channel\/UCf73dERp9Y3cfOq7q8BhLjA?view_as=subscriber"]}]},"product_brand":"MANHATTAN","product_price_amount":"158","product_price_currency":"MXN","og_availability":"instock","product_availability":"instock","product_retailer_item_id":"354080","product_condition":"new"},"_links":{"self":[{"href":"https:\/\/compuviper.mx\/tienda\/wp-json\/wp\/v2\/product\/213816"}],"collection":[{"href":"https:\/\/compuviper.mx\/tienda\/wp-json\/wp\/v2\/product"}],"about":[{"href":"https:\/\/compuviper.mx\/tienda\/wp-json\/wp\/v2\/types\/product"}],"replies":[{"embeddable":true,"href":"https:\/\/compuviper.mx\/tienda\/wp-json\/wp\/v2\/comments?post=213816"}],"wp:featuredmedia":[{"embeddable":true,"href":"https:\/\/compuviper.mx\/tienda\/wp-json\/wp\/v2\/media\/213817"}],"wp:attachment":[{"href":"https:\/\/compuviper.mx\/tienda\/wp-json\/wp\/v2\/media?parent=213816"}],"wp:term":[{"taxonomy":"product_cat","embeddable":true,"href":"https:\/\/compuviper.mx\/tienda\/wp-json\/wp\/v2\/product_cat?post=213816"},{"taxonomy":"product_tag","embeddable":true,"href":"https:\/\/compuviper.mx\/tienda\/wp-json\/wp\/v2\/product_tag?post=213816"}],"curies":[{"name":"wp","href":"https:\/\/api.w.org\/{rel}","templated":true}]}}