{"id":213796,"date":"2026-04-10T23:40:42","date_gmt":"2026-04-11T05:40:42","guid":{"rendered":"https:\/\/compuviper.mx\/tienda\/producto\/startech-com-pac10120-cable-de-6m-de-extension-de-alimentacion-nema-5-15r-a-nema-5-15p-13a-125v-16awg-cable-de-extension-de-corriente-para-computadoras-cable-de-respuesto-de-corriente-ul\/"},"modified":"2026-04-10T23:40:42","modified_gmt":"2026-04-11T05:40:42","slug":"startech-com-pac10120-cable-de-6m-de-extension-de-alimentacion-nema-5-15r-a-nema-5-15p-13a-125v-16awg-cable-de-extension-de-corriente-para-computadoras-cable-de-respuesto-de-corriente-ul","status":"publish","type":"product","link":"https:\/\/compuviper.mx\/tienda\/producto\/startech-com-pac10120-cable-de-6m-de-extension-de-alimentacion-nema-5-15r-a-nema-5-15p-13a-125v-16awg-cable-de-extension-de-corriente-para-computadoras-cable-de-respuesto-de-corriente-ul\/","title":{"rendered":"Startech.com Pac10120 Cable De 6m De Extension De Alimentacion &#8211; Nema 5-15r A Nema 5-15p &#8211; 13a 125v, 16awg &#8211; Cable De Extension De Corriente Para Computadoras &#8211; Cable De Respuesto De Corriente &#8211; Ul"},"content":{"rendered":"<table class=\"descripcion\">\n<tr>\n<td>Cable de 6m de extension de alimentacion nema5-15r a nema5-15p<\/td>\n<\/tr>\n<tr>\n<td>Cable extensor de corriente: este cable extensor de corriente alterna de 6m 16awg con conectores nema 5-15r y nema 5-15p es adecuado para estaciones de trabajo | uso en interiores | 125v a 13a<\/td>\n<\/tr>\n<tr>\n<td>Rendimiento y seguridad: ul62  and  ul817 &#8211; alivio de tension totalmente moldeado en los conectores &#8211; clasificacion de fuego: vw-1 &#8211; cable con hilo de cobre al 100 &#8211; disponible en otras longitudes<\/td>\n<\/tr>\n<tr>\n<td>Especificaciones: cable de 6m &#8211; nema 5-15r a nema 5-15p &#8211; 16awg &#8211; 125v 13a max &#8211; tipo\/material de cubierta: sjt\/pvc &#8211; rango de temperatura: 3\u00b0c a 60\u00b0c &#8211; diametro exterior del cable: 8.5mm<\/td>\n<\/tr>\n<tr>\n<td>Compatibilidad: el cable nema 5-15p funciona con los tomacorrientes norteamericanos &#8211; extienda una conexion de alimentacion de 3 puntas de su computadora de escritorio &#8211; cable de repuesto<\/td>\n<\/tr>\n<tr>\n<td>La eleccion de los profesionales de ti: disenado y construido para los profesionales de ti, este cable esta respaldado de por vida con asistencia tecnica multilingue gratuita 24\/5<\/td>\n<\/tr>\n<tr>\n<td>Aplicaciones<\/td>\n<\/tr>\n<tr>\n<td>Extienda un cable de alimentacion existente por 6m adicionales<\/td>\n<\/tr>\n<tr>\n<td>El cable de extension de startech.com para computadoras ahorra espacio y conecta comodamente adaptadores de corriente de gran tamano, para que pueda aprovechar al maximo todas sus tomas de corriente o regl<\/td>\n<\/tr>\n<\/table>\n","protected":false},"excerpt":{"rendered":"<p>Cable de 6m de extension de alimentacion nema5-15r a nema5-15p. Cable extensor de corriente: este cable extensor de corriente alterna de 6m 16awg con conectores nema 5-15r y nema 5-15p es adecuado para estaciones de trabajo | uso en interiores | 125v a 13a. Rendimiento y seguridad: ul62  and  ul817 &#8211; alivio de tension totalmente moldeado en los conectores &#8211; clasificacion de fuego: vw-1 &#8211; cable con hilo de cobre al 100 &#8211; disponible en otras longitudes. Especificaciones: cable de 6m &#8211; nema 5-15r a nema 5-15p &#8211; 16awg &#8211; 125v 13a max &#8211; tipo\/material de cubierta: sjt\/pvc &#8211; rango de temperatura: 3\u00b0c a 60\u00b0c &#8211; diametro exterior del cable: 8.5mm. Compatibilidad: el cable nema 5-15p funciona con los tomacorrientes norteamericanos &#8211; extienda una conexion de alimentacion de 3 puntas de su computadora de escritorio &#8211; cable de repuesto. La eleccion de los profesionales de ti: disenado y construido para los profesionales de ti, este cable esta respaldado de por vida con asistencia tecnica multilingue gratuita 24\/5. Aplicaciones. Extienda un cable de alimentacion existente por 6m adicionales. El cable de extension de startech.Com para computadoras ahorra espacio y conecta comodamente adaptadores de corriente de gran tamano, para que pueda aprovechar al maximo todas sus tomas de corriente o regl<\/p>\n","protected":false},"featured_media":213797,"comment_status":"open","ping_status":"open","template":"","meta":[],"product_cat":[1549,1607],"product_tag":[1590],"acf":[],"yoast_head":"<!-- This site is optimized with the Yoast SEO plugin v21.7 - https:\/\/yoast.com\/wordpress\/plugins\/seo\/ -->\n<title>[ Startech.com ] &#129351; Pac10120 Cable De 6m De Extension De Alimentacion - Nema 5-15r A Nema 5-15p - 13a 125v, 16awg - Cable De Extension De Corriente Para Computadoras - Cable De Respuesto De Corriente - Ul<\/title>\n<meta name=\"description\" content=\"Compra Pac10120 Cable De 6m De Extension De Alimentacion - Nema 5-15r A Nema 5-15p - 13a 125v, 16awg - Cable De Extension De Corriente Para Computadoras - Cable De Respuesto De Corriente - Ul + Env\u00edo a domicilio + Pago seguro + Garant\u00eda\" \/>\n<meta name=\"robots\" content=\"index, follow, max-snippet:-1, max-image-preview:large, max-video-preview:-1\" \/>\n<link rel=\"canonical\" href=\"https:\/\/compuviper.mx\/tienda\/producto\/startech-com-pac10120-cable-de-6m-de-extension-de-alimentacion-nema-5-15r-a-nema-5-15p-13a-125v-16awg-cable-de-extension-de-corriente-para-computadoras-cable-de-respuesto-de-corriente-ul\/\" \/>\n<meta property=\"og:locale\" content=\"es_MX\" \/>\n<meta property=\"og:type\" content=\"article\" \/>\n<meta property=\"og:title\" content=\"[ Startech.com ] &#129351; Pac10120 Cable De 6m De Extension De Alimentacion - Nema 5-15r A Nema 5-15p - 13a 125v, 16awg - Cable De Extension De Corriente Para Computadoras - Cable De Respuesto De Corriente - Ul\" \/>\n<meta property=\"og:description\" content=\"Compra Pac10120 Cable De 6m De Extension De Alimentacion - Nema 5-15r A Nema 5-15p - 13a 125v, 16awg - Cable De Extension De Corriente Para Computadoras - Cable De Respuesto De Corriente - Ul + Env\u00edo a domicilio + Pago seguro + Garant\u00eda\" \/>\n<meta property=\"og:url\" content=\"https:\/\/compuviper.mx\/tienda\/producto\/startech-com-pac10120-cable-de-6m-de-extension-de-alimentacion-nema-5-15r-a-nema-5-15p-13a-125v-16awg-cable-de-extension-de-corriente-para-computadoras-cable-de-respuesto-de-corriente-ul\/\" \/>\n<meta property=\"og:site_name\" content=\"Compuviper\" \/>\n<meta property=\"article:publisher\" content=\"https:\/\/www.facebook.com\/compuviper\" \/>\n<meta property=\"og:image\" content=\"https:\/\/compuviper.mx\/tienda\/wp-content\/uploads\/2023\/12\/Cable-de-6m-de-extension-de-alimentacion-nema-5-15r-a-nema-5-15p-13a-125v-16awg-cable-de-extension-de-corriente-para-computadoras-cable-de-respuesto-de-corriente-ul.jpg\" \/>\n\t<meta property=\"og:image:width\" content=\"200\" \/>\n\t<meta property=\"og:image:height\" content=\"200\" \/>\n\t<meta property=\"og:image:type\" content=\"image\/jpeg\" \/>\n<meta name=\"twitter:card\" content=\"summary_large_image\" \/>\n<meta name=\"twitter:label1\" content=\"Precio\" \/>\n\t<meta name=\"twitter:data1\" content=\"&#36;326 con IVA\" \/>\n\t<meta name=\"twitter:label2\" content=\"Availability\" \/>\n\t<meta name=\"twitter:data2\" content=\"Out of stock\" \/>\n<script type=\"application\/ld+json\" class=\"yoast-schema-graph\">{\"@context\":\"https:\/\/schema.org\",\"@graph\":[{\"@type\":\"WebPage\",\"@id\":\"https:\/\/compuviper.mx\/tienda\/producto\/startech-com-pac10120-cable-de-6m-de-extension-de-alimentacion-nema-5-15r-a-nema-5-15p-13a-125v-16awg-cable-de-extension-de-corriente-para-computadoras-cable-de-respuesto-de-corriente-ul\/\",\"url\":\"https:\/\/compuviper.mx\/tienda\/producto\/startech-com-pac10120-cable-de-6m-de-extension-de-alimentacion-nema-5-15r-a-nema-5-15p-13a-125v-16awg-cable-de-extension-de-corriente-para-computadoras-cable-de-respuesto-de-corriente-ul\/\",\"name\":\"[ Startech.com ] &#129351; Pac10120 Cable De 6m De Extension De Alimentacion - Nema 5-15r A Nema 5-15p - 13a 125v, 16awg - Cable De Extension De Corriente Para Computadoras - Cable De Respuesto De Corriente - Ul\",\"isPartOf\":{\"@id\":\"https:\/\/compuviper.mx\/tienda\/#website\"},\"datePublished\":\"2026-04-11T05:40:42+00:00\",\"dateModified\":\"2026-04-11T05:40:42+00:00\",\"description\":\"Compra Pac10120 Cable De 6m De Extension De Alimentacion - Nema 5-15r A Nema 5-15p - 13a 125v, 16awg - Cable De Extension De Corriente Para Computadoras - Cable De Respuesto De Corriente - Ul + Env\u00edo a domicilio + Pago seguro + Garant\u00eda\",\"breadcrumb\":{\"@id\":\"https:\/\/compuviper.mx\/tienda\/producto\/startech-com-pac10120-cable-de-6m-de-extension-de-alimentacion-nema-5-15r-a-nema-5-15p-13a-125v-16awg-cable-de-extension-de-corriente-para-computadoras-cable-de-respuesto-de-corriente-ul\/#breadcrumb\"},\"inLanguage\":\"es-MX\",\"potentialAction\":[{\"@type\":\"ReadAction\",\"target\":[\"https:\/\/compuviper.mx\/tienda\/producto\/startech-com-pac10120-cable-de-6m-de-extension-de-alimentacion-nema-5-15r-a-nema-5-15p-13a-125v-16awg-cable-de-extension-de-corriente-para-computadoras-cable-de-respuesto-de-corriente-ul\/\"]}]},{\"@type\":\"BreadcrumbList\",\"@id\":\"https:\/\/compuviper.mx\/tienda\/producto\/startech-com-pac10120-cable-de-6m-de-extension-de-alimentacion-nema-5-15r-a-nema-5-15p-13a-125v-16awg-cable-de-extension-de-corriente-para-computadoras-cable-de-respuesto-de-corriente-ul\/#breadcrumb\",\"itemListElement\":[{\"@type\":\"ListItem\",\"position\":1,\"name\":\"Inicio\",\"item\":\"https:\/\/compuviper.mx\/tienda\/\"},{\"@type\":\"ListItem\",\"position\":2,\"name\":\"Productos\",\"item\":\"https:\/\/compuviper.mx\/tienda\/productos\/\"},{\"@type\":\"ListItem\",\"position\":3,\"name\":\"Cables\",\"item\":\"https:\/\/compuviper.mx\/tienda\/categoria-producto\/cables\/\"},{\"@type\":\"ListItem\",\"position\":4,\"name\":\"Cable De Corriente\",\"item\":\"https:\/\/compuviper.mx\/tienda\/categoria-producto\/cables\/cable-de-corriente\/\"},{\"@type\":\"ListItem\",\"position\":5,\"name\":\"Startech.com Pac10120 Cable De 6m De Extension De Alimentacion &#8211; Nema 5-15r A Nema 5-15p &#8211; 13a 125v, 16awg &#8211; Cable De Extension De Corriente Para Computadoras &#8211; Cable De Respuesto De Corriente &#8211; Ul\"}]},{\"@type\":\"WebSite\",\"@id\":\"https:\/\/compuviper.mx\/tienda\/#website\",\"url\":\"https:\/\/compuviper.mx\/tienda\/\",\"name\":\"Compuviper\",\"description\":\"Proveedor de Computadoras, Laptops, Servidores, Monitores, Puntos de Venta, Teclados,   Impresoras, T\u00f3ner, C\u00e1maras de Seguridad y m\u00e1s en tu tienda en l\u00ednea\",\"publisher\":{\"@id\":\"https:\/\/compuviper.mx\/tienda\/#organization\"},\"potentialAction\":[{\"@type\":\"SearchAction\",\"target\":{\"@type\":\"EntryPoint\",\"urlTemplate\":\"https:\/\/compuviper.mx\/tienda\/?s={search_term_string}\"},\"query-input\":\"required name=search_term_string\"}],\"inLanguage\":\"es-MX\"},{\"@type\":\"Organization\",\"@id\":\"https:\/\/compuviper.mx\/tienda\/#organization\",\"name\":\"Compuviper\",\"url\":\"https:\/\/compuviper.mx\/tienda\/\",\"logo\":{\"@type\":\"ImageObject\",\"inLanguage\":\"es-MX\",\"@id\":\"https:\/\/compuviper.mx\/tienda\/#\/schema\/logo\/image\/\",\"url\":\"https:\/\/compuviper.mx\/tienda\/wp-content\/uploads\/2021\/08\/Logo-Compuviper-10.png\",\"contentUrl\":\"https:\/\/compuviper.mx\/tienda\/wp-content\/uploads\/2021\/08\/Logo-Compuviper-10.png\",\"width\":1000,\"height\":500,\"caption\":\"Compuviper\"},\"image\":{\"@id\":\"https:\/\/compuviper.mx\/tienda\/#\/schema\/logo\/image\/\"},\"sameAs\":[\"https:\/\/www.facebook.com\/compuviper\",\"https:\/\/www.youtube.com\/channel\/UCf73dERp9Y3cfOq7q8BhLjA?view_as=subscriber\"]}]}<\/script>\n<meta property=\"product:brand\" content=\"STARTECH.COM\" \/>\n<meta property=\"product:price:amount\" content=\"326\" \/>\n<meta property=\"product:price:currency\" content=\"MXN\" \/>\n<meta property=\"og:availability\" content=\"out of stock\" \/>\n<meta property=\"product:availability\" content=\"out of stock\" \/>\n<meta property=\"product:retailer_item_id\" content=\"PAC10120\" \/>\n<meta property=\"product:condition\" content=\"new\" \/>\n<!-- \/ Yoast SEO plugin. -->","yoast_head_json":{"title":"[ Startech.com ] &#129351; Pac10120 Cable De 6m De Extension De Alimentacion - Nema 5-15r A Nema 5-15p - 13a 125v, 16awg - Cable De Extension De Corriente Para Computadoras - Cable De Respuesto De Corriente - Ul","description":"Compra Pac10120 Cable De 6m De Extension De Alimentacion - Nema 5-15r A Nema 5-15p - 13a 125v, 16awg - Cable De Extension De Corriente Para Computadoras - Cable De Respuesto De Corriente - Ul + Env\u00edo a domicilio + Pago seguro + Garant\u00eda","robots":{"index":"index","follow":"follow","max-snippet":"max-snippet:-1","max-image-preview":"max-image-preview:large","max-video-preview":"max-video-preview:-1"},"canonical":"https:\/\/compuviper.mx\/tienda\/producto\/startech-com-pac10120-cable-de-6m-de-extension-de-alimentacion-nema-5-15r-a-nema-5-15p-13a-125v-16awg-cable-de-extension-de-corriente-para-computadoras-cable-de-respuesto-de-corriente-ul\/","og_locale":"es_MX","og_type":"article","og_title":"[ Startech.com ] &#129351; Pac10120 Cable De 6m De Extension De Alimentacion - Nema 5-15r A Nema 5-15p - 13a 125v, 16awg - Cable De Extension De Corriente Para Computadoras - Cable De Respuesto De Corriente - Ul","og_description":"Compra Pac10120 Cable De 6m De Extension De Alimentacion - Nema 5-15r A Nema 5-15p - 13a 125v, 16awg - Cable De Extension De Corriente Para Computadoras - Cable De Respuesto De Corriente - Ul + Env\u00edo a domicilio + Pago seguro + Garant\u00eda","og_url":"https:\/\/compuviper.mx\/tienda\/producto\/startech-com-pac10120-cable-de-6m-de-extension-de-alimentacion-nema-5-15r-a-nema-5-15p-13a-125v-16awg-cable-de-extension-de-corriente-para-computadoras-cable-de-respuesto-de-corriente-ul\/","og_site_name":"Compuviper","article_publisher":"https:\/\/www.facebook.com\/compuviper","og_image":[{"width":200,"height":200,"url":"https:\/\/compuviper.mx\/tienda\/wp-content\/uploads\/2023\/12\/Cable-de-6m-de-extension-de-alimentacion-nema-5-15r-a-nema-5-15p-13a-125v-16awg-cable-de-extension-de-corriente-para-computadoras-cable-de-respuesto-de-corriente-ul.jpg","type":"image\/jpeg"}],"twitter_card":"summary_large_image","twitter_misc":{"Precio":"&#36;326 con IVA","Availability":"Out of stock"},"schema":{"@context":"https:\/\/schema.org","@graph":[{"@type":"WebPage","@id":"https:\/\/compuviper.mx\/tienda\/producto\/startech-com-pac10120-cable-de-6m-de-extension-de-alimentacion-nema-5-15r-a-nema-5-15p-13a-125v-16awg-cable-de-extension-de-corriente-para-computadoras-cable-de-respuesto-de-corriente-ul\/","url":"https:\/\/compuviper.mx\/tienda\/producto\/startech-com-pac10120-cable-de-6m-de-extension-de-alimentacion-nema-5-15r-a-nema-5-15p-13a-125v-16awg-cable-de-extension-de-corriente-para-computadoras-cable-de-respuesto-de-corriente-ul\/","name":"[ Startech.com ] &#129351; Pac10120 Cable De 6m De Extension De Alimentacion - Nema 5-15r A Nema 5-15p - 13a 125v, 16awg - Cable De Extension De Corriente Para Computadoras - Cable De Respuesto De Corriente - Ul","isPartOf":{"@id":"https:\/\/compuviper.mx\/tienda\/#website"},"datePublished":"2026-04-11T05:40:42+00:00","dateModified":"2026-04-11T05:40:42+00:00","description":"Compra Pac10120 Cable De 6m De Extension De Alimentacion - Nema 5-15r A Nema 5-15p - 13a 125v, 16awg - Cable De Extension De Corriente Para Computadoras - Cable De Respuesto De Corriente - Ul + Env\u00edo a domicilio + Pago seguro + Garant\u00eda","breadcrumb":{"@id":"https:\/\/compuviper.mx\/tienda\/producto\/startech-com-pac10120-cable-de-6m-de-extension-de-alimentacion-nema-5-15r-a-nema-5-15p-13a-125v-16awg-cable-de-extension-de-corriente-para-computadoras-cable-de-respuesto-de-corriente-ul\/#breadcrumb"},"inLanguage":"es-MX","potentialAction":[{"@type":"ReadAction","target":["https:\/\/compuviper.mx\/tienda\/producto\/startech-com-pac10120-cable-de-6m-de-extension-de-alimentacion-nema-5-15r-a-nema-5-15p-13a-125v-16awg-cable-de-extension-de-corriente-para-computadoras-cable-de-respuesto-de-corriente-ul\/"]}]},{"@type":"BreadcrumbList","@id":"https:\/\/compuviper.mx\/tienda\/producto\/startech-com-pac10120-cable-de-6m-de-extension-de-alimentacion-nema-5-15r-a-nema-5-15p-13a-125v-16awg-cable-de-extension-de-corriente-para-computadoras-cable-de-respuesto-de-corriente-ul\/#breadcrumb","itemListElement":[{"@type":"ListItem","position":1,"name":"Inicio","item":"https:\/\/compuviper.mx\/tienda\/"},{"@type":"ListItem","position":2,"name":"Productos","item":"https:\/\/compuviper.mx\/tienda\/productos\/"},{"@type":"ListItem","position":3,"name":"Cables","item":"https:\/\/compuviper.mx\/tienda\/categoria-producto\/cables\/"},{"@type":"ListItem","position":4,"name":"Cable De Corriente","item":"https:\/\/compuviper.mx\/tienda\/categoria-producto\/cables\/cable-de-corriente\/"},{"@type":"ListItem","position":5,"name":"Startech.com Pac10120 Cable De 6m De Extension De Alimentacion &#8211; Nema 5-15r A Nema 5-15p &#8211; 13a 125v, 16awg &#8211; Cable De Extension De Corriente Para Computadoras &#8211; Cable De Respuesto De Corriente &#8211; Ul"}]},{"@type":"WebSite","@id":"https:\/\/compuviper.mx\/tienda\/#website","url":"https:\/\/compuviper.mx\/tienda\/","name":"Compuviper","description":"Proveedor de Computadoras, Laptops, Servidores, Monitores, Puntos de Venta, Teclados,   Impresoras, T\u00f3ner, C\u00e1maras de Seguridad y m\u00e1s en tu tienda en l\u00ednea","publisher":{"@id":"https:\/\/compuviper.mx\/tienda\/#organization"},"potentialAction":[{"@type":"SearchAction","target":{"@type":"EntryPoint","urlTemplate":"https:\/\/compuviper.mx\/tienda\/?s={search_term_string}"},"query-input":"required name=search_term_string"}],"inLanguage":"es-MX"},{"@type":"Organization","@id":"https:\/\/compuviper.mx\/tienda\/#organization","name":"Compuviper","url":"https:\/\/compuviper.mx\/tienda\/","logo":{"@type":"ImageObject","inLanguage":"es-MX","@id":"https:\/\/compuviper.mx\/tienda\/#\/schema\/logo\/image\/","url":"https:\/\/compuviper.mx\/tienda\/wp-content\/uploads\/2021\/08\/Logo-Compuviper-10.png","contentUrl":"https:\/\/compuviper.mx\/tienda\/wp-content\/uploads\/2021\/08\/Logo-Compuviper-10.png","width":1000,"height":500,"caption":"Compuviper"},"image":{"@id":"https:\/\/compuviper.mx\/tienda\/#\/schema\/logo\/image\/"},"sameAs":["https:\/\/www.facebook.com\/compuviper","https:\/\/www.youtube.com\/channel\/UCf73dERp9Y3cfOq7q8BhLjA?view_as=subscriber"]}]},"product_brand":"STARTECH.COM","product_price_amount":"326","product_price_currency":"MXN","og_availability":"out of stock","product_availability":"out of stock","product_retailer_item_id":"PAC10120","product_condition":"new"},"_links":{"self":[{"href":"https:\/\/compuviper.mx\/tienda\/wp-json\/wp\/v2\/product\/213796"}],"collection":[{"href":"https:\/\/compuviper.mx\/tienda\/wp-json\/wp\/v2\/product"}],"about":[{"href":"https:\/\/compuviper.mx\/tienda\/wp-json\/wp\/v2\/types\/product"}],"replies":[{"embeddable":true,"href":"https:\/\/compuviper.mx\/tienda\/wp-json\/wp\/v2\/comments?post=213796"}],"wp:featuredmedia":[{"embeddable":true,"href":"https:\/\/compuviper.mx\/tienda\/wp-json\/wp\/v2\/media\/213797"}],"wp:attachment":[{"href":"https:\/\/compuviper.mx\/tienda\/wp-json\/wp\/v2\/media?parent=213796"}],"wp:term":[{"taxonomy":"product_cat","embeddable":true,"href":"https:\/\/compuviper.mx\/tienda\/wp-json\/wp\/v2\/product_cat?post=213796"},{"taxonomy":"product_tag","embeddable":true,"href":"https:\/\/compuviper.mx\/tienda\/wp-json\/wp\/v2\/product_tag?post=213796"}],"curies":[{"name":"wp","href":"https:\/\/api.w.org\/{rel}","templated":true}]}}