{"id":213784,"date":"2026-04-10T23:40:39","date_gmt":"2026-04-11T05:40:39","guid":{"rendered":"https:\/\/compuviper.mx\/tienda\/producto\/startech-com-rhdmm2mp-cable-hdmi-de-2m-con-ethernet-de-alta-velocidad-4k-60hz-cable-hdmi-2-0-premium-para-uso-en-pantallas-o-tvs-mod\/"},"modified":"2026-04-10T23:40:39","modified_gmt":"2026-04-11T05:40:39","slug":"startech-com-rhdmm2mp-cable-hdmi-de-2m-con-ethernet-de-alta-velocidad-4k-60hz-cable-hdmi-2-0-premium-para-uso-en-pantallas-o-tvs-mod","status":"publish","type":"product","link":"https:\/\/compuviper.mx\/tienda\/producto\/startech-com-rhdmm2mp-cable-hdmi-de-2m-con-ethernet-de-alta-velocidad-4k-60hz-cable-hdmi-2-0-premium-para-uso-en-pantallas-o-tvs-mod\/","title":{"rendered":"Startech.com Rhdmm2mp Cable Hdmi De 2m Con Ethernet De Alta Velocidad &#8211; 4k 60hz &#8211; Cable Hdmi 2.0 Premium &#8211; Para Uso En Pantallas O Tvs &#8211;  Mod."},"content":{"rendered":"<table class=\"descripcion\">\n<tr>\n<td>Caracteristicas fisicas<\/td>\n<\/tr>\n<tr>\n<td>Altura: 7.000 mm<\/td>\n<\/tr>\n<tr>\n<td>Ancho: 17.000 mm<\/td>\n<\/tr>\n<tr>\n<td>Longitud: 2 m<\/td>\n<\/tr>\n<tr>\n<td>Calibre del conductor: 30 awg<\/td>\n<\/tr>\n<tr>\n<td>Color: negro<\/td>\n<\/tr>\n<tr>\n<td>Estilo de conector: recto<\/td>\n<\/tr>\n<tr>\n<td>Longitud del cable: 2 m<\/td>\n<\/tr>\n<tr>\n<td>Peso: 56.000 mg<\/td>\n<\/tr>\n<tr>\n<td>Conector(es)<\/td>\n<\/tr>\n<tr>\n<td>Conector a: hdmi (19 pines)<\/td>\n<\/tr>\n<tr>\n<td>Hardware<\/td>\n<\/tr>\n<tr>\n<td>Cable tipo jacket: pvc &#8211; polyvinyl chloride<\/td>\n<\/tr>\n<tr>\n<td>Revestimiento del conector: oro<\/td>\n<\/tr>\n<tr>\n<td>Tipo de cable blindado: l\u00e1mina de aluminio mylar con malla trenzada<\/td>\n<\/tr>\n<tr>\n<td>Rendimiento<\/td>\n<\/tr>\n<tr>\n<td>Especificaciones de audio : hasta 32 canales de audio con una frecuencia de muestreo de 1536hz<\/td>\n<\/tr>\n<\/table>\n","protected":false},"excerpt":{"rendered":"<p>Cable hdmi de alta velocidad con ethernet, resistente a las exigencias del uso diario debido a la conexi\u00f3n con sus dispositivos hdmi. Sometido a pruebas que garantizan su durabilidad ante desgastes extremos, este resistente cable es imprescindible en aplicaciones tanto de empresas, como de consumidores.?. Este cable hdmi certificado de calidad premium, est\u00e1 reforzado con fibra de aramida, lo cual lo protege de la tensi\u00f3n debida a torsiones y tiranteces frecuentes. Tambi\u00e9n le permite al cable flexibilidad, sin que se estire demasiado o se da\u00f1e el n\u00facleo del cable. El cable est\u00e1 fabricado para evitar que el conector se separe de su recubrimiento. El moldeado reductor de la tensi\u00f3n, de mayor longitud, se ha sometido a pruebas de resistencia a m\u00e1s de 10.000 ciclos de dobleces a un \u00e1ngulo de 180\u00b0.<\/p>\n","protected":false},"featured_media":213785,"comment_status":"open","ping_status":"open","template":"","meta":[],"product_cat":[1549,1550],"product_tag":[1590],"acf":[],"yoast_head":"<!-- This site is optimized with the Yoast SEO plugin v21.7 - https:\/\/yoast.com\/wordpress\/plugins\/seo\/ -->\n<title>[ Startech.com ] &#129351; Rhdmm2mp Cable Hdmi De 2m Con Ethernet De Alta Velocidad - 4k 60hz - Cable Hdmi 2.0 Premium - Para Uso En Pantallas O Tvs - Mod.<\/title>\n<meta name=\"description\" content=\"Compra Rhdmm2mp Cable Hdmi De 2m Con Ethernet De Alta Velocidad - 4k 60hz - Cable Hdmi 2.0 Premium - Para Uso En Pantallas O Tvs - Mod. + Env\u00edo a domicilio + Pago seguro + Garant\u00eda\" \/>\n<meta name=\"robots\" content=\"index, follow, max-snippet:-1, max-image-preview:large, max-video-preview:-1\" \/>\n<link rel=\"canonical\" href=\"https:\/\/compuviper.mx\/tienda\/producto\/startech-com-rhdmm2mp-cable-hdmi-de-2m-con-ethernet-de-alta-velocidad-4k-60hz-cable-hdmi-2-0-premium-para-uso-en-pantallas-o-tvs-mod\/\" \/>\n<meta property=\"og:locale\" content=\"es_MX\" \/>\n<meta property=\"og:type\" content=\"article\" \/>\n<meta property=\"og:title\" content=\"[ Startech.com ] &#129351; Rhdmm2mp Cable Hdmi De 2m Con Ethernet De Alta Velocidad - 4k 60hz - Cable Hdmi 2.0 Premium - Para Uso En Pantallas O Tvs - Mod.\" \/>\n<meta property=\"og:description\" content=\"Compra Rhdmm2mp Cable Hdmi De 2m Con Ethernet De Alta Velocidad - 4k 60hz - Cable Hdmi 2.0 Premium - Para Uso En Pantallas O Tvs - Mod. + Env\u00edo a domicilio + Pago seguro + Garant\u00eda\" \/>\n<meta property=\"og:url\" content=\"https:\/\/compuviper.mx\/tienda\/producto\/startech-com-rhdmm2mp-cable-hdmi-de-2m-con-ethernet-de-alta-velocidad-4k-60hz-cable-hdmi-2-0-premium-para-uso-en-pantallas-o-tvs-mod\/\" \/>\n<meta property=\"og:site_name\" content=\"Compuviper\" \/>\n<meta property=\"article:publisher\" content=\"https:\/\/www.facebook.com\/compuviper\" \/>\n<meta property=\"og:image\" content=\"https:\/\/compuviper.mx\/tienda\/wp-content\/uploads\/2023\/12\/Cable-hdmi-de-2m-con-ethernet-de-alta-velocidad-4k-60hz-cable-hdmi-2.0-premium-para-uso-en-pantallas-o-tvs-startech.com-mod.-rhdmm2mp.jpg\" \/>\n\t<meta property=\"og:image:width\" content=\"200\" \/>\n\t<meta property=\"og:image:height\" content=\"200\" \/>\n\t<meta property=\"og:image:type\" content=\"image\/jpeg\" \/>\n<meta name=\"twitter:card\" content=\"summary_large_image\" \/>\n<meta name=\"twitter:label1\" content=\"Precio\" \/>\n\t<meta name=\"twitter:data1\" content=\"&#36;368 con IVA\" \/>\n\t<meta name=\"twitter:label2\" content=\"Availability\" \/>\n\t<meta name=\"twitter:data2\" content=\"In stock\" \/>\n<script type=\"application\/ld+json\" class=\"yoast-schema-graph\">{\"@context\":\"https:\/\/schema.org\",\"@graph\":[{\"@type\":\"WebPage\",\"@id\":\"https:\/\/compuviper.mx\/tienda\/producto\/startech-com-rhdmm2mp-cable-hdmi-de-2m-con-ethernet-de-alta-velocidad-4k-60hz-cable-hdmi-2-0-premium-para-uso-en-pantallas-o-tvs-mod\/\",\"url\":\"https:\/\/compuviper.mx\/tienda\/producto\/startech-com-rhdmm2mp-cable-hdmi-de-2m-con-ethernet-de-alta-velocidad-4k-60hz-cable-hdmi-2-0-premium-para-uso-en-pantallas-o-tvs-mod\/\",\"name\":\"[ Startech.com ] &#129351; Rhdmm2mp Cable Hdmi De 2m Con Ethernet De Alta Velocidad - 4k 60hz - Cable Hdmi 2.0 Premium - Para Uso En Pantallas O Tvs - Mod.\",\"isPartOf\":{\"@id\":\"https:\/\/compuviper.mx\/tienda\/#website\"},\"datePublished\":\"2026-04-11T05:40:39+00:00\",\"dateModified\":\"2026-04-11T05:40:39+00:00\",\"description\":\"Compra Rhdmm2mp Cable Hdmi De 2m Con Ethernet De Alta Velocidad - 4k 60hz - Cable Hdmi 2.0 Premium - Para Uso En Pantallas O Tvs - Mod. + Env\u00edo a domicilio + Pago seguro + Garant\u00eda\",\"breadcrumb\":{\"@id\":\"https:\/\/compuviper.mx\/tienda\/producto\/startech-com-rhdmm2mp-cable-hdmi-de-2m-con-ethernet-de-alta-velocidad-4k-60hz-cable-hdmi-2-0-premium-para-uso-en-pantallas-o-tvs-mod\/#breadcrumb\"},\"inLanguage\":\"es-MX\",\"potentialAction\":[{\"@type\":\"ReadAction\",\"target\":[\"https:\/\/compuviper.mx\/tienda\/producto\/startech-com-rhdmm2mp-cable-hdmi-de-2m-con-ethernet-de-alta-velocidad-4k-60hz-cable-hdmi-2-0-premium-para-uso-en-pantallas-o-tvs-mod\/\"]}]},{\"@type\":\"BreadcrumbList\",\"@id\":\"https:\/\/compuviper.mx\/tienda\/producto\/startech-com-rhdmm2mp-cable-hdmi-de-2m-con-ethernet-de-alta-velocidad-4k-60hz-cable-hdmi-2-0-premium-para-uso-en-pantallas-o-tvs-mod\/#breadcrumb\",\"itemListElement\":[{\"@type\":\"ListItem\",\"position\":1,\"name\":\"Inicio\",\"item\":\"https:\/\/compuviper.mx\/tienda\/\"},{\"@type\":\"ListItem\",\"position\":2,\"name\":\"Productos\",\"item\":\"https:\/\/compuviper.mx\/tienda\/productos\/\"},{\"@type\":\"ListItem\",\"position\":3,\"name\":\"Cables\",\"item\":\"https:\/\/compuviper.mx\/tienda\/categoria-producto\/cables\/\"},{\"@type\":\"ListItem\",\"position\":4,\"name\":\"Cable De Video\",\"item\":\"https:\/\/compuviper.mx\/tienda\/categoria-producto\/cables\/cable-de-video\/\"},{\"@type\":\"ListItem\",\"position\":5,\"name\":\"Startech.com Rhdmm2mp Cable Hdmi De 2m Con Ethernet De Alta Velocidad &#8211; 4k 60hz &#8211; Cable Hdmi 2.0 Premium &#8211; Para Uso En Pantallas O Tvs &#8211; Mod.\"}]},{\"@type\":\"WebSite\",\"@id\":\"https:\/\/compuviper.mx\/tienda\/#website\",\"url\":\"https:\/\/compuviper.mx\/tienda\/\",\"name\":\"Compuviper\",\"description\":\"Proveedor de Computadoras, Laptops, Servidores, Monitores, Puntos de Venta, Teclados,   Impresoras, T\u00f3ner, C\u00e1maras de Seguridad y m\u00e1s en tu tienda en l\u00ednea\",\"publisher\":{\"@id\":\"https:\/\/compuviper.mx\/tienda\/#organization\"},\"potentialAction\":[{\"@type\":\"SearchAction\",\"target\":{\"@type\":\"EntryPoint\",\"urlTemplate\":\"https:\/\/compuviper.mx\/tienda\/?s={search_term_string}\"},\"query-input\":\"required name=search_term_string\"}],\"inLanguage\":\"es-MX\"},{\"@type\":\"Organization\",\"@id\":\"https:\/\/compuviper.mx\/tienda\/#organization\",\"name\":\"Compuviper\",\"url\":\"https:\/\/compuviper.mx\/tienda\/\",\"logo\":{\"@type\":\"ImageObject\",\"inLanguage\":\"es-MX\",\"@id\":\"https:\/\/compuviper.mx\/tienda\/#\/schema\/logo\/image\/\",\"url\":\"https:\/\/compuviper.mx\/tienda\/wp-content\/uploads\/2021\/08\/Logo-Compuviper-10.png\",\"contentUrl\":\"https:\/\/compuviper.mx\/tienda\/wp-content\/uploads\/2021\/08\/Logo-Compuviper-10.png\",\"width\":1000,\"height\":500,\"caption\":\"Compuviper\"},\"image\":{\"@id\":\"https:\/\/compuviper.mx\/tienda\/#\/schema\/logo\/image\/\"},\"sameAs\":[\"https:\/\/www.facebook.com\/compuviper\",\"https:\/\/www.youtube.com\/channel\/UCf73dERp9Y3cfOq7q8BhLjA?view_as=subscriber\"]}]}<\/script>\n<meta property=\"product:brand\" content=\"STARTECH.COM\" \/>\n<meta property=\"product:price:amount\" content=\"368\" \/>\n<meta property=\"product:price:currency\" content=\"MXN\" \/>\n<meta property=\"og:availability\" content=\"instock\" \/>\n<meta property=\"product:availability\" content=\"instock\" \/>\n<meta property=\"product:retailer_item_id\" content=\"RHDMM2MP\" \/>\n<meta property=\"product:condition\" content=\"new\" \/>\n<!-- \/ Yoast SEO plugin. -->","yoast_head_json":{"title":"[ Startech.com ] &#129351; Rhdmm2mp Cable Hdmi De 2m Con Ethernet De Alta Velocidad - 4k 60hz - Cable Hdmi 2.0 Premium - Para Uso En Pantallas O Tvs - Mod.","description":"Compra Rhdmm2mp Cable Hdmi De 2m Con Ethernet De Alta Velocidad - 4k 60hz - Cable Hdmi 2.0 Premium - Para Uso En Pantallas O Tvs - Mod. + Env\u00edo a domicilio + Pago seguro + Garant\u00eda","robots":{"index":"index","follow":"follow","max-snippet":"max-snippet:-1","max-image-preview":"max-image-preview:large","max-video-preview":"max-video-preview:-1"},"canonical":"https:\/\/compuviper.mx\/tienda\/producto\/startech-com-rhdmm2mp-cable-hdmi-de-2m-con-ethernet-de-alta-velocidad-4k-60hz-cable-hdmi-2-0-premium-para-uso-en-pantallas-o-tvs-mod\/","og_locale":"es_MX","og_type":"article","og_title":"[ Startech.com ] &#129351; Rhdmm2mp Cable Hdmi De 2m Con Ethernet De Alta Velocidad - 4k 60hz - Cable Hdmi 2.0 Premium - Para Uso En Pantallas O Tvs - Mod.","og_description":"Compra Rhdmm2mp Cable Hdmi De 2m Con Ethernet De Alta Velocidad - 4k 60hz - Cable Hdmi 2.0 Premium - Para Uso En Pantallas O Tvs - Mod. + Env\u00edo a domicilio + Pago seguro + Garant\u00eda","og_url":"https:\/\/compuviper.mx\/tienda\/producto\/startech-com-rhdmm2mp-cable-hdmi-de-2m-con-ethernet-de-alta-velocidad-4k-60hz-cable-hdmi-2-0-premium-para-uso-en-pantallas-o-tvs-mod\/","og_site_name":"Compuviper","article_publisher":"https:\/\/www.facebook.com\/compuviper","og_image":[{"width":200,"height":200,"url":"https:\/\/compuviper.mx\/tienda\/wp-content\/uploads\/2023\/12\/Cable-hdmi-de-2m-con-ethernet-de-alta-velocidad-4k-60hz-cable-hdmi-2.0-premium-para-uso-en-pantallas-o-tvs-startech.com-mod.-rhdmm2mp.jpg","type":"image\/jpeg"}],"twitter_card":"summary_large_image","twitter_misc":{"Precio":"&#36;368 con IVA","Availability":"In stock"},"schema":{"@context":"https:\/\/schema.org","@graph":[{"@type":"WebPage","@id":"https:\/\/compuviper.mx\/tienda\/producto\/startech-com-rhdmm2mp-cable-hdmi-de-2m-con-ethernet-de-alta-velocidad-4k-60hz-cable-hdmi-2-0-premium-para-uso-en-pantallas-o-tvs-mod\/","url":"https:\/\/compuviper.mx\/tienda\/producto\/startech-com-rhdmm2mp-cable-hdmi-de-2m-con-ethernet-de-alta-velocidad-4k-60hz-cable-hdmi-2-0-premium-para-uso-en-pantallas-o-tvs-mod\/","name":"[ Startech.com ] &#129351; Rhdmm2mp Cable Hdmi De 2m Con Ethernet De Alta Velocidad - 4k 60hz - Cable Hdmi 2.0 Premium - Para Uso En Pantallas O Tvs - Mod.","isPartOf":{"@id":"https:\/\/compuviper.mx\/tienda\/#website"},"datePublished":"2026-04-11T05:40:39+00:00","dateModified":"2026-04-11T05:40:39+00:00","description":"Compra Rhdmm2mp Cable Hdmi De 2m Con Ethernet De Alta Velocidad - 4k 60hz - Cable Hdmi 2.0 Premium - Para Uso En Pantallas O Tvs - Mod. + Env\u00edo a domicilio + Pago seguro + Garant\u00eda","breadcrumb":{"@id":"https:\/\/compuviper.mx\/tienda\/producto\/startech-com-rhdmm2mp-cable-hdmi-de-2m-con-ethernet-de-alta-velocidad-4k-60hz-cable-hdmi-2-0-premium-para-uso-en-pantallas-o-tvs-mod\/#breadcrumb"},"inLanguage":"es-MX","potentialAction":[{"@type":"ReadAction","target":["https:\/\/compuviper.mx\/tienda\/producto\/startech-com-rhdmm2mp-cable-hdmi-de-2m-con-ethernet-de-alta-velocidad-4k-60hz-cable-hdmi-2-0-premium-para-uso-en-pantallas-o-tvs-mod\/"]}]},{"@type":"BreadcrumbList","@id":"https:\/\/compuviper.mx\/tienda\/producto\/startech-com-rhdmm2mp-cable-hdmi-de-2m-con-ethernet-de-alta-velocidad-4k-60hz-cable-hdmi-2-0-premium-para-uso-en-pantallas-o-tvs-mod\/#breadcrumb","itemListElement":[{"@type":"ListItem","position":1,"name":"Inicio","item":"https:\/\/compuviper.mx\/tienda\/"},{"@type":"ListItem","position":2,"name":"Productos","item":"https:\/\/compuviper.mx\/tienda\/productos\/"},{"@type":"ListItem","position":3,"name":"Cables","item":"https:\/\/compuviper.mx\/tienda\/categoria-producto\/cables\/"},{"@type":"ListItem","position":4,"name":"Cable De Video","item":"https:\/\/compuviper.mx\/tienda\/categoria-producto\/cables\/cable-de-video\/"},{"@type":"ListItem","position":5,"name":"Startech.com Rhdmm2mp Cable Hdmi De 2m Con Ethernet De Alta Velocidad &#8211; 4k 60hz &#8211; Cable Hdmi 2.0 Premium &#8211; Para Uso En Pantallas O Tvs &#8211; Mod."}]},{"@type":"WebSite","@id":"https:\/\/compuviper.mx\/tienda\/#website","url":"https:\/\/compuviper.mx\/tienda\/","name":"Compuviper","description":"Proveedor de Computadoras, Laptops, Servidores, Monitores, Puntos de Venta, Teclados,   Impresoras, T\u00f3ner, C\u00e1maras de Seguridad y m\u00e1s en tu tienda en l\u00ednea","publisher":{"@id":"https:\/\/compuviper.mx\/tienda\/#organization"},"potentialAction":[{"@type":"SearchAction","target":{"@type":"EntryPoint","urlTemplate":"https:\/\/compuviper.mx\/tienda\/?s={search_term_string}"},"query-input":"required name=search_term_string"}],"inLanguage":"es-MX"},{"@type":"Organization","@id":"https:\/\/compuviper.mx\/tienda\/#organization","name":"Compuviper","url":"https:\/\/compuviper.mx\/tienda\/","logo":{"@type":"ImageObject","inLanguage":"es-MX","@id":"https:\/\/compuviper.mx\/tienda\/#\/schema\/logo\/image\/","url":"https:\/\/compuviper.mx\/tienda\/wp-content\/uploads\/2021\/08\/Logo-Compuviper-10.png","contentUrl":"https:\/\/compuviper.mx\/tienda\/wp-content\/uploads\/2021\/08\/Logo-Compuviper-10.png","width":1000,"height":500,"caption":"Compuviper"},"image":{"@id":"https:\/\/compuviper.mx\/tienda\/#\/schema\/logo\/image\/"},"sameAs":["https:\/\/www.facebook.com\/compuviper","https:\/\/www.youtube.com\/channel\/UCf73dERp9Y3cfOq7q8BhLjA?view_as=subscriber"]}]},"product_brand":"STARTECH.COM","product_price_amount":"368","product_price_currency":"MXN","og_availability":"instock","product_availability":"instock","product_retailer_item_id":"RHDMM2MP","product_condition":"new"},"_links":{"self":[{"href":"https:\/\/compuviper.mx\/tienda\/wp-json\/wp\/v2\/product\/213784"}],"collection":[{"href":"https:\/\/compuviper.mx\/tienda\/wp-json\/wp\/v2\/product"}],"about":[{"href":"https:\/\/compuviper.mx\/tienda\/wp-json\/wp\/v2\/types\/product"}],"replies":[{"embeddable":true,"href":"https:\/\/compuviper.mx\/tienda\/wp-json\/wp\/v2\/comments?post=213784"}],"wp:featuredmedia":[{"embeddable":true,"href":"https:\/\/compuviper.mx\/tienda\/wp-json\/wp\/v2\/media\/213785"}],"wp:attachment":[{"href":"https:\/\/compuviper.mx\/tienda\/wp-json\/wp\/v2\/media?parent=213784"}],"wp:term":[{"taxonomy":"product_cat","embeddable":true,"href":"https:\/\/compuviper.mx\/tienda\/wp-json\/wp\/v2\/product_cat?post=213784"},{"taxonomy":"product_tag","embeddable":true,"href":"https:\/\/compuviper.mx\/tienda\/wp-json\/wp\/v2\/product_tag?post=213784"}],"curies":[{"name":"wp","href":"https:\/\/api.w.org\/{rel}","templated":true}]}}