{"id":213708,"date":"2026-04-10T23:40:26","date_gmt":"2026-04-11T05:40:26","guid":{"rendered":"https:\/\/compuviper.mx\/tienda\/producto\/startech-com-hdmm20ma-cable-hdmi-de-20m-de-alta-velocidad-activo-cl2-24awg-cable-hdmi-de-instalacin-de-pared-ultrahd-4kx2k-mod\/"},"modified":"2026-04-10T23:40:26","modified_gmt":"2026-04-11T05:40:26","slug":"startech-com-hdmm20ma-cable-hdmi-de-20m-de-alta-velocidad-activo-cl2-24awg-cable-hdmi-de-instalacin-de-pared-ultrahd-4kx2k-mod","status":"publish","type":"product","link":"https:\/\/compuviper.mx\/tienda\/producto\/startech-com-hdmm20ma-cable-hdmi-de-20m-de-alta-velocidad-activo-cl2-24awg-cable-hdmi-de-instalacin-de-pared-ultrahd-4kx2k-mod\/","title":{"rendered":"Startech.com Hdmm20ma Cable Hdmi De 20m De Alta Velocidad Activo Cl2 24awg &#8211; Cable Hdmi De Instalacin De Pared Ultrahd 4kx2k &#8211;  Mod."},"content":{"rendered":"<table class=\"descripcion\">\n<tr>\n<td>Contenido de la caja<\/td>\n<\/tr>\n<tr>\n<td>Incluido en la caja : cable hdmi\u00ae de alta velocidad cl2 activo para instalaci\u00f3n en pared de 20 m &#8211; hdmi &#8211; m\/m<\/td>\n<\/tr>\n<tr>\n<td>Hardware<\/td>\n<\/tr>\n<tr>\n<td>Cable tipo jacket : pvc &#8211; polyvinyl chloride<\/td>\n<\/tr>\n<tr>\n<td>Grado de inflamabilidad : clasificaci\u00f3n cl2<\/td>\n<\/tr>\n<tr>\n<td>Id del conjunto de chips : redmere &#8211; rm1691<\/td>\n<\/tr>\n<tr>\n<td>Revestimiento del conector  : oro<\/td>\n<\/tr>\n<tr>\n<td>Tipo de cable blindado : l\u00e1mina de aluminio mylar con malla trenzada<\/td>\n<\/tr>\n<tr>\n<td>Rendimiento<\/td>\n<\/tr>\n<tr>\n<td>Resoluci\u00f3n digital m\u00e1xima : 4k x 2k @ 30 hz<\/td>\n<\/tr>\n<tr>\n<td>Conector(es)<\/td>\n<\/tr>\n<tr>\n<td>Conector b : hdmi (19 pines)<\/td>\n<\/tr>\n<tr>\n<td>Conector a : hdmi (19 pines)<\/td>\n<\/tr>\n<tr>\n<td>Caracter\u00edsticas f\u00edsicas<\/td>\n<\/tr>\n<tr>\n<td>Peso del producto : 1.4 kg<\/td>\n<\/tr>\n<tr>\n<td>Longitud del producto : 20 m<\/td>\n<\/tr>\n<tr>\n<td>Longitud del cable : 20 m<\/td>\n<\/tr>\n<tr>\n<td>Estilo de conector : recto<\/td>\n<\/tr>\n<tr>\n<td>Color : negro<\/td>\n<\/tr>\n<tr>\n<td>Calibre del conductor : 24 awg<\/td>\n<\/tr>\n<tr>\n<td>Cable od : 8.5 mm<\/td>\n<\/tr>\n<tr>\n<td>Ancho del producto : 20 mm<\/td>\n<\/tr>\n<tr>\n<td>Altura del producto : 0.9 cm<\/td>\n<\/tr>\n<\/table>\n","protected":false},"excerpt":{"rendered":"<p>Este cable hdmi activo permite conexiones a una distancia de hasta 20\u00a0metros entre los dispositivos equipados con hdmi. Cumple con los requisitos de seguridad para categor\u00eda cl2, lo cual resulta ideal en instalaciones de cables en pared en entornos\u00a0dom\u00e9sticos o de oficinas. Adem\u00e1s, el cable incluye circuitos de amplificaci\u00f3n integrados que amplifican activamente su se\u00f1al hdmi sin que se requiera una fuente de alimentaci\u00f3n externa.?. El cable hdmi est\u00e1 homologado para la categor\u00eda cl2 de instalaciones en pared, lo cual resulta ideal para las instalaciones relacionadas con equipo audiovisual en entornos residenciales o de oficina. Este cable hdmi de alta calidad es compatible totalmente con las resoluciones de 1080p+ hasta 120hz de frecuencia de barrido, con colores reales. Nota:\u00a0el cable tiene un dise\u00f1o unidireccional que requiere que sea instalado en la direcci\u00f3n correcta.<\/p>\n","protected":false},"featured_media":213709,"comment_status":"open","ping_status":"open","template":"","meta":[],"product_cat":[1549,1550],"product_tag":[1590],"acf":[],"yoast_head":"<!-- This site is optimized with the Yoast SEO plugin v21.7 - https:\/\/yoast.com\/wordpress\/plugins\/seo\/ -->\n<title>[ Startech.com ] &#129351; Hdmm20ma Cable Hdmi De 20m De Alta Velocidad Activo Cl2 24awg - Cable Hdmi De Instalacin De Pared Ultrahd 4kx2k - Mod.<\/title>\n<meta name=\"description\" content=\"Compra Hdmm20ma Cable Hdmi De 20m De Alta Velocidad Activo Cl2 24awg - Cable Hdmi De Instalacin De Pared Ultrahd 4kx2k - Mod. + Env\u00edo a domicilio + Pago seguro + Garant\u00eda\" \/>\n<meta name=\"robots\" content=\"index, follow, max-snippet:-1, max-image-preview:large, max-video-preview:-1\" \/>\n<link rel=\"canonical\" href=\"https:\/\/compuviper.mx\/tienda\/producto\/startech-com-hdmm20ma-cable-hdmi-de-20m-de-alta-velocidad-activo-cl2-24awg-cable-hdmi-de-instalacin-de-pared-ultrahd-4kx2k-mod\/\" \/>\n<meta property=\"og:locale\" content=\"es_MX\" \/>\n<meta property=\"og:type\" content=\"article\" \/>\n<meta property=\"og:title\" content=\"[ Startech.com ] &#129351; Hdmm20ma Cable Hdmi De 20m De Alta Velocidad Activo Cl2 24awg - Cable Hdmi De Instalacin De Pared Ultrahd 4kx2k - Mod.\" \/>\n<meta property=\"og:description\" content=\"Compra Hdmm20ma Cable Hdmi De 20m De Alta Velocidad Activo Cl2 24awg - Cable Hdmi De Instalacin De Pared Ultrahd 4kx2k - Mod. + Env\u00edo a domicilio + Pago seguro + Garant\u00eda\" \/>\n<meta property=\"og:url\" content=\"https:\/\/compuviper.mx\/tienda\/producto\/startech-com-hdmm20ma-cable-hdmi-de-20m-de-alta-velocidad-activo-cl2-24awg-cable-hdmi-de-instalacin-de-pared-ultrahd-4kx2k-mod\/\" \/>\n<meta property=\"og:site_name\" content=\"Compuviper\" \/>\n<meta property=\"article:publisher\" content=\"https:\/\/www.facebook.com\/compuviper\" \/>\n<meta property=\"og:image\" content=\"https:\/\/compuviper.mx\/tienda\/wp-content\/uploads\/2023\/12\/Cable-hdmi-de-20m-de-alta-velocidad-activo-cl2-24awg-cable-hdmi-de-instalacion-de-pared-ultrahd-4kx2k-startech.com-mod.-hdmm20ma.jpg\" \/>\n\t<meta property=\"og:image:width\" content=\"200\" \/>\n\t<meta property=\"og:image:height\" content=\"200\" \/>\n\t<meta property=\"og:image:type\" content=\"image\/jpeg\" \/>\n<meta name=\"twitter:card\" content=\"summary_large_image\" \/>\n<meta name=\"twitter:label1\" content=\"Precio\" \/>\n\t<meta name=\"twitter:data1\" content=\"&#36;1,931 con IVA\" \/>\n\t<meta name=\"twitter:label2\" content=\"Availability\" \/>\n\t<meta name=\"twitter:data2\" content=\"Out of stock\" \/>\n<script type=\"application\/ld+json\" class=\"yoast-schema-graph\">{\"@context\":\"https:\/\/schema.org\",\"@graph\":[{\"@type\":\"WebPage\",\"@id\":\"https:\/\/compuviper.mx\/tienda\/producto\/startech-com-hdmm20ma-cable-hdmi-de-20m-de-alta-velocidad-activo-cl2-24awg-cable-hdmi-de-instalacin-de-pared-ultrahd-4kx2k-mod\/\",\"url\":\"https:\/\/compuviper.mx\/tienda\/producto\/startech-com-hdmm20ma-cable-hdmi-de-20m-de-alta-velocidad-activo-cl2-24awg-cable-hdmi-de-instalacin-de-pared-ultrahd-4kx2k-mod\/\",\"name\":\"[ Startech.com ] &#129351; Hdmm20ma Cable Hdmi De 20m De Alta Velocidad Activo Cl2 24awg - Cable Hdmi De Instalacin De Pared Ultrahd 4kx2k - Mod.\",\"isPartOf\":{\"@id\":\"https:\/\/compuviper.mx\/tienda\/#website\"},\"datePublished\":\"2026-04-11T05:40:26+00:00\",\"dateModified\":\"2026-04-11T05:40:26+00:00\",\"description\":\"Compra Hdmm20ma Cable Hdmi De 20m De Alta Velocidad Activo Cl2 24awg - Cable Hdmi De Instalacin De Pared Ultrahd 4kx2k - Mod. + Env\u00edo a domicilio + Pago seguro + Garant\u00eda\",\"breadcrumb\":{\"@id\":\"https:\/\/compuviper.mx\/tienda\/producto\/startech-com-hdmm20ma-cable-hdmi-de-20m-de-alta-velocidad-activo-cl2-24awg-cable-hdmi-de-instalacin-de-pared-ultrahd-4kx2k-mod\/#breadcrumb\"},\"inLanguage\":\"es-MX\",\"potentialAction\":[{\"@type\":\"ReadAction\",\"target\":[\"https:\/\/compuviper.mx\/tienda\/producto\/startech-com-hdmm20ma-cable-hdmi-de-20m-de-alta-velocidad-activo-cl2-24awg-cable-hdmi-de-instalacin-de-pared-ultrahd-4kx2k-mod\/\"]}]},{\"@type\":\"BreadcrumbList\",\"@id\":\"https:\/\/compuviper.mx\/tienda\/producto\/startech-com-hdmm20ma-cable-hdmi-de-20m-de-alta-velocidad-activo-cl2-24awg-cable-hdmi-de-instalacin-de-pared-ultrahd-4kx2k-mod\/#breadcrumb\",\"itemListElement\":[{\"@type\":\"ListItem\",\"position\":1,\"name\":\"Inicio\",\"item\":\"https:\/\/compuviper.mx\/tienda\/\"},{\"@type\":\"ListItem\",\"position\":2,\"name\":\"Productos\",\"item\":\"https:\/\/compuviper.mx\/tienda\/productos\/\"},{\"@type\":\"ListItem\",\"position\":3,\"name\":\"Cables\",\"item\":\"https:\/\/compuviper.mx\/tienda\/categoria-producto\/cables\/\"},{\"@type\":\"ListItem\",\"position\":4,\"name\":\"Cable De Video\",\"item\":\"https:\/\/compuviper.mx\/tienda\/categoria-producto\/cables\/cable-de-video\/\"},{\"@type\":\"ListItem\",\"position\":5,\"name\":\"Startech.com Hdmm20ma Cable Hdmi De 20m De Alta Velocidad Activo Cl2 24awg &#8211; Cable Hdmi De Instalacin De Pared Ultrahd 4kx2k &#8211; Mod.\"}]},{\"@type\":\"WebSite\",\"@id\":\"https:\/\/compuviper.mx\/tienda\/#website\",\"url\":\"https:\/\/compuviper.mx\/tienda\/\",\"name\":\"Compuviper\",\"description\":\"Proveedor de Computadoras, Laptops, Servidores, Monitores, Puntos de Venta, Teclados,   Impresoras, T\u00f3ner, C\u00e1maras de Seguridad y m\u00e1s en tu tienda en l\u00ednea\",\"publisher\":{\"@id\":\"https:\/\/compuviper.mx\/tienda\/#organization\"},\"potentialAction\":[{\"@type\":\"SearchAction\",\"target\":{\"@type\":\"EntryPoint\",\"urlTemplate\":\"https:\/\/compuviper.mx\/tienda\/?s={search_term_string}\"},\"query-input\":\"required name=search_term_string\"}],\"inLanguage\":\"es-MX\"},{\"@type\":\"Organization\",\"@id\":\"https:\/\/compuviper.mx\/tienda\/#organization\",\"name\":\"Compuviper\",\"url\":\"https:\/\/compuviper.mx\/tienda\/\",\"logo\":{\"@type\":\"ImageObject\",\"inLanguage\":\"es-MX\",\"@id\":\"https:\/\/compuviper.mx\/tienda\/#\/schema\/logo\/image\/\",\"url\":\"https:\/\/compuviper.mx\/tienda\/wp-content\/uploads\/2021\/08\/Logo-Compuviper-10.png\",\"contentUrl\":\"https:\/\/compuviper.mx\/tienda\/wp-content\/uploads\/2021\/08\/Logo-Compuviper-10.png\",\"width\":1000,\"height\":500,\"caption\":\"Compuviper\"},\"image\":{\"@id\":\"https:\/\/compuviper.mx\/tienda\/#\/schema\/logo\/image\/\"},\"sameAs\":[\"https:\/\/www.facebook.com\/compuviper\",\"https:\/\/www.youtube.com\/channel\/UCf73dERp9Y3cfOq7q8BhLjA?view_as=subscriber\"]}]}<\/script>\n<meta property=\"product:brand\" content=\"STARTECH.COM\" \/>\n<meta property=\"product:price:amount\" content=\"1931\" \/>\n<meta property=\"product:price:currency\" content=\"MXN\" \/>\n<meta property=\"og:availability\" content=\"out of stock\" \/>\n<meta property=\"product:availability\" content=\"out of stock\" \/>\n<meta property=\"product:retailer_item_id\" content=\"HDMM20MA\" \/>\n<meta property=\"product:condition\" content=\"new\" \/>\n<!-- \/ Yoast SEO plugin. -->","yoast_head_json":{"title":"[ Startech.com ] &#129351; Hdmm20ma Cable Hdmi De 20m De Alta Velocidad Activo Cl2 24awg - Cable Hdmi De Instalacin De Pared Ultrahd 4kx2k - Mod.","description":"Compra Hdmm20ma Cable Hdmi De 20m De Alta Velocidad Activo Cl2 24awg - Cable Hdmi De Instalacin De Pared Ultrahd 4kx2k - Mod. + Env\u00edo a domicilio + Pago seguro + Garant\u00eda","robots":{"index":"index","follow":"follow","max-snippet":"max-snippet:-1","max-image-preview":"max-image-preview:large","max-video-preview":"max-video-preview:-1"},"canonical":"https:\/\/compuviper.mx\/tienda\/producto\/startech-com-hdmm20ma-cable-hdmi-de-20m-de-alta-velocidad-activo-cl2-24awg-cable-hdmi-de-instalacin-de-pared-ultrahd-4kx2k-mod\/","og_locale":"es_MX","og_type":"article","og_title":"[ Startech.com ] &#129351; Hdmm20ma Cable Hdmi De 20m De Alta Velocidad Activo Cl2 24awg - Cable Hdmi De Instalacin De Pared Ultrahd 4kx2k - Mod.","og_description":"Compra Hdmm20ma Cable Hdmi De 20m De Alta Velocidad Activo Cl2 24awg - Cable Hdmi De Instalacin De Pared Ultrahd 4kx2k - Mod. + Env\u00edo a domicilio + Pago seguro + Garant\u00eda","og_url":"https:\/\/compuviper.mx\/tienda\/producto\/startech-com-hdmm20ma-cable-hdmi-de-20m-de-alta-velocidad-activo-cl2-24awg-cable-hdmi-de-instalacin-de-pared-ultrahd-4kx2k-mod\/","og_site_name":"Compuviper","article_publisher":"https:\/\/www.facebook.com\/compuviper","og_image":[{"width":200,"height":200,"url":"https:\/\/compuviper.mx\/tienda\/wp-content\/uploads\/2023\/12\/Cable-hdmi-de-20m-de-alta-velocidad-activo-cl2-24awg-cable-hdmi-de-instalacion-de-pared-ultrahd-4kx2k-startech.com-mod.-hdmm20ma.jpg","type":"image\/jpeg"}],"twitter_card":"summary_large_image","twitter_misc":{"Precio":"&#36;1,931 con IVA","Availability":"Out of stock"},"schema":{"@context":"https:\/\/schema.org","@graph":[{"@type":"WebPage","@id":"https:\/\/compuviper.mx\/tienda\/producto\/startech-com-hdmm20ma-cable-hdmi-de-20m-de-alta-velocidad-activo-cl2-24awg-cable-hdmi-de-instalacin-de-pared-ultrahd-4kx2k-mod\/","url":"https:\/\/compuviper.mx\/tienda\/producto\/startech-com-hdmm20ma-cable-hdmi-de-20m-de-alta-velocidad-activo-cl2-24awg-cable-hdmi-de-instalacin-de-pared-ultrahd-4kx2k-mod\/","name":"[ Startech.com ] &#129351; Hdmm20ma Cable Hdmi De 20m De Alta Velocidad Activo Cl2 24awg - Cable Hdmi De Instalacin De Pared Ultrahd 4kx2k - Mod.","isPartOf":{"@id":"https:\/\/compuviper.mx\/tienda\/#website"},"datePublished":"2026-04-11T05:40:26+00:00","dateModified":"2026-04-11T05:40:26+00:00","description":"Compra Hdmm20ma Cable Hdmi De 20m De Alta Velocidad Activo Cl2 24awg - Cable Hdmi De Instalacin De Pared Ultrahd 4kx2k - Mod. + Env\u00edo a domicilio + Pago seguro + Garant\u00eda","breadcrumb":{"@id":"https:\/\/compuviper.mx\/tienda\/producto\/startech-com-hdmm20ma-cable-hdmi-de-20m-de-alta-velocidad-activo-cl2-24awg-cable-hdmi-de-instalacin-de-pared-ultrahd-4kx2k-mod\/#breadcrumb"},"inLanguage":"es-MX","potentialAction":[{"@type":"ReadAction","target":["https:\/\/compuviper.mx\/tienda\/producto\/startech-com-hdmm20ma-cable-hdmi-de-20m-de-alta-velocidad-activo-cl2-24awg-cable-hdmi-de-instalacin-de-pared-ultrahd-4kx2k-mod\/"]}]},{"@type":"BreadcrumbList","@id":"https:\/\/compuviper.mx\/tienda\/producto\/startech-com-hdmm20ma-cable-hdmi-de-20m-de-alta-velocidad-activo-cl2-24awg-cable-hdmi-de-instalacin-de-pared-ultrahd-4kx2k-mod\/#breadcrumb","itemListElement":[{"@type":"ListItem","position":1,"name":"Inicio","item":"https:\/\/compuviper.mx\/tienda\/"},{"@type":"ListItem","position":2,"name":"Productos","item":"https:\/\/compuviper.mx\/tienda\/productos\/"},{"@type":"ListItem","position":3,"name":"Cables","item":"https:\/\/compuviper.mx\/tienda\/categoria-producto\/cables\/"},{"@type":"ListItem","position":4,"name":"Cable De Video","item":"https:\/\/compuviper.mx\/tienda\/categoria-producto\/cables\/cable-de-video\/"},{"@type":"ListItem","position":5,"name":"Startech.com Hdmm20ma Cable Hdmi De 20m De Alta Velocidad Activo Cl2 24awg &#8211; Cable Hdmi De Instalacin De Pared Ultrahd 4kx2k &#8211; Mod."}]},{"@type":"WebSite","@id":"https:\/\/compuviper.mx\/tienda\/#website","url":"https:\/\/compuviper.mx\/tienda\/","name":"Compuviper","description":"Proveedor de Computadoras, Laptops, Servidores, Monitores, Puntos de Venta, Teclados,   Impresoras, T\u00f3ner, C\u00e1maras de Seguridad y m\u00e1s en tu tienda en l\u00ednea","publisher":{"@id":"https:\/\/compuviper.mx\/tienda\/#organization"},"potentialAction":[{"@type":"SearchAction","target":{"@type":"EntryPoint","urlTemplate":"https:\/\/compuviper.mx\/tienda\/?s={search_term_string}"},"query-input":"required name=search_term_string"}],"inLanguage":"es-MX"},{"@type":"Organization","@id":"https:\/\/compuviper.mx\/tienda\/#organization","name":"Compuviper","url":"https:\/\/compuviper.mx\/tienda\/","logo":{"@type":"ImageObject","inLanguage":"es-MX","@id":"https:\/\/compuviper.mx\/tienda\/#\/schema\/logo\/image\/","url":"https:\/\/compuviper.mx\/tienda\/wp-content\/uploads\/2021\/08\/Logo-Compuviper-10.png","contentUrl":"https:\/\/compuviper.mx\/tienda\/wp-content\/uploads\/2021\/08\/Logo-Compuviper-10.png","width":1000,"height":500,"caption":"Compuviper"},"image":{"@id":"https:\/\/compuviper.mx\/tienda\/#\/schema\/logo\/image\/"},"sameAs":["https:\/\/www.facebook.com\/compuviper","https:\/\/www.youtube.com\/channel\/UCf73dERp9Y3cfOq7q8BhLjA?view_as=subscriber"]}]},"product_brand":"STARTECH.COM","product_price_amount":"1931","product_price_currency":"MXN","og_availability":"out of stock","product_availability":"out of stock","product_retailer_item_id":"HDMM20MA","product_condition":"new"},"_links":{"self":[{"href":"https:\/\/compuviper.mx\/tienda\/wp-json\/wp\/v2\/product\/213708"}],"collection":[{"href":"https:\/\/compuviper.mx\/tienda\/wp-json\/wp\/v2\/product"}],"about":[{"href":"https:\/\/compuviper.mx\/tienda\/wp-json\/wp\/v2\/types\/product"}],"replies":[{"embeddable":true,"href":"https:\/\/compuviper.mx\/tienda\/wp-json\/wp\/v2\/comments?post=213708"}],"wp:featuredmedia":[{"embeddable":true,"href":"https:\/\/compuviper.mx\/tienda\/wp-json\/wp\/v2\/media\/213709"}],"wp:attachment":[{"href":"https:\/\/compuviper.mx\/tienda\/wp-json\/wp\/v2\/media?parent=213708"}],"wp:term":[{"taxonomy":"product_cat","embeddable":true,"href":"https:\/\/compuviper.mx\/tienda\/wp-json\/wp\/v2\/product_cat?post=213708"},{"taxonomy":"product_tag","embeddable":true,"href":"https:\/\/compuviper.mx\/tienda\/wp-json\/wp\/v2\/product_tag?post=213708"}],"curies":[{"name":"wp","href":"https:\/\/api.w.org\/{rel}","templated":true}]}}