{"id":213706,"date":"2026-04-10T23:40:26","date_gmt":"2026-04-11T05:40:26","guid":{"rendered":"https:\/\/compuviper.mx\/tienda\/producto\/startech-com-usb3s2sat3cb-cable-adaptador-usb-3-0-con-uasp-a-sata-iii-para-disco-duro-de-2-5-convertidor-para-hdd-ssd-mod\/"},"modified":"2026-04-10T23:40:26","modified_gmt":"2026-04-11T05:40:26","slug":"startech-com-usb3s2sat3cb-cable-adaptador-usb-3-0-con-uasp-a-sata-iii-para-disco-duro-de-2-5-convertidor-para-hdd-ssd-mod","status":"publish","type":"product","link":"https:\/\/compuviper.mx\/tienda\/producto\/startech-com-usb3s2sat3cb-cable-adaptador-usb-3-0-con-uasp-a-sata-iii-para-disco-duro-de-2-5-convertidor-para-hdd-ssd-mod\/","title":{"rendered":"Startech.com Usb3s2sat3cb Cable Adaptador Usb 3.0 Con Uasp A Sata Iii Para Disco Duro De 2.5 &#8211; Convertidor Para Hdd Ssd &#8211;  Mod."},"content":{"rendered":"<table class=\"descripcion\">\n<tr>\n<td>Hardware<\/td>\n<\/tr>\n<tr>\n<td>Interfaz : usb 3.0<\/td>\n<\/tr>\n<tr>\n<td>Tama\u00f1o de la unidad : 2.5in<\/td>\n<\/tr>\n<tr>\n<td>Tipo de bus : usb 3.0<\/td>\n<\/tr>\n<tr>\n<td>Unidades compatibles : sata<\/td>\n<\/tr>\n<tr>\n<td>Ventilador(es) : no<\/td>\n<\/tr>\n<tr>\n<td>Rendimiento<\/td>\n<\/tr>\n<tr>\n<td>4kn support : s\u00ed<\/td>\n<\/tr>\n<tr>\n<td>Capacidad m\u00e1xima de la unidad : hasta el momento ha sido probado con discos duros de hasta 2tb de 5900 rpm<\/td>\n<\/tr>\n<tr>\n<td>Compatibilidad con uasp : s\u00ed<\/td>\n<\/tr>\n<tr>\n<td>Especificaciones generales : la potencia m\u00e1xima de la unidad conectada es 900ma<\/td>\n<\/tr>\n<tr>\n<td>Tipo y velocidad : sata iii (6 gbps)<\/td>\n<\/tr>\n<tr>\n<td>Tipo y velocidad : usb 3.0 &#8211; 5 gbit\/s<\/td>\n<\/tr>\n<tr>\n<td>Trim support : no<\/td>\n<\/tr>\n<tr>\n<td>Hardware<\/td>\n<\/tr>\n<tr>\n<td>Id del conjunto de chips : asmedia &#8211; asm1153e<\/td>\n<\/tr>\n<tr>\n<td>Cantidad de unidades : 1<\/td>\n<\/tr>\n<tr>\n<td>Conector(es)<\/td>\n<\/tr>\n<tr>\n<td>Conectores del host : usb type-a (9 pines) usb 3.0<\/td>\n<\/tr>\n<tr>\n<td>Conectores de la unidad : combinaci\u00f3n de alimentaci\u00f3n y datos por sata (7+15 pines)<\/td>\n<\/tr>\n<tr>\n<td>Conectores de la unidad : alimentaci\u00f3n sata (15 pines)<\/td>\n<\/tr>\n<tr>\n<td>Caracter\u00edsticas f\u00edsicas<\/td>\n<\/tr>\n<tr>\n<td>Peso del producto : 42.5 g<\/td>\n<\/tr>\n<tr>\n<td>Longitud del producto : 50 cm<\/td>\n<\/tr>\n<tr>\n<td>Ancho del producto : 49 mm<\/td>\n<\/tr>\n<tr>\n<td>Altura del producto : 0.9 cm<\/td>\n<\/tr>\n<\/table>\n","protected":false},"excerpt":{"rendered":"<p>El cable adaptador usb 3.0 a sata, modelo usb3s2sat3cb, permite conectar una unidad de disco duro o unidad de estado s\u00f3lido sata de 2.5 a una computadora\u00a0a trav\u00e9s de un puerto usb disponible. Este cable es compatible con uasp, permiti\u00e9ndole ofrecer velocidades de transferencia hasta un 70% m\u00e1s r\u00e1pidas que usb 3.0 convencional, lo cual permite aprovechar al m\u00e1ximo el potencial de un disco duro o ssd sata iii cuando se conecta con un host compatible con uasp. Este adaptador port\u00e1til de estilo cable facilita el intercambio de unidades de disco duro sin tener que instalarlas en un\u00a0gabinete, adem\u00e1s de tener un dise\u00f1o de peso liviano que no requiere alimentaci\u00f3n externa y que permite llevarlo f\u00e1cilmente en la bolsa de transporte de una computadora\u00a0port\u00e1til. El modelo usb3s2sat3cb cuenta con soporte t\u00e9cnico gratuito de por vida.<\/p>\n","protected":false},"featured_media":213707,"comment_status":"open","ping_status":"open","template":"","meta":[],"product_cat":[1549,1605],"product_tag":[1590],"acf":[],"yoast_head":"<!-- This site is optimized with the Yoast SEO plugin v21.7 - https:\/\/yoast.com\/wordpress\/plugins\/seo\/ -->\n<title>[ Startech.com ] &#129351; Usb3s2sat3cb Cable Adaptador Usb 3.0 Con Uasp A Sata Iii Para Disco Duro De 2.5 - Convertidor Para Hdd Ssd - Mod.<\/title>\n<meta name=\"description\" content=\"Compra Usb3s2sat3cb Cable Adaptador Usb 3.0 Con Uasp A Sata Iii Para Disco Duro De 2.5 - Convertidor Para Hdd Ssd - Mod. + Env\u00edo a domicilio + Pago seguro + Garant\u00eda\" \/>\n<meta name=\"robots\" content=\"index, follow, max-snippet:-1, max-image-preview:large, max-video-preview:-1\" \/>\n<link rel=\"canonical\" href=\"https:\/\/compuviper.mx\/tienda\/producto\/startech-com-usb3s2sat3cb-cable-adaptador-usb-3-0-con-uasp-a-sata-iii-para-disco-duro-de-2-5-convertidor-para-hdd-ssd-mod\/\" \/>\n<meta property=\"og:locale\" content=\"es_MX\" \/>\n<meta property=\"og:type\" content=\"article\" \/>\n<meta property=\"og:title\" content=\"[ Startech.com ] &#129351; Usb3s2sat3cb Cable Adaptador Usb 3.0 Con Uasp A Sata Iii Para Disco Duro De 2.5 - Convertidor Para Hdd Ssd - Mod.\" \/>\n<meta property=\"og:description\" content=\"Compra Usb3s2sat3cb Cable Adaptador Usb 3.0 Con Uasp A Sata Iii Para Disco Duro De 2.5 - Convertidor Para Hdd Ssd - Mod. + Env\u00edo a domicilio + Pago seguro + Garant\u00eda\" \/>\n<meta property=\"og:url\" content=\"https:\/\/compuviper.mx\/tienda\/producto\/startech-com-usb3s2sat3cb-cable-adaptador-usb-3-0-con-uasp-a-sata-iii-para-disco-duro-de-2-5-convertidor-para-hdd-ssd-mod\/\" \/>\n<meta property=\"og:site_name\" content=\"Compuviper\" \/>\n<meta property=\"article:publisher\" content=\"https:\/\/www.facebook.com\/compuviper\" \/>\n<meta property=\"og:image\" content=\"https:\/\/compuviper.mx\/tienda\/wp-content\/uploads\/2023\/12\/Cable-adaptador-usb-3.0-con-uasp-a-sata-iii-para-disco-duro-de-2.5-convertidor-para-hdd-ssd-startech.com-mod.-usb3s2sat3cb.jpg\" \/>\n\t<meta property=\"og:image:width\" content=\"200\" \/>\n\t<meta property=\"og:image:height\" content=\"200\" \/>\n\t<meta property=\"og:image:type\" content=\"image\/jpeg\" \/>\n<meta name=\"twitter:card\" content=\"summary_large_image\" \/>\n<meta name=\"twitter:label1\" content=\"Precio\" \/>\n\t<meta name=\"twitter:data1\" content=\"&#36;224 con IVA\" \/>\n\t<meta name=\"twitter:label2\" content=\"Availability\" \/>\n\t<meta name=\"twitter:data2\" content=\"Out of stock\" \/>\n<script type=\"application\/ld+json\" class=\"yoast-schema-graph\">{\"@context\":\"https:\/\/schema.org\",\"@graph\":[{\"@type\":\"WebPage\",\"@id\":\"https:\/\/compuviper.mx\/tienda\/producto\/startech-com-usb3s2sat3cb-cable-adaptador-usb-3-0-con-uasp-a-sata-iii-para-disco-duro-de-2-5-convertidor-para-hdd-ssd-mod\/\",\"url\":\"https:\/\/compuviper.mx\/tienda\/producto\/startech-com-usb3s2sat3cb-cable-adaptador-usb-3-0-con-uasp-a-sata-iii-para-disco-duro-de-2-5-convertidor-para-hdd-ssd-mod\/\",\"name\":\"[ Startech.com ] &#129351; Usb3s2sat3cb Cable Adaptador Usb 3.0 Con Uasp A Sata Iii Para Disco Duro De 2.5 - Convertidor Para Hdd Ssd - Mod.\",\"isPartOf\":{\"@id\":\"https:\/\/compuviper.mx\/tienda\/#website\"},\"datePublished\":\"2026-04-11T05:40:26+00:00\",\"dateModified\":\"2026-04-11T05:40:26+00:00\",\"description\":\"Compra Usb3s2sat3cb Cable Adaptador Usb 3.0 Con Uasp A Sata Iii Para Disco Duro De 2.5 - Convertidor Para Hdd Ssd - Mod. + Env\u00edo a domicilio + Pago seguro + Garant\u00eda\",\"breadcrumb\":{\"@id\":\"https:\/\/compuviper.mx\/tienda\/producto\/startech-com-usb3s2sat3cb-cable-adaptador-usb-3-0-con-uasp-a-sata-iii-para-disco-duro-de-2-5-convertidor-para-hdd-ssd-mod\/#breadcrumb\"},\"inLanguage\":\"es-MX\",\"potentialAction\":[{\"@type\":\"ReadAction\",\"target\":[\"https:\/\/compuviper.mx\/tienda\/producto\/startech-com-usb3s2sat3cb-cable-adaptador-usb-3-0-con-uasp-a-sata-iii-para-disco-duro-de-2-5-convertidor-para-hdd-ssd-mod\/\"]}]},{\"@type\":\"BreadcrumbList\",\"@id\":\"https:\/\/compuviper.mx\/tienda\/producto\/startech-com-usb3s2sat3cb-cable-adaptador-usb-3-0-con-uasp-a-sata-iii-para-disco-duro-de-2-5-convertidor-para-hdd-ssd-mod\/#breadcrumb\",\"itemListElement\":[{\"@type\":\"ListItem\",\"position\":1,\"name\":\"Inicio\",\"item\":\"https:\/\/compuviper.mx\/tienda\/\"},{\"@type\":\"ListItem\",\"position\":2,\"name\":\"Productos\",\"item\":\"https:\/\/compuviper.mx\/tienda\/productos\/\"},{\"@type\":\"ListItem\",\"position\":3,\"name\":\"Cables\",\"item\":\"https:\/\/compuviper.mx\/tienda\/categoria-producto\/cables\/\"},{\"@type\":\"ListItem\",\"position\":4,\"name\":\"Cable Usb\",\"item\":\"https:\/\/compuviper.mx\/tienda\/categoria-producto\/cables\/cable-usb\/\"},{\"@type\":\"ListItem\",\"position\":5,\"name\":\"Startech.com Usb3s2sat3cb Cable Adaptador Usb 3.0 Con Uasp A Sata Iii Para Disco Duro De 2.5 &#8211; Convertidor Para Hdd Ssd &#8211; Mod.\"}]},{\"@type\":\"WebSite\",\"@id\":\"https:\/\/compuviper.mx\/tienda\/#website\",\"url\":\"https:\/\/compuviper.mx\/tienda\/\",\"name\":\"Compuviper\",\"description\":\"Proveedor de Computadoras, Laptops, Servidores, Monitores, Puntos de Venta, Teclados,   Impresoras, T\u00f3ner, C\u00e1maras de Seguridad y m\u00e1s en tu tienda en l\u00ednea\",\"publisher\":{\"@id\":\"https:\/\/compuviper.mx\/tienda\/#organization\"},\"potentialAction\":[{\"@type\":\"SearchAction\",\"target\":{\"@type\":\"EntryPoint\",\"urlTemplate\":\"https:\/\/compuviper.mx\/tienda\/?s={search_term_string}\"},\"query-input\":\"required name=search_term_string\"}],\"inLanguage\":\"es-MX\"},{\"@type\":\"Organization\",\"@id\":\"https:\/\/compuviper.mx\/tienda\/#organization\",\"name\":\"Compuviper\",\"url\":\"https:\/\/compuviper.mx\/tienda\/\",\"logo\":{\"@type\":\"ImageObject\",\"inLanguage\":\"es-MX\",\"@id\":\"https:\/\/compuviper.mx\/tienda\/#\/schema\/logo\/image\/\",\"url\":\"https:\/\/compuviper.mx\/tienda\/wp-content\/uploads\/2021\/08\/Logo-Compuviper-10.png\",\"contentUrl\":\"https:\/\/compuviper.mx\/tienda\/wp-content\/uploads\/2021\/08\/Logo-Compuviper-10.png\",\"width\":1000,\"height\":500,\"caption\":\"Compuviper\"},\"image\":{\"@id\":\"https:\/\/compuviper.mx\/tienda\/#\/schema\/logo\/image\/\"},\"sameAs\":[\"https:\/\/www.facebook.com\/compuviper\",\"https:\/\/www.youtube.com\/channel\/UCf73dERp9Y3cfOq7q8BhLjA?view_as=subscriber\"]}]}<\/script>\n<meta property=\"product:brand\" content=\"STARTECH.COM\" \/>\n<meta property=\"product:price:amount\" content=\"224\" \/>\n<meta property=\"product:price:currency\" content=\"MXN\" \/>\n<meta property=\"og:availability\" content=\"out of stock\" \/>\n<meta property=\"product:availability\" content=\"out of stock\" \/>\n<meta property=\"product:retailer_item_id\" content=\"USB3S2SAT3CB\" \/>\n<meta property=\"product:condition\" content=\"new\" \/>\n<!-- \/ Yoast SEO plugin. -->","yoast_head_json":{"title":"[ Startech.com ] &#129351; Usb3s2sat3cb Cable Adaptador Usb 3.0 Con Uasp A Sata Iii Para Disco Duro De 2.5 - Convertidor Para Hdd Ssd - Mod.","description":"Compra Usb3s2sat3cb Cable Adaptador Usb 3.0 Con Uasp A Sata Iii Para Disco Duro De 2.5 - Convertidor Para Hdd Ssd - Mod. + Env\u00edo a domicilio + Pago seguro + Garant\u00eda","robots":{"index":"index","follow":"follow","max-snippet":"max-snippet:-1","max-image-preview":"max-image-preview:large","max-video-preview":"max-video-preview:-1"},"canonical":"https:\/\/compuviper.mx\/tienda\/producto\/startech-com-usb3s2sat3cb-cable-adaptador-usb-3-0-con-uasp-a-sata-iii-para-disco-duro-de-2-5-convertidor-para-hdd-ssd-mod\/","og_locale":"es_MX","og_type":"article","og_title":"[ Startech.com ] &#129351; Usb3s2sat3cb Cable Adaptador Usb 3.0 Con Uasp A Sata Iii Para Disco Duro De 2.5 - Convertidor Para Hdd Ssd - Mod.","og_description":"Compra Usb3s2sat3cb Cable Adaptador Usb 3.0 Con Uasp A Sata Iii Para Disco Duro De 2.5 - Convertidor Para Hdd Ssd - Mod. + Env\u00edo a domicilio + Pago seguro + Garant\u00eda","og_url":"https:\/\/compuviper.mx\/tienda\/producto\/startech-com-usb3s2sat3cb-cable-adaptador-usb-3-0-con-uasp-a-sata-iii-para-disco-duro-de-2-5-convertidor-para-hdd-ssd-mod\/","og_site_name":"Compuviper","article_publisher":"https:\/\/www.facebook.com\/compuviper","og_image":[{"width":200,"height":200,"url":"https:\/\/compuviper.mx\/tienda\/wp-content\/uploads\/2023\/12\/Cable-adaptador-usb-3.0-con-uasp-a-sata-iii-para-disco-duro-de-2.5-convertidor-para-hdd-ssd-startech.com-mod.-usb3s2sat3cb.jpg","type":"image\/jpeg"}],"twitter_card":"summary_large_image","twitter_misc":{"Precio":"&#36;224 con IVA","Availability":"Out of stock"},"schema":{"@context":"https:\/\/schema.org","@graph":[{"@type":"WebPage","@id":"https:\/\/compuviper.mx\/tienda\/producto\/startech-com-usb3s2sat3cb-cable-adaptador-usb-3-0-con-uasp-a-sata-iii-para-disco-duro-de-2-5-convertidor-para-hdd-ssd-mod\/","url":"https:\/\/compuviper.mx\/tienda\/producto\/startech-com-usb3s2sat3cb-cable-adaptador-usb-3-0-con-uasp-a-sata-iii-para-disco-duro-de-2-5-convertidor-para-hdd-ssd-mod\/","name":"[ Startech.com ] &#129351; Usb3s2sat3cb Cable Adaptador Usb 3.0 Con Uasp A Sata Iii Para Disco Duro De 2.5 - Convertidor Para Hdd Ssd - Mod.","isPartOf":{"@id":"https:\/\/compuviper.mx\/tienda\/#website"},"datePublished":"2026-04-11T05:40:26+00:00","dateModified":"2026-04-11T05:40:26+00:00","description":"Compra Usb3s2sat3cb Cable Adaptador Usb 3.0 Con Uasp A Sata Iii Para Disco Duro De 2.5 - Convertidor Para Hdd Ssd - Mod. + Env\u00edo a domicilio + Pago seguro + Garant\u00eda","breadcrumb":{"@id":"https:\/\/compuviper.mx\/tienda\/producto\/startech-com-usb3s2sat3cb-cable-adaptador-usb-3-0-con-uasp-a-sata-iii-para-disco-duro-de-2-5-convertidor-para-hdd-ssd-mod\/#breadcrumb"},"inLanguage":"es-MX","potentialAction":[{"@type":"ReadAction","target":["https:\/\/compuviper.mx\/tienda\/producto\/startech-com-usb3s2sat3cb-cable-adaptador-usb-3-0-con-uasp-a-sata-iii-para-disco-duro-de-2-5-convertidor-para-hdd-ssd-mod\/"]}]},{"@type":"BreadcrumbList","@id":"https:\/\/compuviper.mx\/tienda\/producto\/startech-com-usb3s2sat3cb-cable-adaptador-usb-3-0-con-uasp-a-sata-iii-para-disco-duro-de-2-5-convertidor-para-hdd-ssd-mod\/#breadcrumb","itemListElement":[{"@type":"ListItem","position":1,"name":"Inicio","item":"https:\/\/compuviper.mx\/tienda\/"},{"@type":"ListItem","position":2,"name":"Productos","item":"https:\/\/compuviper.mx\/tienda\/productos\/"},{"@type":"ListItem","position":3,"name":"Cables","item":"https:\/\/compuviper.mx\/tienda\/categoria-producto\/cables\/"},{"@type":"ListItem","position":4,"name":"Cable Usb","item":"https:\/\/compuviper.mx\/tienda\/categoria-producto\/cables\/cable-usb\/"},{"@type":"ListItem","position":5,"name":"Startech.com Usb3s2sat3cb Cable Adaptador Usb 3.0 Con Uasp A Sata Iii Para Disco Duro De 2.5 &#8211; Convertidor Para Hdd Ssd &#8211; Mod."}]},{"@type":"WebSite","@id":"https:\/\/compuviper.mx\/tienda\/#website","url":"https:\/\/compuviper.mx\/tienda\/","name":"Compuviper","description":"Proveedor de Computadoras, Laptops, Servidores, Monitores, Puntos de Venta, Teclados,   Impresoras, T\u00f3ner, C\u00e1maras de Seguridad y m\u00e1s en tu tienda en l\u00ednea","publisher":{"@id":"https:\/\/compuviper.mx\/tienda\/#organization"},"potentialAction":[{"@type":"SearchAction","target":{"@type":"EntryPoint","urlTemplate":"https:\/\/compuviper.mx\/tienda\/?s={search_term_string}"},"query-input":"required name=search_term_string"}],"inLanguage":"es-MX"},{"@type":"Organization","@id":"https:\/\/compuviper.mx\/tienda\/#organization","name":"Compuviper","url":"https:\/\/compuviper.mx\/tienda\/","logo":{"@type":"ImageObject","inLanguage":"es-MX","@id":"https:\/\/compuviper.mx\/tienda\/#\/schema\/logo\/image\/","url":"https:\/\/compuviper.mx\/tienda\/wp-content\/uploads\/2021\/08\/Logo-Compuviper-10.png","contentUrl":"https:\/\/compuviper.mx\/tienda\/wp-content\/uploads\/2021\/08\/Logo-Compuviper-10.png","width":1000,"height":500,"caption":"Compuviper"},"image":{"@id":"https:\/\/compuviper.mx\/tienda\/#\/schema\/logo\/image\/"},"sameAs":["https:\/\/www.facebook.com\/compuviper","https:\/\/www.youtube.com\/channel\/UCf73dERp9Y3cfOq7q8BhLjA?view_as=subscriber"]}]},"product_brand":"STARTECH.COM","product_price_amount":"224","product_price_currency":"MXN","og_availability":"out of stock","product_availability":"out of stock","product_retailer_item_id":"USB3S2SAT3CB","product_condition":"new"},"_links":{"self":[{"href":"https:\/\/compuviper.mx\/tienda\/wp-json\/wp\/v2\/product\/213706"}],"collection":[{"href":"https:\/\/compuviper.mx\/tienda\/wp-json\/wp\/v2\/product"}],"about":[{"href":"https:\/\/compuviper.mx\/tienda\/wp-json\/wp\/v2\/types\/product"}],"replies":[{"embeddable":true,"href":"https:\/\/compuviper.mx\/tienda\/wp-json\/wp\/v2\/comments?post=213706"}],"wp:featuredmedia":[{"embeddable":true,"href":"https:\/\/compuviper.mx\/tienda\/wp-json\/wp\/v2\/media\/213707"}],"wp:attachment":[{"href":"https:\/\/compuviper.mx\/tienda\/wp-json\/wp\/v2\/media?parent=213706"}],"wp:term":[{"taxonomy":"product_cat","embeddable":true,"href":"https:\/\/compuviper.mx\/tienda\/wp-json\/wp\/v2\/product_cat?post=213706"},{"taxonomy":"product_tag","embeddable":true,"href":"https:\/\/compuviper.mx\/tienda\/wp-json\/wp\/v2\/product_tag?post=213706"}],"curies":[{"name":"wp","href":"https:\/\/api.w.org\/{rel}","templated":true}]}}