{"id":213698,"date":"2026-05-08T23:41:08","date_gmt":"2026-05-09T05:41:08","guid":{"rendered":"https:\/\/compuviper.mx\/tienda\/producto\/startech-com-icusb232v2-cable-adaptador-de-43cm-usb-a-a-serie-rs232-de-1-puerto-serial-db9-macho-a-macho-conversor-compatible-con-windows-8-mod\/"},"modified":"2026-05-09T00:01:08","modified_gmt":"2026-05-09T06:01:08","slug":"startech-com-icusb232v2-cable-adaptador-de-43cm-usb-a-a-serie-rs232-de-1-puerto-serial-db9-macho-a-macho-conversor-compatible-con-windows-8-mod","status":"publish","type":"product","link":"https:\/\/compuviper.mx\/tienda\/producto\/startech-com-icusb232v2-cable-adaptador-de-43cm-usb-a-a-serie-rs232-de-1-puerto-serial-db9-macho-a-macho-conversor-compatible-con-windows-8-mod\/","title":{"rendered":"Startech.com Icusb232v2 Cable Adaptador De 43cm Usb-a A Serie Rs232 De 1 Puerto Serial Db9 &#8211; Macho A Macho &#8211; Conversor Compatible Con Windows 8 &#8211;  Mod."},"content":{"rendered":"<table class=\"descripcion\">\n<tr>\n<td>Caracter\u00edsticas f\u00edsicas<\/td>\n<\/tr>\n<tr>\n<td>Altura del producto : 2 cm<\/td>\n<\/tr>\n<tr>\n<td>Ancho del producto : 35 mm<\/td>\n<\/tr>\n<tr>\n<td>Longitud del producto : 43 cm<\/td>\n<\/tr>\n<tr>\n<td>Peso del producto : 40 g<\/td>\n<\/tr>\n<tr>\n<td>Tipo de gabinete : pl\u00e1stico<\/td>\n<\/tr>\n<tr>\n<td>Conector(es)<\/td>\n<\/tr>\n<tr>\n<td>Conector a : usb type-a (4 pines) usb 2.0<\/td>\n<\/tr>\n<tr>\n<td>Conector b : db-9 (9 pines, d-sub)<\/td>\n<\/tr>\n<tr>\n<td>Hardware<\/td>\n<\/tr>\n<tr>\n<td>Cantidad de puertos : 1<\/td>\n<\/tr>\n<tr>\n<td>Est\u00e1ndares industriales : usb 1.1\/2.0<\/td>\n<\/tr>\n<tr>\n<td>Rs232<\/td>\n<\/tr>\n<tr>\n<td>Estilo de puerto : adaptadores de cable<\/td>\n<\/tr>\n<tr>\n<td>Id del conjunto de chips : prolific &#8211; pl2303ra<\/td>\n<\/tr>\n<tr>\n<td>Interfaz : serial<\/td>\n<\/tr>\n<tr>\n<td>Tipo de bus : usb 2.0<\/td>\n<\/tr>\n<tr>\n<td>Rendimiento<\/td>\n<\/tr>\n<tr>\n<td>Bits de datos : 5, 6, 7, 8<\/td>\n<\/tr>\n<tr>\n<td>Bits de detenci\u00f3n : 1, 1.5, 2<\/td>\n<\/tr>\n<tr>\n<td>Control de flujo : ninguno, xon\/xoff, rts\/cts, dtr\/dsr<\/td>\n<\/tr>\n<tr>\n<td>Fifo : 512 bytes<\/td>\n<\/tr>\n<tr>\n<td>Mtbf : 30.000 horas<\/td>\n<\/tr>\n<tr>\n<td>Paridad : odd, even, mark, space, or none parity modes<\/td>\n<\/tr>\n<tr>\n<td>Protocolo serie  : rs-232<\/td>\n<\/tr>\n<tr>\n<td>Tasa m\u00e1xima de baudios  : 921,6 kbps<\/td>\n<\/tr>\n<tr>\n<td>Software<\/td>\n<\/tr>\n<tr>\n<td>Certificado whql de microsoft : s\u00ed<\/td>\n<\/tr>\n<tr>\n<td>Compatibilidad os : windows\u00ae 2000, xp, vista, 7, 8, 8.1, 10<\/td>\n<\/tr>\n<tr>\n<td> windows server\u00ae 2003, 2008 r2, 2012, 2012 r2, 2016, 2019<\/td>\n<\/tr>\n<tr>\n<td> mac os\u00ae 9.x, 8.x, 10.6 a 10.15<\/td>\n<\/tr>\n<tr>\n<td> linux 2.4.31 a 4.11.x<\/td>\n<\/tr>\n<tr>\n<td>Solo versiones lts<\/td>\n<\/tr>\n<\/table>\n","protected":false},"excerpt":{"rendered":"<p>El adaptador usb a serial, de un puerto, modelo icusb232v2, convierte un puerto usb en puerto serial\u00a0rs232 db9 para conectar, monitorear y controlar un dispositivo serial. Con soporte para tasas de transferencia de datos de hasta 921.6 kbps, el cable usb a serie constituye una soluci\u00f3n ideal para proporcionar conectividad serial\u00a0a dispositivos como terminales de punto de venta, m\u00f3dems seriales, equipos industriales, as\u00ed como una amplia gama de otros perif\u00e9ricos rs232. El convertidor\u00a0usb a rs232 es f\u00e1cil de instalar y ofrece amplia compatibilidad con sistemas operativos, incluidos windows 8 y superior, linux y mac os, lo cual permite su f\u00e1cil integraci\u00f3n en entornos mixtos. Respaldado con soporte t\u00e9cnico gratuito de por vida.<\/p>\n","protected":false},"featured_media":213699,"comment_status":"open","ping_status":"open","template":"","meta":[],"product_cat":[1605,1549],"product_tag":[1590],"acf":[],"yoast_head":"<!-- This site is optimized with the Yoast SEO plugin v21.7 - https:\/\/yoast.com\/wordpress\/plugins\/seo\/ -->\n<title>[ Startech.com ] &#129351; Icusb232v2 Cable Adaptador De 43cm Usb-a A Serie Rs232 De 1 Puerto Serial Db9 - Macho A Macho - Conversor Compatible Con Windows 8 - Mod.<\/title>\n<meta name=\"description\" content=\"Compra Icusb232v2 Cable Adaptador De 43cm Usb-a A Serie Rs232 De 1 Puerto Serial Db9 - Macho A Macho - Conversor Compatible Con Windows 8 - Mod. + Env\u00edo a domicilio + Pago seguro + Garant\u00eda\" \/>\n<meta name=\"robots\" content=\"index, follow, max-snippet:-1, max-image-preview:large, max-video-preview:-1\" \/>\n<link rel=\"canonical\" href=\"https:\/\/compuviper.mx\/tienda\/producto\/startech-com-icusb232v2-cable-adaptador-de-43cm-usb-a-a-serie-rs232-de-1-puerto-serial-db9-macho-a-macho-conversor-compatible-con-windows-8-mod\/\" \/>\n<meta property=\"og:locale\" content=\"es_MX\" \/>\n<meta property=\"og:type\" content=\"article\" \/>\n<meta property=\"og:title\" content=\"[ Startech.com ] &#129351; Icusb232v2 Cable Adaptador De 43cm Usb-a A Serie Rs232 De 1 Puerto Serial Db9 - Macho A Macho - Conversor Compatible Con Windows 8 - Mod.\" \/>\n<meta property=\"og:description\" content=\"Compra Icusb232v2 Cable Adaptador De 43cm Usb-a A Serie Rs232 De 1 Puerto Serial Db9 - Macho A Macho - Conversor Compatible Con Windows 8 - Mod. + Env\u00edo a domicilio + Pago seguro + Garant\u00eda\" \/>\n<meta property=\"og:url\" content=\"https:\/\/compuviper.mx\/tienda\/producto\/startech-com-icusb232v2-cable-adaptador-de-43cm-usb-a-a-serie-rs232-de-1-puerto-serial-db9-macho-a-macho-conversor-compatible-con-windows-8-mod\/\" \/>\n<meta property=\"og:site_name\" content=\"Compuviper\" \/>\n<meta property=\"article:publisher\" content=\"https:\/\/www.facebook.com\/compuviper\" \/>\n<meta property=\"article:modified_time\" content=\"2026-05-09T06:01:08+00:00\" \/>\n<meta property=\"og:image\" content=\"https:\/\/compuviper.mx\/tienda\/wp-content\/uploads\/2023\/12\/Cable-adaptador-de-43cm-usb-a-a-serie-rs232-de-1-puerto-serial-db9-macho-a-macho-conversor-compatible-con-windows-8-startech.com-mod.-icusb232v2.jpg\" \/>\n\t<meta property=\"og:image:width\" content=\"200\" \/>\n\t<meta property=\"og:image:height\" content=\"200\" \/>\n\t<meta property=\"og:image:type\" content=\"image\/jpeg\" \/>\n<meta name=\"twitter:card\" content=\"summary_large_image\" \/>\n<meta name=\"twitter:label1\" content=\"Precio\" \/>\n\t<meta name=\"twitter:data1\" content=\"&#36;427 con IVA\" \/>\n\t<meta name=\"twitter:label2\" content=\"Availability\" \/>\n\t<meta name=\"twitter:data2\" content=\"In stock\" \/>\n<script type=\"application\/ld+json\" class=\"yoast-schema-graph\">{\"@context\":\"https:\/\/schema.org\",\"@graph\":[{\"@type\":\"WebPage\",\"@id\":\"https:\/\/compuviper.mx\/tienda\/producto\/startech-com-icusb232v2-cable-adaptador-de-43cm-usb-a-a-serie-rs232-de-1-puerto-serial-db9-macho-a-macho-conversor-compatible-con-windows-8-mod\/\",\"url\":\"https:\/\/compuviper.mx\/tienda\/producto\/startech-com-icusb232v2-cable-adaptador-de-43cm-usb-a-a-serie-rs232-de-1-puerto-serial-db9-macho-a-macho-conversor-compatible-con-windows-8-mod\/\",\"name\":\"[ Startech.com ] &#129351; Icusb232v2 Cable Adaptador De 43cm Usb-a A Serie Rs232 De 1 Puerto Serial Db9 - Macho A Macho - Conversor Compatible Con Windows 8 - Mod.\",\"isPartOf\":{\"@id\":\"https:\/\/compuviper.mx\/tienda\/#website\"},\"datePublished\":\"2026-05-09T05:41:08+00:00\",\"dateModified\":\"2026-05-09T06:01:08+00:00\",\"description\":\"Compra Icusb232v2 Cable Adaptador De 43cm Usb-a A Serie Rs232 De 1 Puerto Serial Db9 - Macho A Macho - Conversor Compatible Con Windows 8 - Mod. + Env\u00edo a domicilio + Pago seguro + Garant\u00eda\",\"breadcrumb\":{\"@id\":\"https:\/\/compuviper.mx\/tienda\/producto\/startech-com-icusb232v2-cable-adaptador-de-43cm-usb-a-a-serie-rs232-de-1-puerto-serial-db9-macho-a-macho-conversor-compatible-con-windows-8-mod\/#breadcrumb\"},\"inLanguage\":\"es-MX\",\"potentialAction\":[{\"@type\":\"ReadAction\",\"target\":[\"https:\/\/compuviper.mx\/tienda\/producto\/startech-com-icusb232v2-cable-adaptador-de-43cm-usb-a-a-serie-rs232-de-1-puerto-serial-db9-macho-a-macho-conversor-compatible-con-windows-8-mod\/\"]}]},{\"@type\":\"BreadcrumbList\",\"@id\":\"https:\/\/compuviper.mx\/tienda\/producto\/startech-com-icusb232v2-cable-adaptador-de-43cm-usb-a-a-serie-rs232-de-1-puerto-serial-db9-macho-a-macho-conversor-compatible-con-windows-8-mod\/#breadcrumb\",\"itemListElement\":[{\"@type\":\"ListItem\",\"position\":1,\"name\":\"Inicio\",\"item\":\"https:\/\/compuviper.mx\/tienda\/\"},{\"@type\":\"ListItem\",\"position\":2,\"name\":\"Productos\",\"item\":\"https:\/\/compuviper.mx\/tienda\/productos\/\"},{\"@type\":\"ListItem\",\"position\":3,\"name\":\"Cables\",\"item\":\"https:\/\/compuviper.mx\/tienda\/categoria-producto\/cables\/\"},{\"@type\":\"ListItem\",\"position\":4,\"name\":\"Cable Usb\",\"item\":\"https:\/\/compuviper.mx\/tienda\/categoria-producto\/cables\/cable-usb\/\"},{\"@type\":\"ListItem\",\"position\":5,\"name\":\"Startech.com Icusb232v2 Cable Adaptador De 43cm Usb-a A Serie Rs232 De 1 Puerto Serial Db9 &#8211; Macho A Macho &#8211; Conversor Compatible Con Windows 8 &#8211; Mod.\"}]},{\"@type\":\"WebSite\",\"@id\":\"https:\/\/compuviper.mx\/tienda\/#website\",\"url\":\"https:\/\/compuviper.mx\/tienda\/\",\"name\":\"Compuviper\",\"description\":\"Proveedor de Computadoras, Laptops, Servidores, Monitores, Puntos de Venta, Teclados,   Impresoras, T\u00f3ner, C\u00e1maras de Seguridad y m\u00e1s en tu tienda en l\u00ednea\",\"publisher\":{\"@id\":\"https:\/\/compuviper.mx\/tienda\/#organization\"},\"potentialAction\":[{\"@type\":\"SearchAction\",\"target\":{\"@type\":\"EntryPoint\",\"urlTemplate\":\"https:\/\/compuviper.mx\/tienda\/?s={search_term_string}\"},\"query-input\":\"required name=search_term_string\"}],\"inLanguage\":\"es-MX\"},{\"@type\":\"Organization\",\"@id\":\"https:\/\/compuviper.mx\/tienda\/#organization\",\"name\":\"Compuviper\",\"url\":\"https:\/\/compuviper.mx\/tienda\/\",\"logo\":{\"@type\":\"ImageObject\",\"inLanguage\":\"es-MX\",\"@id\":\"https:\/\/compuviper.mx\/tienda\/#\/schema\/logo\/image\/\",\"url\":\"https:\/\/compuviper.mx\/tienda\/wp-content\/uploads\/2021\/08\/Logo-Compuviper-10.png\",\"contentUrl\":\"https:\/\/compuviper.mx\/tienda\/wp-content\/uploads\/2021\/08\/Logo-Compuviper-10.png\",\"width\":1000,\"height\":500,\"caption\":\"Compuviper\"},\"image\":{\"@id\":\"https:\/\/compuviper.mx\/tienda\/#\/schema\/logo\/image\/\"},\"sameAs\":[\"https:\/\/www.facebook.com\/compuviper\",\"https:\/\/www.youtube.com\/channel\/UCf73dERp9Y3cfOq7q8BhLjA?view_as=subscriber\"]}]}<\/script>\n<meta property=\"product:brand\" content=\"STARTECH.COM\" \/>\n<meta property=\"product:price:amount\" content=\"427\" \/>\n<meta property=\"product:price:currency\" content=\"MXN\" \/>\n<meta property=\"og:availability\" content=\"instock\" \/>\n<meta property=\"product:availability\" content=\"instock\" \/>\n<meta property=\"product:retailer_item_id\" content=\"ICUSB232V2\" \/>\n<meta property=\"product:condition\" content=\"new\" \/>\n<!-- \/ Yoast SEO plugin. -->","yoast_head_json":{"title":"[ Startech.com ] &#129351; Icusb232v2 Cable Adaptador De 43cm Usb-a A Serie Rs232 De 1 Puerto Serial Db9 - Macho A Macho - Conversor Compatible Con Windows 8 - Mod.","description":"Compra Icusb232v2 Cable Adaptador De 43cm Usb-a A Serie Rs232 De 1 Puerto Serial Db9 - Macho A Macho - Conversor Compatible Con Windows 8 - Mod. + Env\u00edo a domicilio + Pago seguro + Garant\u00eda","robots":{"index":"index","follow":"follow","max-snippet":"max-snippet:-1","max-image-preview":"max-image-preview:large","max-video-preview":"max-video-preview:-1"},"canonical":"https:\/\/compuviper.mx\/tienda\/producto\/startech-com-icusb232v2-cable-adaptador-de-43cm-usb-a-a-serie-rs232-de-1-puerto-serial-db9-macho-a-macho-conversor-compatible-con-windows-8-mod\/","og_locale":"es_MX","og_type":"article","og_title":"[ Startech.com ] &#129351; Icusb232v2 Cable Adaptador De 43cm Usb-a A Serie Rs232 De 1 Puerto Serial Db9 - Macho A Macho - Conversor Compatible Con Windows 8 - Mod.","og_description":"Compra Icusb232v2 Cable Adaptador De 43cm Usb-a A Serie Rs232 De 1 Puerto Serial Db9 - Macho A Macho - Conversor Compatible Con Windows 8 - Mod. + Env\u00edo a domicilio + Pago seguro + Garant\u00eda","og_url":"https:\/\/compuviper.mx\/tienda\/producto\/startech-com-icusb232v2-cable-adaptador-de-43cm-usb-a-a-serie-rs232-de-1-puerto-serial-db9-macho-a-macho-conversor-compatible-con-windows-8-mod\/","og_site_name":"Compuviper","article_publisher":"https:\/\/www.facebook.com\/compuviper","article_modified_time":"2026-05-09T06:01:08+00:00","og_image":[{"width":200,"height":200,"url":"https:\/\/compuviper.mx\/tienda\/wp-content\/uploads\/2023\/12\/Cable-adaptador-de-43cm-usb-a-a-serie-rs232-de-1-puerto-serial-db9-macho-a-macho-conversor-compatible-con-windows-8-startech.com-mod.-icusb232v2.jpg","type":"image\/jpeg"}],"twitter_card":"summary_large_image","twitter_misc":{"Precio":"&#36;427 con IVA","Availability":"In stock"},"schema":{"@context":"https:\/\/schema.org","@graph":[{"@type":"WebPage","@id":"https:\/\/compuviper.mx\/tienda\/producto\/startech-com-icusb232v2-cable-adaptador-de-43cm-usb-a-a-serie-rs232-de-1-puerto-serial-db9-macho-a-macho-conversor-compatible-con-windows-8-mod\/","url":"https:\/\/compuviper.mx\/tienda\/producto\/startech-com-icusb232v2-cable-adaptador-de-43cm-usb-a-a-serie-rs232-de-1-puerto-serial-db9-macho-a-macho-conversor-compatible-con-windows-8-mod\/","name":"[ Startech.com ] &#129351; Icusb232v2 Cable Adaptador De 43cm Usb-a A Serie Rs232 De 1 Puerto Serial Db9 - Macho A Macho - Conversor Compatible Con Windows 8 - Mod.","isPartOf":{"@id":"https:\/\/compuviper.mx\/tienda\/#website"},"datePublished":"2026-05-09T05:41:08+00:00","dateModified":"2026-05-09T06:01:08+00:00","description":"Compra Icusb232v2 Cable Adaptador De 43cm Usb-a A Serie Rs232 De 1 Puerto Serial Db9 - Macho A Macho - Conversor Compatible Con Windows 8 - Mod. + Env\u00edo a domicilio + Pago seguro + Garant\u00eda","breadcrumb":{"@id":"https:\/\/compuviper.mx\/tienda\/producto\/startech-com-icusb232v2-cable-adaptador-de-43cm-usb-a-a-serie-rs232-de-1-puerto-serial-db9-macho-a-macho-conversor-compatible-con-windows-8-mod\/#breadcrumb"},"inLanguage":"es-MX","potentialAction":[{"@type":"ReadAction","target":["https:\/\/compuviper.mx\/tienda\/producto\/startech-com-icusb232v2-cable-adaptador-de-43cm-usb-a-a-serie-rs232-de-1-puerto-serial-db9-macho-a-macho-conversor-compatible-con-windows-8-mod\/"]}]},{"@type":"BreadcrumbList","@id":"https:\/\/compuviper.mx\/tienda\/producto\/startech-com-icusb232v2-cable-adaptador-de-43cm-usb-a-a-serie-rs232-de-1-puerto-serial-db9-macho-a-macho-conversor-compatible-con-windows-8-mod\/#breadcrumb","itemListElement":[{"@type":"ListItem","position":1,"name":"Inicio","item":"https:\/\/compuviper.mx\/tienda\/"},{"@type":"ListItem","position":2,"name":"Productos","item":"https:\/\/compuviper.mx\/tienda\/productos\/"},{"@type":"ListItem","position":3,"name":"Cables","item":"https:\/\/compuviper.mx\/tienda\/categoria-producto\/cables\/"},{"@type":"ListItem","position":4,"name":"Cable Usb","item":"https:\/\/compuviper.mx\/tienda\/categoria-producto\/cables\/cable-usb\/"},{"@type":"ListItem","position":5,"name":"Startech.com Icusb232v2 Cable Adaptador De 43cm Usb-a A Serie Rs232 De 1 Puerto Serial Db9 &#8211; Macho A Macho &#8211; Conversor Compatible Con Windows 8 &#8211; Mod."}]},{"@type":"WebSite","@id":"https:\/\/compuviper.mx\/tienda\/#website","url":"https:\/\/compuviper.mx\/tienda\/","name":"Compuviper","description":"Proveedor de Computadoras, Laptops, Servidores, Monitores, Puntos de Venta, Teclados,   Impresoras, T\u00f3ner, C\u00e1maras de Seguridad y m\u00e1s en tu tienda en l\u00ednea","publisher":{"@id":"https:\/\/compuviper.mx\/tienda\/#organization"},"potentialAction":[{"@type":"SearchAction","target":{"@type":"EntryPoint","urlTemplate":"https:\/\/compuviper.mx\/tienda\/?s={search_term_string}"},"query-input":"required name=search_term_string"}],"inLanguage":"es-MX"},{"@type":"Organization","@id":"https:\/\/compuviper.mx\/tienda\/#organization","name":"Compuviper","url":"https:\/\/compuviper.mx\/tienda\/","logo":{"@type":"ImageObject","inLanguage":"es-MX","@id":"https:\/\/compuviper.mx\/tienda\/#\/schema\/logo\/image\/","url":"https:\/\/compuviper.mx\/tienda\/wp-content\/uploads\/2021\/08\/Logo-Compuviper-10.png","contentUrl":"https:\/\/compuviper.mx\/tienda\/wp-content\/uploads\/2021\/08\/Logo-Compuviper-10.png","width":1000,"height":500,"caption":"Compuviper"},"image":{"@id":"https:\/\/compuviper.mx\/tienda\/#\/schema\/logo\/image\/"},"sameAs":["https:\/\/www.facebook.com\/compuviper","https:\/\/www.youtube.com\/channel\/UCf73dERp9Y3cfOq7q8BhLjA?view_as=subscriber"]}]},"product_brand":"STARTECH.COM","product_price_amount":"427","product_price_currency":"MXN","og_availability":"instock","product_availability":"instock","product_retailer_item_id":"ICUSB232V2","product_condition":"new"},"_links":{"self":[{"href":"https:\/\/compuviper.mx\/tienda\/wp-json\/wp\/v2\/product\/213698"}],"collection":[{"href":"https:\/\/compuviper.mx\/tienda\/wp-json\/wp\/v2\/product"}],"about":[{"href":"https:\/\/compuviper.mx\/tienda\/wp-json\/wp\/v2\/types\/product"}],"replies":[{"embeddable":true,"href":"https:\/\/compuviper.mx\/tienda\/wp-json\/wp\/v2\/comments?post=213698"}],"wp:featuredmedia":[{"embeddable":true,"href":"https:\/\/compuviper.mx\/tienda\/wp-json\/wp\/v2\/media\/213699"}],"wp:attachment":[{"href":"https:\/\/compuviper.mx\/tienda\/wp-json\/wp\/v2\/media?parent=213698"}],"wp:term":[{"taxonomy":"product_cat","embeddable":true,"href":"https:\/\/compuviper.mx\/tienda\/wp-json\/wp\/v2\/product_cat?post=213698"},{"taxonomy":"product_tag","embeddable":true,"href":"https:\/\/compuviper.mx\/tienda\/wp-json\/wp\/v2\/product_tag?post=213698"}],"curies":[{"name":"wp","href":"https:\/\/api.w.org\/{rel}","templated":true}]}}