{"id":213696,"date":"2026-04-16T23:42:38","date_gmt":"2026-04-17T05:42:38","guid":{"rendered":"https:\/\/compuviper.mx\/tienda\/producto\/startech-com-pxt100143-cable-de-corriente-de-90cm-de-extension-c14-a-c13-14-awg-15a-125v-de-servicio-pesado-mod\/"},"modified":"2026-04-16T23:42:39","modified_gmt":"2026-04-17T05:42:39","slug":"startech-com-pxt100143-cable-de-corriente-de-90cm-de-extension-c14-a-c13-14-awg-15a-125v-de-servicio-pesado-mod","status":"publish","type":"product","link":"https:\/\/compuviper.mx\/tienda\/producto\/startech-com-pxt100143-cable-de-corriente-de-90cm-de-extension-c14-a-c13-14-awg-15a-125v-de-servicio-pesado-mod\/","title":{"rendered":"Startech.com Pxt100143 Cable De Corriente De 90cm De Extension &#8211; C14 A C13 &#8211; 14 Awg &#8211; 15a 125v &#8211; De Servicio Pesado &#8211;  Mod."},"content":{"rendered":"<table class=\"descripcion\">\n<tr>\n<td>Observaciones \/ requisitos<\/td>\n<\/tr>\n<tr>\n<td>Nota : ul listed<\/td>\n<\/tr>\n<tr>\n<td>Requisitos de energ\u00eda<\/td>\n<\/tr>\n<tr>\n<td>Corriente de entrada : 15 a<\/td>\n<\/tr>\n<tr>\n<td>Tensi\u00f3n de entrada : 250 ac<\/td>\n<\/tr>\n<tr>\n<td>Hardware<\/td>\n<\/tr>\n<tr>\n<td>Tipo de cable : sjt<\/td>\n<\/tr>\n<tr>\n<td>Cantidad de conductores : 3<\/td>\n<\/tr>\n<tr>\n<td>Cable tipo jacket : pvc &#8211; polyvinyl chloride<\/td>\n<\/tr>\n<tr>\n<td>Contenido de la caja<\/td>\n<\/tr>\n<tr>\n<td>Incluido en la caja : cable de extensi\u00f3n de alimentaci\u00f3n de 91 cm 2.5 mm\u00b2 &#8211; c14 a c13<\/td>\n<\/tr>\n<tr>\n<td>Conector(es)<\/td>\n<\/tr>\n<tr>\n<td>Conector b : alimentaci\u00f3n iec 60320 c14<\/td>\n<\/tr>\n<tr>\n<td>Conector a : alimentaci\u00f3n iec 60320 c13<\/td>\n<\/tr>\n<tr>\n<td>Caracter\u00edsticas f\u00edsicas<\/td>\n<\/tr>\n<tr>\n<td>Peso del producto : 156 g<\/td>\n<\/tr>\n<tr>\n<td>Longitud del producto : 0.9 m<\/td>\n<\/tr>\n<tr>\n<td>Longitud del cable : 0.9 m<\/td>\n<\/tr>\n<tr>\n<td>Color : negro<\/td>\n<\/tr>\n<tr>\n<td>Calibre del conductor : 14 awg<\/td>\n<\/tr>\n<\/table>\n","protected":false},"excerpt":{"rendered":"<p>El cable de extensi\u00f3n de 91 cm c13 a c14 estilo pdu pxt100143 incluye un alambre de 14awg\u00a0para conexiones de alta potencia, lo cual lo convierte en una soluci\u00f3n confiable para aplicaciones de servidores grandes que requieren un cable de gran grosor y valor nominal m\u00e1s alto, y conexiones a unidades de alimentaci\u00f3n (pdu). Este cable\/extensi\u00f3n estilo pdu est\u00e1 dise\u00f1ado y fabricado para m\u00e1xima durabilidad.<\/p>\n","protected":false},"featured_media":213697,"comment_status":"open","ping_status":"open","template":"","meta":[],"product_cat":[1549,1607],"product_tag":[1590],"acf":[],"yoast_head":"<!-- This site is optimized with the Yoast SEO plugin v21.7 - https:\/\/yoast.com\/wordpress\/plugins\/seo\/ -->\n<title>[ Startech.com ] &#129351; Pxt100143 Cable De Corriente De 90cm De Extension - C14 A C13 - 14 Awg - 15a 125v - De Servicio Pesado - Mod.<\/title>\n<meta name=\"description\" content=\"Compra Pxt100143 Cable De Corriente De 90cm De Extension - C14 A C13 - 14 Awg - 15a 125v - De Servicio Pesado - Mod. + Env\u00edo a domicilio + Pago seguro + Garant\u00eda\" \/>\n<meta name=\"robots\" content=\"index, follow, max-snippet:-1, max-image-preview:large, max-video-preview:-1\" \/>\n<link rel=\"canonical\" href=\"https:\/\/compuviper.mx\/tienda\/producto\/startech-com-pxt100143-cable-de-corriente-de-90cm-de-extension-c14-a-c13-14-awg-15a-125v-de-servicio-pesado-mod\/\" \/>\n<meta property=\"og:locale\" content=\"es_MX\" \/>\n<meta property=\"og:type\" content=\"article\" \/>\n<meta property=\"og:title\" content=\"[ Startech.com ] &#129351; Pxt100143 Cable De Corriente De 90cm De Extension - C14 A C13 - 14 Awg - 15a 125v - De Servicio Pesado - Mod.\" \/>\n<meta property=\"og:description\" content=\"Compra Pxt100143 Cable De Corriente De 90cm De Extension - C14 A C13 - 14 Awg - 15a 125v - De Servicio Pesado - Mod. + Env\u00edo a domicilio + Pago seguro + Garant\u00eda\" \/>\n<meta property=\"og:url\" content=\"https:\/\/compuviper.mx\/tienda\/producto\/startech-com-pxt100143-cable-de-corriente-de-90cm-de-extension-c14-a-c13-14-awg-15a-125v-de-servicio-pesado-mod\/\" \/>\n<meta property=\"og:site_name\" content=\"Compuviper\" \/>\n<meta property=\"article:publisher\" content=\"https:\/\/www.facebook.com\/compuviper\" \/>\n<meta property=\"article:modified_time\" content=\"2026-04-17T05:42:39+00:00\" \/>\n<meta property=\"og:image\" content=\"https:\/\/compuviper.mx\/tienda\/wp-content\/uploads\/2023\/12\/Cable-de-corriente-de-90cm-de-extension-c14-a-c13-14-awg-15a-125v-de-servicio-pesado-startech.com-mod.-pxt100143.jpg\" \/>\n\t<meta property=\"og:image:width\" content=\"200\" \/>\n\t<meta property=\"og:image:height\" content=\"200\" \/>\n\t<meta property=\"og:image:type\" content=\"image\/jpeg\" \/>\n<meta name=\"twitter:card\" content=\"summary_large_image\" \/>\n<meta name=\"twitter:label1\" content=\"Precio\" \/>\n\t<meta name=\"twitter:data1\" content=\"&#36;150 con IVA\" \/>\n\t<meta name=\"twitter:label2\" content=\"Availability\" \/>\n\t<meta name=\"twitter:data2\" content=\"In stock\" \/>\n<script type=\"application\/ld+json\" class=\"yoast-schema-graph\">{\"@context\":\"https:\/\/schema.org\",\"@graph\":[{\"@type\":\"WebPage\",\"@id\":\"https:\/\/compuviper.mx\/tienda\/producto\/startech-com-pxt100143-cable-de-corriente-de-90cm-de-extension-c14-a-c13-14-awg-15a-125v-de-servicio-pesado-mod\/\",\"url\":\"https:\/\/compuviper.mx\/tienda\/producto\/startech-com-pxt100143-cable-de-corriente-de-90cm-de-extension-c14-a-c13-14-awg-15a-125v-de-servicio-pesado-mod\/\",\"name\":\"[ Startech.com ] &#129351; Pxt100143 Cable De Corriente De 90cm De Extension - C14 A C13 - 14 Awg - 15a 125v - De Servicio Pesado - Mod.\",\"isPartOf\":{\"@id\":\"https:\/\/compuviper.mx\/tienda\/#website\"},\"datePublished\":\"2026-04-17T05:42:38+00:00\",\"dateModified\":\"2026-04-17T05:42:39+00:00\",\"description\":\"Compra Pxt100143 Cable De Corriente De 90cm De Extension - C14 A C13 - 14 Awg - 15a 125v - De Servicio Pesado - Mod. + Env\u00edo a domicilio + Pago seguro + Garant\u00eda\",\"breadcrumb\":{\"@id\":\"https:\/\/compuviper.mx\/tienda\/producto\/startech-com-pxt100143-cable-de-corriente-de-90cm-de-extension-c14-a-c13-14-awg-15a-125v-de-servicio-pesado-mod\/#breadcrumb\"},\"inLanguage\":\"es-MX\",\"potentialAction\":[{\"@type\":\"ReadAction\",\"target\":[\"https:\/\/compuviper.mx\/tienda\/producto\/startech-com-pxt100143-cable-de-corriente-de-90cm-de-extension-c14-a-c13-14-awg-15a-125v-de-servicio-pesado-mod\/\"]}]},{\"@type\":\"BreadcrumbList\",\"@id\":\"https:\/\/compuviper.mx\/tienda\/producto\/startech-com-pxt100143-cable-de-corriente-de-90cm-de-extension-c14-a-c13-14-awg-15a-125v-de-servicio-pesado-mod\/#breadcrumb\",\"itemListElement\":[{\"@type\":\"ListItem\",\"position\":1,\"name\":\"Inicio\",\"item\":\"https:\/\/compuviper.mx\/tienda\/\"},{\"@type\":\"ListItem\",\"position\":2,\"name\":\"Productos\",\"item\":\"https:\/\/compuviper.mx\/tienda\/productos\/\"},{\"@type\":\"ListItem\",\"position\":3,\"name\":\"Cables\",\"item\":\"https:\/\/compuviper.mx\/tienda\/categoria-producto\/cables\/\"},{\"@type\":\"ListItem\",\"position\":4,\"name\":\"Cable De Corriente\",\"item\":\"https:\/\/compuviper.mx\/tienda\/categoria-producto\/cables\/cable-de-corriente\/\"},{\"@type\":\"ListItem\",\"position\":5,\"name\":\"Startech.com Pxt100143 Cable De Corriente De 90cm De Extension &#8211; C14 A C13 &#8211; 14 Awg &#8211; 15a 125v &#8211; De Servicio Pesado &#8211; Mod.\"}]},{\"@type\":\"WebSite\",\"@id\":\"https:\/\/compuviper.mx\/tienda\/#website\",\"url\":\"https:\/\/compuviper.mx\/tienda\/\",\"name\":\"Compuviper\",\"description\":\"Proveedor de Computadoras, Laptops, Servidores, Monitores, Puntos de Venta, Teclados,   Impresoras, T\u00f3ner, C\u00e1maras de Seguridad y m\u00e1s en tu tienda en l\u00ednea\",\"publisher\":{\"@id\":\"https:\/\/compuviper.mx\/tienda\/#organization\"},\"potentialAction\":[{\"@type\":\"SearchAction\",\"target\":{\"@type\":\"EntryPoint\",\"urlTemplate\":\"https:\/\/compuviper.mx\/tienda\/?s={search_term_string}\"},\"query-input\":\"required name=search_term_string\"}],\"inLanguage\":\"es-MX\"},{\"@type\":\"Organization\",\"@id\":\"https:\/\/compuviper.mx\/tienda\/#organization\",\"name\":\"Compuviper\",\"url\":\"https:\/\/compuviper.mx\/tienda\/\",\"logo\":{\"@type\":\"ImageObject\",\"inLanguage\":\"es-MX\",\"@id\":\"https:\/\/compuviper.mx\/tienda\/#\/schema\/logo\/image\/\",\"url\":\"https:\/\/compuviper.mx\/tienda\/wp-content\/uploads\/2021\/08\/Logo-Compuviper-10.png\",\"contentUrl\":\"https:\/\/compuviper.mx\/tienda\/wp-content\/uploads\/2021\/08\/Logo-Compuviper-10.png\",\"width\":1000,\"height\":500,\"caption\":\"Compuviper\"},\"image\":{\"@id\":\"https:\/\/compuviper.mx\/tienda\/#\/schema\/logo\/image\/\"},\"sameAs\":[\"https:\/\/www.facebook.com\/compuviper\",\"https:\/\/www.youtube.com\/channel\/UCf73dERp9Y3cfOq7q8BhLjA?view_as=subscriber\"]}]}<\/script>\n<meta property=\"product:brand\" content=\"STARTECH.COM\" \/>\n<meta property=\"product:price:amount\" content=\"150\" \/>\n<meta property=\"product:price:currency\" content=\"MXN\" \/>\n<meta property=\"og:availability\" content=\"instock\" \/>\n<meta property=\"product:availability\" content=\"instock\" \/>\n<meta property=\"product:retailer_item_id\" content=\"PXT100143\" \/>\n<meta property=\"product:condition\" content=\"new\" \/>\n<!-- \/ Yoast SEO plugin. -->","yoast_head_json":{"title":"[ Startech.com ] &#129351; Pxt100143 Cable De Corriente De 90cm De Extension - C14 A C13 - 14 Awg - 15a 125v - De Servicio Pesado - Mod.","description":"Compra Pxt100143 Cable De Corriente De 90cm De Extension - C14 A C13 - 14 Awg - 15a 125v - De Servicio Pesado - Mod. + Env\u00edo a domicilio + Pago seguro + Garant\u00eda","robots":{"index":"index","follow":"follow","max-snippet":"max-snippet:-1","max-image-preview":"max-image-preview:large","max-video-preview":"max-video-preview:-1"},"canonical":"https:\/\/compuviper.mx\/tienda\/producto\/startech-com-pxt100143-cable-de-corriente-de-90cm-de-extension-c14-a-c13-14-awg-15a-125v-de-servicio-pesado-mod\/","og_locale":"es_MX","og_type":"article","og_title":"[ Startech.com ] &#129351; Pxt100143 Cable De Corriente De 90cm De Extension - C14 A C13 - 14 Awg - 15a 125v - De Servicio Pesado - Mod.","og_description":"Compra Pxt100143 Cable De Corriente De 90cm De Extension - C14 A C13 - 14 Awg - 15a 125v - De Servicio Pesado - Mod. + Env\u00edo a domicilio + Pago seguro + Garant\u00eda","og_url":"https:\/\/compuviper.mx\/tienda\/producto\/startech-com-pxt100143-cable-de-corriente-de-90cm-de-extension-c14-a-c13-14-awg-15a-125v-de-servicio-pesado-mod\/","og_site_name":"Compuviper","article_publisher":"https:\/\/www.facebook.com\/compuviper","article_modified_time":"2026-04-17T05:42:39+00:00","og_image":[{"width":200,"height":200,"url":"https:\/\/compuviper.mx\/tienda\/wp-content\/uploads\/2023\/12\/Cable-de-corriente-de-90cm-de-extension-c14-a-c13-14-awg-15a-125v-de-servicio-pesado-startech.com-mod.-pxt100143.jpg","type":"image\/jpeg"}],"twitter_card":"summary_large_image","twitter_misc":{"Precio":"&#36;150 con IVA","Availability":"In stock"},"schema":{"@context":"https:\/\/schema.org","@graph":[{"@type":"WebPage","@id":"https:\/\/compuviper.mx\/tienda\/producto\/startech-com-pxt100143-cable-de-corriente-de-90cm-de-extension-c14-a-c13-14-awg-15a-125v-de-servicio-pesado-mod\/","url":"https:\/\/compuviper.mx\/tienda\/producto\/startech-com-pxt100143-cable-de-corriente-de-90cm-de-extension-c14-a-c13-14-awg-15a-125v-de-servicio-pesado-mod\/","name":"[ Startech.com ] &#129351; Pxt100143 Cable De Corriente De 90cm De Extension - C14 A C13 - 14 Awg - 15a 125v - De Servicio Pesado - Mod.","isPartOf":{"@id":"https:\/\/compuviper.mx\/tienda\/#website"},"datePublished":"2026-04-17T05:42:38+00:00","dateModified":"2026-04-17T05:42:39+00:00","description":"Compra Pxt100143 Cable De Corriente De 90cm De Extension - C14 A C13 - 14 Awg - 15a 125v - De Servicio Pesado - Mod. + Env\u00edo a domicilio + Pago seguro + Garant\u00eda","breadcrumb":{"@id":"https:\/\/compuviper.mx\/tienda\/producto\/startech-com-pxt100143-cable-de-corriente-de-90cm-de-extension-c14-a-c13-14-awg-15a-125v-de-servicio-pesado-mod\/#breadcrumb"},"inLanguage":"es-MX","potentialAction":[{"@type":"ReadAction","target":["https:\/\/compuviper.mx\/tienda\/producto\/startech-com-pxt100143-cable-de-corriente-de-90cm-de-extension-c14-a-c13-14-awg-15a-125v-de-servicio-pesado-mod\/"]}]},{"@type":"BreadcrumbList","@id":"https:\/\/compuviper.mx\/tienda\/producto\/startech-com-pxt100143-cable-de-corriente-de-90cm-de-extension-c14-a-c13-14-awg-15a-125v-de-servicio-pesado-mod\/#breadcrumb","itemListElement":[{"@type":"ListItem","position":1,"name":"Inicio","item":"https:\/\/compuviper.mx\/tienda\/"},{"@type":"ListItem","position":2,"name":"Productos","item":"https:\/\/compuviper.mx\/tienda\/productos\/"},{"@type":"ListItem","position":3,"name":"Cables","item":"https:\/\/compuviper.mx\/tienda\/categoria-producto\/cables\/"},{"@type":"ListItem","position":4,"name":"Cable De Corriente","item":"https:\/\/compuviper.mx\/tienda\/categoria-producto\/cables\/cable-de-corriente\/"},{"@type":"ListItem","position":5,"name":"Startech.com Pxt100143 Cable De Corriente De 90cm De Extension &#8211; C14 A C13 &#8211; 14 Awg &#8211; 15a 125v &#8211; De Servicio Pesado &#8211; Mod."}]},{"@type":"WebSite","@id":"https:\/\/compuviper.mx\/tienda\/#website","url":"https:\/\/compuviper.mx\/tienda\/","name":"Compuviper","description":"Proveedor de Computadoras, Laptops, Servidores, Monitores, Puntos de Venta, Teclados,   Impresoras, T\u00f3ner, C\u00e1maras de Seguridad y m\u00e1s en tu tienda en l\u00ednea","publisher":{"@id":"https:\/\/compuviper.mx\/tienda\/#organization"},"potentialAction":[{"@type":"SearchAction","target":{"@type":"EntryPoint","urlTemplate":"https:\/\/compuviper.mx\/tienda\/?s={search_term_string}"},"query-input":"required name=search_term_string"}],"inLanguage":"es-MX"},{"@type":"Organization","@id":"https:\/\/compuviper.mx\/tienda\/#organization","name":"Compuviper","url":"https:\/\/compuviper.mx\/tienda\/","logo":{"@type":"ImageObject","inLanguage":"es-MX","@id":"https:\/\/compuviper.mx\/tienda\/#\/schema\/logo\/image\/","url":"https:\/\/compuviper.mx\/tienda\/wp-content\/uploads\/2021\/08\/Logo-Compuviper-10.png","contentUrl":"https:\/\/compuviper.mx\/tienda\/wp-content\/uploads\/2021\/08\/Logo-Compuviper-10.png","width":1000,"height":500,"caption":"Compuviper"},"image":{"@id":"https:\/\/compuviper.mx\/tienda\/#\/schema\/logo\/image\/"},"sameAs":["https:\/\/www.facebook.com\/compuviper","https:\/\/www.youtube.com\/channel\/UCf73dERp9Y3cfOq7q8BhLjA?view_as=subscriber"]}]},"product_brand":"STARTECH.COM","product_price_amount":"150","product_price_currency":"MXN","og_availability":"instock","product_availability":"instock","product_retailer_item_id":"PXT100143","product_condition":"new"},"_links":{"self":[{"href":"https:\/\/compuviper.mx\/tienda\/wp-json\/wp\/v2\/product\/213696"}],"collection":[{"href":"https:\/\/compuviper.mx\/tienda\/wp-json\/wp\/v2\/product"}],"about":[{"href":"https:\/\/compuviper.mx\/tienda\/wp-json\/wp\/v2\/types\/product"}],"replies":[{"embeddable":true,"href":"https:\/\/compuviper.mx\/tienda\/wp-json\/wp\/v2\/comments?post=213696"}],"wp:featuredmedia":[{"embeddable":true,"href":"https:\/\/compuviper.mx\/tienda\/wp-json\/wp\/v2\/media\/213697"}],"wp:attachment":[{"href":"https:\/\/compuviper.mx\/tienda\/wp-json\/wp\/v2\/media?parent=213696"}],"wp:term":[{"taxonomy":"product_cat","embeddable":true,"href":"https:\/\/compuviper.mx\/tienda\/wp-json\/wp\/v2\/product_cat?post=213696"},{"taxonomy":"product_tag","embeddable":true,"href":"https:\/\/compuviper.mx\/tienda\/wp-json\/wp\/v2\/product_tag?post=213696"}],"curies":[{"name":"wp","href":"https:\/\/api.w.org\/{rel}","templated":true}]}}