{"id":213692,"date":"2026-04-17T23:43:25","date_gmt":"2026-04-18T05:43:25","guid":{"rendered":"https:\/\/compuviper.mx\/tienda\/producto\/startech-com-usbab1mr-cable-adaptador-usb-de-1m-para-impresora-acodado-1x-usb-a-macho-1x-usb-b-macho-en-angulo-derecho-mod\/"},"modified":"2026-04-17T23:43:25","modified_gmt":"2026-04-18T05:43:25","slug":"startech-com-usbab1mr-cable-adaptador-usb-de-1m-para-impresora-acodado-1x-usb-a-macho-1x-usb-b-macho-en-angulo-derecho-mod","status":"publish","type":"product","link":"https:\/\/compuviper.mx\/tienda\/producto\/startech-com-usbab1mr-cable-adaptador-usb-de-1m-para-impresora-acodado-1x-usb-a-macho-1x-usb-b-macho-en-angulo-derecho-mod\/","title":{"rendered":"Startech.com Usbab1mr Cable Adaptador Usb De 1m Para Impresora Acodado &#8211; 1x Usb A Macho &#8211; 1x Usb B Macho En Angulo Derecho &#8211;  Mod."},"content":{"rendered":"<table class=\"descripcion\">\n<tr>\n<td>Caracteristicas fisicas<\/td>\n<\/tr>\n<tr>\n<td>Calibre del conductor : 24\/28 awg<\/td>\n<\/tr>\n<tr>\n<td>Color : negro<\/td>\n<\/tr>\n<tr>\n<td>Estilo de conector : recto con orientacion hacia la derecha<\/td>\n<\/tr>\n<tr>\n<td>Longitud del cable : 1 m<\/td>\n<\/tr>\n<tr>\n<td>Longitud del producto : 1 m<\/td>\n<\/tr>\n<tr>\n<td>Peso del producto : 39 g<\/td>\n<\/tr>\n<tr>\n<td>Conectores<\/td>\n<\/tr>\n<tr>\n<td>Conector a : usb type-a 4 pines usb 2.0<\/td>\n<\/tr>\n<tr>\n<td>Conector b : usb b 4 pines<\/td>\n<\/tr>\n<tr>\n<td>Contenido de la caja<\/td>\n<\/tr>\n<tr>\n<td>Incluido en la caja : cable usb 2.0 a a angulo derecho b 1 metro \u0096 m\/m<\/td>\n<\/tr>\n<tr>\n<td>Hardware<\/td>\n<\/tr>\n<tr>\n<td>Cable tipo jacket : pvc &#8211; polyvinyl chloride<\/td>\n<\/tr>\n<tr>\n<td>Revestimiento del conector  : niquel<\/td>\n<\/tr>\n<tr>\n<td>Tipo de cable blindado : lamina de aluminio mylar con malla trenzada<\/td>\n<\/tr>\n<\/table>\n","protected":false},"excerpt":{"rendered":"<p>El cable de impresora usb de 1 metro\u00a0modelo usbab1mr, incluye un conector macho usb a y un conector macho usb b con\u00a0angulo derecho, posibilitando\u00a0una conexion de alta calidad con perifricos usb 2.0. El conector usb \u0091b\u0092 con\u00a0angulo derecho permite la conexion de\u00a0dispositivos usb 2.0 como impresoras, escaneres, discos duros externos,\u00a0etc., que estan situados en areas\u00a0de dificil acceso, asi como la instalacion en espacios estrechos. Fabricado en su totalidad con materiales de alta calidad y disenado para un rendimiento y confiabilidad optimos.<\/p>\n","protected":false},"featured_media":213693,"comment_status":"open","ping_status":"open","template":"","meta":[],"product_cat":[1549,1605],"product_tag":[1590],"acf":[],"yoast_head":"<!-- This site is optimized with the Yoast SEO plugin v21.7 - https:\/\/yoast.com\/wordpress\/plugins\/seo\/ -->\n<title>[ Startech.com ] &#129351; Usbab1mr Cable Adaptador Usb De 1m Para Impresora Acodado - 1x Usb A Macho - 1x Usb B Macho En Angulo Derecho - Mod.<\/title>\n<meta name=\"description\" content=\"Compra Usbab1mr Cable Adaptador Usb De 1m Para Impresora Acodado - 1x Usb A Macho - 1x Usb B Macho En Angulo Derecho - Mod. + Env\u00edo a domicilio + Pago seguro + Garant\u00eda\" \/>\n<meta name=\"robots\" content=\"index, follow, max-snippet:-1, max-image-preview:large, max-video-preview:-1\" \/>\n<link rel=\"canonical\" href=\"https:\/\/compuviper.mx\/tienda\/producto\/startech-com-usbab1mr-cable-adaptador-usb-de-1m-para-impresora-acodado-1x-usb-a-macho-1x-usb-b-macho-en-angulo-derecho-mod\/\" \/>\n<meta property=\"og:locale\" content=\"es_MX\" \/>\n<meta property=\"og:type\" content=\"article\" \/>\n<meta property=\"og:title\" content=\"[ Startech.com ] &#129351; Usbab1mr Cable Adaptador Usb De 1m Para Impresora Acodado - 1x Usb A Macho - 1x Usb B Macho En Angulo Derecho - Mod.\" \/>\n<meta property=\"og:description\" content=\"Compra Usbab1mr Cable Adaptador Usb De 1m Para Impresora Acodado - 1x Usb A Macho - 1x Usb B Macho En Angulo Derecho - Mod. + Env\u00edo a domicilio + Pago seguro + Garant\u00eda\" \/>\n<meta property=\"og:url\" content=\"https:\/\/compuviper.mx\/tienda\/producto\/startech-com-usbab1mr-cable-adaptador-usb-de-1m-para-impresora-acodado-1x-usb-a-macho-1x-usb-b-macho-en-angulo-derecho-mod\/\" \/>\n<meta property=\"og:site_name\" content=\"Compuviper\" \/>\n<meta property=\"article:publisher\" content=\"https:\/\/www.facebook.com\/compuviper\" \/>\n<meta property=\"og:image\" content=\"https:\/\/compuviper.mx\/tienda\/wp-content\/uploads\/2023\/12\/Cable-adaptador-usb-de-1m-para-impresora-acodado-1x-usb-a-macho-1x-usb-b-macho-en-angulo-derecho-startech.com-mod.-usbab1mr.jpg\" \/>\n\t<meta property=\"og:image:width\" content=\"200\" \/>\n\t<meta property=\"og:image:height\" content=\"200\" \/>\n\t<meta property=\"og:image:type\" content=\"image\/jpeg\" \/>\n<meta name=\"twitter:card\" content=\"summary_large_image\" \/>\n<meta name=\"twitter:label1\" content=\"Precio\" \/>\n\t<meta name=\"twitter:data1\" content=\"&#36;129 con IVA\" \/>\n\t<meta name=\"twitter:label2\" content=\"Availability\" \/>\n\t<meta name=\"twitter:data2\" content=\"Out of stock\" \/>\n<script type=\"application\/ld+json\" class=\"yoast-schema-graph\">{\"@context\":\"https:\/\/schema.org\",\"@graph\":[{\"@type\":\"WebPage\",\"@id\":\"https:\/\/compuviper.mx\/tienda\/producto\/startech-com-usbab1mr-cable-adaptador-usb-de-1m-para-impresora-acodado-1x-usb-a-macho-1x-usb-b-macho-en-angulo-derecho-mod\/\",\"url\":\"https:\/\/compuviper.mx\/tienda\/producto\/startech-com-usbab1mr-cable-adaptador-usb-de-1m-para-impresora-acodado-1x-usb-a-macho-1x-usb-b-macho-en-angulo-derecho-mod\/\",\"name\":\"[ Startech.com ] &#129351; Usbab1mr Cable Adaptador Usb De 1m Para Impresora Acodado - 1x Usb A Macho - 1x Usb B Macho En Angulo Derecho - Mod.\",\"isPartOf\":{\"@id\":\"https:\/\/compuviper.mx\/tienda\/#website\"},\"datePublished\":\"2026-04-18T05:43:25+00:00\",\"dateModified\":\"2026-04-18T05:43:25+00:00\",\"description\":\"Compra Usbab1mr Cable Adaptador Usb De 1m Para Impresora Acodado - 1x Usb A Macho - 1x Usb B Macho En Angulo Derecho - Mod. + Env\u00edo a domicilio + Pago seguro + Garant\u00eda\",\"breadcrumb\":{\"@id\":\"https:\/\/compuviper.mx\/tienda\/producto\/startech-com-usbab1mr-cable-adaptador-usb-de-1m-para-impresora-acodado-1x-usb-a-macho-1x-usb-b-macho-en-angulo-derecho-mod\/#breadcrumb\"},\"inLanguage\":\"es-MX\",\"potentialAction\":[{\"@type\":\"ReadAction\",\"target\":[\"https:\/\/compuviper.mx\/tienda\/producto\/startech-com-usbab1mr-cable-adaptador-usb-de-1m-para-impresora-acodado-1x-usb-a-macho-1x-usb-b-macho-en-angulo-derecho-mod\/\"]}]},{\"@type\":\"BreadcrumbList\",\"@id\":\"https:\/\/compuviper.mx\/tienda\/producto\/startech-com-usbab1mr-cable-adaptador-usb-de-1m-para-impresora-acodado-1x-usb-a-macho-1x-usb-b-macho-en-angulo-derecho-mod\/#breadcrumb\",\"itemListElement\":[{\"@type\":\"ListItem\",\"position\":1,\"name\":\"Inicio\",\"item\":\"https:\/\/compuviper.mx\/tienda\/\"},{\"@type\":\"ListItem\",\"position\":2,\"name\":\"Productos\",\"item\":\"https:\/\/compuviper.mx\/tienda\/productos\/\"},{\"@type\":\"ListItem\",\"position\":3,\"name\":\"Cables\",\"item\":\"https:\/\/compuviper.mx\/tienda\/categoria-producto\/cables\/\"},{\"@type\":\"ListItem\",\"position\":4,\"name\":\"Cable Usb\",\"item\":\"https:\/\/compuviper.mx\/tienda\/categoria-producto\/cables\/cable-usb\/\"},{\"@type\":\"ListItem\",\"position\":5,\"name\":\"Startech.com Usbab1mr Cable Adaptador Usb De 1m Para Impresora Acodado &#8211; 1x Usb A Macho &#8211; 1x Usb B Macho En Angulo Derecho &#8211; Mod.\"}]},{\"@type\":\"WebSite\",\"@id\":\"https:\/\/compuviper.mx\/tienda\/#website\",\"url\":\"https:\/\/compuviper.mx\/tienda\/\",\"name\":\"Compuviper\",\"description\":\"Proveedor de Computadoras, Laptops, Servidores, Monitores, Puntos de Venta, Teclados,   Impresoras, T\u00f3ner, C\u00e1maras de Seguridad y m\u00e1s en tu tienda en l\u00ednea\",\"publisher\":{\"@id\":\"https:\/\/compuviper.mx\/tienda\/#organization\"},\"potentialAction\":[{\"@type\":\"SearchAction\",\"target\":{\"@type\":\"EntryPoint\",\"urlTemplate\":\"https:\/\/compuviper.mx\/tienda\/?s={search_term_string}\"},\"query-input\":\"required name=search_term_string\"}],\"inLanguage\":\"es-MX\"},{\"@type\":\"Organization\",\"@id\":\"https:\/\/compuviper.mx\/tienda\/#organization\",\"name\":\"Compuviper\",\"url\":\"https:\/\/compuviper.mx\/tienda\/\",\"logo\":{\"@type\":\"ImageObject\",\"inLanguage\":\"es-MX\",\"@id\":\"https:\/\/compuviper.mx\/tienda\/#\/schema\/logo\/image\/\",\"url\":\"https:\/\/compuviper.mx\/tienda\/wp-content\/uploads\/2021\/08\/Logo-Compuviper-10.png\",\"contentUrl\":\"https:\/\/compuviper.mx\/tienda\/wp-content\/uploads\/2021\/08\/Logo-Compuviper-10.png\",\"width\":1000,\"height\":500,\"caption\":\"Compuviper\"},\"image\":{\"@id\":\"https:\/\/compuviper.mx\/tienda\/#\/schema\/logo\/image\/\"},\"sameAs\":[\"https:\/\/www.facebook.com\/compuviper\",\"https:\/\/www.youtube.com\/channel\/UCf73dERp9Y3cfOq7q8BhLjA?view_as=subscriber\"]}]}<\/script>\n<meta property=\"product:brand\" content=\"STARTECH.COM\" \/>\n<meta property=\"product:price:amount\" content=\"129\" \/>\n<meta property=\"product:price:currency\" content=\"MXN\" \/>\n<meta property=\"og:availability\" content=\"out of stock\" \/>\n<meta property=\"product:availability\" content=\"out of stock\" \/>\n<meta property=\"product:retailer_item_id\" content=\"USBAB1MR\" \/>\n<meta property=\"product:condition\" content=\"new\" \/>\n<!-- \/ Yoast SEO plugin. -->","yoast_head_json":{"title":"[ Startech.com ] &#129351; Usbab1mr Cable Adaptador Usb De 1m Para Impresora Acodado - 1x Usb A Macho - 1x Usb B Macho En Angulo Derecho - Mod.","description":"Compra Usbab1mr Cable Adaptador Usb De 1m Para Impresora Acodado - 1x Usb A Macho - 1x Usb B Macho En Angulo Derecho - Mod. + Env\u00edo a domicilio + Pago seguro + Garant\u00eda","robots":{"index":"index","follow":"follow","max-snippet":"max-snippet:-1","max-image-preview":"max-image-preview:large","max-video-preview":"max-video-preview:-1"},"canonical":"https:\/\/compuviper.mx\/tienda\/producto\/startech-com-usbab1mr-cable-adaptador-usb-de-1m-para-impresora-acodado-1x-usb-a-macho-1x-usb-b-macho-en-angulo-derecho-mod\/","og_locale":"es_MX","og_type":"article","og_title":"[ Startech.com ] &#129351; Usbab1mr Cable Adaptador Usb De 1m Para Impresora Acodado - 1x Usb A Macho - 1x Usb B Macho En Angulo Derecho - Mod.","og_description":"Compra Usbab1mr Cable Adaptador Usb De 1m Para Impresora Acodado - 1x Usb A Macho - 1x Usb B Macho En Angulo Derecho - Mod. + Env\u00edo a domicilio + Pago seguro + Garant\u00eda","og_url":"https:\/\/compuviper.mx\/tienda\/producto\/startech-com-usbab1mr-cable-adaptador-usb-de-1m-para-impresora-acodado-1x-usb-a-macho-1x-usb-b-macho-en-angulo-derecho-mod\/","og_site_name":"Compuviper","article_publisher":"https:\/\/www.facebook.com\/compuviper","og_image":[{"width":200,"height":200,"url":"https:\/\/compuviper.mx\/tienda\/wp-content\/uploads\/2023\/12\/Cable-adaptador-usb-de-1m-para-impresora-acodado-1x-usb-a-macho-1x-usb-b-macho-en-angulo-derecho-startech.com-mod.-usbab1mr.jpg","type":"image\/jpeg"}],"twitter_card":"summary_large_image","twitter_misc":{"Precio":"&#36;129 con IVA","Availability":"Out of stock"},"schema":{"@context":"https:\/\/schema.org","@graph":[{"@type":"WebPage","@id":"https:\/\/compuviper.mx\/tienda\/producto\/startech-com-usbab1mr-cable-adaptador-usb-de-1m-para-impresora-acodado-1x-usb-a-macho-1x-usb-b-macho-en-angulo-derecho-mod\/","url":"https:\/\/compuviper.mx\/tienda\/producto\/startech-com-usbab1mr-cable-adaptador-usb-de-1m-para-impresora-acodado-1x-usb-a-macho-1x-usb-b-macho-en-angulo-derecho-mod\/","name":"[ Startech.com ] &#129351; Usbab1mr Cable Adaptador Usb De 1m Para Impresora Acodado - 1x Usb A Macho - 1x Usb B Macho En Angulo Derecho - Mod.","isPartOf":{"@id":"https:\/\/compuviper.mx\/tienda\/#website"},"datePublished":"2026-04-18T05:43:25+00:00","dateModified":"2026-04-18T05:43:25+00:00","description":"Compra Usbab1mr Cable Adaptador Usb De 1m Para Impresora Acodado - 1x Usb A Macho - 1x Usb B Macho En Angulo Derecho - Mod. + Env\u00edo a domicilio + Pago seguro + Garant\u00eda","breadcrumb":{"@id":"https:\/\/compuviper.mx\/tienda\/producto\/startech-com-usbab1mr-cable-adaptador-usb-de-1m-para-impresora-acodado-1x-usb-a-macho-1x-usb-b-macho-en-angulo-derecho-mod\/#breadcrumb"},"inLanguage":"es-MX","potentialAction":[{"@type":"ReadAction","target":["https:\/\/compuviper.mx\/tienda\/producto\/startech-com-usbab1mr-cable-adaptador-usb-de-1m-para-impresora-acodado-1x-usb-a-macho-1x-usb-b-macho-en-angulo-derecho-mod\/"]}]},{"@type":"BreadcrumbList","@id":"https:\/\/compuviper.mx\/tienda\/producto\/startech-com-usbab1mr-cable-adaptador-usb-de-1m-para-impresora-acodado-1x-usb-a-macho-1x-usb-b-macho-en-angulo-derecho-mod\/#breadcrumb","itemListElement":[{"@type":"ListItem","position":1,"name":"Inicio","item":"https:\/\/compuviper.mx\/tienda\/"},{"@type":"ListItem","position":2,"name":"Productos","item":"https:\/\/compuviper.mx\/tienda\/productos\/"},{"@type":"ListItem","position":3,"name":"Cables","item":"https:\/\/compuviper.mx\/tienda\/categoria-producto\/cables\/"},{"@type":"ListItem","position":4,"name":"Cable Usb","item":"https:\/\/compuviper.mx\/tienda\/categoria-producto\/cables\/cable-usb\/"},{"@type":"ListItem","position":5,"name":"Startech.com Usbab1mr Cable Adaptador Usb De 1m Para Impresora Acodado &#8211; 1x Usb A Macho &#8211; 1x Usb B Macho En Angulo Derecho &#8211; Mod."}]},{"@type":"WebSite","@id":"https:\/\/compuviper.mx\/tienda\/#website","url":"https:\/\/compuviper.mx\/tienda\/","name":"Compuviper","description":"Proveedor de Computadoras, Laptops, Servidores, Monitores, Puntos de Venta, Teclados,   Impresoras, T\u00f3ner, C\u00e1maras de Seguridad y m\u00e1s en tu tienda en l\u00ednea","publisher":{"@id":"https:\/\/compuviper.mx\/tienda\/#organization"},"potentialAction":[{"@type":"SearchAction","target":{"@type":"EntryPoint","urlTemplate":"https:\/\/compuviper.mx\/tienda\/?s={search_term_string}"},"query-input":"required name=search_term_string"}],"inLanguage":"es-MX"},{"@type":"Organization","@id":"https:\/\/compuviper.mx\/tienda\/#organization","name":"Compuviper","url":"https:\/\/compuviper.mx\/tienda\/","logo":{"@type":"ImageObject","inLanguage":"es-MX","@id":"https:\/\/compuviper.mx\/tienda\/#\/schema\/logo\/image\/","url":"https:\/\/compuviper.mx\/tienda\/wp-content\/uploads\/2021\/08\/Logo-Compuviper-10.png","contentUrl":"https:\/\/compuviper.mx\/tienda\/wp-content\/uploads\/2021\/08\/Logo-Compuviper-10.png","width":1000,"height":500,"caption":"Compuviper"},"image":{"@id":"https:\/\/compuviper.mx\/tienda\/#\/schema\/logo\/image\/"},"sameAs":["https:\/\/www.facebook.com\/compuviper","https:\/\/www.youtube.com\/channel\/UCf73dERp9Y3cfOq7q8BhLjA?view_as=subscriber"]}]},"product_brand":"STARTECH.COM","product_price_amount":"129","product_price_currency":"MXN","og_availability":"out of stock","product_availability":"out of stock","product_retailer_item_id":"USBAB1MR","product_condition":"new"},"_links":{"self":[{"href":"https:\/\/compuviper.mx\/tienda\/wp-json\/wp\/v2\/product\/213692"}],"collection":[{"href":"https:\/\/compuviper.mx\/tienda\/wp-json\/wp\/v2\/product"}],"about":[{"href":"https:\/\/compuviper.mx\/tienda\/wp-json\/wp\/v2\/types\/product"}],"replies":[{"embeddable":true,"href":"https:\/\/compuviper.mx\/tienda\/wp-json\/wp\/v2\/comments?post=213692"}],"wp:featuredmedia":[{"embeddable":true,"href":"https:\/\/compuviper.mx\/tienda\/wp-json\/wp\/v2\/media\/213693"}],"wp:attachment":[{"href":"https:\/\/compuviper.mx\/tienda\/wp-json\/wp\/v2\/media?parent=213692"}],"wp:term":[{"taxonomy":"product_cat","embeddable":true,"href":"https:\/\/compuviper.mx\/tienda\/wp-json\/wp\/v2\/product_cat?post=213692"},{"taxonomy":"product_tag","embeddable":true,"href":"https:\/\/compuviper.mx\/tienda\/wp-json\/wp\/v2\/product_tag?post=213692"}],"curies":[{"name":"wp","href":"https:\/\/api.w.org\/{rel}","templated":true}]}}