{"id":213676,"date":"2026-04-01T23:39:32","date_gmt":"2026-04-02T05:39:32","guid":{"rendered":"https:\/\/compuviper.mx\/tienda\/producto\/startech-com-cdp2hd1mbnl-cable-adaptador-de-1m-usb-c-a-hdmi-4k-60hz-negro-cable-usb-tipo-c-a-hdmi-cable-convertidor-de-video-usbc-mod\/"},"modified":"2026-04-01T23:39:32","modified_gmt":"2026-04-02T05:39:32","slug":"startech-com-cdp2hd1mbnl-cable-adaptador-de-1m-usb-c-a-hdmi-4k-60hz-negro-cable-usb-tipo-c-a-hdmi-cable-convertidor-de-video-usbc-mod","status":"publish","type":"product","link":"https:\/\/compuviper.mx\/tienda\/producto\/startech-com-cdp2hd1mbnl-cable-adaptador-de-1m-usb-c-a-hdmi-4k-60hz-negro-cable-usb-tipo-c-a-hdmi-cable-convertidor-de-video-usbc-mod\/","title":{"rendered":"Startech.com Cdp2hd1mbnl Cable Adaptador De 1m Usb-c A Hdmi 4k 60hz &#8211; Negro &#8211; Cable Usb Tipo C A Hdmi &#8211; Cable Convertidor De Video Usbc &#8211;  Mod."},"content":{"rendered":"<table class=\"descripcion\">\n<tr>\n<td>Hardware<\/td>\n<\/tr>\n<tr>\n<td>Salida a\/v: hdmi<\/td>\n<\/tr>\n<tr>\n<td>Id del conjunto de chips: via\/vli &#8211; vl100<\/td>\n<\/tr>\n<tr>\n<td>Parade &#8211; ps176<\/td>\n<\/tr>\n<tr>\n<td>Entrada a\/v: usb-c<\/td>\n<\/tr>\n<tr>\n<td>Cantidad de puertos: 1<\/td>\n<\/tr>\n<tr>\n<td>Rendimiento<\/td>\n<\/tr>\n<tr>\n<td>Especificaciones de audio: sonido envolvente 7.1<\/td>\n<\/tr>\n<tr>\n<td>Pantalla plana soportada: si<\/td>\n<\/tr>\n<tr>\n<td>Resolucion digital maxima: 3840&#215;2160 @ 60 hz<\/td>\n<\/tr>\n<tr>\n<td>Resoluciones  admitidas: 1024&#215;768<\/td>\n<\/tr>\n<tr>\n<td>1280&#215;720 hd 720p<\/td>\n<\/tr>\n<tr>\n<td>1920&#215;1080 hd 1080p<\/td>\n<\/tr>\n<tr>\n<td>1920&#215;1200<\/td>\n<\/tr>\n<tr>\n<td>2560&#215;1440<\/td>\n<\/tr>\n<tr>\n<td>2560&#215;1600<\/td>\n<\/tr>\n<tr>\n<td>3840&#215;2160 ultra hd 4k<\/td>\n<\/tr>\n<tr>\n<td>Conectores<\/td>\n<\/tr>\n<tr>\n<td>Conector b: hdmi 19 pines<\/td>\n<\/tr>\n<tr>\n<td>Conector a: modo alt alternativo de displayport usb-c 24 pines<\/td>\n<\/tr>\n<tr>\n<td>Caracteristicas fisicas<\/td>\n<\/tr>\n<tr>\n<td>Peso: 36 g<\/td>\n<\/tr>\n<tr>\n<td>Longitud: 1 m<\/td>\n<\/tr>\n<tr>\n<td>Longitud del cable: 1 m<\/td>\n<\/tr>\n<tr>\n<td>Color: negro<\/td>\n<\/tr>\n<tr>\n<td>Ancho: 22 mm<\/td>\n<\/tr>\n<tr>\n<td>Altura: 1.4 cm<\/td>\n<\/tr>\n<\/table>\n","protected":false},"excerpt":{"rendered":"<p>Este cable adaptador usb-c a hdmi constituye una solucion practica para la conexion directa de su dispositivo displayport a traves de usb type-c con su pantalla, televisor o proyector hdmi. El adaptador ofrece una distancia de conexion de hasta 1m\u00a0y funciona con dispositivos usb-c compatibles con el modo alt alternativo de displayport, como los macbook, chromebook pixel y dell xps modelos 15 y 13. Tambien es compatible con puertos thunderbolt 3. Con 1\u00a0metro\u00a0de\u00a0longitud, este cable adaptador ofrece una conexion directa que elimina el exceso de adaptadores y cables, a fin de garantizar una instalacion ordenada y profesional. Con una resolucion cuatro veces superior a la alta definicion a 1080p, las imagenes de un televisor o pantalla\u00a0con calidad 4k a 60hz le dejaran asombrado. El adaptador cdp2hd1mbnl cuenta con soporte tecnico gratuito de por vida.<\/p>\n","protected":false},"featured_media":213677,"comment_status":"open","ping_status":"open","template":"","meta":[],"product_cat":[1549,1605],"product_tag":[1590],"acf":[],"yoast_head":"<!-- This site is optimized with the Yoast SEO plugin v21.7 - https:\/\/yoast.com\/wordpress\/plugins\/seo\/ -->\n<title>[ Startech.com ] &#129351; Cdp2hd1mbnl Cable Adaptador De 1m Usb-c A Hdmi 4k 60hz - Negro - Cable Usb Tipo C A Hdmi - Cable Convertidor De Video Usbc - Mod.<\/title>\n<meta name=\"description\" content=\"Compra Cdp2hd1mbnl Cable Adaptador De 1m Usb-c A Hdmi 4k 60hz - Negro - Cable Usb Tipo C A Hdmi - Cable Convertidor De Video Usbc - Mod. + Env\u00edo a domicilio + Pago seguro + Garant\u00eda\" \/>\n<meta name=\"robots\" content=\"index, follow, max-snippet:-1, max-image-preview:large, max-video-preview:-1\" \/>\n<link rel=\"canonical\" href=\"https:\/\/compuviper.mx\/tienda\/producto\/startech-com-cdp2hd1mbnl-cable-adaptador-de-1m-usb-c-a-hdmi-4k-60hz-negro-cable-usb-tipo-c-a-hdmi-cable-convertidor-de-video-usbc-mod\/\" \/>\n<meta property=\"og:locale\" content=\"es_MX\" \/>\n<meta property=\"og:type\" content=\"article\" \/>\n<meta property=\"og:title\" content=\"[ Startech.com ] &#129351; Cdp2hd1mbnl Cable Adaptador De 1m Usb-c A Hdmi 4k 60hz - Negro - Cable Usb Tipo C A Hdmi - Cable Convertidor De Video Usbc - Mod.\" \/>\n<meta property=\"og:description\" content=\"Compra Cdp2hd1mbnl Cable Adaptador De 1m Usb-c A Hdmi 4k 60hz - Negro - Cable Usb Tipo C A Hdmi - Cable Convertidor De Video Usbc - Mod. + Env\u00edo a domicilio + Pago seguro + Garant\u00eda\" \/>\n<meta property=\"og:url\" content=\"https:\/\/compuviper.mx\/tienda\/producto\/startech-com-cdp2hd1mbnl-cable-adaptador-de-1m-usb-c-a-hdmi-4k-60hz-negro-cable-usb-tipo-c-a-hdmi-cable-convertidor-de-video-usbc-mod\/\" \/>\n<meta property=\"og:site_name\" content=\"Compuviper\" \/>\n<meta property=\"article:publisher\" content=\"https:\/\/www.facebook.com\/compuviper\" \/>\n<meta property=\"og:image\" content=\"https:\/\/compuviper.mx\/tienda\/wp-content\/uploads\/2023\/12\/Cable-adaptador-de-1m-usb-c-a-hdmi-4k-60hz-negro-cable-usb-tipo-c-a-hdmi-cable-convertidor-de-video-usbc-startech.com-mod.-cdp2hd1mbnl.jpg\" \/>\n\t<meta property=\"og:image:width\" content=\"200\" \/>\n\t<meta property=\"og:image:height\" content=\"200\" \/>\n\t<meta property=\"og:image:type\" content=\"image\/jpeg\" \/>\n<meta name=\"twitter:card\" content=\"summary_large_image\" \/>\n<meta name=\"twitter:label1\" content=\"Precio\" \/>\n\t<meta name=\"twitter:data1\" content=\"&#36;782 con IVA\" \/>\n\t<meta name=\"twitter:label2\" content=\"Availability\" \/>\n\t<meta name=\"twitter:data2\" content=\"In stock\" \/>\n<script type=\"application\/ld+json\" class=\"yoast-schema-graph\">{\"@context\":\"https:\/\/schema.org\",\"@graph\":[{\"@type\":\"WebPage\",\"@id\":\"https:\/\/compuviper.mx\/tienda\/producto\/startech-com-cdp2hd1mbnl-cable-adaptador-de-1m-usb-c-a-hdmi-4k-60hz-negro-cable-usb-tipo-c-a-hdmi-cable-convertidor-de-video-usbc-mod\/\",\"url\":\"https:\/\/compuviper.mx\/tienda\/producto\/startech-com-cdp2hd1mbnl-cable-adaptador-de-1m-usb-c-a-hdmi-4k-60hz-negro-cable-usb-tipo-c-a-hdmi-cable-convertidor-de-video-usbc-mod\/\",\"name\":\"[ Startech.com ] &#129351; Cdp2hd1mbnl Cable Adaptador De 1m Usb-c A Hdmi 4k 60hz - Negro - Cable Usb Tipo C A Hdmi - Cable Convertidor De Video Usbc - Mod.\",\"isPartOf\":{\"@id\":\"https:\/\/compuviper.mx\/tienda\/#website\"},\"datePublished\":\"2026-04-02T05:39:32+00:00\",\"dateModified\":\"2026-04-02T05:39:32+00:00\",\"description\":\"Compra Cdp2hd1mbnl Cable Adaptador De 1m Usb-c A Hdmi 4k 60hz - Negro - Cable Usb Tipo C A Hdmi - Cable Convertidor De Video Usbc - Mod. + Env\u00edo a domicilio + Pago seguro + Garant\u00eda\",\"breadcrumb\":{\"@id\":\"https:\/\/compuviper.mx\/tienda\/producto\/startech-com-cdp2hd1mbnl-cable-adaptador-de-1m-usb-c-a-hdmi-4k-60hz-negro-cable-usb-tipo-c-a-hdmi-cable-convertidor-de-video-usbc-mod\/#breadcrumb\"},\"inLanguage\":\"es-MX\",\"potentialAction\":[{\"@type\":\"ReadAction\",\"target\":[\"https:\/\/compuviper.mx\/tienda\/producto\/startech-com-cdp2hd1mbnl-cable-adaptador-de-1m-usb-c-a-hdmi-4k-60hz-negro-cable-usb-tipo-c-a-hdmi-cable-convertidor-de-video-usbc-mod\/\"]}]},{\"@type\":\"BreadcrumbList\",\"@id\":\"https:\/\/compuviper.mx\/tienda\/producto\/startech-com-cdp2hd1mbnl-cable-adaptador-de-1m-usb-c-a-hdmi-4k-60hz-negro-cable-usb-tipo-c-a-hdmi-cable-convertidor-de-video-usbc-mod\/#breadcrumb\",\"itemListElement\":[{\"@type\":\"ListItem\",\"position\":1,\"name\":\"Inicio\",\"item\":\"https:\/\/compuviper.mx\/tienda\/\"},{\"@type\":\"ListItem\",\"position\":2,\"name\":\"Productos\",\"item\":\"https:\/\/compuviper.mx\/tienda\/productos\/\"},{\"@type\":\"ListItem\",\"position\":3,\"name\":\"Cables\",\"item\":\"https:\/\/compuviper.mx\/tienda\/categoria-producto\/cables\/\"},{\"@type\":\"ListItem\",\"position\":4,\"name\":\"Cable Usb\",\"item\":\"https:\/\/compuviper.mx\/tienda\/categoria-producto\/cables\/cable-usb\/\"},{\"@type\":\"ListItem\",\"position\":5,\"name\":\"Startech.com Cdp2hd1mbnl Cable Adaptador De 1m Usb-c A Hdmi 4k 60hz &#8211; Negro &#8211; Cable Usb Tipo C A Hdmi &#8211; Cable Convertidor De Video Usbc &#8211; Mod.\"}]},{\"@type\":\"WebSite\",\"@id\":\"https:\/\/compuviper.mx\/tienda\/#website\",\"url\":\"https:\/\/compuviper.mx\/tienda\/\",\"name\":\"Compuviper\",\"description\":\"Proveedor de Computadoras, Laptops, Servidores, Monitores, Puntos de Venta, Teclados,   Impresoras, T\u00f3ner, C\u00e1maras de Seguridad y m\u00e1s en tu tienda en l\u00ednea\",\"publisher\":{\"@id\":\"https:\/\/compuviper.mx\/tienda\/#organization\"},\"potentialAction\":[{\"@type\":\"SearchAction\",\"target\":{\"@type\":\"EntryPoint\",\"urlTemplate\":\"https:\/\/compuviper.mx\/tienda\/?s={search_term_string}\"},\"query-input\":\"required name=search_term_string\"}],\"inLanguage\":\"es-MX\"},{\"@type\":\"Organization\",\"@id\":\"https:\/\/compuviper.mx\/tienda\/#organization\",\"name\":\"Compuviper\",\"url\":\"https:\/\/compuviper.mx\/tienda\/\",\"logo\":{\"@type\":\"ImageObject\",\"inLanguage\":\"es-MX\",\"@id\":\"https:\/\/compuviper.mx\/tienda\/#\/schema\/logo\/image\/\",\"url\":\"https:\/\/compuviper.mx\/tienda\/wp-content\/uploads\/2021\/08\/Logo-Compuviper-10.png\",\"contentUrl\":\"https:\/\/compuviper.mx\/tienda\/wp-content\/uploads\/2021\/08\/Logo-Compuviper-10.png\",\"width\":1000,\"height\":500,\"caption\":\"Compuviper\"},\"image\":{\"@id\":\"https:\/\/compuviper.mx\/tienda\/#\/schema\/logo\/image\/\"},\"sameAs\":[\"https:\/\/www.facebook.com\/compuviper\",\"https:\/\/www.youtube.com\/channel\/UCf73dERp9Y3cfOq7q8BhLjA?view_as=subscriber\"]}]}<\/script>\n<meta property=\"product:brand\" content=\"STARTECH.COM\" \/>\n<meta property=\"product:price:amount\" content=\"782\" \/>\n<meta property=\"product:price:currency\" content=\"MXN\" \/>\n<meta property=\"og:availability\" content=\"instock\" \/>\n<meta property=\"product:availability\" content=\"instock\" \/>\n<meta property=\"product:retailer_item_id\" content=\"CDP2HD1MBNL\" \/>\n<meta property=\"product:condition\" content=\"new\" \/>\n<!-- \/ Yoast SEO plugin. -->","yoast_head_json":{"title":"[ Startech.com ] &#129351; Cdp2hd1mbnl Cable Adaptador De 1m Usb-c A Hdmi 4k 60hz - Negro - Cable Usb Tipo C A Hdmi - Cable Convertidor De Video Usbc - Mod.","description":"Compra Cdp2hd1mbnl Cable Adaptador De 1m Usb-c A Hdmi 4k 60hz - Negro - Cable Usb Tipo C A Hdmi - Cable Convertidor De Video Usbc - Mod. + Env\u00edo a domicilio + Pago seguro + Garant\u00eda","robots":{"index":"index","follow":"follow","max-snippet":"max-snippet:-1","max-image-preview":"max-image-preview:large","max-video-preview":"max-video-preview:-1"},"canonical":"https:\/\/compuviper.mx\/tienda\/producto\/startech-com-cdp2hd1mbnl-cable-adaptador-de-1m-usb-c-a-hdmi-4k-60hz-negro-cable-usb-tipo-c-a-hdmi-cable-convertidor-de-video-usbc-mod\/","og_locale":"es_MX","og_type":"article","og_title":"[ Startech.com ] &#129351; Cdp2hd1mbnl Cable Adaptador De 1m Usb-c A Hdmi 4k 60hz - Negro - Cable Usb Tipo C A Hdmi - Cable Convertidor De Video Usbc - Mod.","og_description":"Compra Cdp2hd1mbnl Cable Adaptador De 1m Usb-c A Hdmi 4k 60hz - Negro - Cable Usb Tipo C A Hdmi - Cable Convertidor De Video Usbc - Mod. + Env\u00edo a domicilio + Pago seguro + Garant\u00eda","og_url":"https:\/\/compuviper.mx\/tienda\/producto\/startech-com-cdp2hd1mbnl-cable-adaptador-de-1m-usb-c-a-hdmi-4k-60hz-negro-cable-usb-tipo-c-a-hdmi-cable-convertidor-de-video-usbc-mod\/","og_site_name":"Compuviper","article_publisher":"https:\/\/www.facebook.com\/compuviper","og_image":[{"width":200,"height":200,"url":"https:\/\/compuviper.mx\/tienda\/wp-content\/uploads\/2023\/12\/Cable-adaptador-de-1m-usb-c-a-hdmi-4k-60hz-negro-cable-usb-tipo-c-a-hdmi-cable-convertidor-de-video-usbc-startech.com-mod.-cdp2hd1mbnl.jpg","type":"image\/jpeg"}],"twitter_card":"summary_large_image","twitter_misc":{"Precio":"&#36;782 con IVA","Availability":"In stock"},"schema":{"@context":"https:\/\/schema.org","@graph":[{"@type":"WebPage","@id":"https:\/\/compuviper.mx\/tienda\/producto\/startech-com-cdp2hd1mbnl-cable-adaptador-de-1m-usb-c-a-hdmi-4k-60hz-negro-cable-usb-tipo-c-a-hdmi-cable-convertidor-de-video-usbc-mod\/","url":"https:\/\/compuviper.mx\/tienda\/producto\/startech-com-cdp2hd1mbnl-cable-adaptador-de-1m-usb-c-a-hdmi-4k-60hz-negro-cable-usb-tipo-c-a-hdmi-cable-convertidor-de-video-usbc-mod\/","name":"[ Startech.com ] &#129351; Cdp2hd1mbnl Cable Adaptador De 1m Usb-c A Hdmi 4k 60hz - Negro - Cable Usb Tipo C A Hdmi - Cable Convertidor De Video Usbc - Mod.","isPartOf":{"@id":"https:\/\/compuviper.mx\/tienda\/#website"},"datePublished":"2026-04-02T05:39:32+00:00","dateModified":"2026-04-02T05:39:32+00:00","description":"Compra Cdp2hd1mbnl Cable Adaptador De 1m Usb-c A Hdmi 4k 60hz - Negro - Cable Usb Tipo C A Hdmi - Cable Convertidor De Video Usbc - Mod. + Env\u00edo a domicilio + Pago seguro + Garant\u00eda","breadcrumb":{"@id":"https:\/\/compuviper.mx\/tienda\/producto\/startech-com-cdp2hd1mbnl-cable-adaptador-de-1m-usb-c-a-hdmi-4k-60hz-negro-cable-usb-tipo-c-a-hdmi-cable-convertidor-de-video-usbc-mod\/#breadcrumb"},"inLanguage":"es-MX","potentialAction":[{"@type":"ReadAction","target":["https:\/\/compuviper.mx\/tienda\/producto\/startech-com-cdp2hd1mbnl-cable-adaptador-de-1m-usb-c-a-hdmi-4k-60hz-negro-cable-usb-tipo-c-a-hdmi-cable-convertidor-de-video-usbc-mod\/"]}]},{"@type":"BreadcrumbList","@id":"https:\/\/compuviper.mx\/tienda\/producto\/startech-com-cdp2hd1mbnl-cable-adaptador-de-1m-usb-c-a-hdmi-4k-60hz-negro-cable-usb-tipo-c-a-hdmi-cable-convertidor-de-video-usbc-mod\/#breadcrumb","itemListElement":[{"@type":"ListItem","position":1,"name":"Inicio","item":"https:\/\/compuviper.mx\/tienda\/"},{"@type":"ListItem","position":2,"name":"Productos","item":"https:\/\/compuviper.mx\/tienda\/productos\/"},{"@type":"ListItem","position":3,"name":"Cables","item":"https:\/\/compuviper.mx\/tienda\/categoria-producto\/cables\/"},{"@type":"ListItem","position":4,"name":"Cable Usb","item":"https:\/\/compuviper.mx\/tienda\/categoria-producto\/cables\/cable-usb\/"},{"@type":"ListItem","position":5,"name":"Startech.com Cdp2hd1mbnl Cable Adaptador De 1m Usb-c A Hdmi 4k 60hz &#8211; Negro &#8211; Cable Usb Tipo C A Hdmi &#8211; Cable Convertidor De Video Usbc &#8211; Mod."}]},{"@type":"WebSite","@id":"https:\/\/compuviper.mx\/tienda\/#website","url":"https:\/\/compuviper.mx\/tienda\/","name":"Compuviper","description":"Proveedor de Computadoras, Laptops, Servidores, Monitores, Puntos de Venta, Teclados,   Impresoras, T\u00f3ner, C\u00e1maras de Seguridad y m\u00e1s en tu tienda en l\u00ednea","publisher":{"@id":"https:\/\/compuviper.mx\/tienda\/#organization"},"potentialAction":[{"@type":"SearchAction","target":{"@type":"EntryPoint","urlTemplate":"https:\/\/compuviper.mx\/tienda\/?s={search_term_string}"},"query-input":"required name=search_term_string"}],"inLanguage":"es-MX"},{"@type":"Organization","@id":"https:\/\/compuviper.mx\/tienda\/#organization","name":"Compuviper","url":"https:\/\/compuviper.mx\/tienda\/","logo":{"@type":"ImageObject","inLanguage":"es-MX","@id":"https:\/\/compuviper.mx\/tienda\/#\/schema\/logo\/image\/","url":"https:\/\/compuviper.mx\/tienda\/wp-content\/uploads\/2021\/08\/Logo-Compuviper-10.png","contentUrl":"https:\/\/compuviper.mx\/tienda\/wp-content\/uploads\/2021\/08\/Logo-Compuviper-10.png","width":1000,"height":500,"caption":"Compuviper"},"image":{"@id":"https:\/\/compuviper.mx\/tienda\/#\/schema\/logo\/image\/"},"sameAs":["https:\/\/www.facebook.com\/compuviper","https:\/\/www.youtube.com\/channel\/UCf73dERp9Y3cfOq7q8BhLjA?view_as=subscriber"]}]},"product_brand":"STARTECH.COM","product_price_amount":"782","product_price_currency":"MXN","og_availability":"instock","product_availability":"instock","product_retailer_item_id":"CDP2HD1MBNL","product_condition":"new"},"_links":{"self":[{"href":"https:\/\/compuviper.mx\/tienda\/wp-json\/wp\/v2\/product\/213676"}],"collection":[{"href":"https:\/\/compuviper.mx\/tienda\/wp-json\/wp\/v2\/product"}],"about":[{"href":"https:\/\/compuviper.mx\/tienda\/wp-json\/wp\/v2\/types\/product"}],"replies":[{"embeddable":true,"href":"https:\/\/compuviper.mx\/tienda\/wp-json\/wp\/v2\/comments?post=213676"}],"wp:featuredmedia":[{"embeddable":true,"href":"https:\/\/compuviper.mx\/tienda\/wp-json\/wp\/v2\/media\/213677"}],"wp:attachment":[{"href":"https:\/\/compuviper.mx\/tienda\/wp-json\/wp\/v2\/media?parent=213676"}],"wp:term":[{"taxonomy":"product_cat","embeddable":true,"href":"https:\/\/compuviper.mx\/tienda\/wp-json\/wp\/v2\/product_cat?post=213676"},{"taxonomy":"product_tag","embeddable":true,"href":"https:\/\/compuviper.mx\/tienda\/wp-json\/wp\/v2\/product_tag?post=213676"}],"curies":[{"name":"wp","href":"https:\/\/api.w.org\/{rel}","templated":true}]}}