{"id":213672,"date":"2026-04-17T23:43:19","date_gmt":"2026-04-18T05:43:19","guid":{"rendered":"https:\/\/compuviper.mx\/tienda\/producto\/startech-com-dp2hdmm3mb-cable-adaptador-de-3m-displayport-a-hdmi-4k-30hz-cable-convertidor-dp-a-hdmi-ultra-hd-negro-mod\/"},"modified":"2026-04-17T23:43:20","modified_gmt":"2026-04-18T05:43:20","slug":"startech-com-dp2hdmm3mb-cable-adaptador-de-3m-displayport-a-hdmi-4k-30hz-cable-convertidor-dp-a-hdmi-ultra-hd-negro-mod","status":"publish","type":"product","link":"https:\/\/compuviper.mx\/tienda\/producto\/startech-com-dp2hdmm3mb-cable-adaptador-de-3m-displayport-a-hdmi-4k-30hz-cable-convertidor-dp-a-hdmi-ultra-hd-negro-mod\/","title":{"rendered":"Startech.com Dp2hdmm3mb Cable Adaptador De 3m Displayport A Hdmi &#8211; 4k 30hz &#8211; Cable Convertidor Dp A Hdmi Ultra Hd &#8211; Negro &#8211;  Mod."},"content":{"rendered":"<table class=\"descripcion\">\n<tr>\n<td>Caracter\u00edsticas f\u00edsicas<\/td>\n<\/tr>\n<tr>\n<td>Altura del producto : 0.9 cm<\/td>\n<\/tr>\n<tr>\n<td>Ancho del producto : 20 mm<\/td>\n<\/tr>\n<tr>\n<td>Color : negro<\/td>\n<\/tr>\n<tr>\n<td>Longitud del cable : 3 m<\/td>\n<\/tr>\n<tr>\n<td>Longitud del producto : 3 m<\/td>\n<\/tr>\n<tr>\n<td>Peso del producto : 116.3 g<\/td>\n<\/tr>\n<tr>\n<td>Conector(es)<\/td>\n<\/tr>\n<tr>\n<td>Conector a : displayport<\/td>\n<\/tr>\n<tr>\n<td>Conector b : hdmi<\/td>\n<\/tr>\n<tr>\n<td>Hardware<\/td>\n<\/tr>\n<tr>\n<td>Active or passive adapter : pasivo<\/td>\n<\/tr>\n<tr>\n<td>Cantidad de puertos : 1<\/td>\n<\/tr>\n<tr>\n<td>Entrada a\/v : displayport &#8211; 1.2<\/td>\n<\/tr>\n<tr>\n<td>Est\u00e1ndares industriales : dpcp (displayport content protection, protecci\u00f3n de contenido displayport)<\/td>\n<\/tr>\n<tr>\n<td>Hdcp (high definition content protection, protecci\u00f3n de contenido de alta definici\u00f3n)<\/td>\n<\/tr>\n<tr>\n<td>Displayport 1.2<\/td>\n<\/tr>\n<tr>\n<td>Hdmi 1.4<\/td>\n<\/tr>\n<tr>\n<td>Salida a\/v : hdmi<\/td>\n<\/tr>\n<tr>\n<td>Soporte de audio : s\u00ed<\/td>\n<\/tr>\n<tr>\n<td>Rendimiento<\/td>\n<\/tr>\n<tr>\n<td>Especificaciones de audio : sonido envolvente 7.1<\/td>\n<\/tr>\n<tr>\n<td>Longitud m\u00e1xima del cable : 3000 mm<\/td>\n<\/tr>\n<tr>\n<td>Pantalla plana soportada : s\u00ed<\/td>\n<\/tr>\n<tr>\n<td>Resoluci\u00f3n digital m\u00e1xima : 4k x 2k @ 30 hz<\/td>\n<\/tr>\n<tr>\n<td>Resoluciones  admitidas : 4k x 2k (ultra hd)<\/td>\n<\/tr>\n<tr>\n<td>1920&#215;1200<\/td>\n<\/tr>\n<tr>\n<td>1920&#215;1080 (1080p)<\/td>\n<\/tr>\n<tr>\n<td>1280&#215;720 (720p)<\/td>\n<\/tr>\n<\/table>\n","protected":false},"excerpt":{"rendered":"<p>Este cable adaptador\u00a0displayport a hdmi de 3 metros le permite conectar su ultrabook, computadora de escritorio o laptop\u00a0equipada\u00a0con displayport a un televisor, monitor o proyector equipado con hdmi, sin que se requieran adaptadores ni cables adicionales. Este adaptador pasivo es compatible con resoluciones de video de hasta 4k ultra hd, lo cual garantiza su uso en aplicaciones de alta resoluci\u00f3n. Para efectuar una instalaci\u00f3n lo m\u00e1s sencilla y discreta, este adaptador displayport a hdmi se conecta directamente desde su fuente de video displayport al puerto hdmi de su pantalla. No requiere una fuente de alimentaci\u00f3n. El modelo dp2hdmm3mb cuenta con soporte t\u00e9cnico gratuito de por vida.<\/p>\n","protected":false},"featured_media":213673,"comment_status":"open","ping_status":"open","template":"","meta":[],"product_cat":[1549,1550],"product_tag":[1590],"acf":[],"yoast_head":"<!-- This site is optimized with the Yoast SEO plugin v21.7 - https:\/\/yoast.com\/wordpress\/plugins\/seo\/ -->\n<title>[ Startech.com ] &#129351; Dp2hdmm3mb Cable Adaptador De 3m Displayport A Hdmi - 4k 30hz - Cable Convertidor Dp A Hdmi Ultra Hd - Negro - Mod.<\/title>\n<meta name=\"description\" content=\"Compra Dp2hdmm3mb Cable Adaptador De 3m Displayport A Hdmi - 4k 30hz - Cable Convertidor Dp A Hdmi Ultra Hd - Negro - Mod. + Env\u00edo a domicilio + Pago seguro + Garant\u00eda\" \/>\n<meta name=\"robots\" content=\"index, follow, max-snippet:-1, max-image-preview:large, max-video-preview:-1\" \/>\n<link rel=\"canonical\" href=\"https:\/\/compuviper.mx\/tienda\/producto\/startech-com-dp2hdmm3mb-cable-adaptador-de-3m-displayport-a-hdmi-4k-30hz-cable-convertidor-dp-a-hdmi-ultra-hd-negro-mod\/\" \/>\n<meta property=\"og:locale\" content=\"es_MX\" \/>\n<meta property=\"og:type\" content=\"article\" \/>\n<meta property=\"og:title\" content=\"[ Startech.com ] &#129351; Dp2hdmm3mb Cable Adaptador De 3m Displayport A Hdmi - 4k 30hz - Cable Convertidor Dp A Hdmi Ultra Hd - Negro - Mod.\" \/>\n<meta property=\"og:description\" content=\"Compra Dp2hdmm3mb Cable Adaptador De 3m Displayport A Hdmi - 4k 30hz - Cable Convertidor Dp A Hdmi Ultra Hd - Negro - Mod. + Env\u00edo a domicilio + Pago seguro + Garant\u00eda\" \/>\n<meta property=\"og:url\" content=\"https:\/\/compuviper.mx\/tienda\/producto\/startech-com-dp2hdmm3mb-cable-adaptador-de-3m-displayport-a-hdmi-4k-30hz-cable-convertidor-dp-a-hdmi-ultra-hd-negro-mod\/\" \/>\n<meta property=\"og:site_name\" content=\"Compuviper\" \/>\n<meta property=\"article:publisher\" content=\"https:\/\/www.facebook.com\/compuviper\" \/>\n<meta property=\"article:modified_time\" content=\"2026-04-18T05:43:20+00:00\" \/>\n<meta property=\"og:image\" content=\"https:\/\/compuviper.mx\/tienda\/wp-content\/uploads\/2023\/12\/Cable-adaptador-de-3m-displayport-a-hdmi-4k-30hz-cable-convertidor-dp-a-hdmi-ultra-hd-negro-startech.com-mod.-dp2hdmm3mb.jpg\" \/>\n\t<meta property=\"og:image:width\" content=\"200\" \/>\n\t<meta property=\"og:image:height\" content=\"200\" \/>\n\t<meta property=\"og:image:type\" content=\"image\/jpeg\" \/>\n<meta name=\"twitter:card\" content=\"summary_large_image\" \/>\n<meta name=\"twitter:label1\" content=\"Precio\" \/>\n\t<meta name=\"twitter:data1\" content=\"&#36;525 con IVA\" \/>\n\t<meta name=\"twitter:label2\" content=\"Availability\" \/>\n\t<meta name=\"twitter:data2\" content=\"Out of stock\" \/>\n<script type=\"application\/ld+json\" class=\"yoast-schema-graph\">{\"@context\":\"https:\/\/schema.org\",\"@graph\":[{\"@type\":\"WebPage\",\"@id\":\"https:\/\/compuviper.mx\/tienda\/producto\/startech-com-dp2hdmm3mb-cable-adaptador-de-3m-displayport-a-hdmi-4k-30hz-cable-convertidor-dp-a-hdmi-ultra-hd-negro-mod\/\",\"url\":\"https:\/\/compuviper.mx\/tienda\/producto\/startech-com-dp2hdmm3mb-cable-adaptador-de-3m-displayport-a-hdmi-4k-30hz-cable-convertidor-dp-a-hdmi-ultra-hd-negro-mod\/\",\"name\":\"[ Startech.com ] &#129351; Dp2hdmm3mb Cable Adaptador De 3m Displayport A Hdmi - 4k 30hz - Cable Convertidor Dp A Hdmi Ultra Hd - Negro - Mod.\",\"isPartOf\":{\"@id\":\"https:\/\/compuviper.mx\/tienda\/#website\"},\"datePublished\":\"2026-04-18T05:43:19+00:00\",\"dateModified\":\"2026-04-18T05:43:20+00:00\",\"description\":\"Compra Dp2hdmm3mb Cable Adaptador De 3m Displayport A Hdmi - 4k 30hz - Cable Convertidor Dp A Hdmi Ultra Hd - Negro - Mod. + Env\u00edo a domicilio + Pago seguro + Garant\u00eda\",\"breadcrumb\":{\"@id\":\"https:\/\/compuviper.mx\/tienda\/producto\/startech-com-dp2hdmm3mb-cable-adaptador-de-3m-displayport-a-hdmi-4k-30hz-cable-convertidor-dp-a-hdmi-ultra-hd-negro-mod\/#breadcrumb\"},\"inLanguage\":\"es-MX\",\"potentialAction\":[{\"@type\":\"ReadAction\",\"target\":[\"https:\/\/compuviper.mx\/tienda\/producto\/startech-com-dp2hdmm3mb-cable-adaptador-de-3m-displayport-a-hdmi-4k-30hz-cable-convertidor-dp-a-hdmi-ultra-hd-negro-mod\/\"]}]},{\"@type\":\"BreadcrumbList\",\"@id\":\"https:\/\/compuviper.mx\/tienda\/producto\/startech-com-dp2hdmm3mb-cable-adaptador-de-3m-displayport-a-hdmi-4k-30hz-cable-convertidor-dp-a-hdmi-ultra-hd-negro-mod\/#breadcrumb\",\"itemListElement\":[{\"@type\":\"ListItem\",\"position\":1,\"name\":\"Inicio\",\"item\":\"https:\/\/compuviper.mx\/tienda\/\"},{\"@type\":\"ListItem\",\"position\":2,\"name\":\"Productos\",\"item\":\"https:\/\/compuviper.mx\/tienda\/productos\/\"},{\"@type\":\"ListItem\",\"position\":3,\"name\":\"Cables\",\"item\":\"https:\/\/compuviper.mx\/tienda\/categoria-producto\/cables\/\"},{\"@type\":\"ListItem\",\"position\":4,\"name\":\"Cable De Video\",\"item\":\"https:\/\/compuviper.mx\/tienda\/categoria-producto\/cables\/cable-de-video\/\"},{\"@type\":\"ListItem\",\"position\":5,\"name\":\"Startech.com Dp2hdmm3mb Cable Adaptador De 3m Displayport A Hdmi &#8211; 4k 30hz &#8211; Cable Convertidor Dp A Hdmi Ultra Hd &#8211; Negro &#8211; Mod.\"}]},{\"@type\":\"WebSite\",\"@id\":\"https:\/\/compuviper.mx\/tienda\/#website\",\"url\":\"https:\/\/compuviper.mx\/tienda\/\",\"name\":\"Compuviper\",\"description\":\"Proveedor de Computadoras, Laptops, Servidores, Monitores, Puntos de Venta, Teclados,   Impresoras, T\u00f3ner, C\u00e1maras de Seguridad y m\u00e1s en tu tienda en l\u00ednea\",\"publisher\":{\"@id\":\"https:\/\/compuviper.mx\/tienda\/#organization\"},\"potentialAction\":[{\"@type\":\"SearchAction\",\"target\":{\"@type\":\"EntryPoint\",\"urlTemplate\":\"https:\/\/compuviper.mx\/tienda\/?s={search_term_string}\"},\"query-input\":\"required name=search_term_string\"}],\"inLanguage\":\"es-MX\"},{\"@type\":\"Organization\",\"@id\":\"https:\/\/compuviper.mx\/tienda\/#organization\",\"name\":\"Compuviper\",\"url\":\"https:\/\/compuviper.mx\/tienda\/\",\"logo\":{\"@type\":\"ImageObject\",\"inLanguage\":\"es-MX\",\"@id\":\"https:\/\/compuviper.mx\/tienda\/#\/schema\/logo\/image\/\",\"url\":\"https:\/\/compuviper.mx\/tienda\/wp-content\/uploads\/2021\/08\/Logo-Compuviper-10.png\",\"contentUrl\":\"https:\/\/compuviper.mx\/tienda\/wp-content\/uploads\/2021\/08\/Logo-Compuviper-10.png\",\"width\":1000,\"height\":500,\"caption\":\"Compuviper\"},\"image\":{\"@id\":\"https:\/\/compuviper.mx\/tienda\/#\/schema\/logo\/image\/\"},\"sameAs\":[\"https:\/\/www.facebook.com\/compuviper\",\"https:\/\/www.youtube.com\/channel\/UCf73dERp9Y3cfOq7q8BhLjA?view_as=subscriber\"]}]}<\/script>\n<meta property=\"product:brand\" content=\"STARTECH.COM\" \/>\n<meta property=\"product:price:amount\" content=\"525\" \/>\n<meta property=\"product:price:currency\" content=\"MXN\" \/>\n<meta property=\"og:availability\" content=\"out of stock\" \/>\n<meta property=\"product:availability\" content=\"out of stock\" \/>\n<meta property=\"product:retailer_item_id\" content=\"DP2HDMM3MB\" \/>\n<meta property=\"product:condition\" content=\"new\" \/>\n<!-- \/ Yoast SEO plugin. -->","yoast_head_json":{"title":"[ Startech.com ] &#129351; Dp2hdmm3mb Cable Adaptador De 3m Displayport A Hdmi - 4k 30hz - Cable Convertidor Dp A Hdmi Ultra Hd - Negro - Mod.","description":"Compra Dp2hdmm3mb Cable Adaptador De 3m Displayport A Hdmi - 4k 30hz - Cable Convertidor Dp A Hdmi Ultra Hd - Negro - Mod. + Env\u00edo a domicilio + Pago seguro + Garant\u00eda","robots":{"index":"index","follow":"follow","max-snippet":"max-snippet:-1","max-image-preview":"max-image-preview:large","max-video-preview":"max-video-preview:-1"},"canonical":"https:\/\/compuviper.mx\/tienda\/producto\/startech-com-dp2hdmm3mb-cable-adaptador-de-3m-displayport-a-hdmi-4k-30hz-cable-convertidor-dp-a-hdmi-ultra-hd-negro-mod\/","og_locale":"es_MX","og_type":"article","og_title":"[ Startech.com ] &#129351; Dp2hdmm3mb Cable Adaptador De 3m Displayport A Hdmi - 4k 30hz - Cable Convertidor Dp A Hdmi Ultra Hd - Negro - Mod.","og_description":"Compra Dp2hdmm3mb Cable Adaptador De 3m Displayport A Hdmi - 4k 30hz - Cable Convertidor Dp A Hdmi Ultra Hd - Negro - Mod. + Env\u00edo a domicilio + Pago seguro + Garant\u00eda","og_url":"https:\/\/compuviper.mx\/tienda\/producto\/startech-com-dp2hdmm3mb-cable-adaptador-de-3m-displayport-a-hdmi-4k-30hz-cable-convertidor-dp-a-hdmi-ultra-hd-negro-mod\/","og_site_name":"Compuviper","article_publisher":"https:\/\/www.facebook.com\/compuviper","article_modified_time":"2026-04-18T05:43:20+00:00","og_image":[{"width":200,"height":200,"url":"https:\/\/compuviper.mx\/tienda\/wp-content\/uploads\/2023\/12\/Cable-adaptador-de-3m-displayport-a-hdmi-4k-30hz-cable-convertidor-dp-a-hdmi-ultra-hd-negro-startech.com-mod.-dp2hdmm3mb.jpg","type":"image\/jpeg"}],"twitter_card":"summary_large_image","twitter_misc":{"Precio":"&#36;525 con IVA","Availability":"Out of stock"},"schema":{"@context":"https:\/\/schema.org","@graph":[{"@type":"WebPage","@id":"https:\/\/compuviper.mx\/tienda\/producto\/startech-com-dp2hdmm3mb-cable-adaptador-de-3m-displayport-a-hdmi-4k-30hz-cable-convertidor-dp-a-hdmi-ultra-hd-negro-mod\/","url":"https:\/\/compuviper.mx\/tienda\/producto\/startech-com-dp2hdmm3mb-cable-adaptador-de-3m-displayport-a-hdmi-4k-30hz-cable-convertidor-dp-a-hdmi-ultra-hd-negro-mod\/","name":"[ Startech.com ] &#129351; Dp2hdmm3mb Cable Adaptador De 3m Displayport A Hdmi - 4k 30hz - Cable Convertidor Dp A Hdmi Ultra Hd - Negro - Mod.","isPartOf":{"@id":"https:\/\/compuviper.mx\/tienda\/#website"},"datePublished":"2026-04-18T05:43:19+00:00","dateModified":"2026-04-18T05:43:20+00:00","description":"Compra Dp2hdmm3mb Cable Adaptador De 3m Displayport A Hdmi - 4k 30hz - Cable Convertidor Dp A Hdmi Ultra Hd - Negro - Mod. + Env\u00edo a domicilio + Pago seguro + Garant\u00eda","breadcrumb":{"@id":"https:\/\/compuviper.mx\/tienda\/producto\/startech-com-dp2hdmm3mb-cable-adaptador-de-3m-displayport-a-hdmi-4k-30hz-cable-convertidor-dp-a-hdmi-ultra-hd-negro-mod\/#breadcrumb"},"inLanguage":"es-MX","potentialAction":[{"@type":"ReadAction","target":["https:\/\/compuviper.mx\/tienda\/producto\/startech-com-dp2hdmm3mb-cable-adaptador-de-3m-displayport-a-hdmi-4k-30hz-cable-convertidor-dp-a-hdmi-ultra-hd-negro-mod\/"]}]},{"@type":"BreadcrumbList","@id":"https:\/\/compuviper.mx\/tienda\/producto\/startech-com-dp2hdmm3mb-cable-adaptador-de-3m-displayport-a-hdmi-4k-30hz-cable-convertidor-dp-a-hdmi-ultra-hd-negro-mod\/#breadcrumb","itemListElement":[{"@type":"ListItem","position":1,"name":"Inicio","item":"https:\/\/compuviper.mx\/tienda\/"},{"@type":"ListItem","position":2,"name":"Productos","item":"https:\/\/compuviper.mx\/tienda\/productos\/"},{"@type":"ListItem","position":3,"name":"Cables","item":"https:\/\/compuviper.mx\/tienda\/categoria-producto\/cables\/"},{"@type":"ListItem","position":4,"name":"Cable De Video","item":"https:\/\/compuviper.mx\/tienda\/categoria-producto\/cables\/cable-de-video\/"},{"@type":"ListItem","position":5,"name":"Startech.com Dp2hdmm3mb Cable Adaptador De 3m Displayport A Hdmi &#8211; 4k 30hz &#8211; Cable Convertidor Dp A Hdmi Ultra Hd &#8211; Negro &#8211; Mod."}]},{"@type":"WebSite","@id":"https:\/\/compuviper.mx\/tienda\/#website","url":"https:\/\/compuviper.mx\/tienda\/","name":"Compuviper","description":"Proveedor de Computadoras, Laptops, Servidores, Monitores, Puntos de Venta, Teclados,   Impresoras, T\u00f3ner, C\u00e1maras de Seguridad y m\u00e1s en tu tienda en l\u00ednea","publisher":{"@id":"https:\/\/compuviper.mx\/tienda\/#organization"},"potentialAction":[{"@type":"SearchAction","target":{"@type":"EntryPoint","urlTemplate":"https:\/\/compuviper.mx\/tienda\/?s={search_term_string}"},"query-input":"required name=search_term_string"}],"inLanguage":"es-MX"},{"@type":"Organization","@id":"https:\/\/compuviper.mx\/tienda\/#organization","name":"Compuviper","url":"https:\/\/compuviper.mx\/tienda\/","logo":{"@type":"ImageObject","inLanguage":"es-MX","@id":"https:\/\/compuviper.mx\/tienda\/#\/schema\/logo\/image\/","url":"https:\/\/compuviper.mx\/tienda\/wp-content\/uploads\/2021\/08\/Logo-Compuviper-10.png","contentUrl":"https:\/\/compuviper.mx\/tienda\/wp-content\/uploads\/2021\/08\/Logo-Compuviper-10.png","width":1000,"height":500,"caption":"Compuviper"},"image":{"@id":"https:\/\/compuviper.mx\/tienda\/#\/schema\/logo\/image\/"},"sameAs":["https:\/\/www.facebook.com\/compuviper","https:\/\/www.youtube.com\/channel\/UCf73dERp9Y3cfOq7q8BhLjA?view_as=subscriber"]}]},"product_brand":"STARTECH.COM","product_price_amount":"525","product_price_currency":"MXN","og_availability":"out of stock","product_availability":"out of stock","product_retailer_item_id":"DP2HDMM3MB","product_condition":"new"},"_links":{"self":[{"href":"https:\/\/compuviper.mx\/tienda\/wp-json\/wp\/v2\/product\/213672"}],"collection":[{"href":"https:\/\/compuviper.mx\/tienda\/wp-json\/wp\/v2\/product"}],"about":[{"href":"https:\/\/compuviper.mx\/tienda\/wp-json\/wp\/v2\/types\/product"}],"replies":[{"embeddable":true,"href":"https:\/\/compuviper.mx\/tienda\/wp-json\/wp\/v2\/comments?post=213672"}],"wp:featuredmedia":[{"embeddable":true,"href":"https:\/\/compuviper.mx\/tienda\/wp-json\/wp\/v2\/media\/213673"}],"wp:attachment":[{"href":"https:\/\/compuviper.mx\/tienda\/wp-json\/wp\/v2\/media?parent=213672"}],"wp:term":[{"taxonomy":"product_cat","embeddable":true,"href":"https:\/\/compuviper.mx\/tienda\/wp-json\/wp\/v2\/product_cat?post=213672"},{"taxonomy":"product_tag","embeddable":true,"href":"https:\/\/compuviper.mx\/tienda\/wp-json\/wp\/v2\/product_tag?post=213672"}],"curies":[{"name":"wp","href":"https:\/\/api.w.org\/{rel}","templated":true}]}}