{"id":213644,"date":"2026-04-17T23:43:13","date_gmt":"2026-04-18T05:43:13","guid":{"rendered":"https:\/\/compuviper.mx\/tienda\/producto\/startech-com-icusb1284-cable-adaptador-de-1-8m-para-impresora-paralelo-centronics-a-usb-a-mod\/"},"modified":"2026-04-17T23:43:14","modified_gmt":"2026-04-18T05:43:14","slug":"startech-com-icusb1284-cable-adaptador-de-1-8m-para-impresora-paralelo-centronics-a-usb-a-mod","status":"publish","type":"product","link":"https:\/\/compuviper.mx\/tienda\/producto\/startech-com-icusb1284-cable-adaptador-de-1-8m-para-impresora-paralelo-centronics-a-usb-a-mod\/","title":{"rendered":"Startech.com Icusb1284 Cable Adaptador De 1.8m Para Impresora Paralelo Centronics A Usb A &#8211;  Mod."},"content":{"rendered":"<table class=\"descripcion\">\n<tr>\n<td>Hardware<\/td>\n<\/tr>\n<tr>\n<td>Tipo de bus : usb 2.0<\/td>\n<\/tr>\n<tr>\n<td>Interfaz : paralelo<\/td>\n<\/tr>\n<tr>\n<td>Id del conjunto de chips : prolific &#8211; pl2305<\/td>\n<\/tr>\n<tr>\n<td>Cantidad de puertos : 1<\/td>\n<\/tr>\n<tr>\n<td>Requisitos de energa<\/td>\n<\/tr>\n<tr>\n<td>Adaptador de corriente incluido : alimentado por usb<\/td>\n<\/tr>\n<tr>\n<td>Consumo de energa : 0.9w<\/td>\n<\/tr>\n<tr>\n<td>Software<\/td>\n<\/tr>\n<tr>\n<td>Compatibilidad os : windows\u00ae 98se, me, 2000, xp, vista, 7, 8, 8.1, 10<\/td>\n<\/tr>\n<tr>\n<td> windows server\u00ae 2000, 2003, 2008 r2, 2012, 2012 r2, 2016, 2019<\/td>\n<\/tr>\n<tr>\n<td> mac os x\u00ae 10.6 a 10.15<\/td>\n<\/tr>\n<tr>\n<td> linux 2.6.x a 4.11.x<\/td>\n<\/tr>\n<tr>\n<td>Solo versiones lts<\/td>\n<\/tr>\n<tr>\n<td>Contenido de la caja<\/td>\n<\/tr>\n<tr>\n<td>Incluido en la caja : cable conversor de usb a puerto paralelo<\/td>\n<\/tr>\n<tr>\n<td>Conectores<\/td>\n<\/tr>\n<tr>\n<td>Conector b : centronics 36 pines<\/td>\n<\/tr>\n<tr>\n<td>Conector a : usb type-a 4 pines usb 2.0<\/td>\n<\/tr>\n<tr>\n<td>Caractersticas fsicas<\/td>\n<\/tr>\n<tr>\n<td>Tipo de gabinete : plstico<\/td>\n<\/tr>\n<tr>\n<td>Peso del producto : 128 g<\/td>\n<\/tr>\n<tr>\n<td>Longitud del producto : 1.8 m<\/td>\n<\/tr>\n<tr>\n<td>Longitud del cable : 1.8 m<\/td>\n<\/tr>\n<\/table>\n","protected":false},"excerpt":{"rendered":"<p>El adaptador para impresora usb a paralelo de 6 pies \u0096 m\/m, icusb1284 posibilita que computadoras equipadas con usb puedan imprimir en cualquier impresora con puerto paralelo estndar, convirtiendo un puerto usb en un conector centronics macho para proveer una conexin directa a una impresora de puerto paralelo. La interfaz usb ofrece una velocidad de transferencia de datos mucho ms rpida que la de un puerto paralelo estndar, permitiendo as reducir el tiempo de espera de los documentos a imprimir para ser enviados a su impresora. Una solucin porttil que permite economizar espacio, el adaptador para impresora usb a paralelo se auto alimenta y ofrece instalacin plug and play en computadoras equipadas con usb basados en windows respaldado por soporte tcnico gratuito de por vida.<\/p>\n","protected":false},"featured_media":213645,"comment_status":"open","ping_status":"open","template":"","meta":[],"product_cat":[1549,1605],"product_tag":[1590],"acf":[],"yoast_head":"<!-- This site is optimized with the Yoast SEO plugin v21.7 - https:\/\/yoast.com\/wordpress\/plugins\/seo\/ -->\n<title>[ Startech.com ] &#129351; Icusb1284 Cable Adaptador De 1.8m Para Impresora Paralelo Centronics A Usb A - Mod.<\/title>\n<meta name=\"description\" content=\"Compra Icusb1284 Cable Adaptador De 1.8m Para Impresora Paralelo Centronics A Usb A - Mod. + Env\u00edo a domicilio + Pago seguro + Garant\u00eda\" \/>\n<meta name=\"robots\" content=\"index, follow, max-snippet:-1, max-image-preview:large, max-video-preview:-1\" \/>\n<link rel=\"canonical\" href=\"https:\/\/compuviper.mx\/tienda\/producto\/startech-com-icusb1284-cable-adaptador-de-1-8m-para-impresora-paralelo-centronics-a-usb-a-mod\/\" \/>\n<meta property=\"og:locale\" content=\"es_MX\" \/>\n<meta property=\"og:type\" content=\"article\" \/>\n<meta property=\"og:title\" content=\"[ Startech.com ] &#129351; Icusb1284 Cable Adaptador De 1.8m Para Impresora Paralelo Centronics A Usb A - Mod.\" \/>\n<meta property=\"og:description\" content=\"Compra Icusb1284 Cable Adaptador De 1.8m Para Impresora Paralelo Centronics A Usb A - Mod. + Env\u00edo a domicilio + Pago seguro + Garant\u00eda\" \/>\n<meta property=\"og:url\" content=\"https:\/\/compuviper.mx\/tienda\/producto\/startech-com-icusb1284-cable-adaptador-de-1-8m-para-impresora-paralelo-centronics-a-usb-a-mod\/\" \/>\n<meta property=\"og:site_name\" content=\"Compuviper\" \/>\n<meta property=\"article:publisher\" content=\"https:\/\/www.facebook.com\/compuviper\" \/>\n<meta property=\"article:modified_time\" content=\"2026-04-18T05:43:14+00:00\" \/>\n<meta property=\"og:image\" content=\"https:\/\/compuviper.mx\/tienda\/wp-content\/uploads\/2023\/12\/Cable-adaptador-de-1.8m-para-impresora-paralelo-centronics\u00ae-a-usb-a-startech.com-mod.-icusb1284.jpg\" \/>\n\t<meta property=\"og:image:width\" content=\"200\" \/>\n\t<meta property=\"og:image:height\" content=\"200\" \/>\n\t<meta property=\"og:image:type\" content=\"image\/jpeg\" \/>\n<meta name=\"twitter:card\" content=\"summary_large_image\" \/>\n<meta name=\"twitter:label1\" content=\"Precio\" \/>\n\t<meta name=\"twitter:data1\" content=\"&#36;320 con IVA\" \/>\n\t<meta name=\"twitter:label2\" content=\"Availability\" \/>\n\t<meta name=\"twitter:data2\" content=\"Out of stock\" \/>\n<script type=\"application\/ld+json\" class=\"yoast-schema-graph\">{\"@context\":\"https:\/\/schema.org\",\"@graph\":[{\"@type\":\"WebPage\",\"@id\":\"https:\/\/compuviper.mx\/tienda\/producto\/startech-com-icusb1284-cable-adaptador-de-1-8m-para-impresora-paralelo-centronics-a-usb-a-mod\/\",\"url\":\"https:\/\/compuviper.mx\/tienda\/producto\/startech-com-icusb1284-cable-adaptador-de-1-8m-para-impresora-paralelo-centronics-a-usb-a-mod\/\",\"name\":\"[ Startech.com ] &#129351; Icusb1284 Cable Adaptador De 1.8m Para Impresora Paralelo Centronics A Usb A - Mod.\",\"isPartOf\":{\"@id\":\"https:\/\/compuviper.mx\/tienda\/#website\"},\"datePublished\":\"2026-04-18T05:43:13+00:00\",\"dateModified\":\"2026-04-18T05:43:14+00:00\",\"description\":\"Compra Icusb1284 Cable Adaptador De 1.8m Para Impresora Paralelo Centronics A Usb A - Mod. + Env\u00edo a domicilio + Pago seguro + Garant\u00eda\",\"breadcrumb\":{\"@id\":\"https:\/\/compuviper.mx\/tienda\/producto\/startech-com-icusb1284-cable-adaptador-de-1-8m-para-impresora-paralelo-centronics-a-usb-a-mod\/#breadcrumb\"},\"inLanguage\":\"es-MX\",\"potentialAction\":[{\"@type\":\"ReadAction\",\"target\":[\"https:\/\/compuviper.mx\/tienda\/producto\/startech-com-icusb1284-cable-adaptador-de-1-8m-para-impresora-paralelo-centronics-a-usb-a-mod\/\"]}]},{\"@type\":\"BreadcrumbList\",\"@id\":\"https:\/\/compuviper.mx\/tienda\/producto\/startech-com-icusb1284-cable-adaptador-de-1-8m-para-impresora-paralelo-centronics-a-usb-a-mod\/#breadcrumb\",\"itemListElement\":[{\"@type\":\"ListItem\",\"position\":1,\"name\":\"Inicio\",\"item\":\"https:\/\/compuviper.mx\/tienda\/\"},{\"@type\":\"ListItem\",\"position\":2,\"name\":\"Productos\",\"item\":\"https:\/\/compuviper.mx\/tienda\/productos\/\"},{\"@type\":\"ListItem\",\"position\":3,\"name\":\"Cables\",\"item\":\"https:\/\/compuviper.mx\/tienda\/categoria-producto\/cables\/\"},{\"@type\":\"ListItem\",\"position\":4,\"name\":\"Cable Usb\",\"item\":\"https:\/\/compuviper.mx\/tienda\/categoria-producto\/cables\/cable-usb\/\"},{\"@type\":\"ListItem\",\"position\":5,\"name\":\"Startech.com Icusb1284 Cable Adaptador De 1.8m Para Impresora Paralelo Centronics A Usb A &#8211; Mod.\"}]},{\"@type\":\"WebSite\",\"@id\":\"https:\/\/compuviper.mx\/tienda\/#website\",\"url\":\"https:\/\/compuviper.mx\/tienda\/\",\"name\":\"Compuviper\",\"description\":\"Proveedor de Computadoras, Laptops, Servidores, Monitores, Puntos de Venta, Teclados,   Impresoras, T\u00f3ner, C\u00e1maras de Seguridad y m\u00e1s en tu tienda en l\u00ednea\",\"publisher\":{\"@id\":\"https:\/\/compuviper.mx\/tienda\/#organization\"},\"potentialAction\":[{\"@type\":\"SearchAction\",\"target\":{\"@type\":\"EntryPoint\",\"urlTemplate\":\"https:\/\/compuviper.mx\/tienda\/?s={search_term_string}\"},\"query-input\":\"required name=search_term_string\"}],\"inLanguage\":\"es-MX\"},{\"@type\":\"Organization\",\"@id\":\"https:\/\/compuviper.mx\/tienda\/#organization\",\"name\":\"Compuviper\",\"url\":\"https:\/\/compuviper.mx\/tienda\/\",\"logo\":{\"@type\":\"ImageObject\",\"inLanguage\":\"es-MX\",\"@id\":\"https:\/\/compuviper.mx\/tienda\/#\/schema\/logo\/image\/\",\"url\":\"https:\/\/compuviper.mx\/tienda\/wp-content\/uploads\/2021\/08\/Logo-Compuviper-10.png\",\"contentUrl\":\"https:\/\/compuviper.mx\/tienda\/wp-content\/uploads\/2021\/08\/Logo-Compuviper-10.png\",\"width\":1000,\"height\":500,\"caption\":\"Compuviper\"},\"image\":{\"@id\":\"https:\/\/compuviper.mx\/tienda\/#\/schema\/logo\/image\/\"},\"sameAs\":[\"https:\/\/www.facebook.com\/compuviper\",\"https:\/\/www.youtube.com\/channel\/UCf73dERp9Y3cfOq7q8BhLjA?view_as=subscriber\"]}]}<\/script>\n<meta property=\"product:brand\" content=\"STARTECH.COM\" \/>\n<meta property=\"product:price:amount\" content=\"320\" \/>\n<meta property=\"product:price:currency\" content=\"MXN\" \/>\n<meta property=\"og:availability\" content=\"out of stock\" \/>\n<meta property=\"product:availability\" content=\"out of stock\" \/>\n<meta property=\"product:retailer_item_id\" content=\"ICUSB1284\" \/>\n<meta property=\"product:condition\" content=\"new\" \/>\n<!-- \/ Yoast SEO plugin. -->","yoast_head_json":{"title":"[ Startech.com ] &#129351; Icusb1284 Cable Adaptador De 1.8m Para Impresora Paralelo Centronics A Usb A - Mod.","description":"Compra Icusb1284 Cable Adaptador De 1.8m Para Impresora Paralelo Centronics A Usb A - Mod. + Env\u00edo a domicilio + Pago seguro + Garant\u00eda","robots":{"index":"index","follow":"follow","max-snippet":"max-snippet:-1","max-image-preview":"max-image-preview:large","max-video-preview":"max-video-preview:-1"},"canonical":"https:\/\/compuviper.mx\/tienda\/producto\/startech-com-icusb1284-cable-adaptador-de-1-8m-para-impresora-paralelo-centronics-a-usb-a-mod\/","og_locale":"es_MX","og_type":"article","og_title":"[ Startech.com ] &#129351; Icusb1284 Cable Adaptador De 1.8m Para Impresora Paralelo Centronics A Usb A - Mod.","og_description":"Compra Icusb1284 Cable Adaptador De 1.8m Para Impresora Paralelo Centronics A Usb A - Mod. + Env\u00edo a domicilio + Pago seguro + Garant\u00eda","og_url":"https:\/\/compuviper.mx\/tienda\/producto\/startech-com-icusb1284-cable-adaptador-de-1-8m-para-impresora-paralelo-centronics-a-usb-a-mod\/","og_site_name":"Compuviper","article_publisher":"https:\/\/www.facebook.com\/compuviper","article_modified_time":"2026-04-18T05:43:14+00:00","og_image":[{"width":200,"height":200,"url":"https:\/\/compuviper.mx\/tienda\/wp-content\/uploads\/2023\/12\/Cable-adaptador-de-1.8m-para-impresora-paralelo-centronics\u00ae-a-usb-a-startech.com-mod.-icusb1284.jpg","type":"image\/jpeg"}],"twitter_card":"summary_large_image","twitter_misc":{"Precio":"&#36;320 con IVA","Availability":"Out of stock"},"schema":{"@context":"https:\/\/schema.org","@graph":[{"@type":"WebPage","@id":"https:\/\/compuviper.mx\/tienda\/producto\/startech-com-icusb1284-cable-adaptador-de-1-8m-para-impresora-paralelo-centronics-a-usb-a-mod\/","url":"https:\/\/compuviper.mx\/tienda\/producto\/startech-com-icusb1284-cable-adaptador-de-1-8m-para-impresora-paralelo-centronics-a-usb-a-mod\/","name":"[ Startech.com ] &#129351; Icusb1284 Cable Adaptador De 1.8m Para Impresora Paralelo Centronics A Usb A - Mod.","isPartOf":{"@id":"https:\/\/compuviper.mx\/tienda\/#website"},"datePublished":"2026-04-18T05:43:13+00:00","dateModified":"2026-04-18T05:43:14+00:00","description":"Compra Icusb1284 Cable Adaptador De 1.8m Para Impresora Paralelo Centronics A Usb A - Mod. + Env\u00edo a domicilio + Pago seguro + Garant\u00eda","breadcrumb":{"@id":"https:\/\/compuviper.mx\/tienda\/producto\/startech-com-icusb1284-cable-adaptador-de-1-8m-para-impresora-paralelo-centronics-a-usb-a-mod\/#breadcrumb"},"inLanguage":"es-MX","potentialAction":[{"@type":"ReadAction","target":["https:\/\/compuviper.mx\/tienda\/producto\/startech-com-icusb1284-cable-adaptador-de-1-8m-para-impresora-paralelo-centronics-a-usb-a-mod\/"]}]},{"@type":"BreadcrumbList","@id":"https:\/\/compuviper.mx\/tienda\/producto\/startech-com-icusb1284-cable-adaptador-de-1-8m-para-impresora-paralelo-centronics-a-usb-a-mod\/#breadcrumb","itemListElement":[{"@type":"ListItem","position":1,"name":"Inicio","item":"https:\/\/compuviper.mx\/tienda\/"},{"@type":"ListItem","position":2,"name":"Productos","item":"https:\/\/compuviper.mx\/tienda\/productos\/"},{"@type":"ListItem","position":3,"name":"Cables","item":"https:\/\/compuviper.mx\/tienda\/categoria-producto\/cables\/"},{"@type":"ListItem","position":4,"name":"Cable Usb","item":"https:\/\/compuviper.mx\/tienda\/categoria-producto\/cables\/cable-usb\/"},{"@type":"ListItem","position":5,"name":"Startech.com Icusb1284 Cable Adaptador De 1.8m Para Impresora Paralelo Centronics A Usb A &#8211; Mod."}]},{"@type":"WebSite","@id":"https:\/\/compuviper.mx\/tienda\/#website","url":"https:\/\/compuviper.mx\/tienda\/","name":"Compuviper","description":"Proveedor de Computadoras, Laptops, Servidores, Monitores, Puntos de Venta, Teclados,   Impresoras, T\u00f3ner, C\u00e1maras de Seguridad y m\u00e1s en tu tienda en l\u00ednea","publisher":{"@id":"https:\/\/compuviper.mx\/tienda\/#organization"},"potentialAction":[{"@type":"SearchAction","target":{"@type":"EntryPoint","urlTemplate":"https:\/\/compuviper.mx\/tienda\/?s={search_term_string}"},"query-input":"required name=search_term_string"}],"inLanguage":"es-MX"},{"@type":"Organization","@id":"https:\/\/compuviper.mx\/tienda\/#organization","name":"Compuviper","url":"https:\/\/compuviper.mx\/tienda\/","logo":{"@type":"ImageObject","inLanguage":"es-MX","@id":"https:\/\/compuviper.mx\/tienda\/#\/schema\/logo\/image\/","url":"https:\/\/compuviper.mx\/tienda\/wp-content\/uploads\/2021\/08\/Logo-Compuviper-10.png","contentUrl":"https:\/\/compuviper.mx\/tienda\/wp-content\/uploads\/2021\/08\/Logo-Compuviper-10.png","width":1000,"height":500,"caption":"Compuviper"},"image":{"@id":"https:\/\/compuviper.mx\/tienda\/#\/schema\/logo\/image\/"},"sameAs":["https:\/\/www.facebook.com\/compuviper","https:\/\/www.youtube.com\/channel\/UCf73dERp9Y3cfOq7q8BhLjA?view_as=subscriber"]}]},"product_brand":"STARTECH.COM","product_price_amount":"320","product_price_currency":"MXN","og_availability":"out of stock","product_availability":"out of stock","product_retailer_item_id":"ICUSB1284","product_condition":"new"},"_links":{"self":[{"href":"https:\/\/compuviper.mx\/tienda\/wp-json\/wp\/v2\/product\/213644"}],"collection":[{"href":"https:\/\/compuviper.mx\/tienda\/wp-json\/wp\/v2\/product"}],"about":[{"href":"https:\/\/compuviper.mx\/tienda\/wp-json\/wp\/v2\/types\/product"}],"replies":[{"embeddable":true,"href":"https:\/\/compuviper.mx\/tienda\/wp-json\/wp\/v2\/comments?post=213644"}],"wp:featuredmedia":[{"embeddable":true,"href":"https:\/\/compuviper.mx\/tienda\/wp-json\/wp\/v2\/media\/213645"}],"wp:attachment":[{"href":"https:\/\/compuviper.mx\/tienda\/wp-json\/wp\/v2\/media?parent=213644"}],"wp:term":[{"taxonomy":"product_cat","embeddable":true,"href":"https:\/\/compuviper.mx\/tienda\/wp-json\/wp\/v2\/product_cat?post=213644"},{"taxonomy":"product_tag","embeddable":true,"href":"https:\/\/compuviper.mx\/tienda\/wp-json\/wp\/v2\/product_tag?post=213644"}],"curies":[{"name":"wp","href":"https:\/\/api.w.org\/{rel}","templated":true}]}}