{"id":213630,"date":"2026-04-17T23:43:10","date_gmt":"2026-04-18T05:43:10","guid":{"rendered":"https:\/\/compuviper.mx\/tienda\/producto\/startech-com-icusb232pro-cable-adaptador-de-0-3m-usb-a-puerto-serie-serial-rs232-con-retencin-del-puerto-de-asignacin-com-1x-db9-macho-1x-usb-a-macho-mod\/"},"modified":"2026-04-17T23:43:10","modified_gmt":"2026-04-18T05:43:10","slug":"startech-com-icusb232pro-cable-adaptador-de-0-3m-usb-a-puerto-serie-serial-rs232-con-retencin-del-puerto-de-asignacin-com-1x-db9-macho-1x-usb-a-macho-mod","status":"publish","type":"product","link":"https:\/\/compuviper.mx\/tienda\/producto\/startech-com-icusb232pro-cable-adaptador-de-0-3m-usb-a-puerto-serie-serial-rs232-con-retencin-del-puerto-de-asignacin-com-1x-db9-macho-1x-usb-a-macho-mod\/","title":{"rendered":"Startech.com Icusb232pro Cable Adaptador De 0.3m Usb A Puerto Serie Serial Rs232 Con Retencin Del Puerto De Asignacin Com &#8211; 1x Db9 Macho &#8211; 1x Usb A Macho &#8211;  Mod."},"content":{"rendered":"<table class=\"descripcion\">\n<tr>\n<td>Hardware<\/td>\n<\/tr>\n<tr>\n<td>Cantidad de puertos : 1<\/td>\n<\/tr>\n<tr>\n<td>Estilo de puerto : adaptadores de cable<\/td>\n<\/tr>\n<tr>\n<td>Id del conjunto de chips : prolific &#8211; pl2303<\/td>\n<\/tr>\n<tr>\n<td>Interfaz : serial<\/td>\n<\/tr>\n<tr>\n<td>Tipo de bus : usb 2.0<\/td>\n<\/tr>\n<tr>\n<td>Observaciones \/ requisitos<\/td>\n<\/tr>\n<tr>\n<td>Requerimientos del sistema y cables  : pc con un puerto usb 1.1 (o superior) disponible<\/td>\n<\/tr>\n<tr>\n<td>Rendimiento<\/td>\n<\/tr>\n<tr>\n<td>Protocolo serie  : rs-232<\/td>\n<\/tr>\n<tr>\n<td>Tasa m\u00e1xima de baudios  : 921,6 kbps<\/td>\n<\/tr>\n<tr>\n<td>Software<\/td>\n<\/tr>\n<tr>\n<td>Compatibilidad os : windows\u00ae pocketpc 2003 \/ 2000, windows mobile 5\/6, ce 4.2\/5.2, embedded system 2009, xp embedded, pos ready 2009, 98se, 2000, me, xp, vista, 7, 8, 8.1, 10<\/td>\n<\/tr>\n<tr>\n<td> windows server\u00ae 2003, 2008 r2, 2012, 2016, 2019<\/td>\n<\/tr>\n<tr>\n<td> mac os x\u00ae 10.6 a 10.15<\/td>\n<\/tr>\n<tr>\n<td> linux 2.4.x a 4.19.x<\/td>\n<\/tr>\n<tr>\n<td>Solo versiones lts<\/td>\n<\/tr>\n<tr>\n<td>Conector(es)<\/td>\n<\/tr>\n<tr>\n<td>Tipo(s) de conector(es) : usb type-a (4 pines) usb 2.0<\/td>\n<\/tr>\n<tr>\n<td>Tipo(s) de conector(es) : db-9 (9 pines, d-sub)<\/td>\n<\/tr>\n<tr>\n<td>Caracter\u00edsticas f\u00edsicas<\/td>\n<\/tr>\n<tr>\n<td>Tipo de gabinete : pl\u00e1stico<\/td>\n<\/tr>\n<tr>\n<td>Peso del producto : 30 g<\/td>\n<\/tr>\n<tr>\n<td>Longitud del producto : 40 cm<\/td>\n<\/tr>\n<tr>\n<td>Longitud del cable : 0.3 m<\/td>\n<\/tr>\n<tr>\n<td>Color : negro<\/td>\n<\/tr>\n<tr>\n<td>Ancho del producto : 34 mm<\/td>\n<\/tr>\n<tr>\n<td>Altura del producto : 1.5 cm<\/td>\n<\/tr>\n<\/table>\n","protected":false},"excerpt":{"rendered":"<p>Este novedoso adaptador usb a puerto serial ofrece una soluci\u00f3n profesional para conectar dispositivos seriales rs232 industriales o preexistentes a una laptop o computadora a trav\u00e9s de un puerto usb \u0096 eliminando el gasto de tener que actualizar los perif\u00e9ricos seriales por cuestiones de compatibilidad.El adaptador constituye una soluci\u00f3n usb\/serie conveniente que permite al usuario ahorrar tiempo dado que retiene los valores designados del puerto serial com en una memoria no vol\u00e1til, pudiendo reasignar autom\u00e1ticamente los mismos valores al puerto serial provisto por el adaptador en caso de tener que desconectarlo y volver a conectarlo a la computadora principal, o desconectarlo de un puerto usb e instalarlo en otro. Este adaptador usb a puerto serial es compatible con los sistemas operativos win98\/2000\/xp\/vista y mac os 10.4+, y est\u00e1 respaldado por el soporte t\u00e9cnico de por vida de startech.Com<\/p>\n","protected":false},"featured_media":213631,"comment_status":"open","ping_status":"open","template":"","meta":[],"product_cat":[1605,1549],"product_tag":[1590],"acf":[],"yoast_head":"<!-- This site is optimized with the Yoast SEO plugin v21.7 - https:\/\/yoast.com\/wordpress\/plugins\/seo\/ -->\n<title>[ Startech.com ] &#129351; Icusb232pro Cable Adaptador De 0.3m Usb A Puerto Serie Serial Rs232 Con Retencin Del Puerto De Asignacin Com - 1x Db9 Macho - 1x Usb A Macho - Mod.<\/title>\n<meta name=\"description\" content=\"Compra Icusb232pro Cable Adaptador De 0.3m Usb A Puerto Serie Serial Rs232 Con Retencin Del Puerto De Asignacin Com - 1x Db9 Macho - 1x Usb A Macho - Mod. + Env\u00edo a domicilio + Pago seguro + Garant\u00eda\" \/>\n<meta name=\"robots\" content=\"index, follow, max-snippet:-1, max-image-preview:large, max-video-preview:-1\" \/>\n<link rel=\"canonical\" href=\"https:\/\/compuviper.mx\/tienda\/producto\/startech-com-icusb232pro-cable-adaptador-de-0-3m-usb-a-puerto-serie-serial-rs232-con-retencin-del-puerto-de-asignacin-com-1x-db9-macho-1x-usb-a-macho-mod\/\" \/>\n<meta property=\"og:locale\" content=\"es_MX\" \/>\n<meta property=\"og:type\" content=\"article\" \/>\n<meta property=\"og:title\" content=\"[ Startech.com ] &#129351; Icusb232pro Cable Adaptador De 0.3m Usb A Puerto Serie Serial Rs232 Con Retencin Del Puerto De Asignacin Com - 1x Db9 Macho - 1x Usb A Macho - Mod.\" \/>\n<meta property=\"og:description\" content=\"Compra Icusb232pro Cable Adaptador De 0.3m Usb A Puerto Serie Serial Rs232 Con Retencin Del Puerto De Asignacin Com - 1x Db9 Macho - 1x Usb A Macho - Mod. + Env\u00edo a domicilio + Pago seguro + Garant\u00eda\" \/>\n<meta property=\"og:url\" content=\"https:\/\/compuviper.mx\/tienda\/producto\/startech-com-icusb232pro-cable-adaptador-de-0-3m-usb-a-puerto-serie-serial-rs232-con-retencin-del-puerto-de-asignacin-com-1x-db9-macho-1x-usb-a-macho-mod\/\" \/>\n<meta property=\"og:site_name\" content=\"Compuviper\" \/>\n<meta property=\"article:publisher\" content=\"https:\/\/www.facebook.com\/compuviper\" \/>\n<meta property=\"og:image\" content=\"https:\/\/compuviper.mx\/tienda\/wp-content\/uploads\/2023\/12\/Cable-adaptador-de-0.3m-usb-a-puerto-serie-serial-rs232-con-retencion-del-puerto-de-asignacion-com-1x-db9-macho-1x-usb-a-macho-startech.com-mod.-icusb232pro.jpg\" \/>\n\t<meta property=\"og:image:width\" content=\"200\" \/>\n\t<meta property=\"og:image:height\" content=\"200\" \/>\n\t<meta property=\"og:image:type\" content=\"image\/jpeg\" \/>\n<meta name=\"twitter:card\" content=\"summary_large_image\" \/>\n<meta name=\"twitter:label1\" content=\"Precio\" \/>\n\t<meta name=\"twitter:data1\" content=\"&#36;638 con IVA\" \/>\n\t<meta name=\"twitter:label2\" content=\"Availability\" \/>\n\t<meta name=\"twitter:data2\" content=\"Out of stock\" \/>\n<script type=\"application\/ld+json\" class=\"yoast-schema-graph\">{\"@context\":\"https:\/\/schema.org\",\"@graph\":[{\"@type\":\"WebPage\",\"@id\":\"https:\/\/compuviper.mx\/tienda\/producto\/startech-com-icusb232pro-cable-adaptador-de-0-3m-usb-a-puerto-serie-serial-rs232-con-retencin-del-puerto-de-asignacin-com-1x-db9-macho-1x-usb-a-macho-mod\/\",\"url\":\"https:\/\/compuviper.mx\/tienda\/producto\/startech-com-icusb232pro-cable-adaptador-de-0-3m-usb-a-puerto-serie-serial-rs232-con-retencin-del-puerto-de-asignacin-com-1x-db9-macho-1x-usb-a-macho-mod\/\",\"name\":\"[ Startech.com ] &#129351; Icusb232pro Cable Adaptador De 0.3m Usb A Puerto Serie Serial Rs232 Con Retencin Del Puerto De Asignacin Com - 1x Db9 Macho - 1x Usb A Macho - Mod.\",\"isPartOf\":{\"@id\":\"https:\/\/compuviper.mx\/tienda\/#website\"},\"datePublished\":\"2026-04-18T05:43:10+00:00\",\"dateModified\":\"2026-04-18T05:43:10+00:00\",\"description\":\"Compra Icusb232pro Cable Adaptador De 0.3m Usb A Puerto Serie Serial Rs232 Con Retencin Del Puerto De Asignacin Com - 1x Db9 Macho - 1x Usb A Macho - Mod. + Env\u00edo a domicilio + Pago seguro + Garant\u00eda\",\"breadcrumb\":{\"@id\":\"https:\/\/compuviper.mx\/tienda\/producto\/startech-com-icusb232pro-cable-adaptador-de-0-3m-usb-a-puerto-serie-serial-rs232-con-retencin-del-puerto-de-asignacin-com-1x-db9-macho-1x-usb-a-macho-mod\/#breadcrumb\"},\"inLanguage\":\"es-MX\",\"potentialAction\":[{\"@type\":\"ReadAction\",\"target\":[\"https:\/\/compuviper.mx\/tienda\/producto\/startech-com-icusb232pro-cable-adaptador-de-0-3m-usb-a-puerto-serie-serial-rs232-con-retencin-del-puerto-de-asignacin-com-1x-db9-macho-1x-usb-a-macho-mod\/\"]}]},{\"@type\":\"BreadcrumbList\",\"@id\":\"https:\/\/compuviper.mx\/tienda\/producto\/startech-com-icusb232pro-cable-adaptador-de-0-3m-usb-a-puerto-serie-serial-rs232-con-retencin-del-puerto-de-asignacin-com-1x-db9-macho-1x-usb-a-macho-mod\/#breadcrumb\",\"itemListElement\":[{\"@type\":\"ListItem\",\"position\":1,\"name\":\"Inicio\",\"item\":\"https:\/\/compuviper.mx\/tienda\/\"},{\"@type\":\"ListItem\",\"position\":2,\"name\":\"Productos\",\"item\":\"https:\/\/compuviper.mx\/tienda\/productos\/\"},{\"@type\":\"ListItem\",\"position\":3,\"name\":\"Cables\",\"item\":\"https:\/\/compuviper.mx\/tienda\/categoria-producto\/cables\/\"},{\"@type\":\"ListItem\",\"position\":4,\"name\":\"Cable Usb\",\"item\":\"https:\/\/compuviper.mx\/tienda\/categoria-producto\/cables\/cable-usb\/\"},{\"@type\":\"ListItem\",\"position\":5,\"name\":\"Startech.com Icusb232pro Cable Adaptador De 0.3m Usb A Puerto Serie Serial Rs232 Con Retencin Del Puerto De Asignacin Com &#8211; 1x Db9 Macho &#8211; 1x Usb A Macho &#8211; Mod.\"}]},{\"@type\":\"WebSite\",\"@id\":\"https:\/\/compuviper.mx\/tienda\/#website\",\"url\":\"https:\/\/compuviper.mx\/tienda\/\",\"name\":\"Compuviper\",\"description\":\"Proveedor de Computadoras, Laptops, Servidores, Monitores, Puntos de Venta, Teclados,   Impresoras, T\u00f3ner, C\u00e1maras de Seguridad y m\u00e1s en tu tienda en l\u00ednea\",\"publisher\":{\"@id\":\"https:\/\/compuviper.mx\/tienda\/#organization\"},\"potentialAction\":[{\"@type\":\"SearchAction\",\"target\":{\"@type\":\"EntryPoint\",\"urlTemplate\":\"https:\/\/compuviper.mx\/tienda\/?s={search_term_string}\"},\"query-input\":\"required name=search_term_string\"}],\"inLanguage\":\"es-MX\"},{\"@type\":\"Organization\",\"@id\":\"https:\/\/compuviper.mx\/tienda\/#organization\",\"name\":\"Compuviper\",\"url\":\"https:\/\/compuviper.mx\/tienda\/\",\"logo\":{\"@type\":\"ImageObject\",\"inLanguage\":\"es-MX\",\"@id\":\"https:\/\/compuviper.mx\/tienda\/#\/schema\/logo\/image\/\",\"url\":\"https:\/\/compuviper.mx\/tienda\/wp-content\/uploads\/2021\/08\/Logo-Compuviper-10.png\",\"contentUrl\":\"https:\/\/compuviper.mx\/tienda\/wp-content\/uploads\/2021\/08\/Logo-Compuviper-10.png\",\"width\":1000,\"height\":500,\"caption\":\"Compuviper\"},\"image\":{\"@id\":\"https:\/\/compuviper.mx\/tienda\/#\/schema\/logo\/image\/\"},\"sameAs\":[\"https:\/\/www.facebook.com\/compuviper\",\"https:\/\/www.youtube.com\/channel\/UCf73dERp9Y3cfOq7q8BhLjA?view_as=subscriber\"]}]}<\/script>\n<meta property=\"product:brand\" content=\"STARTECH.COM\" \/>\n<meta property=\"product:price:amount\" content=\"638\" \/>\n<meta property=\"product:price:currency\" content=\"MXN\" \/>\n<meta property=\"og:availability\" content=\"out of stock\" \/>\n<meta property=\"product:availability\" content=\"out of stock\" \/>\n<meta property=\"product:retailer_item_id\" content=\"ICUSB232PRO\" \/>\n<meta property=\"product:condition\" content=\"new\" \/>\n<!-- \/ Yoast SEO plugin. -->","yoast_head_json":{"title":"[ Startech.com ] &#129351; Icusb232pro Cable Adaptador De 0.3m Usb A Puerto Serie Serial Rs232 Con Retencin Del Puerto De Asignacin Com - 1x Db9 Macho - 1x Usb A Macho - Mod.","description":"Compra Icusb232pro Cable Adaptador De 0.3m Usb A Puerto Serie Serial Rs232 Con Retencin Del Puerto De Asignacin Com - 1x Db9 Macho - 1x Usb A Macho - Mod. + Env\u00edo a domicilio + Pago seguro + Garant\u00eda","robots":{"index":"index","follow":"follow","max-snippet":"max-snippet:-1","max-image-preview":"max-image-preview:large","max-video-preview":"max-video-preview:-1"},"canonical":"https:\/\/compuviper.mx\/tienda\/producto\/startech-com-icusb232pro-cable-adaptador-de-0-3m-usb-a-puerto-serie-serial-rs232-con-retencin-del-puerto-de-asignacin-com-1x-db9-macho-1x-usb-a-macho-mod\/","og_locale":"es_MX","og_type":"article","og_title":"[ Startech.com ] &#129351; Icusb232pro Cable Adaptador De 0.3m Usb A Puerto Serie Serial Rs232 Con Retencin Del Puerto De Asignacin Com - 1x Db9 Macho - 1x Usb A Macho - Mod.","og_description":"Compra Icusb232pro Cable Adaptador De 0.3m Usb A Puerto Serie Serial Rs232 Con Retencin Del Puerto De Asignacin Com - 1x Db9 Macho - 1x Usb A Macho - Mod. + Env\u00edo a domicilio + Pago seguro + Garant\u00eda","og_url":"https:\/\/compuviper.mx\/tienda\/producto\/startech-com-icusb232pro-cable-adaptador-de-0-3m-usb-a-puerto-serie-serial-rs232-con-retencin-del-puerto-de-asignacin-com-1x-db9-macho-1x-usb-a-macho-mod\/","og_site_name":"Compuviper","article_publisher":"https:\/\/www.facebook.com\/compuviper","og_image":[{"width":200,"height":200,"url":"https:\/\/compuviper.mx\/tienda\/wp-content\/uploads\/2023\/12\/Cable-adaptador-de-0.3m-usb-a-puerto-serie-serial-rs232-con-retencion-del-puerto-de-asignacion-com-1x-db9-macho-1x-usb-a-macho-startech.com-mod.-icusb232pro.jpg","type":"image\/jpeg"}],"twitter_card":"summary_large_image","twitter_misc":{"Precio":"&#36;638 con IVA","Availability":"Out of stock"},"schema":{"@context":"https:\/\/schema.org","@graph":[{"@type":"WebPage","@id":"https:\/\/compuviper.mx\/tienda\/producto\/startech-com-icusb232pro-cable-adaptador-de-0-3m-usb-a-puerto-serie-serial-rs232-con-retencin-del-puerto-de-asignacin-com-1x-db9-macho-1x-usb-a-macho-mod\/","url":"https:\/\/compuviper.mx\/tienda\/producto\/startech-com-icusb232pro-cable-adaptador-de-0-3m-usb-a-puerto-serie-serial-rs232-con-retencin-del-puerto-de-asignacin-com-1x-db9-macho-1x-usb-a-macho-mod\/","name":"[ Startech.com ] &#129351; Icusb232pro Cable Adaptador De 0.3m Usb A Puerto Serie Serial Rs232 Con Retencin Del Puerto De Asignacin Com - 1x Db9 Macho - 1x Usb A Macho - Mod.","isPartOf":{"@id":"https:\/\/compuviper.mx\/tienda\/#website"},"datePublished":"2026-04-18T05:43:10+00:00","dateModified":"2026-04-18T05:43:10+00:00","description":"Compra Icusb232pro Cable Adaptador De 0.3m Usb A Puerto Serie Serial Rs232 Con Retencin Del Puerto De Asignacin Com - 1x Db9 Macho - 1x Usb A Macho - Mod. + Env\u00edo a domicilio + Pago seguro + Garant\u00eda","breadcrumb":{"@id":"https:\/\/compuviper.mx\/tienda\/producto\/startech-com-icusb232pro-cable-adaptador-de-0-3m-usb-a-puerto-serie-serial-rs232-con-retencin-del-puerto-de-asignacin-com-1x-db9-macho-1x-usb-a-macho-mod\/#breadcrumb"},"inLanguage":"es-MX","potentialAction":[{"@type":"ReadAction","target":["https:\/\/compuviper.mx\/tienda\/producto\/startech-com-icusb232pro-cable-adaptador-de-0-3m-usb-a-puerto-serie-serial-rs232-con-retencin-del-puerto-de-asignacin-com-1x-db9-macho-1x-usb-a-macho-mod\/"]}]},{"@type":"BreadcrumbList","@id":"https:\/\/compuviper.mx\/tienda\/producto\/startech-com-icusb232pro-cable-adaptador-de-0-3m-usb-a-puerto-serie-serial-rs232-con-retencin-del-puerto-de-asignacin-com-1x-db9-macho-1x-usb-a-macho-mod\/#breadcrumb","itemListElement":[{"@type":"ListItem","position":1,"name":"Inicio","item":"https:\/\/compuviper.mx\/tienda\/"},{"@type":"ListItem","position":2,"name":"Productos","item":"https:\/\/compuviper.mx\/tienda\/productos\/"},{"@type":"ListItem","position":3,"name":"Cables","item":"https:\/\/compuviper.mx\/tienda\/categoria-producto\/cables\/"},{"@type":"ListItem","position":4,"name":"Cable Usb","item":"https:\/\/compuviper.mx\/tienda\/categoria-producto\/cables\/cable-usb\/"},{"@type":"ListItem","position":5,"name":"Startech.com Icusb232pro Cable Adaptador De 0.3m Usb A Puerto Serie Serial Rs232 Con Retencin Del Puerto De Asignacin Com &#8211; 1x Db9 Macho &#8211; 1x Usb A Macho &#8211; Mod."}]},{"@type":"WebSite","@id":"https:\/\/compuviper.mx\/tienda\/#website","url":"https:\/\/compuviper.mx\/tienda\/","name":"Compuviper","description":"Proveedor de Computadoras, Laptops, Servidores, Monitores, Puntos de Venta, Teclados,   Impresoras, T\u00f3ner, C\u00e1maras de Seguridad y m\u00e1s en tu tienda en l\u00ednea","publisher":{"@id":"https:\/\/compuviper.mx\/tienda\/#organization"},"potentialAction":[{"@type":"SearchAction","target":{"@type":"EntryPoint","urlTemplate":"https:\/\/compuviper.mx\/tienda\/?s={search_term_string}"},"query-input":"required name=search_term_string"}],"inLanguage":"es-MX"},{"@type":"Organization","@id":"https:\/\/compuviper.mx\/tienda\/#organization","name":"Compuviper","url":"https:\/\/compuviper.mx\/tienda\/","logo":{"@type":"ImageObject","inLanguage":"es-MX","@id":"https:\/\/compuviper.mx\/tienda\/#\/schema\/logo\/image\/","url":"https:\/\/compuviper.mx\/tienda\/wp-content\/uploads\/2021\/08\/Logo-Compuviper-10.png","contentUrl":"https:\/\/compuviper.mx\/tienda\/wp-content\/uploads\/2021\/08\/Logo-Compuviper-10.png","width":1000,"height":500,"caption":"Compuviper"},"image":{"@id":"https:\/\/compuviper.mx\/tienda\/#\/schema\/logo\/image\/"},"sameAs":["https:\/\/www.facebook.com\/compuviper","https:\/\/www.youtube.com\/channel\/UCf73dERp9Y3cfOq7q8BhLjA?view_as=subscriber"]}]},"product_brand":"STARTECH.COM","product_price_amount":"638","product_price_currency":"MXN","og_availability":"out of stock","product_availability":"out of stock","product_retailer_item_id":"ICUSB232PRO","product_condition":"new"},"_links":{"self":[{"href":"https:\/\/compuviper.mx\/tienda\/wp-json\/wp\/v2\/product\/213630"}],"collection":[{"href":"https:\/\/compuviper.mx\/tienda\/wp-json\/wp\/v2\/product"}],"about":[{"href":"https:\/\/compuviper.mx\/tienda\/wp-json\/wp\/v2\/types\/product"}],"replies":[{"embeddable":true,"href":"https:\/\/compuviper.mx\/tienda\/wp-json\/wp\/v2\/comments?post=213630"}],"wp:featuredmedia":[{"embeddable":true,"href":"https:\/\/compuviper.mx\/tienda\/wp-json\/wp\/v2\/media\/213631"}],"wp:attachment":[{"href":"https:\/\/compuviper.mx\/tienda\/wp-json\/wp\/v2\/media?parent=213630"}],"wp:term":[{"taxonomy":"product_cat","embeddable":true,"href":"https:\/\/compuviper.mx\/tienda\/wp-json\/wp\/v2\/product_cat?post=213630"},{"taxonomy":"product_tag","embeddable":true,"href":"https:\/\/compuviper.mx\/tienda\/wp-json\/wp\/v2\/product_tag?post=213630"}],"curies":[{"name":"wp","href":"https:\/\/api.w.org\/{rel}","templated":true}]}}