{"id":213628,"date":"2026-04-17T23:43:09","date_gmt":"2026-04-18T05:43:09","guid":{"rendered":"https:\/\/compuviper.mx\/tienda\/producto\/startech-com-usb2aaext5m-cable-de-extension-alargador-de-5m-usb-2-0-de-extension-alargador-activo-de-5-metros-macho-a-hembra-con-opcin-a-fuente-de-poder-externa-mod\/"},"modified":"2026-04-17T23:43:09","modified_gmt":"2026-04-18T05:43:09","slug":"startech-com-usb2aaext5m-cable-de-extension-alargador-de-5m-usb-2-0-de-extension-alargador-activo-de-5-metros-macho-a-hembra-con-opcin-a-fuente-de-poder-externa-mod","status":"publish","type":"product","link":"https:\/\/compuviper.mx\/tienda\/producto\/startech-com-usb2aaext5m-cable-de-extension-alargador-de-5m-usb-2-0-de-extension-alargador-activo-de-5-metros-macho-a-hembra-con-opcin-a-fuente-de-poder-externa-mod\/","title":{"rendered":"Startech.com Usb2aaext5m Cable De Extension Alargador De 5m &#8211; Usb 2.0 De Extension Alargador Activo De 5 Metros &#8211; Macho A Hembra &#8211; Con Opcin A Fuente De Poder Externa &#8211;  Mod."},"content":{"rendered":"<table class=\"descripcion\">\n<tr>\n<td>Hardware<\/td>\n<\/tr>\n<tr>\n<td>Cable tipo jacket : pvc &#8211; polyvinyl chloride<\/td>\n<\/tr>\n<tr>\n<td>Revestimiento del conector  : n\u00edquel<\/td>\n<\/tr>\n<tr>\n<td>Tipo de cable blindado : l\u00e1mina de aluminio mylar con malla trenzada<\/td>\n<\/tr>\n<tr>\n<td>Observaciones \/ requisitos<\/td>\n<\/tr>\n<tr>\n<td>Nota : conexi\u00f3n en cascada de hasta 4 cables usb2aaext5m, para mayor extensi\u00f3n<\/td>\n<\/tr>\n<tr>\n<td>Requisitos de energ\u00eda<\/td>\n<\/tr>\n<tr>\n<td>Adaptador de corriente incluido : adaptador de alimentaci\u00f3n de ca incluido<\/td>\n<\/tr>\n<tr>\n<td>Alimentaci\u00f3n de salida : 1a<\/td>\n<\/tr>\n<tr>\n<td>Consumo de energ\u00eda : 5<\/td>\n<\/tr>\n<tr>\n<td>Corriente de entrada : 0.35 a<\/td>\n<\/tr>\n<tr>\n<td>Polaridad central : positivo<\/td>\n<\/tr>\n<tr>\n<td>Tensi\u00f3n de entrada : 100 &#8211; 240 ac<\/td>\n<\/tr>\n<tr>\n<td>Tensi\u00f3n de salida : 5 dc<\/td>\n<\/tr>\n<tr>\n<td>Tipo de enchufe : h<\/td>\n<\/tr>\n<tr>\n<td>Conector(es)<\/td>\n<\/tr>\n<tr>\n<td>Conector b : usb type-a (4 pines) usb 2.0<\/td>\n<\/tr>\n<tr>\n<td>Conector a : usb type-a (4 pines) usb 2.0<\/td>\n<\/tr>\n<tr>\n<td>Caracter\u00edsticas f\u00edsicas<\/td>\n<\/tr>\n<tr>\n<td>Peso del producto : 206 g<\/td>\n<\/tr>\n<tr>\n<td>Longitud del producto : 5 m<\/td>\n<\/tr>\n<tr>\n<td>Longitud del cable : 5 m<\/td>\n<\/tr>\n<tr>\n<td>Estilo de conector : recto<\/td>\n<\/tr>\n<tr>\n<td>Color : negro<\/td>\n<\/tr>\n<tr>\n<td>Calibre del conductor : 24 awg<\/td>\n<\/tr>\n<tr>\n<td>Ancho del producto : 16.4 mm<\/td>\n<\/tr>\n<tr>\n<td>Altura del producto : 0.9 cm<\/td>\n<\/tr>\n<\/table>\n","protected":false},"excerpt":{"rendered":"<p>El cable de extensi\u00f3n usb 2.0 activo (5 metros), modelo\u00a0usb2aaext5m, incluye un conector macho usb a y un conector hembra usb a, lo cual permite la extensi\u00f3n activa de dispositivos usb 2.0 en hasta 5 metros. Cable todo en uno para evitar las limitaciones en la conexi\u00f3n debido a la distancia o a la fuente de alimentaci\u00f3n el\u00e9ctrica, este cable de extensi\u00f3n usb 2.0 activo incorpora circuitos con alimentaci\u00f3n por bus que garantizan el rendimiento m\u00e1s all\u00e1 de los l\u00edmites de los cables usb est\u00e1ndar. Adem\u00e1s, permite la conexi\u00f3n en serie de 4 cables para alcanzar una extensi\u00f3n usb total de hasta 20 metros. En caso necesario, el cable puede obtener la alimentaci\u00f3n a trav\u00e9s de un tomacorriente, mediante el adaptador universal de corriente alterna (ca)\u00a0proporcionado con el cable. El cable repetidor usb2aaext5m\u00a0soporta el ancho de banda usb 2.0 completo de 480 mbps.<\/p>\n","protected":false},"featured_media":213629,"comment_status":"open","ping_status":"open","template":"","meta":[],"product_cat":[1549,1605],"product_tag":[1590],"acf":[],"yoast_head":"<!-- This site is optimized with the Yoast SEO plugin v21.7 - https:\/\/yoast.com\/wordpress\/plugins\/seo\/ -->\n<title>[ Startech.com ] &#129351; Usb2aaext5m Cable De Extension Alargador De 5m - Usb 2.0 De Extension Alargador Activo De 5 Metros - Macho A Hembra - Con Opcin A Fuente De Poder Externa - Mod.<\/title>\n<meta name=\"description\" content=\"Compra Usb2aaext5m Cable De Extension Alargador De 5m - Usb 2.0 De Extension Alargador Activo De 5 Metros - Macho A Hembra - Con Opcin A Fuente De Poder Externa - Mod. + Env\u00edo a domicilio + Pago seguro + Garant\u00eda\" \/>\n<meta name=\"robots\" content=\"index, follow, max-snippet:-1, max-image-preview:large, max-video-preview:-1\" \/>\n<link rel=\"canonical\" href=\"https:\/\/compuviper.mx\/tienda\/producto\/startech-com-usb2aaext5m-cable-de-extension-alargador-de-5m-usb-2-0-de-extension-alargador-activo-de-5-metros-macho-a-hembra-con-opcin-a-fuente-de-poder-externa-mod\/\" \/>\n<meta property=\"og:locale\" content=\"es_MX\" \/>\n<meta property=\"og:type\" content=\"article\" \/>\n<meta property=\"og:title\" content=\"[ Startech.com ] &#129351; Usb2aaext5m Cable De Extension Alargador De 5m - Usb 2.0 De Extension Alargador Activo De 5 Metros - Macho A Hembra - Con Opcin A Fuente De Poder Externa - Mod.\" \/>\n<meta property=\"og:description\" content=\"Compra Usb2aaext5m Cable De Extension Alargador De 5m - Usb 2.0 De Extension Alargador Activo De 5 Metros - Macho A Hembra - Con Opcin A Fuente De Poder Externa - Mod. + Env\u00edo a domicilio + Pago seguro + Garant\u00eda\" \/>\n<meta property=\"og:url\" content=\"https:\/\/compuviper.mx\/tienda\/producto\/startech-com-usb2aaext5m-cable-de-extension-alargador-de-5m-usb-2-0-de-extension-alargador-activo-de-5-metros-macho-a-hembra-con-opcin-a-fuente-de-poder-externa-mod\/\" \/>\n<meta property=\"og:site_name\" content=\"Compuviper\" \/>\n<meta property=\"article:publisher\" content=\"https:\/\/www.facebook.com\/compuviper\" \/>\n<meta property=\"og:image\" content=\"https:\/\/compuviper.mx\/tienda\/wp-content\/uploads\/2023\/12\/Cable-de-extension-alargador-de-5m-usb-2.0-de-extension-alargador-activo-de-5-metros-macho-a-hembra-con-opcion-a-fuente-de-poder-externa-startech.com-mod.-usb2aaext5m.jpg\" \/>\n\t<meta property=\"og:image:width\" content=\"200\" \/>\n\t<meta property=\"og:image:height\" content=\"200\" \/>\n\t<meta property=\"og:image:type\" content=\"image\/jpeg\" \/>\n<meta name=\"twitter:card\" content=\"summary_large_image\" \/>\n<meta name=\"twitter:label1\" content=\"Precio\" \/>\n\t<meta name=\"twitter:data1\" content=\"&#36;930 con IVA\" \/>\n\t<meta name=\"twitter:label2\" content=\"Availability\" \/>\n\t<meta name=\"twitter:data2\" content=\"In stock\" \/>\n<script type=\"application\/ld+json\" class=\"yoast-schema-graph\">{\"@context\":\"https:\/\/schema.org\",\"@graph\":[{\"@type\":\"WebPage\",\"@id\":\"https:\/\/compuviper.mx\/tienda\/producto\/startech-com-usb2aaext5m-cable-de-extension-alargador-de-5m-usb-2-0-de-extension-alargador-activo-de-5-metros-macho-a-hembra-con-opcin-a-fuente-de-poder-externa-mod\/\",\"url\":\"https:\/\/compuviper.mx\/tienda\/producto\/startech-com-usb2aaext5m-cable-de-extension-alargador-de-5m-usb-2-0-de-extension-alargador-activo-de-5-metros-macho-a-hembra-con-opcin-a-fuente-de-poder-externa-mod\/\",\"name\":\"[ Startech.com ] &#129351; Usb2aaext5m Cable De Extension Alargador De 5m - Usb 2.0 De Extension Alargador Activo De 5 Metros - Macho A Hembra - Con Opcin A Fuente De Poder Externa - Mod.\",\"isPartOf\":{\"@id\":\"https:\/\/compuviper.mx\/tienda\/#website\"},\"datePublished\":\"2026-04-18T05:43:09+00:00\",\"dateModified\":\"2026-04-18T05:43:09+00:00\",\"description\":\"Compra Usb2aaext5m Cable De Extension Alargador De 5m - Usb 2.0 De Extension Alargador Activo De 5 Metros - Macho A Hembra - Con Opcin A Fuente De Poder Externa - Mod. + Env\u00edo a domicilio + Pago seguro + Garant\u00eda\",\"breadcrumb\":{\"@id\":\"https:\/\/compuviper.mx\/tienda\/producto\/startech-com-usb2aaext5m-cable-de-extension-alargador-de-5m-usb-2-0-de-extension-alargador-activo-de-5-metros-macho-a-hembra-con-opcin-a-fuente-de-poder-externa-mod\/#breadcrumb\"},\"inLanguage\":\"es-MX\",\"potentialAction\":[{\"@type\":\"ReadAction\",\"target\":[\"https:\/\/compuviper.mx\/tienda\/producto\/startech-com-usb2aaext5m-cable-de-extension-alargador-de-5m-usb-2-0-de-extension-alargador-activo-de-5-metros-macho-a-hembra-con-opcin-a-fuente-de-poder-externa-mod\/\"]}]},{\"@type\":\"BreadcrumbList\",\"@id\":\"https:\/\/compuviper.mx\/tienda\/producto\/startech-com-usb2aaext5m-cable-de-extension-alargador-de-5m-usb-2-0-de-extension-alargador-activo-de-5-metros-macho-a-hembra-con-opcin-a-fuente-de-poder-externa-mod\/#breadcrumb\",\"itemListElement\":[{\"@type\":\"ListItem\",\"position\":1,\"name\":\"Inicio\",\"item\":\"https:\/\/compuviper.mx\/tienda\/\"},{\"@type\":\"ListItem\",\"position\":2,\"name\":\"Productos\",\"item\":\"https:\/\/compuviper.mx\/tienda\/productos\/\"},{\"@type\":\"ListItem\",\"position\":3,\"name\":\"Cables\",\"item\":\"https:\/\/compuviper.mx\/tienda\/categoria-producto\/cables\/\"},{\"@type\":\"ListItem\",\"position\":4,\"name\":\"Cable Usb\",\"item\":\"https:\/\/compuviper.mx\/tienda\/categoria-producto\/cables\/cable-usb\/\"},{\"@type\":\"ListItem\",\"position\":5,\"name\":\"Startech.com Usb2aaext5m Cable De Extension Alargador De 5m &#8211; Usb 2.0 De Extension Alargador Activo De 5 Metros &#8211; Macho A Hembra &#8211; Con Opcin A Fuente De Poder Externa &#8211; Mod.\"}]},{\"@type\":\"WebSite\",\"@id\":\"https:\/\/compuviper.mx\/tienda\/#website\",\"url\":\"https:\/\/compuviper.mx\/tienda\/\",\"name\":\"Compuviper\",\"description\":\"Proveedor de Computadoras, Laptops, Servidores, Monitores, Puntos de Venta, Teclados,   Impresoras, T\u00f3ner, C\u00e1maras de Seguridad y m\u00e1s en tu tienda en l\u00ednea\",\"publisher\":{\"@id\":\"https:\/\/compuviper.mx\/tienda\/#organization\"},\"potentialAction\":[{\"@type\":\"SearchAction\",\"target\":{\"@type\":\"EntryPoint\",\"urlTemplate\":\"https:\/\/compuviper.mx\/tienda\/?s={search_term_string}\"},\"query-input\":\"required name=search_term_string\"}],\"inLanguage\":\"es-MX\"},{\"@type\":\"Organization\",\"@id\":\"https:\/\/compuviper.mx\/tienda\/#organization\",\"name\":\"Compuviper\",\"url\":\"https:\/\/compuviper.mx\/tienda\/\",\"logo\":{\"@type\":\"ImageObject\",\"inLanguage\":\"es-MX\",\"@id\":\"https:\/\/compuviper.mx\/tienda\/#\/schema\/logo\/image\/\",\"url\":\"https:\/\/compuviper.mx\/tienda\/wp-content\/uploads\/2021\/08\/Logo-Compuviper-10.png\",\"contentUrl\":\"https:\/\/compuviper.mx\/tienda\/wp-content\/uploads\/2021\/08\/Logo-Compuviper-10.png\",\"width\":1000,\"height\":500,\"caption\":\"Compuviper\"},\"image\":{\"@id\":\"https:\/\/compuviper.mx\/tienda\/#\/schema\/logo\/image\/\"},\"sameAs\":[\"https:\/\/www.facebook.com\/compuviper\",\"https:\/\/www.youtube.com\/channel\/UCf73dERp9Y3cfOq7q8BhLjA?view_as=subscriber\"]}]}<\/script>\n<meta property=\"product:brand\" content=\"STARTECH.COM\" \/>\n<meta property=\"product:price:amount\" content=\"930\" \/>\n<meta property=\"product:price:currency\" content=\"MXN\" \/>\n<meta property=\"og:availability\" content=\"instock\" \/>\n<meta property=\"product:availability\" content=\"instock\" \/>\n<meta property=\"product:retailer_item_id\" content=\"USB2AAEXT5M\" \/>\n<meta property=\"product:condition\" content=\"new\" \/>\n<!-- \/ Yoast SEO plugin. -->","yoast_head_json":{"title":"[ Startech.com ] &#129351; Usb2aaext5m Cable De Extension Alargador De 5m - Usb 2.0 De Extension Alargador Activo De 5 Metros - Macho A Hembra - Con Opcin A Fuente De Poder Externa - Mod.","description":"Compra Usb2aaext5m Cable De Extension Alargador De 5m - Usb 2.0 De Extension Alargador Activo De 5 Metros - Macho A Hembra - Con Opcin A Fuente De Poder Externa - Mod. + Env\u00edo a domicilio + Pago seguro + Garant\u00eda","robots":{"index":"index","follow":"follow","max-snippet":"max-snippet:-1","max-image-preview":"max-image-preview:large","max-video-preview":"max-video-preview:-1"},"canonical":"https:\/\/compuviper.mx\/tienda\/producto\/startech-com-usb2aaext5m-cable-de-extension-alargador-de-5m-usb-2-0-de-extension-alargador-activo-de-5-metros-macho-a-hembra-con-opcin-a-fuente-de-poder-externa-mod\/","og_locale":"es_MX","og_type":"article","og_title":"[ Startech.com ] &#129351; Usb2aaext5m Cable De Extension Alargador De 5m - Usb 2.0 De Extension Alargador Activo De 5 Metros - Macho A Hembra - Con Opcin A Fuente De Poder Externa - Mod.","og_description":"Compra Usb2aaext5m Cable De Extension Alargador De 5m - Usb 2.0 De Extension Alargador Activo De 5 Metros - Macho A Hembra - Con Opcin A Fuente De Poder Externa - Mod. + Env\u00edo a domicilio + Pago seguro + Garant\u00eda","og_url":"https:\/\/compuviper.mx\/tienda\/producto\/startech-com-usb2aaext5m-cable-de-extension-alargador-de-5m-usb-2-0-de-extension-alargador-activo-de-5-metros-macho-a-hembra-con-opcin-a-fuente-de-poder-externa-mod\/","og_site_name":"Compuviper","article_publisher":"https:\/\/www.facebook.com\/compuviper","og_image":[{"width":200,"height":200,"url":"https:\/\/compuviper.mx\/tienda\/wp-content\/uploads\/2023\/12\/Cable-de-extension-alargador-de-5m-usb-2.0-de-extension-alargador-activo-de-5-metros-macho-a-hembra-con-opcion-a-fuente-de-poder-externa-startech.com-mod.-usb2aaext5m.jpg","type":"image\/jpeg"}],"twitter_card":"summary_large_image","twitter_misc":{"Precio":"&#36;930 con IVA","Availability":"In stock"},"schema":{"@context":"https:\/\/schema.org","@graph":[{"@type":"WebPage","@id":"https:\/\/compuviper.mx\/tienda\/producto\/startech-com-usb2aaext5m-cable-de-extension-alargador-de-5m-usb-2-0-de-extension-alargador-activo-de-5-metros-macho-a-hembra-con-opcin-a-fuente-de-poder-externa-mod\/","url":"https:\/\/compuviper.mx\/tienda\/producto\/startech-com-usb2aaext5m-cable-de-extension-alargador-de-5m-usb-2-0-de-extension-alargador-activo-de-5-metros-macho-a-hembra-con-opcin-a-fuente-de-poder-externa-mod\/","name":"[ Startech.com ] &#129351; Usb2aaext5m Cable De Extension Alargador De 5m - Usb 2.0 De Extension Alargador Activo De 5 Metros - Macho A Hembra - Con Opcin A Fuente De Poder Externa - Mod.","isPartOf":{"@id":"https:\/\/compuviper.mx\/tienda\/#website"},"datePublished":"2026-04-18T05:43:09+00:00","dateModified":"2026-04-18T05:43:09+00:00","description":"Compra Usb2aaext5m Cable De Extension Alargador De 5m - Usb 2.0 De Extension Alargador Activo De 5 Metros - Macho A Hembra - Con Opcin A Fuente De Poder Externa - Mod. + Env\u00edo a domicilio + Pago seguro + Garant\u00eda","breadcrumb":{"@id":"https:\/\/compuviper.mx\/tienda\/producto\/startech-com-usb2aaext5m-cable-de-extension-alargador-de-5m-usb-2-0-de-extension-alargador-activo-de-5-metros-macho-a-hembra-con-opcin-a-fuente-de-poder-externa-mod\/#breadcrumb"},"inLanguage":"es-MX","potentialAction":[{"@type":"ReadAction","target":["https:\/\/compuviper.mx\/tienda\/producto\/startech-com-usb2aaext5m-cable-de-extension-alargador-de-5m-usb-2-0-de-extension-alargador-activo-de-5-metros-macho-a-hembra-con-opcin-a-fuente-de-poder-externa-mod\/"]}]},{"@type":"BreadcrumbList","@id":"https:\/\/compuviper.mx\/tienda\/producto\/startech-com-usb2aaext5m-cable-de-extension-alargador-de-5m-usb-2-0-de-extension-alargador-activo-de-5-metros-macho-a-hembra-con-opcin-a-fuente-de-poder-externa-mod\/#breadcrumb","itemListElement":[{"@type":"ListItem","position":1,"name":"Inicio","item":"https:\/\/compuviper.mx\/tienda\/"},{"@type":"ListItem","position":2,"name":"Productos","item":"https:\/\/compuviper.mx\/tienda\/productos\/"},{"@type":"ListItem","position":3,"name":"Cables","item":"https:\/\/compuviper.mx\/tienda\/categoria-producto\/cables\/"},{"@type":"ListItem","position":4,"name":"Cable Usb","item":"https:\/\/compuviper.mx\/tienda\/categoria-producto\/cables\/cable-usb\/"},{"@type":"ListItem","position":5,"name":"Startech.com Usb2aaext5m Cable De Extension Alargador De 5m &#8211; Usb 2.0 De Extension Alargador Activo De 5 Metros &#8211; Macho A Hembra &#8211; Con Opcin A Fuente De Poder Externa &#8211; Mod."}]},{"@type":"WebSite","@id":"https:\/\/compuviper.mx\/tienda\/#website","url":"https:\/\/compuviper.mx\/tienda\/","name":"Compuviper","description":"Proveedor de Computadoras, Laptops, Servidores, Monitores, Puntos de Venta, Teclados,   Impresoras, T\u00f3ner, C\u00e1maras de Seguridad y m\u00e1s en tu tienda en l\u00ednea","publisher":{"@id":"https:\/\/compuviper.mx\/tienda\/#organization"},"potentialAction":[{"@type":"SearchAction","target":{"@type":"EntryPoint","urlTemplate":"https:\/\/compuviper.mx\/tienda\/?s={search_term_string}"},"query-input":"required name=search_term_string"}],"inLanguage":"es-MX"},{"@type":"Organization","@id":"https:\/\/compuviper.mx\/tienda\/#organization","name":"Compuviper","url":"https:\/\/compuviper.mx\/tienda\/","logo":{"@type":"ImageObject","inLanguage":"es-MX","@id":"https:\/\/compuviper.mx\/tienda\/#\/schema\/logo\/image\/","url":"https:\/\/compuviper.mx\/tienda\/wp-content\/uploads\/2021\/08\/Logo-Compuviper-10.png","contentUrl":"https:\/\/compuviper.mx\/tienda\/wp-content\/uploads\/2021\/08\/Logo-Compuviper-10.png","width":1000,"height":500,"caption":"Compuviper"},"image":{"@id":"https:\/\/compuviper.mx\/tienda\/#\/schema\/logo\/image\/"},"sameAs":["https:\/\/www.facebook.com\/compuviper","https:\/\/www.youtube.com\/channel\/UCf73dERp9Y3cfOq7q8BhLjA?view_as=subscriber"]}]},"product_brand":"STARTECH.COM","product_price_amount":"930","product_price_currency":"MXN","og_availability":"instock","product_availability":"instock","product_retailer_item_id":"USB2AAEXT5M","product_condition":"new"},"_links":{"self":[{"href":"https:\/\/compuviper.mx\/tienda\/wp-json\/wp\/v2\/product\/213628"}],"collection":[{"href":"https:\/\/compuviper.mx\/tienda\/wp-json\/wp\/v2\/product"}],"about":[{"href":"https:\/\/compuviper.mx\/tienda\/wp-json\/wp\/v2\/types\/product"}],"replies":[{"embeddable":true,"href":"https:\/\/compuviper.mx\/tienda\/wp-json\/wp\/v2\/comments?post=213628"}],"wp:featuredmedia":[{"embeddable":true,"href":"https:\/\/compuviper.mx\/tienda\/wp-json\/wp\/v2\/media\/213629"}],"wp:attachment":[{"href":"https:\/\/compuviper.mx\/tienda\/wp-json\/wp\/v2\/media?parent=213628"}],"wp:term":[{"taxonomy":"product_cat","embeddable":true,"href":"https:\/\/compuviper.mx\/tienda\/wp-json\/wp\/v2\/product_cat?post=213628"},{"taxonomy":"product_tag","embeddable":true,"href":"https:\/\/compuviper.mx\/tienda\/wp-json\/wp\/v2\/product_tag?post=213628"}],"curies":[{"name":"wp","href":"https:\/\/api.w.org\/{rel}","templated":true}]}}