{"id":213626,"date":"2026-04-10T23:40:03","date_gmt":"2026-04-11T05:40:03","guid":{"rendered":"https:\/\/compuviper.mx\/tienda\/producto\/startech-com-45pat10mwh-cable-de-10m-blanco-de-red-cat5e-ethernet-rj45-sin-enganches-latiguillo-snagless-mod\/"},"modified":"2026-04-10T23:40:03","modified_gmt":"2026-04-11T05:40:03","slug":"startech-com-45pat10mwh-cable-de-10m-blanco-de-red-cat5e-ethernet-rj45-sin-enganches-latiguillo-snagless-mod","status":"publish","type":"product","link":"https:\/\/compuviper.mx\/tienda\/producto\/startech-com-45pat10mwh-cable-de-10m-blanco-de-red-cat5e-ethernet-rj45-sin-enganches-latiguillo-snagless-mod\/","title":{"rendered":"Startech.com 45pat10mwh Cable De 10m Blanco De Red Cat5e Ethernet Rj45 Sin Enganches &#8211; Latiguillo Snagless &#8211;  Mod."},"content":{"rendered":"<table class=\"descripcion\">\n<tr>\n<td>Hardware<\/td>\n<\/tr>\n<tr>\n<td>Cantidad de conductores : 4 pair utp<\/td>\n<\/tr>\n<tr>\n<td>Grado de inflamabilidad : clasificaci\u00f3n cm<\/td>\n<\/tr>\n<tr>\n<td>Tipo de cable : libre de enganches<\/td>\n<\/tr>\n<tr>\n<td>Rendimiento<\/td>\n<\/tr>\n<tr>\n<td>Clasificaci\u00f3n de cables : cat5e &#8211; 350 mhz<\/td>\n<\/tr>\n<tr>\n<td>Hardware<\/td>\n<\/tr>\n<tr>\n<td>Cable tipo jacket : pvc &#8211; polyvinyl chloride<\/td>\n<\/tr>\n<tr>\n<td>Contenido de la caja<\/td>\n<\/tr>\n<tr>\n<td>Incluido en la caja : cable cat5e de red<\/td>\n<\/tr>\n<tr>\n<td>Conector(es)<\/td>\n<\/tr>\n<tr>\n<td>Conector b : rj-45<\/td>\n<\/tr>\n<tr>\n<td>Conector a : rj-45<\/td>\n<\/tr>\n<tr>\n<td>Caracter\u00edsticas f\u00edsicas<\/td>\n<\/tr>\n<tr>\n<td>Tipo de conductor : cobre trenzado<\/td>\n<\/tr>\n<tr>\n<td>Peso del producto : 346 g<\/td>\n<\/tr>\n<tr>\n<td>Longitud del producto : 10 m<\/td>\n<\/tr>\n<tr>\n<td>Longitud del cable : 10 m<\/td>\n<\/tr>\n<tr>\n<td>Color : blanco<\/td>\n<\/tr>\n<tr>\n<td>Calibre del conductor : 24 awg<\/td>\n<\/tr>\n<\/table>\n","protected":false},"excerpt":{"rendered":"<p>Este cable cat5e de red ofrece conexiones confiables de red, lo cual garantiza una capacidad de alto rendimiento para sus aplicaciones ethernet exigentes. Encuentre la longitud y el color que necesita este cable de red de 10 metros, color blanco, resulta perfecto en tramos y conductos de redes. El cable est\u00e1 dise\u00f1ado para instalaciones a distancias m\u00e1s largas, como sobre un poste o a trav\u00e9s del espacio de una oficina, desde un concentrador a un enchufe. Los clips rj45 snagless (a prueba de enganches) protegen sus conexiones de red para facilitar la instalaci\u00f3n de estos cables duraderos. Tambi\u00e9n se incluye revestimiento\u00a0moldeado que reduce la tensi\u00f3n en los puntos de terminaci\u00f3n de los conectores rj45, lo cual evita que el cable se doble en \u00e1ngulos agudos. Con conectores de oro de 50 micrones que permiten m\u00e1xima conductividad.<\/p>\n","protected":false},"featured_media":213627,"comment_status":"open","ping_status":"open","template":"","meta":[],"product_cat":[1602,1549],"product_tag":[1590],"acf":[],"yoast_head":"<!-- This site is optimized with the Yoast SEO plugin v21.7 - https:\/\/yoast.com\/wordpress\/plugins\/seo\/ -->\n<title>[ Startech.com ] &#129351; 45pat10mwh Cable De 10m Blanco De Red Cat5e Ethernet Rj45 Sin Enganches - Latiguillo Snagless - Mod.<\/title>\n<meta name=\"description\" content=\"Compra 45pat10mwh Cable De 10m Blanco De Red Cat5e Ethernet Rj45 Sin Enganches - Latiguillo Snagless - Mod. + Env\u00edo a domicilio + Pago seguro + Garant\u00eda\" \/>\n<meta name=\"robots\" content=\"index, follow, max-snippet:-1, max-image-preview:large, max-video-preview:-1\" \/>\n<link rel=\"canonical\" href=\"https:\/\/compuviper.mx\/tienda\/producto\/startech-com-45pat10mwh-cable-de-10m-blanco-de-red-cat5e-ethernet-rj45-sin-enganches-latiguillo-snagless-mod\/\" \/>\n<meta property=\"og:locale\" content=\"es_MX\" \/>\n<meta property=\"og:type\" content=\"article\" \/>\n<meta property=\"og:title\" content=\"[ Startech.com ] &#129351; 45pat10mwh Cable De 10m Blanco De Red Cat5e Ethernet Rj45 Sin Enganches - Latiguillo Snagless - Mod.\" \/>\n<meta property=\"og:description\" content=\"Compra 45pat10mwh Cable De 10m Blanco De Red Cat5e Ethernet Rj45 Sin Enganches - Latiguillo Snagless - Mod. + Env\u00edo a domicilio + Pago seguro + Garant\u00eda\" \/>\n<meta property=\"og:url\" content=\"https:\/\/compuviper.mx\/tienda\/producto\/startech-com-45pat10mwh-cable-de-10m-blanco-de-red-cat5e-ethernet-rj45-sin-enganches-latiguillo-snagless-mod\/\" \/>\n<meta property=\"og:site_name\" content=\"Compuviper\" \/>\n<meta property=\"article:publisher\" content=\"https:\/\/www.facebook.com\/compuviper\" \/>\n<meta property=\"og:image\" content=\"https:\/\/compuviper.mx\/tienda\/wp-content\/uploads\/2023\/12\/Cable-de-10m-blanco-de-red-cat5e-ethernet-rj45-sin-enganches-latiguillo-snagless-startech.com-mod.-45pat10mwh.jpg\" \/>\n\t<meta property=\"og:image:width\" content=\"200\" \/>\n\t<meta property=\"og:image:height\" content=\"200\" \/>\n\t<meta property=\"og:image:type\" content=\"image\/jpeg\" \/>\n<meta name=\"twitter:card\" content=\"summary_large_image\" \/>\n<meta name=\"twitter:label1\" content=\"Precio\" \/>\n\t<meta name=\"twitter:data1\" content=\"&#36;221 con IVA\" \/>\n\t<meta name=\"twitter:label2\" content=\"Availability\" \/>\n\t<meta name=\"twitter:data2\" content=\"Out of stock\" \/>\n<script type=\"application\/ld+json\" class=\"yoast-schema-graph\">{\"@context\":\"https:\/\/schema.org\",\"@graph\":[{\"@type\":\"WebPage\",\"@id\":\"https:\/\/compuviper.mx\/tienda\/producto\/startech-com-45pat10mwh-cable-de-10m-blanco-de-red-cat5e-ethernet-rj45-sin-enganches-latiguillo-snagless-mod\/\",\"url\":\"https:\/\/compuviper.mx\/tienda\/producto\/startech-com-45pat10mwh-cable-de-10m-blanco-de-red-cat5e-ethernet-rj45-sin-enganches-latiguillo-snagless-mod\/\",\"name\":\"[ Startech.com ] &#129351; 45pat10mwh Cable De 10m Blanco De Red Cat5e Ethernet Rj45 Sin Enganches - Latiguillo Snagless - Mod.\",\"isPartOf\":{\"@id\":\"https:\/\/compuviper.mx\/tienda\/#website\"},\"datePublished\":\"2026-04-11T05:40:03+00:00\",\"dateModified\":\"2026-04-11T05:40:03+00:00\",\"description\":\"Compra 45pat10mwh Cable De 10m Blanco De Red Cat5e Ethernet Rj45 Sin Enganches - Latiguillo Snagless - Mod. + Env\u00edo a domicilio + Pago seguro + Garant\u00eda\",\"breadcrumb\":{\"@id\":\"https:\/\/compuviper.mx\/tienda\/producto\/startech-com-45pat10mwh-cable-de-10m-blanco-de-red-cat5e-ethernet-rj45-sin-enganches-latiguillo-snagless-mod\/#breadcrumb\"},\"inLanguage\":\"es-MX\",\"potentialAction\":[{\"@type\":\"ReadAction\",\"target\":[\"https:\/\/compuviper.mx\/tienda\/producto\/startech-com-45pat10mwh-cable-de-10m-blanco-de-red-cat5e-ethernet-rj45-sin-enganches-latiguillo-snagless-mod\/\"]}]},{\"@type\":\"BreadcrumbList\",\"@id\":\"https:\/\/compuviper.mx\/tienda\/producto\/startech-com-45pat10mwh-cable-de-10m-blanco-de-red-cat5e-ethernet-rj45-sin-enganches-latiguillo-snagless-mod\/#breadcrumb\",\"itemListElement\":[{\"@type\":\"ListItem\",\"position\":1,\"name\":\"Inicio\",\"item\":\"https:\/\/compuviper.mx\/tienda\/\"},{\"@type\":\"ListItem\",\"position\":2,\"name\":\"Productos\",\"item\":\"https:\/\/compuviper.mx\/tienda\/productos\/\"},{\"@type\":\"ListItem\",\"position\":3,\"name\":\"Cables\",\"item\":\"https:\/\/compuviper.mx\/tienda\/categoria-producto\/cables\/\"},{\"@type\":\"ListItem\",\"position\":4,\"name\":\"Cable De Red\",\"item\":\"https:\/\/compuviper.mx\/tienda\/categoria-producto\/cables\/cable-de-red\/\"},{\"@type\":\"ListItem\",\"position\":5,\"name\":\"Startech.com 45pat10mwh Cable De 10m Blanco De Red Cat5e Ethernet Rj45 Sin Enganches &#8211; Latiguillo Snagless &#8211; Mod.\"}]},{\"@type\":\"WebSite\",\"@id\":\"https:\/\/compuviper.mx\/tienda\/#website\",\"url\":\"https:\/\/compuviper.mx\/tienda\/\",\"name\":\"Compuviper\",\"description\":\"Proveedor de Computadoras, Laptops, Servidores, Monitores, Puntos de Venta, Teclados,   Impresoras, T\u00f3ner, C\u00e1maras de Seguridad y m\u00e1s en tu tienda en l\u00ednea\",\"publisher\":{\"@id\":\"https:\/\/compuviper.mx\/tienda\/#organization\"},\"potentialAction\":[{\"@type\":\"SearchAction\",\"target\":{\"@type\":\"EntryPoint\",\"urlTemplate\":\"https:\/\/compuviper.mx\/tienda\/?s={search_term_string}\"},\"query-input\":\"required name=search_term_string\"}],\"inLanguage\":\"es-MX\"},{\"@type\":\"Organization\",\"@id\":\"https:\/\/compuviper.mx\/tienda\/#organization\",\"name\":\"Compuviper\",\"url\":\"https:\/\/compuviper.mx\/tienda\/\",\"logo\":{\"@type\":\"ImageObject\",\"inLanguage\":\"es-MX\",\"@id\":\"https:\/\/compuviper.mx\/tienda\/#\/schema\/logo\/image\/\",\"url\":\"https:\/\/compuviper.mx\/tienda\/wp-content\/uploads\/2021\/08\/Logo-Compuviper-10.png\",\"contentUrl\":\"https:\/\/compuviper.mx\/tienda\/wp-content\/uploads\/2021\/08\/Logo-Compuviper-10.png\",\"width\":1000,\"height\":500,\"caption\":\"Compuviper\"},\"image\":{\"@id\":\"https:\/\/compuviper.mx\/tienda\/#\/schema\/logo\/image\/\"},\"sameAs\":[\"https:\/\/www.facebook.com\/compuviper\",\"https:\/\/www.youtube.com\/channel\/UCf73dERp9Y3cfOq7q8BhLjA?view_as=subscriber\"]}]}<\/script>\n<meta property=\"product:brand\" content=\"STARTECH.COM\" \/>\n<meta property=\"product:price:amount\" content=\"221\" \/>\n<meta property=\"product:price:currency\" content=\"MXN\" \/>\n<meta property=\"og:availability\" content=\"out of stock\" \/>\n<meta property=\"product:availability\" content=\"out of stock\" \/>\n<meta property=\"product:retailer_item_id\" content=\"45PAT10MWH\" \/>\n<meta property=\"product:condition\" content=\"new\" \/>\n<!-- \/ Yoast SEO plugin. -->","yoast_head_json":{"title":"[ Startech.com ] &#129351; 45pat10mwh Cable De 10m Blanco De Red Cat5e Ethernet Rj45 Sin Enganches - Latiguillo Snagless - Mod.","description":"Compra 45pat10mwh Cable De 10m Blanco De Red Cat5e Ethernet Rj45 Sin Enganches - Latiguillo Snagless - Mod. + Env\u00edo a domicilio + Pago seguro + Garant\u00eda","robots":{"index":"index","follow":"follow","max-snippet":"max-snippet:-1","max-image-preview":"max-image-preview:large","max-video-preview":"max-video-preview:-1"},"canonical":"https:\/\/compuviper.mx\/tienda\/producto\/startech-com-45pat10mwh-cable-de-10m-blanco-de-red-cat5e-ethernet-rj45-sin-enganches-latiguillo-snagless-mod\/","og_locale":"es_MX","og_type":"article","og_title":"[ Startech.com ] &#129351; 45pat10mwh Cable De 10m Blanco De Red Cat5e Ethernet Rj45 Sin Enganches - Latiguillo Snagless - Mod.","og_description":"Compra 45pat10mwh Cable De 10m Blanco De Red Cat5e Ethernet Rj45 Sin Enganches - Latiguillo Snagless - Mod. + Env\u00edo a domicilio + Pago seguro + Garant\u00eda","og_url":"https:\/\/compuviper.mx\/tienda\/producto\/startech-com-45pat10mwh-cable-de-10m-blanco-de-red-cat5e-ethernet-rj45-sin-enganches-latiguillo-snagless-mod\/","og_site_name":"Compuviper","article_publisher":"https:\/\/www.facebook.com\/compuviper","og_image":[{"width":200,"height":200,"url":"https:\/\/compuviper.mx\/tienda\/wp-content\/uploads\/2023\/12\/Cable-de-10m-blanco-de-red-cat5e-ethernet-rj45-sin-enganches-latiguillo-snagless-startech.com-mod.-45pat10mwh.jpg","type":"image\/jpeg"}],"twitter_card":"summary_large_image","twitter_misc":{"Precio":"&#36;221 con IVA","Availability":"Out of stock"},"schema":{"@context":"https:\/\/schema.org","@graph":[{"@type":"WebPage","@id":"https:\/\/compuviper.mx\/tienda\/producto\/startech-com-45pat10mwh-cable-de-10m-blanco-de-red-cat5e-ethernet-rj45-sin-enganches-latiguillo-snagless-mod\/","url":"https:\/\/compuviper.mx\/tienda\/producto\/startech-com-45pat10mwh-cable-de-10m-blanco-de-red-cat5e-ethernet-rj45-sin-enganches-latiguillo-snagless-mod\/","name":"[ Startech.com ] &#129351; 45pat10mwh Cable De 10m Blanco De Red Cat5e Ethernet Rj45 Sin Enganches - Latiguillo Snagless - Mod.","isPartOf":{"@id":"https:\/\/compuviper.mx\/tienda\/#website"},"datePublished":"2026-04-11T05:40:03+00:00","dateModified":"2026-04-11T05:40:03+00:00","description":"Compra 45pat10mwh Cable De 10m Blanco De Red Cat5e Ethernet Rj45 Sin Enganches - Latiguillo Snagless - Mod. + Env\u00edo a domicilio + Pago seguro + Garant\u00eda","breadcrumb":{"@id":"https:\/\/compuviper.mx\/tienda\/producto\/startech-com-45pat10mwh-cable-de-10m-blanco-de-red-cat5e-ethernet-rj45-sin-enganches-latiguillo-snagless-mod\/#breadcrumb"},"inLanguage":"es-MX","potentialAction":[{"@type":"ReadAction","target":["https:\/\/compuviper.mx\/tienda\/producto\/startech-com-45pat10mwh-cable-de-10m-blanco-de-red-cat5e-ethernet-rj45-sin-enganches-latiguillo-snagless-mod\/"]}]},{"@type":"BreadcrumbList","@id":"https:\/\/compuviper.mx\/tienda\/producto\/startech-com-45pat10mwh-cable-de-10m-blanco-de-red-cat5e-ethernet-rj45-sin-enganches-latiguillo-snagless-mod\/#breadcrumb","itemListElement":[{"@type":"ListItem","position":1,"name":"Inicio","item":"https:\/\/compuviper.mx\/tienda\/"},{"@type":"ListItem","position":2,"name":"Productos","item":"https:\/\/compuviper.mx\/tienda\/productos\/"},{"@type":"ListItem","position":3,"name":"Cables","item":"https:\/\/compuviper.mx\/tienda\/categoria-producto\/cables\/"},{"@type":"ListItem","position":4,"name":"Cable De Red","item":"https:\/\/compuviper.mx\/tienda\/categoria-producto\/cables\/cable-de-red\/"},{"@type":"ListItem","position":5,"name":"Startech.com 45pat10mwh Cable De 10m Blanco De Red Cat5e Ethernet Rj45 Sin Enganches &#8211; Latiguillo Snagless &#8211; Mod."}]},{"@type":"WebSite","@id":"https:\/\/compuviper.mx\/tienda\/#website","url":"https:\/\/compuviper.mx\/tienda\/","name":"Compuviper","description":"Proveedor de Computadoras, Laptops, Servidores, Monitores, Puntos de Venta, Teclados,   Impresoras, T\u00f3ner, C\u00e1maras de Seguridad y m\u00e1s en tu tienda en l\u00ednea","publisher":{"@id":"https:\/\/compuviper.mx\/tienda\/#organization"},"potentialAction":[{"@type":"SearchAction","target":{"@type":"EntryPoint","urlTemplate":"https:\/\/compuviper.mx\/tienda\/?s={search_term_string}"},"query-input":"required name=search_term_string"}],"inLanguage":"es-MX"},{"@type":"Organization","@id":"https:\/\/compuviper.mx\/tienda\/#organization","name":"Compuviper","url":"https:\/\/compuviper.mx\/tienda\/","logo":{"@type":"ImageObject","inLanguage":"es-MX","@id":"https:\/\/compuviper.mx\/tienda\/#\/schema\/logo\/image\/","url":"https:\/\/compuviper.mx\/tienda\/wp-content\/uploads\/2021\/08\/Logo-Compuviper-10.png","contentUrl":"https:\/\/compuviper.mx\/tienda\/wp-content\/uploads\/2021\/08\/Logo-Compuviper-10.png","width":1000,"height":500,"caption":"Compuviper"},"image":{"@id":"https:\/\/compuviper.mx\/tienda\/#\/schema\/logo\/image\/"},"sameAs":["https:\/\/www.facebook.com\/compuviper","https:\/\/www.youtube.com\/channel\/UCf73dERp9Y3cfOq7q8BhLjA?view_as=subscriber"]}]},"product_brand":"STARTECH.COM","product_price_amount":"221","product_price_currency":"MXN","og_availability":"out of stock","product_availability":"out of stock","product_retailer_item_id":"45PAT10MWH","product_condition":"new"},"_links":{"self":[{"href":"https:\/\/compuviper.mx\/tienda\/wp-json\/wp\/v2\/product\/213626"}],"collection":[{"href":"https:\/\/compuviper.mx\/tienda\/wp-json\/wp\/v2\/product"}],"about":[{"href":"https:\/\/compuviper.mx\/tienda\/wp-json\/wp\/v2\/types\/product"}],"replies":[{"embeddable":true,"href":"https:\/\/compuviper.mx\/tienda\/wp-json\/wp\/v2\/comments?post=213626"}],"wp:featuredmedia":[{"embeddable":true,"href":"https:\/\/compuviper.mx\/tienda\/wp-json\/wp\/v2\/media\/213627"}],"wp:attachment":[{"href":"https:\/\/compuviper.mx\/tienda\/wp-json\/wp\/v2\/media?parent=213626"}],"wp:term":[{"taxonomy":"product_cat","embeddable":true,"href":"https:\/\/compuviper.mx\/tienda\/wp-json\/wp\/v2\/product_cat?post=213626"},{"taxonomy":"product_tag","embeddable":true,"href":"https:\/\/compuviper.mx\/tienda\/wp-json\/wp\/v2\/product_tag?post=213626"}],"curies":[{"name":"wp","href":"https:\/\/api.w.org\/{rel}","templated":true}]}}