{"id":213622,"date":"2026-04-17T23:43:07","date_gmt":"2026-04-18T05:43:07","guid":{"rendered":"https:\/\/compuviper.mx\/tienda\/producto\/startech-com-icusb232sm3-cable-adaptador-de-0-9m-usb-a-puerto-serie-serial-rs232-pc-mac-linux-1x-db9-macho-1x-usb-a-macho-mod\/"},"modified":"2026-04-17T23:43:07","modified_gmt":"2026-04-18T05:43:07","slug":"startech-com-icusb232sm3-cable-adaptador-de-0-9m-usb-a-puerto-serie-serial-rs232-pc-mac-linux-1x-db9-macho-1x-usb-a-macho-mod","status":"publish","type":"product","link":"https:\/\/compuviper.mx\/tienda\/producto\/startech-com-icusb232sm3-cable-adaptador-de-0-9m-usb-a-puerto-serie-serial-rs232-pc-mac-linux-1x-db9-macho-1x-usb-a-macho-mod\/","title":{"rendered":"Startech.com Icusb232sm3 Cable Adaptador De 0.9m Usb A Puerto Serie Serial Rs232  Pc Mac? Linux &#8211; 1x Db9 Macho &#8211; 1x Usb A Macho &#8211;  Mod."},"content":{"rendered":"<table class=\"descripcion\">\n<tr>\n<td>Caracteristicas fisicas<\/td>\n<\/tr>\n<tr>\n<td>Altura: 1.5 cm<\/td>\n<\/tr>\n<tr>\n<td>Ancho: 35 mm<\/td>\n<\/tr>\n<tr>\n<td>Longitud del cable: 0.9 m<\/td>\n<\/tr>\n<tr>\n<td>Longitud: 91.4 cm<\/td>\n<\/tr>\n<tr>\n<td>Peso: 61 g<\/td>\n<\/tr>\n<tr>\n<td>Tipo de gabinete: plastico<\/td>\n<\/tr>\n<tr>\n<td>Conectores<\/td>\n<\/tr>\n<tr>\n<td>Conector a: usb type-a 4 pines usb 2.0<\/td>\n<\/tr>\n<tr>\n<td>Conector b: db-9 9 pines, d-sub<\/td>\n<\/tr>\n<tr>\n<td>Contenido de la caja<\/td>\n<\/tr>\n<tr>\n<td>Incluido en la caja: conversor usb a serie<\/td>\n<\/tr>\n<tr>\n<td>Incluido en la caja: tuercas de cable<\/td>\n<\/tr>\n<tr>\n<td>Hardware<\/td>\n<\/tr>\n<tr>\n<td>Cantidad de puertos: 1<\/td>\n<\/tr>\n<tr>\n<td>Estandares industriales: rs232, usb 1.1\/2.0<\/td>\n<\/tr>\n<tr>\n<td>Estilo de puerto: adaptadores de cable<\/td>\n<\/tr>\n<tr>\n<td>Id del conjunto de chips: prolific &#8211; pl2303hxd<\/td>\n<\/tr>\n<tr>\n<td>Interfaz: serial<\/td>\n<\/tr>\n<tr>\n<td>Tipo de bus: usb 2.0<\/td>\n<\/tr>\n<tr>\n<td>Rendimiento<\/td>\n<\/tr>\n<tr>\n<td>Fifo: 192 bytes<\/td>\n<\/tr>\n<tr>\n<td>Protocolo serie: rs-232<\/td>\n<\/tr>\n<tr>\n<td>Tasa maxima de baudios: 921,6 kbps<\/td>\n<\/tr>\n<tr>\n<td>Software<\/td>\n<\/tr>\n<tr>\n<td>Compatibilidad os: windows\u00ae ce 4.2, 5.2, 98se, me, 2000, xp, vista, 7, 8, 8.1, 10<\/td>\n<\/tr>\n<tr>\n<td> windows server\u00ae 2003, 2008 r2, 2012, 2016, 2019<\/td>\n<\/tr>\n<tr>\n<td> mac os\u00ae 10.6 a 10.15<\/td>\n<\/tr>\n<tr>\n<td> linux 2.4.x a 4.11.x<\/td>\n<\/tr>\n<tr>\n<td>Solo versiones lts<\/td>\n<\/tr>\n<\/table>\n","protected":false},"excerpt":{"rendered":"<p>El cable adaptador usb a serie de 3 pies, icusb232sm3 permite conectar dispositivos seriales rs232 db9 a su mac o pc portatil o de escritorio a traves de un puerto usb, como si la computadora tuviera un conector db9m incorporado. A diferencia de los cables de conversion usb a serie  tipicos en los que la conversion se realiza en  el extremo db9, el icusb232sm3 de startech.Com ofrece un chip de conversion en el extremo usb.  La conversion en la fuente usb permite superar la limitacion tecnica de 15 pies, admitiendo un cable de extension serial db9 de mayor longitud 50pies segun la aplicacion en caso de ser necesario. Facil de instalar, este adaptador usb a serie  es una solucion eficaz y economica para eliminar los problemas de compatibilidad entre computadoras modernas y perifericos preexistentes con conectividad serial. Ofrece soporte tecnico gratuito de por vida con el respaldo de startech.Com.<\/p>\n","protected":false},"featured_media":213623,"comment_status":"open","ping_status":"open","template":"","meta":[],"product_cat":[1549,1605],"product_tag":[1590],"acf":[],"yoast_head":"<!-- This site is optimized with the Yoast SEO plugin v21.7 - https:\/\/yoast.com\/wordpress\/plugins\/seo\/ -->\n<title>[ Startech.com ] &#129351; Icusb232sm3 Cable Adaptador De 0.9m Usb A Puerto Serie Serial Rs232 Pc Mac\u00ae Linux - 1x Db9 Macho - 1x Usb A Macho - Mod.<\/title>\n<meta name=\"description\" content=\"Compra Icusb232sm3 Cable Adaptador De 0.9m Usb A Puerto Serie Serial Rs232 Pc Mac\u00ae Linux - 1x Db9 Macho - 1x Usb A Macho - Mod. + Env\u00edo a domicilio + Pago seguro + Garant\u00eda\" \/>\n<meta name=\"robots\" content=\"index, follow, max-snippet:-1, max-image-preview:large, max-video-preview:-1\" \/>\n<link rel=\"canonical\" href=\"https:\/\/compuviper.mx\/tienda\/producto\/startech-com-icusb232sm3-cable-adaptador-de-0-9m-usb-a-puerto-serie-serial-rs232-pc-mac-linux-1x-db9-macho-1x-usb-a-macho-mod\/\" \/>\n<meta property=\"og:locale\" content=\"es_MX\" \/>\n<meta property=\"og:type\" content=\"article\" \/>\n<meta property=\"og:title\" content=\"[ Startech.com ] &#129351; Icusb232sm3 Cable Adaptador De 0.9m Usb A Puerto Serie Serial Rs232 Pc Mac\u00ae Linux - 1x Db9 Macho - 1x Usb A Macho - Mod.\" \/>\n<meta property=\"og:description\" content=\"Compra Icusb232sm3 Cable Adaptador De 0.9m Usb A Puerto Serie Serial Rs232 Pc Mac\u00ae Linux - 1x Db9 Macho - 1x Usb A Macho - Mod. + Env\u00edo a domicilio + Pago seguro + Garant\u00eda\" \/>\n<meta property=\"og:url\" content=\"https:\/\/compuviper.mx\/tienda\/producto\/startech-com-icusb232sm3-cable-adaptador-de-0-9m-usb-a-puerto-serie-serial-rs232-pc-mac-linux-1x-db9-macho-1x-usb-a-macho-mod\/\" \/>\n<meta property=\"og:site_name\" content=\"Compuviper\" \/>\n<meta property=\"article:publisher\" content=\"https:\/\/www.facebook.com\/compuviper\" \/>\n<meta property=\"og:image\" content=\"https:\/\/compuviper.mx\/tienda\/wp-content\/uploads\/2023\/12\/Cable-adaptador-de-0.9m-usb-a-puerto-serie-serial-rs232-pc-mac\u00ae-linux-1x-db9-macho-1x-usb-a-macho-startech.com-mod.-icusb232sm3.jpg\" \/>\n\t<meta property=\"og:image:width\" content=\"200\" \/>\n\t<meta property=\"og:image:height\" content=\"200\" \/>\n\t<meta property=\"og:image:type\" content=\"image\/jpeg\" \/>\n<meta name=\"twitter:card\" content=\"summary_large_image\" \/>\n<meta name=\"twitter:label1\" content=\"Precio\" \/>\n\t<meta name=\"twitter:data1\" content=\"&#36;588 con IVA\" \/>\n\t<meta name=\"twitter:label2\" content=\"Availability\" \/>\n\t<meta name=\"twitter:data2\" content=\"Out of stock\" \/>\n<script type=\"application\/ld+json\" class=\"yoast-schema-graph\">{\"@context\":\"https:\/\/schema.org\",\"@graph\":[{\"@type\":\"WebPage\",\"@id\":\"https:\/\/compuviper.mx\/tienda\/producto\/startech-com-icusb232sm3-cable-adaptador-de-0-9m-usb-a-puerto-serie-serial-rs232-pc-mac-linux-1x-db9-macho-1x-usb-a-macho-mod\/\",\"url\":\"https:\/\/compuviper.mx\/tienda\/producto\/startech-com-icusb232sm3-cable-adaptador-de-0-9m-usb-a-puerto-serie-serial-rs232-pc-mac-linux-1x-db9-macho-1x-usb-a-macho-mod\/\",\"name\":\"[ Startech.com ] &#129351; Icusb232sm3 Cable Adaptador De 0.9m Usb A Puerto Serie Serial Rs232 Pc Mac\u00ae Linux - 1x Db9 Macho - 1x Usb A Macho - Mod.\",\"isPartOf\":{\"@id\":\"https:\/\/compuviper.mx\/tienda\/#website\"},\"datePublished\":\"2026-04-18T05:43:07+00:00\",\"dateModified\":\"2026-04-18T05:43:07+00:00\",\"description\":\"Compra Icusb232sm3 Cable Adaptador De 0.9m Usb A Puerto Serie Serial Rs232 Pc Mac\u00ae Linux - 1x Db9 Macho - 1x Usb A Macho - Mod. + Env\u00edo a domicilio + Pago seguro + Garant\u00eda\",\"breadcrumb\":{\"@id\":\"https:\/\/compuviper.mx\/tienda\/producto\/startech-com-icusb232sm3-cable-adaptador-de-0-9m-usb-a-puerto-serie-serial-rs232-pc-mac-linux-1x-db9-macho-1x-usb-a-macho-mod\/#breadcrumb\"},\"inLanguage\":\"es-MX\",\"potentialAction\":[{\"@type\":\"ReadAction\",\"target\":[\"https:\/\/compuviper.mx\/tienda\/producto\/startech-com-icusb232sm3-cable-adaptador-de-0-9m-usb-a-puerto-serie-serial-rs232-pc-mac-linux-1x-db9-macho-1x-usb-a-macho-mod\/\"]}]},{\"@type\":\"BreadcrumbList\",\"@id\":\"https:\/\/compuviper.mx\/tienda\/producto\/startech-com-icusb232sm3-cable-adaptador-de-0-9m-usb-a-puerto-serie-serial-rs232-pc-mac-linux-1x-db9-macho-1x-usb-a-macho-mod\/#breadcrumb\",\"itemListElement\":[{\"@type\":\"ListItem\",\"position\":1,\"name\":\"Inicio\",\"item\":\"https:\/\/compuviper.mx\/tienda\/\"},{\"@type\":\"ListItem\",\"position\":2,\"name\":\"Productos\",\"item\":\"https:\/\/compuviper.mx\/tienda\/productos\/\"},{\"@type\":\"ListItem\",\"position\":3,\"name\":\"Cables\",\"item\":\"https:\/\/compuviper.mx\/tienda\/categoria-producto\/cables\/\"},{\"@type\":\"ListItem\",\"position\":4,\"name\":\"Cable Usb\",\"item\":\"https:\/\/compuviper.mx\/tienda\/categoria-producto\/cables\/cable-usb\/\"},{\"@type\":\"ListItem\",\"position\":5,\"name\":\"Startech.com Icusb232sm3 Cable Adaptador De 0.9m Usb A Puerto Serie Serial Rs232 Pc Mac? Linux &#8211; 1x Db9 Macho &#8211; 1x Usb A Macho &#8211; Mod.\"}]},{\"@type\":\"WebSite\",\"@id\":\"https:\/\/compuviper.mx\/tienda\/#website\",\"url\":\"https:\/\/compuviper.mx\/tienda\/\",\"name\":\"Compuviper\",\"description\":\"Proveedor de Computadoras, Laptops, Servidores, Monitores, Puntos de Venta, Teclados,   Impresoras, T\u00f3ner, C\u00e1maras de Seguridad y m\u00e1s en tu tienda en l\u00ednea\",\"publisher\":{\"@id\":\"https:\/\/compuviper.mx\/tienda\/#organization\"},\"potentialAction\":[{\"@type\":\"SearchAction\",\"target\":{\"@type\":\"EntryPoint\",\"urlTemplate\":\"https:\/\/compuviper.mx\/tienda\/?s={search_term_string}\"},\"query-input\":\"required name=search_term_string\"}],\"inLanguage\":\"es-MX\"},{\"@type\":\"Organization\",\"@id\":\"https:\/\/compuviper.mx\/tienda\/#organization\",\"name\":\"Compuviper\",\"url\":\"https:\/\/compuviper.mx\/tienda\/\",\"logo\":{\"@type\":\"ImageObject\",\"inLanguage\":\"es-MX\",\"@id\":\"https:\/\/compuviper.mx\/tienda\/#\/schema\/logo\/image\/\",\"url\":\"https:\/\/compuviper.mx\/tienda\/wp-content\/uploads\/2021\/08\/Logo-Compuviper-10.png\",\"contentUrl\":\"https:\/\/compuviper.mx\/tienda\/wp-content\/uploads\/2021\/08\/Logo-Compuviper-10.png\",\"width\":1000,\"height\":500,\"caption\":\"Compuviper\"},\"image\":{\"@id\":\"https:\/\/compuviper.mx\/tienda\/#\/schema\/logo\/image\/\"},\"sameAs\":[\"https:\/\/www.facebook.com\/compuviper\",\"https:\/\/www.youtube.com\/channel\/UCf73dERp9Y3cfOq7q8BhLjA?view_as=subscriber\"]}]}<\/script>\n<meta property=\"product:brand\" content=\"STARTECH.COM\" \/>\n<meta property=\"product:price:amount\" content=\"588\" \/>\n<meta property=\"product:price:currency\" content=\"MXN\" \/>\n<meta property=\"og:availability\" content=\"out of stock\" \/>\n<meta property=\"product:availability\" content=\"out of stock\" \/>\n<meta property=\"product:retailer_item_id\" content=\"ICUSB232SM3\" \/>\n<meta property=\"product:condition\" content=\"new\" \/>\n<!-- \/ Yoast SEO plugin. -->","yoast_head_json":{"title":"[ Startech.com ] &#129351; Icusb232sm3 Cable Adaptador De 0.9m Usb A Puerto Serie Serial Rs232 Pc Mac\u00ae Linux - 1x Db9 Macho - 1x Usb A Macho - Mod.","description":"Compra Icusb232sm3 Cable Adaptador De 0.9m Usb A Puerto Serie Serial Rs232 Pc Mac\u00ae Linux - 1x Db9 Macho - 1x Usb A Macho - Mod. + Env\u00edo a domicilio + Pago seguro + Garant\u00eda","robots":{"index":"index","follow":"follow","max-snippet":"max-snippet:-1","max-image-preview":"max-image-preview:large","max-video-preview":"max-video-preview:-1"},"canonical":"https:\/\/compuviper.mx\/tienda\/producto\/startech-com-icusb232sm3-cable-adaptador-de-0-9m-usb-a-puerto-serie-serial-rs232-pc-mac-linux-1x-db9-macho-1x-usb-a-macho-mod\/","og_locale":"es_MX","og_type":"article","og_title":"[ Startech.com ] &#129351; Icusb232sm3 Cable Adaptador De 0.9m Usb A Puerto Serie Serial Rs232 Pc Mac\u00ae Linux - 1x Db9 Macho - 1x Usb A Macho - Mod.","og_description":"Compra Icusb232sm3 Cable Adaptador De 0.9m Usb A Puerto Serie Serial Rs232 Pc Mac\u00ae Linux - 1x Db9 Macho - 1x Usb A Macho - Mod. + Env\u00edo a domicilio + Pago seguro + Garant\u00eda","og_url":"https:\/\/compuviper.mx\/tienda\/producto\/startech-com-icusb232sm3-cable-adaptador-de-0-9m-usb-a-puerto-serie-serial-rs232-pc-mac-linux-1x-db9-macho-1x-usb-a-macho-mod\/","og_site_name":"Compuviper","article_publisher":"https:\/\/www.facebook.com\/compuviper","og_image":[{"width":200,"height":200,"url":"https:\/\/compuviper.mx\/tienda\/wp-content\/uploads\/2023\/12\/Cable-adaptador-de-0.9m-usb-a-puerto-serie-serial-rs232-pc-mac\u00ae-linux-1x-db9-macho-1x-usb-a-macho-startech.com-mod.-icusb232sm3.jpg","type":"image\/jpeg"}],"twitter_card":"summary_large_image","twitter_misc":{"Precio":"&#36;588 con IVA","Availability":"Out of stock"},"schema":{"@context":"https:\/\/schema.org","@graph":[{"@type":"WebPage","@id":"https:\/\/compuviper.mx\/tienda\/producto\/startech-com-icusb232sm3-cable-adaptador-de-0-9m-usb-a-puerto-serie-serial-rs232-pc-mac-linux-1x-db9-macho-1x-usb-a-macho-mod\/","url":"https:\/\/compuviper.mx\/tienda\/producto\/startech-com-icusb232sm3-cable-adaptador-de-0-9m-usb-a-puerto-serie-serial-rs232-pc-mac-linux-1x-db9-macho-1x-usb-a-macho-mod\/","name":"[ Startech.com ] &#129351; Icusb232sm3 Cable Adaptador De 0.9m Usb A Puerto Serie Serial Rs232 Pc Mac\u00ae Linux - 1x Db9 Macho - 1x Usb A Macho - Mod.","isPartOf":{"@id":"https:\/\/compuviper.mx\/tienda\/#website"},"datePublished":"2026-04-18T05:43:07+00:00","dateModified":"2026-04-18T05:43:07+00:00","description":"Compra Icusb232sm3 Cable Adaptador De 0.9m Usb A Puerto Serie Serial Rs232 Pc Mac\u00ae Linux - 1x Db9 Macho - 1x Usb A Macho - Mod. + Env\u00edo a domicilio + Pago seguro + Garant\u00eda","breadcrumb":{"@id":"https:\/\/compuviper.mx\/tienda\/producto\/startech-com-icusb232sm3-cable-adaptador-de-0-9m-usb-a-puerto-serie-serial-rs232-pc-mac-linux-1x-db9-macho-1x-usb-a-macho-mod\/#breadcrumb"},"inLanguage":"es-MX","potentialAction":[{"@type":"ReadAction","target":["https:\/\/compuviper.mx\/tienda\/producto\/startech-com-icusb232sm3-cable-adaptador-de-0-9m-usb-a-puerto-serie-serial-rs232-pc-mac-linux-1x-db9-macho-1x-usb-a-macho-mod\/"]}]},{"@type":"BreadcrumbList","@id":"https:\/\/compuviper.mx\/tienda\/producto\/startech-com-icusb232sm3-cable-adaptador-de-0-9m-usb-a-puerto-serie-serial-rs232-pc-mac-linux-1x-db9-macho-1x-usb-a-macho-mod\/#breadcrumb","itemListElement":[{"@type":"ListItem","position":1,"name":"Inicio","item":"https:\/\/compuviper.mx\/tienda\/"},{"@type":"ListItem","position":2,"name":"Productos","item":"https:\/\/compuviper.mx\/tienda\/productos\/"},{"@type":"ListItem","position":3,"name":"Cables","item":"https:\/\/compuviper.mx\/tienda\/categoria-producto\/cables\/"},{"@type":"ListItem","position":4,"name":"Cable Usb","item":"https:\/\/compuviper.mx\/tienda\/categoria-producto\/cables\/cable-usb\/"},{"@type":"ListItem","position":5,"name":"Startech.com Icusb232sm3 Cable Adaptador De 0.9m Usb A Puerto Serie Serial Rs232 Pc Mac? Linux &#8211; 1x Db9 Macho &#8211; 1x Usb A Macho &#8211; Mod."}]},{"@type":"WebSite","@id":"https:\/\/compuviper.mx\/tienda\/#website","url":"https:\/\/compuviper.mx\/tienda\/","name":"Compuviper","description":"Proveedor de Computadoras, Laptops, Servidores, Monitores, Puntos de Venta, Teclados,   Impresoras, T\u00f3ner, C\u00e1maras de Seguridad y m\u00e1s en tu tienda en l\u00ednea","publisher":{"@id":"https:\/\/compuviper.mx\/tienda\/#organization"},"potentialAction":[{"@type":"SearchAction","target":{"@type":"EntryPoint","urlTemplate":"https:\/\/compuviper.mx\/tienda\/?s={search_term_string}"},"query-input":"required name=search_term_string"}],"inLanguage":"es-MX"},{"@type":"Organization","@id":"https:\/\/compuviper.mx\/tienda\/#organization","name":"Compuviper","url":"https:\/\/compuviper.mx\/tienda\/","logo":{"@type":"ImageObject","inLanguage":"es-MX","@id":"https:\/\/compuviper.mx\/tienda\/#\/schema\/logo\/image\/","url":"https:\/\/compuviper.mx\/tienda\/wp-content\/uploads\/2021\/08\/Logo-Compuviper-10.png","contentUrl":"https:\/\/compuviper.mx\/tienda\/wp-content\/uploads\/2021\/08\/Logo-Compuviper-10.png","width":1000,"height":500,"caption":"Compuviper"},"image":{"@id":"https:\/\/compuviper.mx\/tienda\/#\/schema\/logo\/image\/"},"sameAs":["https:\/\/www.facebook.com\/compuviper","https:\/\/www.youtube.com\/channel\/UCf73dERp9Y3cfOq7q8BhLjA?view_as=subscriber"]}]},"product_brand":"STARTECH.COM","product_price_amount":"588","product_price_currency":"MXN","og_availability":"out of stock","product_availability":"out of stock","product_retailer_item_id":"ICUSB232SM3","product_condition":"new"},"_links":{"self":[{"href":"https:\/\/compuviper.mx\/tienda\/wp-json\/wp\/v2\/product\/213622"}],"collection":[{"href":"https:\/\/compuviper.mx\/tienda\/wp-json\/wp\/v2\/product"}],"about":[{"href":"https:\/\/compuviper.mx\/tienda\/wp-json\/wp\/v2\/types\/product"}],"replies":[{"embeddable":true,"href":"https:\/\/compuviper.mx\/tienda\/wp-json\/wp\/v2\/comments?post=213622"}],"wp:featuredmedia":[{"embeddable":true,"href":"https:\/\/compuviper.mx\/tienda\/wp-json\/wp\/v2\/media\/213623"}],"wp:attachment":[{"href":"https:\/\/compuviper.mx\/tienda\/wp-json\/wp\/v2\/media?parent=213622"}],"wp:term":[{"taxonomy":"product_cat","embeddable":true,"href":"https:\/\/compuviper.mx\/tienda\/wp-json\/wp\/v2\/product_cat?post=213622"},{"taxonomy":"product_tag","embeddable":true,"href":"https:\/\/compuviper.mx\/tienda\/wp-json\/wp\/v2\/product_tag?post=213622"}],"curies":[{"name":"wp","href":"https:\/\/api.w.org\/{rel}","templated":true}]}}