{"id":213616,"date":"2026-04-17T23:43:06","date_gmt":"2026-04-18T05:43:06","guid":{"rendered":"https:\/\/compuviper.mx\/tienda\/producto\/startech-com-usb2aaext15m-cable-de-extensin-alargador-de-15m-usb-2-0-hi-speed-alta-velocidad-activo-amplificado-macho-a-hembra-usb-a-negro-mod\/"},"modified":"2026-04-17T23:43:06","modified_gmt":"2026-04-18T05:43:06","slug":"startech-com-usb2aaext15m-cable-de-extensin-alargador-de-15m-usb-2-0-hi-speed-alta-velocidad-activo-amplificado-macho-a-hembra-usb-a-negro-mod","status":"publish","type":"product","link":"https:\/\/compuviper.mx\/tienda\/producto\/startech-com-usb2aaext15m-cable-de-extensin-alargador-de-15m-usb-2-0-hi-speed-alta-velocidad-activo-amplificado-macho-a-hembra-usb-a-negro-mod\/","title":{"rendered":"Startech.com Usb2aaext15m Cable De Extensin Alargador De 15m Usb 2.0 Hi Speed Alta Velocidad Activo Amplificado &#8211; Macho A Hembra Usb A &#8211; Negro &#8211;  Mod."},"content":{"rendered":"<table class=\"descripcion\">\n<tr>\n<td>Caracter\u00edsticas f\u00edsicas<\/td>\n<\/tr>\n<tr>\n<td>Altura del producto : 0.9 cm<\/td>\n<\/tr>\n<tr>\n<td>Ancho del producto : 16.5 mm<\/td>\n<\/tr>\n<tr>\n<td>Color : negro<\/td>\n<\/tr>\n<tr>\n<td>Longitud del cable : 15 m<\/td>\n<\/tr>\n<tr>\n<td>Longitud del producto : 15 m<\/td>\n<\/tr>\n<tr>\n<td>Peso del producto : 596 g<\/td>\n<\/tr>\n<tr>\n<td>Conector(es)<\/td>\n<\/tr>\n<tr>\n<td>Conector a : usb type-a (4 pines) usb 2.0<\/td>\n<\/tr>\n<tr>\n<td>Conector b : usb type-a (4 pines) usb 2.0<\/td>\n<\/tr>\n<tr>\n<td>Contenido de la caja<\/td>\n<\/tr>\n<tr>\n<td>Incluido en la caja : adaptador de alimentaci\u00f3n universal<\/td>\n<\/tr>\n<tr>\n<td>Incluido en la caja : cable de extensi\u00f3n usb 2.0 activo (15 m) &#8211; m\/h<\/td>\n<\/tr>\n<tr>\n<td>Incluido en la caja : plug adapters for north america, uk, europe, and australia<\/td>\n<\/tr>\n<tr>\n<td>Hardware<\/td>\n<\/tr>\n<tr>\n<td>Cable tipo jacket : pvc &#8211; polyvinyl chloride<\/td>\n<\/tr>\n<tr>\n<td>Revestimiento del conector  : n\u00edquel<\/td>\n<\/tr>\n<tr>\n<td>Observaciones \/ requisitos<\/td>\n<\/tr>\n<tr>\n<td>Nota : conexi\u00f3n en cascada de hasta 4 dispositivos usb2aaext15m para mayor extensi\u00f3n<\/td>\n<\/tr>\n<\/table>\n","protected":false},"excerpt":{"rendered":"<p>El cable de extensi\u00f3n usb 2.0 activo (15 m), modelo usb2aaext15m, incluye un conector macho usb a y un conector usb a hembra, lo cual permite la extensi\u00f3n activa de dispositivos usb 2.0 en hasta 15 metros. Cable todo en uno para evitar las limitaciones en la conexi\u00f3n debido a la distancia o a la fuente de alimentaci\u00f3n el\u00e9ctrica, este cable de extensi\u00f3n usb 2.0 activo incorpora circuitos con alimentaci\u00f3n por bus que garantizan el rendimiento m\u00e1s all\u00e1 de los l\u00edmites de los cables usb est\u00e1ndar. Es posible la conexi\u00f3n en serie de hasta 4 de estos cables, lo cual permite una extensi\u00f3n usb de hasta 60 metros. En caso necesario, la alimentaci\u00f3n del dispositivo usb puede obtenerse de una toma de corriente mediante el adaptador de alimentaci\u00f3n (proporcionado con el cable). El cable repetidor usb2aaext15m soporta el ancho de banda usb 2.0 completo de 480 mbps.<\/p>\n","protected":false},"featured_media":213617,"comment_status":"open","ping_status":"open","template":"","meta":[],"product_cat":[1605,1549],"product_tag":[1590],"acf":[],"yoast_head":"<!-- This site is optimized with the Yoast SEO plugin v21.7 - https:\/\/yoast.com\/wordpress\/plugins\/seo\/ -->\n<title>[ Startech.com ] &#129351; Usb2aaext15m Cable De Extensin Alargador De 15m Usb 2.0 Hi Speed Alta Velocidad Activo Amplificado - Macho A Hembra Usb A - Negro - Mod.<\/title>\n<meta name=\"description\" content=\"Compra Usb2aaext15m Cable De Extensin Alargador De 15m Usb 2.0 Hi Speed Alta Velocidad Activo Amplificado - Macho A Hembra Usb A - Negro - Mod. + Env\u00edo a domicilio + Pago seguro + Garant\u00eda\" \/>\n<meta name=\"robots\" content=\"index, follow, max-snippet:-1, max-image-preview:large, max-video-preview:-1\" \/>\n<link rel=\"canonical\" href=\"https:\/\/compuviper.mx\/tienda\/producto\/startech-com-usb2aaext15m-cable-de-extensin-alargador-de-15m-usb-2-0-hi-speed-alta-velocidad-activo-amplificado-macho-a-hembra-usb-a-negro-mod\/\" \/>\n<meta property=\"og:locale\" content=\"es_MX\" \/>\n<meta property=\"og:type\" content=\"article\" \/>\n<meta property=\"og:title\" content=\"[ Startech.com ] &#129351; Usb2aaext15m Cable De Extensin Alargador De 15m Usb 2.0 Hi Speed Alta Velocidad Activo Amplificado - Macho A Hembra Usb A - Negro - Mod.\" \/>\n<meta property=\"og:description\" content=\"Compra Usb2aaext15m Cable De Extensin Alargador De 15m Usb 2.0 Hi Speed Alta Velocidad Activo Amplificado - Macho A Hembra Usb A - Negro - Mod. + Env\u00edo a domicilio + Pago seguro + Garant\u00eda\" \/>\n<meta property=\"og:url\" content=\"https:\/\/compuviper.mx\/tienda\/producto\/startech-com-usb2aaext15m-cable-de-extensin-alargador-de-15m-usb-2-0-hi-speed-alta-velocidad-activo-amplificado-macho-a-hembra-usb-a-negro-mod\/\" \/>\n<meta property=\"og:site_name\" content=\"Compuviper\" \/>\n<meta property=\"article:publisher\" content=\"https:\/\/www.facebook.com\/compuviper\" \/>\n<meta property=\"og:image\" content=\"https:\/\/compuviper.mx\/tienda\/wp-content\/uploads\/2023\/12\/Cable-de-extension-alargador-de-15m-usb-2.0-hi-speed-alta-velocidad-activo-amplificado-macho-a-hembra-usb-a-negro-startech.com-mod.-usb2aaext15m.jpg\" \/>\n\t<meta property=\"og:image:width\" content=\"200\" \/>\n\t<meta property=\"og:image:height\" content=\"200\" \/>\n\t<meta property=\"og:image:type\" content=\"image\/jpeg\" \/>\n<meta name=\"twitter:card\" content=\"summary_large_image\" \/>\n<meta name=\"twitter:label1\" content=\"Precio\" \/>\n\t<meta name=\"twitter:data1\" content=\"&#36;1,470 con IVA\" \/>\n\t<meta name=\"twitter:label2\" content=\"Availability\" \/>\n\t<meta name=\"twitter:data2\" content=\"Out of stock\" \/>\n<script type=\"application\/ld+json\" class=\"yoast-schema-graph\">{\"@context\":\"https:\/\/schema.org\",\"@graph\":[{\"@type\":\"WebPage\",\"@id\":\"https:\/\/compuviper.mx\/tienda\/producto\/startech-com-usb2aaext15m-cable-de-extensin-alargador-de-15m-usb-2-0-hi-speed-alta-velocidad-activo-amplificado-macho-a-hembra-usb-a-negro-mod\/\",\"url\":\"https:\/\/compuviper.mx\/tienda\/producto\/startech-com-usb2aaext15m-cable-de-extensin-alargador-de-15m-usb-2-0-hi-speed-alta-velocidad-activo-amplificado-macho-a-hembra-usb-a-negro-mod\/\",\"name\":\"[ Startech.com ] &#129351; Usb2aaext15m Cable De Extensin Alargador De 15m Usb 2.0 Hi Speed Alta Velocidad Activo Amplificado - Macho A Hembra Usb A - Negro - Mod.\",\"isPartOf\":{\"@id\":\"https:\/\/compuviper.mx\/tienda\/#website\"},\"datePublished\":\"2026-04-18T05:43:06+00:00\",\"dateModified\":\"2026-04-18T05:43:06+00:00\",\"description\":\"Compra Usb2aaext15m Cable De Extensin Alargador De 15m Usb 2.0 Hi Speed Alta Velocidad Activo Amplificado - Macho A Hembra Usb A - Negro - Mod. + Env\u00edo a domicilio + Pago seguro + Garant\u00eda\",\"breadcrumb\":{\"@id\":\"https:\/\/compuviper.mx\/tienda\/producto\/startech-com-usb2aaext15m-cable-de-extensin-alargador-de-15m-usb-2-0-hi-speed-alta-velocidad-activo-amplificado-macho-a-hembra-usb-a-negro-mod\/#breadcrumb\"},\"inLanguage\":\"es-MX\",\"potentialAction\":[{\"@type\":\"ReadAction\",\"target\":[\"https:\/\/compuviper.mx\/tienda\/producto\/startech-com-usb2aaext15m-cable-de-extensin-alargador-de-15m-usb-2-0-hi-speed-alta-velocidad-activo-amplificado-macho-a-hembra-usb-a-negro-mod\/\"]}]},{\"@type\":\"BreadcrumbList\",\"@id\":\"https:\/\/compuviper.mx\/tienda\/producto\/startech-com-usb2aaext15m-cable-de-extensin-alargador-de-15m-usb-2-0-hi-speed-alta-velocidad-activo-amplificado-macho-a-hembra-usb-a-negro-mod\/#breadcrumb\",\"itemListElement\":[{\"@type\":\"ListItem\",\"position\":1,\"name\":\"Inicio\",\"item\":\"https:\/\/compuviper.mx\/tienda\/\"},{\"@type\":\"ListItem\",\"position\":2,\"name\":\"Productos\",\"item\":\"https:\/\/compuviper.mx\/tienda\/productos\/\"},{\"@type\":\"ListItem\",\"position\":3,\"name\":\"Cables\",\"item\":\"https:\/\/compuviper.mx\/tienda\/categoria-producto\/cables\/\"},{\"@type\":\"ListItem\",\"position\":4,\"name\":\"Cable Usb\",\"item\":\"https:\/\/compuviper.mx\/tienda\/categoria-producto\/cables\/cable-usb\/\"},{\"@type\":\"ListItem\",\"position\":5,\"name\":\"Startech.com Usb2aaext15m Cable De Extensin Alargador De 15m Usb 2.0 Hi Speed Alta Velocidad Activo Amplificado &#8211; Macho A Hembra Usb A &#8211; Negro &#8211; Mod.\"}]},{\"@type\":\"WebSite\",\"@id\":\"https:\/\/compuviper.mx\/tienda\/#website\",\"url\":\"https:\/\/compuviper.mx\/tienda\/\",\"name\":\"Compuviper\",\"description\":\"Proveedor de Computadoras, Laptops, Servidores, Monitores, Puntos de Venta, Teclados,   Impresoras, T\u00f3ner, C\u00e1maras de Seguridad y m\u00e1s en tu tienda en l\u00ednea\",\"publisher\":{\"@id\":\"https:\/\/compuviper.mx\/tienda\/#organization\"},\"potentialAction\":[{\"@type\":\"SearchAction\",\"target\":{\"@type\":\"EntryPoint\",\"urlTemplate\":\"https:\/\/compuviper.mx\/tienda\/?s={search_term_string}\"},\"query-input\":\"required name=search_term_string\"}],\"inLanguage\":\"es-MX\"},{\"@type\":\"Organization\",\"@id\":\"https:\/\/compuviper.mx\/tienda\/#organization\",\"name\":\"Compuviper\",\"url\":\"https:\/\/compuviper.mx\/tienda\/\",\"logo\":{\"@type\":\"ImageObject\",\"inLanguage\":\"es-MX\",\"@id\":\"https:\/\/compuviper.mx\/tienda\/#\/schema\/logo\/image\/\",\"url\":\"https:\/\/compuviper.mx\/tienda\/wp-content\/uploads\/2021\/08\/Logo-Compuviper-10.png\",\"contentUrl\":\"https:\/\/compuviper.mx\/tienda\/wp-content\/uploads\/2021\/08\/Logo-Compuviper-10.png\",\"width\":1000,\"height\":500,\"caption\":\"Compuviper\"},\"image\":{\"@id\":\"https:\/\/compuviper.mx\/tienda\/#\/schema\/logo\/image\/\"},\"sameAs\":[\"https:\/\/www.facebook.com\/compuviper\",\"https:\/\/www.youtube.com\/channel\/UCf73dERp9Y3cfOq7q8BhLjA?view_as=subscriber\"]}]}<\/script>\n<meta property=\"product:brand\" content=\"STARTECH.COM\" \/>\n<meta property=\"product:price:amount\" content=\"1470\" \/>\n<meta property=\"product:price:currency\" content=\"MXN\" \/>\n<meta property=\"og:availability\" content=\"out of stock\" \/>\n<meta property=\"product:availability\" content=\"out of stock\" \/>\n<meta property=\"product:retailer_item_id\" content=\"USB2AAEXT15M\" \/>\n<meta property=\"product:condition\" content=\"new\" \/>\n<!-- \/ Yoast SEO plugin. -->","yoast_head_json":{"title":"[ Startech.com ] &#129351; Usb2aaext15m Cable De Extensin Alargador De 15m Usb 2.0 Hi Speed Alta Velocidad Activo Amplificado - Macho A Hembra Usb A - Negro - Mod.","description":"Compra Usb2aaext15m Cable De Extensin Alargador De 15m Usb 2.0 Hi Speed Alta Velocidad Activo Amplificado - Macho A Hembra Usb A - Negro - Mod. + Env\u00edo a domicilio + Pago seguro + Garant\u00eda","robots":{"index":"index","follow":"follow","max-snippet":"max-snippet:-1","max-image-preview":"max-image-preview:large","max-video-preview":"max-video-preview:-1"},"canonical":"https:\/\/compuviper.mx\/tienda\/producto\/startech-com-usb2aaext15m-cable-de-extensin-alargador-de-15m-usb-2-0-hi-speed-alta-velocidad-activo-amplificado-macho-a-hembra-usb-a-negro-mod\/","og_locale":"es_MX","og_type":"article","og_title":"[ Startech.com ] &#129351; Usb2aaext15m Cable De Extensin Alargador De 15m Usb 2.0 Hi Speed Alta Velocidad Activo Amplificado - Macho A Hembra Usb A - Negro - Mod.","og_description":"Compra Usb2aaext15m Cable De Extensin Alargador De 15m Usb 2.0 Hi Speed Alta Velocidad Activo Amplificado - Macho A Hembra Usb A - Negro - Mod. + Env\u00edo a domicilio + Pago seguro + Garant\u00eda","og_url":"https:\/\/compuviper.mx\/tienda\/producto\/startech-com-usb2aaext15m-cable-de-extensin-alargador-de-15m-usb-2-0-hi-speed-alta-velocidad-activo-amplificado-macho-a-hembra-usb-a-negro-mod\/","og_site_name":"Compuviper","article_publisher":"https:\/\/www.facebook.com\/compuviper","og_image":[{"width":200,"height":200,"url":"https:\/\/compuviper.mx\/tienda\/wp-content\/uploads\/2023\/12\/Cable-de-extension-alargador-de-15m-usb-2.0-hi-speed-alta-velocidad-activo-amplificado-macho-a-hembra-usb-a-negro-startech.com-mod.-usb2aaext15m.jpg","type":"image\/jpeg"}],"twitter_card":"summary_large_image","twitter_misc":{"Precio":"&#36;1,470 con IVA","Availability":"Out of stock"},"schema":{"@context":"https:\/\/schema.org","@graph":[{"@type":"WebPage","@id":"https:\/\/compuviper.mx\/tienda\/producto\/startech-com-usb2aaext15m-cable-de-extensin-alargador-de-15m-usb-2-0-hi-speed-alta-velocidad-activo-amplificado-macho-a-hembra-usb-a-negro-mod\/","url":"https:\/\/compuviper.mx\/tienda\/producto\/startech-com-usb2aaext15m-cable-de-extensin-alargador-de-15m-usb-2-0-hi-speed-alta-velocidad-activo-amplificado-macho-a-hembra-usb-a-negro-mod\/","name":"[ Startech.com ] &#129351; Usb2aaext15m Cable De Extensin Alargador De 15m Usb 2.0 Hi Speed Alta Velocidad Activo Amplificado - Macho A Hembra Usb A - Negro - Mod.","isPartOf":{"@id":"https:\/\/compuviper.mx\/tienda\/#website"},"datePublished":"2026-04-18T05:43:06+00:00","dateModified":"2026-04-18T05:43:06+00:00","description":"Compra Usb2aaext15m Cable De Extensin Alargador De 15m Usb 2.0 Hi Speed Alta Velocidad Activo Amplificado - Macho A Hembra Usb A - Negro - Mod. + Env\u00edo a domicilio + Pago seguro + Garant\u00eda","breadcrumb":{"@id":"https:\/\/compuviper.mx\/tienda\/producto\/startech-com-usb2aaext15m-cable-de-extensin-alargador-de-15m-usb-2-0-hi-speed-alta-velocidad-activo-amplificado-macho-a-hembra-usb-a-negro-mod\/#breadcrumb"},"inLanguage":"es-MX","potentialAction":[{"@type":"ReadAction","target":["https:\/\/compuviper.mx\/tienda\/producto\/startech-com-usb2aaext15m-cable-de-extensin-alargador-de-15m-usb-2-0-hi-speed-alta-velocidad-activo-amplificado-macho-a-hembra-usb-a-negro-mod\/"]}]},{"@type":"BreadcrumbList","@id":"https:\/\/compuviper.mx\/tienda\/producto\/startech-com-usb2aaext15m-cable-de-extensin-alargador-de-15m-usb-2-0-hi-speed-alta-velocidad-activo-amplificado-macho-a-hembra-usb-a-negro-mod\/#breadcrumb","itemListElement":[{"@type":"ListItem","position":1,"name":"Inicio","item":"https:\/\/compuviper.mx\/tienda\/"},{"@type":"ListItem","position":2,"name":"Productos","item":"https:\/\/compuviper.mx\/tienda\/productos\/"},{"@type":"ListItem","position":3,"name":"Cables","item":"https:\/\/compuviper.mx\/tienda\/categoria-producto\/cables\/"},{"@type":"ListItem","position":4,"name":"Cable Usb","item":"https:\/\/compuviper.mx\/tienda\/categoria-producto\/cables\/cable-usb\/"},{"@type":"ListItem","position":5,"name":"Startech.com Usb2aaext15m Cable De Extensin Alargador De 15m Usb 2.0 Hi Speed Alta Velocidad Activo Amplificado &#8211; Macho A Hembra Usb A &#8211; Negro &#8211; Mod."}]},{"@type":"WebSite","@id":"https:\/\/compuviper.mx\/tienda\/#website","url":"https:\/\/compuviper.mx\/tienda\/","name":"Compuviper","description":"Proveedor de Computadoras, Laptops, Servidores, Monitores, Puntos de Venta, Teclados,   Impresoras, T\u00f3ner, C\u00e1maras de Seguridad y m\u00e1s en tu tienda en l\u00ednea","publisher":{"@id":"https:\/\/compuviper.mx\/tienda\/#organization"},"potentialAction":[{"@type":"SearchAction","target":{"@type":"EntryPoint","urlTemplate":"https:\/\/compuviper.mx\/tienda\/?s={search_term_string}"},"query-input":"required name=search_term_string"}],"inLanguage":"es-MX"},{"@type":"Organization","@id":"https:\/\/compuviper.mx\/tienda\/#organization","name":"Compuviper","url":"https:\/\/compuviper.mx\/tienda\/","logo":{"@type":"ImageObject","inLanguage":"es-MX","@id":"https:\/\/compuviper.mx\/tienda\/#\/schema\/logo\/image\/","url":"https:\/\/compuviper.mx\/tienda\/wp-content\/uploads\/2021\/08\/Logo-Compuviper-10.png","contentUrl":"https:\/\/compuviper.mx\/tienda\/wp-content\/uploads\/2021\/08\/Logo-Compuviper-10.png","width":1000,"height":500,"caption":"Compuviper"},"image":{"@id":"https:\/\/compuviper.mx\/tienda\/#\/schema\/logo\/image\/"},"sameAs":["https:\/\/www.facebook.com\/compuviper","https:\/\/www.youtube.com\/channel\/UCf73dERp9Y3cfOq7q8BhLjA?view_as=subscriber"]}]},"product_brand":"STARTECH.COM","product_price_amount":"1470","product_price_currency":"MXN","og_availability":"out of stock","product_availability":"out of stock","product_retailer_item_id":"USB2AAEXT15M","product_condition":"new"},"_links":{"self":[{"href":"https:\/\/compuviper.mx\/tienda\/wp-json\/wp\/v2\/product\/213616"}],"collection":[{"href":"https:\/\/compuviper.mx\/tienda\/wp-json\/wp\/v2\/product"}],"about":[{"href":"https:\/\/compuviper.mx\/tienda\/wp-json\/wp\/v2\/types\/product"}],"replies":[{"embeddable":true,"href":"https:\/\/compuviper.mx\/tienda\/wp-json\/wp\/v2\/comments?post=213616"}],"wp:featuredmedia":[{"embeddable":true,"href":"https:\/\/compuviper.mx\/tienda\/wp-json\/wp\/v2\/media\/213617"}],"wp:attachment":[{"href":"https:\/\/compuviper.mx\/tienda\/wp-json\/wp\/v2\/media?parent=213616"}],"wp:term":[{"taxonomy":"product_cat","embeddable":true,"href":"https:\/\/compuviper.mx\/tienda\/wp-json\/wp\/v2\/product_cat?post=213616"},{"taxonomy":"product_tag","embeddable":true,"href":"https:\/\/compuviper.mx\/tienda\/wp-json\/wp\/v2\/product_tag?post=213616"}],"curies":[{"name":"wp","href":"https:\/\/api.w.org\/{rel}","templated":true}]}}