{"id":213598,"date":"2026-04-07T23:42:29","date_gmt":"2026-04-08T05:42:29","guid":{"rendered":"https:\/\/compuviper.mx\/tienda\/producto\/startech-com-thintos10-cable-de-3m-toslink-audio-digital-optico-spdif-delgado-negro-mod\/"},"modified":"2026-04-07T23:42:29","modified_gmt":"2026-04-08T05:42:29","slug":"startech-com-thintos10-cable-de-3m-toslink-audio-digital-optico-spdif-delgado-negro-mod","status":"publish","type":"product","link":"https:\/\/compuviper.mx\/tienda\/producto\/startech-com-thintos10-cable-de-3m-toslink-audio-digital-optico-spdif-delgado-negro-mod\/","title":{"rendered":"Startech.com Thintos10 Cable De 3m Toslink Audio Digital Optico Spdif Delgado &#8211; Negro &#8211;  Mod."},"content":{"rendered":"<table class=\"descripcion\">\n<tr>\n<td>Caracter\u00edsticas f\u00edsicas<\/td>\n<\/tr>\n<tr>\n<td>Color : negro<\/td>\n<\/tr>\n<tr>\n<td>Longitud del cable : 3 m<\/td>\n<\/tr>\n<tr>\n<td>Longitud del producto : 3 m<\/td>\n<\/tr>\n<tr>\n<td>Peso del producto : 19.5 g<\/td>\n<\/tr>\n<tr>\n<td>Conector(es)<\/td>\n<\/tr>\n<tr>\n<td>Conector a : toslink (spdif, fibra \u00f3ptica)<\/td>\n<\/tr>\n<tr>\n<td>Conector b : toslink (spdif, fibra \u00f3ptica)<\/td>\n<\/tr>\n<tr>\n<td>Contenido de la caja<\/td>\n<\/tr>\n<tr>\n<td>Incluido en la caja : cable de audio toslink digital spdif de fibra \u00f3ptica (3 m)<\/td>\n<\/tr>\n<tr>\n<td>Hardware<\/td>\n<\/tr>\n<tr>\n<td>Cable tipo jacket : pvc &#8211; polyvinyl chloride<\/td>\n<\/tr>\n<\/table>\n","protected":false},"excerpt":{"rendered":"<p>El cable toslink de audio digital de fibra \u00f3ptica (3 m), modelo thintos10, ofrece un sonido limpio y real, sin distorsiones ni interferencias de se\u00f1al. El delgado grosor de este cable spdif resulta perfecto para instalaciones en espacios estrechos. Incluye una lente pulida que garantiza la captaci\u00f3n confiable de la se\u00f1al y una alta calidad de sonido digital. Este cable de audio de fibra \u00f3ptica de 3 m est\u00e1 fabricado para ofrecer la m\u00e1xima durabilidad y conexiones confiables y de larga duraci\u00f3n.<\/p>\n","protected":false},"featured_media":213599,"comment_status":"open","ping_status":"open","template":"","meta":[],"product_cat":[1549,1551],"product_tag":[1590],"acf":[],"yoast_head":"<!-- This site is optimized with the Yoast SEO plugin v21.7 - https:\/\/yoast.com\/wordpress\/plugins\/seo\/ -->\n<title>[ Startech.com ] &#129351; Thintos10 Cable De 3m Toslink Audio Digital Optico Spdif Delgado - Negro - Mod.<\/title>\n<meta name=\"description\" content=\"Compra Thintos10 Cable De 3m Toslink Audio Digital Optico Spdif Delgado - Negro - Mod. + Env\u00edo a domicilio + Pago seguro + Garant\u00eda\" \/>\n<meta name=\"robots\" content=\"index, follow, max-snippet:-1, max-image-preview:large, max-video-preview:-1\" \/>\n<link rel=\"canonical\" href=\"https:\/\/compuviper.mx\/tienda\/producto\/startech-com-thintos10-cable-de-3m-toslink-audio-digital-optico-spdif-delgado-negro-mod\/\" \/>\n<meta property=\"og:locale\" content=\"es_MX\" \/>\n<meta property=\"og:type\" content=\"article\" \/>\n<meta property=\"og:title\" content=\"[ Startech.com ] &#129351; Thintos10 Cable De 3m Toslink Audio Digital Optico Spdif Delgado - Negro - Mod.\" \/>\n<meta property=\"og:description\" content=\"Compra Thintos10 Cable De 3m Toslink Audio Digital Optico Spdif Delgado - Negro - Mod. + Env\u00edo a domicilio + Pago seguro + Garant\u00eda\" \/>\n<meta property=\"og:url\" content=\"https:\/\/compuviper.mx\/tienda\/producto\/startech-com-thintos10-cable-de-3m-toslink-audio-digital-optico-spdif-delgado-negro-mod\/\" \/>\n<meta property=\"og:site_name\" content=\"Compuviper\" \/>\n<meta property=\"article:publisher\" content=\"https:\/\/www.facebook.com\/compuviper\" \/>\n<meta property=\"og:image\" content=\"https:\/\/compuviper.mx\/tienda\/wp-content\/uploads\/2023\/12\/Cable-de-3m-toslink-audio-digital-optico-spdif-delgado-negro-startech.com-mod.-thintos10.jpg\" \/>\n\t<meta property=\"og:image:width\" content=\"200\" \/>\n\t<meta property=\"og:image:height\" content=\"200\" \/>\n\t<meta property=\"og:image:type\" content=\"image\/jpeg\" \/>\n<meta name=\"twitter:card\" content=\"summary_large_image\" \/>\n<meta name=\"twitter:label1\" content=\"Precio\" \/>\n\t<meta name=\"twitter:data1\" content=\"&#36;110 con IVA\" \/>\n\t<meta name=\"twitter:label2\" content=\"Availability\" \/>\n\t<meta name=\"twitter:data2\" content=\"Out of stock\" \/>\n<script type=\"application\/ld+json\" class=\"yoast-schema-graph\">{\"@context\":\"https:\/\/schema.org\",\"@graph\":[{\"@type\":\"WebPage\",\"@id\":\"https:\/\/compuviper.mx\/tienda\/producto\/startech-com-thintos10-cable-de-3m-toslink-audio-digital-optico-spdif-delgado-negro-mod\/\",\"url\":\"https:\/\/compuviper.mx\/tienda\/producto\/startech-com-thintos10-cable-de-3m-toslink-audio-digital-optico-spdif-delgado-negro-mod\/\",\"name\":\"[ Startech.com ] &#129351; Thintos10 Cable De 3m Toslink Audio Digital Optico Spdif Delgado - Negro - Mod.\",\"isPartOf\":{\"@id\":\"https:\/\/compuviper.mx\/tienda\/#website\"},\"datePublished\":\"2026-04-08T05:42:29+00:00\",\"dateModified\":\"2026-04-08T05:42:29+00:00\",\"description\":\"Compra Thintos10 Cable De 3m Toslink Audio Digital Optico Spdif Delgado - Negro - Mod. + Env\u00edo a domicilio + Pago seguro + Garant\u00eda\",\"breadcrumb\":{\"@id\":\"https:\/\/compuviper.mx\/tienda\/producto\/startech-com-thintos10-cable-de-3m-toslink-audio-digital-optico-spdif-delgado-negro-mod\/#breadcrumb\"},\"inLanguage\":\"es-MX\",\"potentialAction\":[{\"@type\":\"ReadAction\",\"target\":[\"https:\/\/compuviper.mx\/tienda\/producto\/startech-com-thintos10-cable-de-3m-toslink-audio-digital-optico-spdif-delgado-negro-mod\/\"]}]},{\"@type\":\"BreadcrumbList\",\"@id\":\"https:\/\/compuviper.mx\/tienda\/producto\/startech-com-thintos10-cable-de-3m-toslink-audio-digital-optico-spdif-delgado-negro-mod\/#breadcrumb\",\"itemListElement\":[{\"@type\":\"ListItem\",\"position\":1,\"name\":\"Inicio\",\"item\":\"https:\/\/compuviper.mx\/tienda\/\"},{\"@type\":\"ListItem\",\"position\":2,\"name\":\"Productos\",\"item\":\"https:\/\/compuviper.mx\/tienda\/productos\/\"},{\"@type\":\"ListItem\",\"position\":3,\"name\":\"Cables\",\"item\":\"https:\/\/compuviper.mx\/tienda\/categoria-producto\/cables\/\"},{\"@type\":\"ListItem\",\"position\":4,\"name\":\"Cable De Audio\",\"item\":\"https:\/\/compuviper.mx\/tienda\/categoria-producto\/cables\/cable-de-audio\/\"},{\"@type\":\"ListItem\",\"position\":5,\"name\":\"Startech.com Thintos10 Cable De 3m Toslink Audio Digital Optico Spdif Delgado &#8211; Negro &#8211; Mod.\"}]},{\"@type\":\"WebSite\",\"@id\":\"https:\/\/compuviper.mx\/tienda\/#website\",\"url\":\"https:\/\/compuviper.mx\/tienda\/\",\"name\":\"Compuviper\",\"description\":\"Proveedor de Computadoras, Laptops, Servidores, Monitores, Puntos de Venta, Teclados,   Impresoras, T\u00f3ner, C\u00e1maras de Seguridad y m\u00e1s en tu tienda en l\u00ednea\",\"publisher\":{\"@id\":\"https:\/\/compuviper.mx\/tienda\/#organization\"},\"potentialAction\":[{\"@type\":\"SearchAction\",\"target\":{\"@type\":\"EntryPoint\",\"urlTemplate\":\"https:\/\/compuviper.mx\/tienda\/?s={search_term_string}\"},\"query-input\":\"required name=search_term_string\"}],\"inLanguage\":\"es-MX\"},{\"@type\":\"Organization\",\"@id\":\"https:\/\/compuviper.mx\/tienda\/#organization\",\"name\":\"Compuviper\",\"url\":\"https:\/\/compuviper.mx\/tienda\/\",\"logo\":{\"@type\":\"ImageObject\",\"inLanguage\":\"es-MX\",\"@id\":\"https:\/\/compuviper.mx\/tienda\/#\/schema\/logo\/image\/\",\"url\":\"https:\/\/compuviper.mx\/tienda\/wp-content\/uploads\/2021\/08\/Logo-Compuviper-10.png\",\"contentUrl\":\"https:\/\/compuviper.mx\/tienda\/wp-content\/uploads\/2021\/08\/Logo-Compuviper-10.png\",\"width\":1000,\"height\":500,\"caption\":\"Compuviper\"},\"image\":{\"@id\":\"https:\/\/compuviper.mx\/tienda\/#\/schema\/logo\/image\/\"},\"sameAs\":[\"https:\/\/www.facebook.com\/compuviper\",\"https:\/\/www.youtube.com\/channel\/UCf73dERp9Y3cfOq7q8BhLjA?view_as=subscriber\"]}]}<\/script>\n<meta property=\"product:brand\" content=\"STARTECH.COM\" \/>\n<meta property=\"product:price:amount\" content=\"110\" \/>\n<meta property=\"product:price:currency\" content=\"MXN\" \/>\n<meta property=\"og:availability\" content=\"out of stock\" \/>\n<meta property=\"product:availability\" content=\"out of stock\" \/>\n<meta property=\"product:retailer_item_id\" content=\"THINTOS10\" \/>\n<meta property=\"product:condition\" content=\"new\" \/>\n<!-- \/ Yoast SEO plugin. -->","yoast_head_json":{"title":"[ Startech.com ] &#129351; Thintos10 Cable De 3m Toslink Audio Digital Optico Spdif Delgado - Negro - Mod.","description":"Compra Thintos10 Cable De 3m Toslink Audio Digital Optico Spdif Delgado - Negro - Mod. + Env\u00edo a domicilio + Pago seguro + Garant\u00eda","robots":{"index":"index","follow":"follow","max-snippet":"max-snippet:-1","max-image-preview":"max-image-preview:large","max-video-preview":"max-video-preview:-1"},"canonical":"https:\/\/compuviper.mx\/tienda\/producto\/startech-com-thintos10-cable-de-3m-toslink-audio-digital-optico-spdif-delgado-negro-mod\/","og_locale":"es_MX","og_type":"article","og_title":"[ Startech.com ] &#129351; Thintos10 Cable De 3m Toslink Audio Digital Optico Spdif Delgado - Negro - Mod.","og_description":"Compra Thintos10 Cable De 3m Toslink Audio Digital Optico Spdif Delgado - Negro - Mod. + Env\u00edo a domicilio + Pago seguro + Garant\u00eda","og_url":"https:\/\/compuviper.mx\/tienda\/producto\/startech-com-thintos10-cable-de-3m-toslink-audio-digital-optico-spdif-delgado-negro-mod\/","og_site_name":"Compuviper","article_publisher":"https:\/\/www.facebook.com\/compuviper","og_image":[{"width":200,"height":200,"url":"https:\/\/compuviper.mx\/tienda\/wp-content\/uploads\/2023\/12\/Cable-de-3m-toslink-audio-digital-optico-spdif-delgado-negro-startech.com-mod.-thintos10.jpg","type":"image\/jpeg"}],"twitter_card":"summary_large_image","twitter_misc":{"Precio":"&#36;110 con IVA","Availability":"Out of stock"},"schema":{"@context":"https:\/\/schema.org","@graph":[{"@type":"WebPage","@id":"https:\/\/compuviper.mx\/tienda\/producto\/startech-com-thintos10-cable-de-3m-toslink-audio-digital-optico-spdif-delgado-negro-mod\/","url":"https:\/\/compuviper.mx\/tienda\/producto\/startech-com-thintos10-cable-de-3m-toslink-audio-digital-optico-spdif-delgado-negro-mod\/","name":"[ Startech.com ] &#129351; Thintos10 Cable De 3m Toslink Audio Digital Optico Spdif Delgado - Negro - Mod.","isPartOf":{"@id":"https:\/\/compuviper.mx\/tienda\/#website"},"datePublished":"2026-04-08T05:42:29+00:00","dateModified":"2026-04-08T05:42:29+00:00","description":"Compra Thintos10 Cable De 3m Toslink Audio Digital Optico Spdif Delgado - Negro - Mod. + Env\u00edo a domicilio + Pago seguro + Garant\u00eda","breadcrumb":{"@id":"https:\/\/compuviper.mx\/tienda\/producto\/startech-com-thintos10-cable-de-3m-toslink-audio-digital-optico-spdif-delgado-negro-mod\/#breadcrumb"},"inLanguage":"es-MX","potentialAction":[{"@type":"ReadAction","target":["https:\/\/compuviper.mx\/tienda\/producto\/startech-com-thintos10-cable-de-3m-toslink-audio-digital-optico-spdif-delgado-negro-mod\/"]}]},{"@type":"BreadcrumbList","@id":"https:\/\/compuviper.mx\/tienda\/producto\/startech-com-thintos10-cable-de-3m-toslink-audio-digital-optico-spdif-delgado-negro-mod\/#breadcrumb","itemListElement":[{"@type":"ListItem","position":1,"name":"Inicio","item":"https:\/\/compuviper.mx\/tienda\/"},{"@type":"ListItem","position":2,"name":"Productos","item":"https:\/\/compuviper.mx\/tienda\/productos\/"},{"@type":"ListItem","position":3,"name":"Cables","item":"https:\/\/compuviper.mx\/tienda\/categoria-producto\/cables\/"},{"@type":"ListItem","position":4,"name":"Cable De Audio","item":"https:\/\/compuviper.mx\/tienda\/categoria-producto\/cables\/cable-de-audio\/"},{"@type":"ListItem","position":5,"name":"Startech.com Thintos10 Cable De 3m Toslink Audio Digital Optico Spdif Delgado &#8211; Negro &#8211; Mod."}]},{"@type":"WebSite","@id":"https:\/\/compuviper.mx\/tienda\/#website","url":"https:\/\/compuviper.mx\/tienda\/","name":"Compuviper","description":"Proveedor de Computadoras, Laptops, Servidores, Monitores, Puntos de Venta, Teclados,   Impresoras, T\u00f3ner, C\u00e1maras de Seguridad y m\u00e1s en tu tienda en l\u00ednea","publisher":{"@id":"https:\/\/compuviper.mx\/tienda\/#organization"},"potentialAction":[{"@type":"SearchAction","target":{"@type":"EntryPoint","urlTemplate":"https:\/\/compuviper.mx\/tienda\/?s={search_term_string}"},"query-input":"required name=search_term_string"}],"inLanguage":"es-MX"},{"@type":"Organization","@id":"https:\/\/compuviper.mx\/tienda\/#organization","name":"Compuviper","url":"https:\/\/compuviper.mx\/tienda\/","logo":{"@type":"ImageObject","inLanguage":"es-MX","@id":"https:\/\/compuviper.mx\/tienda\/#\/schema\/logo\/image\/","url":"https:\/\/compuviper.mx\/tienda\/wp-content\/uploads\/2021\/08\/Logo-Compuviper-10.png","contentUrl":"https:\/\/compuviper.mx\/tienda\/wp-content\/uploads\/2021\/08\/Logo-Compuviper-10.png","width":1000,"height":500,"caption":"Compuviper"},"image":{"@id":"https:\/\/compuviper.mx\/tienda\/#\/schema\/logo\/image\/"},"sameAs":["https:\/\/www.facebook.com\/compuviper","https:\/\/www.youtube.com\/channel\/UCf73dERp9Y3cfOq7q8BhLjA?view_as=subscriber"]}]},"product_brand":"STARTECH.COM","product_price_amount":"110","product_price_currency":"MXN","og_availability":"out of stock","product_availability":"out of stock","product_retailer_item_id":"THINTOS10","product_condition":"new"},"_links":{"self":[{"href":"https:\/\/compuviper.mx\/tienda\/wp-json\/wp\/v2\/product\/213598"}],"collection":[{"href":"https:\/\/compuviper.mx\/tienda\/wp-json\/wp\/v2\/product"}],"about":[{"href":"https:\/\/compuviper.mx\/tienda\/wp-json\/wp\/v2\/types\/product"}],"replies":[{"embeddable":true,"href":"https:\/\/compuviper.mx\/tienda\/wp-json\/wp\/v2\/comments?post=213598"}],"wp:featuredmedia":[{"embeddable":true,"href":"https:\/\/compuviper.mx\/tienda\/wp-json\/wp\/v2\/media\/213599"}],"wp:attachment":[{"href":"https:\/\/compuviper.mx\/tienda\/wp-json\/wp\/v2\/media?parent=213598"}],"wp:term":[{"taxonomy":"product_cat","embeddable":true,"href":"https:\/\/compuviper.mx\/tienda\/wp-json\/wp\/v2\/product_cat?post=213598"},{"taxonomy":"product_tag","embeddable":true,"href":"https:\/\/compuviper.mx\/tienda\/wp-json\/wp\/v2\/product_tag?post=213598"}],"curies":[{"name":"wp","href":"https:\/\/api.w.org\/{rel}","templated":true}]}}