{"id":213596,"date":"2026-04-07T23:42:28","date_gmt":"2026-04-08T05:42:28","guid":{"rendered":"https:\/\/compuviper.mx\/tienda\/producto\/startech-com-mu3mms-cable-de-audio-de-91cm-delgado-slim-audio-estereo-mini-jack-plug-3-5mm-macho-a-macho-mod\/"},"modified":"2026-04-07T23:42:29","modified_gmt":"2026-04-08T05:42:29","slug":"startech-com-mu3mms-cable-de-audio-de-91cm-delgado-slim-audio-estereo-mini-jack-plug-3-5mm-macho-a-macho-mod","status":"publish","type":"product","link":"https:\/\/compuviper.mx\/tienda\/producto\/startech-com-mu3mms-cable-de-audio-de-91cm-delgado-slim-audio-estereo-mini-jack-plug-3-5mm-macho-a-macho-mod\/","title":{"rendered":"Startech.com Mu3mms Cable De Audio De 91cm Delgado Slim &#8211; Audio Estereo Mini Jack Plug 3.5mm &#8211; Macho A Macho &#8211;  Mod."},"content":{"rendered":"<table class=\"descripcion\">\n<tr>\n<td>Hardware<\/td>\n<\/tr>\n<tr>\n<td>Cantidad de conductores : 2<\/td>\n<\/tr>\n<tr>\n<td>Revestimiento del conector  : oro<\/td>\n<\/tr>\n<tr>\n<td>Hardware<\/td>\n<\/tr>\n<tr>\n<td>Cable tipo jacket : pvc &#8211; polyvinyl chloride<\/td>\n<\/tr>\n<tr>\n<td>Contenido de la caja<\/td>\n<\/tr>\n<tr>\n<td>Incluido en la caja : cable de audio est\u00e9reo 3.5mm delgado 3 pies &#8211; m\/m<\/td>\n<\/tr>\n<tr>\n<td>Conector(es)<\/td>\n<\/tr>\n<tr>\n<td>Conector b : enchufe mini-jack de 3.5mm (3 posiciones)<\/td>\n<\/tr>\n<tr>\n<td>Conector a : enchufe mini-jack de 3.5mm (3 posiciones)<\/td>\n<\/tr>\n<tr>\n<td>Caracter\u00edsticas f\u00edsicas<\/td>\n<\/tr>\n<tr>\n<td>Peso del producto : 14 g<\/td>\n<\/tr>\n<tr>\n<td>Longitud del producto : 0.9 m<\/td>\n<\/tr>\n<tr>\n<td>Longitud del cable : 0.9 m<\/td>\n<\/tr>\n<tr>\n<td>Color : negro<\/td>\n<\/tr>\n<tr>\n<td>Calibre del conductor : 28 awg<\/td>\n<\/tr>\n<tr>\n<td>Cable od : 3 mm<\/td>\n<\/tr>\n<tr>\n<td>Ancho del producto : 6.1 mm<\/td>\n<\/tr>\n<tr>\n<td>Altura del producto : 0.7 cm<\/td>\n<\/tr>\n<\/table>\n","protected":false},"excerpt":{"rendered":"<p>Este cable de audio est\u00e9reo 3.5mm delgado de 91cm es la soluci\u00f3n ideal para dispositivos de audio port\u00e1tiles (ipod, iphone, reproductores mp3) ya que proporciona un conector moldeado delgado que se ajusta a un jack de auriculares de 3.5mm, incluso si el ipod\/iphone\/reproductor mp3 est\u00e1 en una funda protectora.<\/p>\n","protected":false},"featured_media":213597,"comment_status":"open","ping_status":"open","template":"","meta":[],"product_cat":[1549,1551],"product_tag":[1590],"acf":[],"yoast_head":"<!-- This site is optimized with the Yoast SEO plugin v21.7 - https:\/\/yoast.com\/wordpress\/plugins\/seo\/ -->\n<title>[ Startech.com ] &#129351; Mu3mms Cable De Audio De 91cm Delgado Slim - Audio Estereo Mini Jack Plug 3.5mm - Macho A Macho - Mod.<\/title>\n<meta name=\"description\" content=\"Compra Mu3mms Cable De Audio De 91cm Delgado Slim - Audio Estereo Mini Jack Plug 3.5mm - Macho A Macho - Mod. + Env\u00edo a domicilio + Pago seguro + Garant\u00eda\" \/>\n<meta name=\"robots\" content=\"index, follow, max-snippet:-1, max-image-preview:large, max-video-preview:-1\" \/>\n<link rel=\"canonical\" href=\"https:\/\/compuviper.mx\/tienda\/producto\/startech-com-mu3mms-cable-de-audio-de-91cm-delgado-slim-audio-estereo-mini-jack-plug-3-5mm-macho-a-macho-mod\/\" \/>\n<meta property=\"og:locale\" content=\"es_MX\" \/>\n<meta property=\"og:type\" content=\"article\" \/>\n<meta property=\"og:title\" content=\"[ Startech.com ] &#129351; Mu3mms Cable De Audio De 91cm Delgado Slim - Audio Estereo Mini Jack Plug 3.5mm - Macho A Macho - Mod.\" \/>\n<meta property=\"og:description\" content=\"Compra Mu3mms Cable De Audio De 91cm Delgado Slim - Audio Estereo Mini Jack Plug 3.5mm - Macho A Macho - Mod. + Env\u00edo a domicilio + Pago seguro + Garant\u00eda\" \/>\n<meta property=\"og:url\" content=\"https:\/\/compuviper.mx\/tienda\/producto\/startech-com-mu3mms-cable-de-audio-de-91cm-delgado-slim-audio-estereo-mini-jack-plug-3-5mm-macho-a-macho-mod\/\" \/>\n<meta property=\"og:site_name\" content=\"Compuviper\" \/>\n<meta property=\"article:publisher\" content=\"https:\/\/www.facebook.com\/compuviper\" \/>\n<meta property=\"article:modified_time\" content=\"2026-04-08T05:42:29+00:00\" \/>\n<meta property=\"og:image\" content=\"https:\/\/compuviper.mx\/tienda\/wp-content\/uploads\/2023\/12\/Cable-de-audio-de-91cm-delgado-slim-audio-estereo-mini-jack-plug-3.5mm-macho-a-macho-startech.com-mod.-mu3mms.jpg\" \/>\n\t<meta property=\"og:image:width\" content=\"200\" \/>\n\t<meta property=\"og:image:height\" content=\"200\" \/>\n\t<meta property=\"og:image:type\" content=\"image\/jpeg\" \/>\n<meta name=\"twitter:card\" content=\"summary_large_image\" \/>\n<meta name=\"twitter:label1\" content=\"Precio\" \/>\n\t<meta name=\"twitter:data1\" content=\"&#36;43 con IVA\" \/>\n\t<meta name=\"twitter:label2\" content=\"Availability\" \/>\n\t<meta name=\"twitter:data2\" content=\"Out of stock\" \/>\n<script type=\"application\/ld+json\" class=\"yoast-schema-graph\">{\"@context\":\"https:\/\/schema.org\",\"@graph\":[{\"@type\":\"WebPage\",\"@id\":\"https:\/\/compuviper.mx\/tienda\/producto\/startech-com-mu3mms-cable-de-audio-de-91cm-delgado-slim-audio-estereo-mini-jack-plug-3-5mm-macho-a-macho-mod\/\",\"url\":\"https:\/\/compuviper.mx\/tienda\/producto\/startech-com-mu3mms-cable-de-audio-de-91cm-delgado-slim-audio-estereo-mini-jack-plug-3-5mm-macho-a-macho-mod\/\",\"name\":\"[ Startech.com ] &#129351; Mu3mms Cable De Audio De 91cm Delgado Slim - Audio Estereo Mini Jack Plug 3.5mm - Macho A Macho - Mod.\",\"isPartOf\":{\"@id\":\"https:\/\/compuviper.mx\/tienda\/#website\"},\"datePublished\":\"2026-04-08T05:42:28+00:00\",\"dateModified\":\"2026-04-08T05:42:29+00:00\",\"description\":\"Compra Mu3mms Cable De Audio De 91cm Delgado Slim - Audio Estereo Mini Jack Plug 3.5mm - Macho A Macho - Mod. + Env\u00edo a domicilio + Pago seguro + Garant\u00eda\",\"breadcrumb\":{\"@id\":\"https:\/\/compuviper.mx\/tienda\/producto\/startech-com-mu3mms-cable-de-audio-de-91cm-delgado-slim-audio-estereo-mini-jack-plug-3-5mm-macho-a-macho-mod\/#breadcrumb\"},\"inLanguage\":\"es-MX\",\"potentialAction\":[{\"@type\":\"ReadAction\",\"target\":[\"https:\/\/compuviper.mx\/tienda\/producto\/startech-com-mu3mms-cable-de-audio-de-91cm-delgado-slim-audio-estereo-mini-jack-plug-3-5mm-macho-a-macho-mod\/\"]}]},{\"@type\":\"BreadcrumbList\",\"@id\":\"https:\/\/compuviper.mx\/tienda\/producto\/startech-com-mu3mms-cable-de-audio-de-91cm-delgado-slim-audio-estereo-mini-jack-plug-3-5mm-macho-a-macho-mod\/#breadcrumb\",\"itemListElement\":[{\"@type\":\"ListItem\",\"position\":1,\"name\":\"Inicio\",\"item\":\"https:\/\/compuviper.mx\/tienda\/\"},{\"@type\":\"ListItem\",\"position\":2,\"name\":\"Productos\",\"item\":\"https:\/\/compuviper.mx\/tienda\/productos\/\"},{\"@type\":\"ListItem\",\"position\":3,\"name\":\"Cables\",\"item\":\"https:\/\/compuviper.mx\/tienda\/categoria-producto\/cables\/\"},{\"@type\":\"ListItem\",\"position\":4,\"name\":\"Cable De Audio\",\"item\":\"https:\/\/compuviper.mx\/tienda\/categoria-producto\/cables\/cable-de-audio\/\"},{\"@type\":\"ListItem\",\"position\":5,\"name\":\"Startech.com Mu3mms Cable De Audio De 91cm Delgado Slim &#8211; Audio Estereo Mini Jack Plug 3.5mm &#8211; Macho A Macho &#8211; Mod.\"}]},{\"@type\":\"WebSite\",\"@id\":\"https:\/\/compuviper.mx\/tienda\/#website\",\"url\":\"https:\/\/compuviper.mx\/tienda\/\",\"name\":\"Compuviper\",\"description\":\"Proveedor de Computadoras, Laptops, Servidores, Monitores, Puntos de Venta, Teclados,   Impresoras, T\u00f3ner, C\u00e1maras de Seguridad y m\u00e1s en tu tienda en l\u00ednea\",\"publisher\":{\"@id\":\"https:\/\/compuviper.mx\/tienda\/#organization\"},\"potentialAction\":[{\"@type\":\"SearchAction\",\"target\":{\"@type\":\"EntryPoint\",\"urlTemplate\":\"https:\/\/compuviper.mx\/tienda\/?s={search_term_string}\"},\"query-input\":\"required name=search_term_string\"}],\"inLanguage\":\"es-MX\"},{\"@type\":\"Organization\",\"@id\":\"https:\/\/compuviper.mx\/tienda\/#organization\",\"name\":\"Compuviper\",\"url\":\"https:\/\/compuviper.mx\/tienda\/\",\"logo\":{\"@type\":\"ImageObject\",\"inLanguage\":\"es-MX\",\"@id\":\"https:\/\/compuviper.mx\/tienda\/#\/schema\/logo\/image\/\",\"url\":\"https:\/\/compuviper.mx\/tienda\/wp-content\/uploads\/2021\/08\/Logo-Compuviper-10.png\",\"contentUrl\":\"https:\/\/compuviper.mx\/tienda\/wp-content\/uploads\/2021\/08\/Logo-Compuviper-10.png\",\"width\":1000,\"height\":500,\"caption\":\"Compuviper\"},\"image\":{\"@id\":\"https:\/\/compuviper.mx\/tienda\/#\/schema\/logo\/image\/\"},\"sameAs\":[\"https:\/\/www.facebook.com\/compuviper\",\"https:\/\/www.youtube.com\/channel\/UCf73dERp9Y3cfOq7q8BhLjA?view_as=subscriber\"]}]}<\/script>\n<meta property=\"product:brand\" content=\"STARTECH.COM\" \/>\n<meta property=\"product:price:amount\" content=\"43\" \/>\n<meta property=\"product:price:currency\" content=\"MXN\" \/>\n<meta property=\"og:availability\" content=\"out of stock\" \/>\n<meta property=\"product:availability\" content=\"out of stock\" \/>\n<meta property=\"product:retailer_item_id\" content=\"MU3MMS\" \/>\n<meta property=\"product:condition\" content=\"new\" \/>\n<!-- \/ Yoast SEO plugin. -->","yoast_head_json":{"title":"[ Startech.com ] &#129351; Mu3mms Cable De Audio De 91cm Delgado Slim - Audio Estereo Mini Jack Plug 3.5mm - Macho A Macho - Mod.","description":"Compra Mu3mms Cable De Audio De 91cm Delgado Slim - Audio Estereo Mini Jack Plug 3.5mm - Macho A Macho - Mod. + Env\u00edo a domicilio + Pago seguro + Garant\u00eda","robots":{"index":"index","follow":"follow","max-snippet":"max-snippet:-1","max-image-preview":"max-image-preview:large","max-video-preview":"max-video-preview:-1"},"canonical":"https:\/\/compuviper.mx\/tienda\/producto\/startech-com-mu3mms-cable-de-audio-de-91cm-delgado-slim-audio-estereo-mini-jack-plug-3-5mm-macho-a-macho-mod\/","og_locale":"es_MX","og_type":"article","og_title":"[ Startech.com ] &#129351; Mu3mms Cable De Audio De 91cm Delgado Slim - Audio Estereo Mini Jack Plug 3.5mm - Macho A Macho - Mod.","og_description":"Compra Mu3mms Cable De Audio De 91cm Delgado Slim - Audio Estereo Mini Jack Plug 3.5mm - Macho A Macho - Mod. + Env\u00edo a domicilio + Pago seguro + Garant\u00eda","og_url":"https:\/\/compuviper.mx\/tienda\/producto\/startech-com-mu3mms-cable-de-audio-de-91cm-delgado-slim-audio-estereo-mini-jack-plug-3-5mm-macho-a-macho-mod\/","og_site_name":"Compuviper","article_publisher":"https:\/\/www.facebook.com\/compuviper","article_modified_time":"2026-04-08T05:42:29+00:00","og_image":[{"width":200,"height":200,"url":"https:\/\/compuviper.mx\/tienda\/wp-content\/uploads\/2023\/12\/Cable-de-audio-de-91cm-delgado-slim-audio-estereo-mini-jack-plug-3.5mm-macho-a-macho-startech.com-mod.-mu3mms.jpg","type":"image\/jpeg"}],"twitter_card":"summary_large_image","twitter_misc":{"Precio":"&#36;43 con IVA","Availability":"Out of stock"},"schema":{"@context":"https:\/\/schema.org","@graph":[{"@type":"WebPage","@id":"https:\/\/compuviper.mx\/tienda\/producto\/startech-com-mu3mms-cable-de-audio-de-91cm-delgado-slim-audio-estereo-mini-jack-plug-3-5mm-macho-a-macho-mod\/","url":"https:\/\/compuviper.mx\/tienda\/producto\/startech-com-mu3mms-cable-de-audio-de-91cm-delgado-slim-audio-estereo-mini-jack-plug-3-5mm-macho-a-macho-mod\/","name":"[ Startech.com ] &#129351; Mu3mms Cable De Audio De 91cm Delgado Slim - Audio Estereo Mini Jack Plug 3.5mm - Macho A Macho - Mod.","isPartOf":{"@id":"https:\/\/compuviper.mx\/tienda\/#website"},"datePublished":"2026-04-08T05:42:28+00:00","dateModified":"2026-04-08T05:42:29+00:00","description":"Compra Mu3mms Cable De Audio De 91cm Delgado Slim - Audio Estereo Mini Jack Plug 3.5mm - Macho A Macho - Mod. + Env\u00edo a domicilio + Pago seguro + Garant\u00eda","breadcrumb":{"@id":"https:\/\/compuviper.mx\/tienda\/producto\/startech-com-mu3mms-cable-de-audio-de-91cm-delgado-slim-audio-estereo-mini-jack-plug-3-5mm-macho-a-macho-mod\/#breadcrumb"},"inLanguage":"es-MX","potentialAction":[{"@type":"ReadAction","target":["https:\/\/compuviper.mx\/tienda\/producto\/startech-com-mu3mms-cable-de-audio-de-91cm-delgado-slim-audio-estereo-mini-jack-plug-3-5mm-macho-a-macho-mod\/"]}]},{"@type":"BreadcrumbList","@id":"https:\/\/compuviper.mx\/tienda\/producto\/startech-com-mu3mms-cable-de-audio-de-91cm-delgado-slim-audio-estereo-mini-jack-plug-3-5mm-macho-a-macho-mod\/#breadcrumb","itemListElement":[{"@type":"ListItem","position":1,"name":"Inicio","item":"https:\/\/compuviper.mx\/tienda\/"},{"@type":"ListItem","position":2,"name":"Productos","item":"https:\/\/compuviper.mx\/tienda\/productos\/"},{"@type":"ListItem","position":3,"name":"Cables","item":"https:\/\/compuviper.mx\/tienda\/categoria-producto\/cables\/"},{"@type":"ListItem","position":4,"name":"Cable De Audio","item":"https:\/\/compuviper.mx\/tienda\/categoria-producto\/cables\/cable-de-audio\/"},{"@type":"ListItem","position":5,"name":"Startech.com Mu3mms Cable De Audio De 91cm Delgado Slim &#8211; Audio Estereo Mini Jack Plug 3.5mm &#8211; Macho A Macho &#8211; Mod."}]},{"@type":"WebSite","@id":"https:\/\/compuviper.mx\/tienda\/#website","url":"https:\/\/compuviper.mx\/tienda\/","name":"Compuviper","description":"Proveedor de Computadoras, Laptops, Servidores, Monitores, Puntos de Venta, Teclados,   Impresoras, T\u00f3ner, C\u00e1maras de Seguridad y m\u00e1s en tu tienda en l\u00ednea","publisher":{"@id":"https:\/\/compuviper.mx\/tienda\/#organization"},"potentialAction":[{"@type":"SearchAction","target":{"@type":"EntryPoint","urlTemplate":"https:\/\/compuviper.mx\/tienda\/?s={search_term_string}"},"query-input":"required name=search_term_string"}],"inLanguage":"es-MX"},{"@type":"Organization","@id":"https:\/\/compuviper.mx\/tienda\/#organization","name":"Compuviper","url":"https:\/\/compuviper.mx\/tienda\/","logo":{"@type":"ImageObject","inLanguage":"es-MX","@id":"https:\/\/compuviper.mx\/tienda\/#\/schema\/logo\/image\/","url":"https:\/\/compuviper.mx\/tienda\/wp-content\/uploads\/2021\/08\/Logo-Compuviper-10.png","contentUrl":"https:\/\/compuviper.mx\/tienda\/wp-content\/uploads\/2021\/08\/Logo-Compuviper-10.png","width":1000,"height":500,"caption":"Compuviper"},"image":{"@id":"https:\/\/compuviper.mx\/tienda\/#\/schema\/logo\/image\/"},"sameAs":["https:\/\/www.facebook.com\/compuviper","https:\/\/www.youtube.com\/channel\/UCf73dERp9Y3cfOq7q8BhLjA?view_as=subscriber"]}]},"product_brand":"STARTECH.COM","product_price_amount":"43","product_price_currency":"MXN","og_availability":"out of stock","product_availability":"out of stock","product_retailer_item_id":"MU3MMS","product_condition":"new"},"_links":{"self":[{"href":"https:\/\/compuviper.mx\/tienda\/wp-json\/wp\/v2\/product\/213596"}],"collection":[{"href":"https:\/\/compuviper.mx\/tienda\/wp-json\/wp\/v2\/product"}],"about":[{"href":"https:\/\/compuviper.mx\/tienda\/wp-json\/wp\/v2\/types\/product"}],"replies":[{"embeddable":true,"href":"https:\/\/compuviper.mx\/tienda\/wp-json\/wp\/v2\/comments?post=213596"}],"wp:featuredmedia":[{"embeddable":true,"href":"https:\/\/compuviper.mx\/tienda\/wp-json\/wp\/v2\/media\/213597"}],"wp:attachment":[{"href":"https:\/\/compuviper.mx\/tienda\/wp-json\/wp\/v2\/media?parent=213596"}],"wp:term":[{"taxonomy":"product_cat","embeddable":true,"href":"https:\/\/compuviper.mx\/tienda\/wp-json\/wp\/v2\/product_cat?post=213596"},{"taxonomy":"product_tag","embeddable":true,"href":"https:\/\/compuviper.mx\/tienda\/wp-json\/wp\/v2\/product_tag?post=213596"}],"curies":[{"name":"wp","href":"https:\/\/api.w.org\/{rel}","templated":true}]}}