{"id":213584,"date":"2026-04-10T23:37:53","date_gmt":"2026-04-11T05:37:53","guid":{"rendered":"https:\/\/compuviper.mx\/tienda\/producto\/startech-com-pyo2lsata-cable-de-15cm-adaptador-splitter-divisor-de-alimentacion-sata-latching-con-cierre-pestillo-2x-hembra-1x-macho-mod\/"},"modified":"2026-04-10T23:37:53","modified_gmt":"2026-04-11T05:37:53","slug":"startech-com-pyo2lsata-cable-de-15cm-adaptador-splitter-divisor-de-alimentacion-sata-latching-con-cierre-pestillo-2x-hembra-1x-macho-mod","status":"publish","type":"product","link":"https:\/\/compuviper.mx\/tienda\/producto\/startech-com-pyo2lsata-cable-de-15cm-adaptador-splitter-divisor-de-alimentacion-sata-latching-con-cierre-pestillo-2x-hembra-1x-macho-mod\/","title":{"rendered":"Startech.com Pyo2lsata Cable De 15cm Adaptador Splitter Divisor De Alimentacion Sata Latching Con Cierre Pestillo &#8211; 2x Hembra &#8211; 1x Macho &#8211;  Mod."},"content":{"rendered":"<table class=\"descripcion\">\n<tr>\n<td>Hardware<\/td>\n<\/tr>\n<tr>\n<td>Cable tipo jacket : pvc &#8211; polyvinyl chloride<\/td>\n<\/tr>\n<tr>\n<td>Contenido de la caja<\/td>\n<\/tr>\n<tr>\n<td>Incluido en la caja : adaptador de cable (15 cm) divisor en y de alimentaci\u00f3n sata con cierre &#8211; m\/h<\/td>\n<\/tr>\n<tr>\n<td>Conector(es)<\/td>\n<\/tr>\n<tr>\n<td>Conector b : alimentaci\u00f3n sata (15 pines)<\/td>\n<\/tr>\n<tr>\n<td>Conector a : alimentaci\u00f3n sata (15 pines)<\/td>\n<\/tr>\n<tr>\n<td>Caracter\u00edsticas f\u00edsicas<\/td>\n<\/tr>\n<tr>\n<td>Peso del producto : 25 g<\/td>\n<\/tr>\n<tr>\n<td>Longitud del producto : 152.4 mm<\/td>\n<\/tr>\n<tr>\n<td>Longitud del cable : 152.4 mm<\/td>\n<\/tr>\n<\/table>\n","protected":false},"excerpt":{"rendered":"<p>El cable divisor de alimentaci\u00f3n sata (15 cm), modelo pyo2lsata, incluye un conector sata de 15 pines que se enchufa a un \u00fanico conector sata de alimentaci\u00f3n de una computadora y se divide en dos recept\u00e1culos sata de 15 pines con cierre, lo cual permite conectar dos discos duros serial ata a una sola toma de conexi\u00f3n de alimentaci\u00f3n sata del sistema de alimentaci\u00f3n de la computadora. Los conectores de alimentaci\u00f3n sata con cierre garantizan una conexi\u00f3n segura con los discos duros, lo cual evita desconexiones accidentales, adem\u00e1s de que la divisi\u00f3n del adaptador en y evita tener que gastar en la actualizaci\u00f3n a un sistema de alimentaci\u00f3n que permita la conexi\u00f3n de un disco duro sata adicional. Fabricado con materiales solo de alta calidad y dise\u00f1ado para un rendimiento y confiabilidad \u00f3ptimos.<\/p>\n","protected":false},"featured_media":213585,"comment_status":"open","ping_status":"open","template":"","meta":[],"product_cat":[1605,1549],"product_tag":[1590],"acf":[],"yoast_head":"<!-- This site is optimized with the Yoast SEO plugin v21.7 - https:\/\/yoast.com\/wordpress\/plugins\/seo\/ -->\n<title>[ Startech.com ] &#129351; Pyo2lsata Cable De 15cm Adaptador Splitter Divisor De Alimentacion Sata Latching Con Cierre Pestillo - 2x Hembra - 1x Macho - Mod.<\/title>\n<meta name=\"description\" content=\"Compra Pyo2lsata Cable De 15cm Adaptador Splitter Divisor De Alimentacion Sata Latching Con Cierre Pestillo - 2x Hembra - 1x Macho - Mod. + Env\u00edo a domicilio + Pago seguro + Garant\u00eda\" \/>\n<meta name=\"robots\" content=\"index, follow, max-snippet:-1, max-image-preview:large, max-video-preview:-1\" \/>\n<link rel=\"canonical\" href=\"https:\/\/compuviper.mx\/tienda\/producto\/startech-com-pyo2lsata-cable-de-15cm-adaptador-splitter-divisor-de-alimentacion-sata-latching-con-cierre-pestillo-2x-hembra-1x-macho-mod\/\" \/>\n<meta property=\"og:locale\" content=\"es_MX\" \/>\n<meta property=\"og:type\" content=\"article\" \/>\n<meta property=\"og:title\" content=\"[ Startech.com ] &#129351; Pyo2lsata Cable De 15cm Adaptador Splitter Divisor De Alimentacion Sata Latching Con Cierre Pestillo - 2x Hembra - 1x Macho - Mod.\" \/>\n<meta property=\"og:description\" content=\"Compra Pyo2lsata Cable De 15cm Adaptador Splitter Divisor De Alimentacion Sata Latching Con Cierre Pestillo - 2x Hembra - 1x Macho - Mod. + Env\u00edo a domicilio + Pago seguro + Garant\u00eda\" \/>\n<meta property=\"og:url\" content=\"https:\/\/compuviper.mx\/tienda\/producto\/startech-com-pyo2lsata-cable-de-15cm-adaptador-splitter-divisor-de-alimentacion-sata-latching-con-cierre-pestillo-2x-hembra-1x-macho-mod\/\" \/>\n<meta property=\"og:site_name\" content=\"Compuviper\" \/>\n<meta property=\"article:publisher\" content=\"https:\/\/www.facebook.com\/compuviper\" \/>\n<meta property=\"og:image\" content=\"https:\/\/compuviper.mx\/tienda\/wp-content\/uploads\/2023\/12\/Cable-de-15cm-adaptador-splitter-divisor-de-alimentacion-sata-latching-con-cierre-pestillo-2x-hembra-1x-macho-startech.com-mod.-pyo2lsata.jpg\" \/>\n\t<meta property=\"og:image:width\" content=\"200\" \/>\n\t<meta property=\"og:image:height\" content=\"200\" \/>\n\t<meta property=\"og:image:type\" content=\"image\/jpeg\" \/>\n<meta name=\"twitter:card\" content=\"summary_large_image\" \/>\n<meta name=\"twitter:label1\" content=\"Precio\" \/>\n\t<meta name=\"twitter:data1\" content=\"&#36;91 con IVA\" \/>\n\t<meta name=\"twitter:label2\" content=\"Availability\" \/>\n\t<meta name=\"twitter:data2\" content=\"Out of stock\" \/>\n<script type=\"application\/ld+json\" class=\"yoast-schema-graph\">{\"@context\":\"https:\/\/schema.org\",\"@graph\":[{\"@type\":\"WebPage\",\"@id\":\"https:\/\/compuviper.mx\/tienda\/producto\/startech-com-pyo2lsata-cable-de-15cm-adaptador-splitter-divisor-de-alimentacion-sata-latching-con-cierre-pestillo-2x-hembra-1x-macho-mod\/\",\"url\":\"https:\/\/compuviper.mx\/tienda\/producto\/startech-com-pyo2lsata-cable-de-15cm-adaptador-splitter-divisor-de-alimentacion-sata-latching-con-cierre-pestillo-2x-hembra-1x-macho-mod\/\",\"name\":\"[ Startech.com ] &#129351; Pyo2lsata Cable De 15cm Adaptador Splitter Divisor De Alimentacion Sata Latching Con Cierre Pestillo - 2x Hembra - 1x Macho - Mod.\",\"isPartOf\":{\"@id\":\"https:\/\/compuviper.mx\/tienda\/#website\"},\"datePublished\":\"2026-04-11T05:37:53+00:00\",\"dateModified\":\"2026-04-11T05:37:53+00:00\",\"description\":\"Compra Pyo2lsata Cable De 15cm Adaptador Splitter Divisor De Alimentacion Sata Latching Con Cierre Pestillo - 2x Hembra - 1x Macho - Mod. + Env\u00edo a domicilio + Pago seguro + Garant\u00eda\",\"breadcrumb\":{\"@id\":\"https:\/\/compuviper.mx\/tienda\/producto\/startech-com-pyo2lsata-cable-de-15cm-adaptador-splitter-divisor-de-alimentacion-sata-latching-con-cierre-pestillo-2x-hembra-1x-macho-mod\/#breadcrumb\"},\"inLanguage\":\"es-MX\",\"potentialAction\":[{\"@type\":\"ReadAction\",\"target\":[\"https:\/\/compuviper.mx\/tienda\/producto\/startech-com-pyo2lsata-cable-de-15cm-adaptador-splitter-divisor-de-alimentacion-sata-latching-con-cierre-pestillo-2x-hembra-1x-macho-mod\/\"]}]},{\"@type\":\"BreadcrumbList\",\"@id\":\"https:\/\/compuviper.mx\/tienda\/producto\/startech-com-pyo2lsata-cable-de-15cm-adaptador-splitter-divisor-de-alimentacion-sata-latching-con-cierre-pestillo-2x-hembra-1x-macho-mod\/#breadcrumb\",\"itemListElement\":[{\"@type\":\"ListItem\",\"position\":1,\"name\":\"Inicio\",\"item\":\"https:\/\/compuviper.mx\/tienda\/\"},{\"@type\":\"ListItem\",\"position\":2,\"name\":\"Productos\",\"item\":\"https:\/\/compuviper.mx\/tienda\/productos\/\"},{\"@type\":\"ListItem\",\"position\":3,\"name\":\"Cables\",\"item\":\"https:\/\/compuviper.mx\/tienda\/categoria-producto\/cables\/\"},{\"@type\":\"ListItem\",\"position\":4,\"name\":\"Cable Usb\",\"item\":\"https:\/\/compuviper.mx\/tienda\/categoria-producto\/cables\/cable-usb\/\"},{\"@type\":\"ListItem\",\"position\":5,\"name\":\"Startech.com Pyo2lsata Cable De 15cm Adaptador Splitter Divisor De Alimentacion Sata Latching Con Cierre Pestillo &#8211; 2x Hembra &#8211; 1x Macho &#8211; Mod.\"}]},{\"@type\":\"WebSite\",\"@id\":\"https:\/\/compuviper.mx\/tienda\/#website\",\"url\":\"https:\/\/compuviper.mx\/tienda\/\",\"name\":\"Compuviper\",\"description\":\"Proveedor de Computadoras, Laptops, Servidores, Monitores, Puntos de Venta, Teclados,   Impresoras, T\u00f3ner, C\u00e1maras de Seguridad y m\u00e1s en tu tienda en l\u00ednea\",\"publisher\":{\"@id\":\"https:\/\/compuviper.mx\/tienda\/#organization\"},\"potentialAction\":[{\"@type\":\"SearchAction\",\"target\":{\"@type\":\"EntryPoint\",\"urlTemplate\":\"https:\/\/compuviper.mx\/tienda\/?s={search_term_string}\"},\"query-input\":\"required name=search_term_string\"}],\"inLanguage\":\"es-MX\"},{\"@type\":\"Organization\",\"@id\":\"https:\/\/compuviper.mx\/tienda\/#organization\",\"name\":\"Compuviper\",\"url\":\"https:\/\/compuviper.mx\/tienda\/\",\"logo\":{\"@type\":\"ImageObject\",\"inLanguage\":\"es-MX\",\"@id\":\"https:\/\/compuviper.mx\/tienda\/#\/schema\/logo\/image\/\",\"url\":\"https:\/\/compuviper.mx\/tienda\/wp-content\/uploads\/2021\/08\/Logo-Compuviper-10.png\",\"contentUrl\":\"https:\/\/compuviper.mx\/tienda\/wp-content\/uploads\/2021\/08\/Logo-Compuviper-10.png\",\"width\":1000,\"height\":500,\"caption\":\"Compuviper\"},\"image\":{\"@id\":\"https:\/\/compuviper.mx\/tienda\/#\/schema\/logo\/image\/\"},\"sameAs\":[\"https:\/\/www.facebook.com\/compuviper\",\"https:\/\/www.youtube.com\/channel\/UCf73dERp9Y3cfOq7q8BhLjA?view_as=subscriber\"]}]}<\/script>\n<meta property=\"product:brand\" content=\"STARTECH.COM\" \/>\n<meta property=\"product:price:amount\" content=\"91\" \/>\n<meta property=\"product:price:currency\" content=\"MXN\" \/>\n<meta property=\"og:availability\" content=\"out of stock\" \/>\n<meta property=\"product:availability\" content=\"out of stock\" \/>\n<meta property=\"product:retailer_item_id\" content=\"PYO2LSATA\" \/>\n<meta property=\"product:condition\" content=\"new\" \/>\n<!-- \/ Yoast SEO plugin. -->","yoast_head_json":{"title":"[ Startech.com ] &#129351; Pyo2lsata Cable De 15cm Adaptador Splitter Divisor De Alimentacion Sata Latching Con Cierre Pestillo - 2x Hembra - 1x Macho - Mod.","description":"Compra Pyo2lsata Cable De 15cm Adaptador Splitter Divisor De Alimentacion Sata Latching Con Cierre Pestillo - 2x Hembra - 1x Macho - Mod. + Env\u00edo a domicilio + Pago seguro + Garant\u00eda","robots":{"index":"index","follow":"follow","max-snippet":"max-snippet:-1","max-image-preview":"max-image-preview:large","max-video-preview":"max-video-preview:-1"},"canonical":"https:\/\/compuviper.mx\/tienda\/producto\/startech-com-pyo2lsata-cable-de-15cm-adaptador-splitter-divisor-de-alimentacion-sata-latching-con-cierre-pestillo-2x-hembra-1x-macho-mod\/","og_locale":"es_MX","og_type":"article","og_title":"[ Startech.com ] &#129351; Pyo2lsata Cable De 15cm Adaptador Splitter Divisor De Alimentacion Sata Latching Con Cierre Pestillo - 2x Hembra - 1x Macho - Mod.","og_description":"Compra Pyo2lsata Cable De 15cm Adaptador Splitter Divisor De Alimentacion Sata Latching Con Cierre Pestillo - 2x Hembra - 1x Macho - Mod. + Env\u00edo a domicilio + Pago seguro + Garant\u00eda","og_url":"https:\/\/compuviper.mx\/tienda\/producto\/startech-com-pyo2lsata-cable-de-15cm-adaptador-splitter-divisor-de-alimentacion-sata-latching-con-cierre-pestillo-2x-hembra-1x-macho-mod\/","og_site_name":"Compuviper","article_publisher":"https:\/\/www.facebook.com\/compuviper","og_image":[{"width":200,"height":200,"url":"https:\/\/compuviper.mx\/tienda\/wp-content\/uploads\/2023\/12\/Cable-de-15cm-adaptador-splitter-divisor-de-alimentacion-sata-latching-con-cierre-pestillo-2x-hembra-1x-macho-startech.com-mod.-pyo2lsata.jpg","type":"image\/jpeg"}],"twitter_card":"summary_large_image","twitter_misc":{"Precio":"&#36;91 con IVA","Availability":"Out of stock"},"schema":{"@context":"https:\/\/schema.org","@graph":[{"@type":"WebPage","@id":"https:\/\/compuviper.mx\/tienda\/producto\/startech-com-pyo2lsata-cable-de-15cm-adaptador-splitter-divisor-de-alimentacion-sata-latching-con-cierre-pestillo-2x-hembra-1x-macho-mod\/","url":"https:\/\/compuviper.mx\/tienda\/producto\/startech-com-pyo2lsata-cable-de-15cm-adaptador-splitter-divisor-de-alimentacion-sata-latching-con-cierre-pestillo-2x-hembra-1x-macho-mod\/","name":"[ Startech.com ] &#129351; Pyo2lsata Cable De 15cm Adaptador Splitter Divisor De Alimentacion Sata Latching Con Cierre Pestillo - 2x Hembra - 1x Macho - Mod.","isPartOf":{"@id":"https:\/\/compuviper.mx\/tienda\/#website"},"datePublished":"2026-04-11T05:37:53+00:00","dateModified":"2026-04-11T05:37:53+00:00","description":"Compra Pyo2lsata Cable De 15cm Adaptador Splitter Divisor De Alimentacion Sata Latching Con Cierre Pestillo - 2x Hembra - 1x Macho - Mod. + Env\u00edo a domicilio + Pago seguro + Garant\u00eda","breadcrumb":{"@id":"https:\/\/compuviper.mx\/tienda\/producto\/startech-com-pyo2lsata-cable-de-15cm-adaptador-splitter-divisor-de-alimentacion-sata-latching-con-cierre-pestillo-2x-hembra-1x-macho-mod\/#breadcrumb"},"inLanguage":"es-MX","potentialAction":[{"@type":"ReadAction","target":["https:\/\/compuviper.mx\/tienda\/producto\/startech-com-pyo2lsata-cable-de-15cm-adaptador-splitter-divisor-de-alimentacion-sata-latching-con-cierre-pestillo-2x-hembra-1x-macho-mod\/"]}]},{"@type":"BreadcrumbList","@id":"https:\/\/compuviper.mx\/tienda\/producto\/startech-com-pyo2lsata-cable-de-15cm-adaptador-splitter-divisor-de-alimentacion-sata-latching-con-cierre-pestillo-2x-hembra-1x-macho-mod\/#breadcrumb","itemListElement":[{"@type":"ListItem","position":1,"name":"Inicio","item":"https:\/\/compuviper.mx\/tienda\/"},{"@type":"ListItem","position":2,"name":"Productos","item":"https:\/\/compuviper.mx\/tienda\/productos\/"},{"@type":"ListItem","position":3,"name":"Cables","item":"https:\/\/compuviper.mx\/tienda\/categoria-producto\/cables\/"},{"@type":"ListItem","position":4,"name":"Cable Usb","item":"https:\/\/compuviper.mx\/tienda\/categoria-producto\/cables\/cable-usb\/"},{"@type":"ListItem","position":5,"name":"Startech.com Pyo2lsata Cable De 15cm Adaptador Splitter Divisor De Alimentacion Sata Latching Con Cierre Pestillo &#8211; 2x Hembra &#8211; 1x Macho &#8211; Mod."}]},{"@type":"WebSite","@id":"https:\/\/compuviper.mx\/tienda\/#website","url":"https:\/\/compuviper.mx\/tienda\/","name":"Compuviper","description":"Proveedor de Computadoras, Laptops, Servidores, Monitores, Puntos de Venta, Teclados,   Impresoras, T\u00f3ner, C\u00e1maras de Seguridad y m\u00e1s en tu tienda en l\u00ednea","publisher":{"@id":"https:\/\/compuviper.mx\/tienda\/#organization"},"potentialAction":[{"@type":"SearchAction","target":{"@type":"EntryPoint","urlTemplate":"https:\/\/compuviper.mx\/tienda\/?s={search_term_string}"},"query-input":"required name=search_term_string"}],"inLanguage":"es-MX"},{"@type":"Organization","@id":"https:\/\/compuviper.mx\/tienda\/#organization","name":"Compuviper","url":"https:\/\/compuviper.mx\/tienda\/","logo":{"@type":"ImageObject","inLanguage":"es-MX","@id":"https:\/\/compuviper.mx\/tienda\/#\/schema\/logo\/image\/","url":"https:\/\/compuviper.mx\/tienda\/wp-content\/uploads\/2021\/08\/Logo-Compuviper-10.png","contentUrl":"https:\/\/compuviper.mx\/tienda\/wp-content\/uploads\/2021\/08\/Logo-Compuviper-10.png","width":1000,"height":500,"caption":"Compuviper"},"image":{"@id":"https:\/\/compuviper.mx\/tienda\/#\/schema\/logo\/image\/"},"sameAs":["https:\/\/www.facebook.com\/compuviper","https:\/\/www.youtube.com\/channel\/UCf73dERp9Y3cfOq7q8BhLjA?view_as=subscriber"]}]},"product_brand":"STARTECH.COM","product_price_amount":"91","product_price_currency":"MXN","og_availability":"out of stock","product_availability":"out of stock","product_retailer_item_id":"PYO2LSATA","product_condition":"new"},"_links":{"self":[{"href":"https:\/\/compuviper.mx\/tienda\/wp-json\/wp\/v2\/product\/213584"}],"collection":[{"href":"https:\/\/compuviper.mx\/tienda\/wp-json\/wp\/v2\/product"}],"about":[{"href":"https:\/\/compuviper.mx\/tienda\/wp-json\/wp\/v2\/types\/product"}],"replies":[{"embeddable":true,"href":"https:\/\/compuviper.mx\/tienda\/wp-json\/wp\/v2\/comments?post=213584"}],"wp:featuredmedia":[{"embeddable":true,"href":"https:\/\/compuviper.mx\/tienda\/wp-json\/wp\/v2\/media\/213585"}],"wp:attachment":[{"href":"https:\/\/compuviper.mx\/tienda\/wp-json\/wp\/v2\/media?parent=213584"}],"wp:term":[{"taxonomy":"product_cat","embeddable":true,"href":"https:\/\/compuviper.mx\/tienda\/wp-json\/wp\/v2\/product_cat?post=213584"},{"taxonomy":"product_tag","embeddable":true,"href":"https:\/\/compuviper.mx\/tienda\/wp-json\/wp\/v2\/product_tag?post=213584"}],"curies":[{"name":"wp","href":"https:\/\/api.w.org\/{rel}","templated":true}]}}