{"id":213582,"date":"2026-04-10T23:37:52","date_gmt":"2026-04-11T05:37:52","guid":{"rendered":"https:\/\/compuviper.mx\/tienda\/producto\/startech-com-vgaspl1vv-cable-de-30cm-duplicador-divisor-de-video-vga-de-2-puertos-multiplicador-splitter-2-salidas-2x-hembra-hd15-mod\/"},"modified":"2026-04-10T23:37:53","modified_gmt":"2026-04-11T05:37:53","slug":"startech-com-vgaspl1vv-cable-de-30cm-duplicador-divisor-de-video-vga-de-2-puertos-multiplicador-splitter-2-salidas-2x-hembra-hd15-mod","status":"publish","type":"product","link":"https:\/\/compuviper.mx\/tienda\/producto\/startech-com-vgaspl1vv-cable-de-30cm-duplicador-divisor-de-video-vga-de-2-puertos-multiplicador-splitter-2-salidas-2x-hembra-hd15-mod\/","title":{"rendered":"Startech.com Vgaspl1vv Cable De 30cm Duplicador Divisor De Video Vga De 2 Puertos &#8211; Multiplicador Splitter 2 Salidas &#8211; 2x Hembra Hd15 &#8211;  Mod."},"content":{"rendered":"<table class=\"descripcion\">\n<tr>\n<td>Hardware<\/td>\n<\/tr>\n<tr>\n<td>Grado de inflamabilidad : clasificaci\u00f3n cmg (uso general)<\/td>\n<\/tr>\n<tr>\n<td>Revestimiento del conector  : oro<\/td>\n<\/tr>\n<tr>\n<td>Tipo de cable blindado : l\u00e1mina de aluminio mylar con malla trenzada<\/td>\n<\/tr>\n<tr>\n<td>Cantidad de conductores : 15<\/td>\n<\/tr>\n<tr>\n<td>Cable tipo jacket : pvc &#8211; polyvinyl chloride<\/td>\n<\/tr>\n<tr>\n<td>Observaciones \/ requisitos<\/td>\n<\/tr>\n<tr>\n<td>Nota : este producto permite dividir la se\u00f1al de video para ofrecer dos im\u00e1genes id\u00e9nticas con la misma resoluci\u00f3n. no se puede utilizar para expandir una imagen en dos pantallas, ni para mostrar im\u00e1genes diferentes en cada pantalla.<\/td>\n<\/tr>\n<tr>\n<td>Rendimiento<\/td>\n<\/tr>\n<tr>\n<td>Resoluci\u00f3n digital m\u00e1xima : 2048\u00d71536 @ 85hz<\/td>\n<\/tr>\n<tr>\n<td>Conector(es)<\/td>\n<\/tr>\n<tr>\n<td>Conector b : vga (15 pines, d-sub de alta densidad)<\/td>\n<\/tr>\n<tr>\n<td>Conector a : vga (15 pines, d-sub de alta densidad)<\/td>\n<\/tr>\n<tr>\n<td>Caracter\u00edsticas f\u00edsicas<\/td>\n<\/tr>\n<tr>\n<td>Peso del producto : 159 g<\/td>\n<\/tr>\n<tr>\n<td>Longitud del producto : 0.3 m<\/td>\n<\/tr>\n<tr>\n<td>Longitud del cable : 0.3 m<\/td>\n<\/tr>\n<tr>\n<td>Dimensi\u00f3n m\u00e1xima del conector : 41 mm<\/td>\n<\/tr>\n<tr>\n<td>Color : negro<\/td>\n<\/tr>\n<tr>\n<td>Calibre del conductor : 28 awg<\/td>\n<\/tr>\n<tr>\n<td>Cable od : 9 mm<\/td>\n<\/tr>\n<\/table>\n","protected":false},"excerpt":{"rendered":"<p>Este cable divisor de video vga de 1 pie permite conectar dos monitores\/pantallas vga a una \u00fanica fuente de video vga. Este cable duplicador de alta calidad es una soluci\u00f3n eficaz y econ\u00f3mica para configuraciones de pantalla doble vga.<\/p>\n","protected":false},"featured_media":213583,"comment_status":"open","ping_status":"open","template":"","meta":[],"product_cat":[1549,1550],"product_tag":[1590],"acf":[],"yoast_head":"<!-- This site is optimized with the Yoast SEO plugin v21.7 - https:\/\/yoast.com\/wordpress\/plugins\/seo\/ -->\n<title>[ Startech.com ] &#129351; Vgaspl1vv Cable De 30cm Duplicador Divisor De Video Vga De 2 Puertos - Multiplicador Splitter 2 Salidas - 2x Hembra Hd15 - Mod.<\/title>\n<meta name=\"description\" content=\"Compra Vgaspl1vv Cable De 30cm Duplicador Divisor De Video Vga De 2 Puertos - Multiplicador Splitter 2 Salidas - 2x Hembra Hd15 - Mod. + Env\u00edo a domicilio + Pago seguro + Garant\u00eda\" \/>\n<meta name=\"robots\" content=\"index, follow, max-snippet:-1, max-image-preview:large, max-video-preview:-1\" \/>\n<link rel=\"canonical\" href=\"https:\/\/compuviper.mx\/tienda\/producto\/startech-com-vgaspl1vv-cable-de-30cm-duplicador-divisor-de-video-vga-de-2-puertos-multiplicador-splitter-2-salidas-2x-hembra-hd15-mod\/\" \/>\n<meta property=\"og:locale\" content=\"es_MX\" \/>\n<meta property=\"og:type\" content=\"article\" \/>\n<meta property=\"og:title\" content=\"[ Startech.com ] &#129351; Vgaspl1vv Cable De 30cm Duplicador Divisor De Video Vga De 2 Puertos - Multiplicador Splitter 2 Salidas - 2x Hembra Hd15 - Mod.\" \/>\n<meta property=\"og:description\" content=\"Compra Vgaspl1vv Cable De 30cm Duplicador Divisor De Video Vga De 2 Puertos - Multiplicador Splitter 2 Salidas - 2x Hembra Hd15 - Mod. + Env\u00edo a domicilio + Pago seguro + Garant\u00eda\" \/>\n<meta property=\"og:url\" content=\"https:\/\/compuviper.mx\/tienda\/producto\/startech-com-vgaspl1vv-cable-de-30cm-duplicador-divisor-de-video-vga-de-2-puertos-multiplicador-splitter-2-salidas-2x-hembra-hd15-mod\/\" \/>\n<meta property=\"og:site_name\" content=\"Compuviper\" \/>\n<meta property=\"article:publisher\" content=\"https:\/\/www.facebook.com\/compuviper\" \/>\n<meta property=\"article:modified_time\" content=\"2026-04-11T05:37:53+00:00\" \/>\n<meta property=\"og:image\" content=\"https:\/\/compuviper.mx\/tienda\/wp-content\/uploads\/2023\/12\/Cable-de-30cm-duplicador-divisor-de-video-vga-de-2-puertos-multiplicador-splitter-2-salidas-2x-hembra-hd15-startech.com-mod.-vgaspl1vv.jpg\" \/>\n\t<meta property=\"og:image:width\" content=\"200\" \/>\n\t<meta property=\"og:image:height\" content=\"200\" \/>\n\t<meta property=\"og:image:type\" content=\"image\/jpeg\" \/>\n<meta name=\"twitter:card\" content=\"summary_large_image\" \/>\n<meta name=\"twitter:label1\" content=\"Precio\" \/>\n\t<meta name=\"twitter:data1\" content=\"&#36;306 con IVA\" \/>\n\t<meta name=\"twitter:label2\" content=\"Availability\" \/>\n\t<meta name=\"twitter:data2\" content=\"Out of stock\" \/>\n<script type=\"application\/ld+json\" class=\"yoast-schema-graph\">{\"@context\":\"https:\/\/schema.org\",\"@graph\":[{\"@type\":\"WebPage\",\"@id\":\"https:\/\/compuviper.mx\/tienda\/producto\/startech-com-vgaspl1vv-cable-de-30cm-duplicador-divisor-de-video-vga-de-2-puertos-multiplicador-splitter-2-salidas-2x-hembra-hd15-mod\/\",\"url\":\"https:\/\/compuviper.mx\/tienda\/producto\/startech-com-vgaspl1vv-cable-de-30cm-duplicador-divisor-de-video-vga-de-2-puertos-multiplicador-splitter-2-salidas-2x-hembra-hd15-mod\/\",\"name\":\"[ Startech.com ] &#129351; Vgaspl1vv Cable De 30cm Duplicador Divisor De Video Vga De 2 Puertos - Multiplicador Splitter 2 Salidas - 2x Hembra Hd15 - Mod.\",\"isPartOf\":{\"@id\":\"https:\/\/compuviper.mx\/tienda\/#website\"},\"datePublished\":\"2026-04-11T05:37:52+00:00\",\"dateModified\":\"2026-04-11T05:37:53+00:00\",\"description\":\"Compra Vgaspl1vv Cable De 30cm Duplicador Divisor De Video Vga De 2 Puertos - Multiplicador Splitter 2 Salidas - 2x Hembra Hd15 - Mod. + Env\u00edo a domicilio + Pago seguro + Garant\u00eda\",\"breadcrumb\":{\"@id\":\"https:\/\/compuviper.mx\/tienda\/producto\/startech-com-vgaspl1vv-cable-de-30cm-duplicador-divisor-de-video-vga-de-2-puertos-multiplicador-splitter-2-salidas-2x-hembra-hd15-mod\/#breadcrumb\"},\"inLanguage\":\"es-MX\",\"potentialAction\":[{\"@type\":\"ReadAction\",\"target\":[\"https:\/\/compuviper.mx\/tienda\/producto\/startech-com-vgaspl1vv-cable-de-30cm-duplicador-divisor-de-video-vga-de-2-puertos-multiplicador-splitter-2-salidas-2x-hembra-hd15-mod\/\"]}]},{\"@type\":\"BreadcrumbList\",\"@id\":\"https:\/\/compuviper.mx\/tienda\/producto\/startech-com-vgaspl1vv-cable-de-30cm-duplicador-divisor-de-video-vga-de-2-puertos-multiplicador-splitter-2-salidas-2x-hembra-hd15-mod\/#breadcrumb\",\"itemListElement\":[{\"@type\":\"ListItem\",\"position\":1,\"name\":\"Inicio\",\"item\":\"https:\/\/compuviper.mx\/tienda\/\"},{\"@type\":\"ListItem\",\"position\":2,\"name\":\"Productos\",\"item\":\"https:\/\/compuviper.mx\/tienda\/productos\/\"},{\"@type\":\"ListItem\",\"position\":3,\"name\":\"Cables\",\"item\":\"https:\/\/compuviper.mx\/tienda\/categoria-producto\/cables\/\"},{\"@type\":\"ListItem\",\"position\":4,\"name\":\"Cable De Video\",\"item\":\"https:\/\/compuviper.mx\/tienda\/categoria-producto\/cables\/cable-de-video\/\"},{\"@type\":\"ListItem\",\"position\":5,\"name\":\"Startech.com Vgaspl1vv Cable De 30cm Duplicador Divisor De Video Vga De 2 Puertos &#8211; Multiplicador Splitter 2 Salidas &#8211; 2x Hembra Hd15 &#8211; Mod.\"}]},{\"@type\":\"WebSite\",\"@id\":\"https:\/\/compuviper.mx\/tienda\/#website\",\"url\":\"https:\/\/compuviper.mx\/tienda\/\",\"name\":\"Compuviper\",\"description\":\"Proveedor de Computadoras, Laptops, Servidores, Monitores, Puntos de Venta, Teclados,   Impresoras, T\u00f3ner, C\u00e1maras de Seguridad y m\u00e1s en tu tienda en l\u00ednea\",\"publisher\":{\"@id\":\"https:\/\/compuviper.mx\/tienda\/#organization\"},\"potentialAction\":[{\"@type\":\"SearchAction\",\"target\":{\"@type\":\"EntryPoint\",\"urlTemplate\":\"https:\/\/compuviper.mx\/tienda\/?s={search_term_string}\"},\"query-input\":\"required name=search_term_string\"}],\"inLanguage\":\"es-MX\"},{\"@type\":\"Organization\",\"@id\":\"https:\/\/compuviper.mx\/tienda\/#organization\",\"name\":\"Compuviper\",\"url\":\"https:\/\/compuviper.mx\/tienda\/\",\"logo\":{\"@type\":\"ImageObject\",\"inLanguage\":\"es-MX\",\"@id\":\"https:\/\/compuviper.mx\/tienda\/#\/schema\/logo\/image\/\",\"url\":\"https:\/\/compuviper.mx\/tienda\/wp-content\/uploads\/2021\/08\/Logo-Compuviper-10.png\",\"contentUrl\":\"https:\/\/compuviper.mx\/tienda\/wp-content\/uploads\/2021\/08\/Logo-Compuviper-10.png\",\"width\":1000,\"height\":500,\"caption\":\"Compuviper\"},\"image\":{\"@id\":\"https:\/\/compuviper.mx\/tienda\/#\/schema\/logo\/image\/\"},\"sameAs\":[\"https:\/\/www.facebook.com\/compuviper\",\"https:\/\/www.youtube.com\/channel\/UCf73dERp9Y3cfOq7q8BhLjA?view_as=subscriber\"]}]}<\/script>\n<meta property=\"product:brand\" content=\"STARTECH.COM\" \/>\n<meta property=\"product:price:amount\" content=\"306\" \/>\n<meta property=\"product:price:currency\" content=\"MXN\" \/>\n<meta property=\"og:availability\" content=\"out of stock\" \/>\n<meta property=\"product:availability\" content=\"out of stock\" \/>\n<meta property=\"product:retailer_item_id\" content=\"VGASPL1VV\" \/>\n<meta property=\"product:condition\" content=\"new\" \/>\n<!-- \/ Yoast SEO plugin. -->","yoast_head_json":{"title":"[ Startech.com ] &#129351; Vgaspl1vv Cable De 30cm Duplicador Divisor De Video Vga De 2 Puertos - Multiplicador Splitter 2 Salidas - 2x Hembra Hd15 - Mod.","description":"Compra Vgaspl1vv Cable De 30cm Duplicador Divisor De Video Vga De 2 Puertos - Multiplicador Splitter 2 Salidas - 2x Hembra Hd15 - Mod. + Env\u00edo a domicilio + Pago seguro + Garant\u00eda","robots":{"index":"index","follow":"follow","max-snippet":"max-snippet:-1","max-image-preview":"max-image-preview:large","max-video-preview":"max-video-preview:-1"},"canonical":"https:\/\/compuviper.mx\/tienda\/producto\/startech-com-vgaspl1vv-cable-de-30cm-duplicador-divisor-de-video-vga-de-2-puertos-multiplicador-splitter-2-salidas-2x-hembra-hd15-mod\/","og_locale":"es_MX","og_type":"article","og_title":"[ Startech.com ] &#129351; Vgaspl1vv Cable De 30cm Duplicador Divisor De Video Vga De 2 Puertos - Multiplicador Splitter 2 Salidas - 2x Hembra Hd15 - Mod.","og_description":"Compra Vgaspl1vv Cable De 30cm Duplicador Divisor De Video Vga De 2 Puertos - Multiplicador Splitter 2 Salidas - 2x Hembra Hd15 - Mod. + Env\u00edo a domicilio + Pago seguro + Garant\u00eda","og_url":"https:\/\/compuviper.mx\/tienda\/producto\/startech-com-vgaspl1vv-cable-de-30cm-duplicador-divisor-de-video-vga-de-2-puertos-multiplicador-splitter-2-salidas-2x-hembra-hd15-mod\/","og_site_name":"Compuviper","article_publisher":"https:\/\/www.facebook.com\/compuviper","article_modified_time":"2026-04-11T05:37:53+00:00","og_image":[{"width":200,"height":200,"url":"https:\/\/compuviper.mx\/tienda\/wp-content\/uploads\/2023\/12\/Cable-de-30cm-duplicador-divisor-de-video-vga-de-2-puertos-multiplicador-splitter-2-salidas-2x-hembra-hd15-startech.com-mod.-vgaspl1vv.jpg","type":"image\/jpeg"}],"twitter_card":"summary_large_image","twitter_misc":{"Precio":"&#36;306 con IVA","Availability":"Out of stock"},"schema":{"@context":"https:\/\/schema.org","@graph":[{"@type":"WebPage","@id":"https:\/\/compuviper.mx\/tienda\/producto\/startech-com-vgaspl1vv-cable-de-30cm-duplicador-divisor-de-video-vga-de-2-puertos-multiplicador-splitter-2-salidas-2x-hembra-hd15-mod\/","url":"https:\/\/compuviper.mx\/tienda\/producto\/startech-com-vgaspl1vv-cable-de-30cm-duplicador-divisor-de-video-vga-de-2-puertos-multiplicador-splitter-2-salidas-2x-hembra-hd15-mod\/","name":"[ Startech.com ] &#129351; Vgaspl1vv Cable De 30cm Duplicador Divisor De Video Vga De 2 Puertos - Multiplicador Splitter 2 Salidas - 2x Hembra Hd15 - Mod.","isPartOf":{"@id":"https:\/\/compuviper.mx\/tienda\/#website"},"datePublished":"2026-04-11T05:37:52+00:00","dateModified":"2026-04-11T05:37:53+00:00","description":"Compra Vgaspl1vv Cable De 30cm Duplicador Divisor De Video Vga De 2 Puertos - Multiplicador Splitter 2 Salidas - 2x Hembra Hd15 - Mod. + Env\u00edo a domicilio + Pago seguro + Garant\u00eda","breadcrumb":{"@id":"https:\/\/compuviper.mx\/tienda\/producto\/startech-com-vgaspl1vv-cable-de-30cm-duplicador-divisor-de-video-vga-de-2-puertos-multiplicador-splitter-2-salidas-2x-hembra-hd15-mod\/#breadcrumb"},"inLanguage":"es-MX","potentialAction":[{"@type":"ReadAction","target":["https:\/\/compuviper.mx\/tienda\/producto\/startech-com-vgaspl1vv-cable-de-30cm-duplicador-divisor-de-video-vga-de-2-puertos-multiplicador-splitter-2-salidas-2x-hembra-hd15-mod\/"]}]},{"@type":"BreadcrumbList","@id":"https:\/\/compuviper.mx\/tienda\/producto\/startech-com-vgaspl1vv-cable-de-30cm-duplicador-divisor-de-video-vga-de-2-puertos-multiplicador-splitter-2-salidas-2x-hembra-hd15-mod\/#breadcrumb","itemListElement":[{"@type":"ListItem","position":1,"name":"Inicio","item":"https:\/\/compuviper.mx\/tienda\/"},{"@type":"ListItem","position":2,"name":"Productos","item":"https:\/\/compuviper.mx\/tienda\/productos\/"},{"@type":"ListItem","position":3,"name":"Cables","item":"https:\/\/compuviper.mx\/tienda\/categoria-producto\/cables\/"},{"@type":"ListItem","position":4,"name":"Cable De Video","item":"https:\/\/compuviper.mx\/tienda\/categoria-producto\/cables\/cable-de-video\/"},{"@type":"ListItem","position":5,"name":"Startech.com Vgaspl1vv Cable De 30cm Duplicador Divisor De Video Vga De 2 Puertos &#8211; Multiplicador Splitter 2 Salidas &#8211; 2x Hembra Hd15 &#8211; Mod."}]},{"@type":"WebSite","@id":"https:\/\/compuviper.mx\/tienda\/#website","url":"https:\/\/compuviper.mx\/tienda\/","name":"Compuviper","description":"Proveedor de Computadoras, Laptops, Servidores, Monitores, Puntos de Venta, Teclados,   Impresoras, T\u00f3ner, C\u00e1maras de Seguridad y m\u00e1s en tu tienda en l\u00ednea","publisher":{"@id":"https:\/\/compuviper.mx\/tienda\/#organization"},"potentialAction":[{"@type":"SearchAction","target":{"@type":"EntryPoint","urlTemplate":"https:\/\/compuviper.mx\/tienda\/?s={search_term_string}"},"query-input":"required name=search_term_string"}],"inLanguage":"es-MX"},{"@type":"Organization","@id":"https:\/\/compuviper.mx\/tienda\/#organization","name":"Compuviper","url":"https:\/\/compuviper.mx\/tienda\/","logo":{"@type":"ImageObject","inLanguage":"es-MX","@id":"https:\/\/compuviper.mx\/tienda\/#\/schema\/logo\/image\/","url":"https:\/\/compuviper.mx\/tienda\/wp-content\/uploads\/2021\/08\/Logo-Compuviper-10.png","contentUrl":"https:\/\/compuviper.mx\/tienda\/wp-content\/uploads\/2021\/08\/Logo-Compuviper-10.png","width":1000,"height":500,"caption":"Compuviper"},"image":{"@id":"https:\/\/compuviper.mx\/tienda\/#\/schema\/logo\/image\/"},"sameAs":["https:\/\/www.facebook.com\/compuviper","https:\/\/www.youtube.com\/channel\/UCf73dERp9Y3cfOq7q8BhLjA?view_as=subscriber"]}]},"product_brand":"STARTECH.COM","product_price_amount":"306","product_price_currency":"MXN","og_availability":"out of stock","product_availability":"out of stock","product_retailer_item_id":"VGASPL1VV","product_condition":"new"},"_links":{"self":[{"href":"https:\/\/compuviper.mx\/tienda\/wp-json\/wp\/v2\/product\/213582"}],"collection":[{"href":"https:\/\/compuviper.mx\/tienda\/wp-json\/wp\/v2\/product"}],"about":[{"href":"https:\/\/compuviper.mx\/tienda\/wp-json\/wp\/v2\/types\/product"}],"replies":[{"embeddable":true,"href":"https:\/\/compuviper.mx\/tienda\/wp-json\/wp\/v2\/comments?post=213582"}],"wp:featuredmedia":[{"embeddable":true,"href":"https:\/\/compuviper.mx\/tienda\/wp-json\/wp\/v2\/media\/213583"}],"wp:attachment":[{"href":"https:\/\/compuviper.mx\/tienda\/wp-json\/wp\/v2\/media?parent=213582"}],"wp:term":[{"taxonomy":"product_cat","embeddable":true,"href":"https:\/\/compuviper.mx\/tienda\/wp-json\/wp\/v2\/product_cat?post=213582"},{"taxonomy":"product_tag","embeddable":true,"href":"https:\/\/compuviper.mx\/tienda\/wp-json\/wp\/v2\/product_tag?post=213582"}],"curies":[{"name":"wp","href":"https:\/\/api.w.org\/{rel}","templated":true}]}}