{"id":213552,"date":"2026-04-10T23:37:44","date_gmt":"2026-04-11T05:37:44","guid":{"rendered":"https:\/\/compuviper.mx\/tienda\/producto\/startech-com-mxt1003mbk-cable-de-3m-de-extension-directo-straight-through-serial-rs232-video-pantalla-ega-db9-macho-a-hembra-extensor-negro-mod\/"},"modified":"2026-04-10T23:37:44","modified_gmt":"2026-04-11T05:37:44","slug":"startech-com-mxt1003mbk-cable-de-3m-de-extension-directo-straight-through-serial-rs232-video-pantalla-ega-db9-macho-a-hembra-extensor-negro-mod","status":"publish","type":"product","link":"https:\/\/compuviper.mx\/tienda\/producto\/startech-com-mxt1003mbk-cable-de-3m-de-extension-directo-straight-through-serial-rs232-video-pantalla-ega-db9-macho-a-hembra-extensor-negro-mod\/","title":{"rendered":"Startech.com Mxt1003mbk Cable De 3m De Extension Directo Straight Through Serial Rs232 Video Pantalla Ega Db9 Macho A Hembra &#8211; Extensor Negro &#8211;  Mod."},"content":{"rendered":"<table class=\"descripcion\">\n<tr>\n<td>Hardware<\/td>\n<\/tr>\n<tr>\n<td>Tipo de cable blindado : l\u00e1mina de aluminio mylar con drenaje<\/td>\n<\/tr>\n<tr>\n<td>Hardware<\/td>\n<\/tr>\n<tr>\n<td>Revestimiento del conector  : n\u00edquel<\/td>\n<\/tr>\n<tr>\n<td>Cable tipo jacket : pvc &#8211; polyvinyl chloride<\/td>\n<\/tr>\n<tr>\n<td>Contenido de la caja<\/td>\n<\/tr>\n<tr>\n<td>Incluido en la caja : cable negro serial de 3 m de conexi\u00f3n directa &#8211; db9 m\/h<\/td>\n<\/tr>\n<tr>\n<td>Conector(es)<\/td>\n<\/tr>\n<tr>\n<td>Conector b : db-9 (9 pines, d-sub)<\/td>\n<\/tr>\n<tr>\n<td>Conector a : db-9 (9 pines, d-sub)<\/td>\n<\/tr>\n<tr>\n<td>Caracter\u00edsticas f\u00edsicas<\/td>\n<\/tr>\n<tr>\n<td>Peso del producto : 148 g<\/td>\n<\/tr>\n<tr>\n<td>Longitud del producto : 3 m<\/td>\n<\/tr>\n<tr>\n<td>Longitud del cable : 3 m<\/td>\n<\/tr>\n<tr>\n<td>Color : negro<\/td>\n<\/tr>\n<tr>\n<td>Calibre del conductor : 28 awg<\/td>\n<\/tr>\n<tr>\n<td>Ancho del producto : 33.000<\/td>\n<\/tr>\n<tr>\n<td>Altura del producto : 15.000<\/td>\n<\/tr>\n<\/table>\n","protected":false},"excerpt":{"rendered":"<p>El cable negro de extensi\u00f3n serial mxt1003mbk (3 m) incluye un conector db9 macho y un conector db9 hembra, lo cual permite una extensi\u00f3n de alta calidad de los dispositivos seriales rs232, para poder situar estos perif\u00e9ricos donde sea necesario. Con un dise\u00f1o realizado por expertos y fabricaci\u00f3n con materiales de la m\u00e1s alta calidad.<\/p>\n","protected":false},"featured_media":213553,"comment_status":"open","ping_status":"open","template":"","meta":[],"product_cat":[1549,1605],"product_tag":[1590],"acf":[],"yoast_head":"<!-- This site is optimized with the Yoast SEO plugin v21.7 - https:\/\/yoast.com\/wordpress\/plugins\/seo\/ -->\n<title>[ Startech.com ] &#129351; Mxt1003mbk Cable De 3m De Extension Directo Straight Through Serial Rs232 Video Pantalla Ega Db9 Macho A Hembra - Extensor Negro - Mod.<\/title>\n<meta name=\"description\" content=\"Compra Mxt1003mbk Cable De 3m De Extension Directo Straight Through Serial Rs232 Video Pantalla Ega Db9 Macho A Hembra - Extensor Negro - Mod. + Env\u00edo a domicilio + Pago seguro + Garant\u00eda\" \/>\n<meta name=\"robots\" content=\"index, follow, max-snippet:-1, max-image-preview:large, max-video-preview:-1\" \/>\n<link rel=\"canonical\" href=\"https:\/\/compuviper.mx\/tienda\/producto\/startech-com-mxt1003mbk-cable-de-3m-de-extension-directo-straight-through-serial-rs232-video-pantalla-ega-db9-macho-a-hembra-extensor-negro-mod\/\" \/>\n<meta property=\"og:locale\" content=\"es_MX\" \/>\n<meta property=\"og:type\" content=\"article\" \/>\n<meta property=\"og:title\" content=\"[ Startech.com ] &#129351; Mxt1003mbk Cable De 3m De Extension Directo Straight Through Serial Rs232 Video Pantalla Ega Db9 Macho A Hembra - Extensor Negro - Mod.\" \/>\n<meta property=\"og:description\" content=\"Compra Mxt1003mbk Cable De 3m De Extension Directo Straight Through Serial Rs232 Video Pantalla Ega Db9 Macho A Hembra - Extensor Negro - Mod. + Env\u00edo a domicilio + Pago seguro + Garant\u00eda\" \/>\n<meta property=\"og:url\" content=\"https:\/\/compuviper.mx\/tienda\/producto\/startech-com-mxt1003mbk-cable-de-3m-de-extension-directo-straight-through-serial-rs232-video-pantalla-ega-db9-macho-a-hembra-extensor-negro-mod\/\" \/>\n<meta property=\"og:site_name\" content=\"Compuviper\" \/>\n<meta property=\"article:publisher\" content=\"https:\/\/www.facebook.com\/compuviper\" \/>\n<meta property=\"og:image\" content=\"https:\/\/compuviper.mx\/tienda\/wp-content\/uploads\/2023\/12\/Cable-de-3m-de-extension-directo-straight-through-serial-rs232-video-pantalla-ega-db9-macho-a-hembra-extensor-negro-startech.com-mod.-mxt1003mbk.jpg\" \/>\n\t<meta property=\"og:image:width\" content=\"200\" \/>\n\t<meta property=\"og:image:height\" content=\"200\" \/>\n\t<meta property=\"og:image:type\" content=\"image\/jpeg\" \/>\n<meta name=\"twitter:card\" content=\"summary_large_image\" \/>\n<meta name=\"twitter:label1\" content=\"Precio\" \/>\n\t<meta name=\"twitter:data1\" content=\"&#36;115 con IVA\" \/>\n\t<meta name=\"twitter:label2\" content=\"Availability\" \/>\n\t<meta name=\"twitter:data2\" content=\"Out of stock\" \/>\n<script type=\"application\/ld+json\" class=\"yoast-schema-graph\">{\"@context\":\"https:\/\/schema.org\",\"@graph\":[{\"@type\":\"WebPage\",\"@id\":\"https:\/\/compuviper.mx\/tienda\/producto\/startech-com-mxt1003mbk-cable-de-3m-de-extension-directo-straight-through-serial-rs232-video-pantalla-ega-db9-macho-a-hembra-extensor-negro-mod\/\",\"url\":\"https:\/\/compuviper.mx\/tienda\/producto\/startech-com-mxt1003mbk-cable-de-3m-de-extension-directo-straight-through-serial-rs232-video-pantalla-ega-db9-macho-a-hembra-extensor-negro-mod\/\",\"name\":\"[ Startech.com ] &#129351; Mxt1003mbk Cable De 3m De Extension Directo Straight Through Serial Rs232 Video Pantalla Ega Db9 Macho A Hembra - Extensor Negro - Mod.\",\"isPartOf\":{\"@id\":\"https:\/\/compuviper.mx\/tienda\/#website\"},\"datePublished\":\"2026-04-11T05:37:44+00:00\",\"dateModified\":\"2026-04-11T05:37:44+00:00\",\"description\":\"Compra Mxt1003mbk Cable De 3m De Extension Directo Straight Through Serial Rs232 Video Pantalla Ega Db9 Macho A Hembra - Extensor Negro - Mod. + Env\u00edo a domicilio + Pago seguro + Garant\u00eda\",\"breadcrumb\":{\"@id\":\"https:\/\/compuviper.mx\/tienda\/producto\/startech-com-mxt1003mbk-cable-de-3m-de-extension-directo-straight-through-serial-rs232-video-pantalla-ega-db9-macho-a-hembra-extensor-negro-mod\/#breadcrumb\"},\"inLanguage\":\"es-MX\",\"potentialAction\":[{\"@type\":\"ReadAction\",\"target\":[\"https:\/\/compuviper.mx\/tienda\/producto\/startech-com-mxt1003mbk-cable-de-3m-de-extension-directo-straight-through-serial-rs232-video-pantalla-ega-db9-macho-a-hembra-extensor-negro-mod\/\"]}]},{\"@type\":\"BreadcrumbList\",\"@id\":\"https:\/\/compuviper.mx\/tienda\/producto\/startech-com-mxt1003mbk-cable-de-3m-de-extension-directo-straight-through-serial-rs232-video-pantalla-ega-db9-macho-a-hembra-extensor-negro-mod\/#breadcrumb\",\"itemListElement\":[{\"@type\":\"ListItem\",\"position\":1,\"name\":\"Inicio\",\"item\":\"https:\/\/compuviper.mx\/tienda\/\"},{\"@type\":\"ListItem\",\"position\":2,\"name\":\"Productos\",\"item\":\"https:\/\/compuviper.mx\/tienda\/productos\/\"},{\"@type\":\"ListItem\",\"position\":3,\"name\":\"Cables\",\"item\":\"https:\/\/compuviper.mx\/tienda\/categoria-producto\/cables\/\"},{\"@type\":\"ListItem\",\"position\":4,\"name\":\"Cable Usb\",\"item\":\"https:\/\/compuviper.mx\/tienda\/categoria-producto\/cables\/cable-usb\/\"},{\"@type\":\"ListItem\",\"position\":5,\"name\":\"Startech.com Mxt1003mbk Cable De 3m De Extension Directo Straight Through Serial Rs232 Video Pantalla Ega Db9 Macho A Hembra &#8211; Extensor Negro &#8211; Mod.\"}]},{\"@type\":\"WebSite\",\"@id\":\"https:\/\/compuviper.mx\/tienda\/#website\",\"url\":\"https:\/\/compuviper.mx\/tienda\/\",\"name\":\"Compuviper\",\"description\":\"Proveedor de Computadoras, Laptops, Servidores, Monitores, Puntos de Venta, Teclados,   Impresoras, T\u00f3ner, C\u00e1maras de Seguridad y m\u00e1s en tu tienda en l\u00ednea\",\"publisher\":{\"@id\":\"https:\/\/compuviper.mx\/tienda\/#organization\"},\"potentialAction\":[{\"@type\":\"SearchAction\",\"target\":{\"@type\":\"EntryPoint\",\"urlTemplate\":\"https:\/\/compuviper.mx\/tienda\/?s={search_term_string}\"},\"query-input\":\"required name=search_term_string\"}],\"inLanguage\":\"es-MX\"},{\"@type\":\"Organization\",\"@id\":\"https:\/\/compuviper.mx\/tienda\/#organization\",\"name\":\"Compuviper\",\"url\":\"https:\/\/compuviper.mx\/tienda\/\",\"logo\":{\"@type\":\"ImageObject\",\"inLanguage\":\"es-MX\",\"@id\":\"https:\/\/compuviper.mx\/tienda\/#\/schema\/logo\/image\/\",\"url\":\"https:\/\/compuviper.mx\/tienda\/wp-content\/uploads\/2021\/08\/Logo-Compuviper-10.png\",\"contentUrl\":\"https:\/\/compuviper.mx\/tienda\/wp-content\/uploads\/2021\/08\/Logo-Compuviper-10.png\",\"width\":1000,\"height\":500,\"caption\":\"Compuviper\"},\"image\":{\"@id\":\"https:\/\/compuviper.mx\/tienda\/#\/schema\/logo\/image\/\"},\"sameAs\":[\"https:\/\/www.facebook.com\/compuviper\",\"https:\/\/www.youtube.com\/channel\/UCf73dERp9Y3cfOq7q8BhLjA?view_as=subscriber\"]}]}<\/script>\n<meta property=\"product:brand\" content=\"STARTECH.COM\" \/>\n<meta property=\"product:price:amount\" content=\"115\" \/>\n<meta property=\"product:price:currency\" content=\"MXN\" \/>\n<meta property=\"og:availability\" content=\"out of stock\" \/>\n<meta property=\"product:availability\" content=\"out of stock\" \/>\n<meta property=\"product:retailer_item_id\" content=\"MXT1003MBK\" \/>\n<meta property=\"product:condition\" content=\"new\" \/>\n<!-- \/ Yoast SEO plugin. -->","yoast_head_json":{"title":"[ Startech.com ] &#129351; Mxt1003mbk Cable De 3m De Extension Directo Straight Through Serial Rs232 Video Pantalla Ega Db9 Macho A Hembra - Extensor Negro - Mod.","description":"Compra Mxt1003mbk Cable De 3m De Extension Directo Straight Through Serial Rs232 Video Pantalla Ega Db9 Macho A Hembra - Extensor Negro - Mod. + Env\u00edo a domicilio + Pago seguro + Garant\u00eda","robots":{"index":"index","follow":"follow","max-snippet":"max-snippet:-1","max-image-preview":"max-image-preview:large","max-video-preview":"max-video-preview:-1"},"canonical":"https:\/\/compuviper.mx\/tienda\/producto\/startech-com-mxt1003mbk-cable-de-3m-de-extension-directo-straight-through-serial-rs232-video-pantalla-ega-db9-macho-a-hembra-extensor-negro-mod\/","og_locale":"es_MX","og_type":"article","og_title":"[ Startech.com ] &#129351; Mxt1003mbk Cable De 3m De Extension Directo Straight Through Serial Rs232 Video Pantalla Ega Db9 Macho A Hembra - Extensor Negro - Mod.","og_description":"Compra Mxt1003mbk Cable De 3m De Extension Directo Straight Through Serial Rs232 Video Pantalla Ega Db9 Macho A Hembra - Extensor Negro - Mod. + Env\u00edo a domicilio + Pago seguro + Garant\u00eda","og_url":"https:\/\/compuviper.mx\/tienda\/producto\/startech-com-mxt1003mbk-cable-de-3m-de-extension-directo-straight-through-serial-rs232-video-pantalla-ega-db9-macho-a-hembra-extensor-negro-mod\/","og_site_name":"Compuviper","article_publisher":"https:\/\/www.facebook.com\/compuviper","og_image":[{"width":200,"height":200,"url":"https:\/\/compuviper.mx\/tienda\/wp-content\/uploads\/2023\/12\/Cable-de-3m-de-extension-directo-straight-through-serial-rs232-video-pantalla-ega-db9-macho-a-hembra-extensor-negro-startech.com-mod.-mxt1003mbk.jpg","type":"image\/jpeg"}],"twitter_card":"summary_large_image","twitter_misc":{"Precio":"&#36;115 con IVA","Availability":"Out of stock"},"schema":{"@context":"https:\/\/schema.org","@graph":[{"@type":"WebPage","@id":"https:\/\/compuviper.mx\/tienda\/producto\/startech-com-mxt1003mbk-cable-de-3m-de-extension-directo-straight-through-serial-rs232-video-pantalla-ega-db9-macho-a-hembra-extensor-negro-mod\/","url":"https:\/\/compuviper.mx\/tienda\/producto\/startech-com-mxt1003mbk-cable-de-3m-de-extension-directo-straight-through-serial-rs232-video-pantalla-ega-db9-macho-a-hembra-extensor-negro-mod\/","name":"[ Startech.com ] &#129351; Mxt1003mbk Cable De 3m De Extension Directo Straight Through Serial Rs232 Video Pantalla Ega Db9 Macho A Hembra - Extensor Negro - Mod.","isPartOf":{"@id":"https:\/\/compuviper.mx\/tienda\/#website"},"datePublished":"2026-04-11T05:37:44+00:00","dateModified":"2026-04-11T05:37:44+00:00","description":"Compra Mxt1003mbk Cable De 3m De Extension Directo Straight Through Serial Rs232 Video Pantalla Ega Db9 Macho A Hembra - Extensor Negro - Mod. + Env\u00edo a domicilio + Pago seguro + Garant\u00eda","breadcrumb":{"@id":"https:\/\/compuviper.mx\/tienda\/producto\/startech-com-mxt1003mbk-cable-de-3m-de-extension-directo-straight-through-serial-rs232-video-pantalla-ega-db9-macho-a-hembra-extensor-negro-mod\/#breadcrumb"},"inLanguage":"es-MX","potentialAction":[{"@type":"ReadAction","target":["https:\/\/compuviper.mx\/tienda\/producto\/startech-com-mxt1003mbk-cable-de-3m-de-extension-directo-straight-through-serial-rs232-video-pantalla-ega-db9-macho-a-hembra-extensor-negro-mod\/"]}]},{"@type":"BreadcrumbList","@id":"https:\/\/compuviper.mx\/tienda\/producto\/startech-com-mxt1003mbk-cable-de-3m-de-extension-directo-straight-through-serial-rs232-video-pantalla-ega-db9-macho-a-hembra-extensor-negro-mod\/#breadcrumb","itemListElement":[{"@type":"ListItem","position":1,"name":"Inicio","item":"https:\/\/compuviper.mx\/tienda\/"},{"@type":"ListItem","position":2,"name":"Productos","item":"https:\/\/compuviper.mx\/tienda\/productos\/"},{"@type":"ListItem","position":3,"name":"Cables","item":"https:\/\/compuviper.mx\/tienda\/categoria-producto\/cables\/"},{"@type":"ListItem","position":4,"name":"Cable Usb","item":"https:\/\/compuviper.mx\/tienda\/categoria-producto\/cables\/cable-usb\/"},{"@type":"ListItem","position":5,"name":"Startech.com Mxt1003mbk Cable De 3m De Extension Directo Straight Through Serial Rs232 Video Pantalla Ega Db9 Macho A Hembra &#8211; Extensor Negro &#8211; Mod."}]},{"@type":"WebSite","@id":"https:\/\/compuviper.mx\/tienda\/#website","url":"https:\/\/compuviper.mx\/tienda\/","name":"Compuviper","description":"Proveedor de Computadoras, Laptops, Servidores, Monitores, Puntos de Venta, Teclados,   Impresoras, T\u00f3ner, C\u00e1maras de Seguridad y m\u00e1s en tu tienda en l\u00ednea","publisher":{"@id":"https:\/\/compuviper.mx\/tienda\/#organization"},"potentialAction":[{"@type":"SearchAction","target":{"@type":"EntryPoint","urlTemplate":"https:\/\/compuviper.mx\/tienda\/?s={search_term_string}"},"query-input":"required name=search_term_string"}],"inLanguage":"es-MX"},{"@type":"Organization","@id":"https:\/\/compuviper.mx\/tienda\/#organization","name":"Compuviper","url":"https:\/\/compuviper.mx\/tienda\/","logo":{"@type":"ImageObject","inLanguage":"es-MX","@id":"https:\/\/compuviper.mx\/tienda\/#\/schema\/logo\/image\/","url":"https:\/\/compuviper.mx\/tienda\/wp-content\/uploads\/2021\/08\/Logo-Compuviper-10.png","contentUrl":"https:\/\/compuviper.mx\/tienda\/wp-content\/uploads\/2021\/08\/Logo-Compuviper-10.png","width":1000,"height":500,"caption":"Compuviper"},"image":{"@id":"https:\/\/compuviper.mx\/tienda\/#\/schema\/logo\/image\/"},"sameAs":["https:\/\/www.facebook.com\/compuviper","https:\/\/www.youtube.com\/channel\/UCf73dERp9Y3cfOq7q8BhLjA?view_as=subscriber"]}]},"product_brand":"STARTECH.COM","product_price_amount":"115","product_price_currency":"MXN","og_availability":"out of stock","product_availability":"out of stock","product_retailer_item_id":"MXT1003MBK","product_condition":"new"},"_links":{"self":[{"href":"https:\/\/compuviper.mx\/tienda\/wp-json\/wp\/v2\/product\/213552"}],"collection":[{"href":"https:\/\/compuviper.mx\/tienda\/wp-json\/wp\/v2\/product"}],"about":[{"href":"https:\/\/compuviper.mx\/tienda\/wp-json\/wp\/v2\/types\/product"}],"replies":[{"embeddable":true,"href":"https:\/\/compuviper.mx\/tienda\/wp-json\/wp\/v2\/comments?post=213552"}],"wp:featuredmedia":[{"embeddable":true,"href":"https:\/\/compuviper.mx\/tienda\/wp-json\/wp\/v2\/media\/213553"}],"wp:attachment":[{"href":"https:\/\/compuviper.mx\/tienda\/wp-json\/wp\/v2\/media?parent=213552"}],"wp:term":[{"taxonomy":"product_cat","embeddable":true,"href":"https:\/\/compuviper.mx\/tienda\/wp-json\/wp\/v2\/product_cat?post=213552"},{"taxonomy":"product_tag","embeddable":true,"href":"https:\/\/compuviper.mx\/tienda\/wp-json\/wp\/v2\/product_tag?post=213552"}],"curies":[{"name":"wp","href":"https:\/\/api.w.org\/{rel}","templated":true}]}}