{"id":213548,"date":"2026-04-10T23:37:43","date_gmt":"2026-04-11T05:37:43","guid":{"rendered":"https:\/\/compuviper.mx\/tienda\/producto\/startech-com-hdmm1mp-cable-hdmi-de-1m-premium-de-alta-velocidad-con-ethernet-4k-60hz-1m-cable-hdmi-certificado-premium-hdmi-2-0-mod\/"},"modified":"2026-04-10T23:37:43","modified_gmt":"2026-04-11T05:37:43","slug":"startech-com-hdmm1mp065030866996-cable-hdmi-de-1m-premium-de-alta-velocidad-con-ethernet-4k-60hz-1m-cable-hdmi-certificado-premium-hdmi-2-0-mod-hdmm1mp","status":"publish","type":"product","link":"https:\/\/compuviper.mx\/tienda\/producto\/startech-com-hdmm1mp065030866996-cable-hdmi-de-1m-premium-de-alta-velocidad-con-ethernet-4k-60hz-1m-cable-hdmi-certificado-premium-hdmi-2-0-mod-hdmm1mp\/","title":{"rendered":"Startech.com Hdmm1mp,065030866996 Cable Hdmi De 1m Premium De Alta Velocidad Con Ethernet &#8211; 4k 60hz &#8211; 1m &#8211; Cable Hdmi Certificado Premium &#8211; Hdmi 2.0 &#8211;  Mod. Hdmm1mp"},"content":{"rendered":"<table class=\"descripcion\">\n<tr>\n<td>Hardware<\/td>\n<\/tr>\n<tr>\n<td>Tipo de cable blindado: lamina de aluminio mylar con malla trenzada<\/td>\n<\/tr>\n<tr>\n<td>Rendimiento<\/td>\n<\/tr>\n<tr>\n<td>Especificaciones de audio: up to 32 audio channels with 1536hz sampling rate<\/td>\n<\/tr>\n<tr>\n<td>Hardware<\/td>\n<\/tr>\n<tr>\n<td>Revestimiento del conector: oro<\/td>\n<\/tr>\n<tr>\n<td>Cable tipo jacket: pvc &#8211; polyvinyl chloride<\/td>\n<\/tr>\n<tr>\n<td>Contenido de la caja<\/td>\n<\/tr>\n<tr>\n<td>Incluido en la caja: cable hdmi premium de alta velocidad de 1m<\/td>\n<\/tr>\n<tr>\n<td>Conectores<\/td>\n<\/tr>\n<tr>\n<td>Conector b: hdmi 19 pines<\/td>\n<\/tr>\n<tr>\n<td>Conector a: hdmi 19 pines<\/td>\n<\/tr>\n<tr>\n<td>Caracteristicas fisicas<\/td>\n<\/tr>\n<tr>\n<td>Peso: 79 g<\/td>\n<\/tr>\n<tr>\n<td>Longitud: 1 m<\/td>\n<\/tr>\n<tr>\n<td>Longitud del cable: 1 m<\/td>\n<\/tr>\n<tr>\n<td>Estilo de conector: recto<\/td>\n<\/tr>\n<tr>\n<td>Color: negro<\/td>\n<\/tr>\n<tr>\n<td>Calibre del conductor: 30 awg<\/td>\n<\/tr>\n<\/table>\n","protected":false},"excerpt":{"rendered":"<p>Este cable hdmi\u00a0de alta velocidad\u00a0de 1m, ha sido sometido a las pruebas correspondientes del programa de certificacion de cables hdmi premium. Esto garantiza que esta fabricado para ofrecer las funcionalidades tecnicas mas recientes que\u00a0estipulan las especificaciones sobre hdmi, incluidas las resoluciones mejoradas,\u00a0asi como la proteccion contra interferencias electromagneticas emi. Este cable es compatible con resoluciones de hasta 4k a 60hz\u00a03840x2160p y anchos de banda de 18gbps. Tambien es compatible con hdr high dynamic range, alto rango dinamico, lo cual ofrece relaciones de contraste mas altas y colores mas vivaces. Ademas, el cable tambien es compatible con hasta 32 canales de audio digital no comprimido que ofrecen un sonido impecable. El cable tambien es retrocompatible con las especificaciones hdmi y funcionara con todos sus dispositivos hdmi existentes.<\/p>\n","protected":false},"featured_media":213549,"comment_status":"open","ping_status":"open","template":"","meta":[],"product_cat":[1549,1550],"product_tag":[1590],"acf":[],"yoast_head":"<!-- This site is optimized with the Yoast SEO plugin v21.7 - https:\/\/yoast.com\/wordpress\/plugins\/seo\/ -->\n<title>[ Startech.com ] &#129351; Hdmm1mp,065030866996 Cable Hdmi De 1m Premium De Alta Velocidad Con Ethernet - 4k 60hz - 1m - Cable Hdmi Certificado Premium - Hdmi 2.0 - Mod. Hdmm1mp<\/title>\n<meta name=\"description\" content=\"Compra Hdmm1mp,065030866996 Cable Hdmi De 1m Premium De Alta Velocidad Con Ethernet - 4k 60hz - 1m - Cable Hdmi Certificado Premium - Hdmi 2.0 - Mod. Hdmm1mp + Env\u00edo a domicilio + Pago seguro + Garant\u00eda\" \/>\n<meta name=\"robots\" content=\"index, follow, max-snippet:-1, max-image-preview:large, max-video-preview:-1\" \/>\n<link rel=\"canonical\" href=\"https:\/\/compuviper.mx\/tienda\/producto\/startech-com-hdmm1mp065030866996-cable-hdmi-de-1m-premium-de-alta-velocidad-con-ethernet-4k-60hz-1m-cable-hdmi-certificado-premium-hdmi-2-0-mod-hdmm1mp\/\" \/>\n<meta property=\"og:locale\" content=\"es_MX\" \/>\n<meta property=\"og:type\" content=\"article\" \/>\n<meta property=\"og:title\" content=\"[ Startech.com ] &#129351; Hdmm1mp,065030866996 Cable Hdmi De 1m Premium De Alta Velocidad Con Ethernet - 4k 60hz - 1m - Cable Hdmi Certificado Premium - Hdmi 2.0 - Mod. Hdmm1mp\" \/>\n<meta property=\"og:description\" content=\"Compra Hdmm1mp,065030866996 Cable Hdmi De 1m Premium De Alta Velocidad Con Ethernet - 4k 60hz - 1m - Cable Hdmi Certificado Premium - Hdmi 2.0 - Mod. Hdmm1mp + Env\u00edo a domicilio + Pago seguro + Garant\u00eda\" \/>\n<meta property=\"og:url\" content=\"https:\/\/compuviper.mx\/tienda\/producto\/startech-com-hdmm1mp065030866996-cable-hdmi-de-1m-premium-de-alta-velocidad-con-ethernet-4k-60hz-1m-cable-hdmi-certificado-premium-hdmi-2-0-mod-hdmm1mp\/\" \/>\n<meta property=\"og:site_name\" content=\"Compuviper\" \/>\n<meta property=\"article:publisher\" content=\"https:\/\/www.facebook.com\/compuviper\" \/>\n<meta property=\"og:image\" content=\"https:\/\/compuviper.mx\/tienda\/wp-content\/uploads\/2023\/12\/Cable-hdmi-de-1m-premium-de-alta-velocidad-con-ethernet-4k-60hz-1m-cable-hdmi-certificado-premium-hdmi-2.0-startech.com-mod.-hdmm1mp.jpg\" \/>\n\t<meta property=\"og:image:width\" content=\"200\" \/>\n\t<meta property=\"og:image:height\" content=\"200\" \/>\n\t<meta property=\"og:image:type\" content=\"image\/jpeg\" \/>\n<meta name=\"twitter:card\" content=\"summary_large_image\" \/>\n<meta name=\"twitter:label1\" content=\"Precio\" \/>\n\t<meta name=\"twitter:data1\" content=\"&#36;195 con IVA\" \/>\n\t<meta name=\"twitter:label2\" content=\"Availability\" \/>\n\t<meta name=\"twitter:data2\" content=\"Out of stock\" \/>\n<script type=\"application\/ld+json\" class=\"yoast-schema-graph\">{\"@context\":\"https:\/\/schema.org\",\"@graph\":[{\"@type\":\"WebPage\",\"@id\":\"https:\/\/compuviper.mx\/tienda\/producto\/startech-com-hdmm1mp065030866996-cable-hdmi-de-1m-premium-de-alta-velocidad-con-ethernet-4k-60hz-1m-cable-hdmi-certificado-premium-hdmi-2-0-mod-hdmm1mp\/\",\"url\":\"https:\/\/compuviper.mx\/tienda\/producto\/startech-com-hdmm1mp065030866996-cable-hdmi-de-1m-premium-de-alta-velocidad-con-ethernet-4k-60hz-1m-cable-hdmi-certificado-premium-hdmi-2-0-mod-hdmm1mp\/\",\"name\":\"[ Startech.com ] &#129351; Hdmm1mp,065030866996 Cable Hdmi De 1m Premium De Alta Velocidad Con Ethernet - 4k 60hz - 1m - Cable Hdmi Certificado Premium - Hdmi 2.0 - Mod. Hdmm1mp\",\"isPartOf\":{\"@id\":\"https:\/\/compuviper.mx\/tienda\/#website\"},\"datePublished\":\"2026-04-11T05:37:43+00:00\",\"dateModified\":\"2026-04-11T05:37:43+00:00\",\"description\":\"Compra Hdmm1mp,065030866996 Cable Hdmi De 1m Premium De Alta Velocidad Con Ethernet - 4k 60hz - 1m - Cable Hdmi Certificado Premium - Hdmi 2.0 - Mod. Hdmm1mp + Env\u00edo a domicilio + Pago seguro + Garant\u00eda\",\"breadcrumb\":{\"@id\":\"https:\/\/compuviper.mx\/tienda\/producto\/startech-com-hdmm1mp065030866996-cable-hdmi-de-1m-premium-de-alta-velocidad-con-ethernet-4k-60hz-1m-cable-hdmi-certificado-premium-hdmi-2-0-mod-hdmm1mp\/#breadcrumb\"},\"inLanguage\":\"es-MX\",\"potentialAction\":[{\"@type\":\"ReadAction\",\"target\":[\"https:\/\/compuviper.mx\/tienda\/producto\/startech-com-hdmm1mp065030866996-cable-hdmi-de-1m-premium-de-alta-velocidad-con-ethernet-4k-60hz-1m-cable-hdmi-certificado-premium-hdmi-2-0-mod-hdmm1mp\/\"]}]},{\"@type\":\"BreadcrumbList\",\"@id\":\"https:\/\/compuviper.mx\/tienda\/producto\/startech-com-hdmm1mp065030866996-cable-hdmi-de-1m-premium-de-alta-velocidad-con-ethernet-4k-60hz-1m-cable-hdmi-certificado-premium-hdmi-2-0-mod-hdmm1mp\/#breadcrumb\",\"itemListElement\":[{\"@type\":\"ListItem\",\"position\":1,\"name\":\"Inicio\",\"item\":\"https:\/\/compuviper.mx\/tienda\/\"},{\"@type\":\"ListItem\",\"position\":2,\"name\":\"Productos\",\"item\":\"https:\/\/compuviper.mx\/tienda\/productos\/\"},{\"@type\":\"ListItem\",\"position\":3,\"name\":\"Cables\",\"item\":\"https:\/\/compuviper.mx\/tienda\/categoria-producto\/cables\/\"},{\"@type\":\"ListItem\",\"position\":4,\"name\":\"Cable De Video\",\"item\":\"https:\/\/compuviper.mx\/tienda\/categoria-producto\/cables\/cable-de-video\/\"},{\"@type\":\"ListItem\",\"position\":5,\"name\":\"Startech.com Hdmm1mp,065030866996 Cable Hdmi De 1m Premium De Alta Velocidad Con Ethernet &#8211; 4k 60hz &#8211; 1m &#8211; Cable Hdmi Certificado Premium &#8211; Hdmi 2.0 &#8211; Mod. Hdmm1mp\"}]},{\"@type\":\"WebSite\",\"@id\":\"https:\/\/compuviper.mx\/tienda\/#website\",\"url\":\"https:\/\/compuviper.mx\/tienda\/\",\"name\":\"Compuviper\",\"description\":\"Proveedor de Computadoras, Laptops, Servidores, Monitores, Puntos de Venta, Teclados,   Impresoras, T\u00f3ner, C\u00e1maras de Seguridad y m\u00e1s en tu tienda en l\u00ednea\",\"publisher\":{\"@id\":\"https:\/\/compuviper.mx\/tienda\/#organization\"},\"potentialAction\":[{\"@type\":\"SearchAction\",\"target\":{\"@type\":\"EntryPoint\",\"urlTemplate\":\"https:\/\/compuviper.mx\/tienda\/?s={search_term_string}\"},\"query-input\":\"required name=search_term_string\"}],\"inLanguage\":\"es-MX\"},{\"@type\":\"Organization\",\"@id\":\"https:\/\/compuviper.mx\/tienda\/#organization\",\"name\":\"Compuviper\",\"url\":\"https:\/\/compuviper.mx\/tienda\/\",\"logo\":{\"@type\":\"ImageObject\",\"inLanguage\":\"es-MX\",\"@id\":\"https:\/\/compuviper.mx\/tienda\/#\/schema\/logo\/image\/\",\"url\":\"https:\/\/compuviper.mx\/tienda\/wp-content\/uploads\/2021\/08\/Logo-Compuviper-10.png\",\"contentUrl\":\"https:\/\/compuviper.mx\/tienda\/wp-content\/uploads\/2021\/08\/Logo-Compuviper-10.png\",\"width\":1000,\"height\":500,\"caption\":\"Compuviper\"},\"image\":{\"@id\":\"https:\/\/compuviper.mx\/tienda\/#\/schema\/logo\/image\/\"},\"sameAs\":[\"https:\/\/www.facebook.com\/compuviper\",\"https:\/\/www.youtube.com\/channel\/UCf73dERp9Y3cfOq7q8BhLjA?view_as=subscriber\"]}]}<\/script>\n<meta property=\"product:brand\" content=\"STARTECH.COM\" \/>\n<meta property=\"product:price:amount\" content=\"195\" \/>\n<meta property=\"product:price:currency\" content=\"MXN\" \/>\n<meta property=\"og:availability\" content=\"out of stock\" \/>\n<meta property=\"product:availability\" content=\"out of stock\" \/>\n<meta property=\"product:retailer_item_id\" content=\"HDMM1MP,065030866996\" \/>\n<meta property=\"product:condition\" content=\"new\" \/>\n<!-- \/ Yoast SEO plugin. -->","yoast_head_json":{"title":"[ Startech.com ] &#129351; Hdmm1mp,065030866996 Cable Hdmi De 1m Premium De Alta Velocidad Con Ethernet - 4k 60hz - 1m - Cable Hdmi Certificado Premium - Hdmi 2.0 - Mod. Hdmm1mp","description":"Compra Hdmm1mp,065030866996 Cable Hdmi De 1m Premium De Alta Velocidad Con Ethernet - 4k 60hz - 1m - Cable Hdmi Certificado Premium - Hdmi 2.0 - Mod. Hdmm1mp + Env\u00edo a domicilio + Pago seguro + Garant\u00eda","robots":{"index":"index","follow":"follow","max-snippet":"max-snippet:-1","max-image-preview":"max-image-preview:large","max-video-preview":"max-video-preview:-1"},"canonical":"https:\/\/compuviper.mx\/tienda\/producto\/startech-com-hdmm1mp065030866996-cable-hdmi-de-1m-premium-de-alta-velocidad-con-ethernet-4k-60hz-1m-cable-hdmi-certificado-premium-hdmi-2-0-mod-hdmm1mp\/","og_locale":"es_MX","og_type":"article","og_title":"[ Startech.com ] &#129351; Hdmm1mp,065030866996 Cable Hdmi De 1m Premium De Alta Velocidad Con Ethernet - 4k 60hz - 1m - Cable Hdmi Certificado Premium - Hdmi 2.0 - Mod. Hdmm1mp","og_description":"Compra Hdmm1mp,065030866996 Cable Hdmi De 1m Premium De Alta Velocidad Con Ethernet - 4k 60hz - 1m - Cable Hdmi Certificado Premium - Hdmi 2.0 - Mod. Hdmm1mp + Env\u00edo a domicilio + Pago seguro + Garant\u00eda","og_url":"https:\/\/compuviper.mx\/tienda\/producto\/startech-com-hdmm1mp065030866996-cable-hdmi-de-1m-premium-de-alta-velocidad-con-ethernet-4k-60hz-1m-cable-hdmi-certificado-premium-hdmi-2-0-mod-hdmm1mp\/","og_site_name":"Compuviper","article_publisher":"https:\/\/www.facebook.com\/compuviper","og_image":[{"width":200,"height":200,"url":"https:\/\/compuviper.mx\/tienda\/wp-content\/uploads\/2023\/12\/Cable-hdmi-de-1m-premium-de-alta-velocidad-con-ethernet-4k-60hz-1m-cable-hdmi-certificado-premium-hdmi-2.0-startech.com-mod.-hdmm1mp.jpg","type":"image\/jpeg"}],"twitter_card":"summary_large_image","twitter_misc":{"Precio":"&#36;195 con IVA","Availability":"Out of stock"},"schema":{"@context":"https:\/\/schema.org","@graph":[{"@type":"WebPage","@id":"https:\/\/compuviper.mx\/tienda\/producto\/startech-com-hdmm1mp065030866996-cable-hdmi-de-1m-premium-de-alta-velocidad-con-ethernet-4k-60hz-1m-cable-hdmi-certificado-premium-hdmi-2-0-mod-hdmm1mp\/","url":"https:\/\/compuviper.mx\/tienda\/producto\/startech-com-hdmm1mp065030866996-cable-hdmi-de-1m-premium-de-alta-velocidad-con-ethernet-4k-60hz-1m-cable-hdmi-certificado-premium-hdmi-2-0-mod-hdmm1mp\/","name":"[ Startech.com ] &#129351; Hdmm1mp,065030866996 Cable Hdmi De 1m Premium De Alta Velocidad Con Ethernet - 4k 60hz - 1m - Cable Hdmi Certificado Premium - Hdmi 2.0 - Mod. Hdmm1mp","isPartOf":{"@id":"https:\/\/compuviper.mx\/tienda\/#website"},"datePublished":"2026-04-11T05:37:43+00:00","dateModified":"2026-04-11T05:37:43+00:00","description":"Compra Hdmm1mp,065030866996 Cable Hdmi De 1m Premium De Alta Velocidad Con Ethernet - 4k 60hz - 1m - Cable Hdmi Certificado Premium - Hdmi 2.0 - Mod. Hdmm1mp + Env\u00edo a domicilio + Pago seguro + Garant\u00eda","breadcrumb":{"@id":"https:\/\/compuviper.mx\/tienda\/producto\/startech-com-hdmm1mp065030866996-cable-hdmi-de-1m-premium-de-alta-velocidad-con-ethernet-4k-60hz-1m-cable-hdmi-certificado-premium-hdmi-2-0-mod-hdmm1mp\/#breadcrumb"},"inLanguage":"es-MX","potentialAction":[{"@type":"ReadAction","target":["https:\/\/compuviper.mx\/tienda\/producto\/startech-com-hdmm1mp065030866996-cable-hdmi-de-1m-premium-de-alta-velocidad-con-ethernet-4k-60hz-1m-cable-hdmi-certificado-premium-hdmi-2-0-mod-hdmm1mp\/"]}]},{"@type":"BreadcrumbList","@id":"https:\/\/compuviper.mx\/tienda\/producto\/startech-com-hdmm1mp065030866996-cable-hdmi-de-1m-premium-de-alta-velocidad-con-ethernet-4k-60hz-1m-cable-hdmi-certificado-premium-hdmi-2-0-mod-hdmm1mp\/#breadcrumb","itemListElement":[{"@type":"ListItem","position":1,"name":"Inicio","item":"https:\/\/compuviper.mx\/tienda\/"},{"@type":"ListItem","position":2,"name":"Productos","item":"https:\/\/compuviper.mx\/tienda\/productos\/"},{"@type":"ListItem","position":3,"name":"Cables","item":"https:\/\/compuviper.mx\/tienda\/categoria-producto\/cables\/"},{"@type":"ListItem","position":4,"name":"Cable De Video","item":"https:\/\/compuviper.mx\/tienda\/categoria-producto\/cables\/cable-de-video\/"},{"@type":"ListItem","position":5,"name":"Startech.com Hdmm1mp,065030866996 Cable Hdmi De 1m Premium De Alta Velocidad Con Ethernet &#8211; 4k 60hz &#8211; 1m &#8211; Cable Hdmi Certificado Premium &#8211; Hdmi 2.0 &#8211; Mod. Hdmm1mp"}]},{"@type":"WebSite","@id":"https:\/\/compuviper.mx\/tienda\/#website","url":"https:\/\/compuviper.mx\/tienda\/","name":"Compuviper","description":"Proveedor de Computadoras, Laptops, Servidores, Monitores, Puntos de Venta, Teclados,   Impresoras, T\u00f3ner, C\u00e1maras de Seguridad y m\u00e1s en tu tienda en l\u00ednea","publisher":{"@id":"https:\/\/compuviper.mx\/tienda\/#organization"},"potentialAction":[{"@type":"SearchAction","target":{"@type":"EntryPoint","urlTemplate":"https:\/\/compuviper.mx\/tienda\/?s={search_term_string}"},"query-input":"required name=search_term_string"}],"inLanguage":"es-MX"},{"@type":"Organization","@id":"https:\/\/compuviper.mx\/tienda\/#organization","name":"Compuviper","url":"https:\/\/compuviper.mx\/tienda\/","logo":{"@type":"ImageObject","inLanguage":"es-MX","@id":"https:\/\/compuviper.mx\/tienda\/#\/schema\/logo\/image\/","url":"https:\/\/compuviper.mx\/tienda\/wp-content\/uploads\/2021\/08\/Logo-Compuviper-10.png","contentUrl":"https:\/\/compuviper.mx\/tienda\/wp-content\/uploads\/2021\/08\/Logo-Compuviper-10.png","width":1000,"height":500,"caption":"Compuviper"},"image":{"@id":"https:\/\/compuviper.mx\/tienda\/#\/schema\/logo\/image\/"},"sameAs":["https:\/\/www.facebook.com\/compuviper","https:\/\/www.youtube.com\/channel\/UCf73dERp9Y3cfOq7q8BhLjA?view_as=subscriber"]}]},"product_brand":"STARTECH.COM","product_price_amount":"195","product_price_currency":"MXN","og_availability":"out of stock","product_availability":"out of stock","product_retailer_item_id":"HDMM1MP,065030866996","product_condition":"new"},"_links":{"self":[{"href":"https:\/\/compuviper.mx\/tienda\/wp-json\/wp\/v2\/product\/213548"}],"collection":[{"href":"https:\/\/compuviper.mx\/tienda\/wp-json\/wp\/v2\/product"}],"about":[{"href":"https:\/\/compuviper.mx\/tienda\/wp-json\/wp\/v2\/types\/product"}],"replies":[{"embeddable":true,"href":"https:\/\/compuviper.mx\/tienda\/wp-json\/wp\/v2\/comments?post=213548"}],"wp:featuredmedia":[{"embeddable":true,"href":"https:\/\/compuviper.mx\/tienda\/wp-json\/wp\/v2\/media\/213549"}],"wp:attachment":[{"href":"https:\/\/compuviper.mx\/tienda\/wp-json\/wp\/v2\/media?parent=213548"}],"wp:term":[{"taxonomy":"product_cat","embeddable":true,"href":"https:\/\/compuviper.mx\/tienda\/wp-json\/wp\/v2\/product_cat?post=213548"},{"taxonomy":"product_tag","embeddable":true,"href":"https:\/\/compuviper.mx\/tienda\/wp-json\/wp\/v2\/product_tag?post=213548"}],"curies":[{"name":"wp","href":"https:\/\/api.w.org\/{rel}","templated":true}]}}