{"id":213530,"date":"2026-04-17T23:42:43","date_gmt":"2026-04-18T05:42:43","guid":{"rendered":"https:\/\/compuviper.mx\/tienda\/producto\/startech-com-n6patc10mgr-cable-de-10m-de-red-gigabit-cat6-ethernet-rj45-sin-enganche-cable-patch-snagless-macho-a-macho-gris-mod\/"},"modified":"2026-04-17T23:42:43","modified_gmt":"2026-04-18T05:42:43","slug":"startech-com-n6patc10mgr-cable-de-10m-de-red-gigabit-cat6-ethernet-rj45-sin-enganche-cable-patch-snagless-macho-a-macho-gris-mod","status":"publish","type":"product","link":"https:\/\/compuviper.mx\/tienda\/producto\/startech-com-n6patc10mgr-cable-de-10m-de-red-gigabit-cat6-ethernet-rj45-sin-enganche-cable-patch-snagless-macho-a-macho-gris-mod\/","title":{"rendered":"Startech.com N6patc10mgr Cable De 10m De Red Gigabit Cat6 Ethernet Rj45 Sin Enganche &#8211; Cable Patch Snagless Macho A Macho &#8211; Gris &#8211;  Mod."},"content":{"rendered":"<table class=\"descripcion\">\n<tr>\n<td>Hardware<\/td>\n<\/tr>\n<tr>\n<td>Grado de inflamabilidad : clasificacin cmg uso general<\/td>\n<\/tr>\n<tr>\n<td>Revestimiento del conector  : oro<\/td>\n<\/tr>\n<tr>\n<td>Tipo de cable : libre de enganches<\/td>\n<\/tr>\n<tr>\n<td>Estndar de cableado : tia\/eia-568-b.1-2001 t568b<\/td>\n<\/tr>\n<tr>\n<td>Cantidad de conductores : 4 pair utp<\/td>\n<\/tr>\n<tr>\n<td>Cable tipo jacket : pvc &#8211; polyvinyl chloride<\/td>\n<\/tr>\n<tr>\n<td>Rendimiento<\/td>\n<\/tr>\n<tr>\n<td>Clasificacin de cables : cat6 &#8211; 650 mhz<\/td>\n<\/tr>\n<tr>\n<td>Contenido de la caja<\/td>\n<\/tr>\n<tr>\n<td>Incluido en la caja : cable gris para red cat6 utp snagless 10 metros &#8211; conforme a etl<\/td>\n<\/tr>\n<tr>\n<td>Conectores<\/td>\n<\/tr>\n<tr>\n<td>Conector b : rj-45<\/td>\n<\/tr>\n<tr>\n<td>Conector a : rj-45<\/td>\n<\/tr>\n<tr>\n<td>Caractersticas fsicas<\/td>\n<\/tr>\n<tr>\n<td>Tipo de conductor : cobre trenzado<\/td>\n<\/tr>\n<tr>\n<td>Peso del producto : 400 g<\/td>\n<\/tr>\n<tr>\n<td>Longitud del producto : 10 m<\/td>\n<\/tr>\n<tr>\n<td>Longitud del cable : 10 m<\/td>\n<\/tr>\n<tr>\n<td>Color : gris<\/td>\n<\/tr>\n<tr>\n<td>Calibre del conductor : 24 awg<\/td>\n<\/tr>\n<\/table>\n","protected":false},"excerpt":{"rendered":"<p>El cable para red cat 6 de 10 metros, modelo n6patc10mgr, cumple o sobrepasa las especificaciones para este tipo de cables de categora 6, lo cual garantiza conexiones confiables en redes gigabit, adems de estar fabricado con un recubrimiento duradero de pvc de color gris que permite codificar mediante el color los cables de una red, segn sea necesario. Para garantizar un rendimiento duradero, este cable para red cat 6 de alta calidad est fabricado con un diseo a prueba de enganche snagless que protege los conectores rj45 contra daos y evita que el cable se enganche durante la instalacin. Este cable tambin est fabricado con moldeado de pvc que reduce la tensin en los puntos de terminacin de los conectores rj45, lo cual evita que el cable se doble en ngulos inclinados y, a su vez, evita que el cable se dae. Los conectores rj45 ofrecen ptima conductividad sin prdida de la seal debida a la oxidacin o la corrosin.<\/p>\n","protected":false},"featured_media":213531,"comment_status":"open","ping_status":"open","template":"","meta":[],"product_cat":[1549,1602],"product_tag":[1590],"acf":[],"yoast_head":"<!-- This site is optimized with the Yoast SEO plugin v21.7 - https:\/\/yoast.com\/wordpress\/plugins\/seo\/ -->\n<title>[ Startech.com ] &#129351; N6patc10mgr Cable De 10m De Red Gigabit Cat6 Ethernet Rj45 Sin Enganche - Cable Patch Snagless Macho A Macho - Gris - Mod.<\/title>\n<meta name=\"description\" content=\"Compra N6patc10mgr Cable De 10m De Red Gigabit Cat6 Ethernet Rj45 Sin Enganche - Cable Patch Snagless Macho A Macho - Gris - Mod. + Env\u00edo a domicilio + Pago seguro + Garant\u00eda\" \/>\n<meta name=\"robots\" content=\"index, follow, max-snippet:-1, max-image-preview:large, max-video-preview:-1\" \/>\n<link rel=\"canonical\" href=\"https:\/\/compuviper.mx\/tienda\/producto\/startech-com-n6patc10mgr-cable-de-10m-de-red-gigabit-cat6-ethernet-rj45-sin-enganche-cable-patch-snagless-macho-a-macho-gris-mod\/\" \/>\n<meta property=\"og:locale\" content=\"es_MX\" \/>\n<meta property=\"og:type\" content=\"article\" \/>\n<meta property=\"og:title\" content=\"[ Startech.com ] &#129351; N6patc10mgr Cable De 10m De Red Gigabit Cat6 Ethernet Rj45 Sin Enganche - Cable Patch Snagless Macho A Macho - Gris - Mod.\" \/>\n<meta property=\"og:description\" content=\"Compra N6patc10mgr Cable De 10m De Red Gigabit Cat6 Ethernet Rj45 Sin Enganche - Cable Patch Snagless Macho A Macho - Gris - Mod. + Env\u00edo a domicilio + Pago seguro + Garant\u00eda\" \/>\n<meta property=\"og:url\" content=\"https:\/\/compuviper.mx\/tienda\/producto\/startech-com-n6patc10mgr-cable-de-10m-de-red-gigabit-cat6-ethernet-rj45-sin-enganche-cable-patch-snagless-macho-a-macho-gris-mod\/\" \/>\n<meta property=\"og:site_name\" content=\"Compuviper\" \/>\n<meta property=\"article:publisher\" content=\"https:\/\/www.facebook.com\/compuviper\" \/>\n<meta property=\"og:image\" content=\"https:\/\/compuviper.mx\/tienda\/wp-content\/uploads\/2023\/12\/Cable-de-10m-de-red-gigabit-cat6-ethernet-rj45-sin-enganche-cable-patch-snagless-macho-a-macho-gris-startech.com-mod.-n6patc10mgr.jpg\" \/>\n\t<meta property=\"og:image:width\" content=\"200\" \/>\n\t<meta property=\"og:image:height\" content=\"200\" \/>\n\t<meta property=\"og:image:type\" content=\"image\/jpeg\" \/>\n<meta name=\"twitter:card\" content=\"summary_large_image\" \/>\n<meta name=\"twitter:label1\" content=\"Precio\" \/>\n\t<meta name=\"twitter:data1\" content=\"&#36;279 con IVA\" \/>\n\t<meta name=\"twitter:label2\" content=\"Availability\" \/>\n\t<meta name=\"twitter:data2\" content=\"Out of stock\" \/>\n<script type=\"application\/ld+json\" class=\"yoast-schema-graph\">{\"@context\":\"https:\/\/schema.org\",\"@graph\":[{\"@type\":\"WebPage\",\"@id\":\"https:\/\/compuviper.mx\/tienda\/producto\/startech-com-n6patc10mgr-cable-de-10m-de-red-gigabit-cat6-ethernet-rj45-sin-enganche-cable-patch-snagless-macho-a-macho-gris-mod\/\",\"url\":\"https:\/\/compuviper.mx\/tienda\/producto\/startech-com-n6patc10mgr-cable-de-10m-de-red-gigabit-cat6-ethernet-rj45-sin-enganche-cable-patch-snagless-macho-a-macho-gris-mod\/\",\"name\":\"[ Startech.com ] &#129351; N6patc10mgr Cable De 10m De Red Gigabit Cat6 Ethernet Rj45 Sin Enganche - Cable Patch Snagless Macho A Macho - Gris - Mod.\",\"isPartOf\":{\"@id\":\"https:\/\/compuviper.mx\/tienda\/#website\"},\"datePublished\":\"2026-04-18T05:42:43+00:00\",\"dateModified\":\"2026-04-18T05:42:43+00:00\",\"description\":\"Compra N6patc10mgr Cable De 10m De Red Gigabit Cat6 Ethernet Rj45 Sin Enganche - Cable Patch Snagless Macho A Macho - Gris - Mod. + Env\u00edo a domicilio + Pago seguro + Garant\u00eda\",\"breadcrumb\":{\"@id\":\"https:\/\/compuviper.mx\/tienda\/producto\/startech-com-n6patc10mgr-cable-de-10m-de-red-gigabit-cat6-ethernet-rj45-sin-enganche-cable-patch-snagless-macho-a-macho-gris-mod\/#breadcrumb\"},\"inLanguage\":\"es-MX\",\"potentialAction\":[{\"@type\":\"ReadAction\",\"target\":[\"https:\/\/compuviper.mx\/tienda\/producto\/startech-com-n6patc10mgr-cable-de-10m-de-red-gigabit-cat6-ethernet-rj45-sin-enganche-cable-patch-snagless-macho-a-macho-gris-mod\/\"]}]},{\"@type\":\"BreadcrumbList\",\"@id\":\"https:\/\/compuviper.mx\/tienda\/producto\/startech-com-n6patc10mgr-cable-de-10m-de-red-gigabit-cat6-ethernet-rj45-sin-enganche-cable-patch-snagless-macho-a-macho-gris-mod\/#breadcrumb\",\"itemListElement\":[{\"@type\":\"ListItem\",\"position\":1,\"name\":\"Inicio\",\"item\":\"https:\/\/compuviper.mx\/tienda\/\"},{\"@type\":\"ListItem\",\"position\":2,\"name\":\"Productos\",\"item\":\"https:\/\/compuviper.mx\/tienda\/productos\/\"},{\"@type\":\"ListItem\",\"position\":3,\"name\":\"Cables\",\"item\":\"https:\/\/compuviper.mx\/tienda\/categoria-producto\/cables\/\"},{\"@type\":\"ListItem\",\"position\":4,\"name\":\"Cable De Red\",\"item\":\"https:\/\/compuviper.mx\/tienda\/categoria-producto\/cables\/cable-de-red\/\"},{\"@type\":\"ListItem\",\"position\":5,\"name\":\"Startech.com N6patc10mgr Cable De 10m De Red Gigabit Cat6 Ethernet Rj45 Sin Enganche &#8211; Cable Patch Snagless Macho A Macho &#8211; Gris &#8211; Mod.\"}]},{\"@type\":\"WebSite\",\"@id\":\"https:\/\/compuviper.mx\/tienda\/#website\",\"url\":\"https:\/\/compuviper.mx\/tienda\/\",\"name\":\"Compuviper\",\"description\":\"Proveedor de Computadoras, Laptops, Servidores, Monitores, Puntos de Venta, Teclados,   Impresoras, T\u00f3ner, C\u00e1maras de Seguridad y m\u00e1s en tu tienda en l\u00ednea\",\"publisher\":{\"@id\":\"https:\/\/compuviper.mx\/tienda\/#organization\"},\"potentialAction\":[{\"@type\":\"SearchAction\",\"target\":{\"@type\":\"EntryPoint\",\"urlTemplate\":\"https:\/\/compuviper.mx\/tienda\/?s={search_term_string}\"},\"query-input\":\"required name=search_term_string\"}],\"inLanguage\":\"es-MX\"},{\"@type\":\"Organization\",\"@id\":\"https:\/\/compuviper.mx\/tienda\/#organization\",\"name\":\"Compuviper\",\"url\":\"https:\/\/compuviper.mx\/tienda\/\",\"logo\":{\"@type\":\"ImageObject\",\"inLanguage\":\"es-MX\",\"@id\":\"https:\/\/compuviper.mx\/tienda\/#\/schema\/logo\/image\/\",\"url\":\"https:\/\/compuviper.mx\/tienda\/wp-content\/uploads\/2021\/08\/Logo-Compuviper-10.png\",\"contentUrl\":\"https:\/\/compuviper.mx\/tienda\/wp-content\/uploads\/2021\/08\/Logo-Compuviper-10.png\",\"width\":1000,\"height\":500,\"caption\":\"Compuviper\"},\"image\":{\"@id\":\"https:\/\/compuviper.mx\/tienda\/#\/schema\/logo\/image\/\"},\"sameAs\":[\"https:\/\/www.facebook.com\/compuviper\",\"https:\/\/www.youtube.com\/channel\/UCf73dERp9Y3cfOq7q8BhLjA?view_as=subscriber\"]}]}<\/script>\n<meta property=\"product:brand\" content=\"STARTECH.COM\" \/>\n<meta property=\"product:price:amount\" content=\"279\" \/>\n<meta property=\"product:price:currency\" content=\"MXN\" \/>\n<meta property=\"og:availability\" content=\"out of stock\" \/>\n<meta property=\"product:availability\" content=\"out of stock\" \/>\n<meta property=\"product:retailer_item_id\" content=\"N6PATC10MGR\" \/>\n<meta property=\"product:condition\" content=\"new\" \/>\n<!-- \/ Yoast SEO plugin. -->","yoast_head_json":{"title":"[ Startech.com ] &#129351; N6patc10mgr Cable De 10m De Red Gigabit Cat6 Ethernet Rj45 Sin Enganche - Cable Patch Snagless Macho A Macho - Gris - Mod.","description":"Compra N6patc10mgr Cable De 10m De Red Gigabit Cat6 Ethernet Rj45 Sin Enganche - Cable Patch Snagless Macho A Macho - Gris - Mod. + Env\u00edo a domicilio + Pago seguro + Garant\u00eda","robots":{"index":"index","follow":"follow","max-snippet":"max-snippet:-1","max-image-preview":"max-image-preview:large","max-video-preview":"max-video-preview:-1"},"canonical":"https:\/\/compuviper.mx\/tienda\/producto\/startech-com-n6patc10mgr-cable-de-10m-de-red-gigabit-cat6-ethernet-rj45-sin-enganche-cable-patch-snagless-macho-a-macho-gris-mod\/","og_locale":"es_MX","og_type":"article","og_title":"[ Startech.com ] &#129351; N6patc10mgr Cable De 10m De Red Gigabit Cat6 Ethernet Rj45 Sin Enganche - Cable Patch Snagless Macho A Macho - Gris - Mod.","og_description":"Compra N6patc10mgr Cable De 10m De Red Gigabit Cat6 Ethernet Rj45 Sin Enganche - Cable Patch Snagless Macho A Macho - Gris - Mod. + Env\u00edo a domicilio + Pago seguro + Garant\u00eda","og_url":"https:\/\/compuviper.mx\/tienda\/producto\/startech-com-n6patc10mgr-cable-de-10m-de-red-gigabit-cat6-ethernet-rj45-sin-enganche-cable-patch-snagless-macho-a-macho-gris-mod\/","og_site_name":"Compuviper","article_publisher":"https:\/\/www.facebook.com\/compuviper","og_image":[{"width":200,"height":200,"url":"https:\/\/compuviper.mx\/tienda\/wp-content\/uploads\/2023\/12\/Cable-de-10m-de-red-gigabit-cat6-ethernet-rj45-sin-enganche-cable-patch-snagless-macho-a-macho-gris-startech.com-mod.-n6patc10mgr.jpg","type":"image\/jpeg"}],"twitter_card":"summary_large_image","twitter_misc":{"Precio":"&#36;279 con IVA","Availability":"Out of stock"},"schema":{"@context":"https:\/\/schema.org","@graph":[{"@type":"WebPage","@id":"https:\/\/compuviper.mx\/tienda\/producto\/startech-com-n6patc10mgr-cable-de-10m-de-red-gigabit-cat6-ethernet-rj45-sin-enganche-cable-patch-snagless-macho-a-macho-gris-mod\/","url":"https:\/\/compuviper.mx\/tienda\/producto\/startech-com-n6patc10mgr-cable-de-10m-de-red-gigabit-cat6-ethernet-rj45-sin-enganche-cable-patch-snagless-macho-a-macho-gris-mod\/","name":"[ Startech.com ] &#129351; N6patc10mgr Cable De 10m De Red Gigabit Cat6 Ethernet Rj45 Sin Enganche - Cable Patch Snagless Macho A Macho - Gris - Mod.","isPartOf":{"@id":"https:\/\/compuviper.mx\/tienda\/#website"},"datePublished":"2026-04-18T05:42:43+00:00","dateModified":"2026-04-18T05:42:43+00:00","description":"Compra N6patc10mgr Cable De 10m De Red Gigabit Cat6 Ethernet Rj45 Sin Enganche - Cable Patch Snagless Macho A Macho - Gris - Mod. + Env\u00edo a domicilio + Pago seguro + Garant\u00eda","breadcrumb":{"@id":"https:\/\/compuviper.mx\/tienda\/producto\/startech-com-n6patc10mgr-cable-de-10m-de-red-gigabit-cat6-ethernet-rj45-sin-enganche-cable-patch-snagless-macho-a-macho-gris-mod\/#breadcrumb"},"inLanguage":"es-MX","potentialAction":[{"@type":"ReadAction","target":["https:\/\/compuviper.mx\/tienda\/producto\/startech-com-n6patc10mgr-cable-de-10m-de-red-gigabit-cat6-ethernet-rj45-sin-enganche-cable-patch-snagless-macho-a-macho-gris-mod\/"]}]},{"@type":"BreadcrumbList","@id":"https:\/\/compuviper.mx\/tienda\/producto\/startech-com-n6patc10mgr-cable-de-10m-de-red-gigabit-cat6-ethernet-rj45-sin-enganche-cable-patch-snagless-macho-a-macho-gris-mod\/#breadcrumb","itemListElement":[{"@type":"ListItem","position":1,"name":"Inicio","item":"https:\/\/compuviper.mx\/tienda\/"},{"@type":"ListItem","position":2,"name":"Productos","item":"https:\/\/compuviper.mx\/tienda\/productos\/"},{"@type":"ListItem","position":3,"name":"Cables","item":"https:\/\/compuviper.mx\/tienda\/categoria-producto\/cables\/"},{"@type":"ListItem","position":4,"name":"Cable De Red","item":"https:\/\/compuviper.mx\/tienda\/categoria-producto\/cables\/cable-de-red\/"},{"@type":"ListItem","position":5,"name":"Startech.com N6patc10mgr Cable De 10m De Red Gigabit Cat6 Ethernet Rj45 Sin Enganche &#8211; Cable Patch Snagless Macho A Macho &#8211; Gris &#8211; Mod."}]},{"@type":"WebSite","@id":"https:\/\/compuviper.mx\/tienda\/#website","url":"https:\/\/compuviper.mx\/tienda\/","name":"Compuviper","description":"Proveedor de Computadoras, Laptops, Servidores, Monitores, Puntos de Venta, Teclados,   Impresoras, T\u00f3ner, C\u00e1maras de Seguridad y m\u00e1s en tu tienda en l\u00ednea","publisher":{"@id":"https:\/\/compuviper.mx\/tienda\/#organization"},"potentialAction":[{"@type":"SearchAction","target":{"@type":"EntryPoint","urlTemplate":"https:\/\/compuviper.mx\/tienda\/?s={search_term_string}"},"query-input":"required name=search_term_string"}],"inLanguage":"es-MX"},{"@type":"Organization","@id":"https:\/\/compuviper.mx\/tienda\/#organization","name":"Compuviper","url":"https:\/\/compuviper.mx\/tienda\/","logo":{"@type":"ImageObject","inLanguage":"es-MX","@id":"https:\/\/compuviper.mx\/tienda\/#\/schema\/logo\/image\/","url":"https:\/\/compuviper.mx\/tienda\/wp-content\/uploads\/2021\/08\/Logo-Compuviper-10.png","contentUrl":"https:\/\/compuviper.mx\/tienda\/wp-content\/uploads\/2021\/08\/Logo-Compuviper-10.png","width":1000,"height":500,"caption":"Compuviper"},"image":{"@id":"https:\/\/compuviper.mx\/tienda\/#\/schema\/logo\/image\/"},"sameAs":["https:\/\/www.facebook.com\/compuviper","https:\/\/www.youtube.com\/channel\/UCf73dERp9Y3cfOq7q8BhLjA?view_as=subscriber"]}]},"product_brand":"STARTECH.COM","product_price_amount":"279","product_price_currency":"MXN","og_availability":"out of stock","product_availability":"out of stock","product_retailer_item_id":"N6PATC10MGR","product_condition":"new"},"_links":{"self":[{"href":"https:\/\/compuviper.mx\/tienda\/wp-json\/wp\/v2\/product\/213530"}],"collection":[{"href":"https:\/\/compuviper.mx\/tienda\/wp-json\/wp\/v2\/product"}],"about":[{"href":"https:\/\/compuviper.mx\/tienda\/wp-json\/wp\/v2\/types\/product"}],"replies":[{"embeddable":true,"href":"https:\/\/compuviper.mx\/tienda\/wp-json\/wp\/v2\/comments?post=213530"}],"wp:featuredmedia":[{"embeddable":true,"href":"https:\/\/compuviper.mx\/tienda\/wp-json\/wp\/v2\/media\/213531"}],"wp:attachment":[{"href":"https:\/\/compuviper.mx\/tienda\/wp-json\/wp\/v2\/media?parent=213530"}],"wp:term":[{"taxonomy":"product_cat","embeddable":true,"href":"https:\/\/compuviper.mx\/tienda\/wp-json\/wp\/v2\/product_cat?post=213530"},{"taxonomy":"product_tag","embeddable":true,"href":"https:\/\/compuviper.mx\/tienda\/wp-json\/wp\/v2\/product_tag?post=213530"}],"curies":[{"name":"wp","href":"https:\/\/api.w.org\/{rel}","templated":true}]}}