{"id":213528,"date":"2026-04-07T23:42:10","date_gmt":"2026-04-08T05:42:10","guid":{"rendered":"https:\/\/compuviper.mx\/tienda\/producto\/startech-com-mu2mmfs-cable-de-audio-de-2m-de-extensin-de-audifonos-mini-jack-3-5mm-estereo-macho-a-hembra-delgado-mod\/"},"modified":"2026-04-07T23:42:10","modified_gmt":"2026-04-08T05:42:10","slug":"startech-com-mu2mmfs-cable-de-audio-de-2m-de-extensin-de-audifonos-mini-jack-3-5mm-estereo-macho-a-hembra-delgado-mod","status":"publish","type":"product","link":"https:\/\/compuviper.mx\/tienda\/producto\/startech-com-mu2mmfs-cable-de-audio-de-2m-de-extensin-de-audifonos-mini-jack-3-5mm-estereo-macho-a-hembra-delgado-mod\/","title":{"rendered":"Startech.com Mu2mmfs Cable De Audio De 2m De Extensi?n De Audifonos Mini-jack 3.5mm Estereo Macho A Hembra &#8211; Delgado &#8211;  Mod."},"content":{"rendered":"<table class=\"descripcion\">\n<tr>\n<td>Hardware<\/td>\n<\/tr>\n<tr>\n<td>Revestimiento del conector  : nquel<\/td>\n<\/tr>\n<tr>\n<td>Cable tipo jacket : pvc &#8211; polyvinyl chloride<\/td>\n<\/tr>\n<tr>\n<td>Contenido de la caja<\/td>\n<\/tr>\n<tr>\n<td>Incluido en la caja : cable de extensin de audio estreo de 3.5\u00a0mm, delgado, de 2 metros &#8211; m\/h<\/td>\n<\/tr>\n<tr>\n<td>Conectores<\/td>\n<\/tr>\n<tr>\n<td>Conector b : enchufe mini-jack de 3.5mm 3 posiciones<\/td>\n<\/tr>\n<tr>\n<td>Conector a : enchufe mini-jack de 3.5mm 3 posiciones<\/td>\n<\/tr>\n<tr>\n<td>Caractersticas fsicas<\/td>\n<\/tr>\n<tr>\n<td>Peso del producto : 25 g<\/td>\n<\/tr>\n<tr>\n<td>Longitud del producto : 2 m<\/td>\n<\/tr>\n<tr>\n<td>Longitud del cable : 2 m<\/td>\n<\/tr>\n<tr>\n<td>Estilo de conector : recto<\/td>\n<\/tr>\n<tr>\n<td>Color : negro<\/td>\n<\/tr>\n<tr>\n<td>Calibre del conductor : 28 awg<\/td>\n<\/tr>\n<tr>\n<td>Ancho del producto : 6 mm<\/td>\n<\/tr>\n<tr>\n<td>Altura del producto : 0.7 cm<\/td>\n<\/tr>\n<\/table>\n","protected":false},"excerpt":{"rendered":"<p>El cable de extensin de audio, de 2 metros, modelo mu2mmfs, incluye un conector de audio de 3.5 mm 1\/8 in, trs macho y hembra, lo cual facilita la extensin del alcance de los audfonos entre un iphone, reproductor mp3 u otros dispositivos mviles de audio y un sistema estreo. Para garantizar un rendimiento duradero, este cable de alta calidad est fabricado con\u00a0pvc moldeado que reduce la tensin de los conectores, lo cual evita que los puntos de terminacin se doblen en ngulos inclinados y, a su vez, evita que el cable se dae. Adems, el diseo delgado del conector se acopla a la mayora de los dispositivos de audio incluso cuando estn dentro de su funda.<\/p>\n","protected":false},"featured_media":213529,"comment_status":"open","ping_status":"open","template":"","meta":[],"product_cat":[1551,1549],"product_tag":[1590],"acf":[],"yoast_head":"<!-- This site is optimized with the Yoast SEO plugin v21.7 - https:\/\/yoast.com\/wordpress\/plugins\/seo\/ -->\n<title>[ Startech.com ] &#129351; Mu2mmfs Cable De Audio De 2m De Extensi\u00f3n De Audifonos Mini-jack 3.5mm Estereo Macho A Hembra - Delgado - Mod.<\/title>\n<meta name=\"description\" content=\"Compra Mu2mmfs Cable De Audio De 2m De Extensi\u00f3n De Audifonos Mini-jack 3.5mm Estereo Macho A Hembra - Delgado - Mod. + Env\u00edo a domicilio + Pago seguro + Garant\u00eda\" \/>\n<meta name=\"robots\" content=\"index, follow, max-snippet:-1, max-image-preview:large, max-video-preview:-1\" \/>\n<link rel=\"canonical\" href=\"https:\/\/compuviper.mx\/tienda\/producto\/startech-com-mu2mmfs-cable-de-audio-de-2m-de-extensin-de-audifonos-mini-jack-3-5mm-estereo-macho-a-hembra-delgado-mod\/\" \/>\n<meta property=\"og:locale\" content=\"es_MX\" \/>\n<meta property=\"og:type\" content=\"article\" \/>\n<meta property=\"og:title\" content=\"[ Startech.com ] &#129351; Mu2mmfs Cable De Audio De 2m De Extensi\u00f3n De Audifonos Mini-jack 3.5mm Estereo Macho A Hembra - Delgado - Mod.\" \/>\n<meta property=\"og:description\" content=\"Compra Mu2mmfs Cable De Audio De 2m De Extensi\u00f3n De Audifonos Mini-jack 3.5mm Estereo Macho A Hembra - Delgado - Mod. + Env\u00edo a domicilio + Pago seguro + Garant\u00eda\" \/>\n<meta property=\"og:url\" content=\"https:\/\/compuviper.mx\/tienda\/producto\/startech-com-mu2mmfs-cable-de-audio-de-2m-de-extensin-de-audifonos-mini-jack-3-5mm-estereo-macho-a-hembra-delgado-mod\/\" \/>\n<meta property=\"og:site_name\" content=\"Compuviper\" \/>\n<meta property=\"article:publisher\" content=\"https:\/\/www.facebook.com\/compuviper\" \/>\n<meta property=\"og:image\" content=\"https:\/\/compuviper.mx\/tienda\/wp-content\/uploads\/2023\/12\/Cable-de-audio-de-2m-de-extension-de-audifonos-mini-jack-3.5mm-estereo-macho-a-hembra-delgado-startech.com-mod.-mu2mmfs.jpg\" \/>\n\t<meta property=\"og:image:width\" content=\"200\" \/>\n\t<meta property=\"og:image:height\" content=\"200\" \/>\n\t<meta property=\"og:image:type\" content=\"image\/jpeg\" \/>\n<meta name=\"twitter:card\" content=\"summary_large_image\" \/>\n<meta name=\"twitter:label1\" content=\"Precio\" \/>\n\t<meta name=\"twitter:data1\" content=\"&#36;125 con IVA\" \/>\n\t<meta name=\"twitter:label2\" content=\"Availability\" \/>\n\t<meta name=\"twitter:data2\" content=\"Out of stock\" \/>\n<script type=\"application\/ld+json\" class=\"yoast-schema-graph\">{\"@context\":\"https:\/\/schema.org\",\"@graph\":[{\"@type\":\"WebPage\",\"@id\":\"https:\/\/compuviper.mx\/tienda\/producto\/startech-com-mu2mmfs-cable-de-audio-de-2m-de-extensin-de-audifonos-mini-jack-3-5mm-estereo-macho-a-hembra-delgado-mod\/\",\"url\":\"https:\/\/compuviper.mx\/tienda\/producto\/startech-com-mu2mmfs-cable-de-audio-de-2m-de-extensin-de-audifonos-mini-jack-3-5mm-estereo-macho-a-hembra-delgado-mod\/\",\"name\":\"[ Startech.com ] &#129351; Mu2mmfs Cable De Audio De 2m De Extensi\u00f3n De Audifonos Mini-jack 3.5mm Estereo Macho A Hembra - Delgado - Mod.\",\"isPartOf\":{\"@id\":\"https:\/\/compuviper.mx\/tienda\/#website\"},\"datePublished\":\"2026-04-08T05:42:10+00:00\",\"dateModified\":\"2026-04-08T05:42:10+00:00\",\"description\":\"Compra Mu2mmfs Cable De Audio De 2m De Extensi\u00f3n De Audifonos Mini-jack 3.5mm Estereo Macho A Hembra - Delgado - Mod. + Env\u00edo a domicilio + Pago seguro + Garant\u00eda\",\"breadcrumb\":{\"@id\":\"https:\/\/compuviper.mx\/tienda\/producto\/startech-com-mu2mmfs-cable-de-audio-de-2m-de-extensin-de-audifonos-mini-jack-3-5mm-estereo-macho-a-hembra-delgado-mod\/#breadcrumb\"},\"inLanguage\":\"es-MX\",\"potentialAction\":[{\"@type\":\"ReadAction\",\"target\":[\"https:\/\/compuviper.mx\/tienda\/producto\/startech-com-mu2mmfs-cable-de-audio-de-2m-de-extensin-de-audifonos-mini-jack-3-5mm-estereo-macho-a-hembra-delgado-mod\/\"]}]},{\"@type\":\"BreadcrumbList\",\"@id\":\"https:\/\/compuviper.mx\/tienda\/producto\/startech-com-mu2mmfs-cable-de-audio-de-2m-de-extensin-de-audifonos-mini-jack-3-5mm-estereo-macho-a-hembra-delgado-mod\/#breadcrumb\",\"itemListElement\":[{\"@type\":\"ListItem\",\"position\":1,\"name\":\"Inicio\",\"item\":\"https:\/\/compuviper.mx\/tienda\/\"},{\"@type\":\"ListItem\",\"position\":2,\"name\":\"Productos\",\"item\":\"https:\/\/compuviper.mx\/tienda\/productos\/\"},{\"@type\":\"ListItem\",\"position\":3,\"name\":\"Cables\",\"item\":\"https:\/\/compuviper.mx\/tienda\/categoria-producto\/cables\/\"},{\"@type\":\"ListItem\",\"position\":4,\"name\":\"Cable De Audio\",\"item\":\"https:\/\/compuviper.mx\/tienda\/categoria-producto\/cables\/cable-de-audio\/\"},{\"@type\":\"ListItem\",\"position\":5,\"name\":\"Startech.com Mu2mmfs Cable De Audio De 2m De Extensi?n De Audifonos Mini-jack 3.5mm Estereo Macho A Hembra &#8211; Delgado &#8211; Mod.\"}]},{\"@type\":\"WebSite\",\"@id\":\"https:\/\/compuviper.mx\/tienda\/#website\",\"url\":\"https:\/\/compuviper.mx\/tienda\/\",\"name\":\"Compuviper\",\"description\":\"Proveedor de Computadoras, Laptops, Servidores, Monitores, Puntos de Venta, Teclados,   Impresoras, T\u00f3ner, C\u00e1maras de Seguridad y m\u00e1s en tu tienda en l\u00ednea\",\"publisher\":{\"@id\":\"https:\/\/compuviper.mx\/tienda\/#organization\"},\"potentialAction\":[{\"@type\":\"SearchAction\",\"target\":{\"@type\":\"EntryPoint\",\"urlTemplate\":\"https:\/\/compuviper.mx\/tienda\/?s={search_term_string}\"},\"query-input\":\"required name=search_term_string\"}],\"inLanguage\":\"es-MX\"},{\"@type\":\"Organization\",\"@id\":\"https:\/\/compuviper.mx\/tienda\/#organization\",\"name\":\"Compuviper\",\"url\":\"https:\/\/compuviper.mx\/tienda\/\",\"logo\":{\"@type\":\"ImageObject\",\"inLanguage\":\"es-MX\",\"@id\":\"https:\/\/compuviper.mx\/tienda\/#\/schema\/logo\/image\/\",\"url\":\"https:\/\/compuviper.mx\/tienda\/wp-content\/uploads\/2021\/08\/Logo-Compuviper-10.png\",\"contentUrl\":\"https:\/\/compuviper.mx\/tienda\/wp-content\/uploads\/2021\/08\/Logo-Compuviper-10.png\",\"width\":1000,\"height\":500,\"caption\":\"Compuviper\"},\"image\":{\"@id\":\"https:\/\/compuviper.mx\/tienda\/#\/schema\/logo\/image\/\"},\"sameAs\":[\"https:\/\/www.facebook.com\/compuviper\",\"https:\/\/www.youtube.com\/channel\/UCf73dERp9Y3cfOq7q8BhLjA?view_as=subscriber\"]}]}<\/script>\n<meta property=\"product:brand\" content=\"STARTECH.COM\" \/>\n<meta property=\"product:price:amount\" content=\"125\" \/>\n<meta property=\"product:price:currency\" content=\"MXN\" \/>\n<meta property=\"og:availability\" content=\"out of stock\" \/>\n<meta property=\"product:availability\" content=\"out of stock\" \/>\n<meta property=\"product:retailer_item_id\" content=\"MU2MMFS\" \/>\n<meta property=\"product:condition\" content=\"new\" \/>\n<!-- \/ Yoast SEO plugin. -->","yoast_head_json":{"title":"[ Startech.com ] &#129351; Mu2mmfs Cable De Audio De 2m De Extensi\u00f3n De Audifonos Mini-jack 3.5mm Estereo Macho A Hembra - Delgado - Mod.","description":"Compra Mu2mmfs Cable De Audio De 2m De Extensi\u00f3n De Audifonos Mini-jack 3.5mm Estereo Macho A Hembra - Delgado - Mod. + Env\u00edo a domicilio + Pago seguro + Garant\u00eda","robots":{"index":"index","follow":"follow","max-snippet":"max-snippet:-1","max-image-preview":"max-image-preview:large","max-video-preview":"max-video-preview:-1"},"canonical":"https:\/\/compuviper.mx\/tienda\/producto\/startech-com-mu2mmfs-cable-de-audio-de-2m-de-extensin-de-audifonos-mini-jack-3-5mm-estereo-macho-a-hembra-delgado-mod\/","og_locale":"es_MX","og_type":"article","og_title":"[ Startech.com ] &#129351; Mu2mmfs Cable De Audio De 2m De Extensi\u00f3n De Audifonos Mini-jack 3.5mm Estereo Macho A Hembra - Delgado - Mod.","og_description":"Compra Mu2mmfs Cable De Audio De 2m De Extensi\u00f3n De Audifonos Mini-jack 3.5mm Estereo Macho A Hembra - Delgado - Mod. + Env\u00edo a domicilio + Pago seguro + Garant\u00eda","og_url":"https:\/\/compuviper.mx\/tienda\/producto\/startech-com-mu2mmfs-cable-de-audio-de-2m-de-extensin-de-audifonos-mini-jack-3-5mm-estereo-macho-a-hembra-delgado-mod\/","og_site_name":"Compuviper","article_publisher":"https:\/\/www.facebook.com\/compuviper","og_image":[{"width":200,"height":200,"url":"https:\/\/compuviper.mx\/tienda\/wp-content\/uploads\/2023\/12\/Cable-de-audio-de-2m-de-extension-de-audifonos-mini-jack-3.5mm-estereo-macho-a-hembra-delgado-startech.com-mod.-mu2mmfs.jpg","type":"image\/jpeg"}],"twitter_card":"summary_large_image","twitter_misc":{"Precio":"&#36;125 con IVA","Availability":"Out of stock"},"schema":{"@context":"https:\/\/schema.org","@graph":[{"@type":"WebPage","@id":"https:\/\/compuviper.mx\/tienda\/producto\/startech-com-mu2mmfs-cable-de-audio-de-2m-de-extensin-de-audifonos-mini-jack-3-5mm-estereo-macho-a-hembra-delgado-mod\/","url":"https:\/\/compuviper.mx\/tienda\/producto\/startech-com-mu2mmfs-cable-de-audio-de-2m-de-extensin-de-audifonos-mini-jack-3-5mm-estereo-macho-a-hembra-delgado-mod\/","name":"[ Startech.com ] &#129351; Mu2mmfs Cable De Audio De 2m De Extensi\u00f3n De Audifonos Mini-jack 3.5mm Estereo Macho A Hembra - Delgado - Mod.","isPartOf":{"@id":"https:\/\/compuviper.mx\/tienda\/#website"},"datePublished":"2026-04-08T05:42:10+00:00","dateModified":"2026-04-08T05:42:10+00:00","description":"Compra Mu2mmfs Cable De Audio De 2m De Extensi\u00f3n De Audifonos Mini-jack 3.5mm Estereo Macho A Hembra - Delgado - Mod. + Env\u00edo a domicilio + Pago seguro + Garant\u00eda","breadcrumb":{"@id":"https:\/\/compuviper.mx\/tienda\/producto\/startech-com-mu2mmfs-cable-de-audio-de-2m-de-extensin-de-audifonos-mini-jack-3-5mm-estereo-macho-a-hembra-delgado-mod\/#breadcrumb"},"inLanguage":"es-MX","potentialAction":[{"@type":"ReadAction","target":["https:\/\/compuviper.mx\/tienda\/producto\/startech-com-mu2mmfs-cable-de-audio-de-2m-de-extensin-de-audifonos-mini-jack-3-5mm-estereo-macho-a-hembra-delgado-mod\/"]}]},{"@type":"BreadcrumbList","@id":"https:\/\/compuviper.mx\/tienda\/producto\/startech-com-mu2mmfs-cable-de-audio-de-2m-de-extensin-de-audifonos-mini-jack-3-5mm-estereo-macho-a-hembra-delgado-mod\/#breadcrumb","itemListElement":[{"@type":"ListItem","position":1,"name":"Inicio","item":"https:\/\/compuviper.mx\/tienda\/"},{"@type":"ListItem","position":2,"name":"Productos","item":"https:\/\/compuviper.mx\/tienda\/productos\/"},{"@type":"ListItem","position":3,"name":"Cables","item":"https:\/\/compuviper.mx\/tienda\/categoria-producto\/cables\/"},{"@type":"ListItem","position":4,"name":"Cable De Audio","item":"https:\/\/compuviper.mx\/tienda\/categoria-producto\/cables\/cable-de-audio\/"},{"@type":"ListItem","position":5,"name":"Startech.com Mu2mmfs Cable De Audio De 2m De Extensi?n De Audifonos Mini-jack 3.5mm Estereo Macho A Hembra &#8211; Delgado &#8211; Mod."}]},{"@type":"WebSite","@id":"https:\/\/compuviper.mx\/tienda\/#website","url":"https:\/\/compuviper.mx\/tienda\/","name":"Compuviper","description":"Proveedor de Computadoras, Laptops, Servidores, Monitores, Puntos de Venta, Teclados,   Impresoras, T\u00f3ner, C\u00e1maras de Seguridad y m\u00e1s en tu tienda en l\u00ednea","publisher":{"@id":"https:\/\/compuviper.mx\/tienda\/#organization"},"potentialAction":[{"@type":"SearchAction","target":{"@type":"EntryPoint","urlTemplate":"https:\/\/compuviper.mx\/tienda\/?s={search_term_string}"},"query-input":"required name=search_term_string"}],"inLanguage":"es-MX"},{"@type":"Organization","@id":"https:\/\/compuviper.mx\/tienda\/#organization","name":"Compuviper","url":"https:\/\/compuviper.mx\/tienda\/","logo":{"@type":"ImageObject","inLanguage":"es-MX","@id":"https:\/\/compuviper.mx\/tienda\/#\/schema\/logo\/image\/","url":"https:\/\/compuviper.mx\/tienda\/wp-content\/uploads\/2021\/08\/Logo-Compuviper-10.png","contentUrl":"https:\/\/compuviper.mx\/tienda\/wp-content\/uploads\/2021\/08\/Logo-Compuviper-10.png","width":1000,"height":500,"caption":"Compuviper"},"image":{"@id":"https:\/\/compuviper.mx\/tienda\/#\/schema\/logo\/image\/"},"sameAs":["https:\/\/www.facebook.com\/compuviper","https:\/\/www.youtube.com\/channel\/UCf73dERp9Y3cfOq7q8BhLjA?view_as=subscriber"]}]},"product_brand":"STARTECH.COM","product_price_amount":"125","product_price_currency":"MXN","og_availability":"out of stock","product_availability":"out of stock","product_retailer_item_id":"MU2MMFS","product_condition":"new"},"_links":{"self":[{"href":"https:\/\/compuviper.mx\/tienda\/wp-json\/wp\/v2\/product\/213528"}],"collection":[{"href":"https:\/\/compuviper.mx\/tienda\/wp-json\/wp\/v2\/product"}],"about":[{"href":"https:\/\/compuviper.mx\/tienda\/wp-json\/wp\/v2\/types\/product"}],"replies":[{"embeddable":true,"href":"https:\/\/compuviper.mx\/tienda\/wp-json\/wp\/v2\/comments?post=213528"}],"wp:featuredmedia":[{"embeddable":true,"href":"https:\/\/compuviper.mx\/tienda\/wp-json\/wp\/v2\/media\/213529"}],"wp:attachment":[{"href":"https:\/\/compuviper.mx\/tienda\/wp-json\/wp\/v2\/media?parent=213528"}],"wp:term":[{"taxonomy":"product_cat","embeddable":true,"href":"https:\/\/compuviper.mx\/tienda\/wp-json\/wp\/v2\/product_cat?post=213528"},{"taxonomy":"product_tag","embeddable":true,"href":"https:\/\/compuviper.mx\/tienda\/wp-json\/wp\/v2\/product_tag?post=213528"}],"curies":[{"name":"wp","href":"https:\/\/api.w.org\/{rel}","templated":true}]}}