{"id":213526,"date":"2026-04-17T23:42:42","date_gmt":"2026-04-18T05:42:42","guid":{"rendered":"https:\/\/compuviper.mx\/tienda\/producto\/startech-com-c6patch10bk-cable-de-3m-negro-de-red-gigabit-cat6-ethernet-rj45-utp-moldeado-certificado-etl-mod\/"},"modified":"2026-04-17T23:42:42","modified_gmt":"2026-04-18T05:42:42","slug":"startech-com-c6patch10bk-cable-de-3m-negro-de-red-gigabit-cat6-ethernet-rj45-utp-moldeado-certificado-etl-mod","status":"publish","type":"product","link":"https:\/\/compuviper.mx\/tienda\/producto\/startech-com-c6patch10bk-cable-de-3m-negro-de-red-gigabit-cat6-ethernet-rj45-utp-moldeado-certificado-etl-mod\/","title":{"rendered":"Startech.com C6patch10bk Cable De 3m Negro De Red Gigabit Cat6 Ethernet Rj45 Utp Moldeado &#8211; Certificado Etl &#8211;  Mod."},"content":{"rendered":"<table class=\"descripcion\">\n<tr>\n<td>Hardware<\/td>\n<\/tr>\n<tr>\n<td>Estandar de cableado: tia\/eia-568-b.1-2001 t568b<\/td>\n<\/tr>\n<tr>\n<td>Grado de inflamabilidad: clasificacion cmg uso general<\/td>\n<\/tr>\n<tr>\n<td>Tipo de cable: moldeado<\/td>\n<\/tr>\n<tr>\n<td>Rendimiento<\/td>\n<\/tr>\n<tr>\n<td>Clasificacion de cables: cat6 &#8211; 650 mhz<\/td>\n<\/tr>\n<tr>\n<td>Hardware<\/td>\n<\/tr>\n<tr>\n<td>Cantidad de conductores: 4 pair utp<\/td>\n<\/tr>\n<tr>\n<td>Cable tipo jacket: pvc &#8211; polyvinyl chloride<\/td>\n<\/tr>\n<tr>\n<td>Contenido de la caja<\/td>\n<\/tr>\n<tr>\n<td>Incluido en la caja: cable de red cat6 de 3m &#8211; negro<\/td>\n<\/tr>\n<tr>\n<td>Conectores<\/td>\n<\/tr>\n<tr>\n<td>Conector b: rj-45<\/td>\n<\/tr>\n<tr>\n<td>Conector a: rj-45<\/td>\n<\/tr>\n<tr>\n<td>Caracteristicas fisicas<\/td>\n<\/tr>\n<tr>\n<td>Tipo de conductor: cobre trenzado<\/td>\n<\/tr>\n<tr>\n<td>Peso: 128 g<\/td>\n<\/tr>\n<tr>\n<td>Longitud: 3 m<\/td>\n<\/tr>\n<tr>\n<td>Longitud del cable: 3 m<\/td>\n<\/tr>\n<tr>\n<td>Color: negro<\/td>\n<\/tr>\n<tr>\n<td>Calibre del conductor: 24 awg<\/td>\n<\/tr>\n<\/table>\n","protected":false},"excerpt":{"rendered":"<p>El cable de red de 3 metros, modelo cpatch10bk, cumple o excede las especificaciones de cable de categoria 6, asegurando\u00a0conexiones de red gigabit confiables.?. Con el fin de garantizar un rendimiento optimo de larga duracion, este cable cat6 de alta calidad incluye extremos\u00a0moldeados en pvc con alivio de tension, que previenen que las terminaciones de los conectores rj45 se doblen en angulos agudos. Fabricado en su totalidad con materiales de alta calidad, este cable de red gigabit entrega un rendimiento confiable. Obtenga el mayor valor de su inversion en cableado con nuestros cables cat 6, cada uno de ellos fabricado con alambres de cobre de alta calidad. Asegure un alto rendimiento para sus exigentes aplicaciones de conectividad ethernet, como alimentacion a traves de ethernet power-over-ethernet, utilizando cables con un grosor de cobre de 0.205mm2\u00a024awg.<\/p>\n","protected":false},"featured_media":213527,"comment_status":"open","ping_status":"open","template":"","meta":[],"product_cat":[1549,1602],"product_tag":[1590],"acf":[],"yoast_head":"<!-- This site is optimized with the Yoast SEO plugin v21.7 - https:\/\/yoast.com\/wordpress\/plugins\/seo\/ -->\n<title>[ Startech.com ] &#129351; C6patch10bk Cable De 3m Negro De Red Gigabit Cat6 Ethernet Rj45 Utp Moldeado - Certificado Etl - Mod.<\/title>\n<meta name=\"description\" content=\"Compra C6patch10bk Cable De 3m Negro De Red Gigabit Cat6 Ethernet Rj45 Utp Moldeado - Certificado Etl - Mod. + Env\u00edo a domicilio + Pago seguro + Garant\u00eda\" \/>\n<meta name=\"robots\" content=\"index, follow, max-snippet:-1, max-image-preview:large, max-video-preview:-1\" \/>\n<link rel=\"canonical\" href=\"https:\/\/compuviper.mx\/tienda\/producto\/startech-com-c6patch10bk-cable-de-3m-negro-de-red-gigabit-cat6-ethernet-rj45-utp-moldeado-certificado-etl-mod\/\" \/>\n<meta property=\"og:locale\" content=\"es_MX\" \/>\n<meta property=\"og:type\" content=\"article\" \/>\n<meta property=\"og:title\" content=\"[ Startech.com ] &#129351; C6patch10bk Cable De 3m Negro De Red Gigabit Cat6 Ethernet Rj45 Utp Moldeado - Certificado Etl - Mod.\" \/>\n<meta property=\"og:description\" content=\"Compra C6patch10bk Cable De 3m Negro De Red Gigabit Cat6 Ethernet Rj45 Utp Moldeado - Certificado Etl - Mod. + Env\u00edo a domicilio + Pago seguro + Garant\u00eda\" \/>\n<meta property=\"og:url\" content=\"https:\/\/compuviper.mx\/tienda\/producto\/startech-com-c6patch10bk-cable-de-3m-negro-de-red-gigabit-cat6-ethernet-rj45-utp-moldeado-certificado-etl-mod\/\" \/>\n<meta property=\"og:site_name\" content=\"Compuviper\" \/>\n<meta property=\"article:publisher\" content=\"https:\/\/www.facebook.com\/compuviper\" \/>\n<meta property=\"og:image\" content=\"https:\/\/compuviper.mx\/tienda\/wp-content\/uploads\/2023\/12\/Cable-de-3m-negro-de-red-gigabit-cat6-ethernet-rj45-utp-moldeado-certificado-etl-startech.com-mod.-c6patch10bk.jpg\" \/>\n\t<meta property=\"og:image:width\" content=\"200\" \/>\n\t<meta property=\"og:image:height\" content=\"200\" \/>\n\t<meta property=\"og:image:type\" content=\"image\/jpeg\" \/>\n<meta name=\"twitter:card\" content=\"summary_large_image\" \/>\n<meta name=\"twitter:label1\" content=\"Precio\" \/>\n\t<meta name=\"twitter:data1\" content=\"&#36;117 con IVA\" \/>\n\t<meta name=\"twitter:label2\" content=\"Availability\" \/>\n\t<meta name=\"twitter:data2\" content=\"Out of stock\" \/>\n<script type=\"application\/ld+json\" class=\"yoast-schema-graph\">{\"@context\":\"https:\/\/schema.org\",\"@graph\":[{\"@type\":\"WebPage\",\"@id\":\"https:\/\/compuviper.mx\/tienda\/producto\/startech-com-c6patch10bk-cable-de-3m-negro-de-red-gigabit-cat6-ethernet-rj45-utp-moldeado-certificado-etl-mod\/\",\"url\":\"https:\/\/compuviper.mx\/tienda\/producto\/startech-com-c6patch10bk-cable-de-3m-negro-de-red-gigabit-cat6-ethernet-rj45-utp-moldeado-certificado-etl-mod\/\",\"name\":\"[ Startech.com ] &#129351; C6patch10bk Cable De 3m Negro De Red Gigabit Cat6 Ethernet Rj45 Utp Moldeado - Certificado Etl - Mod.\",\"isPartOf\":{\"@id\":\"https:\/\/compuviper.mx\/tienda\/#website\"},\"datePublished\":\"2026-04-18T05:42:42+00:00\",\"dateModified\":\"2026-04-18T05:42:42+00:00\",\"description\":\"Compra C6patch10bk Cable De 3m Negro De Red Gigabit Cat6 Ethernet Rj45 Utp Moldeado - Certificado Etl - Mod. + Env\u00edo a domicilio + Pago seguro + Garant\u00eda\",\"breadcrumb\":{\"@id\":\"https:\/\/compuviper.mx\/tienda\/producto\/startech-com-c6patch10bk-cable-de-3m-negro-de-red-gigabit-cat6-ethernet-rj45-utp-moldeado-certificado-etl-mod\/#breadcrumb\"},\"inLanguage\":\"es-MX\",\"potentialAction\":[{\"@type\":\"ReadAction\",\"target\":[\"https:\/\/compuviper.mx\/tienda\/producto\/startech-com-c6patch10bk-cable-de-3m-negro-de-red-gigabit-cat6-ethernet-rj45-utp-moldeado-certificado-etl-mod\/\"]}]},{\"@type\":\"BreadcrumbList\",\"@id\":\"https:\/\/compuviper.mx\/tienda\/producto\/startech-com-c6patch10bk-cable-de-3m-negro-de-red-gigabit-cat6-ethernet-rj45-utp-moldeado-certificado-etl-mod\/#breadcrumb\",\"itemListElement\":[{\"@type\":\"ListItem\",\"position\":1,\"name\":\"Inicio\",\"item\":\"https:\/\/compuviper.mx\/tienda\/\"},{\"@type\":\"ListItem\",\"position\":2,\"name\":\"Productos\",\"item\":\"https:\/\/compuviper.mx\/tienda\/productos\/\"},{\"@type\":\"ListItem\",\"position\":3,\"name\":\"Cables\",\"item\":\"https:\/\/compuviper.mx\/tienda\/categoria-producto\/cables\/\"},{\"@type\":\"ListItem\",\"position\":4,\"name\":\"Cable De Red\",\"item\":\"https:\/\/compuviper.mx\/tienda\/categoria-producto\/cables\/cable-de-red\/\"},{\"@type\":\"ListItem\",\"position\":5,\"name\":\"Startech.com C6patch10bk Cable De 3m Negro De Red Gigabit Cat6 Ethernet Rj45 Utp Moldeado &#8211; Certificado Etl &#8211; Mod.\"}]},{\"@type\":\"WebSite\",\"@id\":\"https:\/\/compuviper.mx\/tienda\/#website\",\"url\":\"https:\/\/compuviper.mx\/tienda\/\",\"name\":\"Compuviper\",\"description\":\"Proveedor de Computadoras, Laptops, Servidores, Monitores, Puntos de Venta, Teclados,   Impresoras, T\u00f3ner, C\u00e1maras de Seguridad y m\u00e1s en tu tienda en l\u00ednea\",\"publisher\":{\"@id\":\"https:\/\/compuviper.mx\/tienda\/#organization\"},\"potentialAction\":[{\"@type\":\"SearchAction\",\"target\":{\"@type\":\"EntryPoint\",\"urlTemplate\":\"https:\/\/compuviper.mx\/tienda\/?s={search_term_string}\"},\"query-input\":\"required name=search_term_string\"}],\"inLanguage\":\"es-MX\"},{\"@type\":\"Organization\",\"@id\":\"https:\/\/compuviper.mx\/tienda\/#organization\",\"name\":\"Compuviper\",\"url\":\"https:\/\/compuviper.mx\/tienda\/\",\"logo\":{\"@type\":\"ImageObject\",\"inLanguage\":\"es-MX\",\"@id\":\"https:\/\/compuviper.mx\/tienda\/#\/schema\/logo\/image\/\",\"url\":\"https:\/\/compuviper.mx\/tienda\/wp-content\/uploads\/2021\/08\/Logo-Compuviper-10.png\",\"contentUrl\":\"https:\/\/compuviper.mx\/tienda\/wp-content\/uploads\/2021\/08\/Logo-Compuviper-10.png\",\"width\":1000,\"height\":500,\"caption\":\"Compuviper\"},\"image\":{\"@id\":\"https:\/\/compuviper.mx\/tienda\/#\/schema\/logo\/image\/\"},\"sameAs\":[\"https:\/\/www.facebook.com\/compuviper\",\"https:\/\/www.youtube.com\/channel\/UCf73dERp9Y3cfOq7q8BhLjA?view_as=subscriber\"]}]}<\/script>\n<meta property=\"product:brand\" content=\"STARTECH.COM\" \/>\n<meta property=\"product:price:amount\" content=\"117\" \/>\n<meta property=\"product:price:currency\" content=\"MXN\" \/>\n<meta property=\"og:availability\" content=\"out of stock\" \/>\n<meta property=\"product:availability\" content=\"out of stock\" \/>\n<meta property=\"product:retailer_item_id\" content=\"C6PATCH10BK\" \/>\n<meta property=\"product:condition\" content=\"new\" \/>\n<!-- \/ Yoast SEO plugin. -->","yoast_head_json":{"title":"[ Startech.com ] &#129351; C6patch10bk Cable De 3m Negro De Red Gigabit Cat6 Ethernet Rj45 Utp Moldeado - Certificado Etl - Mod.","description":"Compra C6patch10bk Cable De 3m Negro De Red Gigabit Cat6 Ethernet Rj45 Utp Moldeado - Certificado Etl - Mod. + Env\u00edo a domicilio + Pago seguro + Garant\u00eda","robots":{"index":"index","follow":"follow","max-snippet":"max-snippet:-1","max-image-preview":"max-image-preview:large","max-video-preview":"max-video-preview:-1"},"canonical":"https:\/\/compuviper.mx\/tienda\/producto\/startech-com-c6patch10bk-cable-de-3m-negro-de-red-gigabit-cat6-ethernet-rj45-utp-moldeado-certificado-etl-mod\/","og_locale":"es_MX","og_type":"article","og_title":"[ Startech.com ] &#129351; C6patch10bk Cable De 3m Negro De Red Gigabit Cat6 Ethernet Rj45 Utp Moldeado - Certificado Etl - Mod.","og_description":"Compra C6patch10bk Cable De 3m Negro De Red Gigabit Cat6 Ethernet Rj45 Utp Moldeado - Certificado Etl - Mod. + Env\u00edo a domicilio + Pago seguro + Garant\u00eda","og_url":"https:\/\/compuviper.mx\/tienda\/producto\/startech-com-c6patch10bk-cable-de-3m-negro-de-red-gigabit-cat6-ethernet-rj45-utp-moldeado-certificado-etl-mod\/","og_site_name":"Compuviper","article_publisher":"https:\/\/www.facebook.com\/compuviper","og_image":[{"width":200,"height":200,"url":"https:\/\/compuviper.mx\/tienda\/wp-content\/uploads\/2023\/12\/Cable-de-3m-negro-de-red-gigabit-cat6-ethernet-rj45-utp-moldeado-certificado-etl-startech.com-mod.-c6patch10bk.jpg","type":"image\/jpeg"}],"twitter_card":"summary_large_image","twitter_misc":{"Precio":"&#36;117 con IVA","Availability":"Out of stock"},"schema":{"@context":"https:\/\/schema.org","@graph":[{"@type":"WebPage","@id":"https:\/\/compuviper.mx\/tienda\/producto\/startech-com-c6patch10bk-cable-de-3m-negro-de-red-gigabit-cat6-ethernet-rj45-utp-moldeado-certificado-etl-mod\/","url":"https:\/\/compuviper.mx\/tienda\/producto\/startech-com-c6patch10bk-cable-de-3m-negro-de-red-gigabit-cat6-ethernet-rj45-utp-moldeado-certificado-etl-mod\/","name":"[ Startech.com ] &#129351; C6patch10bk Cable De 3m Negro De Red Gigabit Cat6 Ethernet Rj45 Utp Moldeado - Certificado Etl - Mod.","isPartOf":{"@id":"https:\/\/compuviper.mx\/tienda\/#website"},"datePublished":"2026-04-18T05:42:42+00:00","dateModified":"2026-04-18T05:42:42+00:00","description":"Compra C6patch10bk Cable De 3m Negro De Red Gigabit Cat6 Ethernet Rj45 Utp Moldeado - Certificado Etl - Mod. + Env\u00edo a domicilio + Pago seguro + Garant\u00eda","breadcrumb":{"@id":"https:\/\/compuviper.mx\/tienda\/producto\/startech-com-c6patch10bk-cable-de-3m-negro-de-red-gigabit-cat6-ethernet-rj45-utp-moldeado-certificado-etl-mod\/#breadcrumb"},"inLanguage":"es-MX","potentialAction":[{"@type":"ReadAction","target":["https:\/\/compuviper.mx\/tienda\/producto\/startech-com-c6patch10bk-cable-de-3m-negro-de-red-gigabit-cat6-ethernet-rj45-utp-moldeado-certificado-etl-mod\/"]}]},{"@type":"BreadcrumbList","@id":"https:\/\/compuviper.mx\/tienda\/producto\/startech-com-c6patch10bk-cable-de-3m-negro-de-red-gigabit-cat6-ethernet-rj45-utp-moldeado-certificado-etl-mod\/#breadcrumb","itemListElement":[{"@type":"ListItem","position":1,"name":"Inicio","item":"https:\/\/compuviper.mx\/tienda\/"},{"@type":"ListItem","position":2,"name":"Productos","item":"https:\/\/compuviper.mx\/tienda\/productos\/"},{"@type":"ListItem","position":3,"name":"Cables","item":"https:\/\/compuviper.mx\/tienda\/categoria-producto\/cables\/"},{"@type":"ListItem","position":4,"name":"Cable De Red","item":"https:\/\/compuviper.mx\/tienda\/categoria-producto\/cables\/cable-de-red\/"},{"@type":"ListItem","position":5,"name":"Startech.com C6patch10bk Cable De 3m Negro De Red Gigabit Cat6 Ethernet Rj45 Utp Moldeado &#8211; Certificado Etl &#8211; Mod."}]},{"@type":"WebSite","@id":"https:\/\/compuviper.mx\/tienda\/#website","url":"https:\/\/compuviper.mx\/tienda\/","name":"Compuviper","description":"Proveedor de Computadoras, Laptops, Servidores, Monitores, Puntos de Venta, Teclados,   Impresoras, T\u00f3ner, C\u00e1maras de Seguridad y m\u00e1s en tu tienda en l\u00ednea","publisher":{"@id":"https:\/\/compuviper.mx\/tienda\/#organization"},"potentialAction":[{"@type":"SearchAction","target":{"@type":"EntryPoint","urlTemplate":"https:\/\/compuviper.mx\/tienda\/?s={search_term_string}"},"query-input":"required name=search_term_string"}],"inLanguage":"es-MX"},{"@type":"Organization","@id":"https:\/\/compuviper.mx\/tienda\/#organization","name":"Compuviper","url":"https:\/\/compuviper.mx\/tienda\/","logo":{"@type":"ImageObject","inLanguage":"es-MX","@id":"https:\/\/compuviper.mx\/tienda\/#\/schema\/logo\/image\/","url":"https:\/\/compuviper.mx\/tienda\/wp-content\/uploads\/2021\/08\/Logo-Compuviper-10.png","contentUrl":"https:\/\/compuviper.mx\/tienda\/wp-content\/uploads\/2021\/08\/Logo-Compuviper-10.png","width":1000,"height":500,"caption":"Compuviper"},"image":{"@id":"https:\/\/compuviper.mx\/tienda\/#\/schema\/logo\/image\/"},"sameAs":["https:\/\/www.facebook.com\/compuviper","https:\/\/www.youtube.com\/channel\/UCf73dERp9Y3cfOq7q8BhLjA?view_as=subscriber"]}]},"product_brand":"STARTECH.COM","product_price_amount":"117","product_price_currency":"MXN","og_availability":"out of stock","product_availability":"out of stock","product_retailer_item_id":"C6PATCH10BK","product_condition":"new"},"_links":{"self":[{"href":"https:\/\/compuviper.mx\/tienda\/wp-json\/wp\/v2\/product\/213526"}],"collection":[{"href":"https:\/\/compuviper.mx\/tienda\/wp-json\/wp\/v2\/product"}],"about":[{"href":"https:\/\/compuviper.mx\/tienda\/wp-json\/wp\/v2\/types\/product"}],"replies":[{"embeddable":true,"href":"https:\/\/compuviper.mx\/tienda\/wp-json\/wp\/v2\/comments?post=213526"}],"wp:featuredmedia":[{"embeddable":true,"href":"https:\/\/compuviper.mx\/tienda\/wp-json\/wp\/v2\/media\/213527"}],"wp:attachment":[{"href":"https:\/\/compuviper.mx\/tienda\/wp-json\/wp\/v2\/media?parent=213526"}],"wp:term":[{"taxonomy":"product_cat","embeddable":true,"href":"https:\/\/compuviper.mx\/tienda\/wp-json\/wp\/v2\/product_cat?post=213526"},{"taxonomy":"product_tag","embeddable":true,"href":"https:\/\/compuviper.mx\/tienda\/wp-json\/wp\/v2\/product_tag?post=213526"}],"curies":[{"name":"wp","href":"https:\/\/api.w.org\/{rel}","templated":true}]}}