{"id":213516,"date":"2026-04-10T23:37:34","date_gmt":"2026-04-11T05:37:34","guid":{"rendered":"https:\/\/compuviper.mx\/tienda\/producto\/startech-com-icusb232ftn-cable-adaptador-de-1-8m-usb-a-a-mdem-nulo-null-serial-db9-rs232-dce-con-ftdi-1x-usb-a-macho-1x-db9-hembra-mod\/"},"modified":"2026-04-10T23:37:34","modified_gmt":"2026-04-11T05:37:34","slug":"startech-com-icusb232ftn-cable-adaptador-de-1-8m-usb-a-a-mdem-nulo-null-serial-db9-rs232-dce-con-ftdi-1x-usb-a-macho-1x-db9-hembra-mod","status":"publish","type":"product","link":"https:\/\/compuviper.mx\/tienda\/producto\/startech-com-icusb232ftn-cable-adaptador-de-1-8m-usb-a-a-mdem-nulo-null-serial-db9-rs232-dce-con-ftdi-1x-usb-a-macho-1x-db9-hembra-mod\/","title":{"rendered":"Startech.com Icusb232ftn Cable Adaptador De 1.8m Usb-a A Mdem Nulo Null Serial Db9 Rs232 Dce Con Ftdi &#8211; 1x Usb A Macho &#8211; 1x Db9 Hembra &#8211;  Mod."},"content":{"rendered":"<table class=\"descripcion\">\n<tr>\n<td>Caracter\u00edsticas f\u00edsicas<\/td>\n<\/tr>\n<tr>\n<td>Altura del producto : 1.5 cm<\/td>\n<\/tr>\n<tr>\n<td>Ancho del producto : 30 mm<\/td>\n<\/tr>\n<tr>\n<td>Color : negro<\/td>\n<\/tr>\n<tr>\n<td>Longitud del cable : 1.7 m<\/td>\n<\/tr>\n<tr>\n<td>Longitud del producto : 1.8 m<\/td>\n<\/tr>\n<tr>\n<td>Peso del producto : 90 g<\/td>\n<\/tr>\n<tr>\n<td>Tipo de gabinete : pl\u00e1stico<\/td>\n<\/tr>\n<tr>\n<td>Conector(es)<\/td>\n<\/tr>\n<tr>\n<td>Tipo(s) de conector(es) : db-9 (9 pines, d-sub)<\/td>\n<\/tr>\n<tr>\n<td>Tipo(s) de conector(es) : usb type-a (4 pines) usb 2.0<\/td>\n<\/tr>\n<tr>\n<td>Hardware<\/td>\n<\/tr>\n<tr>\n<td>Cantidad de puertos : 1<\/td>\n<\/tr>\n<tr>\n<td>Estilo de puerto : adaptadores de cable<\/td>\n<\/tr>\n<tr>\n<td>Id del conjunto de chips : ftdi &#8211; ft232rl<\/td>\n<\/tr>\n<tr>\n<td>Interfaz : serial<\/td>\n<\/tr>\n<tr>\n<td>Tipo de bus : usb 2.0<\/td>\n<\/tr>\n<tr>\n<td>Rendimiento<\/td>\n<\/tr>\n<tr>\n<td>Bits de datos : 7, 8<\/td>\n<\/tr>\n<tr>\n<td>Bits de detenci\u00f3n : 1, 2<\/td>\n<\/tr>\n<tr>\n<td>Fifo : 256 bytes<\/td>\n<\/tr>\n<tr>\n<td>Mtbf : 541.728 horas<\/td>\n<\/tr>\n<tr>\n<td>Paridad : none, odd, even, mark,<\/td>\n<\/tr>\n<tr>\n<td>Space<\/td>\n<\/tr>\n<tr>\n<td>Protocolo serie  : rs-232<\/td>\n<\/tr>\n<tr>\n<td>Tasa m\u00e1xima de baudios  : 921,6 kbps<\/td>\n<\/tr>\n<tr>\n<td>Software<\/td>\n<\/tr>\n<tr>\n<td>Compatibilidad os : windows\u00ae ce (4.2, 5.0, 6.0), xp embedded, 98se, 2000, xp, vista, 7, 8, 8.1, 10<\/td>\n<\/tr>\n<tr>\n<td> windows server\u00ae 2003, 2008 r2, 2012, 2012 r2, 2016, 2019<\/td>\n<\/tr>\n<tr>\n<td> mac os\u00ae 10.6 a 10.15<\/td>\n<\/tr>\n<tr>\n<td> linux 2.4.x a 4.11.x<\/td>\n<\/tr>\n<tr>\n<td>Solo versiones lts<\/td>\n<\/tr>\n<\/table>\n","protected":false},"excerpt":{"rendered":"<p>El cable adaptador usb a m\u00f3dem nulo serial\u00a0con ftdi (1 puerto), icusb232ftn convierte un puerto usb 1.1 o 2.0 en un puerto serie rs232 db9 de m\u00f3dem nulo, resolviendo los conflictos entre un dce y un dte f\u00e1cilmente sin necesidad de emplear adaptadores o cables seriales cruzados adicionales. Este adaptador de dise\u00f1o compacto ofrece retenci\u00f3n com, que permite asignar el mismo valor de puerto com en forma autom\u00e1tica en caso de tener que desconectar el cable y volverlo a conectar la computadora host, o reiniciar el sistema. El chipset ftdi integrado se puede personalizar y ofrece funciones avanzadas y compatibilidad que no necesariamente proporcionan otras soluciones. El adaptador usb a m\u00f3dem nulo es compatible con una amplia variedad de sistemas operativos entre los cuales se incluyen windows, windows ce, mac os y linux, lo que favorece su integraci\u00f3n en entornos mixtos. Cuenta con soporte t\u00e9cnico gratuito de por vida con el respaldo de startech.Com.<\/p>\n","protected":false},"featured_media":213517,"comment_status":"open","ping_status":"open","template":"","meta":[],"product_cat":[1549,1605],"product_tag":[1590],"acf":[],"yoast_head":"<!-- This site is optimized with the Yoast SEO plugin v21.7 - https:\/\/yoast.com\/wordpress\/plugins\/seo\/ -->\n<title>[ Startech.com ] &#129351; Icusb232ftn Cable Adaptador De 1.8m Usb-a A Mdem Nulo Null Serial Db9 Rs232 Dce Con Ftdi - 1x Usb A Macho - 1x Db9 Hembra - Mod.<\/title>\n<meta name=\"description\" content=\"Compra Icusb232ftn Cable Adaptador De 1.8m Usb-a A Mdem Nulo Null Serial Db9 Rs232 Dce Con Ftdi - 1x Usb A Macho - 1x Db9 Hembra - Mod. + Env\u00edo a domicilio + Pago seguro + Garant\u00eda\" \/>\n<meta name=\"robots\" content=\"index, follow, max-snippet:-1, max-image-preview:large, max-video-preview:-1\" \/>\n<link rel=\"canonical\" href=\"https:\/\/compuviper.mx\/tienda\/producto\/startech-com-icusb232ftn-cable-adaptador-de-1-8m-usb-a-a-mdem-nulo-null-serial-db9-rs232-dce-con-ftdi-1x-usb-a-macho-1x-db9-hembra-mod\/\" \/>\n<meta property=\"og:locale\" content=\"es_MX\" \/>\n<meta property=\"og:type\" content=\"article\" \/>\n<meta property=\"og:title\" content=\"[ Startech.com ] &#129351; Icusb232ftn Cable Adaptador De 1.8m Usb-a A Mdem Nulo Null Serial Db9 Rs232 Dce Con Ftdi - 1x Usb A Macho - 1x Db9 Hembra - Mod.\" \/>\n<meta property=\"og:description\" content=\"Compra Icusb232ftn Cable Adaptador De 1.8m Usb-a A Mdem Nulo Null Serial Db9 Rs232 Dce Con Ftdi - 1x Usb A Macho - 1x Db9 Hembra - Mod. + Env\u00edo a domicilio + Pago seguro + Garant\u00eda\" \/>\n<meta property=\"og:url\" content=\"https:\/\/compuviper.mx\/tienda\/producto\/startech-com-icusb232ftn-cable-adaptador-de-1-8m-usb-a-a-mdem-nulo-null-serial-db9-rs232-dce-con-ftdi-1x-usb-a-macho-1x-db9-hembra-mod\/\" \/>\n<meta property=\"og:site_name\" content=\"Compuviper\" \/>\n<meta property=\"article:publisher\" content=\"https:\/\/www.facebook.com\/compuviper\" \/>\n<meta property=\"og:image\" content=\"https:\/\/compuviper.mx\/tienda\/wp-content\/uploads\/2023\/12\/Cable-adaptador-de-1.8m-usb-a-a-modem-nulo-null-serial-db9-rs232-dce-con-ftdi-1x-usb-a-macho-1x-db9-hembra-startech.com-mod.-icusb232ftn.jpg\" \/>\n\t<meta property=\"og:image:width\" content=\"200\" \/>\n\t<meta property=\"og:image:height\" content=\"200\" \/>\n\t<meta property=\"og:image:type\" content=\"image\/jpeg\" \/>\n<meta name=\"twitter:card\" content=\"summary_large_image\" \/>\n<meta name=\"twitter:label1\" content=\"Precio\" \/>\n\t<meta name=\"twitter:data1\" content=\"&#36;805 con IVA\" \/>\n\t<meta name=\"twitter:label2\" content=\"Availability\" \/>\n\t<meta name=\"twitter:data2\" content=\"Out of stock\" \/>\n<script type=\"application\/ld+json\" class=\"yoast-schema-graph\">{\"@context\":\"https:\/\/schema.org\",\"@graph\":[{\"@type\":\"WebPage\",\"@id\":\"https:\/\/compuviper.mx\/tienda\/producto\/startech-com-icusb232ftn-cable-adaptador-de-1-8m-usb-a-a-mdem-nulo-null-serial-db9-rs232-dce-con-ftdi-1x-usb-a-macho-1x-db9-hembra-mod\/\",\"url\":\"https:\/\/compuviper.mx\/tienda\/producto\/startech-com-icusb232ftn-cable-adaptador-de-1-8m-usb-a-a-mdem-nulo-null-serial-db9-rs232-dce-con-ftdi-1x-usb-a-macho-1x-db9-hembra-mod\/\",\"name\":\"[ Startech.com ] &#129351; Icusb232ftn Cable Adaptador De 1.8m Usb-a A Mdem Nulo Null Serial Db9 Rs232 Dce Con Ftdi - 1x Usb A Macho - 1x Db9 Hembra - Mod.\",\"isPartOf\":{\"@id\":\"https:\/\/compuviper.mx\/tienda\/#website\"},\"datePublished\":\"2026-04-11T05:37:34+00:00\",\"dateModified\":\"2026-04-11T05:37:34+00:00\",\"description\":\"Compra Icusb232ftn Cable Adaptador De 1.8m Usb-a A Mdem Nulo Null Serial Db9 Rs232 Dce Con Ftdi - 1x Usb A Macho - 1x Db9 Hembra - Mod. + Env\u00edo a domicilio + Pago seguro + Garant\u00eda\",\"breadcrumb\":{\"@id\":\"https:\/\/compuviper.mx\/tienda\/producto\/startech-com-icusb232ftn-cable-adaptador-de-1-8m-usb-a-a-mdem-nulo-null-serial-db9-rs232-dce-con-ftdi-1x-usb-a-macho-1x-db9-hembra-mod\/#breadcrumb\"},\"inLanguage\":\"es-MX\",\"potentialAction\":[{\"@type\":\"ReadAction\",\"target\":[\"https:\/\/compuviper.mx\/tienda\/producto\/startech-com-icusb232ftn-cable-adaptador-de-1-8m-usb-a-a-mdem-nulo-null-serial-db9-rs232-dce-con-ftdi-1x-usb-a-macho-1x-db9-hembra-mod\/\"]}]},{\"@type\":\"BreadcrumbList\",\"@id\":\"https:\/\/compuviper.mx\/tienda\/producto\/startech-com-icusb232ftn-cable-adaptador-de-1-8m-usb-a-a-mdem-nulo-null-serial-db9-rs232-dce-con-ftdi-1x-usb-a-macho-1x-db9-hembra-mod\/#breadcrumb\",\"itemListElement\":[{\"@type\":\"ListItem\",\"position\":1,\"name\":\"Inicio\",\"item\":\"https:\/\/compuviper.mx\/tienda\/\"},{\"@type\":\"ListItem\",\"position\":2,\"name\":\"Productos\",\"item\":\"https:\/\/compuviper.mx\/tienda\/productos\/\"},{\"@type\":\"ListItem\",\"position\":3,\"name\":\"Cables\",\"item\":\"https:\/\/compuviper.mx\/tienda\/categoria-producto\/cables\/\"},{\"@type\":\"ListItem\",\"position\":4,\"name\":\"Cable Usb\",\"item\":\"https:\/\/compuviper.mx\/tienda\/categoria-producto\/cables\/cable-usb\/\"},{\"@type\":\"ListItem\",\"position\":5,\"name\":\"Startech.com Icusb232ftn Cable Adaptador De 1.8m Usb-a A Mdem Nulo Null Serial Db9 Rs232 Dce Con Ftdi &#8211; 1x Usb A Macho &#8211; 1x Db9 Hembra &#8211; Mod.\"}]},{\"@type\":\"WebSite\",\"@id\":\"https:\/\/compuviper.mx\/tienda\/#website\",\"url\":\"https:\/\/compuviper.mx\/tienda\/\",\"name\":\"Compuviper\",\"description\":\"Proveedor de Computadoras, Laptops, Servidores, Monitores, Puntos de Venta, Teclados,   Impresoras, T\u00f3ner, C\u00e1maras de Seguridad y m\u00e1s en tu tienda en l\u00ednea\",\"publisher\":{\"@id\":\"https:\/\/compuviper.mx\/tienda\/#organization\"},\"potentialAction\":[{\"@type\":\"SearchAction\",\"target\":{\"@type\":\"EntryPoint\",\"urlTemplate\":\"https:\/\/compuviper.mx\/tienda\/?s={search_term_string}\"},\"query-input\":\"required name=search_term_string\"}],\"inLanguage\":\"es-MX\"},{\"@type\":\"Organization\",\"@id\":\"https:\/\/compuviper.mx\/tienda\/#organization\",\"name\":\"Compuviper\",\"url\":\"https:\/\/compuviper.mx\/tienda\/\",\"logo\":{\"@type\":\"ImageObject\",\"inLanguage\":\"es-MX\",\"@id\":\"https:\/\/compuviper.mx\/tienda\/#\/schema\/logo\/image\/\",\"url\":\"https:\/\/compuviper.mx\/tienda\/wp-content\/uploads\/2021\/08\/Logo-Compuviper-10.png\",\"contentUrl\":\"https:\/\/compuviper.mx\/tienda\/wp-content\/uploads\/2021\/08\/Logo-Compuviper-10.png\",\"width\":1000,\"height\":500,\"caption\":\"Compuviper\"},\"image\":{\"@id\":\"https:\/\/compuviper.mx\/tienda\/#\/schema\/logo\/image\/\"},\"sameAs\":[\"https:\/\/www.facebook.com\/compuviper\",\"https:\/\/www.youtube.com\/channel\/UCf73dERp9Y3cfOq7q8BhLjA?view_as=subscriber\"]}]}<\/script>\n<meta property=\"product:brand\" content=\"STARTECH.COM\" \/>\n<meta property=\"product:price:amount\" content=\"805\" \/>\n<meta property=\"product:price:currency\" content=\"MXN\" \/>\n<meta property=\"og:availability\" content=\"out of stock\" \/>\n<meta property=\"product:availability\" content=\"out of stock\" \/>\n<meta property=\"product:retailer_item_id\" content=\"ICUSB232FTN\" \/>\n<meta property=\"product:condition\" content=\"new\" \/>\n<!-- \/ Yoast SEO plugin. -->","yoast_head_json":{"title":"[ Startech.com ] &#129351; Icusb232ftn Cable Adaptador De 1.8m Usb-a A Mdem Nulo Null Serial Db9 Rs232 Dce Con Ftdi - 1x Usb A Macho - 1x Db9 Hembra - Mod.","description":"Compra Icusb232ftn Cable Adaptador De 1.8m Usb-a A Mdem Nulo Null Serial Db9 Rs232 Dce Con Ftdi - 1x Usb A Macho - 1x Db9 Hembra - Mod. + Env\u00edo a domicilio + Pago seguro + Garant\u00eda","robots":{"index":"index","follow":"follow","max-snippet":"max-snippet:-1","max-image-preview":"max-image-preview:large","max-video-preview":"max-video-preview:-1"},"canonical":"https:\/\/compuviper.mx\/tienda\/producto\/startech-com-icusb232ftn-cable-adaptador-de-1-8m-usb-a-a-mdem-nulo-null-serial-db9-rs232-dce-con-ftdi-1x-usb-a-macho-1x-db9-hembra-mod\/","og_locale":"es_MX","og_type":"article","og_title":"[ Startech.com ] &#129351; Icusb232ftn Cable Adaptador De 1.8m Usb-a A Mdem Nulo Null Serial Db9 Rs232 Dce Con Ftdi - 1x Usb A Macho - 1x Db9 Hembra - Mod.","og_description":"Compra Icusb232ftn Cable Adaptador De 1.8m Usb-a A Mdem Nulo Null Serial Db9 Rs232 Dce Con Ftdi - 1x Usb A Macho - 1x Db9 Hembra - Mod. + Env\u00edo a domicilio + Pago seguro + Garant\u00eda","og_url":"https:\/\/compuviper.mx\/tienda\/producto\/startech-com-icusb232ftn-cable-adaptador-de-1-8m-usb-a-a-mdem-nulo-null-serial-db9-rs232-dce-con-ftdi-1x-usb-a-macho-1x-db9-hembra-mod\/","og_site_name":"Compuviper","article_publisher":"https:\/\/www.facebook.com\/compuviper","og_image":[{"width":200,"height":200,"url":"https:\/\/compuviper.mx\/tienda\/wp-content\/uploads\/2023\/12\/Cable-adaptador-de-1.8m-usb-a-a-modem-nulo-null-serial-db9-rs232-dce-con-ftdi-1x-usb-a-macho-1x-db9-hembra-startech.com-mod.-icusb232ftn.jpg","type":"image\/jpeg"}],"twitter_card":"summary_large_image","twitter_misc":{"Precio":"&#36;805 con IVA","Availability":"Out of stock"},"schema":{"@context":"https:\/\/schema.org","@graph":[{"@type":"WebPage","@id":"https:\/\/compuviper.mx\/tienda\/producto\/startech-com-icusb232ftn-cable-adaptador-de-1-8m-usb-a-a-mdem-nulo-null-serial-db9-rs232-dce-con-ftdi-1x-usb-a-macho-1x-db9-hembra-mod\/","url":"https:\/\/compuviper.mx\/tienda\/producto\/startech-com-icusb232ftn-cable-adaptador-de-1-8m-usb-a-a-mdem-nulo-null-serial-db9-rs232-dce-con-ftdi-1x-usb-a-macho-1x-db9-hembra-mod\/","name":"[ Startech.com ] &#129351; Icusb232ftn Cable Adaptador De 1.8m Usb-a A Mdem Nulo Null Serial Db9 Rs232 Dce Con Ftdi - 1x Usb A Macho - 1x Db9 Hembra - Mod.","isPartOf":{"@id":"https:\/\/compuviper.mx\/tienda\/#website"},"datePublished":"2026-04-11T05:37:34+00:00","dateModified":"2026-04-11T05:37:34+00:00","description":"Compra Icusb232ftn Cable Adaptador De 1.8m Usb-a A Mdem Nulo Null Serial Db9 Rs232 Dce Con Ftdi - 1x Usb A Macho - 1x Db9 Hembra - Mod. + Env\u00edo a domicilio + Pago seguro + Garant\u00eda","breadcrumb":{"@id":"https:\/\/compuviper.mx\/tienda\/producto\/startech-com-icusb232ftn-cable-adaptador-de-1-8m-usb-a-a-mdem-nulo-null-serial-db9-rs232-dce-con-ftdi-1x-usb-a-macho-1x-db9-hembra-mod\/#breadcrumb"},"inLanguage":"es-MX","potentialAction":[{"@type":"ReadAction","target":["https:\/\/compuviper.mx\/tienda\/producto\/startech-com-icusb232ftn-cable-adaptador-de-1-8m-usb-a-a-mdem-nulo-null-serial-db9-rs232-dce-con-ftdi-1x-usb-a-macho-1x-db9-hembra-mod\/"]}]},{"@type":"BreadcrumbList","@id":"https:\/\/compuviper.mx\/tienda\/producto\/startech-com-icusb232ftn-cable-adaptador-de-1-8m-usb-a-a-mdem-nulo-null-serial-db9-rs232-dce-con-ftdi-1x-usb-a-macho-1x-db9-hembra-mod\/#breadcrumb","itemListElement":[{"@type":"ListItem","position":1,"name":"Inicio","item":"https:\/\/compuviper.mx\/tienda\/"},{"@type":"ListItem","position":2,"name":"Productos","item":"https:\/\/compuviper.mx\/tienda\/productos\/"},{"@type":"ListItem","position":3,"name":"Cables","item":"https:\/\/compuviper.mx\/tienda\/categoria-producto\/cables\/"},{"@type":"ListItem","position":4,"name":"Cable Usb","item":"https:\/\/compuviper.mx\/tienda\/categoria-producto\/cables\/cable-usb\/"},{"@type":"ListItem","position":5,"name":"Startech.com Icusb232ftn Cable Adaptador De 1.8m Usb-a A Mdem Nulo Null Serial Db9 Rs232 Dce Con Ftdi &#8211; 1x Usb A Macho &#8211; 1x Db9 Hembra &#8211; Mod."}]},{"@type":"WebSite","@id":"https:\/\/compuviper.mx\/tienda\/#website","url":"https:\/\/compuviper.mx\/tienda\/","name":"Compuviper","description":"Proveedor de Computadoras, Laptops, Servidores, Monitores, Puntos de Venta, Teclados,   Impresoras, T\u00f3ner, C\u00e1maras de Seguridad y m\u00e1s en tu tienda en l\u00ednea","publisher":{"@id":"https:\/\/compuviper.mx\/tienda\/#organization"},"potentialAction":[{"@type":"SearchAction","target":{"@type":"EntryPoint","urlTemplate":"https:\/\/compuviper.mx\/tienda\/?s={search_term_string}"},"query-input":"required name=search_term_string"}],"inLanguage":"es-MX"},{"@type":"Organization","@id":"https:\/\/compuviper.mx\/tienda\/#organization","name":"Compuviper","url":"https:\/\/compuviper.mx\/tienda\/","logo":{"@type":"ImageObject","inLanguage":"es-MX","@id":"https:\/\/compuviper.mx\/tienda\/#\/schema\/logo\/image\/","url":"https:\/\/compuviper.mx\/tienda\/wp-content\/uploads\/2021\/08\/Logo-Compuviper-10.png","contentUrl":"https:\/\/compuviper.mx\/tienda\/wp-content\/uploads\/2021\/08\/Logo-Compuviper-10.png","width":1000,"height":500,"caption":"Compuviper"},"image":{"@id":"https:\/\/compuviper.mx\/tienda\/#\/schema\/logo\/image\/"},"sameAs":["https:\/\/www.facebook.com\/compuviper","https:\/\/www.youtube.com\/channel\/UCf73dERp9Y3cfOq7q8BhLjA?view_as=subscriber"]}]},"product_brand":"STARTECH.COM","product_price_amount":"805","product_price_currency":"MXN","og_availability":"out of stock","product_availability":"out of stock","product_retailer_item_id":"ICUSB232FTN","product_condition":"new"},"_links":{"self":[{"href":"https:\/\/compuviper.mx\/tienda\/wp-json\/wp\/v2\/product\/213516"}],"collection":[{"href":"https:\/\/compuviper.mx\/tienda\/wp-json\/wp\/v2\/product"}],"about":[{"href":"https:\/\/compuviper.mx\/tienda\/wp-json\/wp\/v2\/types\/product"}],"replies":[{"embeddable":true,"href":"https:\/\/compuviper.mx\/tienda\/wp-json\/wp\/v2\/comments?post=213516"}],"wp:featuredmedia":[{"embeddable":true,"href":"https:\/\/compuviper.mx\/tienda\/wp-json\/wp\/v2\/media\/213517"}],"wp:attachment":[{"href":"https:\/\/compuviper.mx\/tienda\/wp-json\/wp\/v2\/media?parent=213516"}],"wp:term":[{"taxonomy":"product_cat","embeddable":true,"href":"https:\/\/compuviper.mx\/tienda\/wp-json\/wp\/v2\/product_cat?post=213516"},{"taxonomy":"product_tag","embeddable":true,"href":"https:\/\/compuviper.mx\/tienda\/wp-json\/wp\/v2\/product_tag?post=213516"}],"curies":[{"name":"wp","href":"https:\/\/api.w.org\/{rel}","templated":true}]}}