{"id":213514,"date":"2026-04-17T23:42:39","date_gmt":"2026-04-18T05:42:39","guid":{"rendered":"https:\/\/compuviper.mx\/tienda\/producto\/startech-com-usb3sextaa6-cable-de-1-8m-de-extensin-pasivo-usb-3-0-superspeed-macho-a-hembra-usb-a-extensor-azul-mod\/"},"modified":"2026-04-17T23:42:39","modified_gmt":"2026-04-18T05:42:39","slug":"startech-com-usb3sextaa6-cable-de-1-8m-de-extensin-pasivo-usb-3-0-superspeed-macho-a-hembra-usb-a-extensor-azul-mod","status":"publish","type":"product","link":"https:\/\/compuviper.mx\/tienda\/producto\/startech-com-usb3sextaa6-cable-de-1-8m-de-extensin-pasivo-usb-3-0-superspeed-macho-a-hembra-usb-a-extensor-azul-mod\/","title":{"rendered":"Startech.com Usb3sextaa6 Cable De 1.8m De Extensin Pasivo Usb 3.0 Superspeed &#8211; Macho A Hembra Usb A &#8211; Extensor &#8211; Azul &#8211;  Mod."},"content":{"rendered":"<table class=\"descripcion\">\n<tr>\n<td>Caracter\u00edsticas f\u00edsicas<\/td>\n<\/tr>\n<tr>\n<td>Calibre del conductor : 28 awg<\/td>\n<\/tr>\n<tr>\n<td>Color : azul<\/td>\n<\/tr>\n<tr>\n<td>Longitud del cable : 1.8 m<\/td>\n<\/tr>\n<tr>\n<td>Longitud del producto : 1.8 m<\/td>\n<\/tr>\n<tr>\n<td>Peso del producto : 84 g<\/td>\n<\/tr>\n<tr>\n<td>Conector(es)<\/td>\n<\/tr>\n<tr>\n<td>Conector a : usb type-a (9 pines) usb 3.0<\/td>\n<\/tr>\n<tr>\n<td>Conector b : usb type-a (9 pines) usb 3.0<\/td>\n<\/tr>\n<tr>\n<td>Contenido de la caja<\/td>\n<\/tr>\n<tr>\n<td>Incluido en la caja : cable de extensi\u00f3n usb 3.0 superspeed 1.8 m a a a &#8211; m\/h<\/td>\n<\/tr>\n<tr>\n<td>Hardware<\/td>\n<\/tr>\n<tr>\n<td>Cable tipo jacket : pvc &#8211; polyvinyl chloride<\/td>\n<\/tr>\n<tr>\n<td>Revestimiento del conector  : n\u00edquel<\/td>\n<\/tr>\n<tr>\n<td>Tipo de cable blindado : par trenzado con blindaje global<\/td>\n<\/tr>\n<tr>\n<td>Rendimiento<\/td>\n<\/tr>\n<tr>\n<td>Tipo y velocidad : usb 3.0 &#8211; 5 gbit\/s<\/td>\n<\/tr>\n<\/table>\n","protected":false},"excerpt":{"rendered":"<p>El cable de extensi\u00f3n superspeed usb 3.0,\u00a0modelo usb3sextaa6 (1.8m, a-a), ofrece conexiones duraderas de alta calidad que le permiten aprovechar al m\u00e1ximo la capacidad de la tecnolog\u00eda usb 3.0. Dise\u00f1ado para conexiones con dispositivos usb superspeed de pr\u00f3xima generaci\u00f3n, este cable usb 3.0 macho a hembra permite extender la conexi\u00f3n de un cable usb 3.0 en hasta 1.8 metros, con ancho de banda usb 3.0 total de 5gbps, con m\u00e1ximo rendimiento entre los dispositivos compatibles cuando se utilicen con un dispositivo y un anfitri\u00f3n usb 3.0. Nuestro cable de extensi\u00f3n usb 3.0 est\u00e1 fabricado con dise\u00f1o stp (shielded twisted pair, pares de cables trenzados con blindaje) de alta calidad, lo cual evita interferencias electromagn\u00e9ticas y garantiza una transmisi\u00f3n confiable de los datos.<\/p>\n","protected":false},"featured_media":213515,"comment_status":"open","ping_status":"open","template":"","meta":[],"product_cat":[1605,1549],"product_tag":[1590],"acf":[],"yoast_head":"<!-- This site is optimized with the Yoast SEO plugin v21.7 - https:\/\/yoast.com\/wordpress\/plugins\/seo\/ -->\n<title>[ Startech.com ] &#129351; Usb3sextaa6 Cable De 1.8m De Extensin Pasivo Usb 3.0 Superspeed - Macho A Hembra Usb A - Extensor - Azul - Mod.<\/title>\n<meta name=\"description\" content=\"Compra Usb3sextaa6 Cable De 1.8m De Extensin Pasivo Usb 3.0 Superspeed - Macho A Hembra Usb A - Extensor - Azul - Mod. + Env\u00edo a domicilio + Pago seguro + Garant\u00eda\" \/>\n<meta name=\"robots\" content=\"index, follow, max-snippet:-1, max-image-preview:large, max-video-preview:-1\" \/>\n<link rel=\"canonical\" href=\"https:\/\/compuviper.mx\/tienda\/producto\/startech-com-usb3sextaa6-cable-de-1-8m-de-extensin-pasivo-usb-3-0-superspeed-macho-a-hembra-usb-a-extensor-azul-mod\/\" \/>\n<meta property=\"og:locale\" content=\"es_MX\" \/>\n<meta property=\"og:type\" content=\"article\" \/>\n<meta property=\"og:title\" content=\"[ Startech.com ] &#129351; Usb3sextaa6 Cable De 1.8m De Extensin Pasivo Usb 3.0 Superspeed - Macho A Hembra Usb A - Extensor - Azul - Mod.\" \/>\n<meta property=\"og:description\" content=\"Compra Usb3sextaa6 Cable De 1.8m De Extensin Pasivo Usb 3.0 Superspeed - Macho A Hembra Usb A - Extensor - Azul - Mod. + Env\u00edo a domicilio + Pago seguro + Garant\u00eda\" \/>\n<meta property=\"og:url\" content=\"https:\/\/compuviper.mx\/tienda\/producto\/startech-com-usb3sextaa6-cable-de-1-8m-de-extensin-pasivo-usb-3-0-superspeed-macho-a-hembra-usb-a-extensor-azul-mod\/\" \/>\n<meta property=\"og:site_name\" content=\"Compuviper\" \/>\n<meta property=\"article:publisher\" content=\"https:\/\/www.facebook.com\/compuviper\" \/>\n<meta property=\"og:image\" content=\"https:\/\/compuviper.mx\/tienda\/wp-content\/uploads\/2023\/12\/Cable-de-1.8m-de-extension-pasivo-usb-3.0-superspeed-macho-a-hembra-usb-a-extensor-azul-startech.com-mod.-usb3sextaa6.jpg\" \/>\n\t<meta property=\"og:image:width\" content=\"200\" \/>\n\t<meta property=\"og:image:height\" content=\"200\" \/>\n\t<meta property=\"og:image:type\" content=\"image\/jpeg\" \/>\n<meta name=\"twitter:card\" content=\"summary_large_image\" \/>\n<meta name=\"twitter:label1\" content=\"Precio\" \/>\n\t<meta name=\"twitter:data1\" content=\"&#36;175 con IVA\" \/>\n\t<meta name=\"twitter:label2\" content=\"Availability\" \/>\n\t<meta name=\"twitter:data2\" content=\"Out of stock\" \/>\n<script type=\"application\/ld+json\" class=\"yoast-schema-graph\">{\"@context\":\"https:\/\/schema.org\",\"@graph\":[{\"@type\":\"WebPage\",\"@id\":\"https:\/\/compuviper.mx\/tienda\/producto\/startech-com-usb3sextaa6-cable-de-1-8m-de-extensin-pasivo-usb-3-0-superspeed-macho-a-hembra-usb-a-extensor-azul-mod\/\",\"url\":\"https:\/\/compuviper.mx\/tienda\/producto\/startech-com-usb3sextaa6-cable-de-1-8m-de-extensin-pasivo-usb-3-0-superspeed-macho-a-hembra-usb-a-extensor-azul-mod\/\",\"name\":\"[ Startech.com ] &#129351; Usb3sextaa6 Cable De 1.8m De Extensin Pasivo Usb 3.0 Superspeed - Macho A Hembra Usb A - Extensor - Azul - Mod.\",\"isPartOf\":{\"@id\":\"https:\/\/compuviper.mx\/tienda\/#website\"},\"datePublished\":\"2026-04-18T05:42:39+00:00\",\"dateModified\":\"2026-04-18T05:42:39+00:00\",\"description\":\"Compra Usb3sextaa6 Cable De 1.8m De Extensin Pasivo Usb 3.0 Superspeed - Macho A Hembra Usb A - Extensor - Azul - Mod. + Env\u00edo a domicilio + Pago seguro + Garant\u00eda\",\"breadcrumb\":{\"@id\":\"https:\/\/compuviper.mx\/tienda\/producto\/startech-com-usb3sextaa6-cable-de-1-8m-de-extensin-pasivo-usb-3-0-superspeed-macho-a-hembra-usb-a-extensor-azul-mod\/#breadcrumb\"},\"inLanguage\":\"es-MX\",\"potentialAction\":[{\"@type\":\"ReadAction\",\"target\":[\"https:\/\/compuviper.mx\/tienda\/producto\/startech-com-usb3sextaa6-cable-de-1-8m-de-extensin-pasivo-usb-3-0-superspeed-macho-a-hembra-usb-a-extensor-azul-mod\/\"]}]},{\"@type\":\"BreadcrumbList\",\"@id\":\"https:\/\/compuviper.mx\/tienda\/producto\/startech-com-usb3sextaa6-cable-de-1-8m-de-extensin-pasivo-usb-3-0-superspeed-macho-a-hembra-usb-a-extensor-azul-mod\/#breadcrumb\",\"itemListElement\":[{\"@type\":\"ListItem\",\"position\":1,\"name\":\"Inicio\",\"item\":\"https:\/\/compuviper.mx\/tienda\/\"},{\"@type\":\"ListItem\",\"position\":2,\"name\":\"Productos\",\"item\":\"https:\/\/compuviper.mx\/tienda\/productos\/\"},{\"@type\":\"ListItem\",\"position\":3,\"name\":\"Cables\",\"item\":\"https:\/\/compuviper.mx\/tienda\/categoria-producto\/cables\/\"},{\"@type\":\"ListItem\",\"position\":4,\"name\":\"Cable Usb\",\"item\":\"https:\/\/compuviper.mx\/tienda\/categoria-producto\/cables\/cable-usb\/\"},{\"@type\":\"ListItem\",\"position\":5,\"name\":\"Startech.com Usb3sextaa6 Cable De 1.8m De Extensin Pasivo Usb 3.0 Superspeed &#8211; Macho A Hembra Usb A &#8211; Extensor &#8211; Azul &#8211; Mod.\"}]},{\"@type\":\"WebSite\",\"@id\":\"https:\/\/compuviper.mx\/tienda\/#website\",\"url\":\"https:\/\/compuviper.mx\/tienda\/\",\"name\":\"Compuviper\",\"description\":\"Proveedor de Computadoras, Laptops, Servidores, Monitores, Puntos de Venta, Teclados,   Impresoras, T\u00f3ner, C\u00e1maras de Seguridad y m\u00e1s en tu tienda en l\u00ednea\",\"publisher\":{\"@id\":\"https:\/\/compuviper.mx\/tienda\/#organization\"},\"potentialAction\":[{\"@type\":\"SearchAction\",\"target\":{\"@type\":\"EntryPoint\",\"urlTemplate\":\"https:\/\/compuviper.mx\/tienda\/?s={search_term_string}\"},\"query-input\":\"required name=search_term_string\"}],\"inLanguage\":\"es-MX\"},{\"@type\":\"Organization\",\"@id\":\"https:\/\/compuviper.mx\/tienda\/#organization\",\"name\":\"Compuviper\",\"url\":\"https:\/\/compuviper.mx\/tienda\/\",\"logo\":{\"@type\":\"ImageObject\",\"inLanguage\":\"es-MX\",\"@id\":\"https:\/\/compuviper.mx\/tienda\/#\/schema\/logo\/image\/\",\"url\":\"https:\/\/compuviper.mx\/tienda\/wp-content\/uploads\/2021\/08\/Logo-Compuviper-10.png\",\"contentUrl\":\"https:\/\/compuviper.mx\/tienda\/wp-content\/uploads\/2021\/08\/Logo-Compuviper-10.png\",\"width\":1000,\"height\":500,\"caption\":\"Compuviper\"},\"image\":{\"@id\":\"https:\/\/compuviper.mx\/tienda\/#\/schema\/logo\/image\/\"},\"sameAs\":[\"https:\/\/www.facebook.com\/compuviper\",\"https:\/\/www.youtube.com\/channel\/UCf73dERp9Y3cfOq7q8BhLjA?view_as=subscriber\"]}]}<\/script>\n<meta property=\"product:brand\" content=\"STARTECH.COM\" \/>\n<meta property=\"product:price:amount\" content=\"175\" \/>\n<meta property=\"product:price:currency\" content=\"MXN\" \/>\n<meta property=\"og:availability\" content=\"out of stock\" \/>\n<meta property=\"product:availability\" content=\"out of stock\" \/>\n<meta property=\"product:retailer_item_id\" content=\"USB3SEXTAA6\" \/>\n<meta property=\"product:condition\" content=\"new\" \/>\n<!-- \/ Yoast SEO plugin. -->","yoast_head_json":{"title":"[ Startech.com ] &#129351; Usb3sextaa6 Cable De 1.8m De Extensin Pasivo Usb 3.0 Superspeed - Macho A Hembra Usb A - Extensor - Azul - Mod.","description":"Compra Usb3sextaa6 Cable De 1.8m De Extensin Pasivo Usb 3.0 Superspeed - Macho A Hembra Usb A - Extensor - Azul - Mod. + Env\u00edo a domicilio + Pago seguro + Garant\u00eda","robots":{"index":"index","follow":"follow","max-snippet":"max-snippet:-1","max-image-preview":"max-image-preview:large","max-video-preview":"max-video-preview:-1"},"canonical":"https:\/\/compuviper.mx\/tienda\/producto\/startech-com-usb3sextaa6-cable-de-1-8m-de-extensin-pasivo-usb-3-0-superspeed-macho-a-hembra-usb-a-extensor-azul-mod\/","og_locale":"es_MX","og_type":"article","og_title":"[ Startech.com ] &#129351; Usb3sextaa6 Cable De 1.8m De Extensin Pasivo Usb 3.0 Superspeed - Macho A Hembra Usb A - Extensor - Azul - Mod.","og_description":"Compra Usb3sextaa6 Cable De 1.8m De Extensin Pasivo Usb 3.0 Superspeed - Macho A Hembra Usb A - Extensor - Azul - Mod. + Env\u00edo a domicilio + Pago seguro + Garant\u00eda","og_url":"https:\/\/compuviper.mx\/tienda\/producto\/startech-com-usb3sextaa6-cable-de-1-8m-de-extensin-pasivo-usb-3-0-superspeed-macho-a-hembra-usb-a-extensor-azul-mod\/","og_site_name":"Compuviper","article_publisher":"https:\/\/www.facebook.com\/compuviper","og_image":[{"width":200,"height":200,"url":"https:\/\/compuviper.mx\/tienda\/wp-content\/uploads\/2023\/12\/Cable-de-1.8m-de-extension-pasivo-usb-3.0-superspeed-macho-a-hembra-usb-a-extensor-azul-startech.com-mod.-usb3sextaa6.jpg","type":"image\/jpeg"}],"twitter_card":"summary_large_image","twitter_misc":{"Precio":"&#36;175 con IVA","Availability":"Out of stock"},"schema":{"@context":"https:\/\/schema.org","@graph":[{"@type":"WebPage","@id":"https:\/\/compuviper.mx\/tienda\/producto\/startech-com-usb3sextaa6-cable-de-1-8m-de-extensin-pasivo-usb-3-0-superspeed-macho-a-hembra-usb-a-extensor-azul-mod\/","url":"https:\/\/compuviper.mx\/tienda\/producto\/startech-com-usb3sextaa6-cable-de-1-8m-de-extensin-pasivo-usb-3-0-superspeed-macho-a-hembra-usb-a-extensor-azul-mod\/","name":"[ Startech.com ] &#129351; Usb3sextaa6 Cable De 1.8m De Extensin Pasivo Usb 3.0 Superspeed - Macho A Hembra Usb A - Extensor - Azul - Mod.","isPartOf":{"@id":"https:\/\/compuviper.mx\/tienda\/#website"},"datePublished":"2026-04-18T05:42:39+00:00","dateModified":"2026-04-18T05:42:39+00:00","description":"Compra Usb3sextaa6 Cable De 1.8m De Extensin Pasivo Usb 3.0 Superspeed - Macho A Hembra Usb A - Extensor - Azul - Mod. + Env\u00edo a domicilio + Pago seguro + Garant\u00eda","breadcrumb":{"@id":"https:\/\/compuviper.mx\/tienda\/producto\/startech-com-usb3sextaa6-cable-de-1-8m-de-extensin-pasivo-usb-3-0-superspeed-macho-a-hembra-usb-a-extensor-azul-mod\/#breadcrumb"},"inLanguage":"es-MX","potentialAction":[{"@type":"ReadAction","target":["https:\/\/compuviper.mx\/tienda\/producto\/startech-com-usb3sextaa6-cable-de-1-8m-de-extensin-pasivo-usb-3-0-superspeed-macho-a-hembra-usb-a-extensor-azul-mod\/"]}]},{"@type":"BreadcrumbList","@id":"https:\/\/compuviper.mx\/tienda\/producto\/startech-com-usb3sextaa6-cable-de-1-8m-de-extensin-pasivo-usb-3-0-superspeed-macho-a-hembra-usb-a-extensor-azul-mod\/#breadcrumb","itemListElement":[{"@type":"ListItem","position":1,"name":"Inicio","item":"https:\/\/compuviper.mx\/tienda\/"},{"@type":"ListItem","position":2,"name":"Productos","item":"https:\/\/compuviper.mx\/tienda\/productos\/"},{"@type":"ListItem","position":3,"name":"Cables","item":"https:\/\/compuviper.mx\/tienda\/categoria-producto\/cables\/"},{"@type":"ListItem","position":4,"name":"Cable Usb","item":"https:\/\/compuviper.mx\/tienda\/categoria-producto\/cables\/cable-usb\/"},{"@type":"ListItem","position":5,"name":"Startech.com Usb3sextaa6 Cable De 1.8m De Extensin Pasivo Usb 3.0 Superspeed &#8211; Macho A Hembra Usb A &#8211; Extensor &#8211; Azul &#8211; Mod."}]},{"@type":"WebSite","@id":"https:\/\/compuviper.mx\/tienda\/#website","url":"https:\/\/compuviper.mx\/tienda\/","name":"Compuviper","description":"Proveedor de Computadoras, Laptops, Servidores, Monitores, Puntos de Venta, Teclados,   Impresoras, T\u00f3ner, C\u00e1maras de Seguridad y m\u00e1s en tu tienda en l\u00ednea","publisher":{"@id":"https:\/\/compuviper.mx\/tienda\/#organization"},"potentialAction":[{"@type":"SearchAction","target":{"@type":"EntryPoint","urlTemplate":"https:\/\/compuviper.mx\/tienda\/?s={search_term_string}"},"query-input":"required name=search_term_string"}],"inLanguage":"es-MX"},{"@type":"Organization","@id":"https:\/\/compuviper.mx\/tienda\/#organization","name":"Compuviper","url":"https:\/\/compuviper.mx\/tienda\/","logo":{"@type":"ImageObject","inLanguage":"es-MX","@id":"https:\/\/compuviper.mx\/tienda\/#\/schema\/logo\/image\/","url":"https:\/\/compuviper.mx\/tienda\/wp-content\/uploads\/2021\/08\/Logo-Compuviper-10.png","contentUrl":"https:\/\/compuviper.mx\/tienda\/wp-content\/uploads\/2021\/08\/Logo-Compuviper-10.png","width":1000,"height":500,"caption":"Compuviper"},"image":{"@id":"https:\/\/compuviper.mx\/tienda\/#\/schema\/logo\/image\/"},"sameAs":["https:\/\/www.facebook.com\/compuviper","https:\/\/www.youtube.com\/channel\/UCf73dERp9Y3cfOq7q8BhLjA?view_as=subscriber"]}]},"product_brand":"STARTECH.COM","product_price_amount":"175","product_price_currency":"MXN","og_availability":"out of stock","product_availability":"out of stock","product_retailer_item_id":"USB3SEXTAA6","product_condition":"new"},"_links":{"self":[{"href":"https:\/\/compuviper.mx\/tienda\/wp-json\/wp\/v2\/product\/213514"}],"collection":[{"href":"https:\/\/compuviper.mx\/tienda\/wp-json\/wp\/v2\/product"}],"about":[{"href":"https:\/\/compuviper.mx\/tienda\/wp-json\/wp\/v2\/types\/product"}],"replies":[{"embeddable":true,"href":"https:\/\/compuviper.mx\/tienda\/wp-json\/wp\/v2\/comments?post=213514"}],"wp:featuredmedia":[{"embeddable":true,"href":"https:\/\/compuviper.mx\/tienda\/wp-json\/wp\/v2\/media\/213515"}],"wp:attachment":[{"href":"https:\/\/compuviper.mx\/tienda\/wp-json\/wp\/v2\/media?parent=213514"}],"wp:term":[{"taxonomy":"product_cat","embeddable":true,"href":"https:\/\/compuviper.mx\/tienda\/wp-json\/wp\/v2\/product_cat?post=213514"},{"taxonomy":"product_tag","embeddable":true,"href":"https:\/\/compuviper.mx\/tienda\/wp-json\/wp\/v2\/product_tag?post=213514"}],"curies":[{"name":"wp","href":"https:\/\/api.w.org\/{rel}","templated":true}]}}