{"id":213506,"date":"2026-04-10T23:37:31","date_gmt":"2026-04-11T05:37:31","guid":{"rendered":"https:\/\/compuviper.mx\/tienda\/producto\/startech-com-eps8ext-cable-de-extensin-de-20cm-de-8-pines-eps-de-alimentacin-para-fuente-de-poder-atx-mod\/"},"modified":"2026-04-10T23:37:31","modified_gmt":"2026-04-11T05:37:31","slug":"startech-com-eps8ext-cable-de-extensin-de-20cm-de-8-pines-eps-de-alimentacin-para-fuente-de-poder-atx-mod","status":"publish","type":"product","link":"https:\/\/compuviper.mx\/tienda\/producto\/startech-com-eps8ext-cable-de-extensin-de-20cm-de-8-pines-eps-de-alimentacin-para-fuente-de-poder-atx-mod\/","title":{"rendered":"Startech.com Eps8ext Cable De Extensin De 20cm De 8 Pines Eps De Alimentacin Para Fuente De Poder Atx &#8211;  Mod."},"content":{"rendered":"<table class=\"descripcion\">\n<tr>\n<td>Contenido de la caja<\/td>\n<\/tr>\n<tr>\n<td>Incluido en la caja : cable de extensi\u00f3n de alimentaci\u00f3n eps de 8 pines y 20 cm<\/td>\n<\/tr>\n<tr>\n<td>Conector(es)<\/td>\n<\/tr>\n<tr>\n<td>Conector b : alimentaci\u00f3n atx 12 v eps (8 pines)<\/td>\n<\/tr>\n<tr>\n<td>Conector a : alimentaci\u00f3n atx 12 v eps (8 pines)<\/td>\n<\/tr>\n<tr>\n<td>Caracter\u00edsticas f\u00edsicas<\/td>\n<\/tr>\n<tr>\n<td>Peso del producto : 20 g<\/td>\n<\/tr>\n<tr>\n<td>Longitud del producto : 203.2 mm<\/td>\n<\/tr>\n<tr>\n<td>Longitud del cable : 203.2 mm<\/td>\n<\/tr>\n<tr>\n<td>Color : amarillo<\/td>\n<\/tr>\n<tr>\n<td>Ancho del producto : 18.000<\/td>\n<\/tr>\n<tr>\n<td>Altura del producto : 24.000<\/td>\n<\/tr>\n<\/table>\n","protected":false},"excerpt":{"rendered":"<p>El cable de extensi\u00f3n de alimentaci\u00f3n eps (12 v), modelo eps8ext, incluye un conector atx (de 8 pines) tanto hembra, como macho, lo cual permite extender el alcance de este cable en hasta 20 cm, as\u00ed como la flexibilidad de montar un pc de forma personalizada, sin tener que estirar o tensar el cable. Dise\u00f1ado y fabricado para ofrecer una conexi\u00f3n confiable.<\/p>\n","protected":false},"featured_media":213507,"comment_status":"open","ping_status":"open","template":"","meta":[],"product_cat":[1607,1549],"product_tag":[1590],"acf":[],"yoast_head":"<!-- This site is optimized with the Yoast SEO plugin v21.7 - https:\/\/yoast.com\/wordpress\/plugins\/seo\/ -->\n<title>[ Startech.com ] &#129351; Eps8ext Cable De Extensin De 20cm De 8 Pines Eps De Alimentacin Para Fuente De Poder Atx - Mod.<\/title>\n<meta name=\"description\" content=\"Compra Eps8ext Cable De Extensin De 20cm De 8 Pines Eps De Alimentacin Para Fuente De Poder Atx - Mod. + Env\u00edo a domicilio + Pago seguro + Garant\u00eda\" \/>\n<meta name=\"robots\" content=\"index, follow, max-snippet:-1, max-image-preview:large, max-video-preview:-1\" \/>\n<link rel=\"canonical\" href=\"https:\/\/compuviper.mx\/tienda\/producto\/startech-com-eps8ext-cable-de-extensin-de-20cm-de-8-pines-eps-de-alimentacin-para-fuente-de-poder-atx-mod\/\" \/>\n<meta property=\"og:locale\" content=\"es_MX\" \/>\n<meta property=\"og:type\" content=\"article\" \/>\n<meta property=\"og:title\" content=\"[ Startech.com ] &#129351; Eps8ext Cable De Extensin De 20cm De 8 Pines Eps De Alimentacin Para Fuente De Poder Atx - Mod.\" \/>\n<meta property=\"og:description\" content=\"Compra Eps8ext Cable De Extensin De 20cm De 8 Pines Eps De Alimentacin Para Fuente De Poder Atx - Mod. + Env\u00edo a domicilio + Pago seguro + Garant\u00eda\" \/>\n<meta property=\"og:url\" content=\"https:\/\/compuviper.mx\/tienda\/producto\/startech-com-eps8ext-cable-de-extensin-de-20cm-de-8-pines-eps-de-alimentacin-para-fuente-de-poder-atx-mod\/\" \/>\n<meta property=\"og:site_name\" content=\"Compuviper\" \/>\n<meta property=\"article:publisher\" content=\"https:\/\/www.facebook.com\/compuviper\" \/>\n<meta property=\"og:image\" content=\"https:\/\/compuviper.mx\/tienda\/wp-content\/uploads\/2023\/12\/Cable-de-extension-de-20cm-de-8-pines-eps-de-alimentacion-para-fuente-de-poder-atx-startech.com-mod.-eps8ext.jpg\" \/>\n\t<meta property=\"og:image:width\" content=\"200\" \/>\n\t<meta property=\"og:image:height\" content=\"200\" \/>\n\t<meta property=\"og:image:type\" content=\"image\/jpeg\" \/>\n<meta name=\"twitter:card\" content=\"summary_large_image\" \/>\n<meta name=\"twitter:label1\" content=\"Precio\" \/>\n\t<meta name=\"twitter:data1\" content=\"&#36;88 con IVA\" \/>\n\t<meta name=\"twitter:label2\" content=\"Availability\" \/>\n\t<meta name=\"twitter:data2\" content=\"Out of stock\" \/>\n<script type=\"application\/ld+json\" class=\"yoast-schema-graph\">{\"@context\":\"https:\/\/schema.org\",\"@graph\":[{\"@type\":\"WebPage\",\"@id\":\"https:\/\/compuviper.mx\/tienda\/producto\/startech-com-eps8ext-cable-de-extensin-de-20cm-de-8-pines-eps-de-alimentacin-para-fuente-de-poder-atx-mod\/\",\"url\":\"https:\/\/compuviper.mx\/tienda\/producto\/startech-com-eps8ext-cable-de-extensin-de-20cm-de-8-pines-eps-de-alimentacin-para-fuente-de-poder-atx-mod\/\",\"name\":\"[ Startech.com ] &#129351; Eps8ext Cable De Extensin De 20cm De 8 Pines Eps De Alimentacin Para Fuente De Poder Atx - Mod.\",\"isPartOf\":{\"@id\":\"https:\/\/compuviper.mx\/tienda\/#website\"},\"datePublished\":\"2026-04-11T05:37:31+00:00\",\"dateModified\":\"2026-04-11T05:37:31+00:00\",\"description\":\"Compra Eps8ext Cable De Extensin De 20cm De 8 Pines Eps De Alimentacin Para Fuente De Poder Atx - Mod. + Env\u00edo a domicilio + Pago seguro + Garant\u00eda\",\"breadcrumb\":{\"@id\":\"https:\/\/compuviper.mx\/tienda\/producto\/startech-com-eps8ext-cable-de-extensin-de-20cm-de-8-pines-eps-de-alimentacin-para-fuente-de-poder-atx-mod\/#breadcrumb\"},\"inLanguage\":\"es-MX\",\"potentialAction\":[{\"@type\":\"ReadAction\",\"target\":[\"https:\/\/compuviper.mx\/tienda\/producto\/startech-com-eps8ext-cable-de-extensin-de-20cm-de-8-pines-eps-de-alimentacin-para-fuente-de-poder-atx-mod\/\"]}]},{\"@type\":\"BreadcrumbList\",\"@id\":\"https:\/\/compuviper.mx\/tienda\/producto\/startech-com-eps8ext-cable-de-extensin-de-20cm-de-8-pines-eps-de-alimentacin-para-fuente-de-poder-atx-mod\/#breadcrumb\",\"itemListElement\":[{\"@type\":\"ListItem\",\"position\":1,\"name\":\"Inicio\",\"item\":\"https:\/\/compuviper.mx\/tienda\/\"},{\"@type\":\"ListItem\",\"position\":2,\"name\":\"Productos\",\"item\":\"https:\/\/compuviper.mx\/tienda\/productos\/\"},{\"@type\":\"ListItem\",\"position\":3,\"name\":\"Cables\",\"item\":\"https:\/\/compuviper.mx\/tienda\/categoria-producto\/cables\/\"},{\"@type\":\"ListItem\",\"position\":4,\"name\":\"Cable De Corriente\",\"item\":\"https:\/\/compuviper.mx\/tienda\/categoria-producto\/cables\/cable-de-corriente\/\"},{\"@type\":\"ListItem\",\"position\":5,\"name\":\"Startech.com Eps8ext Cable De Extensin De 20cm De 8 Pines Eps De Alimentacin Para Fuente De Poder Atx &#8211; Mod.\"}]},{\"@type\":\"WebSite\",\"@id\":\"https:\/\/compuviper.mx\/tienda\/#website\",\"url\":\"https:\/\/compuviper.mx\/tienda\/\",\"name\":\"Compuviper\",\"description\":\"Proveedor de Computadoras, Laptops, Servidores, Monitores, Puntos de Venta, Teclados,   Impresoras, T\u00f3ner, C\u00e1maras de Seguridad y m\u00e1s en tu tienda en l\u00ednea\",\"publisher\":{\"@id\":\"https:\/\/compuviper.mx\/tienda\/#organization\"},\"potentialAction\":[{\"@type\":\"SearchAction\",\"target\":{\"@type\":\"EntryPoint\",\"urlTemplate\":\"https:\/\/compuviper.mx\/tienda\/?s={search_term_string}\"},\"query-input\":\"required name=search_term_string\"}],\"inLanguage\":\"es-MX\"},{\"@type\":\"Organization\",\"@id\":\"https:\/\/compuviper.mx\/tienda\/#organization\",\"name\":\"Compuviper\",\"url\":\"https:\/\/compuviper.mx\/tienda\/\",\"logo\":{\"@type\":\"ImageObject\",\"inLanguage\":\"es-MX\",\"@id\":\"https:\/\/compuviper.mx\/tienda\/#\/schema\/logo\/image\/\",\"url\":\"https:\/\/compuviper.mx\/tienda\/wp-content\/uploads\/2021\/08\/Logo-Compuviper-10.png\",\"contentUrl\":\"https:\/\/compuviper.mx\/tienda\/wp-content\/uploads\/2021\/08\/Logo-Compuviper-10.png\",\"width\":1000,\"height\":500,\"caption\":\"Compuviper\"},\"image\":{\"@id\":\"https:\/\/compuviper.mx\/tienda\/#\/schema\/logo\/image\/\"},\"sameAs\":[\"https:\/\/www.facebook.com\/compuviper\",\"https:\/\/www.youtube.com\/channel\/UCf73dERp9Y3cfOq7q8BhLjA?view_as=subscriber\"]}]}<\/script>\n<meta property=\"product:brand\" content=\"STARTECH.COM\" \/>\n<meta property=\"product:price:amount\" content=\"88\" \/>\n<meta property=\"product:price:currency\" content=\"MXN\" \/>\n<meta property=\"og:availability\" content=\"out of stock\" \/>\n<meta property=\"product:availability\" content=\"out of stock\" \/>\n<meta property=\"product:retailer_item_id\" content=\"EPS8EXT\" \/>\n<meta property=\"product:condition\" content=\"new\" \/>\n<!-- \/ Yoast SEO plugin. -->","yoast_head_json":{"title":"[ Startech.com ] &#129351; Eps8ext Cable De Extensin De 20cm De 8 Pines Eps De Alimentacin Para Fuente De Poder Atx - Mod.","description":"Compra Eps8ext Cable De Extensin De 20cm De 8 Pines Eps De Alimentacin Para Fuente De Poder Atx - Mod. + Env\u00edo a domicilio + Pago seguro + Garant\u00eda","robots":{"index":"index","follow":"follow","max-snippet":"max-snippet:-1","max-image-preview":"max-image-preview:large","max-video-preview":"max-video-preview:-1"},"canonical":"https:\/\/compuviper.mx\/tienda\/producto\/startech-com-eps8ext-cable-de-extensin-de-20cm-de-8-pines-eps-de-alimentacin-para-fuente-de-poder-atx-mod\/","og_locale":"es_MX","og_type":"article","og_title":"[ Startech.com ] &#129351; Eps8ext Cable De Extensin De 20cm De 8 Pines Eps De Alimentacin Para Fuente De Poder Atx - Mod.","og_description":"Compra Eps8ext Cable De Extensin De 20cm De 8 Pines Eps De Alimentacin Para Fuente De Poder Atx - Mod. + Env\u00edo a domicilio + Pago seguro + Garant\u00eda","og_url":"https:\/\/compuviper.mx\/tienda\/producto\/startech-com-eps8ext-cable-de-extensin-de-20cm-de-8-pines-eps-de-alimentacin-para-fuente-de-poder-atx-mod\/","og_site_name":"Compuviper","article_publisher":"https:\/\/www.facebook.com\/compuviper","og_image":[{"width":200,"height":200,"url":"https:\/\/compuviper.mx\/tienda\/wp-content\/uploads\/2023\/12\/Cable-de-extension-de-20cm-de-8-pines-eps-de-alimentacion-para-fuente-de-poder-atx-startech.com-mod.-eps8ext.jpg","type":"image\/jpeg"}],"twitter_card":"summary_large_image","twitter_misc":{"Precio":"&#36;88 con IVA","Availability":"Out of stock"},"schema":{"@context":"https:\/\/schema.org","@graph":[{"@type":"WebPage","@id":"https:\/\/compuviper.mx\/tienda\/producto\/startech-com-eps8ext-cable-de-extensin-de-20cm-de-8-pines-eps-de-alimentacin-para-fuente-de-poder-atx-mod\/","url":"https:\/\/compuviper.mx\/tienda\/producto\/startech-com-eps8ext-cable-de-extensin-de-20cm-de-8-pines-eps-de-alimentacin-para-fuente-de-poder-atx-mod\/","name":"[ Startech.com ] &#129351; Eps8ext Cable De Extensin De 20cm De 8 Pines Eps De Alimentacin Para Fuente De Poder Atx - Mod.","isPartOf":{"@id":"https:\/\/compuviper.mx\/tienda\/#website"},"datePublished":"2026-04-11T05:37:31+00:00","dateModified":"2026-04-11T05:37:31+00:00","description":"Compra Eps8ext Cable De Extensin De 20cm De 8 Pines Eps De Alimentacin Para Fuente De Poder Atx - Mod. + Env\u00edo a domicilio + Pago seguro + Garant\u00eda","breadcrumb":{"@id":"https:\/\/compuviper.mx\/tienda\/producto\/startech-com-eps8ext-cable-de-extensin-de-20cm-de-8-pines-eps-de-alimentacin-para-fuente-de-poder-atx-mod\/#breadcrumb"},"inLanguage":"es-MX","potentialAction":[{"@type":"ReadAction","target":["https:\/\/compuviper.mx\/tienda\/producto\/startech-com-eps8ext-cable-de-extensin-de-20cm-de-8-pines-eps-de-alimentacin-para-fuente-de-poder-atx-mod\/"]}]},{"@type":"BreadcrumbList","@id":"https:\/\/compuviper.mx\/tienda\/producto\/startech-com-eps8ext-cable-de-extensin-de-20cm-de-8-pines-eps-de-alimentacin-para-fuente-de-poder-atx-mod\/#breadcrumb","itemListElement":[{"@type":"ListItem","position":1,"name":"Inicio","item":"https:\/\/compuviper.mx\/tienda\/"},{"@type":"ListItem","position":2,"name":"Productos","item":"https:\/\/compuviper.mx\/tienda\/productos\/"},{"@type":"ListItem","position":3,"name":"Cables","item":"https:\/\/compuviper.mx\/tienda\/categoria-producto\/cables\/"},{"@type":"ListItem","position":4,"name":"Cable De Corriente","item":"https:\/\/compuviper.mx\/tienda\/categoria-producto\/cables\/cable-de-corriente\/"},{"@type":"ListItem","position":5,"name":"Startech.com Eps8ext Cable De Extensin De 20cm De 8 Pines Eps De Alimentacin Para Fuente De Poder Atx &#8211; Mod."}]},{"@type":"WebSite","@id":"https:\/\/compuviper.mx\/tienda\/#website","url":"https:\/\/compuviper.mx\/tienda\/","name":"Compuviper","description":"Proveedor de Computadoras, Laptops, Servidores, Monitores, Puntos de Venta, Teclados,   Impresoras, T\u00f3ner, C\u00e1maras de Seguridad y m\u00e1s en tu tienda en l\u00ednea","publisher":{"@id":"https:\/\/compuviper.mx\/tienda\/#organization"},"potentialAction":[{"@type":"SearchAction","target":{"@type":"EntryPoint","urlTemplate":"https:\/\/compuviper.mx\/tienda\/?s={search_term_string}"},"query-input":"required name=search_term_string"}],"inLanguage":"es-MX"},{"@type":"Organization","@id":"https:\/\/compuviper.mx\/tienda\/#organization","name":"Compuviper","url":"https:\/\/compuviper.mx\/tienda\/","logo":{"@type":"ImageObject","inLanguage":"es-MX","@id":"https:\/\/compuviper.mx\/tienda\/#\/schema\/logo\/image\/","url":"https:\/\/compuviper.mx\/tienda\/wp-content\/uploads\/2021\/08\/Logo-Compuviper-10.png","contentUrl":"https:\/\/compuviper.mx\/tienda\/wp-content\/uploads\/2021\/08\/Logo-Compuviper-10.png","width":1000,"height":500,"caption":"Compuviper"},"image":{"@id":"https:\/\/compuviper.mx\/tienda\/#\/schema\/logo\/image\/"},"sameAs":["https:\/\/www.facebook.com\/compuviper","https:\/\/www.youtube.com\/channel\/UCf73dERp9Y3cfOq7q8BhLjA?view_as=subscriber"]}]},"product_brand":"STARTECH.COM","product_price_amount":"88","product_price_currency":"MXN","og_availability":"out of stock","product_availability":"out of stock","product_retailer_item_id":"EPS8EXT","product_condition":"new"},"_links":{"self":[{"href":"https:\/\/compuviper.mx\/tienda\/wp-json\/wp\/v2\/product\/213506"}],"collection":[{"href":"https:\/\/compuviper.mx\/tienda\/wp-json\/wp\/v2\/product"}],"about":[{"href":"https:\/\/compuviper.mx\/tienda\/wp-json\/wp\/v2\/types\/product"}],"replies":[{"embeddable":true,"href":"https:\/\/compuviper.mx\/tienda\/wp-json\/wp\/v2\/comments?post=213506"}],"wp:featuredmedia":[{"embeddable":true,"href":"https:\/\/compuviper.mx\/tienda\/wp-json\/wp\/v2\/media\/213507"}],"wp:attachment":[{"href":"https:\/\/compuviper.mx\/tienda\/wp-json\/wp\/v2\/media?parent=213506"}],"wp:term":[{"taxonomy":"product_cat","embeddable":true,"href":"https:\/\/compuviper.mx\/tienda\/wp-json\/wp\/v2\/product_cat?post=213506"},{"taxonomy":"product_tag","embeddable":true,"href":"https:\/\/compuviper.mx\/tienda\/wp-json\/wp\/v2\/product_tag?post=213506"}],"curies":[{"name":"wp","href":"https:\/\/api.w.org\/{rel}","templated":true}]}}