{"id":213498,"date":"2026-04-17T23:42:34","date_gmt":"2026-04-18T05:42:34","guid":{"rendered":"https:\/\/compuviper.mx\/tienda\/producto\/startech-com-45pat5mbl-cable-de-5m-de-red-ethernet-cat5e-rj45-sin-traba-snagless-azul-mod\/"},"modified":"2026-04-17T23:42:34","modified_gmt":"2026-04-18T05:42:34","slug":"startech-com-45pat5mbl-cable-de-5m-de-red-ethernet-cat5e-rj45-sin-traba-snagless-azul-mod","status":"publish","type":"product","link":"https:\/\/compuviper.mx\/tienda\/producto\/startech-com-45pat5mbl-cable-de-5m-de-red-ethernet-cat5e-rj45-sin-traba-snagless-azul-mod\/","title":{"rendered":"Startech.com 45pat5mbl Cable De 5m De Red Ethernet Cat5e Rj45 Sin Traba Snagless &#8211; Azul &#8211;  Mod."},"content":{"rendered":"<table class=\"descripcion\">\n<tr>\n<td>Hardware<\/td>\n<\/tr>\n<tr>\n<td>Cantidad de conductores : 4 pair utp<\/td>\n<\/tr>\n<tr>\n<td>Grado de inflamabilidad : clasificacin cm<\/td>\n<\/tr>\n<tr>\n<td>Tipo de cable : libre de enganches<\/td>\n<\/tr>\n<tr>\n<td>Rendimiento<\/td>\n<\/tr>\n<tr>\n<td>Clasificacin de cables : cat5e &#8211; 350 mhz<\/td>\n<\/tr>\n<tr>\n<td>Hardware<\/td>\n<\/tr>\n<tr>\n<td>Cable tipo jacket : pvc &#8211; polyvinyl chloride<\/td>\n<\/tr>\n<tr>\n<td>Contenido de la caja<\/td>\n<\/tr>\n<tr>\n<td>Incluido en la caja : cable cat5e de red de 5m &#8211; azul<\/td>\n<\/tr>\n<tr>\n<td>Conectores<\/td>\n<\/tr>\n<tr>\n<td>Conector b : rj-45<\/td>\n<\/tr>\n<tr>\n<td>Conector a : rj-45<\/td>\n<\/tr>\n<tr>\n<td>Caractersticas fsicas<\/td>\n<\/tr>\n<tr>\n<td>Tipo de conductor : cobre trenzado<\/td>\n<\/tr>\n<tr>\n<td>Peso del producto : 178 g<\/td>\n<\/tr>\n<tr>\n<td>Longitud del producto : 5 m<\/td>\n<\/tr>\n<tr>\n<td>Longitud del cable : 5 m<\/td>\n<\/tr>\n<tr>\n<td>Color : azul<\/td>\n<\/tr>\n<tr>\n<td>Calibre del conductor : 24 awg<\/td>\n<\/tr>\n<\/table>\n","protected":false},"excerpt":{"rendered":"<p>Este cable cat5e de 5 metros cumple o sobrepasa todas las especificaciones sobre los cables de categora 5e, para ofrecer conexiones de red ethernet confiables. Adems, el cable tiene un duradero recubrimiento pvc de color azul que permite codificar mediante el color los cables de su red, segn sea necesario. Para facilitar la instalacin de los cables, los conectores a prueba de enganche snagless protegen los clips rj45 del cable durante la instalacin, lo cual evita enganches o daos. Esto garantiza una conexin resistente, ya que se evita que el cable se suelte del conector. El cable tiene revestimiento moldeado que reduce la tensin en los puntos de terminacin de los conectores rj45, lo cual evita que el cable se doble en ngulos agudos y, a su vez, evita daos en el cable que puedan causar una disminucin del rendimiento de la red. Confe en nuestros conectores rj45 que ofrecen ptima conductividad sin prdida de la seal debida a la oxidacin o la corrosin.<\/p>\n","protected":false},"featured_media":213499,"comment_status":"open","ping_status":"open","template":"","meta":[],"product_cat":[1602,1549],"product_tag":[1590],"acf":[],"yoast_head":"<!-- This site is optimized with the Yoast SEO plugin v21.7 - https:\/\/yoast.com\/wordpress\/plugins\/seo\/ -->\n<title>[ Startech.com ] &#129351; 45pat5mbl Cable De 5m De Red Ethernet Cat5e Rj45 Sin Traba Snagless - Azul - Mod.<\/title>\n<meta name=\"description\" content=\"Compra 45pat5mbl Cable De 5m De Red Ethernet Cat5e Rj45 Sin Traba Snagless - Azul - Mod. + Env\u00edo a domicilio + Pago seguro + Garant\u00eda\" \/>\n<meta name=\"robots\" content=\"index, follow, max-snippet:-1, max-image-preview:large, max-video-preview:-1\" \/>\n<link rel=\"canonical\" href=\"https:\/\/compuviper.mx\/tienda\/producto\/startech-com-45pat5mbl-cable-de-5m-de-red-ethernet-cat5e-rj45-sin-traba-snagless-azul-mod\/\" \/>\n<meta property=\"og:locale\" content=\"es_MX\" \/>\n<meta property=\"og:type\" content=\"article\" \/>\n<meta property=\"og:title\" content=\"[ Startech.com ] &#129351; 45pat5mbl Cable De 5m De Red Ethernet Cat5e Rj45 Sin Traba Snagless - Azul - Mod.\" \/>\n<meta property=\"og:description\" content=\"Compra 45pat5mbl Cable De 5m De Red Ethernet Cat5e Rj45 Sin Traba Snagless - Azul - Mod. + Env\u00edo a domicilio + Pago seguro + Garant\u00eda\" \/>\n<meta property=\"og:url\" content=\"https:\/\/compuviper.mx\/tienda\/producto\/startech-com-45pat5mbl-cable-de-5m-de-red-ethernet-cat5e-rj45-sin-traba-snagless-azul-mod\/\" \/>\n<meta property=\"og:site_name\" content=\"Compuviper\" \/>\n<meta property=\"article:publisher\" content=\"https:\/\/www.facebook.com\/compuviper\" \/>\n<meta property=\"og:image\" content=\"https:\/\/compuviper.mx\/tienda\/wp-content\/uploads\/2023\/12\/Cable-de-5m-de-red-ethernet-cat5e-rj45-sin-traba-snagless-azul-startech.com-mod.-45pat5mbl.jpg\" \/>\n\t<meta property=\"og:image:width\" content=\"200\" \/>\n\t<meta property=\"og:image:height\" content=\"200\" \/>\n\t<meta property=\"og:image:type\" content=\"image\/jpeg\" \/>\n<meta name=\"twitter:card\" content=\"summary_large_image\" \/>\n<meta name=\"twitter:label1\" content=\"Precio\" \/>\n\t<meta name=\"twitter:data1\" content=\"&#36;127 con IVA\" \/>\n\t<meta name=\"twitter:label2\" content=\"Availability\" \/>\n\t<meta name=\"twitter:data2\" content=\"In stock\" \/>\n<script type=\"application\/ld+json\" class=\"yoast-schema-graph\">{\"@context\":\"https:\/\/schema.org\",\"@graph\":[{\"@type\":\"WebPage\",\"@id\":\"https:\/\/compuviper.mx\/tienda\/producto\/startech-com-45pat5mbl-cable-de-5m-de-red-ethernet-cat5e-rj45-sin-traba-snagless-azul-mod\/\",\"url\":\"https:\/\/compuviper.mx\/tienda\/producto\/startech-com-45pat5mbl-cable-de-5m-de-red-ethernet-cat5e-rj45-sin-traba-snagless-azul-mod\/\",\"name\":\"[ Startech.com ] &#129351; 45pat5mbl Cable De 5m De Red Ethernet Cat5e Rj45 Sin Traba Snagless - Azul - Mod.\",\"isPartOf\":{\"@id\":\"https:\/\/compuviper.mx\/tienda\/#website\"},\"datePublished\":\"2026-04-18T05:42:34+00:00\",\"dateModified\":\"2026-04-18T05:42:34+00:00\",\"description\":\"Compra 45pat5mbl Cable De 5m De Red Ethernet Cat5e Rj45 Sin Traba Snagless - Azul - Mod. + Env\u00edo a domicilio + Pago seguro + Garant\u00eda\",\"breadcrumb\":{\"@id\":\"https:\/\/compuviper.mx\/tienda\/producto\/startech-com-45pat5mbl-cable-de-5m-de-red-ethernet-cat5e-rj45-sin-traba-snagless-azul-mod\/#breadcrumb\"},\"inLanguage\":\"es-MX\",\"potentialAction\":[{\"@type\":\"ReadAction\",\"target\":[\"https:\/\/compuviper.mx\/tienda\/producto\/startech-com-45pat5mbl-cable-de-5m-de-red-ethernet-cat5e-rj45-sin-traba-snagless-azul-mod\/\"]}]},{\"@type\":\"BreadcrumbList\",\"@id\":\"https:\/\/compuviper.mx\/tienda\/producto\/startech-com-45pat5mbl-cable-de-5m-de-red-ethernet-cat5e-rj45-sin-traba-snagless-azul-mod\/#breadcrumb\",\"itemListElement\":[{\"@type\":\"ListItem\",\"position\":1,\"name\":\"Inicio\",\"item\":\"https:\/\/compuviper.mx\/tienda\/\"},{\"@type\":\"ListItem\",\"position\":2,\"name\":\"Productos\",\"item\":\"https:\/\/compuviper.mx\/tienda\/productos\/\"},{\"@type\":\"ListItem\",\"position\":3,\"name\":\"Cables\",\"item\":\"https:\/\/compuviper.mx\/tienda\/categoria-producto\/cables\/\"},{\"@type\":\"ListItem\",\"position\":4,\"name\":\"Cable De Red\",\"item\":\"https:\/\/compuviper.mx\/tienda\/categoria-producto\/cables\/cable-de-red\/\"},{\"@type\":\"ListItem\",\"position\":5,\"name\":\"Startech.com 45pat5mbl Cable De 5m De Red Ethernet Cat5e Rj45 Sin Traba Snagless &#8211; Azul &#8211; Mod.\"}]},{\"@type\":\"WebSite\",\"@id\":\"https:\/\/compuviper.mx\/tienda\/#website\",\"url\":\"https:\/\/compuviper.mx\/tienda\/\",\"name\":\"Compuviper\",\"description\":\"Proveedor de Computadoras, Laptops, Servidores, Monitores, Puntos de Venta, Teclados,   Impresoras, T\u00f3ner, C\u00e1maras de Seguridad y m\u00e1s en tu tienda en l\u00ednea\",\"publisher\":{\"@id\":\"https:\/\/compuviper.mx\/tienda\/#organization\"},\"potentialAction\":[{\"@type\":\"SearchAction\",\"target\":{\"@type\":\"EntryPoint\",\"urlTemplate\":\"https:\/\/compuviper.mx\/tienda\/?s={search_term_string}\"},\"query-input\":\"required name=search_term_string\"}],\"inLanguage\":\"es-MX\"},{\"@type\":\"Organization\",\"@id\":\"https:\/\/compuviper.mx\/tienda\/#organization\",\"name\":\"Compuviper\",\"url\":\"https:\/\/compuviper.mx\/tienda\/\",\"logo\":{\"@type\":\"ImageObject\",\"inLanguage\":\"es-MX\",\"@id\":\"https:\/\/compuviper.mx\/tienda\/#\/schema\/logo\/image\/\",\"url\":\"https:\/\/compuviper.mx\/tienda\/wp-content\/uploads\/2021\/08\/Logo-Compuviper-10.png\",\"contentUrl\":\"https:\/\/compuviper.mx\/tienda\/wp-content\/uploads\/2021\/08\/Logo-Compuviper-10.png\",\"width\":1000,\"height\":500,\"caption\":\"Compuviper\"},\"image\":{\"@id\":\"https:\/\/compuviper.mx\/tienda\/#\/schema\/logo\/image\/\"},\"sameAs\":[\"https:\/\/www.facebook.com\/compuviper\",\"https:\/\/www.youtube.com\/channel\/UCf73dERp9Y3cfOq7q8BhLjA?view_as=subscriber\"]}]}<\/script>\n<meta property=\"product:brand\" content=\"STARTECH.COM\" \/>\n<meta property=\"product:price:amount\" content=\"127\" \/>\n<meta property=\"product:price:currency\" content=\"MXN\" \/>\n<meta property=\"og:availability\" content=\"instock\" \/>\n<meta property=\"product:availability\" content=\"instock\" \/>\n<meta property=\"product:retailer_item_id\" content=\"45PAT5MBL\" \/>\n<meta property=\"product:condition\" content=\"new\" \/>\n<!-- \/ Yoast SEO plugin. -->","yoast_head_json":{"title":"[ Startech.com ] &#129351; 45pat5mbl Cable De 5m De Red Ethernet Cat5e Rj45 Sin Traba Snagless - Azul - Mod.","description":"Compra 45pat5mbl Cable De 5m De Red Ethernet Cat5e Rj45 Sin Traba Snagless - Azul - Mod. + Env\u00edo a domicilio + Pago seguro + Garant\u00eda","robots":{"index":"index","follow":"follow","max-snippet":"max-snippet:-1","max-image-preview":"max-image-preview:large","max-video-preview":"max-video-preview:-1"},"canonical":"https:\/\/compuviper.mx\/tienda\/producto\/startech-com-45pat5mbl-cable-de-5m-de-red-ethernet-cat5e-rj45-sin-traba-snagless-azul-mod\/","og_locale":"es_MX","og_type":"article","og_title":"[ Startech.com ] &#129351; 45pat5mbl Cable De 5m De Red Ethernet Cat5e Rj45 Sin Traba Snagless - Azul - Mod.","og_description":"Compra 45pat5mbl Cable De 5m De Red Ethernet Cat5e Rj45 Sin Traba Snagless - Azul - Mod. + Env\u00edo a domicilio + Pago seguro + Garant\u00eda","og_url":"https:\/\/compuviper.mx\/tienda\/producto\/startech-com-45pat5mbl-cable-de-5m-de-red-ethernet-cat5e-rj45-sin-traba-snagless-azul-mod\/","og_site_name":"Compuviper","article_publisher":"https:\/\/www.facebook.com\/compuviper","og_image":[{"width":200,"height":200,"url":"https:\/\/compuviper.mx\/tienda\/wp-content\/uploads\/2023\/12\/Cable-de-5m-de-red-ethernet-cat5e-rj45-sin-traba-snagless-azul-startech.com-mod.-45pat5mbl.jpg","type":"image\/jpeg"}],"twitter_card":"summary_large_image","twitter_misc":{"Precio":"&#36;127 con IVA","Availability":"In stock"},"schema":{"@context":"https:\/\/schema.org","@graph":[{"@type":"WebPage","@id":"https:\/\/compuviper.mx\/tienda\/producto\/startech-com-45pat5mbl-cable-de-5m-de-red-ethernet-cat5e-rj45-sin-traba-snagless-azul-mod\/","url":"https:\/\/compuviper.mx\/tienda\/producto\/startech-com-45pat5mbl-cable-de-5m-de-red-ethernet-cat5e-rj45-sin-traba-snagless-azul-mod\/","name":"[ Startech.com ] &#129351; 45pat5mbl Cable De 5m De Red Ethernet Cat5e Rj45 Sin Traba Snagless - Azul - Mod.","isPartOf":{"@id":"https:\/\/compuviper.mx\/tienda\/#website"},"datePublished":"2026-04-18T05:42:34+00:00","dateModified":"2026-04-18T05:42:34+00:00","description":"Compra 45pat5mbl Cable De 5m De Red Ethernet Cat5e Rj45 Sin Traba Snagless - Azul - Mod. + Env\u00edo a domicilio + Pago seguro + Garant\u00eda","breadcrumb":{"@id":"https:\/\/compuviper.mx\/tienda\/producto\/startech-com-45pat5mbl-cable-de-5m-de-red-ethernet-cat5e-rj45-sin-traba-snagless-azul-mod\/#breadcrumb"},"inLanguage":"es-MX","potentialAction":[{"@type":"ReadAction","target":["https:\/\/compuviper.mx\/tienda\/producto\/startech-com-45pat5mbl-cable-de-5m-de-red-ethernet-cat5e-rj45-sin-traba-snagless-azul-mod\/"]}]},{"@type":"BreadcrumbList","@id":"https:\/\/compuviper.mx\/tienda\/producto\/startech-com-45pat5mbl-cable-de-5m-de-red-ethernet-cat5e-rj45-sin-traba-snagless-azul-mod\/#breadcrumb","itemListElement":[{"@type":"ListItem","position":1,"name":"Inicio","item":"https:\/\/compuviper.mx\/tienda\/"},{"@type":"ListItem","position":2,"name":"Productos","item":"https:\/\/compuviper.mx\/tienda\/productos\/"},{"@type":"ListItem","position":3,"name":"Cables","item":"https:\/\/compuviper.mx\/tienda\/categoria-producto\/cables\/"},{"@type":"ListItem","position":4,"name":"Cable De Red","item":"https:\/\/compuviper.mx\/tienda\/categoria-producto\/cables\/cable-de-red\/"},{"@type":"ListItem","position":5,"name":"Startech.com 45pat5mbl Cable De 5m De Red Ethernet Cat5e Rj45 Sin Traba Snagless &#8211; Azul &#8211; Mod."}]},{"@type":"WebSite","@id":"https:\/\/compuviper.mx\/tienda\/#website","url":"https:\/\/compuviper.mx\/tienda\/","name":"Compuviper","description":"Proveedor de Computadoras, Laptops, Servidores, Monitores, Puntos de Venta, Teclados,   Impresoras, T\u00f3ner, C\u00e1maras de Seguridad y m\u00e1s en tu tienda en l\u00ednea","publisher":{"@id":"https:\/\/compuviper.mx\/tienda\/#organization"},"potentialAction":[{"@type":"SearchAction","target":{"@type":"EntryPoint","urlTemplate":"https:\/\/compuviper.mx\/tienda\/?s={search_term_string}"},"query-input":"required name=search_term_string"}],"inLanguage":"es-MX"},{"@type":"Organization","@id":"https:\/\/compuviper.mx\/tienda\/#organization","name":"Compuviper","url":"https:\/\/compuviper.mx\/tienda\/","logo":{"@type":"ImageObject","inLanguage":"es-MX","@id":"https:\/\/compuviper.mx\/tienda\/#\/schema\/logo\/image\/","url":"https:\/\/compuviper.mx\/tienda\/wp-content\/uploads\/2021\/08\/Logo-Compuviper-10.png","contentUrl":"https:\/\/compuviper.mx\/tienda\/wp-content\/uploads\/2021\/08\/Logo-Compuviper-10.png","width":1000,"height":500,"caption":"Compuviper"},"image":{"@id":"https:\/\/compuviper.mx\/tienda\/#\/schema\/logo\/image\/"},"sameAs":["https:\/\/www.facebook.com\/compuviper","https:\/\/www.youtube.com\/channel\/UCf73dERp9Y3cfOq7q8BhLjA?view_as=subscriber"]}]},"product_brand":"STARTECH.COM","product_price_amount":"127","product_price_currency":"MXN","og_availability":"instock","product_availability":"instock","product_retailer_item_id":"45PAT5MBL","product_condition":"new"},"_links":{"self":[{"href":"https:\/\/compuviper.mx\/tienda\/wp-json\/wp\/v2\/product\/213498"}],"collection":[{"href":"https:\/\/compuviper.mx\/tienda\/wp-json\/wp\/v2\/product"}],"about":[{"href":"https:\/\/compuviper.mx\/tienda\/wp-json\/wp\/v2\/types\/product"}],"replies":[{"embeddable":true,"href":"https:\/\/compuviper.mx\/tienda\/wp-json\/wp\/v2\/comments?post=213498"}],"wp:featuredmedia":[{"embeddable":true,"href":"https:\/\/compuviper.mx\/tienda\/wp-json\/wp\/v2\/media\/213499"}],"wp:attachment":[{"href":"https:\/\/compuviper.mx\/tienda\/wp-json\/wp\/v2\/media?parent=213498"}],"wp:term":[{"taxonomy":"product_cat","embeddable":true,"href":"https:\/\/compuviper.mx\/tienda\/wp-json\/wp\/v2\/product_cat?post=213498"},{"taxonomy":"product_tag","embeddable":true,"href":"https:\/\/compuviper.mx\/tienda\/wp-json\/wp\/v2\/product_tag?post=213498"}],"curies":[{"name":"wp","href":"https:\/\/api.w.org\/{rel}","templated":true}]}}