{"id":213492,"date":"2026-04-10T23:37:27","date_gmt":"2026-04-11T05:37:27","guid":{"rendered":"https:\/\/compuviper.mx\/tienda\/producto\/startech-com-n6patc2mbk-cable-de-2m-de-red-ethernet-snagless-sin-enganches-cat-6-cat6-gigabit-negro-mod\/"},"modified":"2026-04-10T23:37:27","modified_gmt":"2026-04-11T05:37:27","slug":"startech-com-n6patc2mbk-cable-de-2m-de-red-ethernet-snagless-sin-enganches-cat-6-cat6-gigabit-negro-mod","status":"publish","type":"product","link":"https:\/\/compuviper.mx\/tienda\/producto\/startech-com-n6patc2mbk-cable-de-2m-de-red-ethernet-snagless-sin-enganches-cat-6-cat6-gigabit-negro-mod\/","title":{"rendered":"Startech.com N6patc2mbk Cable De 2m De Red Ethernet Snagless Sin Enganches Cat 6 Cat6 Gigabit &#8211; Negro &#8211;  Mod."},"content":{"rendered":"<table class=\"descripcion\">\n<tr>\n<td>Hardware<\/td>\n<\/tr>\n<tr>\n<td>Grado de inflamabilidad : clasificacin cmg uso general<\/td>\n<\/tr>\n<tr>\n<td>Revestimiento del conector  : oro<\/td>\n<\/tr>\n<tr>\n<td>Tipo de cable : libre de enganches<\/td>\n<\/tr>\n<tr>\n<td>Estndar de cableado : tia\/eia-568-b.1-2001 t568b<\/td>\n<\/tr>\n<tr>\n<td>Cantidad de conductores : 4 pair utp<\/td>\n<\/tr>\n<tr>\n<td>Cable tipo jacket : pvc &#8211; polyvinyl chloride<\/td>\n<\/tr>\n<tr>\n<td>Rendimiento<\/td>\n<\/tr>\n<tr>\n<td>Clasificacin de cables : cat6 &#8211; 650 mhz<\/td>\n<\/tr>\n<tr>\n<td>Contenido de la caja<\/td>\n<\/tr>\n<tr>\n<td>Incluido en la caja : cable de conexin cat6 utp libre de enganches negro 2 m &#8211; certificacin etl<\/td>\n<\/tr>\n<tr>\n<td>Conectores<\/td>\n<\/tr>\n<tr>\n<td>Conector b : rj-45<\/td>\n<\/tr>\n<tr>\n<td>Conector a : rj-45<\/td>\n<\/tr>\n<tr>\n<td>Caractersticas fsicas<\/td>\n<\/tr>\n<tr>\n<td>Tipo de conductor : cobre trenzado<\/td>\n<\/tr>\n<tr>\n<td>Peso del producto : 84 g<\/td>\n<\/tr>\n<tr>\n<td>Longitud del producto : 2 m<\/td>\n<\/tr>\n<tr>\n<td>Longitud del cable : 2 m<\/td>\n<\/tr>\n<tr>\n<td>Color : negro<\/td>\n<\/tr>\n<tr>\n<td>Calibre del conductor : 24 awg<\/td>\n<\/tr>\n<\/table>\n","protected":false},"excerpt":{"rendered":"<p>El cable de conexin cat 6 2m, n6patc2mbk cumple o supera las especificaciones del cable de categora 6 asegurando conexiones de red gigabit confiables y dispone de un jacket de pvc negro de gran durabilidad que permite codificar por colores el tendido de cables de red de acuerdo a sus necesidades. Con el propsito de asegurar un rendimiento duradero, este cable de conexin cat 6 de alta calidad est provisto de un gancho de ajuste que proteje los clips del conector rj45 de posibles daos y hace que el cable sea menos propenso a engancharse durante la instalacin. Adems, incluye alivio de tensin moldeado de pvc que contribuye a minimizar el riesgo de daar el cable pues evita que los puntos de terminacin del conector rj45 se doblen formando ngulos agudos, lo cual podra ocasionar una disminucin en el rendimiento de la red. Fabricado con materiales de primersima calidad, este cable de conexin cat6 ofrece rendimiento confiable.<\/p>\n","protected":false},"featured_media":213493,"comment_status":"open","ping_status":"open","template":"","meta":[],"product_cat":[1549,1602],"product_tag":[1590],"acf":[],"yoast_head":"<!-- This site is optimized with the Yoast SEO plugin v21.7 - https:\/\/yoast.com\/wordpress\/plugins\/seo\/ -->\n<title>[ Startech.com ] &#129351; N6patc2mbk Cable De 2m De Red Ethernet Snagless Sin Enganches Cat 6 Cat6 Gigabit - Negro - Mod.<\/title>\n<meta name=\"description\" content=\"Compra N6patc2mbk Cable De 2m De Red Ethernet Snagless Sin Enganches Cat 6 Cat6 Gigabit - Negro - Mod. + Env\u00edo a domicilio + Pago seguro + Garant\u00eda\" \/>\n<meta name=\"robots\" content=\"index, follow, max-snippet:-1, max-image-preview:large, max-video-preview:-1\" \/>\n<link rel=\"canonical\" href=\"https:\/\/compuviper.mx\/tienda\/producto\/startech-com-n6patc2mbk-cable-de-2m-de-red-ethernet-snagless-sin-enganches-cat-6-cat6-gigabit-negro-mod\/\" \/>\n<meta property=\"og:locale\" content=\"es_MX\" \/>\n<meta property=\"og:type\" content=\"article\" \/>\n<meta property=\"og:title\" content=\"[ Startech.com ] &#129351; N6patc2mbk Cable De 2m De Red Ethernet Snagless Sin Enganches Cat 6 Cat6 Gigabit - Negro - Mod.\" \/>\n<meta property=\"og:description\" content=\"Compra N6patc2mbk Cable De 2m De Red Ethernet Snagless Sin Enganches Cat 6 Cat6 Gigabit - Negro - Mod. + Env\u00edo a domicilio + Pago seguro + Garant\u00eda\" \/>\n<meta property=\"og:url\" content=\"https:\/\/compuviper.mx\/tienda\/producto\/startech-com-n6patc2mbk-cable-de-2m-de-red-ethernet-snagless-sin-enganches-cat-6-cat6-gigabit-negro-mod\/\" \/>\n<meta property=\"og:site_name\" content=\"Compuviper\" \/>\n<meta property=\"article:publisher\" content=\"https:\/\/www.facebook.com\/compuviper\" \/>\n<meta property=\"og:image\" content=\"https:\/\/compuviper.mx\/tienda\/wp-content\/uploads\/2023\/12\/Cable-de-2m-de-red-ethernet-snagless-sin-enganches-cat-6-cat6-gigabit-negro-startech.com-mod.-n6patc2mbk.jpg\" \/>\n\t<meta property=\"og:image:width\" content=\"200\" \/>\n\t<meta property=\"og:image:height\" content=\"200\" \/>\n\t<meta property=\"og:image:type\" content=\"image\/jpeg\" \/>\n<meta name=\"twitter:card\" content=\"summary_large_image\" \/>\n<meta name=\"twitter:label1\" content=\"Precio\" \/>\n\t<meta name=\"twitter:data1\" content=\"&#36;83 con IVA\" \/>\n\t<meta name=\"twitter:label2\" content=\"Availability\" \/>\n\t<meta name=\"twitter:data2\" content=\"Out of stock\" \/>\n<script type=\"application\/ld+json\" class=\"yoast-schema-graph\">{\"@context\":\"https:\/\/schema.org\",\"@graph\":[{\"@type\":\"WebPage\",\"@id\":\"https:\/\/compuviper.mx\/tienda\/producto\/startech-com-n6patc2mbk-cable-de-2m-de-red-ethernet-snagless-sin-enganches-cat-6-cat6-gigabit-negro-mod\/\",\"url\":\"https:\/\/compuviper.mx\/tienda\/producto\/startech-com-n6patc2mbk-cable-de-2m-de-red-ethernet-snagless-sin-enganches-cat-6-cat6-gigabit-negro-mod\/\",\"name\":\"[ Startech.com ] &#129351; N6patc2mbk Cable De 2m De Red Ethernet Snagless Sin Enganches Cat 6 Cat6 Gigabit - Negro - Mod.\",\"isPartOf\":{\"@id\":\"https:\/\/compuviper.mx\/tienda\/#website\"},\"datePublished\":\"2026-04-11T05:37:27+00:00\",\"dateModified\":\"2026-04-11T05:37:27+00:00\",\"description\":\"Compra N6patc2mbk Cable De 2m De Red Ethernet Snagless Sin Enganches Cat 6 Cat6 Gigabit - Negro - Mod. + Env\u00edo a domicilio + Pago seguro + Garant\u00eda\",\"breadcrumb\":{\"@id\":\"https:\/\/compuviper.mx\/tienda\/producto\/startech-com-n6patc2mbk-cable-de-2m-de-red-ethernet-snagless-sin-enganches-cat-6-cat6-gigabit-negro-mod\/#breadcrumb\"},\"inLanguage\":\"es-MX\",\"potentialAction\":[{\"@type\":\"ReadAction\",\"target\":[\"https:\/\/compuviper.mx\/tienda\/producto\/startech-com-n6patc2mbk-cable-de-2m-de-red-ethernet-snagless-sin-enganches-cat-6-cat6-gigabit-negro-mod\/\"]}]},{\"@type\":\"BreadcrumbList\",\"@id\":\"https:\/\/compuviper.mx\/tienda\/producto\/startech-com-n6patc2mbk-cable-de-2m-de-red-ethernet-snagless-sin-enganches-cat-6-cat6-gigabit-negro-mod\/#breadcrumb\",\"itemListElement\":[{\"@type\":\"ListItem\",\"position\":1,\"name\":\"Inicio\",\"item\":\"https:\/\/compuviper.mx\/tienda\/\"},{\"@type\":\"ListItem\",\"position\":2,\"name\":\"Productos\",\"item\":\"https:\/\/compuviper.mx\/tienda\/productos\/\"},{\"@type\":\"ListItem\",\"position\":3,\"name\":\"Cables\",\"item\":\"https:\/\/compuviper.mx\/tienda\/categoria-producto\/cables\/\"},{\"@type\":\"ListItem\",\"position\":4,\"name\":\"Cable De Red\",\"item\":\"https:\/\/compuviper.mx\/tienda\/categoria-producto\/cables\/cable-de-red\/\"},{\"@type\":\"ListItem\",\"position\":5,\"name\":\"Startech.com N6patc2mbk Cable De 2m De Red Ethernet Snagless Sin Enganches Cat 6 Cat6 Gigabit &#8211; Negro &#8211; Mod.\"}]},{\"@type\":\"WebSite\",\"@id\":\"https:\/\/compuviper.mx\/tienda\/#website\",\"url\":\"https:\/\/compuviper.mx\/tienda\/\",\"name\":\"Compuviper\",\"description\":\"Proveedor de Computadoras, Laptops, Servidores, Monitores, Puntos de Venta, Teclados,   Impresoras, T\u00f3ner, C\u00e1maras de Seguridad y m\u00e1s en tu tienda en l\u00ednea\",\"publisher\":{\"@id\":\"https:\/\/compuviper.mx\/tienda\/#organization\"},\"potentialAction\":[{\"@type\":\"SearchAction\",\"target\":{\"@type\":\"EntryPoint\",\"urlTemplate\":\"https:\/\/compuviper.mx\/tienda\/?s={search_term_string}\"},\"query-input\":\"required name=search_term_string\"}],\"inLanguage\":\"es-MX\"},{\"@type\":\"Organization\",\"@id\":\"https:\/\/compuviper.mx\/tienda\/#organization\",\"name\":\"Compuviper\",\"url\":\"https:\/\/compuviper.mx\/tienda\/\",\"logo\":{\"@type\":\"ImageObject\",\"inLanguage\":\"es-MX\",\"@id\":\"https:\/\/compuviper.mx\/tienda\/#\/schema\/logo\/image\/\",\"url\":\"https:\/\/compuviper.mx\/tienda\/wp-content\/uploads\/2021\/08\/Logo-Compuviper-10.png\",\"contentUrl\":\"https:\/\/compuviper.mx\/tienda\/wp-content\/uploads\/2021\/08\/Logo-Compuviper-10.png\",\"width\":1000,\"height\":500,\"caption\":\"Compuviper\"},\"image\":{\"@id\":\"https:\/\/compuviper.mx\/tienda\/#\/schema\/logo\/image\/\"},\"sameAs\":[\"https:\/\/www.facebook.com\/compuviper\",\"https:\/\/www.youtube.com\/channel\/UCf73dERp9Y3cfOq7q8BhLjA?view_as=subscriber\"]}]}<\/script>\n<meta property=\"product:brand\" content=\"STARTECH.COM\" \/>\n<meta property=\"product:price:amount\" content=\"83\" \/>\n<meta property=\"product:price:currency\" content=\"MXN\" \/>\n<meta property=\"og:availability\" content=\"out of stock\" \/>\n<meta property=\"product:availability\" content=\"out of stock\" \/>\n<meta property=\"product:retailer_item_id\" content=\"N6PATC2MBK\" \/>\n<meta property=\"product:condition\" content=\"new\" \/>\n<!-- \/ Yoast SEO plugin. -->","yoast_head_json":{"title":"[ Startech.com ] &#129351; N6patc2mbk Cable De 2m De Red Ethernet Snagless Sin Enganches Cat 6 Cat6 Gigabit - Negro - Mod.","description":"Compra N6patc2mbk Cable De 2m De Red Ethernet Snagless Sin Enganches Cat 6 Cat6 Gigabit - Negro - Mod. + Env\u00edo a domicilio + Pago seguro + Garant\u00eda","robots":{"index":"index","follow":"follow","max-snippet":"max-snippet:-1","max-image-preview":"max-image-preview:large","max-video-preview":"max-video-preview:-1"},"canonical":"https:\/\/compuviper.mx\/tienda\/producto\/startech-com-n6patc2mbk-cable-de-2m-de-red-ethernet-snagless-sin-enganches-cat-6-cat6-gigabit-negro-mod\/","og_locale":"es_MX","og_type":"article","og_title":"[ Startech.com ] &#129351; N6patc2mbk Cable De 2m De Red Ethernet Snagless Sin Enganches Cat 6 Cat6 Gigabit - Negro - Mod.","og_description":"Compra N6patc2mbk Cable De 2m De Red Ethernet Snagless Sin Enganches Cat 6 Cat6 Gigabit - Negro - Mod. + Env\u00edo a domicilio + Pago seguro + Garant\u00eda","og_url":"https:\/\/compuviper.mx\/tienda\/producto\/startech-com-n6patc2mbk-cable-de-2m-de-red-ethernet-snagless-sin-enganches-cat-6-cat6-gigabit-negro-mod\/","og_site_name":"Compuviper","article_publisher":"https:\/\/www.facebook.com\/compuviper","og_image":[{"width":200,"height":200,"url":"https:\/\/compuviper.mx\/tienda\/wp-content\/uploads\/2023\/12\/Cable-de-2m-de-red-ethernet-snagless-sin-enganches-cat-6-cat6-gigabit-negro-startech.com-mod.-n6patc2mbk.jpg","type":"image\/jpeg"}],"twitter_card":"summary_large_image","twitter_misc":{"Precio":"&#36;83 con IVA","Availability":"Out of stock"},"schema":{"@context":"https:\/\/schema.org","@graph":[{"@type":"WebPage","@id":"https:\/\/compuviper.mx\/tienda\/producto\/startech-com-n6patc2mbk-cable-de-2m-de-red-ethernet-snagless-sin-enganches-cat-6-cat6-gigabit-negro-mod\/","url":"https:\/\/compuviper.mx\/tienda\/producto\/startech-com-n6patc2mbk-cable-de-2m-de-red-ethernet-snagless-sin-enganches-cat-6-cat6-gigabit-negro-mod\/","name":"[ Startech.com ] &#129351; N6patc2mbk Cable De 2m De Red Ethernet Snagless Sin Enganches Cat 6 Cat6 Gigabit - Negro - Mod.","isPartOf":{"@id":"https:\/\/compuviper.mx\/tienda\/#website"},"datePublished":"2026-04-11T05:37:27+00:00","dateModified":"2026-04-11T05:37:27+00:00","description":"Compra N6patc2mbk Cable De 2m De Red Ethernet Snagless Sin Enganches Cat 6 Cat6 Gigabit - Negro - Mod. + Env\u00edo a domicilio + Pago seguro + Garant\u00eda","breadcrumb":{"@id":"https:\/\/compuviper.mx\/tienda\/producto\/startech-com-n6patc2mbk-cable-de-2m-de-red-ethernet-snagless-sin-enganches-cat-6-cat6-gigabit-negro-mod\/#breadcrumb"},"inLanguage":"es-MX","potentialAction":[{"@type":"ReadAction","target":["https:\/\/compuviper.mx\/tienda\/producto\/startech-com-n6patc2mbk-cable-de-2m-de-red-ethernet-snagless-sin-enganches-cat-6-cat6-gigabit-negro-mod\/"]}]},{"@type":"BreadcrumbList","@id":"https:\/\/compuviper.mx\/tienda\/producto\/startech-com-n6patc2mbk-cable-de-2m-de-red-ethernet-snagless-sin-enganches-cat-6-cat6-gigabit-negro-mod\/#breadcrumb","itemListElement":[{"@type":"ListItem","position":1,"name":"Inicio","item":"https:\/\/compuviper.mx\/tienda\/"},{"@type":"ListItem","position":2,"name":"Productos","item":"https:\/\/compuviper.mx\/tienda\/productos\/"},{"@type":"ListItem","position":3,"name":"Cables","item":"https:\/\/compuviper.mx\/tienda\/categoria-producto\/cables\/"},{"@type":"ListItem","position":4,"name":"Cable De Red","item":"https:\/\/compuviper.mx\/tienda\/categoria-producto\/cables\/cable-de-red\/"},{"@type":"ListItem","position":5,"name":"Startech.com N6patc2mbk Cable De 2m De Red Ethernet Snagless Sin Enganches Cat 6 Cat6 Gigabit &#8211; Negro &#8211; Mod."}]},{"@type":"WebSite","@id":"https:\/\/compuviper.mx\/tienda\/#website","url":"https:\/\/compuviper.mx\/tienda\/","name":"Compuviper","description":"Proveedor de Computadoras, Laptops, Servidores, Monitores, Puntos de Venta, Teclados,   Impresoras, T\u00f3ner, C\u00e1maras de Seguridad y m\u00e1s en tu tienda en l\u00ednea","publisher":{"@id":"https:\/\/compuviper.mx\/tienda\/#organization"},"potentialAction":[{"@type":"SearchAction","target":{"@type":"EntryPoint","urlTemplate":"https:\/\/compuviper.mx\/tienda\/?s={search_term_string}"},"query-input":"required name=search_term_string"}],"inLanguage":"es-MX"},{"@type":"Organization","@id":"https:\/\/compuviper.mx\/tienda\/#organization","name":"Compuviper","url":"https:\/\/compuviper.mx\/tienda\/","logo":{"@type":"ImageObject","inLanguage":"es-MX","@id":"https:\/\/compuviper.mx\/tienda\/#\/schema\/logo\/image\/","url":"https:\/\/compuviper.mx\/tienda\/wp-content\/uploads\/2021\/08\/Logo-Compuviper-10.png","contentUrl":"https:\/\/compuviper.mx\/tienda\/wp-content\/uploads\/2021\/08\/Logo-Compuviper-10.png","width":1000,"height":500,"caption":"Compuviper"},"image":{"@id":"https:\/\/compuviper.mx\/tienda\/#\/schema\/logo\/image\/"},"sameAs":["https:\/\/www.facebook.com\/compuviper","https:\/\/www.youtube.com\/channel\/UCf73dERp9Y3cfOq7q8BhLjA?view_as=subscriber"]}]},"product_brand":"STARTECH.COM","product_price_amount":"83","product_price_currency":"MXN","og_availability":"out of stock","product_availability":"out of stock","product_retailer_item_id":"N6PATC2MBK","product_condition":"new"},"_links":{"self":[{"href":"https:\/\/compuviper.mx\/tienda\/wp-json\/wp\/v2\/product\/213492"}],"collection":[{"href":"https:\/\/compuviper.mx\/tienda\/wp-json\/wp\/v2\/product"}],"about":[{"href":"https:\/\/compuviper.mx\/tienda\/wp-json\/wp\/v2\/types\/product"}],"replies":[{"embeddable":true,"href":"https:\/\/compuviper.mx\/tienda\/wp-json\/wp\/v2\/comments?post=213492"}],"wp:featuredmedia":[{"embeddable":true,"href":"https:\/\/compuviper.mx\/tienda\/wp-json\/wp\/v2\/media\/213493"}],"wp:attachment":[{"href":"https:\/\/compuviper.mx\/tienda\/wp-json\/wp\/v2\/media?parent=213492"}],"wp:term":[{"taxonomy":"product_cat","embeddable":true,"href":"https:\/\/compuviper.mx\/tienda\/wp-json\/wp\/v2\/product_cat?post=213492"},{"taxonomy":"product_tag","embeddable":true,"href":"https:\/\/compuviper.mx\/tienda\/wp-json\/wp\/v2\/product_tag?post=213492"}],"curies":[{"name":"wp","href":"https:\/\/api.w.org\/{rel}","templated":true}]}}