{"id":213488,"date":"2026-04-17T23:42:32","date_gmt":"2026-04-18T05:42:32","guid":{"rendered":"https:\/\/compuviper.mx\/tienda\/producto\/startech-com-pxt515c158-cable-de-corriente-de-2-4m-de-alimentacin-para-computadora-servicio-pesado-14awg-nema-5-15p-a-c15-15a-125v-mod\/"},"modified":"2026-04-17T23:42:32","modified_gmt":"2026-04-18T05:42:32","slug":"startech-com-pxt515c158-cable-de-corriente-de-2-4m-de-alimentacin-para-computadora-servicio-pesado-14awg-nema-5-15p-a-c15-15a-125v-mod","status":"publish","type":"product","link":"https:\/\/compuviper.mx\/tienda\/producto\/startech-com-pxt515c158-cable-de-corriente-de-2-4m-de-alimentacin-para-computadora-servicio-pesado-14awg-nema-5-15p-a-c15-15a-125v-mod\/","title":{"rendered":"Startech.com Pxt515c158 Cable De Corriente De 2.4m De Alimentacin Para Computadora &#8211; Servicio Pesado &#8211; 14awg &#8211; Nema 5-15p A C15 &#8211; 15a 125v &#8211;  Mod."},"content":{"rendered":"<table class=\"descripcion\">\n<tr>\n<td>Observaciones \/ requisitos<\/td>\n<\/tr>\n<tr>\n<td>Nota : ul listed<\/td>\n<\/tr>\n<tr>\n<td>Requisitos de energa<\/td>\n<\/tr>\n<tr>\n<td>Corriente de entrada : 15 a<\/td>\n<\/tr>\n<tr>\n<td>Tensin de entrada : 125 ac<\/td>\n<\/tr>\n<tr>\n<td>Informacin de la caja<\/td>\n<\/tr>\n<tr>\n<td>Altura de la caja : 75 mm<\/td>\n<\/tr>\n<tr>\n<td>Hardware<\/td>\n<\/tr>\n<tr>\n<td>Tipo de cable : sjt<\/td>\n<\/tr>\n<tr>\n<td>Cantidad de conductores : 3<\/td>\n<\/tr>\n<tr>\n<td>Cable tipo jacket : pvc &#8211; polyvinyl chloride<\/td>\n<\/tr>\n<tr>\n<td>Contenido de la caja<\/td>\n<\/tr>\n<tr>\n<td>Incluido en la caja : cable de 2.4m 14 awg de alimentacin de servicio pesado para pc \u0096 nema5-15p a c15<\/td>\n<\/tr>\n<tr>\n<td>Conectores<\/td>\n<\/tr>\n<tr>\n<td>Conector b : alimentacin c15 iec 60320<\/td>\n<\/tr>\n<tr>\n<td>Conector a : alimentacin nema 5-15 norteamrica<\/td>\n<\/tr>\n<tr>\n<td>Caractersticas fsicas<\/td>\n<\/tr>\n<tr>\n<td>Peso del producto : 396 g<\/td>\n<\/tr>\n<tr>\n<td>Longitud del producto : 2.4 m<\/td>\n<\/tr>\n<tr>\n<td>Longitud del cable : 2.4 m<\/td>\n<\/tr>\n<tr>\n<td>Color : negro<\/td>\n<\/tr>\n<tr>\n<td>Calibre del conductor : 14 awg<\/td>\n<\/tr>\n<\/table>\n","protected":false},"excerpt":{"rendered":"<p>El cable de alimentacin de pc modelo pxt515c158 de 2.4m de longitud, \u00a0dispone de un conector c15 clasificado para equipos de alta temperatura, as como \u00a0un calibre de 14awg adecuado para conexiones de alta potencia &#8211; una solucin confiable para la conexin a nema unidades de distribucin de energa 5-15p pdu ubicados en salas de equipos de conmutacin y entornos de centros de datos o aplicaciones de servidores de gran tamao que requieren un cable de mayor calibre con mayor capacidad. Diseado y fabricado con materiales de alta calidad.<\/p>\n","protected":false},"featured_media":213489,"comment_status":"open","ping_status":"open","template":"","meta":[],"product_cat":[1549,1607],"product_tag":[1590],"acf":[],"yoast_head":"<!-- This site is optimized with the Yoast SEO plugin v21.7 - https:\/\/yoast.com\/wordpress\/plugins\/seo\/ -->\n<title>[ Startech.com ] &#129351; Pxt515c158 Cable De Corriente De 2.4m De Alimentacin Para Computadora - Servicio Pesado - 14awg - Nema 5-15p A C15 - 15a 125v - Mod.<\/title>\n<meta name=\"description\" content=\"Compra Pxt515c158 Cable De Corriente De 2.4m De Alimentacin Para Computadora - Servicio Pesado - 14awg - Nema 5-15p A C15 - 15a 125v - Mod. + Env\u00edo a domicilio + Pago seguro + Garant\u00eda\" \/>\n<meta name=\"robots\" content=\"index, follow, max-snippet:-1, max-image-preview:large, max-video-preview:-1\" \/>\n<link rel=\"canonical\" href=\"https:\/\/compuviper.mx\/tienda\/producto\/startech-com-pxt515c158-cable-de-corriente-de-2-4m-de-alimentacin-para-computadora-servicio-pesado-14awg-nema-5-15p-a-c15-15a-125v-mod\/\" \/>\n<meta property=\"og:locale\" content=\"es_MX\" \/>\n<meta property=\"og:type\" content=\"article\" \/>\n<meta property=\"og:title\" content=\"[ Startech.com ] &#129351; Pxt515c158 Cable De Corriente De 2.4m De Alimentacin Para Computadora - Servicio Pesado - 14awg - Nema 5-15p A C15 - 15a 125v - Mod.\" \/>\n<meta property=\"og:description\" content=\"Compra Pxt515c158 Cable De Corriente De 2.4m De Alimentacin Para Computadora - Servicio Pesado - 14awg - Nema 5-15p A C15 - 15a 125v - Mod. + Env\u00edo a domicilio + Pago seguro + Garant\u00eda\" \/>\n<meta property=\"og:url\" content=\"https:\/\/compuviper.mx\/tienda\/producto\/startech-com-pxt515c158-cable-de-corriente-de-2-4m-de-alimentacin-para-computadora-servicio-pesado-14awg-nema-5-15p-a-c15-15a-125v-mod\/\" \/>\n<meta property=\"og:site_name\" content=\"Compuviper\" \/>\n<meta property=\"article:publisher\" content=\"https:\/\/www.facebook.com\/compuviper\" \/>\n<meta property=\"og:image\" content=\"https:\/\/compuviper.mx\/tienda\/wp-content\/uploads\/2023\/12\/Cable-de-corriente-de-2.4m-de-alimentacion-para-computadora-servicio-pesado-14awg-nema-5-15p-a-c15-15a-125v-startech.com-mod.-pxt515c158.jpg\" \/>\n\t<meta property=\"og:image:width\" content=\"200\" \/>\n\t<meta property=\"og:image:height\" content=\"200\" \/>\n\t<meta property=\"og:image:type\" content=\"image\/jpeg\" \/>\n<meta name=\"twitter:card\" content=\"summary_large_image\" \/>\n<meta name=\"twitter:label1\" content=\"Precio\" \/>\n\t<meta name=\"twitter:data1\" content=\"&#36;413 con IVA\" \/>\n\t<meta name=\"twitter:label2\" content=\"Availability\" \/>\n\t<meta name=\"twitter:data2\" content=\"Out of stock\" \/>\n<script type=\"application\/ld+json\" class=\"yoast-schema-graph\">{\"@context\":\"https:\/\/schema.org\",\"@graph\":[{\"@type\":\"WebPage\",\"@id\":\"https:\/\/compuviper.mx\/tienda\/producto\/startech-com-pxt515c158-cable-de-corriente-de-2-4m-de-alimentacin-para-computadora-servicio-pesado-14awg-nema-5-15p-a-c15-15a-125v-mod\/\",\"url\":\"https:\/\/compuviper.mx\/tienda\/producto\/startech-com-pxt515c158-cable-de-corriente-de-2-4m-de-alimentacin-para-computadora-servicio-pesado-14awg-nema-5-15p-a-c15-15a-125v-mod\/\",\"name\":\"[ Startech.com ] &#129351; Pxt515c158 Cable De Corriente De 2.4m De Alimentacin Para Computadora - Servicio Pesado - 14awg - Nema 5-15p A C15 - 15a 125v - Mod.\",\"isPartOf\":{\"@id\":\"https:\/\/compuviper.mx\/tienda\/#website\"},\"datePublished\":\"2026-04-18T05:42:32+00:00\",\"dateModified\":\"2026-04-18T05:42:32+00:00\",\"description\":\"Compra Pxt515c158 Cable De Corriente De 2.4m De Alimentacin Para Computadora - Servicio Pesado - 14awg - Nema 5-15p A C15 - 15a 125v - Mod. + Env\u00edo a domicilio + Pago seguro + Garant\u00eda\",\"breadcrumb\":{\"@id\":\"https:\/\/compuviper.mx\/tienda\/producto\/startech-com-pxt515c158-cable-de-corriente-de-2-4m-de-alimentacin-para-computadora-servicio-pesado-14awg-nema-5-15p-a-c15-15a-125v-mod\/#breadcrumb\"},\"inLanguage\":\"es-MX\",\"potentialAction\":[{\"@type\":\"ReadAction\",\"target\":[\"https:\/\/compuviper.mx\/tienda\/producto\/startech-com-pxt515c158-cable-de-corriente-de-2-4m-de-alimentacin-para-computadora-servicio-pesado-14awg-nema-5-15p-a-c15-15a-125v-mod\/\"]}]},{\"@type\":\"BreadcrumbList\",\"@id\":\"https:\/\/compuviper.mx\/tienda\/producto\/startech-com-pxt515c158-cable-de-corriente-de-2-4m-de-alimentacin-para-computadora-servicio-pesado-14awg-nema-5-15p-a-c15-15a-125v-mod\/#breadcrumb\",\"itemListElement\":[{\"@type\":\"ListItem\",\"position\":1,\"name\":\"Inicio\",\"item\":\"https:\/\/compuviper.mx\/tienda\/\"},{\"@type\":\"ListItem\",\"position\":2,\"name\":\"Productos\",\"item\":\"https:\/\/compuviper.mx\/tienda\/productos\/\"},{\"@type\":\"ListItem\",\"position\":3,\"name\":\"Cables\",\"item\":\"https:\/\/compuviper.mx\/tienda\/categoria-producto\/cables\/\"},{\"@type\":\"ListItem\",\"position\":4,\"name\":\"Cable De Corriente\",\"item\":\"https:\/\/compuviper.mx\/tienda\/categoria-producto\/cables\/cable-de-corriente\/\"},{\"@type\":\"ListItem\",\"position\":5,\"name\":\"Startech.com Pxt515c158 Cable De Corriente De 2.4m De Alimentacin Para Computadora &#8211; Servicio Pesado &#8211; 14awg &#8211; Nema 5-15p A C15 &#8211; 15a 125v &#8211; Mod.\"}]},{\"@type\":\"WebSite\",\"@id\":\"https:\/\/compuviper.mx\/tienda\/#website\",\"url\":\"https:\/\/compuviper.mx\/tienda\/\",\"name\":\"Compuviper\",\"description\":\"Proveedor de Computadoras, Laptops, Servidores, Monitores, Puntos de Venta, Teclados,   Impresoras, T\u00f3ner, C\u00e1maras de Seguridad y m\u00e1s en tu tienda en l\u00ednea\",\"publisher\":{\"@id\":\"https:\/\/compuviper.mx\/tienda\/#organization\"},\"potentialAction\":[{\"@type\":\"SearchAction\",\"target\":{\"@type\":\"EntryPoint\",\"urlTemplate\":\"https:\/\/compuviper.mx\/tienda\/?s={search_term_string}\"},\"query-input\":\"required name=search_term_string\"}],\"inLanguage\":\"es-MX\"},{\"@type\":\"Organization\",\"@id\":\"https:\/\/compuviper.mx\/tienda\/#organization\",\"name\":\"Compuviper\",\"url\":\"https:\/\/compuviper.mx\/tienda\/\",\"logo\":{\"@type\":\"ImageObject\",\"inLanguage\":\"es-MX\",\"@id\":\"https:\/\/compuviper.mx\/tienda\/#\/schema\/logo\/image\/\",\"url\":\"https:\/\/compuviper.mx\/tienda\/wp-content\/uploads\/2021\/08\/Logo-Compuviper-10.png\",\"contentUrl\":\"https:\/\/compuviper.mx\/tienda\/wp-content\/uploads\/2021\/08\/Logo-Compuviper-10.png\",\"width\":1000,\"height\":500,\"caption\":\"Compuviper\"},\"image\":{\"@id\":\"https:\/\/compuviper.mx\/tienda\/#\/schema\/logo\/image\/\"},\"sameAs\":[\"https:\/\/www.facebook.com\/compuviper\",\"https:\/\/www.youtube.com\/channel\/UCf73dERp9Y3cfOq7q8BhLjA?view_as=subscriber\"]}]}<\/script>\n<meta property=\"product:brand\" content=\"STARTECH.COM\" \/>\n<meta property=\"product:price:amount\" content=\"413\" \/>\n<meta property=\"product:price:currency\" content=\"MXN\" \/>\n<meta property=\"og:availability\" content=\"out of stock\" \/>\n<meta property=\"product:availability\" content=\"out of stock\" \/>\n<meta property=\"product:retailer_item_id\" content=\"PXT515C158\" \/>\n<meta property=\"product:condition\" content=\"new\" \/>\n<!-- \/ Yoast SEO plugin. -->","yoast_head_json":{"title":"[ Startech.com ] &#129351; Pxt515c158 Cable De Corriente De 2.4m De Alimentacin Para Computadora - Servicio Pesado - 14awg - Nema 5-15p A C15 - 15a 125v - Mod.","description":"Compra Pxt515c158 Cable De Corriente De 2.4m De Alimentacin Para Computadora - Servicio Pesado - 14awg - Nema 5-15p A C15 - 15a 125v - Mod. + Env\u00edo a domicilio + Pago seguro + Garant\u00eda","robots":{"index":"index","follow":"follow","max-snippet":"max-snippet:-1","max-image-preview":"max-image-preview:large","max-video-preview":"max-video-preview:-1"},"canonical":"https:\/\/compuviper.mx\/tienda\/producto\/startech-com-pxt515c158-cable-de-corriente-de-2-4m-de-alimentacin-para-computadora-servicio-pesado-14awg-nema-5-15p-a-c15-15a-125v-mod\/","og_locale":"es_MX","og_type":"article","og_title":"[ Startech.com ] &#129351; Pxt515c158 Cable De Corriente De 2.4m De Alimentacin Para Computadora - Servicio Pesado - 14awg - Nema 5-15p A C15 - 15a 125v - Mod.","og_description":"Compra Pxt515c158 Cable De Corriente De 2.4m De Alimentacin Para Computadora - Servicio Pesado - 14awg - Nema 5-15p A C15 - 15a 125v - Mod. + Env\u00edo a domicilio + Pago seguro + Garant\u00eda","og_url":"https:\/\/compuviper.mx\/tienda\/producto\/startech-com-pxt515c158-cable-de-corriente-de-2-4m-de-alimentacin-para-computadora-servicio-pesado-14awg-nema-5-15p-a-c15-15a-125v-mod\/","og_site_name":"Compuviper","article_publisher":"https:\/\/www.facebook.com\/compuviper","og_image":[{"width":200,"height":200,"url":"https:\/\/compuviper.mx\/tienda\/wp-content\/uploads\/2023\/12\/Cable-de-corriente-de-2.4m-de-alimentacion-para-computadora-servicio-pesado-14awg-nema-5-15p-a-c15-15a-125v-startech.com-mod.-pxt515c158.jpg","type":"image\/jpeg"}],"twitter_card":"summary_large_image","twitter_misc":{"Precio":"&#36;413 con IVA","Availability":"Out of stock"},"schema":{"@context":"https:\/\/schema.org","@graph":[{"@type":"WebPage","@id":"https:\/\/compuviper.mx\/tienda\/producto\/startech-com-pxt515c158-cable-de-corriente-de-2-4m-de-alimentacin-para-computadora-servicio-pesado-14awg-nema-5-15p-a-c15-15a-125v-mod\/","url":"https:\/\/compuviper.mx\/tienda\/producto\/startech-com-pxt515c158-cable-de-corriente-de-2-4m-de-alimentacin-para-computadora-servicio-pesado-14awg-nema-5-15p-a-c15-15a-125v-mod\/","name":"[ Startech.com ] &#129351; Pxt515c158 Cable De Corriente De 2.4m De Alimentacin Para Computadora - Servicio Pesado - 14awg - Nema 5-15p A C15 - 15a 125v - Mod.","isPartOf":{"@id":"https:\/\/compuviper.mx\/tienda\/#website"},"datePublished":"2026-04-18T05:42:32+00:00","dateModified":"2026-04-18T05:42:32+00:00","description":"Compra Pxt515c158 Cable De Corriente De 2.4m De Alimentacin Para Computadora - Servicio Pesado - 14awg - Nema 5-15p A C15 - 15a 125v - Mod. + Env\u00edo a domicilio + Pago seguro + Garant\u00eda","breadcrumb":{"@id":"https:\/\/compuviper.mx\/tienda\/producto\/startech-com-pxt515c158-cable-de-corriente-de-2-4m-de-alimentacin-para-computadora-servicio-pesado-14awg-nema-5-15p-a-c15-15a-125v-mod\/#breadcrumb"},"inLanguage":"es-MX","potentialAction":[{"@type":"ReadAction","target":["https:\/\/compuviper.mx\/tienda\/producto\/startech-com-pxt515c158-cable-de-corriente-de-2-4m-de-alimentacin-para-computadora-servicio-pesado-14awg-nema-5-15p-a-c15-15a-125v-mod\/"]}]},{"@type":"BreadcrumbList","@id":"https:\/\/compuviper.mx\/tienda\/producto\/startech-com-pxt515c158-cable-de-corriente-de-2-4m-de-alimentacin-para-computadora-servicio-pesado-14awg-nema-5-15p-a-c15-15a-125v-mod\/#breadcrumb","itemListElement":[{"@type":"ListItem","position":1,"name":"Inicio","item":"https:\/\/compuviper.mx\/tienda\/"},{"@type":"ListItem","position":2,"name":"Productos","item":"https:\/\/compuviper.mx\/tienda\/productos\/"},{"@type":"ListItem","position":3,"name":"Cables","item":"https:\/\/compuviper.mx\/tienda\/categoria-producto\/cables\/"},{"@type":"ListItem","position":4,"name":"Cable De Corriente","item":"https:\/\/compuviper.mx\/tienda\/categoria-producto\/cables\/cable-de-corriente\/"},{"@type":"ListItem","position":5,"name":"Startech.com Pxt515c158 Cable De Corriente De 2.4m De Alimentacin Para Computadora &#8211; Servicio Pesado &#8211; 14awg &#8211; Nema 5-15p A C15 &#8211; 15a 125v &#8211; Mod."}]},{"@type":"WebSite","@id":"https:\/\/compuviper.mx\/tienda\/#website","url":"https:\/\/compuviper.mx\/tienda\/","name":"Compuviper","description":"Proveedor de Computadoras, Laptops, Servidores, Monitores, Puntos de Venta, Teclados,   Impresoras, T\u00f3ner, C\u00e1maras de Seguridad y m\u00e1s en tu tienda en l\u00ednea","publisher":{"@id":"https:\/\/compuviper.mx\/tienda\/#organization"},"potentialAction":[{"@type":"SearchAction","target":{"@type":"EntryPoint","urlTemplate":"https:\/\/compuviper.mx\/tienda\/?s={search_term_string}"},"query-input":"required name=search_term_string"}],"inLanguage":"es-MX"},{"@type":"Organization","@id":"https:\/\/compuviper.mx\/tienda\/#organization","name":"Compuviper","url":"https:\/\/compuviper.mx\/tienda\/","logo":{"@type":"ImageObject","inLanguage":"es-MX","@id":"https:\/\/compuviper.mx\/tienda\/#\/schema\/logo\/image\/","url":"https:\/\/compuviper.mx\/tienda\/wp-content\/uploads\/2021\/08\/Logo-Compuviper-10.png","contentUrl":"https:\/\/compuviper.mx\/tienda\/wp-content\/uploads\/2021\/08\/Logo-Compuviper-10.png","width":1000,"height":500,"caption":"Compuviper"},"image":{"@id":"https:\/\/compuviper.mx\/tienda\/#\/schema\/logo\/image\/"},"sameAs":["https:\/\/www.facebook.com\/compuviper","https:\/\/www.youtube.com\/channel\/UCf73dERp9Y3cfOq7q8BhLjA?view_as=subscriber"]}]},"product_brand":"STARTECH.COM","product_price_amount":"413","product_price_currency":"MXN","og_availability":"out of stock","product_availability":"out of stock","product_retailer_item_id":"PXT515C158","product_condition":"new"},"_links":{"self":[{"href":"https:\/\/compuviper.mx\/tienda\/wp-json\/wp\/v2\/product\/213488"}],"collection":[{"href":"https:\/\/compuviper.mx\/tienda\/wp-json\/wp\/v2\/product"}],"about":[{"href":"https:\/\/compuviper.mx\/tienda\/wp-json\/wp\/v2\/types\/product"}],"replies":[{"embeddable":true,"href":"https:\/\/compuviper.mx\/tienda\/wp-json\/wp\/v2\/comments?post=213488"}],"wp:featuredmedia":[{"embeddable":true,"href":"https:\/\/compuviper.mx\/tienda\/wp-json\/wp\/v2\/media\/213489"}],"wp:attachment":[{"href":"https:\/\/compuviper.mx\/tienda\/wp-json\/wp\/v2\/media?parent=213488"}],"wp:term":[{"taxonomy":"product_cat","embeddable":true,"href":"https:\/\/compuviper.mx\/tienda\/wp-json\/wp\/v2\/product_cat?post=213488"},{"taxonomy":"product_tag","embeddable":true,"href":"https:\/\/compuviper.mx\/tienda\/wp-json\/wp\/v2\/product_tag?post=213488"}],"curies":[{"name":"wp","href":"https:\/\/api.w.org\/{rel}","templated":true}]}}