{"id":213476,"date":"2026-04-09T23:36:59","date_gmt":"2026-04-10T05:36:59","guid":{"rendered":"https:\/\/compuviper.mx\/tienda\/producto\/startech-com-pxtc19c20146-cable-de-corriente-de-1-8m-de-extension-14awg-c19-a-c20-15a-250v-servicio-pesado-cable-de-alimentacion-mod\/"},"modified":"2026-04-09T23:36:59","modified_gmt":"2026-04-10T05:36:59","slug":"startech-com-pxtc19c20146-cable-de-corriente-de-1-8m-de-extension-14awg-c19-a-c20-15a-250v-servicio-pesado-cable-de-alimentacion-mod","status":"publish","type":"product","link":"https:\/\/compuviper.mx\/tienda\/producto\/startech-com-pxtc19c20146-cable-de-corriente-de-1-8m-de-extension-14awg-c19-a-c20-15a-250v-servicio-pesado-cable-de-alimentacion-mod\/","title":{"rendered":"Startech.com Pxtc19c20146 Cable De Corriente De 1.8m De Extension &#8211; 14awg &#8211; C19 A C20 &#8211; 15a 250v &#8211; Servicio Pesado &#8211; Cable De Alimentacion &#8211;  Mod."},"content":{"rendered":"<table class=\"descripcion\">\n<tr>\n<td>Observaciones \/ requisitos<\/td>\n<\/tr>\n<tr>\n<td>Nota: ul listed<\/td>\n<\/tr>\n<tr>\n<td>Requisitos de energia<\/td>\n<\/tr>\n<tr>\n<td>Corriente de entrada: 15 a<\/td>\n<\/tr>\n<tr>\n<td>Tension de entrada: 250 ac<\/td>\n<\/tr>\n<tr>\n<td>Informacion de la caja<\/td>\n<\/tr>\n<tr>\n<td>Altura de la caja: 40 mm<\/td>\n<\/tr>\n<tr>\n<td>Hardware<\/td>\n<\/tr>\n<tr>\n<td>Tipo de cable: sjt<\/td>\n<\/tr>\n<tr>\n<td>Cantidad de conductores: 3<\/td>\n<\/tr>\n<tr>\n<td>Cable tipo jacket: pvc &#8211; polyvinyl chloride<\/td>\n<\/tr>\n<tr>\n<td>Contenido de la caja<\/td>\n<\/tr>\n<tr>\n<td>Incluido en la caja: cable de 1.8m 2.5mm2 para alimentacion de computadoras &#8211; c19 a c20<\/td>\n<\/tr>\n<tr>\n<td>Conectores<\/td>\n<\/tr>\n<tr>\n<td>Conector b: alimentacion iec 60320 c20<\/td>\n<\/tr>\n<tr>\n<td>Conector a: alimentacion iec 60320 c19<\/td>\n<\/tr>\n<tr>\n<td>Caracteristicas fisicas<\/td>\n<\/tr>\n<tr>\n<td>Peso: 356 g<\/td>\n<\/tr>\n<tr>\n<td>Longitud: 1.8 m<\/td>\n<\/tr>\n<tr>\n<td>Longitud del cable: 1.8 m<\/td>\n<\/tr>\n<tr>\n<td>Color: negro<\/td>\n<\/tr>\n<tr>\n<td>Calibre del conductor: 14 awg<\/td>\n<\/tr>\n<\/table>\n","protected":false},"excerpt":{"rendered":"<p>Este cable de alimentacion c19 a c20 tiene un alambre de 14awg, apropiado para conexiones que requieren alta potencia, ideal para entornos de servidores y conexiones con una unidad pdu unidad de distribucion de la alimentacion. Ademas, es posible utilizar el cable para ampliar la extension de su cable de alimentacion en hasta 1.8 metros, lo cual ofrece una distancia extra para colocar sus dispositivos segun la configuracion de su sala de servidores. El cable de alimentacion pxtc19c20146 esta disenado y fabricado por expertos, con materiales de alta calidad.<\/p>\n","protected":false},"featured_media":213477,"comment_status":"open","ping_status":"open","template":"","meta":[],"product_cat":[1607,1549],"product_tag":[1590],"acf":[],"yoast_head":"<!-- This site is optimized with the Yoast SEO plugin v21.7 - https:\/\/yoast.com\/wordpress\/plugins\/seo\/ -->\n<title>[ Startech.com ] &#129351; Pxtc19c20146 Cable De Corriente De 1.8m De Extension - 14awg - C19 A C20 - 15a 250v - Servicio Pesado - Cable De Alimentacion - Mod.<\/title>\n<meta name=\"description\" content=\"Compra Pxtc19c20146 Cable De Corriente De 1.8m De Extension - 14awg - C19 A C20 - 15a 250v - Servicio Pesado - Cable De Alimentacion - Mod. + Env\u00edo a domicilio + Pago seguro + Garant\u00eda\" \/>\n<meta name=\"robots\" content=\"index, follow, max-snippet:-1, max-image-preview:large, max-video-preview:-1\" \/>\n<link rel=\"canonical\" href=\"https:\/\/compuviper.mx\/tienda\/producto\/startech-com-pxtc19c20146-cable-de-corriente-de-1-8m-de-extension-14awg-c19-a-c20-15a-250v-servicio-pesado-cable-de-alimentacion-mod\/\" \/>\n<meta property=\"og:locale\" content=\"es_MX\" \/>\n<meta property=\"og:type\" content=\"article\" \/>\n<meta property=\"og:title\" content=\"[ Startech.com ] &#129351; Pxtc19c20146 Cable De Corriente De 1.8m De Extension - 14awg - C19 A C20 - 15a 250v - Servicio Pesado - Cable De Alimentacion - Mod.\" \/>\n<meta property=\"og:description\" content=\"Compra Pxtc19c20146 Cable De Corriente De 1.8m De Extension - 14awg - C19 A C20 - 15a 250v - Servicio Pesado - Cable De Alimentacion - Mod. + Env\u00edo a domicilio + Pago seguro + Garant\u00eda\" \/>\n<meta property=\"og:url\" content=\"https:\/\/compuviper.mx\/tienda\/producto\/startech-com-pxtc19c20146-cable-de-corriente-de-1-8m-de-extension-14awg-c19-a-c20-15a-250v-servicio-pesado-cable-de-alimentacion-mod\/\" \/>\n<meta property=\"og:site_name\" content=\"Compuviper\" \/>\n<meta property=\"article:publisher\" content=\"https:\/\/www.facebook.com\/compuviper\" \/>\n<meta property=\"og:image\" content=\"https:\/\/compuviper.mx\/tienda\/wp-content\/uploads\/2023\/12\/Cable-de-corriente-de-1.8m-de-extension-14awg-c19-a-c20-15a-250v-servicio-pesado-cable-de-alimentacion-startech.com-mod.-pxtc19c20146.jpg\" \/>\n\t<meta property=\"og:image:width\" content=\"200\" \/>\n\t<meta property=\"og:image:height\" content=\"200\" \/>\n\t<meta property=\"og:image:type\" content=\"image\/jpeg\" \/>\n<meta name=\"twitter:card\" content=\"summary_large_image\" \/>\n<meta name=\"twitter:label1\" content=\"Precio\" \/>\n\t<meta name=\"twitter:data1\" content=\"&#36;349 con IVA\" \/>\n\t<meta name=\"twitter:label2\" content=\"Availability\" \/>\n\t<meta name=\"twitter:data2\" content=\"In stock\" \/>\n<script type=\"application\/ld+json\" class=\"yoast-schema-graph\">{\"@context\":\"https:\/\/schema.org\",\"@graph\":[{\"@type\":\"WebPage\",\"@id\":\"https:\/\/compuviper.mx\/tienda\/producto\/startech-com-pxtc19c20146-cable-de-corriente-de-1-8m-de-extension-14awg-c19-a-c20-15a-250v-servicio-pesado-cable-de-alimentacion-mod\/\",\"url\":\"https:\/\/compuviper.mx\/tienda\/producto\/startech-com-pxtc19c20146-cable-de-corriente-de-1-8m-de-extension-14awg-c19-a-c20-15a-250v-servicio-pesado-cable-de-alimentacion-mod\/\",\"name\":\"[ Startech.com ] &#129351; Pxtc19c20146 Cable De Corriente De 1.8m De Extension - 14awg - C19 A C20 - 15a 250v - Servicio Pesado - Cable De Alimentacion - Mod.\",\"isPartOf\":{\"@id\":\"https:\/\/compuviper.mx\/tienda\/#website\"},\"datePublished\":\"2026-04-10T05:36:59+00:00\",\"dateModified\":\"2026-04-10T05:36:59+00:00\",\"description\":\"Compra Pxtc19c20146 Cable De Corriente De 1.8m De Extension - 14awg - C19 A C20 - 15a 250v - Servicio Pesado - Cable De Alimentacion - Mod. + Env\u00edo a domicilio + Pago seguro + Garant\u00eda\",\"breadcrumb\":{\"@id\":\"https:\/\/compuviper.mx\/tienda\/producto\/startech-com-pxtc19c20146-cable-de-corriente-de-1-8m-de-extension-14awg-c19-a-c20-15a-250v-servicio-pesado-cable-de-alimentacion-mod\/#breadcrumb\"},\"inLanguage\":\"es-MX\",\"potentialAction\":[{\"@type\":\"ReadAction\",\"target\":[\"https:\/\/compuviper.mx\/tienda\/producto\/startech-com-pxtc19c20146-cable-de-corriente-de-1-8m-de-extension-14awg-c19-a-c20-15a-250v-servicio-pesado-cable-de-alimentacion-mod\/\"]}]},{\"@type\":\"BreadcrumbList\",\"@id\":\"https:\/\/compuviper.mx\/tienda\/producto\/startech-com-pxtc19c20146-cable-de-corriente-de-1-8m-de-extension-14awg-c19-a-c20-15a-250v-servicio-pesado-cable-de-alimentacion-mod\/#breadcrumb\",\"itemListElement\":[{\"@type\":\"ListItem\",\"position\":1,\"name\":\"Inicio\",\"item\":\"https:\/\/compuviper.mx\/tienda\/\"},{\"@type\":\"ListItem\",\"position\":2,\"name\":\"Productos\",\"item\":\"https:\/\/compuviper.mx\/tienda\/productos\/\"},{\"@type\":\"ListItem\",\"position\":3,\"name\":\"Cables\",\"item\":\"https:\/\/compuviper.mx\/tienda\/categoria-producto\/cables\/\"},{\"@type\":\"ListItem\",\"position\":4,\"name\":\"Cable De Corriente\",\"item\":\"https:\/\/compuviper.mx\/tienda\/categoria-producto\/cables\/cable-de-corriente\/\"},{\"@type\":\"ListItem\",\"position\":5,\"name\":\"Startech.com Pxtc19c20146 Cable De Corriente De 1.8m De Extension &#8211; 14awg &#8211; C19 A C20 &#8211; 15a 250v &#8211; Servicio Pesado &#8211; Cable De Alimentacion &#8211; Mod.\"}]},{\"@type\":\"WebSite\",\"@id\":\"https:\/\/compuviper.mx\/tienda\/#website\",\"url\":\"https:\/\/compuviper.mx\/tienda\/\",\"name\":\"Compuviper\",\"description\":\"Proveedor de Computadoras, Laptops, Servidores, Monitores, Puntos de Venta, Teclados,   Impresoras, T\u00f3ner, C\u00e1maras de Seguridad y m\u00e1s en tu tienda en l\u00ednea\",\"publisher\":{\"@id\":\"https:\/\/compuviper.mx\/tienda\/#organization\"},\"potentialAction\":[{\"@type\":\"SearchAction\",\"target\":{\"@type\":\"EntryPoint\",\"urlTemplate\":\"https:\/\/compuviper.mx\/tienda\/?s={search_term_string}\"},\"query-input\":\"required name=search_term_string\"}],\"inLanguage\":\"es-MX\"},{\"@type\":\"Organization\",\"@id\":\"https:\/\/compuviper.mx\/tienda\/#organization\",\"name\":\"Compuviper\",\"url\":\"https:\/\/compuviper.mx\/tienda\/\",\"logo\":{\"@type\":\"ImageObject\",\"inLanguage\":\"es-MX\",\"@id\":\"https:\/\/compuviper.mx\/tienda\/#\/schema\/logo\/image\/\",\"url\":\"https:\/\/compuviper.mx\/tienda\/wp-content\/uploads\/2021\/08\/Logo-Compuviper-10.png\",\"contentUrl\":\"https:\/\/compuviper.mx\/tienda\/wp-content\/uploads\/2021\/08\/Logo-Compuviper-10.png\",\"width\":1000,\"height\":500,\"caption\":\"Compuviper\"},\"image\":{\"@id\":\"https:\/\/compuviper.mx\/tienda\/#\/schema\/logo\/image\/\"},\"sameAs\":[\"https:\/\/www.facebook.com\/compuviper\",\"https:\/\/www.youtube.com\/channel\/UCf73dERp9Y3cfOq7q8BhLjA?view_as=subscriber\"]}]}<\/script>\n<meta property=\"product:brand\" content=\"STARTECH.COM\" \/>\n<meta property=\"product:price:amount\" content=\"349\" \/>\n<meta property=\"product:price:currency\" content=\"MXN\" \/>\n<meta property=\"og:availability\" content=\"instock\" \/>\n<meta property=\"product:availability\" content=\"instock\" \/>\n<meta property=\"product:retailer_item_id\" content=\"PXTC19C20146\" \/>\n<meta property=\"product:condition\" content=\"new\" \/>\n<!-- \/ Yoast SEO plugin. -->","yoast_head_json":{"title":"[ Startech.com ] &#129351; Pxtc19c20146 Cable De Corriente De 1.8m De Extension - 14awg - C19 A C20 - 15a 250v - Servicio Pesado - Cable De Alimentacion - Mod.","description":"Compra Pxtc19c20146 Cable De Corriente De 1.8m De Extension - 14awg - C19 A C20 - 15a 250v - Servicio Pesado - Cable De Alimentacion - Mod. + Env\u00edo a domicilio + Pago seguro + Garant\u00eda","robots":{"index":"index","follow":"follow","max-snippet":"max-snippet:-1","max-image-preview":"max-image-preview:large","max-video-preview":"max-video-preview:-1"},"canonical":"https:\/\/compuviper.mx\/tienda\/producto\/startech-com-pxtc19c20146-cable-de-corriente-de-1-8m-de-extension-14awg-c19-a-c20-15a-250v-servicio-pesado-cable-de-alimentacion-mod\/","og_locale":"es_MX","og_type":"article","og_title":"[ Startech.com ] &#129351; Pxtc19c20146 Cable De Corriente De 1.8m De Extension - 14awg - C19 A C20 - 15a 250v - Servicio Pesado - Cable De Alimentacion - Mod.","og_description":"Compra Pxtc19c20146 Cable De Corriente De 1.8m De Extension - 14awg - C19 A C20 - 15a 250v - Servicio Pesado - Cable De Alimentacion - Mod. + Env\u00edo a domicilio + Pago seguro + Garant\u00eda","og_url":"https:\/\/compuviper.mx\/tienda\/producto\/startech-com-pxtc19c20146-cable-de-corriente-de-1-8m-de-extension-14awg-c19-a-c20-15a-250v-servicio-pesado-cable-de-alimentacion-mod\/","og_site_name":"Compuviper","article_publisher":"https:\/\/www.facebook.com\/compuviper","og_image":[{"width":200,"height":200,"url":"https:\/\/compuviper.mx\/tienda\/wp-content\/uploads\/2023\/12\/Cable-de-corriente-de-1.8m-de-extension-14awg-c19-a-c20-15a-250v-servicio-pesado-cable-de-alimentacion-startech.com-mod.-pxtc19c20146.jpg","type":"image\/jpeg"}],"twitter_card":"summary_large_image","twitter_misc":{"Precio":"&#36;349 con IVA","Availability":"In stock"},"schema":{"@context":"https:\/\/schema.org","@graph":[{"@type":"WebPage","@id":"https:\/\/compuviper.mx\/tienda\/producto\/startech-com-pxtc19c20146-cable-de-corriente-de-1-8m-de-extension-14awg-c19-a-c20-15a-250v-servicio-pesado-cable-de-alimentacion-mod\/","url":"https:\/\/compuviper.mx\/tienda\/producto\/startech-com-pxtc19c20146-cable-de-corriente-de-1-8m-de-extension-14awg-c19-a-c20-15a-250v-servicio-pesado-cable-de-alimentacion-mod\/","name":"[ Startech.com ] &#129351; Pxtc19c20146 Cable De Corriente De 1.8m De Extension - 14awg - C19 A C20 - 15a 250v - Servicio Pesado - Cable De Alimentacion - Mod.","isPartOf":{"@id":"https:\/\/compuviper.mx\/tienda\/#website"},"datePublished":"2026-04-10T05:36:59+00:00","dateModified":"2026-04-10T05:36:59+00:00","description":"Compra Pxtc19c20146 Cable De Corriente De 1.8m De Extension - 14awg - C19 A C20 - 15a 250v - Servicio Pesado - Cable De Alimentacion - Mod. + Env\u00edo a domicilio + Pago seguro + Garant\u00eda","breadcrumb":{"@id":"https:\/\/compuviper.mx\/tienda\/producto\/startech-com-pxtc19c20146-cable-de-corriente-de-1-8m-de-extension-14awg-c19-a-c20-15a-250v-servicio-pesado-cable-de-alimentacion-mod\/#breadcrumb"},"inLanguage":"es-MX","potentialAction":[{"@type":"ReadAction","target":["https:\/\/compuviper.mx\/tienda\/producto\/startech-com-pxtc19c20146-cable-de-corriente-de-1-8m-de-extension-14awg-c19-a-c20-15a-250v-servicio-pesado-cable-de-alimentacion-mod\/"]}]},{"@type":"BreadcrumbList","@id":"https:\/\/compuviper.mx\/tienda\/producto\/startech-com-pxtc19c20146-cable-de-corriente-de-1-8m-de-extension-14awg-c19-a-c20-15a-250v-servicio-pesado-cable-de-alimentacion-mod\/#breadcrumb","itemListElement":[{"@type":"ListItem","position":1,"name":"Inicio","item":"https:\/\/compuviper.mx\/tienda\/"},{"@type":"ListItem","position":2,"name":"Productos","item":"https:\/\/compuviper.mx\/tienda\/productos\/"},{"@type":"ListItem","position":3,"name":"Cables","item":"https:\/\/compuviper.mx\/tienda\/categoria-producto\/cables\/"},{"@type":"ListItem","position":4,"name":"Cable De Corriente","item":"https:\/\/compuviper.mx\/tienda\/categoria-producto\/cables\/cable-de-corriente\/"},{"@type":"ListItem","position":5,"name":"Startech.com Pxtc19c20146 Cable De Corriente De 1.8m De Extension &#8211; 14awg &#8211; C19 A C20 &#8211; 15a 250v &#8211; Servicio Pesado &#8211; Cable De Alimentacion &#8211; Mod."}]},{"@type":"WebSite","@id":"https:\/\/compuviper.mx\/tienda\/#website","url":"https:\/\/compuviper.mx\/tienda\/","name":"Compuviper","description":"Proveedor de Computadoras, Laptops, Servidores, Monitores, Puntos de Venta, Teclados,   Impresoras, T\u00f3ner, C\u00e1maras de Seguridad y m\u00e1s en tu tienda en l\u00ednea","publisher":{"@id":"https:\/\/compuviper.mx\/tienda\/#organization"},"potentialAction":[{"@type":"SearchAction","target":{"@type":"EntryPoint","urlTemplate":"https:\/\/compuviper.mx\/tienda\/?s={search_term_string}"},"query-input":"required name=search_term_string"}],"inLanguage":"es-MX"},{"@type":"Organization","@id":"https:\/\/compuviper.mx\/tienda\/#organization","name":"Compuviper","url":"https:\/\/compuviper.mx\/tienda\/","logo":{"@type":"ImageObject","inLanguage":"es-MX","@id":"https:\/\/compuviper.mx\/tienda\/#\/schema\/logo\/image\/","url":"https:\/\/compuviper.mx\/tienda\/wp-content\/uploads\/2021\/08\/Logo-Compuviper-10.png","contentUrl":"https:\/\/compuviper.mx\/tienda\/wp-content\/uploads\/2021\/08\/Logo-Compuviper-10.png","width":1000,"height":500,"caption":"Compuviper"},"image":{"@id":"https:\/\/compuviper.mx\/tienda\/#\/schema\/logo\/image\/"},"sameAs":["https:\/\/www.facebook.com\/compuviper","https:\/\/www.youtube.com\/channel\/UCf73dERp9Y3cfOq7q8BhLjA?view_as=subscriber"]}]},"product_brand":"STARTECH.COM","product_price_amount":"349","product_price_currency":"MXN","og_availability":"instock","product_availability":"instock","product_retailer_item_id":"PXTC19C20146","product_condition":"new"},"_links":{"self":[{"href":"https:\/\/compuviper.mx\/tienda\/wp-json\/wp\/v2\/product\/213476"}],"collection":[{"href":"https:\/\/compuviper.mx\/tienda\/wp-json\/wp\/v2\/product"}],"about":[{"href":"https:\/\/compuviper.mx\/tienda\/wp-json\/wp\/v2\/types\/product"}],"replies":[{"embeddable":true,"href":"https:\/\/compuviper.mx\/tienda\/wp-json\/wp\/v2\/comments?post=213476"}],"wp:featuredmedia":[{"embeddable":true,"href":"https:\/\/compuviper.mx\/tienda\/wp-json\/wp\/v2\/media\/213477"}],"wp:attachment":[{"href":"https:\/\/compuviper.mx\/tienda\/wp-json\/wp\/v2\/media?parent=213476"}],"wp:term":[{"taxonomy":"product_cat","embeddable":true,"href":"https:\/\/compuviper.mx\/tienda\/wp-json\/wp\/v2\/product_cat?post=213476"},{"taxonomy":"product_tag","embeddable":true,"href":"https:\/\/compuviper.mx\/tienda\/wp-json\/wp\/v2\/product_tag?post=213476"}],"curies":[{"name":"wp","href":"https:\/\/api.w.org\/{rel}","templated":true}]}}