{"id":213474,"date":"2026-04-10T23:37:22","date_gmt":"2026-04-11T05:37:22","guid":{"rendered":"https:\/\/compuviper.mx\/tienda\/producto\/startech-com-rusbltmm1m-cable-de-carga-de-1m-usb-a-lightning-cable-lightning-certificado-mfi-apple-cable-lightning-de-servicio-pesado-blanco-mod\/"},"modified":"2026-04-10T23:37:22","modified_gmt":"2026-04-11T05:37:22","slug":"startech-com-rusbltmm1m-cable-de-carga-de-1m-usb-a-lightning-cable-lightning-certificado-mfi-apple-cable-lightning-de-servicio-pesado-blanco-mod","status":"publish","type":"product","link":"https:\/\/compuviper.mx\/tienda\/producto\/startech-com-rusbltmm1m-cable-de-carga-de-1m-usb-a-lightning-cable-lightning-certificado-mfi-apple-cable-lightning-de-servicio-pesado-blanco-mod\/","title":{"rendered":"Startech.com Rusbltmm1m Cable De Carga De 1m Usb A Lightning &#8211; Cable Lightning Certificado Mfi Apple &#8211; Cable Lightning De Servicio Pesado &#8211; Blanco &#8211;  Mod."},"content":{"rendered":"<table class=\"descripcion\">\n<tr>\n<td>Hardware<\/td>\n<\/tr>\n<tr>\n<td>Cable tipo jacket : tpe &#8211; thermoplastic elastomers<\/td>\n<\/tr>\n<tr>\n<td>Revestimiento del conector  : nquel<\/td>\n<\/tr>\n<tr>\n<td>Tipo de cable blindado : lmina de aluminio mylar con malla trenzada<\/td>\n<\/tr>\n<tr>\n<td>Contenido de la caja<\/td>\n<\/tr>\n<tr>\n<td>Incluido en la caja : cable usb a lightning<\/td>\n<\/tr>\n<tr>\n<td>Conectores<\/td>\n<\/tr>\n<tr>\n<td>Conector b : conector apple lightning 8 pines<\/td>\n<\/tr>\n<tr>\n<td>Conector a : usb type-a 4 pines usb 2.0<\/td>\n<\/tr>\n<tr>\n<td>Caractersticas fsicas<\/td>\n<\/tr>\n<tr>\n<td>Peso del producto : 26 g<\/td>\n<\/tr>\n<tr>\n<td>Longitud del producto : 1 m<\/td>\n<\/tr>\n<tr>\n<td>Longitud del cable : 1 m<\/td>\n<\/tr>\n<tr>\n<td>Estilo de conector : recto<\/td>\n<\/tr>\n<tr>\n<td>Color : blanco<\/td>\n<\/tr>\n<tr>\n<td>Calibre del conductor : 22\/32 awg<\/td>\n<\/tr>\n<tr>\n<td>Ancho del producto : 12 mm<\/td>\n<\/tr>\n<tr>\n<td>Altura del producto : 1 cm<\/td>\n<\/tr>\n<tr>\n<td>Rendimiento<\/td>\n<\/tr>\n<tr>\n<td>Tipo y velocidad : usb 2.0 &#8211; 480 mbit\/s<\/td>\n<\/tr>\n<\/table>\n","protected":false},"excerpt":{"rendered":"<p>Este cable usb a lightning soporta las exigencias diarias de carga y sincronizacin de sus dispositivos mviles. Sometido a pruebas que garantizan su durabilidad ante desgastes extremos o su uso durante el invierno o verano en el coche, este resistente cable es imprescindible en aplicaciones tanto de empresas, como de consumidores. Este duradero cable lightning est reforzado con fibra aramid, lo cual lo protege de la tensin debida a torsiones y tiranteces frecuentes. Esto adems permite que el cable sea flexible sin que se estire demasiado y refuerza su estructura interna. El cable est fabricado para evitar que el conector se separe de su recubrimiento. El moldeado reductor de la tensin, de mayor longitud, se ha sometido a pruebas de resistencia a ms de 10.000 ciclos de dobleces a un ngulo de 180\u00b0. Adems, el moldeado interno mejorado es resistente a grietas y reduce los daos al cable.<\/p>\n","protected":false},"featured_media":213475,"comment_status":"open","ping_status":"open","template":"","meta":[],"product_cat":[1549,1605],"product_tag":[1590],"acf":[],"yoast_head":"<!-- This site is optimized with the Yoast SEO plugin v21.7 - https:\/\/yoast.com\/wordpress\/plugins\/seo\/ -->\n<title>[ Startech.com ] &#129351; Rusbltmm1m Cable De Carga De 1m Usb A Lightning - Cable Lightning Certificado Mfi Apple - Cable Lightning De Servicio Pesado - Blanco - Mod.<\/title>\n<meta name=\"description\" content=\"Compra Rusbltmm1m Cable De Carga De 1m Usb A Lightning - Cable Lightning Certificado Mfi Apple - Cable Lightning De Servicio Pesado - Blanco - Mod. + Env\u00edo a domicilio + Pago seguro + Garant\u00eda\" \/>\n<meta name=\"robots\" content=\"index, follow, max-snippet:-1, max-image-preview:large, max-video-preview:-1\" \/>\n<link rel=\"canonical\" href=\"https:\/\/compuviper.mx\/tienda\/producto\/startech-com-rusbltmm1m-cable-de-carga-de-1m-usb-a-lightning-cable-lightning-certificado-mfi-apple-cable-lightning-de-servicio-pesado-blanco-mod\/\" \/>\n<meta property=\"og:locale\" content=\"es_MX\" \/>\n<meta property=\"og:type\" content=\"article\" \/>\n<meta property=\"og:title\" content=\"[ Startech.com ] &#129351; Rusbltmm1m Cable De Carga De 1m Usb A Lightning - Cable Lightning Certificado Mfi Apple - Cable Lightning De Servicio Pesado - Blanco - Mod.\" \/>\n<meta property=\"og:description\" content=\"Compra Rusbltmm1m Cable De Carga De 1m Usb A Lightning - Cable Lightning Certificado Mfi Apple - Cable Lightning De Servicio Pesado - Blanco - Mod. + Env\u00edo a domicilio + Pago seguro + Garant\u00eda\" \/>\n<meta property=\"og:url\" content=\"https:\/\/compuviper.mx\/tienda\/producto\/startech-com-rusbltmm1m-cable-de-carga-de-1m-usb-a-lightning-cable-lightning-certificado-mfi-apple-cable-lightning-de-servicio-pesado-blanco-mod\/\" \/>\n<meta property=\"og:site_name\" content=\"Compuviper\" \/>\n<meta property=\"article:publisher\" content=\"https:\/\/www.facebook.com\/compuviper\" \/>\n<meta property=\"og:image\" content=\"https:\/\/compuviper.mx\/tienda\/wp-content\/uploads\/2023\/12\/Cable-de-carga-de-1m-usb-a-lightning-cable-lightning-certificado-mfi-apple-cable-lightning-de-servicio-pesado-blanco-startech.com-mod.-rusbltmm1m.jpg\" \/>\n\t<meta property=\"og:image:width\" content=\"200\" \/>\n\t<meta property=\"og:image:height\" content=\"200\" \/>\n\t<meta property=\"og:image:type\" content=\"image\/jpeg\" \/>\n<meta name=\"twitter:card\" content=\"summary_large_image\" \/>\n<meta name=\"twitter:label1\" content=\"Precio\" \/>\n\t<meta name=\"twitter:data1\" content=\"&#36;300 con IVA\" \/>\n\t<meta name=\"twitter:label2\" content=\"Availability\" \/>\n\t<meta name=\"twitter:data2\" content=\"In stock\" \/>\n<script type=\"application\/ld+json\" class=\"yoast-schema-graph\">{\"@context\":\"https:\/\/schema.org\",\"@graph\":[{\"@type\":\"WebPage\",\"@id\":\"https:\/\/compuviper.mx\/tienda\/producto\/startech-com-rusbltmm1m-cable-de-carga-de-1m-usb-a-lightning-cable-lightning-certificado-mfi-apple-cable-lightning-de-servicio-pesado-blanco-mod\/\",\"url\":\"https:\/\/compuviper.mx\/tienda\/producto\/startech-com-rusbltmm1m-cable-de-carga-de-1m-usb-a-lightning-cable-lightning-certificado-mfi-apple-cable-lightning-de-servicio-pesado-blanco-mod\/\",\"name\":\"[ Startech.com ] &#129351; Rusbltmm1m Cable De Carga De 1m Usb A Lightning - Cable Lightning Certificado Mfi Apple - Cable Lightning De Servicio Pesado - Blanco - Mod.\",\"isPartOf\":{\"@id\":\"https:\/\/compuviper.mx\/tienda\/#website\"},\"datePublished\":\"2026-04-11T05:37:22+00:00\",\"dateModified\":\"2026-04-11T05:37:22+00:00\",\"description\":\"Compra Rusbltmm1m Cable De Carga De 1m Usb A Lightning - Cable Lightning Certificado Mfi Apple - Cable Lightning De Servicio Pesado - Blanco - Mod. + Env\u00edo a domicilio + Pago seguro + Garant\u00eda\",\"breadcrumb\":{\"@id\":\"https:\/\/compuviper.mx\/tienda\/producto\/startech-com-rusbltmm1m-cable-de-carga-de-1m-usb-a-lightning-cable-lightning-certificado-mfi-apple-cable-lightning-de-servicio-pesado-blanco-mod\/#breadcrumb\"},\"inLanguage\":\"es-MX\",\"potentialAction\":[{\"@type\":\"ReadAction\",\"target\":[\"https:\/\/compuviper.mx\/tienda\/producto\/startech-com-rusbltmm1m-cable-de-carga-de-1m-usb-a-lightning-cable-lightning-certificado-mfi-apple-cable-lightning-de-servicio-pesado-blanco-mod\/\"]}]},{\"@type\":\"BreadcrumbList\",\"@id\":\"https:\/\/compuviper.mx\/tienda\/producto\/startech-com-rusbltmm1m-cable-de-carga-de-1m-usb-a-lightning-cable-lightning-certificado-mfi-apple-cable-lightning-de-servicio-pesado-blanco-mod\/#breadcrumb\",\"itemListElement\":[{\"@type\":\"ListItem\",\"position\":1,\"name\":\"Inicio\",\"item\":\"https:\/\/compuviper.mx\/tienda\/\"},{\"@type\":\"ListItem\",\"position\":2,\"name\":\"Productos\",\"item\":\"https:\/\/compuviper.mx\/tienda\/productos\/\"},{\"@type\":\"ListItem\",\"position\":3,\"name\":\"Cables\",\"item\":\"https:\/\/compuviper.mx\/tienda\/categoria-producto\/cables\/\"},{\"@type\":\"ListItem\",\"position\":4,\"name\":\"Cable Usb\",\"item\":\"https:\/\/compuviper.mx\/tienda\/categoria-producto\/cables\/cable-usb\/\"},{\"@type\":\"ListItem\",\"position\":5,\"name\":\"Startech.com Rusbltmm1m Cable De Carga De 1m Usb A Lightning &#8211; Cable Lightning Certificado Mfi Apple &#8211; Cable Lightning De Servicio Pesado &#8211; Blanco &#8211; Mod.\"}]},{\"@type\":\"WebSite\",\"@id\":\"https:\/\/compuviper.mx\/tienda\/#website\",\"url\":\"https:\/\/compuviper.mx\/tienda\/\",\"name\":\"Compuviper\",\"description\":\"Proveedor de Computadoras, Laptops, Servidores, Monitores, Puntos de Venta, Teclados,   Impresoras, T\u00f3ner, C\u00e1maras de Seguridad y m\u00e1s en tu tienda en l\u00ednea\",\"publisher\":{\"@id\":\"https:\/\/compuviper.mx\/tienda\/#organization\"},\"potentialAction\":[{\"@type\":\"SearchAction\",\"target\":{\"@type\":\"EntryPoint\",\"urlTemplate\":\"https:\/\/compuviper.mx\/tienda\/?s={search_term_string}\"},\"query-input\":\"required name=search_term_string\"}],\"inLanguage\":\"es-MX\"},{\"@type\":\"Organization\",\"@id\":\"https:\/\/compuviper.mx\/tienda\/#organization\",\"name\":\"Compuviper\",\"url\":\"https:\/\/compuviper.mx\/tienda\/\",\"logo\":{\"@type\":\"ImageObject\",\"inLanguage\":\"es-MX\",\"@id\":\"https:\/\/compuviper.mx\/tienda\/#\/schema\/logo\/image\/\",\"url\":\"https:\/\/compuviper.mx\/tienda\/wp-content\/uploads\/2021\/08\/Logo-Compuviper-10.png\",\"contentUrl\":\"https:\/\/compuviper.mx\/tienda\/wp-content\/uploads\/2021\/08\/Logo-Compuviper-10.png\",\"width\":1000,\"height\":500,\"caption\":\"Compuviper\"},\"image\":{\"@id\":\"https:\/\/compuviper.mx\/tienda\/#\/schema\/logo\/image\/\"},\"sameAs\":[\"https:\/\/www.facebook.com\/compuviper\",\"https:\/\/www.youtube.com\/channel\/UCf73dERp9Y3cfOq7q8BhLjA?view_as=subscriber\"]}]}<\/script>\n<meta property=\"product:brand\" content=\"STARTECH.COM\" \/>\n<meta property=\"product:price:amount\" content=\"300\" \/>\n<meta property=\"product:price:currency\" content=\"MXN\" \/>\n<meta property=\"og:availability\" content=\"instock\" \/>\n<meta property=\"product:availability\" content=\"instock\" \/>\n<meta property=\"product:retailer_item_id\" content=\"RUSBLTMM1M\" \/>\n<meta property=\"product:condition\" content=\"new\" \/>\n<!-- \/ Yoast SEO plugin. -->","yoast_head_json":{"title":"[ Startech.com ] &#129351; Rusbltmm1m Cable De Carga De 1m Usb A Lightning - Cable Lightning Certificado Mfi Apple - Cable Lightning De Servicio Pesado - Blanco - Mod.","description":"Compra Rusbltmm1m Cable De Carga De 1m Usb A Lightning - Cable Lightning Certificado Mfi Apple - Cable Lightning De Servicio Pesado - Blanco - Mod. + Env\u00edo a domicilio + Pago seguro + Garant\u00eda","robots":{"index":"index","follow":"follow","max-snippet":"max-snippet:-1","max-image-preview":"max-image-preview:large","max-video-preview":"max-video-preview:-1"},"canonical":"https:\/\/compuviper.mx\/tienda\/producto\/startech-com-rusbltmm1m-cable-de-carga-de-1m-usb-a-lightning-cable-lightning-certificado-mfi-apple-cable-lightning-de-servicio-pesado-blanco-mod\/","og_locale":"es_MX","og_type":"article","og_title":"[ Startech.com ] &#129351; Rusbltmm1m Cable De Carga De 1m Usb A Lightning - Cable Lightning Certificado Mfi Apple - Cable Lightning De Servicio Pesado - Blanco - Mod.","og_description":"Compra Rusbltmm1m Cable De Carga De 1m Usb A Lightning - Cable Lightning Certificado Mfi Apple - Cable Lightning De Servicio Pesado - Blanco - Mod. + Env\u00edo a domicilio + Pago seguro + Garant\u00eda","og_url":"https:\/\/compuviper.mx\/tienda\/producto\/startech-com-rusbltmm1m-cable-de-carga-de-1m-usb-a-lightning-cable-lightning-certificado-mfi-apple-cable-lightning-de-servicio-pesado-blanco-mod\/","og_site_name":"Compuviper","article_publisher":"https:\/\/www.facebook.com\/compuviper","og_image":[{"width":200,"height":200,"url":"https:\/\/compuviper.mx\/tienda\/wp-content\/uploads\/2023\/12\/Cable-de-carga-de-1m-usb-a-lightning-cable-lightning-certificado-mfi-apple-cable-lightning-de-servicio-pesado-blanco-startech.com-mod.-rusbltmm1m.jpg","type":"image\/jpeg"}],"twitter_card":"summary_large_image","twitter_misc":{"Precio":"&#36;300 con IVA","Availability":"In stock"},"schema":{"@context":"https:\/\/schema.org","@graph":[{"@type":"WebPage","@id":"https:\/\/compuviper.mx\/tienda\/producto\/startech-com-rusbltmm1m-cable-de-carga-de-1m-usb-a-lightning-cable-lightning-certificado-mfi-apple-cable-lightning-de-servicio-pesado-blanco-mod\/","url":"https:\/\/compuviper.mx\/tienda\/producto\/startech-com-rusbltmm1m-cable-de-carga-de-1m-usb-a-lightning-cable-lightning-certificado-mfi-apple-cable-lightning-de-servicio-pesado-blanco-mod\/","name":"[ Startech.com ] &#129351; Rusbltmm1m Cable De Carga De 1m Usb A Lightning - Cable Lightning Certificado Mfi Apple - Cable Lightning De Servicio Pesado - Blanco - Mod.","isPartOf":{"@id":"https:\/\/compuviper.mx\/tienda\/#website"},"datePublished":"2026-04-11T05:37:22+00:00","dateModified":"2026-04-11T05:37:22+00:00","description":"Compra Rusbltmm1m Cable De Carga De 1m Usb A Lightning - Cable Lightning Certificado Mfi Apple - Cable Lightning De Servicio Pesado - Blanco - Mod. + Env\u00edo a domicilio + Pago seguro + Garant\u00eda","breadcrumb":{"@id":"https:\/\/compuviper.mx\/tienda\/producto\/startech-com-rusbltmm1m-cable-de-carga-de-1m-usb-a-lightning-cable-lightning-certificado-mfi-apple-cable-lightning-de-servicio-pesado-blanco-mod\/#breadcrumb"},"inLanguage":"es-MX","potentialAction":[{"@type":"ReadAction","target":["https:\/\/compuviper.mx\/tienda\/producto\/startech-com-rusbltmm1m-cable-de-carga-de-1m-usb-a-lightning-cable-lightning-certificado-mfi-apple-cable-lightning-de-servicio-pesado-blanco-mod\/"]}]},{"@type":"BreadcrumbList","@id":"https:\/\/compuviper.mx\/tienda\/producto\/startech-com-rusbltmm1m-cable-de-carga-de-1m-usb-a-lightning-cable-lightning-certificado-mfi-apple-cable-lightning-de-servicio-pesado-blanco-mod\/#breadcrumb","itemListElement":[{"@type":"ListItem","position":1,"name":"Inicio","item":"https:\/\/compuviper.mx\/tienda\/"},{"@type":"ListItem","position":2,"name":"Productos","item":"https:\/\/compuviper.mx\/tienda\/productos\/"},{"@type":"ListItem","position":3,"name":"Cables","item":"https:\/\/compuviper.mx\/tienda\/categoria-producto\/cables\/"},{"@type":"ListItem","position":4,"name":"Cable Usb","item":"https:\/\/compuviper.mx\/tienda\/categoria-producto\/cables\/cable-usb\/"},{"@type":"ListItem","position":5,"name":"Startech.com Rusbltmm1m Cable De Carga De 1m Usb A Lightning &#8211; Cable Lightning Certificado Mfi Apple &#8211; Cable Lightning De Servicio Pesado &#8211; Blanco &#8211; Mod."}]},{"@type":"WebSite","@id":"https:\/\/compuviper.mx\/tienda\/#website","url":"https:\/\/compuviper.mx\/tienda\/","name":"Compuviper","description":"Proveedor de Computadoras, Laptops, Servidores, Monitores, Puntos de Venta, Teclados,   Impresoras, T\u00f3ner, C\u00e1maras de Seguridad y m\u00e1s en tu tienda en l\u00ednea","publisher":{"@id":"https:\/\/compuviper.mx\/tienda\/#organization"},"potentialAction":[{"@type":"SearchAction","target":{"@type":"EntryPoint","urlTemplate":"https:\/\/compuviper.mx\/tienda\/?s={search_term_string}"},"query-input":"required name=search_term_string"}],"inLanguage":"es-MX"},{"@type":"Organization","@id":"https:\/\/compuviper.mx\/tienda\/#organization","name":"Compuviper","url":"https:\/\/compuviper.mx\/tienda\/","logo":{"@type":"ImageObject","inLanguage":"es-MX","@id":"https:\/\/compuviper.mx\/tienda\/#\/schema\/logo\/image\/","url":"https:\/\/compuviper.mx\/tienda\/wp-content\/uploads\/2021\/08\/Logo-Compuviper-10.png","contentUrl":"https:\/\/compuviper.mx\/tienda\/wp-content\/uploads\/2021\/08\/Logo-Compuviper-10.png","width":1000,"height":500,"caption":"Compuviper"},"image":{"@id":"https:\/\/compuviper.mx\/tienda\/#\/schema\/logo\/image\/"},"sameAs":["https:\/\/www.facebook.com\/compuviper","https:\/\/www.youtube.com\/channel\/UCf73dERp9Y3cfOq7q8BhLjA?view_as=subscriber"]}]},"product_brand":"STARTECH.COM","product_price_amount":"300","product_price_currency":"MXN","og_availability":"instock","product_availability":"instock","product_retailer_item_id":"RUSBLTMM1M","product_condition":"new"},"_links":{"self":[{"href":"https:\/\/compuviper.mx\/tienda\/wp-json\/wp\/v2\/product\/213474"}],"collection":[{"href":"https:\/\/compuviper.mx\/tienda\/wp-json\/wp\/v2\/product"}],"about":[{"href":"https:\/\/compuviper.mx\/tienda\/wp-json\/wp\/v2\/types\/product"}],"replies":[{"embeddable":true,"href":"https:\/\/compuviper.mx\/tienda\/wp-json\/wp\/v2\/comments?post=213474"}],"wp:featuredmedia":[{"embeddable":true,"href":"https:\/\/compuviper.mx\/tienda\/wp-json\/wp\/v2\/media\/213475"}],"wp:attachment":[{"href":"https:\/\/compuviper.mx\/tienda\/wp-json\/wp\/v2\/media?parent=213474"}],"wp:term":[{"taxonomy":"product_cat","embeddable":true,"href":"https:\/\/compuviper.mx\/tienda\/wp-json\/wp\/v2\/product_cat?post=213474"},{"taxonomy":"product_tag","embeddable":true,"href":"https:\/\/compuviper.mx\/tienda\/wp-json\/wp\/v2\/product_tag?post=213474"}],"curies":[{"name":"wp","href":"https:\/\/api.w.org\/{rel}","templated":true}]}}