{"id":213470,"date":"2026-04-10T23:37:21","date_gmt":"2026-04-11T05:37:21","guid":{"rendered":"https:\/\/compuviper.mx\/tienda\/producto\/startech-com-hd2mm10ma-cable-de-10-metros-hdmi-con-ethernet-de-alta-velocidad-activo-4k-cable-hdmi-cl2-para-instalacion-en-pared-mod\/"},"modified":"2026-04-10T23:37:21","modified_gmt":"2026-04-11T05:37:21","slug":"startech-com-hd2mm10ma-cable-de-10-metros-hdmi-con-ethernet-de-alta-velocidad-activo-4k-cable-hdmi-cl2-para-instalacion-en-pared-mod","status":"publish","type":"product","link":"https:\/\/compuviper.mx\/tienda\/producto\/startech-com-hd2mm10ma-cable-de-10-metros-hdmi-con-ethernet-de-alta-velocidad-activo-4k-cable-hdmi-cl2-para-instalacion-en-pared-mod\/","title":{"rendered":"Startech.com Hd2mm10ma Cable De 10 Metros Hdmi Con Ethernet De Alta Velocidad Activo 4k &#8211; Cable Hdmi Cl2 Para Instalacion En Pared &#8211;  Mod."},"content":{"rendered":"<table class=\"descripcion\">\n<tr>\n<td>Caracteristicas fisicas<\/td>\n<\/tr>\n<tr>\n<td>Altura: 1.1 cm<\/td>\n<\/tr>\n<tr>\n<td>Ancho: 22 mm<\/td>\n<\/tr>\n<tr>\n<td>Calibre del conductor: 24 awg<\/td>\n<\/tr>\n<tr>\n<td>Color: negro<\/td>\n<\/tr>\n<tr>\n<td>Estilo de conector: recto<\/td>\n<\/tr>\n<tr>\n<td>Longitud del cable: 10 m<\/td>\n<\/tr>\n<tr>\n<td>Longitud: 10 m<\/td>\n<\/tr>\n<tr>\n<td>Peso: 1 kg<\/td>\n<\/tr>\n<tr>\n<td>Conectores<\/td>\n<\/tr>\n<tr>\n<td>Conector a: hdmi 19 pines<\/td>\n<\/tr>\n<tr>\n<td>Conector b: hdmi 19 pines<\/td>\n<\/tr>\n<tr>\n<td>Hardware<\/td>\n<\/tr>\n<tr>\n<td>Cable tipo jacket: pvc &#8211; polyvinyl chloride<\/td>\n<\/tr>\n<tr>\n<td>Grado de inflamabilidad: clasificacion cl2<\/td>\n<\/tr>\n<tr>\n<td>Id del conjunto de chips: spectra7 &#8211; ht8181<\/td>\n<\/tr>\n<tr>\n<td>Revestimiento del conector: oro<\/td>\n<\/tr>\n<tr>\n<td>Tipo de cable blindado: lamina de aluminio mylar con malla trenzada<\/td>\n<\/tr>\n<tr>\n<td>Rendimiento<\/td>\n<\/tr>\n<tr>\n<td>Especificaciones de audio: hasta 32 canales de audio con una frecuencia de muestreo de 1536hz<\/td>\n<\/tr>\n<tr>\n<td>Resolucion digital maxima: 3840 x 2160 ultra hd 4k @ 60hz<\/td>\n<\/tr>\n<\/table>\n","protected":false},"excerpt":{"rendered":"<p>Este cable hdmi cl2 es apto para instalaciones en pared. Tiene un amplificador de senal activo integrado para conexiones a distancia de hasta 10 metros, entre dispositivos con hdmi disponible, sin perdida de senal. El cable tambien es compatible con las especificaciones hdmi y funcionara con todos sus dispositivos hdmi existentes. Cree conexiones hdmi 4k a distancias mas largas la estructura de circuitos integrada del cable amplifica de manera activa la senal hdmi, sin que se requiera una fuente de alimentacion externa. Compatible con conexiones a mayor longitud que las conexiones hdmi convencionales. El cable activo tambien tiene un diseno de fabricacion con alambre delgado que ofrece mayor flexibilidad, lo cual resulta ideal para instalaciones en pared. Disfrute de lo mejor que le ofrece la tecnologia hdmi este cable hdmi 4k es compatible con resoluciones de hasta 4k a 60hz 3840x2160p y anchos de banda de hasta 18gbps.<\/p>\n","protected":false},"featured_media":213471,"comment_status":"open","ping_status":"open","template":"","meta":[],"product_cat":[1550,1549],"product_tag":[1590],"acf":[],"yoast_head":"<!-- This site is optimized with the Yoast SEO plugin v21.7 - https:\/\/yoast.com\/wordpress\/plugins\/seo\/ -->\n<title>[ Startech.com ] &#129351; Hd2mm10ma Cable De 10 Metros Hdmi Con Ethernet De Alta Velocidad Activo 4k - Cable Hdmi Cl2 Para Instalacion En Pared - Mod.<\/title>\n<meta name=\"description\" content=\"Compra Hd2mm10ma Cable De 10 Metros Hdmi Con Ethernet De Alta Velocidad Activo 4k - Cable Hdmi Cl2 Para Instalacion En Pared - Mod. + Env\u00edo a domicilio + Pago seguro + Garant\u00eda\" \/>\n<meta name=\"robots\" content=\"index, follow, max-snippet:-1, max-image-preview:large, max-video-preview:-1\" \/>\n<link rel=\"canonical\" href=\"https:\/\/compuviper.mx\/tienda\/producto\/startech-com-hd2mm10ma-cable-de-10-metros-hdmi-con-ethernet-de-alta-velocidad-activo-4k-cable-hdmi-cl2-para-instalacion-en-pared-mod\/\" \/>\n<meta property=\"og:locale\" content=\"es_MX\" \/>\n<meta property=\"og:type\" content=\"article\" \/>\n<meta property=\"og:title\" content=\"[ Startech.com ] &#129351; Hd2mm10ma Cable De 10 Metros Hdmi Con Ethernet De Alta Velocidad Activo 4k - Cable Hdmi Cl2 Para Instalacion En Pared - Mod.\" \/>\n<meta property=\"og:description\" content=\"Compra Hd2mm10ma Cable De 10 Metros Hdmi Con Ethernet De Alta Velocidad Activo 4k - Cable Hdmi Cl2 Para Instalacion En Pared - Mod. + Env\u00edo a domicilio + Pago seguro + Garant\u00eda\" \/>\n<meta property=\"og:url\" content=\"https:\/\/compuviper.mx\/tienda\/producto\/startech-com-hd2mm10ma-cable-de-10-metros-hdmi-con-ethernet-de-alta-velocidad-activo-4k-cable-hdmi-cl2-para-instalacion-en-pared-mod\/\" \/>\n<meta property=\"og:site_name\" content=\"Compuviper\" \/>\n<meta property=\"article:publisher\" content=\"https:\/\/www.facebook.com\/compuviper\" \/>\n<meta property=\"og:image\" content=\"https:\/\/compuviper.mx\/tienda\/wp-content\/uploads\/2023\/12\/Cable-de-10-metros-hdmi-con-ethernet-de-alta-velocidad-activo-4k-cable-hdmi-cl2-para-instalacion-en-pared-startech.com-mod.-hd2mm10ma.jpg\" \/>\n\t<meta property=\"og:image:width\" content=\"200\" \/>\n\t<meta property=\"og:image:height\" content=\"200\" \/>\n\t<meta property=\"og:image:type\" content=\"image\/jpeg\" \/>\n<meta name=\"twitter:card\" content=\"summary_large_image\" \/>\n<meta name=\"twitter:label1\" content=\"Precio\" \/>\n\t<meta name=\"twitter:data1\" content=\"&#36;1,851 con IVA\" \/>\n\t<meta name=\"twitter:label2\" content=\"Availability\" \/>\n\t<meta name=\"twitter:data2\" content=\"Out of stock\" \/>\n<script type=\"application\/ld+json\" class=\"yoast-schema-graph\">{\"@context\":\"https:\/\/schema.org\",\"@graph\":[{\"@type\":\"WebPage\",\"@id\":\"https:\/\/compuviper.mx\/tienda\/producto\/startech-com-hd2mm10ma-cable-de-10-metros-hdmi-con-ethernet-de-alta-velocidad-activo-4k-cable-hdmi-cl2-para-instalacion-en-pared-mod\/\",\"url\":\"https:\/\/compuviper.mx\/tienda\/producto\/startech-com-hd2mm10ma-cable-de-10-metros-hdmi-con-ethernet-de-alta-velocidad-activo-4k-cable-hdmi-cl2-para-instalacion-en-pared-mod\/\",\"name\":\"[ Startech.com ] &#129351; Hd2mm10ma Cable De 10 Metros Hdmi Con Ethernet De Alta Velocidad Activo 4k - Cable Hdmi Cl2 Para Instalacion En Pared - Mod.\",\"isPartOf\":{\"@id\":\"https:\/\/compuviper.mx\/tienda\/#website\"},\"datePublished\":\"2026-04-11T05:37:21+00:00\",\"dateModified\":\"2026-04-11T05:37:21+00:00\",\"description\":\"Compra Hd2mm10ma Cable De 10 Metros Hdmi Con Ethernet De Alta Velocidad Activo 4k - Cable Hdmi Cl2 Para Instalacion En Pared - Mod. + Env\u00edo a domicilio + Pago seguro + Garant\u00eda\",\"breadcrumb\":{\"@id\":\"https:\/\/compuviper.mx\/tienda\/producto\/startech-com-hd2mm10ma-cable-de-10-metros-hdmi-con-ethernet-de-alta-velocidad-activo-4k-cable-hdmi-cl2-para-instalacion-en-pared-mod\/#breadcrumb\"},\"inLanguage\":\"es-MX\",\"potentialAction\":[{\"@type\":\"ReadAction\",\"target\":[\"https:\/\/compuviper.mx\/tienda\/producto\/startech-com-hd2mm10ma-cable-de-10-metros-hdmi-con-ethernet-de-alta-velocidad-activo-4k-cable-hdmi-cl2-para-instalacion-en-pared-mod\/\"]}]},{\"@type\":\"BreadcrumbList\",\"@id\":\"https:\/\/compuviper.mx\/tienda\/producto\/startech-com-hd2mm10ma-cable-de-10-metros-hdmi-con-ethernet-de-alta-velocidad-activo-4k-cable-hdmi-cl2-para-instalacion-en-pared-mod\/#breadcrumb\",\"itemListElement\":[{\"@type\":\"ListItem\",\"position\":1,\"name\":\"Inicio\",\"item\":\"https:\/\/compuviper.mx\/tienda\/\"},{\"@type\":\"ListItem\",\"position\":2,\"name\":\"Productos\",\"item\":\"https:\/\/compuviper.mx\/tienda\/productos\/\"},{\"@type\":\"ListItem\",\"position\":3,\"name\":\"Cables\",\"item\":\"https:\/\/compuviper.mx\/tienda\/categoria-producto\/cables\/\"},{\"@type\":\"ListItem\",\"position\":4,\"name\":\"Cable De Video\",\"item\":\"https:\/\/compuviper.mx\/tienda\/categoria-producto\/cables\/cable-de-video\/\"},{\"@type\":\"ListItem\",\"position\":5,\"name\":\"Startech.com Hd2mm10ma Cable De 10 Metros Hdmi Con Ethernet De Alta Velocidad Activo 4k &#8211; Cable Hdmi Cl2 Para Instalacion En Pared &#8211; Mod.\"}]},{\"@type\":\"WebSite\",\"@id\":\"https:\/\/compuviper.mx\/tienda\/#website\",\"url\":\"https:\/\/compuviper.mx\/tienda\/\",\"name\":\"Compuviper\",\"description\":\"Proveedor de Computadoras, Laptops, Servidores, Monitores, Puntos de Venta, Teclados,   Impresoras, T\u00f3ner, C\u00e1maras de Seguridad y m\u00e1s en tu tienda en l\u00ednea\",\"publisher\":{\"@id\":\"https:\/\/compuviper.mx\/tienda\/#organization\"},\"potentialAction\":[{\"@type\":\"SearchAction\",\"target\":{\"@type\":\"EntryPoint\",\"urlTemplate\":\"https:\/\/compuviper.mx\/tienda\/?s={search_term_string}\"},\"query-input\":\"required name=search_term_string\"}],\"inLanguage\":\"es-MX\"},{\"@type\":\"Organization\",\"@id\":\"https:\/\/compuviper.mx\/tienda\/#organization\",\"name\":\"Compuviper\",\"url\":\"https:\/\/compuviper.mx\/tienda\/\",\"logo\":{\"@type\":\"ImageObject\",\"inLanguage\":\"es-MX\",\"@id\":\"https:\/\/compuviper.mx\/tienda\/#\/schema\/logo\/image\/\",\"url\":\"https:\/\/compuviper.mx\/tienda\/wp-content\/uploads\/2021\/08\/Logo-Compuviper-10.png\",\"contentUrl\":\"https:\/\/compuviper.mx\/tienda\/wp-content\/uploads\/2021\/08\/Logo-Compuviper-10.png\",\"width\":1000,\"height\":500,\"caption\":\"Compuviper\"},\"image\":{\"@id\":\"https:\/\/compuviper.mx\/tienda\/#\/schema\/logo\/image\/\"},\"sameAs\":[\"https:\/\/www.facebook.com\/compuviper\",\"https:\/\/www.youtube.com\/channel\/UCf73dERp9Y3cfOq7q8BhLjA?view_as=subscriber\"]}]}<\/script>\n<meta property=\"product:brand\" content=\"STARTECH.COM\" \/>\n<meta property=\"product:price:amount\" content=\"1851\" \/>\n<meta property=\"product:price:currency\" content=\"MXN\" \/>\n<meta property=\"og:availability\" content=\"out of stock\" \/>\n<meta property=\"product:availability\" content=\"out of stock\" \/>\n<meta property=\"product:retailer_item_id\" content=\"HD2MM10MA\" \/>\n<meta property=\"product:condition\" content=\"new\" \/>\n<!-- \/ Yoast SEO plugin. -->","yoast_head_json":{"title":"[ Startech.com ] &#129351; Hd2mm10ma Cable De 10 Metros Hdmi Con Ethernet De Alta Velocidad Activo 4k - Cable Hdmi Cl2 Para Instalacion En Pared - Mod.","description":"Compra Hd2mm10ma Cable De 10 Metros Hdmi Con Ethernet De Alta Velocidad Activo 4k - Cable Hdmi Cl2 Para Instalacion En Pared - Mod. + Env\u00edo a domicilio + Pago seguro + Garant\u00eda","robots":{"index":"index","follow":"follow","max-snippet":"max-snippet:-1","max-image-preview":"max-image-preview:large","max-video-preview":"max-video-preview:-1"},"canonical":"https:\/\/compuviper.mx\/tienda\/producto\/startech-com-hd2mm10ma-cable-de-10-metros-hdmi-con-ethernet-de-alta-velocidad-activo-4k-cable-hdmi-cl2-para-instalacion-en-pared-mod\/","og_locale":"es_MX","og_type":"article","og_title":"[ Startech.com ] &#129351; Hd2mm10ma Cable De 10 Metros Hdmi Con Ethernet De Alta Velocidad Activo 4k - Cable Hdmi Cl2 Para Instalacion En Pared - Mod.","og_description":"Compra Hd2mm10ma Cable De 10 Metros Hdmi Con Ethernet De Alta Velocidad Activo 4k - Cable Hdmi Cl2 Para Instalacion En Pared - Mod. + Env\u00edo a domicilio + Pago seguro + Garant\u00eda","og_url":"https:\/\/compuviper.mx\/tienda\/producto\/startech-com-hd2mm10ma-cable-de-10-metros-hdmi-con-ethernet-de-alta-velocidad-activo-4k-cable-hdmi-cl2-para-instalacion-en-pared-mod\/","og_site_name":"Compuviper","article_publisher":"https:\/\/www.facebook.com\/compuviper","og_image":[{"width":200,"height":200,"url":"https:\/\/compuviper.mx\/tienda\/wp-content\/uploads\/2023\/12\/Cable-de-10-metros-hdmi-con-ethernet-de-alta-velocidad-activo-4k-cable-hdmi-cl2-para-instalacion-en-pared-startech.com-mod.-hd2mm10ma.jpg","type":"image\/jpeg"}],"twitter_card":"summary_large_image","twitter_misc":{"Precio":"&#36;1,851 con IVA","Availability":"Out of stock"},"schema":{"@context":"https:\/\/schema.org","@graph":[{"@type":"WebPage","@id":"https:\/\/compuviper.mx\/tienda\/producto\/startech-com-hd2mm10ma-cable-de-10-metros-hdmi-con-ethernet-de-alta-velocidad-activo-4k-cable-hdmi-cl2-para-instalacion-en-pared-mod\/","url":"https:\/\/compuviper.mx\/tienda\/producto\/startech-com-hd2mm10ma-cable-de-10-metros-hdmi-con-ethernet-de-alta-velocidad-activo-4k-cable-hdmi-cl2-para-instalacion-en-pared-mod\/","name":"[ Startech.com ] &#129351; Hd2mm10ma Cable De 10 Metros Hdmi Con Ethernet De Alta Velocidad Activo 4k - Cable Hdmi Cl2 Para Instalacion En Pared - Mod.","isPartOf":{"@id":"https:\/\/compuviper.mx\/tienda\/#website"},"datePublished":"2026-04-11T05:37:21+00:00","dateModified":"2026-04-11T05:37:21+00:00","description":"Compra Hd2mm10ma Cable De 10 Metros Hdmi Con Ethernet De Alta Velocidad Activo 4k - Cable Hdmi Cl2 Para Instalacion En Pared - Mod. + Env\u00edo a domicilio + Pago seguro + Garant\u00eda","breadcrumb":{"@id":"https:\/\/compuviper.mx\/tienda\/producto\/startech-com-hd2mm10ma-cable-de-10-metros-hdmi-con-ethernet-de-alta-velocidad-activo-4k-cable-hdmi-cl2-para-instalacion-en-pared-mod\/#breadcrumb"},"inLanguage":"es-MX","potentialAction":[{"@type":"ReadAction","target":["https:\/\/compuviper.mx\/tienda\/producto\/startech-com-hd2mm10ma-cable-de-10-metros-hdmi-con-ethernet-de-alta-velocidad-activo-4k-cable-hdmi-cl2-para-instalacion-en-pared-mod\/"]}]},{"@type":"BreadcrumbList","@id":"https:\/\/compuviper.mx\/tienda\/producto\/startech-com-hd2mm10ma-cable-de-10-metros-hdmi-con-ethernet-de-alta-velocidad-activo-4k-cable-hdmi-cl2-para-instalacion-en-pared-mod\/#breadcrumb","itemListElement":[{"@type":"ListItem","position":1,"name":"Inicio","item":"https:\/\/compuviper.mx\/tienda\/"},{"@type":"ListItem","position":2,"name":"Productos","item":"https:\/\/compuviper.mx\/tienda\/productos\/"},{"@type":"ListItem","position":3,"name":"Cables","item":"https:\/\/compuviper.mx\/tienda\/categoria-producto\/cables\/"},{"@type":"ListItem","position":4,"name":"Cable De Video","item":"https:\/\/compuviper.mx\/tienda\/categoria-producto\/cables\/cable-de-video\/"},{"@type":"ListItem","position":5,"name":"Startech.com Hd2mm10ma Cable De 10 Metros Hdmi Con Ethernet De Alta Velocidad Activo 4k &#8211; Cable Hdmi Cl2 Para Instalacion En Pared &#8211; Mod."}]},{"@type":"WebSite","@id":"https:\/\/compuviper.mx\/tienda\/#website","url":"https:\/\/compuviper.mx\/tienda\/","name":"Compuviper","description":"Proveedor de Computadoras, Laptops, Servidores, Monitores, Puntos de Venta, Teclados,   Impresoras, T\u00f3ner, C\u00e1maras de Seguridad y m\u00e1s en tu tienda en l\u00ednea","publisher":{"@id":"https:\/\/compuviper.mx\/tienda\/#organization"},"potentialAction":[{"@type":"SearchAction","target":{"@type":"EntryPoint","urlTemplate":"https:\/\/compuviper.mx\/tienda\/?s={search_term_string}"},"query-input":"required name=search_term_string"}],"inLanguage":"es-MX"},{"@type":"Organization","@id":"https:\/\/compuviper.mx\/tienda\/#organization","name":"Compuviper","url":"https:\/\/compuviper.mx\/tienda\/","logo":{"@type":"ImageObject","inLanguage":"es-MX","@id":"https:\/\/compuviper.mx\/tienda\/#\/schema\/logo\/image\/","url":"https:\/\/compuviper.mx\/tienda\/wp-content\/uploads\/2021\/08\/Logo-Compuviper-10.png","contentUrl":"https:\/\/compuviper.mx\/tienda\/wp-content\/uploads\/2021\/08\/Logo-Compuviper-10.png","width":1000,"height":500,"caption":"Compuviper"},"image":{"@id":"https:\/\/compuviper.mx\/tienda\/#\/schema\/logo\/image\/"},"sameAs":["https:\/\/www.facebook.com\/compuviper","https:\/\/www.youtube.com\/channel\/UCf73dERp9Y3cfOq7q8BhLjA?view_as=subscriber"]}]},"product_brand":"STARTECH.COM","product_price_amount":"1851","product_price_currency":"MXN","og_availability":"out of stock","product_availability":"out of stock","product_retailer_item_id":"HD2MM10MA","product_condition":"new"},"_links":{"self":[{"href":"https:\/\/compuviper.mx\/tienda\/wp-json\/wp\/v2\/product\/213470"}],"collection":[{"href":"https:\/\/compuviper.mx\/tienda\/wp-json\/wp\/v2\/product"}],"about":[{"href":"https:\/\/compuviper.mx\/tienda\/wp-json\/wp\/v2\/types\/product"}],"replies":[{"embeddable":true,"href":"https:\/\/compuviper.mx\/tienda\/wp-json\/wp\/v2\/comments?post=213470"}],"wp:featuredmedia":[{"embeddable":true,"href":"https:\/\/compuviper.mx\/tienda\/wp-json\/wp\/v2\/media\/213471"}],"wp:attachment":[{"href":"https:\/\/compuviper.mx\/tienda\/wp-json\/wp\/v2\/media?parent=213470"}],"wp:term":[{"taxonomy":"product_cat","embeddable":true,"href":"https:\/\/compuviper.mx\/tienda\/wp-json\/wp\/v2\/product_cat?post=213470"},{"taxonomy":"product_tag","embeddable":true,"href":"https:\/\/compuviper.mx\/tienda\/wp-json\/wp\/v2\/product_tag?post=213470"}],"curies":[{"name":"wp","href":"https:\/\/api.w.org\/{rel}","templated":true}]}}