{"id":213468,"date":"2026-04-10T23:37:20","date_gmt":"2026-04-11T05:37:20","guid":{"rendered":"https:\/\/compuviper.mx\/tienda\/producto\/startech-com-sata24ra1-cable-de-60cm-de-datos-sata-en-angulo-recto-a-la-derecha-acodado-en-l-7-pines-2x-serial-ata-macho-mod\/"},"modified":"2026-04-10T23:37:20","modified_gmt":"2026-04-11T05:37:20","slug":"startech-com-sata24ra1-cable-de-60cm-de-datos-sata-en-angulo-recto-a-la-derecha-acodado-en-l-7-pines-2x-serial-ata-macho-mod","status":"publish","type":"product","link":"https:\/\/compuviper.mx\/tienda\/producto\/startech-com-sata24ra1-cable-de-60cm-de-datos-sata-en-angulo-recto-a-la-derecha-acodado-en-l-7-pines-2x-serial-ata-macho-mod\/","title":{"rendered":"Startech.com Sata24ra1 Cable De 60cm De Datos Sata En Angulo Recto A La Derecha Acodado En L 7 Pines  &#8211; 2x Serial Ata Macho &#8211;  Mod."},"content":{"rendered":"<table class=\"descripcion\">\n<tr>\n<td>Rendimiento<\/td>\n<\/tr>\n<tr>\n<td>Tipo y velocidad: sata iii 6 gbps<\/td>\n<\/tr>\n<tr>\n<td>Hardware<\/td>\n<\/tr>\n<tr>\n<td>Cable tipo jacket: pvc &#8211; polyvinyl chloride<\/td>\n<\/tr>\n<tr>\n<td>Contenido de la caja<\/td>\n<\/tr>\n<tr>\n<td>Incluido en la caja: cable serial ata sata a sata de angulo recto de 24 pulgadas 60cm<\/td>\n<\/tr>\n<tr>\n<td>Conectores<\/td>\n<\/tr>\n<tr>\n<td>Conector b: sata 7 pines, datos<\/td>\n<\/tr>\n<tr>\n<td>Conector a: sata 7 pines, datos<\/td>\n<\/tr>\n<tr>\n<td>Caracteristicas fisicas<\/td>\n<\/tr>\n<tr>\n<td>Peso: 18 g<\/td>\n<\/tr>\n<tr>\n<td>Longitud: 609.6 mm<\/td>\n<\/tr>\n<tr>\n<td>Longitud del cable: 609.6 mm<\/td>\n<\/tr>\n<tr>\n<td>Estilo de conector: recto con orientacion hacia la derecha<\/td>\n<\/tr>\n<tr>\n<td>Color: rojo<\/td>\n<\/tr>\n<\/table>\n","protected":false},"excerpt":{"rendered":"<p>El cable sata en angulo derecho 90 grados sata24ra1 incluye una receptaculo sata estandar recta, asi como una receptaculo sata en angulo derecho, lo cual proporciona una conexion simple de 60 cm con cualquier unidad serial ata, con soporte total de ancho de banda sata 3.0 de hasta 6 gpbs cuando se utiliza con unidades compatibles con sata 3.0. La conexion sata en angulo derecho permite conectar la unidad de disco duro serial ata en espacios estrechos o de dificil acceso, y el diseno flexible y de bajo perfil del cable permite un mejor flujo del aire y reduce el desorden en el interior del gabinete de la computadora, lo cual ayuda a mantenerla limpia y aireada. Fabricado con materiales solo de alta calidad y disenado para un rendimiento y confiabilidad optimos.<\/p>\n","protected":false},"featured_media":213469,"comment_status":"open","ping_status":"open","template":"","meta":[],"product_cat":[1549,1605],"product_tag":[1590],"acf":[],"yoast_head":"<!-- This site is optimized with the Yoast SEO plugin v21.7 - https:\/\/yoast.com\/wordpress\/plugins\/seo\/ -->\n<title>[ Startech.com ] &#129351; Sata24ra1 Cable De 60cm De Datos Sata En Angulo Recto A La Derecha Acodado En L 7 Pines - 2x Serial Ata Macho - Mod.<\/title>\n<meta name=\"description\" content=\"Compra Sata24ra1 Cable De 60cm De Datos Sata En Angulo Recto A La Derecha Acodado En L 7 Pines - 2x Serial Ata Macho - Mod. + Env\u00edo a domicilio + Pago seguro + Garant\u00eda\" \/>\n<meta name=\"robots\" content=\"index, follow, max-snippet:-1, max-image-preview:large, max-video-preview:-1\" \/>\n<link rel=\"canonical\" href=\"https:\/\/compuviper.mx\/tienda\/producto\/startech-com-sata24ra1-cable-de-60cm-de-datos-sata-en-angulo-recto-a-la-derecha-acodado-en-l-7-pines-2x-serial-ata-macho-mod\/\" \/>\n<meta property=\"og:locale\" content=\"es_MX\" \/>\n<meta property=\"og:type\" content=\"article\" \/>\n<meta property=\"og:title\" content=\"[ Startech.com ] &#129351; Sata24ra1 Cable De 60cm De Datos Sata En Angulo Recto A La Derecha Acodado En L 7 Pines - 2x Serial Ata Macho - Mod.\" \/>\n<meta property=\"og:description\" content=\"Compra Sata24ra1 Cable De 60cm De Datos Sata En Angulo Recto A La Derecha Acodado En L 7 Pines - 2x Serial Ata Macho - Mod. + Env\u00edo a domicilio + Pago seguro + Garant\u00eda\" \/>\n<meta property=\"og:url\" content=\"https:\/\/compuviper.mx\/tienda\/producto\/startech-com-sata24ra1-cable-de-60cm-de-datos-sata-en-angulo-recto-a-la-derecha-acodado-en-l-7-pines-2x-serial-ata-macho-mod\/\" \/>\n<meta property=\"og:site_name\" content=\"Compuviper\" \/>\n<meta property=\"article:publisher\" content=\"https:\/\/www.facebook.com\/compuviper\" \/>\n<meta property=\"og:image\" content=\"https:\/\/compuviper.mx\/tienda\/wp-content\/uploads\/2023\/12\/Cable-de-60cm-de-datos-sata-en-angulo-recto-a-la-derecha-acodado-en-l-7-pines-2x-serial-ata-macho-startech.com-mod.-sata24ra1.jpg\" \/>\n\t<meta property=\"og:image:width\" content=\"200\" \/>\n\t<meta property=\"og:image:height\" content=\"200\" \/>\n\t<meta property=\"og:image:type\" content=\"image\/jpeg\" \/>\n<meta name=\"twitter:card\" content=\"summary_large_image\" \/>\n<meta name=\"twitter:label1\" content=\"Precio\" \/>\n\t<meta name=\"twitter:data1\" content=\"&#36;107 con IVA\" \/>\n\t<meta name=\"twitter:label2\" content=\"Availability\" \/>\n\t<meta name=\"twitter:data2\" content=\"Out of stock\" \/>\n<script type=\"application\/ld+json\" class=\"yoast-schema-graph\">{\"@context\":\"https:\/\/schema.org\",\"@graph\":[{\"@type\":\"WebPage\",\"@id\":\"https:\/\/compuviper.mx\/tienda\/producto\/startech-com-sata24ra1-cable-de-60cm-de-datos-sata-en-angulo-recto-a-la-derecha-acodado-en-l-7-pines-2x-serial-ata-macho-mod\/\",\"url\":\"https:\/\/compuviper.mx\/tienda\/producto\/startech-com-sata24ra1-cable-de-60cm-de-datos-sata-en-angulo-recto-a-la-derecha-acodado-en-l-7-pines-2x-serial-ata-macho-mod\/\",\"name\":\"[ Startech.com ] &#129351; Sata24ra1 Cable De 60cm De Datos Sata En Angulo Recto A La Derecha Acodado En L 7 Pines - 2x Serial Ata Macho - Mod.\",\"isPartOf\":{\"@id\":\"https:\/\/compuviper.mx\/tienda\/#website\"},\"datePublished\":\"2026-04-11T05:37:20+00:00\",\"dateModified\":\"2026-04-11T05:37:20+00:00\",\"description\":\"Compra Sata24ra1 Cable De 60cm De Datos Sata En Angulo Recto A La Derecha Acodado En L 7 Pines - 2x Serial Ata Macho - Mod. + Env\u00edo a domicilio + Pago seguro + Garant\u00eda\",\"breadcrumb\":{\"@id\":\"https:\/\/compuviper.mx\/tienda\/producto\/startech-com-sata24ra1-cable-de-60cm-de-datos-sata-en-angulo-recto-a-la-derecha-acodado-en-l-7-pines-2x-serial-ata-macho-mod\/#breadcrumb\"},\"inLanguage\":\"es-MX\",\"potentialAction\":[{\"@type\":\"ReadAction\",\"target\":[\"https:\/\/compuviper.mx\/tienda\/producto\/startech-com-sata24ra1-cable-de-60cm-de-datos-sata-en-angulo-recto-a-la-derecha-acodado-en-l-7-pines-2x-serial-ata-macho-mod\/\"]}]},{\"@type\":\"BreadcrumbList\",\"@id\":\"https:\/\/compuviper.mx\/tienda\/producto\/startech-com-sata24ra1-cable-de-60cm-de-datos-sata-en-angulo-recto-a-la-derecha-acodado-en-l-7-pines-2x-serial-ata-macho-mod\/#breadcrumb\",\"itemListElement\":[{\"@type\":\"ListItem\",\"position\":1,\"name\":\"Inicio\",\"item\":\"https:\/\/compuviper.mx\/tienda\/\"},{\"@type\":\"ListItem\",\"position\":2,\"name\":\"Productos\",\"item\":\"https:\/\/compuviper.mx\/tienda\/productos\/\"},{\"@type\":\"ListItem\",\"position\":3,\"name\":\"Cables\",\"item\":\"https:\/\/compuviper.mx\/tienda\/categoria-producto\/cables\/\"},{\"@type\":\"ListItem\",\"position\":4,\"name\":\"Cable Usb\",\"item\":\"https:\/\/compuviper.mx\/tienda\/categoria-producto\/cables\/cable-usb\/\"},{\"@type\":\"ListItem\",\"position\":5,\"name\":\"Startech.com Sata24ra1 Cable De 60cm De Datos Sata En Angulo Recto A La Derecha Acodado En L 7 Pines &#8211; 2x Serial Ata Macho &#8211; Mod.\"}]},{\"@type\":\"WebSite\",\"@id\":\"https:\/\/compuviper.mx\/tienda\/#website\",\"url\":\"https:\/\/compuviper.mx\/tienda\/\",\"name\":\"Compuviper\",\"description\":\"Proveedor de Computadoras, Laptops, Servidores, Monitores, Puntos de Venta, Teclados,   Impresoras, T\u00f3ner, C\u00e1maras de Seguridad y m\u00e1s en tu tienda en l\u00ednea\",\"publisher\":{\"@id\":\"https:\/\/compuviper.mx\/tienda\/#organization\"},\"potentialAction\":[{\"@type\":\"SearchAction\",\"target\":{\"@type\":\"EntryPoint\",\"urlTemplate\":\"https:\/\/compuviper.mx\/tienda\/?s={search_term_string}\"},\"query-input\":\"required name=search_term_string\"}],\"inLanguage\":\"es-MX\"},{\"@type\":\"Organization\",\"@id\":\"https:\/\/compuviper.mx\/tienda\/#organization\",\"name\":\"Compuviper\",\"url\":\"https:\/\/compuviper.mx\/tienda\/\",\"logo\":{\"@type\":\"ImageObject\",\"inLanguage\":\"es-MX\",\"@id\":\"https:\/\/compuviper.mx\/tienda\/#\/schema\/logo\/image\/\",\"url\":\"https:\/\/compuviper.mx\/tienda\/wp-content\/uploads\/2021\/08\/Logo-Compuviper-10.png\",\"contentUrl\":\"https:\/\/compuviper.mx\/tienda\/wp-content\/uploads\/2021\/08\/Logo-Compuviper-10.png\",\"width\":1000,\"height\":500,\"caption\":\"Compuviper\"},\"image\":{\"@id\":\"https:\/\/compuviper.mx\/tienda\/#\/schema\/logo\/image\/\"},\"sameAs\":[\"https:\/\/www.facebook.com\/compuviper\",\"https:\/\/www.youtube.com\/channel\/UCf73dERp9Y3cfOq7q8BhLjA?view_as=subscriber\"]}]}<\/script>\n<meta property=\"product:brand\" content=\"STARTECH.COM\" \/>\n<meta property=\"product:price:amount\" content=\"107\" \/>\n<meta property=\"product:price:currency\" content=\"MXN\" \/>\n<meta property=\"og:availability\" content=\"out of stock\" \/>\n<meta property=\"product:availability\" content=\"out of stock\" \/>\n<meta property=\"product:retailer_item_id\" content=\"SATA24RA1\" \/>\n<meta property=\"product:condition\" content=\"new\" \/>\n<!-- \/ Yoast SEO plugin. -->","yoast_head_json":{"title":"[ Startech.com ] &#129351; Sata24ra1 Cable De 60cm De Datos Sata En Angulo Recto A La Derecha Acodado En L 7 Pines - 2x Serial Ata Macho - Mod.","description":"Compra Sata24ra1 Cable De 60cm De Datos Sata En Angulo Recto A La Derecha Acodado En L 7 Pines - 2x Serial Ata Macho - Mod. + Env\u00edo a domicilio + Pago seguro + Garant\u00eda","robots":{"index":"index","follow":"follow","max-snippet":"max-snippet:-1","max-image-preview":"max-image-preview:large","max-video-preview":"max-video-preview:-1"},"canonical":"https:\/\/compuviper.mx\/tienda\/producto\/startech-com-sata24ra1-cable-de-60cm-de-datos-sata-en-angulo-recto-a-la-derecha-acodado-en-l-7-pines-2x-serial-ata-macho-mod\/","og_locale":"es_MX","og_type":"article","og_title":"[ Startech.com ] &#129351; Sata24ra1 Cable De 60cm De Datos Sata En Angulo Recto A La Derecha Acodado En L 7 Pines - 2x Serial Ata Macho - Mod.","og_description":"Compra Sata24ra1 Cable De 60cm De Datos Sata En Angulo Recto A La Derecha Acodado En L 7 Pines - 2x Serial Ata Macho - Mod. + Env\u00edo a domicilio + Pago seguro + Garant\u00eda","og_url":"https:\/\/compuviper.mx\/tienda\/producto\/startech-com-sata24ra1-cable-de-60cm-de-datos-sata-en-angulo-recto-a-la-derecha-acodado-en-l-7-pines-2x-serial-ata-macho-mod\/","og_site_name":"Compuviper","article_publisher":"https:\/\/www.facebook.com\/compuviper","og_image":[{"width":200,"height":200,"url":"https:\/\/compuviper.mx\/tienda\/wp-content\/uploads\/2023\/12\/Cable-de-60cm-de-datos-sata-en-angulo-recto-a-la-derecha-acodado-en-l-7-pines-2x-serial-ata-macho-startech.com-mod.-sata24ra1.jpg","type":"image\/jpeg"}],"twitter_card":"summary_large_image","twitter_misc":{"Precio":"&#36;107 con IVA","Availability":"Out of stock"},"schema":{"@context":"https:\/\/schema.org","@graph":[{"@type":"WebPage","@id":"https:\/\/compuviper.mx\/tienda\/producto\/startech-com-sata24ra1-cable-de-60cm-de-datos-sata-en-angulo-recto-a-la-derecha-acodado-en-l-7-pines-2x-serial-ata-macho-mod\/","url":"https:\/\/compuviper.mx\/tienda\/producto\/startech-com-sata24ra1-cable-de-60cm-de-datos-sata-en-angulo-recto-a-la-derecha-acodado-en-l-7-pines-2x-serial-ata-macho-mod\/","name":"[ Startech.com ] &#129351; Sata24ra1 Cable De 60cm De Datos Sata En Angulo Recto A La Derecha Acodado En L 7 Pines - 2x Serial Ata Macho - Mod.","isPartOf":{"@id":"https:\/\/compuviper.mx\/tienda\/#website"},"datePublished":"2026-04-11T05:37:20+00:00","dateModified":"2026-04-11T05:37:20+00:00","description":"Compra Sata24ra1 Cable De 60cm De Datos Sata En Angulo Recto A La Derecha Acodado En L 7 Pines - 2x Serial Ata Macho - Mod. + Env\u00edo a domicilio + Pago seguro + Garant\u00eda","breadcrumb":{"@id":"https:\/\/compuviper.mx\/tienda\/producto\/startech-com-sata24ra1-cable-de-60cm-de-datos-sata-en-angulo-recto-a-la-derecha-acodado-en-l-7-pines-2x-serial-ata-macho-mod\/#breadcrumb"},"inLanguage":"es-MX","potentialAction":[{"@type":"ReadAction","target":["https:\/\/compuviper.mx\/tienda\/producto\/startech-com-sata24ra1-cable-de-60cm-de-datos-sata-en-angulo-recto-a-la-derecha-acodado-en-l-7-pines-2x-serial-ata-macho-mod\/"]}]},{"@type":"BreadcrumbList","@id":"https:\/\/compuviper.mx\/tienda\/producto\/startech-com-sata24ra1-cable-de-60cm-de-datos-sata-en-angulo-recto-a-la-derecha-acodado-en-l-7-pines-2x-serial-ata-macho-mod\/#breadcrumb","itemListElement":[{"@type":"ListItem","position":1,"name":"Inicio","item":"https:\/\/compuviper.mx\/tienda\/"},{"@type":"ListItem","position":2,"name":"Productos","item":"https:\/\/compuviper.mx\/tienda\/productos\/"},{"@type":"ListItem","position":3,"name":"Cables","item":"https:\/\/compuviper.mx\/tienda\/categoria-producto\/cables\/"},{"@type":"ListItem","position":4,"name":"Cable Usb","item":"https:\/\/compuviper.mx\/tienda\/categoria-producto\/cables\/cable-usb\/"},{"@type":"ListItem","position":5,"name":"Startech.com Sata24ra1 Cable De 60cm De Datos Sata En Angulo Recto A La Derecha Acodado En L 7 Pines &#8211; 2x Serial Ata Macho &#8211; Mod."}]},{"@type":"WebSite","@id":"https:\/\/compuviper.mx\/tienda\/#website","url":"https:\/\/compuviper.mx\/tienda\/","name":"Compuviper","description":"Proveedor de Computadoras, Laptops, Servidores, Monitores, Puntos de Venta, Teclados,   Impresoras, T\u00f3ner, C\u00e1maras de Seguridad y m\u00e1s en tu tienda en l\u00ednea","publisher":{"@id":"https:\/\/compuviper.mx\/tienda\/#organization"},"potentialAction":[{"@type":"SearchAction","target":{"@type":"EntryPoint","urlTemplate":"https:\/\/compuviper.mx\/tienda\/?s={search_term_string}"},"query-input":"required name=search_term_string"}],"inLanguage":"es-MX"},{"@type":"Organization","@id":"https:\/\/compuviper.mx\/tienda\/#organization","name":"Compuviper","url":"https:\/\/compuviper.mx\/tienda\/","logo":{"@type":"ImageObject","inLanguage":"es-MX","@id":"https:\/\/compuviper.mx\/tienda\/#\/schema\/logo\/image\/","url":"https:\/\/compuviper.mx\/tienda\/wp-content\/uploads\/2021\/08\/Logo-Compuviper-10.png","contentUrl":"https:\/\/compuviper.mx\/tienda\/wp-content\/uploads\/2021\/08\/Logo-Compuviper-10.png","width":1000,"height":500,"caption":"Compuviper"},"image":{"@id":"https:\/\/compuviper.mx\/tienda\/#\/schema\/logo\/image\/"},"sameAs":["https:\/\/www.facebook.com\/compuviper","https:\/\/www.youtube.com\/channel\/UCf73dERp9Y3cfOq7q8BhLjA?view_as=subscriber"]}]},"product_brand":"STARTECH.COM","product_price_amount":"107","product_price_currency":"MXN","og_availability":"out of stock","product_availability":"out of stock","product_retailer_item_id":"SATA24RA1","product_condition":"new"},"_links":{"self":[{"href":"https:\/\/compuviper.mx\/tienda\/wp-json\/wp\/v2\/product\/213468"}],"collection":[{"href":"https:\/\/compuviper.mx\/tienda\/wp-json\/wp\/v2\/product"}],"about":[{"href":"https:\/\/compuviper.mx\/tienda\/wp-json\/wp\/v2\/types\/product"}],"replies":[{"embeddable":true,"href":"https:\/\/compuviper.mx\/tienda\/wp-json\/wp\/v2\/comments?post=213468"}],"wp:featuredmedia":[{"embeddable":true,"href":"https:\/\/compuviper.mx\/tienda\/wp-json\/wp\/v2\/media\/213469"}],"wp:attachment":[{"href":"https:\/\/compuviper.mx\/tienda\/wp-json\/wp\/v2\/media?parent=213468"}],"wp:term":[{"taxonomy":"product_cat","embeddable":true,"href":"https:\/\/compuviper.mx\/tienda\/wp-json\/wp\/v2\/product_cat?post=213468"},{"taxonomy":"product_tag","embeddable":true,"href":"https:\/\/compuviper.mx\/tienda\/wp-json\/wp\/v2\/product_tag?post=213468"}],"curies":[{"name":"wp","href":"https:\/\/api.w.org\/{rel}","templated":true}]}}