{"id":213466,"date":"2026-04-07T23:39:52","date_gmt":"2026-04-08T05:39:52","guid":{"rendered":"https:\/\/compuviper.mx\/tienda\/producto\/startech-com-mu2mmmswh-cable-de-audio-de-2m-delgado-slimline-estereo-mini-jack-plug-3-5mm-trrs-blanco-macho-a-macho-mod\/"},"modified":"2026-04-07T23:39:53","modified_gmt":"2026-04-08T05:39:53","slug":"startech-com-mu2mmmswh-cable-de-audio-de-2m-delgado-slimline-estereo-mini-jack-plug-3-5mm-trrs-blanco-macho-a-macho-mod","status":"publish","type":"product","link":"https:\/\/compuviper.mx\/tienda\/producto\/startech-com-mu2mmmswh-cable-de-audio-de-2m-delgado-slimline-estereo-mini-jack-plug-3-5mm-trrs-blanco-macho-a-macho-mod\/","title":{"rendered":"Startech.com Mu2mmmswh Cable De Audio De 2m Delgado Slimline &#8211; Estereo Mini Jack Plug 3.5mm Trrs &#8211; Blanco &#8211; Macho A Macho &#8211;  Mod."},"content":{"rendered":"<table class=\"descripcion\">\n<tr>\n<td>Hardware<\/td>\n<\/tr>\n<tr>\n<td>Revestimiento del conector  : oro<\/td>\n<\/tr>\n<tr>\n<td>Cable tipo jacket : pvc &#8211; polyvinyl chloride<\/td>\n<\/tr>\n<tr>\n<td>Contenido de la caja<\/td>\n<\/tr>\n<tr>\n<td>Incluido en la caja : cable 2m 2 metros slim delgado de audio estreo mini jack plug 3.5mm trrs &#8211; blanco &#8211; macho a macho<\/td>\n<\/tr>\n<tr>\n<td>Conectores<\/td>\n<\/tr>\n<tr>\n<td>Conector b : enchufe mini-jack de 3.5mm 3 posiciones<\/td>\n<\/tr>\n<tr>\n<td>Conector a : enchufe mini-jack de 3.5mm 3 posiciones<\/td>\n<\/tr>\n<tr>\n<td>Caractersticas fsicas<\/td>\n<\/tr>\n<tr>\n<td>Peso del producto : 16 g<\/td>\n<\/tr>\n<tr>\n<td>Longitud del producto : 2 m<\/td>\n<\/tr>\n<tr>\n<td>Longitud del cable : 2 m<\/td>\n<\/tr>\n<tr>\n<td>Color : blanco<\/td>\n<\/tr>\n<tr>\n<td>Calibre del conductor : 30 awg<\/td>\n<\/tr>\n<tr>\n<td>Ancho del producto : 3.5 mm<\/td>\n<\/tr>\n<tr>\n<td>Altura del producto : 0.4 cm<\/td>\n<\/tr>\n<\/table>\n","protected":false},"excerpt":{"rendered":"<p>El cable de audio de 2 metros, blanco y delgado, para 3.5 mm, modelo mu2mmmswh, incluye conectores macho a macho de 3.5 mm, lo cual permite conectar dispositivos porttiles con entrada de audio de 3.5 mm ipod, iphone, ipad, reproductores mp3, etc. Al sistema estreo de un automvil o de tipo domstico. La forma delgada y el moldeado del conector de este cable para sonido estreo permite que se enchufe fcilmente en una entrada de auriculares de 3.5 mm, incluso si el dispositivo de audio est dentro de su funda.<\/p>\n","protected":false},"featured_media":213467,"comment_status":"open","ping_status":"open","template":"","meta":[],"product_cat":[1549,1551],"product_tag":[1590],"acf":[],"yoast_head":"<!-- This site is optimized with the Yoast SEO plugin v21.7 - https:\/\/yoast.com\/wordpress\/plugins\/seo\/ -->\n<title>[ Startech.com ] &#129351; Mu2mmmswh Cable De Audio De 2m Delgado Slimline - Estereo Mini Jack Plug 3.5mm Trrs - Blanco - Macho A Macho - Mod.<\/title>\n<meta name=\"description\" content=\"Compra Mu2mmmswh Cable De Audio De 2m Delgado Slimline - Estereo Mini Jack Plug 3.5mm Trrs - Blanco - Macho A Macho - Mod. + Env\u00edo a domicilio + Pago seguro + Garant\u00eda\" \/>\n<meta name=\"robots\" content=\"index, follow, max-snippet:-1, max-image-preview:large, max-video-preview:-1\" \/>\n<link rel=\"canonical\" href=\"https:\/\/compuviper.mx\/tienda\/producto\/startech-com-mu2mmmswh-cable-de-audio-de-2m-delgado-slimline-estereo-mini-jack-plug-3-5mm-trrs-blanco-macho-a-macho-mod\/\" \/>\n<meta property=\"og:locale\" content=\"es_MX\" \/>\n<meta property=\"og:type\" content=\"article\" \/>\n<meta property=\"og:title\" content=\"[ Startech.com ] &#129351; Mu2mmmswh Cable De Audio De 2m Delgado Slimline - Estereo Mini Jack Plug 3.5mm Trrs - Blanco - Macho A Macho - Mod.\" \/>\n<meta property=\"og:description\" content=\"Compra Mu2mmmswh Cable De Audio De 2m Delgado Slimline - Estereo Mini Jack Plug 3.5mm Trrs - Blanco - Macho A Macho - Mod. + Env\u00edo a domicilio + Pago seguro + Garant\u00eda\" \/>\n<meta property=\"og:url\" content=\"https:\/\/compuviper.mx\/tienda\/producto\/startech-com-mu2mmmswh-cable-de-audio-de-2m-delgado-slimline-estereo-mini-jack-plug-3-5mm-trrs-blanco-macho-a-macho-mod\/\" \/>\n<meta property=\"og:site_name\" content=\"Compuviper\" \/>\n<meta property=\"article:publisher\" content=\"https:\/\/www.facebook.com\/compuviper\" \/>\n<meta property=\"article:modified_time\" content=\"2026-04-08T05:39:53+00:00\" \/>\n<meta property=\"og:image\" content=\"https:\/\/compuviper.mx\/tienda\/wp-content\/uploads\/2023\/12\/Cable-de-audio-de-2m-delgado-slimline-estereo-mini-jack-plug-3.5mm-trrs-blanco-macho-a-macho-startech.com-mod.-mu2mmmswh.jpg\" \/>\n\t<meta property=\"og:image:width\" content=\"200\" \/>\n\t<meta property=\"og:image:height\" content=\"200\" \/>\n\t<meta property=\"og:image:type\" content=\"image\/jpeg\" \/>\n<meta name=\"twitter:card\" content=\"summary_large_image\" \/>\n<meta name=\"twitter:label1\" content=\"Precio\" \/>\n\t<meta name=\"twitter:data1\" content=\"&#36;26 con IVA\" \/>\n\t<meta name=\"twitter:label2\" content=\"Availability\" \/>\n\t<meta name=\"twitter:data2\" content=\"Out of stock\" \/>\n<script type=\"application\/ld+json\" class=\"yoast-schema-graph\">{\"@context\":\"https:\/\/schema.org\",\"@graph\":[{\"@type\":\"WebPage\",\"@id\":\"https:\/\/compuviper.mx\/tienda\/producto\/startech-com-mu2mmmswh-cable-de-audio-de-2m-delgado-slimline-estereo-mini-jack-plug-3-5mm-trrs-blanco-macho-a-macho-mod\/\",\"url\":\"https:\/\/compuviper.mx\/tienda\/producto\/startech-com-mu2mmmswh-cable-de-audio-de-2m-delgado-slimline-estereo-mini-jack-plug-3-5mm-trrs-blanco-macho-a-macho-mod\/\",\"name\":\"[ Startech.com ] &#129351; Mu2mmmswh Cable De Audio De 2m Delgado Slimline - Estereo Mini Jack Plug 3.5mm Trrs - Blanco - Macho A Macho - Mod.\",\"isPartOf\":{\"@id\":\"https:\/\/compuviper.mx\/tienda\/#website\"},\"datePublished\":\"2026-04-08T05:39:52+00:00\",\"dateModified\":\"2026-04-08T05:39:53+00:00\",\"description\":\"Compra Mu2mmmswh Cable De Audio De 2m Delgado Slimline - Estereo Mini Jack Plug 3.5mm Trrs - Blanco - Macho A Macho - Mod. + Env\u00edo a domicilio + Pago seguro + Garant\u00eda\",\"breadcrumb\":{\"@id\":\"https:\/\/compuviper.mx\/tienda\/producto\/startech-com-mu2mmmswh-cable-de-audio-de-2m-delgado-slimline-estereo-mini-jack-plug-3-5mm-trrs-blanco-macho-a-macho-mod\/#breadcrumb\"},\"inLanguage\":\"es-MX\",\"potentialAction\":[{\"@type\":\"ReadAction\",\"target\":[\"https:\/\/compuviper.mx\/tienda\/producto\/startech-com-mu2mmmswh-cable-de-audio-de-2m-delgado-slimline-estereo-mini-jack-plug-3-5mm-trrs-blanco-macho-a-macho-mod\/\"]}]},{\"@type\":\"BreadcrumbList\",\"@id\":\"https:\/\/compuviper.mx\/tienda\/producto\/startech-com-mu2mmmswh-cable-de-audio-de-2m-delgado-slimline-estereo-mini-jack-plug-3-5mm-trrs-blanco-macho-a-macho-mod\/#breadcrumb\",\"itemListElement\":[{\"@type\":\"ListItem\",\"position\":1,\"name\":\"Inicio\",\"item\":\"https:\/\/compuviper.mx\/tienda\/\"},{\"@type\":\"ListItem\",\"position\":2,\"name\":\"Productos\",\"item\":\"https:\/\/compuviper.mx\/tienda\/productos\/\"},{\"@type\":\"ListItem\",\"position\":3,\"name\":\"Cables\",\"item\":\"https:\/\/compuviper.mx\/tienda\/categoria-producto\/cables\/\"},{\"@type\":\"ListItem\",\"position\":4,\"name\":\"Cable De Audio\",\"item\":\"https:\/\/compuviper.mx\/tienda\/categoria-producto\/cables\/cable-de-audio\/\"},{\"@type\":\"ListItem\",\"position\":5,\"name\":\"Startech.com Mu2mmmswh Cable De Audio De 2m Delgado Slimline &#8211; Estereo Mini Jack Plug 3.5mm Trrs &#8211; Blanco &#8211; Macho A Macho &#8211; Mod.\"}]},{\"@type\":\"WebSite\",\"@id\":\"https:\/\/compuviper.mx\/tienda\/#website\",\"url\":\"https:\/\/compuviper.mx\/tienda\/\",\"name\":\"Compuviper\",\"description\":\"Proveedor de Computadoras, Laptops, Servidores, Monitores, Puntos de Venta, Teclados,   Impresoras, T\u00f3ner, C\u00e1maras de Seguridad y m\u00e1s en tu tienda en l\u00ednea\",\"publisher\":{\"@id\":\"https:\/\/compuviper.mx\/tienda\/#organization\"},\"potentialAction\":[{\"@type\":\"SearchAction\",\"target\":{\"@type\":\"EntryPoint\",\"urlTemplate\":\"https:\/\/compuviper.mx\/tienda\/?s={search_term_string}\"},\"query-input\":\"required name=search_term_string\"}],\"inLanguage\":\"es-MX\"},{\"@type\":\"Organization\",\"@id\":\"https:\/\/compuviper.mx\/tienda\/#organization\",\"name\":\"Compuviper\",\"url\":\"https:\/\/compuviper.mx\/tienda\/\",\"logo\":{\"@type\":\"ImageObject\",\"inLanguage\":\"es-MX\",\"@id\":\"https:\/\/compuviper.mx\/tienda\/#\/schema\/logo\/image\/\",\"url\":\"https:\/\/compuviper.mx\/tienda\/wp-content\/uploads\/2021\/08\/Logo-Compuviper-10.png\",\"contentUrl\":\"https:\/\/compuviper.mx\/tienda\/wp-content\/uploads\/2021\/08\/Logo-Compuviper-10.png\",\"width\":1000,\"height\":500,\"caption\":\"Compuviper\"},\"image\":{\"@id\":\"https:\/\/compuviper.mx\/tienda\/#\/schema\/logo\/image\/\"},\"sameAs\":[\"https:\/\/www.facebook.com\/compuviper\",\"https:\/\/www.youtube.com\/channel\/UCf73dERp9Y3cfOq7q8BhLjA?view_as=subscriber\"]}]}<\/script>\n<meta property=\"product:brand\" content=\"STARTECH.COM\" \/>\n<meta property=\"product:price:amount\" content=\"26\" \/>\n<meta property=\"product:price:currency\" content=\"MXN\" \/>\n<meta property=\"og:availability\" content=\"out of stock\" \/>\n<meta property=\"product:availability\" content=\"out of stock\" \/>\n<meta property=\"product:retailer_item_id\" content=\"MU2MMMSWH\" \/>\n<meta property=\"product:condition\" content=\"new\" \/>\n<!-- \/ Yoast SEO plugin. -->","yoast_head_json":{"title":"[ Startech.com ] &#129351; Mu2mmmswh Cable De Audio De 2m Delgado Slimline - Estereo Mini Jack Plug 3.5mm Trrs - Blanco - Macho A Macho - Mod.","description":"Compra Mu2mmmswh Cable De Audio De 2m Delgado Slimline - Estereo Mini Jack Plug 3.5mm Trrs - Blanco - Macho A Macho - Mod. + Env\u00edo a domicilio + Pago seguro + Garant\u00eda","robots":{"index":"index","follow":"follow","max-snippet":"max-snippet:-1","max-image-preview":"max-image-preview:large","max-video-preview":"max-video-preview:-1"},"canonical":"https:\/\/compuviper.mx\/tienda\/producto\/startech-com-mu2mmmswh-cable-de-audio-de-2m-delgado-slimline-estereo-mini-jack-plug-3-5mm-trrs-blanco-macho-a-macho-mod\/","og_locale":"es_MX","og_type":"article","og_title":"[ Startech.com ] &#129351; Mu2mmmswh Cable De Audio De 2m Delgado Slimline - Estereo Mini Jack Plug 3.5mm Trrs - Blanco - Macho A Macho - Mod.","og_description":"Compra Mu2mmmswh Cable De Audio De 2m Delgado Slimline - Estereo Mini Jack Plug 3.5mm Trrs - Blanco - Macho A Macho - Mod. + Env\u00edo a domicilio + Pago seguro + Garant\u00eda","og_url":"https:\/\/compuviper.mx\/tienda\/producto\/startech-com-mu2mmmswh-cable-de-audio-de-2m-delgado-slimline-estereo-mini-jack-plug-3-5mm-trrs-blanco-macho-a-macho-mod\/","og_site_name":"Compuviper","article_publisher":"https:\/\/www.facebook.com\/compuviper","article_modified_time":"2026-04-08T05:39:53+00:00","og_image":[{"width":200,"height":200,"url":"https:\/\/compuviper.mx\/tienda\/wp-content\/uploads\/2023\/12\/Cable-de-audio-de-2m-delgado-slimline-estereo-mini-jack-plug-3.5mm-trrs-blanco-macho-a-macho-startech.com-mod.-mu2mmmswh.jpg","type":"image\/jpeg"}],"twitter_card":"summary_large_image","twitter_misc":{"Precio":"&#36;26 con IVA","Availability":"Out of stock"},"schema":{"@context":"https:\/\/schema.org","@graph":[{"@type":"WebPage","@id":"https:\/\/compuviper.mx\/tienda\/producto\/startech-com-mu2mmmswh-cable-de-audio-de-2m-delgado-slimline-estereo-mini-jack-plug-3-5mm-trrs-blanco-macho-a-macho-mod\/","url":"https:\/\/compuviper.mx\/tienda\/producto\/startech-com-mu2mmmswh-cable-de-audio-de-2m-delgado-slimline-estereo-mini-jack-plug-3-5mm-trrs-blanco-macho-a-macho-mod\/","name":"[ Startech.com ] &#129351; Mu2mmmswh Cable De Audio De 2m Delgado Slimline - Estereo Mini Jack Plug 3.5mm Trrs - Blanco - Macho A Macho - Mod.","isPartOf":{"@id":"https:\/\/compuviper.mx\/tienda\/#website"},"datePublished":"2026-04-08T05:39:52+00:00","dateModified":"2026-04-08T05:39:53+00:00","description":"Compra Mu2mmmswh Cable De Audio De 2m Delgado Slimline - Estereo Mini Jack Plug 3.5mm Trrs - Blanco - Macho A Macho - Mod. + Env\u00edo a domicilio + Pago seguro + Garant\u00eda","breadcrumb":{"@id":"https:\/\/compuviper.mx\/tienda\/producto\/startech-com-mu2mmmswh-cable-de-audio-de-2m-delgado-slimline-estereo-mini-jack-plug-3-5mm-trrs-blanco-macho-a-macho-mod\/#breadcrumb"},"inLanguage":"es-MX","potentialAction":[{"@type":"ReadAction","target":["https:\/\/compuviper.mx\/tienda\/producto\/startech-com-mu2mmmswh-cable-de-audio-de-2m-delgado-slimline-estereo-mini-jack-plug-3-5mm-trrs-blanco-macho-a-macho-mod\/"]}]},{"@type":"BreadcrumbList","@id":"https:\/\/compuviper.mx\/tienda\/producto\/startech-com-mu2mmmswh-cable-de-audio-de-2m-delgado-slimline-estereo-mini-jack-plug-3-5mm-trrs-blanco-macho-a-macho-mod\/#breadcrumb","itemListElement":[{"@type":"ListItem","position":1,"name":"Inicio","item":"https:\/\/compuviper.mx\/tienda\/"},{"@type":"ListItem","position":2,"name":"Productos","item":"https:\/\/compuviper.mx\/tienda\/productos\/"},{"@type":"ListItem","position":3,"name":"Cables","item":"https:\/\/compuviper.mx\/tienda\/categoria-producto\/cables\/"},{"@type":"ListItem","position":4,"name":"Cable De Audio","item":"https:\/\/compuviper.mx\/tienda\/categoria-producto\/cables\/cable-de-audio\/"},{"@type":"ListItem","position":5,"name":"Startech.com Mu2mmmswh Cable De Audio De 2m Delgado Slimline &#8211; Estereo Mini Jack Plug 3.5mm Trrs &#8211; Blanco &#8211; Macho A Macho &#8211; Mod."}]},{"@type":"WebSite","@id":"https:\/\/compuviper.mx\/tienda\/#website","url":"https:\/\/compuviper.mx\/tienda\/","name":"Compuviper","description":"Proveedor de Computadoras, Laptops, Servidores, Monitores, Puntos de Venta, Teclados,   Impresoras, T\u00f3ner, C\u00e1maras de Seguridad y m\u00e1s en tu tienda en l\u00ednea","publisher":{"@id":"https:\/\/compuviper.mx\/tienda\/#organization"},"potentialAction":[{"@type":"SearchAction","target":{"@type":"EntryPoint","urlTemplate":"https:\/\/compuviper.mx\/tienda\/?s={search_term_string}"},"query-input":"required name=search_term_string"}],"inLanguage":"es-MX"},{"@type":"Organization","@id":"https:\/\/compuviper.mx\/tienda\/#organization","name":"Compuviper","url":"https:\/\/compuviper.mx\/tienda\/","logo":{"@type":"ImageObject","inLanguage":"es-MX","@id":"https:\/\/compuviper.mx\/tienda\/#\/schema\/logo\/image\/","url":"https:\/\/compuviper.mx\/tienda\/wp-content\/uploads\/2021\/08\/Logo-Compuviper-10.png","contentUrl":"https:\/\/compuviper.mx\/tienda\/wp-content\/uploads\/2021\/08\/Logo-Compuviper-10.png","width":1000,"height":500,"caption":"Compuviper"},"image":{"@id":"https:\/\/compuviper.mx\/tienda\/#\/schema\/logo\/image\/"},"sameAs":["https:\/\/www.facebook.com\/compuviper","https:\/\/www.youtube.com\/channel\/UCf73dERp9Y3cfOq7q8BhLjA?view_as=subscriber"]}]},"product_brand":"STARTECH.COM","product_price_amount":"26","product_price_currency":"MXN","og_availability":"out of stock","product_availability":"out of stock","product_retailer_item_id":"MU2MMMSWH","product_condition":"new"},"_links":{"self":[{"href":"https:\/\/compuviper.mx\/tienda\/wp-json\/wp\/v2\/product\/213466"}],"collection":[{"href":"https:\/\/compuviper.mx\/tienda\/wp-json\/wp\/v2\/product"}],"about":[{"href":"https:\/\/compuviper.mx\/tienda\/wp-json\/wp\/v2\/types\/product"}],"replies":[{"embeddable":true,"href":"https:\/\/compuviper.mx\/tienda\/wp-json\/wp\/v2\/comments?post=213466"}],"wp:featuredmedia":[{"embeddable":true,"href":"https:\/\/compuviper.mx\/tienda\/wp-json\/wp\/v2\/media\/213467"}],"wp:attachment":[{"href":"https:\/\/compuviper.mx\/tienda\/wp-json\/wp\/v2\/media?parent=213466"}],"wp:term":[{"taxonomy":"product_cat","embeddable":true,"href":"https:\/\/compuviper.mx\/tienda\/wp-json\/wp\/v2\/product_cat?post=213466"},{"taxonomy":"product_tag","embeddable":true,"href":"https:\/\/compuviper.mx\/tienda\/wp-json\/wp\/v2\/product_tag?post=213466"}],"curies":[{"name":"wp","href":"https:\/\/api.w.org\/{rel}","templated":true}]}}