{"id":213446,"date":"2026-04-17T23:42:20","date_gmt":"2026-04-18T05:42:20","guid":{"rendered":"https:\/\/compuviper.mx\/tienda\/producto\/startech-com-dp14mm2m-cable-de-2m-displayport-1-4-certificado-vesa-8k60hz-hbr3-hdr-cable-de-pantallas-dp-a-dp-cable-displayport-de-8k-mod\/"},"modified":"2026-04-17T23:42:20","modified_gmt":"2026-04-18T05:42:20","slug":"startech-com-dp14mm2m-cable-de-2m-displayport-1-4-certificado-vesa-8k60hz-hbr3-hdr-cable-de-pantallas-dp-a-dp-cable-displayport-de-8k-mod","status":"publish","type":"product","link":"https:\/\/compuviper.mx\/tienda\/producto\/startech-com-dp14mm2m-cable-de-2m-displayport-1-4-certificado-vesa-8k60hz-hbr3-hdr-cable-de-pantallas-dp-a-dp-cable-displayport-de-8k-mod\/","title":{"rendered":"Startech.com Dp14mm2m Cable De 2m Displayport 1.4 &#8211; Certificado Vesa &#8211; 8k60hz &#8211; Hbr3 &#8211; Hdr &#8211; Cable De Pantallas Dp A Dp &#8211; Cable Displayport De 8k &#8211;  Mod."},"content":{"rendered":"<table class=\"descripcion\">\n<tr>\n<td>Caracteristicas fisicas<\/td>\n<\/tr>\n<tr>\n<td>Altura: 1 cm<\/td>\n<\/tr>\n<tr>\n<td>Ancho: 12 mm<\/td>\n<\/tr>\n<tr>\n<td>Calibre del conductor: 34 awg<\/td>\n<\/tr>\n<tr>\n<td>Color: negro<\/td>\n<\/tr>\n<tr>\n<td>Estilo de conector: mecanismo de bloqueo<\/td>\n<\/tr>\n<tr>\n<td>Longitud del cable: 2 m<\/td>\n<\/tr>\n<tr>\n<td>Longitud: 2 m<\/td>\n<\/tr>\n<tr>\n<td>Peso: 252 g<\/td>\n<\/tr>\n<tr>\n<td>Conectores<\/td>\n<\/tr>\n<tr>\n<td>Conector a: displayport 20 pines<\/td>\n<\/tr>\n<tr>\n<td>Conector b: displayport 20 pines<\/td>\n<\/tr>\n<tr>\n<td>Contenido de la caja<\/td>\n<\/tr>\n<tr>\n<td>Incluido en la caja: cable displayport<\/td>\n<\/tr>\n<tr>\n<td>Hardware<\/td>\n<\/tr>\n<tr>\n<td>Cable tipo jacket: pvc &#8211; polyvinyl chloride<\/td>\n<\/tr>\n<tr>\n<td>Cantidad de conductores: 19<\/td>\n<\/tr>\n<tr>\n<td>Grado de inflamabilidad: clasificacion vw-1<\/td>\n<\/tr>\n<tr>\n<td>Revestimiento del conector: oro<\/td>\n<\/tr>\n<tr>\n<td>Tipo de cable blindado: lamina de aluminio mylar con malla trenzada<\/td>\n<\/tr>\n<\/table>\n","protected":false},"excerpt":{"rendered":"<p>Este cable displayport 1.4 le permite conectar su laptop o computadora de escritorio equipada con displayport con un monitor, televisor o proyector 8k de ultra alta definicion. El cable para pantalla displayport le proporciona el enlace esencial final en sus configuraciones de audio-video. Este cable displayport tiene certificacion vesa, lo cual garantiza total compatibilidad y funcionamiento eficiente de la velocidad de enlace superior de hbr3.  Disfrute de todas las ventajas actuales que ofrece la tecnologia displayport 1.4 este cable 8k displayport es compatible con todas las funciones de dp 1.4:  resoluciones de hasta 8k 7680&#215;4320 a 60hz, compatible con 5k 5120&#215;2880 a 60hz y 4k 4096&#215;2160 a 120hz. Compatibilidad con anchos de banda hbr3 a hasta 32.4gbps tambien es compatible con hdr. Cable fabricado con un alambre mas fino de 0.02 mm\u00b2 que permite una instalacion mas flexible con el minimo estorbo. Cada conector tiene un cierre que ofrece conexiones seguras entre dispositivos.<\/p>\n","protected":false},"featured_media":213447,"comment_status":"open","ping_status":"open","template":"","meta":[],"product_cat":[1549,1550],"product_tag":[1590],"acf":[],"yoast_head":"<!-- This site is optimized with the Yoast SEO plugin v21.7 - https:\/\/yoast.com\/wordpress\/plugins\/seo\/ -->\n<title>[ Startech.com ] &#129351; Dp14mm2m Cable De 2m Displayport 1.4 - Certificado Vesa - 8k60hz - Hbr3 - Hdr - Cable De Pantallas Dp A Dp - Cable Displayport De 8k - Mod.<\/title>\n<meta name=\"description\" content=\"Compra Dp14mm2m Cable De 2m Displayport 1.4 - Certificado Vesa - 8k60hz - Hbr3 - Hdr - Cable De Pantallas Dp A Dp - Cable Displayport De 8k - Mod. + Env\u00edo a domicilio + Pago seguro + Garant\u00eda\" \/>\n<meta name=\"robots\" content=\"index, follow, max-snippet:-1, max-image-preview:large, max-video-preview:-1\" \/>\n<link rel=\"canonical\" href=\"https:\/\/compuviper.mx\/tienda\/producto\/startech-com-dp14mm2m-cable-de-2m-displayport-1-4-certificado-vesa-8k60hz-hbr3-hdr-cable-de-pantallas-dp-a-dp-cable-displayport-de-8k-mod\/\" \/>\n<meta property=\"og:locale\" content=\"es_MX\" \/>\n<meta property=\"og:type\" content=\"article\" \/>\n<meta property=\"og:title\" content=\"[ Startech.com ] &#129351; Dp14mm2m Cable De 2m Displayport 1.4 - Certificado Vesa - 8k60hz - Hbr3 - Hdr - Cable De Pantallas Dp A Dp - Cable Displayport De 8k - Mod.\" \/>\n<meta property=\"og:description\" content=\"Compra Dp14mm2m Cable De 2m Displayport 1.4 - Certificado Vesa - 8k60hz - Hbr3 - Hdr - Cable De Pantallas Dp A Dp - Cable Displayport De 8k - Mod. + Env\u00edo a domicilio + Pago seguro + Garant\u00eda\" \/>\n<meta property=\"og:url\" content=\"https:\/\/compuviper.mx\/tienda\/producto\/startech-com-dp14mm2m-cable-de-2m-displayport-1-4-certificado-vesa-8k60hz-hbr3-hdr-cable-de-pantallas-dp-a-dp-cable-displayport-de-8k-mod\/\" \/>\n<meta property=\"og:site_name\" content=\"Compuviper\" \/>\n<meta property=\"article:publisher\" content=\"https:\/\/www.facebook.com\/compuviper\" \/>\n<meta property=\"og:image\" content=\"https:\/\/compuviper.mx\/tienda\/wp-content\/uploads\/2023\/12\/Cable-de-2m-displayport-1.4-certificado-vesa-8k@60hz-hbr3-hdr-cable-de-pantallas-dp-a-dp-cable-displayport-de-8k-startech.com-mod.-dp14mm2m.jpg\" \/>\n\t<meta property=\"og:image:width\" content=\"200\" \/>\n\t<meta property=\"og:image:height\" content=\"200\" \/>\n\t<meta property=\"og:image:type\" content=\"image\/jpeg\" \/>\n<meta name=\"twitter:card\" content=\"summary_large_image\" \/>\n<meta name=\"twitter:label1\" content=\"Precio\" \/>\n\t<meta name=\"twitter:data1\" content=\"&#36;336 con IVA\" \/>\n\t<meta name=\"twitter:label2\" content=\"Availability\" \/>\n\t<meta name=\"twitter:data2\" content=\"In stock\" \/>\n<script type=\"application\/ld+json\" class=\"yoast-schema-graph\">{\"@context\":\"https:\/\/schema.org\",\"@graph\":[{\"@type\":\"WebPage\",\"@id\":\"https:\/\/compuviper.mx\/tienda\/producto\/startech-com-dp14mm2m-cable-de-2m-displayport-1-4-certificado-vesa-8k60hz-hbr3-hdr-cable-de-pantallas-dp-a-dp-cable-displayport-de-8k-mod\/\",\"url\":\"https:\/\/compuviper.mx\/tienda\/producto\/startech-com-dp14mm2m-cable-de-2m-displayport-1-4-certificado-vesa-8k60hz-hbr3-hdr-cable-de-pantallas-dp-a-dp-cable-displayport-de-8k-mod\/\",\"name\":\"[ Startech.com ] &#129351; Dp14mm2m Cable De 2m Displayport 1.4 - Certificado Vesa - 8k60hz - Hbr3 - Hdr - Cable De Pantallas Dp A Dp - Cable Displayport De 8k - Mod.\",\"isPartOf\":{\"@id\":\"https:\/\/compuviper.mx\/tienda\/#website\"},\"datePublished\":\"2026-04-18T05:42:20+00:00\",\"dateModified\":\"2026-04-18T05:42:20+00:00\",\"description\":\"Compra Dp14mm2m Cable De 2m Displayport 1.4 - Certificado Vesa - 8k60hz - Hbr3 - Hdr - Cable De Pantallas Dp A Dp - Cable Displayport De 8k - Mod. + Env\u00edo a domicilio + Pago seguro + Garant\u00eda\",\"breadcrumb\":{\"@id\":\"https:\/\/compuviper.mx\/tienda\/producto\/startech-com-dp14mm2m-cable-de-2m-displayport-1-4-certificado-vesa-8k60hz-hbr3-hdr-cable-de-pantallas-dp-a-dp-cable-displayport-de-8k-mod\/#breadcrumb\"},\"inLanguage\":\"es-MX\",\"potentialAction\":[{\"@type\":\"ReadAction\",\"target\":[\"https:\/\/compuviper.mx\/tienda\/producto\/startech-com-dp14mm2m-cable-de-2m-displayport-1-4-certificado-vesa-8k60hz-hbr3-hdr-cable-de-pantallas-dp-a-dp-cable-displayport-de-8k-mod\/\"]}]},{\"@type\":\"BreadcrumbList\",\"@id\":\"https:\/\/compuviper.mx\/tienda\/producto\/startech-com-dp14mm2m-cable-de-2m-displayport-1-4-certificado-vesa-8k60hz-hbr3-hdr-cable-de-pantallas-dp-a-dp-cable-displayport-de-8k-mod\/#breadcrumb\",\"itemListElement\":[{\"@type\":\"ListItem\",\"position\":1,\"name\":\"Inicio\",\"item\":\"https:\/\/compuviper.mx\/tienda\/\"},{\"@type\":\"ListItem\",\"position\":2,\"name\":\"Productos\",\"item\":\"https:\/\/compuviper.mx\/tienda\/productos\/\"},{\"@type\":\"ListItem\",\"position\":3,\"name\":\"Cables\",\"item\":\"https:\/\/compuviper.mx\/tienda\/categoria-producto\/cables\/\"},{\"@type\":\"ListItem\",\"position\":4,\"name\":\"Cable De Video\",\"item\":\"https:\/\/compuviper.mx\/tienda\/categoria-producto\/cables\/cable-de-video\/\"},{\"@type\":\"ListItem\",\"position\":5,\"name\":\"Startech.com Dp14mm2m Cable De 2m Displayport 1.4 &#8211; Certificado Vesa &#8211; 8k60hz &#8211; Hbr3 &#8211; Hdr &#8211; Cable De Pantallas Dp A Dp &#8211; Cable Displayport De 8k &#8211; Mod.\"}]},{\"@type\":\"WebSite\",\"@id\":\"https:\/\/compuviper.mx\/tienda\/#website\",\"url\":\"https:\/\/compuviper.mx\/tienda\/\",\"name\":\"Compuviper\",\"description\":\"Proveedor de Computadoras, Laptops, Servidores, Monitores, Puntos de Venta, Teclados,   Impresoras, T\u00f3ner, C\u00e1maras de Seguridad y m\u00e1s en tu tienda en l\u00ednea\",\"publisher\":{\"@id\":\"https:\/\/compuviper.mx\/tienda\/#organization\"},\"potentialAction\":[{\"@type\":\"SearchAction\",\"target\":{\"@type\":\"EntryPoint\",\"urlTemplate\":\"https:\/\/compuviper.mx\/tienda\/?s={search_term_string}\"},\"query-input\":\"required name=search_term_string\"}],\"inLanguage\":\"es-MX\"},{\"@type\":\"Organization\",\"@id\":\"https:\/\/compuviper.mx\/tienda\/#organization\",\"name\":\"Compuviper\",\"url\":\"https:\/\/compuviper.mx\/tienda\/\",\"logo\":{\"@type\":\"ImageObject\",\"inLanguage\":\"es-MX\",\"@id\":\"https:\/\/compuviper.mx\/tienda\/#\/schema\/logo\/image\/\",\"url\":\"https:\/\/compuviper.mx\/tienda\/wp-content\/uploads\/2021\/08\/Logo-Compuviper-10.png\",\"contentUrl\":\"https:\/\/compuviper.mx\/tienda\/wp-content\/uploads\/2021\/08\/Logo-Compuviper-10.png\",\"width\":1000,\"height\":500,\"caption\":\"Compuviper\"},\"image\":{\"@id\":\"https:\/\/compuviper.mx\/tienda\/#\/schema\/logo\/image\/\"},\"sameAs\":[\"https:\/\/www.facebook.com\/compuviper\",\"https:\/\/www.youtube.com\/channel\/UCf73dERp9Y3cfOq7q8BhLjA?view_as=subscriber\"]}]}<\/script>\n<meta property=\"product:brand\" content=\"STARTECH.COM\" \/>\n<meta property=\"product:price:amount\" content=\"336\" \/>\n<meta property=\"product:price:currency\" content=\"MXN\" \/>\n<meta property=\"og:availability\" content=\"instock\" \/>\n<meta property=\"product:availability\" content=\"instock\" \/>\n<meta property=\"product:retailer_item_id\" content=\"DP14MM2M\" \/>\n<meta property=\"product:condition\" content=\"new\" \/>\n<!-- \/ Yoast SEO plugin. -->","yoast_head_json":{"title":"[ Startech.com ] &#129351; Dp14mm2m Cable De 2m Displayport 1.4 - Certificado Vesa - 8k60hz - Hbr3 - Hdr - Cable De Pantallas Dp A Dp - Cable Displayport De 8k - Mod.","description":"Compra Dp14mm2m Cable De 2m Displayport 1.4 - Certificado Vesa - 8k60hz - Hbr3 - Hdr - Cable De Pantallas Dp A Dp - Cable Displayport De 8k - Mod. + Env\u00edo a domicilio + Pago seguro + Garant\u00eda","robots":{"index":"index","follow":"follow","max-snippet":"max-snippet:-1","max-image-preview":"max-image-preview:large","max-video-preview":"max-video-preview:-1"},"canonical":"https:\/\/compuviper.mx\/tienda\/producto\/startech-com-dp14mm2m-cable-de-2m-displayport-1-4-certificado-vesa-8k60hz-hbr3-hdr-cable-de-pantallas-dp-a-dp-cable-displayport-de-8k-mod\/","og_locale":"es_MX","og_type":"article","og_title":"[ Startech.com ] &#129351; Dp14mm2m Cable De 2m Displayport 1.4 - Certificado Vesa - 8k60hz - Hbr3 - Hdr - Cable De Pantallas Dp A Dp - Cable Displayport De 8k - Mod.","og_description":"Compra Dp14mm2m Cable De 2m Displayport 1.4 - Certificado Vesa - 8k60hz - Hbr3 - Hdr - Cable De Pantallas Dp A Dp - Cable Displayport De 8k - Mod. + Env\u00edo a domicilio + Pago seguro + Garant\u00eda","og_url":"https:\/\/compuviper.mx\/tienda\/producto\/startech-com-dp14mm2m-cable-de-2m-displayport-1-4-certificado-vesa-8k60hz-hbr3-hdr-cable-de-pantallas-dp-a-dp-cable-displayport-de-8k-mod\/","og_site_name":"Compuviper","article_publisher":"https:\/\/www.facebook.com\/compuviper","og_image":[{"width":200,"height":200,"url":"https:\/\/compuviper.mx\/tienda\/wp-content\/uploads\/2023\/12\/Cable-de-2m-displayport-1.4-certificado-vesa-8k@60hz-hbr3-hdr-cable-de-pantallas-dp-a-dp-cable-displayport-de-8k-startech.com-mod.-dp14mm2m.jpg","type":"image\/jpeg"}],"twitter_card":"summary_large_image","twitter_misc":{"Precio":"&#36;336 con IVA","Availability":"In stock"},"schema":{"@context":"https:\/\/schema.org","@graph":[{"@type":"WebPage","@id":"https:\/\/compuviper.mx\/tienda\/producto\/startech-com-dp14mm2m-cable-de-2m-displayport-1-4-certificado-vesa-8k60hz-hbr3-hdr-cable-de-pantallas-dp-a-dp-cable-displayport-de-8k-mod\/","url":"https:\/\/compuviper.mx\/tienda\/producto\/startech-com-dp14mm2m-cable-de-2m-displayport-1-4-certificado-vesa-8k60hz-hbr3-hdr-cable-de-pantallas-dp-a-dp-cable-displayport-de-8k-mod\/","name":"[ Startech.com ] &#129351; Dp14mm2m Cable De 2m Displayport 1.4 - Certificado Vesa - 8k60hz - Hbr3 - Hdr - Cable De Pantallas Dp A Dp - Cable Displayport De 8k - Mod.","isPartOf":{"@id":"https:\/\/compuviper.mx\/tienda\/#website"},"datePublished":"2026-04-18T05:42:20+00:00","dateModified":"2026-04-18T05:42:20+00:00","description":"Compra Dp14mm2m Cable De 2m Displayport 1.4 - Certificado Vesa - 8k60hz - Hbr3 - Hdr - Cable De Pantallas Dp A Dp - Cable Displayport De 8k - Mod. + Env\u00edo a domicilio + Pago seguro + Garant\u00eda","breadcrumb":{"@id":"https:\/\/compuviper.mx\/tienda\/producto\/startech-com-dp14mm2m-cable-de-2m-displayport-1-4-certificado-vesa-8k60hz-hbr3-hdr-cable-de-pantallas-dp-a-dp-cable-displayport-de-8k-mod\/#breadcrumb"},"inLanguage":"es-MX","potentialAction":[{"@type":"ReadAction","target":["https:\/\/compuviper.mx\/tienda\/producto\/startech-com-dp14mm2m-cable-de-2m-displayport-1-4-certificado-vesa-8k60hz-hbr3-hdr-cable-de-pantallas-dp-a-dp-cable-displayport-de-8k-mod\/"]}]},{"@type":"BreadcrumbList","@id":"https:\/\/compuviper.mx\/tienda\/producto\/startech-com-dp14mm2m-cable-de-2m-displayport-1-4-certificado-vesa-8k60hz-hbr3-hdr-cable-de-pantallas-dp-a-dp-cable-displayport-de-8k-mod\/#breadcrumb","itemListElement":[{"@type":"ListItem","position":1,"name":"Inicio","item":"https:\/\/compuviper.mx\/tienda\/"},{"@type":"ListItem","position":2,"name":"Productos","item":"https:\/\/compuviper.mx\/tienda\/productos\/"},{"@type":"ListItem","position":3,"name":"Cables","item":"https:\/\/compuviper.mx\/tienda\/categoria-producto\/cables\/"},{"@type":"ListItem","position":4,"name":"Cable De Video","item":"https:\/\/compuviper.mx\/tienda\/categoria-producto\/cables\/cable-de-video\/"},{"@type":"ListItem","position":5,"name":"Startech.com Dp14mm2m Cable De 2m Displayport 1.4 &#8211; Certificado Vesa &#8211; 8k60hz &#8211; Hbr3 &#8211; Hdr &#8211; Cable De Pantallas Dp A Dp &#8211; Cable Displayport De 8k &#8211; Mod."}]},{"@type":"WebSite","@id":"https:\/\/compuviper.mx\/tienda\/#website","url":"https:\/\/compuviper.mx\/tienda\/","name":"Compuviper","description":"Proveedor de Computadoras, Laptops, Servidores, Monitores, Puntos de Venta, Teclados,   Impresoras, T\u00f3ner, C\u00e1maras de Seguridad y m\u00e1s en tu tienda en l\u00ednea","publisher":{"@id":"https:\/\/compuviper.mx\/tienda\/#organization"},"potentialAction":[{"@type":"SearchAction","target":{"@type":"EntryPoint","urlTemplate":"https:\/\/compuviper.mx\/tienda\/?s={search_term_string}"},"query-input":"required name=search_term_string"}],"inLanguage":"es-MX"},{"@type":"Organization","@id":"https:\/\/compuviper.mx\/tienda\/#organization","name":"Compuviper","url":"https:\/\/compuviper.mx\/tienda\/","logo":{"@type":"ImageObject","inLanguage":"es-MX","@id":"https:\/\/compuviper.mx\/tienda\/#\/schema\/logo\/image\/","url":"https:\/\/compuviper.mx\/tienda\/wp-content\/uploads\/2021\/08\/Logo-Compuviper-10.png","contentUrl":"https:\/\/compuviper.mx\/tienda\/wp-content\/uploads\/2021\/08\/Logo-Compuviper-10.png","width":1000,"height":500,"caption":"Compuviper"},"image":{"@id":"https:\/\/compuviper.mx\/tienda\/#\/schema\/logo\/image\/"},"sameAs":["https:\/\/www.facebook.com\/compuviper","https:\/\/www.youtube.com\/channel\/UCf73dERp9Y3cfOq7q8BhLjA?view_as=subscriber"]}]},"product_brand":"STARTECH.COM","product_price_amount":"336","product_price_currency":"MXN","og_availability":"instock","product_availability":"instock","product_retailer_item_id":"DP14MM2M","product_condition":"new"},"_links":{"self":[{"href":"https:\/\/compuviper.mx\/tienda\/wp-json\/wp\/v2\/product\/213446"}],"collection":[{"href":"https:\/\/compuviper.mx\/tienda\/wp-json\/wp\/v2\/product"}],"about":[{"href":"https:\/\/compuviper.mx\/tienda\/wp-json\/wp\/v2\/types\/product"}],"replies":[{"embeddable":true,"href":"https:\/\/compuviper.mx\/tienda\/wp-json\/wp\/v2\/comments?post=213446"}],"wp:featuredmedia":[{"embeddable":true,"href":"https:\/\/compuviper.mx\/tienda\/wp-json\/wp\/v2\/media\/213447"}],"wp:attachment":[{"href":"https:\/\/compuviper.mx\/tienda\/wp-json\/wp\/v2\/media?parent=213446"}],"wp:term":[{"taxonomy":"product_cat","embeddable":true,"href":"https:\/\/compuviper.mx\/tienda\/wp-json\/wp\/v2\/product_cat?post=213446"},{"taxonomy":"product_tag","embeddable":true,"href":"https:\/\/compuviper.mx\/tienda\/wp-json\/wp\/v2\/product_tag?post=213446"}],"curies":[{"name":"wp","href":"https:\/\/api.w.org\/{rel}","templated":true}]}}