{"id":213430,"date":"2026-04-01T23:38:29","date_gmt":"2026-04-02T05:38:29","guid":{"rendered":"https:\/\/compuviper.mx\/tienda\/producto\/manhattan-179027-convertidor-usb-a-ps-2-2-puertos-teclado-y-mouse\/"},"modified":"2026-04-01T23:38:29","modified_gmt":"2026-04-02T05:38:29","slug":"manhattan-179027-convertidor-usb-a-ps-2-2-puertos-teclado-y-mouse","status":"publish","type":"product","link":"https:\/\/compuviper.mx\/tienda\/producto\/manhattan-179027-convertidor-usb-a-ps-2-2-puertos-teclado-y-mouse\/","title":{"rendered":"Manhattan 179027 Convertidor Usb,,, A Ps\/2 ,2 Puertos Teclado Y Mouse"},"content":{"rendered":"<table class=\"descripcion\">\n<tr>\n<td>Est\u00e1ndares y certificaciones<\/td>\n<\/tr>\n<tr>\n<td>Ce<\/td>\n<\/tr>\n<tr>\n<td>Fcc<\/td>\n<\/tr>\n<tr>\n<td>Rohs<\/td>\n<\/tr>\n<tr>\n<td>Cumple con usb 1.1<\/td>\n<\/tr>\n<tr>\n<td>Compatible con usb 2.0<\/td>\n<\/tr>\n<tr>\n<td>Cable<\/td>\n<\/tr>\n<tr>\n<td>28 awg<\/td>\n<\/tr>\n<tr>\n<td>Protecci\u00f3n de cable<\/td>\n<\/tr>\n<tr>\n<td>Cable y<\/td>\n<\/tr>\n<tr>\n<td>15 cm<\/td>\n<\/tr>\n<tr>\n<td>Conectores<\/td>\n<\/tr>\n<tr>\n<td>Usb tipo a macho<\/td>\n<\/tr>\n<tr>\n<td>2 ps\/2 (rat\u00f3n y teclado)<\/td>\n<\/tr>\n<tr>\n<td>Forro de pl\u00e1stico t\u00e9rmico<\/td>\n<\/tr>\n<tr>\n<td>Botas de pvc<\/td>\n<\/tr>\n<tr>\n<td>Aspectos el\u00e9ctricos<\/td>\n<\/tr>\n<tr>\n<td>Bus alimentado<\/td>\n<\/tr>\n<tr>\n<td>Resistencia de los contactos: 3 ohms<\/td>\n<\/tr>\n<tr>\n<td>Resistencia de los aislantes: 10 mohms<\/td>\n<\/tr>\n<tr>\n<td>Corriente promedio: 0.5 a<\/td>\n<\/tr>\n<tr>\n<td>Voltaje: 5 v<\/td>\n<\/tr>\n<tr>\n<td>General<\/td>\n<\/tr>\n<tr>\n<td>Longitud (total): 19.5 cm<\/td>\n<\/tr>\n<tr>\n<td>Peso: 25 g<\/td>\n<\/tr>\n<tr>\n<td>Requerimientos del sistema:<\/td>\n<\/tr>\n<tr>\n<td>Equipo con puerto usb<\/td>\n<\/tr>\n<tr>\n<td>Windows xp\/vista\/7\/8.1\/10<\/td>\n<\/tr>\n<tr>\n<td>Contenido del paquete:<\/td>\n<\/tr>\n<tr>\n<td>Adaptador usb a ps\/2 dual<\/td>\n<\/tr>\n<tr>\n<td>Manual del usuario<\/td>\n<\/tr>\n<\/table>\n","protected":false},"excerpt":{"rendered":"<p>F\u00e1cilmente conecta 2 perif\u00e9ricos ps\/2 a una conexi\u00f3n usb. Ideal para conectar teclado y rat\u00f3n de una computadora. Botas moldeadas de pvc con protectores que mantienen las conexiones seguras. Compatible con windows7\/8 y mac &#8211; se instala sin conflictos. Tres a\u00f1os de garant\u00eda<\/p>\n","protected":false},"featured_media":213431,"comment_status":"open","ping_status":"open","template":"","meta":[],"product_cat":[1604,1549],"product_tag":[1487],"acf":[],"yoast_head":"<!-- This site is optimized with the Yoast SEO plugin v21.7 - https:\/\/yoast.com\/wordpress\/plugins\/seo\/ -->\n<title>[ Manhattan ] &#129351; 179027 Convertidor Usb,,, A Ps\/2 ,2 Puertos Teclado Y Mouse<\/title>\n<meta name=\"description\" content=\"Compra 179027 Convertidor Usb,,, A Ps\/2 ,2 Puertos Teclado Y Mouse + Env\u00edo a domicilio + Pago seguro + Garant\u00eda\" \/>\n<meta name=\"robots\" content=\"index, follow, max-snippet:-1, max-image-preview:large, max-video-preview:-1\" \/>\n<link rel=\"canonical\" href=\"https:\/\/compuviper.mx\/tienda\/producto\/manhattan-179027-convertidor-usb-a-ps-2-2-puertos-teclado-y-mouse\/\" \/>\n<meta property=\"og:locale\" content=\"es_MX\" \/>\n<meta property=\"og:type\" content=\"article\" \/>\n<meta property=\"og:title\" content=\"[ Manhattan ] &#129351; 179027 Convertidor Usb,,, A Ps\/2 ,2 Puertos Teclado Y Mouse\" \/>\n<meta property=\"og:description\" content=\"Compra 179027 Convertidor Usb,,, A Ps\/2 ,2 Puertos Teclado Y Mouse + Env\u00edo a domicilio + Pago seguro + Garant\u00eda\" \/>\n<meta property=\"og:url\" content=\"https:\/\/compuviper.mx\/tienda\/producto\/manhattan-179027-convertidor-usb-a-ps-2-2-puertos-teclado-y-mouse\/\" \/>\n<meta property=\"og:site_name\" content=\"Compuviper\" \/>\n<meta property=\"article:publisher\" content=\"https:\/\/www.facebook.com\/compuviper\" \/>\n<meta property=\"og:image\" content=\"https:\/\/compuviper.mx\/tienda\/wp-content\/uploads\/2023\/12\/Convertidor-usbmanhattan179027-a-ps2-2-puertos-teclado-y-mouse.jpg\" \/>\n\t<meta property=\"og:image:width\" content=\"200\" \/>\n\t<meta property=\"og:image:height\" content=\"200\" \/>\n\t<meta property=\"og:image:type\" content=\"image\/jpeg\" \/>\n<meta name=\"twitter:card\" content=\"summary_large_image\" \/>\n<meta name=\"twitter:label1\" content=\"Precio\" \/>\n\t<meta name=\"twitter:data1\" content=\"&#36;126 con IVA\" \/>\n\t<meta name=\"twitter:label2\" content=\"Availability\" \/>\n\t<meta name=\"twitter:data2\" content=\"In stock\" \/>\n<script type=\"application\/ld+json\" class=\"yoast-schema-graph\">{\"@context\":\"https:\/\/schema.org\",\"@graph\":[{\"@type\":\"WebPage\",\"@id\":\"https:\/\/compuviper.mx\/tienda\/producto\/manhattan-179027-convertidor-usb-a-ps-2-2-puertos-teclado-y-mouse\/\",\"url\":\"https:\/\/compuviper.mx\/tienda\/producto\/manhattan-179027-convertidor-usb-a-ps-2-2-puertos-teclado-y-mouse\/\",\"name\":\"[ Manhattan ] &#129351; 179027 Convertidor Usb,,, A Ps\/2 ,2 Puertos Teclado Y Mouse\",\"isPartOf\":{\"@id\":\"https:\/\/compuviper.mx\/tienda\/#website\"},\"datePublished\":\"2026-04-02T05:38:29+00:00\",\"dateModified\":\"2026-04-02T05:38:29+00:00\",\"description\":\"Compra 179027 Convertidor Usb,,, A Ps\/2 ,2 Puertos Teclado Y Mouse + Env\u00edo a domicilio + Pago seguro + Garant\u00eda\",\"breadcrumb\":{\"@id\":\"https:\/\/compuviper.mx\/tienda\/producto\/manhattan-179027-convertidor-usb-a-ps-2-2-puertos-teclado-y-mouse\/#breadcrumb\"},\"inLanguage\":\"es-MX\",\"potentialAction\":[{\"@type\":\"ReadAction\",\"target\":[\"https:\/\/compuviper.mx\/tienda\/producto\/manhattan-179027-convertidor-usb-a-ps-2-2-puertos-teclado-y-mouse\/\"]}]},{\"@type\":\"BreadcrumbList\",\"@id\":\"https:\/\/compuviper.mx\/tienda\/producto\/manhattan-179027-convertidor-usb-a-ps-2-2-puertos-teclado-y-mouse\/#breadcrumb\",\"itemListElement\":[{\"@type\":\"ListItem\",\"position\":1,\"name\":\"Inicio\",\"item\":\"https:\/\/compuviper.mx\/tienda\/\"},{\"@type\":\"ListItem\",\"position\":2,\"name\":\"Productos\",\"item\":\"https:\/\/compuviper.mx\/tienda\/productos\/\"},{\"@type\":\"ListItem\",\"position\":3,\"name\":\"Cables\",\"item\":\"https:\/\/compuviper.mx\/tienda\/categoria-producto\/cables\/\"},{\"@type\":\"ListItem\",\"position\":4,\"name\":\"Cable De Datos\",\"item\":\"https:\/\/compuviper.mx\/tienda\/categoria-producto\/cables\/cable-de-datos\/\"},{\"@type\":\"ListItem\",\"position\":5,\"name\":\"Manhattan 179027 Convertidor Usb,,, A Ps\/2 ,2 Puertos Teclado Y Mouse\"}]},{\"@type\":\"WebSite\",\"@id\":\"https:\/\/compuviper.mx\/tienda\/#website\",\"url\":\"https:\/\/compuviper.mx\/tienda\/\",\"name\":\"Compuviper\",\"description\":\"Proveedor de Computadoras, Laptops, Servidores, Monitores, Puntos de Venta, Teclados,   Impresoras, T\u00f3ner, C\u00e1maras de Seguridad y m\u00e1s en tu tienda en l\u00ednea\",\"publisher\":{\"@id\":\"https:\/\/compuviper.mx\/tienda\/#organization\"},\"potentialAction\":[{\"@type\":\"SearchAction\",\"target\":{\"@type\":\"EntryPoint\",\"urlTemplate\":\"https:\/\/compuviper.mx\/tienda\/?s={search_term_string}\"},\"query-input\":\"required name=search_term_string\"}],\"inLanguage\":\"es-MX\"},{\"@type\":\"Organization\",\"@id\":\"https:\/\/compuviper.mx\/tienda\/#organization\",\"name\":\"Compuviper\",\"url\":\"https:\/\/compuviper.mx\/tienda\/\",\"logo\":{\"@type\":\"ImageObject\",\"inLanguage\":\"es-MX\",\"@id\":\"https:\/\/compuviper.mx\/tienda\/#\/schema\/logo\/image\/\",\"url\":\"https:\/\/compuviper.mx\/tienda\/wp-content\/uploads\/2021\/08\/Logo-Compuviper-10.png\",\"contentUrl\":\"https:\/\/compuviper.mx\/tienda\/wp-content\/uploads\/2021\/08\/Logo-Compuviper-10.png\",\"width\":1000,\"height\":500,\"caption\":\"Compuviper\"},\"image\":{\"@id\":\"https:\/\/compuviper.mx\/tienda\/#\/schema\/logo\/image\/\"},\"sameAs\":[\"https:\/\/www.facebook.com\/compuviper\",\"https:\/\/www.youtube.com\/channel\/UCf73dERp9Y3cfOq7q8BhLjA?view_as=subscriber\"]}]}<\/script>\n<meta property=\"product:brand\" content=\"MANHATTAN\" \/>\n<meta property=\"product:price:amount\" content=\"126\" \/>\n<meta property=\"product:price:currency\" content=\"MXN\" \/>\n<meta property=\"og:availability\" content=\"instock\" \/>\n<meta property=\"product:availability\" content=\"instock\" \/>\n<meta property=\"product:retailer_item_id\" content=\"179027\" \/>\n<meta property=\"product:condition\" content=\"new\" \/>\n<!-- \/ Yoast SEO plugin. -->","yoast_head_json":{"title":"[ Manhattan ] &#129351; 179027 Convertidor Usb,,, A Ps\/2 ,2 Puertos Teclado Y Mouse","description":"Compra 179027 Convertidor Usb,,, A Ps\/2 ,2 Puertos Teclado Y Mouse + Env\u00edo a domicilio + Pago seguro + Garant\u00eda","robots":{"index":"index","follow":"follow","max-snippet":"max-snippet:-1","max-image-preview":"max-image-preview:large","max-video-preview":"max-video-preview:-1"},"canonical":"https:\/\/compuviper.mx\/tienda\/producto\/manhattan-179027-convertidor-usb-a-ps-2-2-puertos-teclado-y-mouse\/","og_locale":"es_MX","og_type":"article","og_title":"[ Manhattan ] &#129351; 179027 Convertidor Usb,,, A Ps\/2 ,2 Puertos Teclado Y Mouse","og_description":"Compra 179027 Convertidor Usb,,, A Ps\/2 ,2 Puertos Teclado Y Mouse + Env\u00edo a domicilio + Pago seguro + Garant\u00eda","og_url":"https:\/\/compuviper.mx\/tienda\/producto\/manhattan-179027-convertidor-usb-a-ps-2-2-puertos-teclado-y-mouse\/","og_site_name":"Compuviper","article_publisher":"https:\/\/www.facebook.com\/compuviper","og_image":[{"width":200,"height":200,"url":"https:\/\/compuviper.mx\/tienda\/wp-content\/uploads\/2023\/12\/Convertidor-usbmanhattan179027-a-ps2-2-puertos-teclado-y-mouse.jpg","type":"image\/jpeg"}],"twitter_card":"summary_large_image","twitter_misc":{"Precio":"&#36;126 con IVA","Availability":"In stock"},"schema":{"@context":"https:\/\/schema.org","@graph":[{"@type":"WebPage","@id":"https:\/\/compuviper.mx\/tienda\/producto\/manhattan-179027-convertidor-usb-a-ps-2-2-puertos-teclado-y-mouse\/","url":"https:\/\/compuviper.mx\/tienda\/producto\/manhattan-179027-convertidor-usb-a-ps-2-2-puertos-teclado-y-mouse\/","name":"[ Manhattan ] &#129351; 179027 Convertidor Usb,,, A Ps\/2 ,2 Puertos Teclado Y Mouse","isPartOf":{"@id":"https:\/\/compuviper.mx\/tienda\/#website"},"datePublished":"2026-04-02T05:38:29+00:00","dateModified":"2026-04-02T05:38:29+00:00","description":"Compra 179027 Convertidor Usb,,, A Ps\/2 ,2 Puertos Teclado Y Mouse + Env\u00edo a domicilio + Pago seguro + Garant\u00eda","breadcrumb":{"@id":"https:\/\/compuviper.mx\/tienda\/producto\/manhattan-179027-convertidor-usb-a-ps-2-2-puertos-teclado-y-mouse\/#breadcrumb"},"inLanguage":"es-MX","potentialAction":[{"@type":"ReadAction","target":["https:\/\/compuviper.mx\/tienda\/producto\/manhattan-179027-convertidor-usb-a-ps-2-2-puertos-teclado-y-mouse\/"]}]},{"@type":"BreadcrumbList","@id":"https:\/\/compuviper.mx\/tienda\/producto\/manhattan-179027-convertidor-usb-a-ps-2-2-puertos-teclado-y-mouse\/#breadcrumb","itemListElement":[{"@type":"ListItem","position":1,"name":"Inicio","item":"https:\/\/compuviper.mx\/tienda\/"},{"@type":"ListItem","position":2,"name":"Productos","item":"https:\/\/compuviper.mx\/tienda\/productos\/"},{"@type":"ListItem","position":3,"name":"Cables","item":"https:\/\/compuviper.mx\/tienda\/categoria-producto\/cables\/"},{"@type":"ListItem","position":4,"name":"Cable De Datos","item":"https:\/\/compuviper.mx\/tienda\/categoria-producto\/cables\/cable-de-datos\/"},{"@type":"ListItem","position":5,"name":"Manhattan 179027 Convertidor Usb,,, A Ps\/2 ,2 Puertos Teclado Y Mouse"}]},{"@type":"WebSite","@id":"https:\/\/compuviper.mx\/tienda\/#website","url":"https:\/\/compuviper.mx\/tienda\/","name":"Compuviper","description":"Proveedor de Computadoras, Laptops, Servidores, Monitores, Puntos de Venta, Teclados,   Impresoras, T\u00f3ner, C\u00e1maras de Seguridad y m\u00e1s en tu tienda en l\u00ednea","publisher":{"@id":"https:\/\/compuviper.mx\/tienda\/#organization"},"potentialAction":[{"@type":"SearchAction","target":{"@type":"EntryPoint","urlTemplate":"https:\/\/compuviper.mx\/tienda\/?s={search_term_string}"},"query-input":"required name=search_term_string"}],"inLanguage":"es-MX"},{"@type":"Organization","@id":"https:\/\/compuviper.mx\/tienda\/#organization","name":"Compuviper","url":"https:\/\/compuviper.mx\/tienda\/","logo":{"@type":"ImageObject","inLanguage":"es-MX","@id":"https:\/\/compuviper.mx\/tienda\/#\/schema\/logo\/image\/","url":"https:\/\/compuviper.mx\/tienda\/wp-content\/uploads\/2021\/08\/Logo-Compuviper-10.png","contentUrl":"https:\/\/compuviper.mx\/tienda\/wp-content\/uploads\/2021\/08\/Logo-Compuviper-10.png","width":1000,"height":500,"caption":"Compuviper"},"image":{"@id":"https:\/\/compuviper.mx\/tienda\/#\/schema\/logo\/image\/"},"sameAs":["https:\/\/www.facebook.com\/compuviper","https:\/\/www.youtube.com\/channel\/UCf73dERp9Y3cfOq7q8BhLjA?view_as=subscriber"]}]},"product_brand":"MANHATTAN","product_price_amount":"126","product_price_currency":"MXN","og_availability":"instock","product_availability":"instock","product_retailer_item_id":"179027","product_condition":"new"},"_links":{"self":[{"href":"https:\/\/compuviper.mx\/tienda\/wp-json\/wp\/v2\/product\/213430"}],"collection":[{"href":"https:\/\/compuviper.mx\/tienda\/wp-json\/wp\/v2\/product"}],"about":[{"href":"https:\/\/compuviper.mx\/tienda\/wp-json\/wp\/v2\/types\/product"}],"replies":[{"embeddable":true,"href":"https:\/\/compuviper.mx\/tienda\/wp-json\/wp\/v2\/comments?post=213430"}],"wp:featuredmedia":[{"embeddable":true,"href":"https:\/\/compuviper.mx\/tienda\/wp-json\/wp\/v2\/media\/213431"}],"wp:attachment":[{"href":"https:\/\/compuviper.mx\/tienda\/wp-json\/wp\/v2\/media?parent=213430"}],"wp:term":[{"taxonomy":"product_cat","embeddable":true,"href":"https:\/\/compuviper.mx\/tienda\/wp-json\/wp\/v2\/product_cat?post=213430"},{"taxonomy":"product_tag","embeddable":true,"href":"https:\/\/compuviper.mx\/tienda\/wp-json\/wp\/v2\/product_tag?post=213430"}],"curies":[{"name":"wp","href":"https:\/\/api.w.org\/{rel}","templated":true}]}}